{"id":13566,"date":"2024-03-27T16:44:51","date_gmt":"2024-03-27T16:44:51","guid":{"rendered":"https:\/\/alphalearning.com\/unsere-dienstleistungen\/professional-application-course\/"},"modified":"2025-07-24T13:53:26","modified_gmt":"2025-07-24T12:53:26","slug":"berufsanwendungskurs","status":"publish","type":"page","link":"https:\/\/alphalearning.com\/de\/unsere-dienstleistungen\/berufsanwendungskurs\/","title":{"rendered":"Berufsanwendungskurs"},"content":{"rendered":"\n<div class=\"wp-block-uagb-advanced-heading uagb-block-46d2fee2\"><h1 class=\"uagb-heading-text\">Berufsanwendungskurs<\/h1><\/div>\n\n\n\n<div class=\"wp-block-uagb-container uagb-block-cbd21ef5 alignfull uagb-is-root-container\"><div class=\"uagb-container-inner-blocks-wrap\">\n<div class=\"wp-block-uagb-advanced-heading uagb-block-feb16430\"><h2 class=\"uagb-heading-text\">Warum der <em>Berufsanwendungskurs<\/em>?<\/h2><\/div>\n\n\n\n<p>Der <strong>Berufsanwendungskurs<\/strong> wurde speziell f\u00fcr Fachleute entwickelt, die <strong>Alphalearnings hochmoderne Ausstattung und Techniken<\/strong> in ihre berufliche Praxis integrieren m\u00f6chten. Dieser ma\u00dfgeschneiderte F\u00fcnf-Tage-Kurs, der f\u00fcr <strong>1 bis 4 Teilnehmende<\/strong> geeignet ist, erweitert nicht nur Ihr berufliches Repertoire, sondern st\u00e4rkt auch Ihre pers\u00f6nlichen kognitiven F\u00e4higkeiten \u2013 \u00e4hnlich wie bei den Teilnehmenden unserer Individual- oder Familienkurse.<\/p>\n\n\n\n<div class=\"wp-block-uagb-advanced-heading uagb-block-20ffead5\"><h2 class=\"uagb-heading-text\">\u00dcber diesen Kurs<\/h2><\/div>\n\n\n\n<p>Dieser Kurs legt den Fokus auf die <strong>professionellen Anwendung<\/strong> des <strong>Brainwave-III-Systems<\/strong> und der <strong>Alphalearning-Techniken<\/strong>. Voraussetzung f\u00fcr die Teilnahme ist der Erwerb eines kompletten Brainwave-III-Systems f\u00fcr jeden repr\u00e4sentierten Standort, um die Alphalearning-Methoden in einem professionellen Kontext anwenden zu k\u00f6nnen. \u00dcber die berufliche Weiterentwicklung hinaus erm\u00f6glicht er den Teilnehmenden eine tiefgreifende pers\u00f6nliche Entfaltung und die F\u00e4higkeit, ihre Gehirnfrequenzen zu steuern und so ihre kognitiven Leistungen zu steigern.<\/p>\n\n\n\n<div class=\"wp-block-uagb-advanced-heading uagb-block-a2945d14\"><h2 class=\"uagb-heading-text\">F\u00fcr wen ist dieser Kurs geeignet?<\/h2><\/div>\n\n\n\n<p>Er ist ideal f\u00fcr <strong>\u00c4rzte, Psychologen, Therapeuten, P\u00e4dagogen<\/strong> und andere Fachkr\u00e4fte, die <strong>Neurofeedback- und kognitive Optimierungsmethoden<\/strong> in ihre Dienstleistungen integrieren m\u00f6chten. Gleichzeitig profitieren sie selbst von einer verbesserten pers\u00f6nlichen Gesundheit und gesteigerter beruflicher Kompetenz.<\/p>\n\n\n\n<div class=\"wp-block-uagb-advanced-heading uagb-block-a087c216\"><h2 class=\"uagb-heading-text\">Kursaufbau<\/h2><\/div>\n\n\n\n<p>Dieser intensive <strong>F\u00fcnf-Tage-Kurs<\/strong> ist darauf ausgerichtet, den spezifischen Bed\u00fcrfnissen von Fachleuten gerecht zu werden. Die Teilnehmenden setzen sich sowohl mit den theoretischen Grundlagen als auch mit der praktischen Anwendung der <strong>Brainwave-III-Technologie<\/strong> auseinander und erwerben ein umfassendes Verst\u00e4ndnis, um die Techniken erfolgreich im beruflichen Umfeld und f\u00fcr die pers\u00f6nliche Weiterentwicklung einzusetzen.<\/p>\n\n\n\n<div class=\"wp-block-uagb-advanced-heading uagb-block-dd6511ed\"><h2 class=\"uagb-heading-text\">Was Sie lernen werden<\/h2><\/div>\n\n\n\n<ul class=\"wp-block-list\">\n<li>Umfassendes Verst\u00e4ndnis und Anwendung von <strong>Alphalearning-Techniken<\/strong> f\u00fcr den beruflichen und privaten Einsatz.<\/li>\n\n\n\n<li>Effektiver Einsatz des <strong>Brainwave-III-Systems<\/strong> zur Steigerung von mentaler Klarheit, Konzentration und Lerneffizienz.<\/li>\n\n\n\n<li><strong>Direktes Anwenden des Brainwave-III-Systems,<\/strong> damit Sie sicher und souver\u00e4n in zuk\u00fcnftige Schulungen und Anwendungen starten k\u00f6nnen.<\/li>\n\n\n\n<li>Strategien zur Verbesserung von <strong>Ged\u00e4chtnis, Lesegeschwindigkeit, Verst\u00e4ndnis und Stressmanagement.<\/strong><\/li>\n\n\n\n<li>Techniken zur gezielten Steuerung Ihres Gehirns auf alle vier Haupt-Gehirnwellenfrequenzen: <strong>Delta, Theta, Alpha<\/strong> und <strong>Beta.<\/strong><\/li>\n<\/ul>\n\n\n\n<div class=\"wp-block-uagb-advanced-heading uagb-block-6fe66c83\"><h2 class=\"uagb-heading-text\">Zus\u00e4tzliche Vorteile des Kurses<\/h2><\/div>\n\n\n\n<p>Neben Ihrer beruflichen Weiterentwicklung bietet Ihnen die Teilnahme am <strong>Berufsanwendungskurs<\/strong> auch bedeutende pers\u00f6nliche Vorteile:<\/p>\n\n\n\n<ul class=\"wp-block-list\">\n<li><strong>F\u00e4higkeit, Gehirnwellenfrequenzen zu steuern<\/strong> f\u00fcr tiefe Entspannung, verbessertes Ged\u00e4chtnis, effektiveres Lernen und fundiertere Entscheidungen.<\/li>\n\n\n\n<li><strong>Gest\u00e4rkte kognitive F\u00e4higkeiten<\/strong> und gesteigerter IQ f\u00fcr beruflichen und pers\u00f6nlichen Erfolg.<\/li>\n\n\n\n<li><strong>Solide Grundlage<\/strong> f\u00fcr lebenslanges Lernen und pers\u00f6nliche Weiterentwicklung \u2013 zus\u00e4tzlich zur beruflichen Anwendung.<\/li>\n\n\n\n<li><strong>Exklusiver Zugang<\/strong> zu Alphalearning-Technologie und -Techniken, die einen neuen Standard in kognitiven Optimierungsangeboten setzen.<\/li>\n\n\n\n<li>Erweiterte berufliche Dienstleistungen mit innovativen L\u00f6sungen f\u00fcr kognitive und Lernherausforderungen, die Ihnen <strong>einen Wettbewerbsvorteil in Ihrem Bereich<\/strong> verschaffen.<\/li>\n<\/ul>\n\n\n\n<div class=\"wp-block-uagb-advanced-heading uagb-block-f962d272\"><h2 class=\"uagb-heading-text\">Wie Sie sich anmelden<\/h2><\/div>\n\n\n\n<p>Fachleute, die in ihrer Praxis neue Wege beschreiten m\u00f6chten, sind eingeladen, diesen Weg mit Alphalearning zu beginnen. Gestalten Sie Ihre berufliche Weiterentwicklung mit unserem einzigartigen <strong>Berufsanwendungskurs<\/strong>, der nicht nur Ihre Arbeit bereichert, sondern auch Ihre pers\u00f6nlichen kognitiven F\u00e4higkeiten st\u00e4rkt. <a href=\"https:\/\/alphalearning.com\/personalised-consultation\/\"><strong>Buchen Sie Ihre Personalisierte Beratung noch heute und beginnen Sie Ihre transformative Reise.<\/strong><\/a><\/p>\n<\/div><\/div>\n\n\n\n<div class=\"wp-block-uagb-container uagb-block-e7248b38 alignfull uagb-is-root-container\"><div class=\"uagb-container-inner-blocks-wrap\">\n<div class=\"wp-block-uagb-container uagb-block-1ec55a6b\">\n<div class=\"wp-block-uagb-buttons uagb-buttons__outer-wrap uagb-btn__default-btn uagb-btn-tablet__default-btn uagb-btn-mobile__default-btn uagb-block-379c62b6\"><div class=\"uagb-buttons__wrap uagb-buttons-layout-wrap \">\n<div class=\"wp-block-uagb-buttons-child uagb-buttons__outer-wrap uagb-block-31b8dfca wp-block-button\"><div class=\"uagb-button__wrapper\"><a class=\"uagb-buttons-repeater wp-block-button__link\" aria-label=\"\" href=\"https:\/\/alphalearning.com\/de\/personalisierte-beratung\/\" rel=\"nofollow noopener\" target=\"_self\" role=\"button\"><div class=\"uagb-button__link\">Buchen Sie Ihre Personalisierte Beratung<\/div><\/a><\/div><\/div>\n<\/div><\/div>\n<\/div>\n\n\n\n<div class=\"wp-block-uagb-container uagb-block-18fb636a\">\n<div class=\"wp-block-uagb-buttons uagb-buttons__outer-wrap uagb-btn__default-btn uagb-btn-tablet__default-btn uagb-btn-mobile__default-btn uagb-block-cc81ba1e\"><div class=\"uagb-buttons__wrap uagb-buttons-layout-wrap \">\n<div class=\"wp-block-uagb-buttons-child uagb-buttons__outer-wrap uagb-block-248d2c85 wp-block-button\"><div class=\"uagb-button__wrapper\"><a class=\"uagb-buttons-repeater wp-block-button__link\" aria-label=\"\" href=\"https:\/\/alphalearning.com\/de\/kursanmeldung\/\" rel=\"nofollow noopener\" target=\"_self\" role=\"button\"><div class=\"uagb-button__link\">Ich bin bereit zur Anmeldung<\/div><\/a><\/div><\/div>\n<\/div><\/div>\n<\/div>\n<\/div><\/div>\n\n\n\n<div class=\"wp-block-uagb-container uagb-block-3de2eb10 alignfull uagb-is-root-container\"><div class=\"uagb-container-inner-blocks-wrap\">\n<hr class=\"wp-block-separator has-text-color has-alpha-channel-opacity has-background is-style-wide\" style=\"background-color:#f4524d;color:#f4524d\"\/>\n\n\n\n<p class=\"has-text-align-right\"><strong>Zus\u00e4tzliche Lekt\u00fcre:<\/strong><br><a href=\"https:\/\/alphalearning.com\/de\/kommentare-von-alphalearning-klienten\/\">Kommentare von Alphalearning-Klienten<\/a><br><a href=\"https:\/\/alphalearning.com\/de\/weltpresse\/\">Alphalearning in der Weltpresse<\/a><br><a href=\"https:\/\/alphalearning.com\/de\/einfuehrung-zur-gehirnbalance\/\">Einf\u00fchrung in die Gehirnbalance<\/a><br><a href=\"https:\/\/alphalearning.com\/de\/was-sind-die-alpha-und-theta-gehirnwellen\/\">Was sind Alpha- und Theta-Gehirnwellen?<\/a><\/p>\n<\/div><\/div>\n","protected":false},"excerpt":{"rendered":"<p>Berufsanwendungskurs Warum der Berufsanwendungskurs? Der Berufsanwendungskurs wurde speziell f\u00fcr Fachleute entwickelt, die Alphalearnings hochmoderne Ausstattung und Techniken in ihre berufliche [&hellip;]<\/p>\n","protected":false},"author":2,"featured_media":0,"parent":13513,"menu_order":535,"comment_status":"closed","ping_status":"closed","template":"","meta":{"_uag_custom_page_level_css":"","site-sidebar-layout":"default","site-content-layout":"","ast-site-content-layout":"default","site-content-style":"default","site-sidebar-style":"default","ast-global-header-display":"","ast-banner-title-visibility":"","ast-main-header-display":"","ast-hfb-above-header-display":"","ast-hfb-below-header-display":"","ast-hfb-mobile-header-display":"","site-post-title":"disabled","ast-breadcrumbs-content":"","ast-featured-img":"","footer-sml-layout":"","ast-disable-related-posts":"","theme-transparent-header-meta":"","adv-header-id-meta":"","stick-header-meta":"","header-above-stick-meta":"","header-main-stick-meta":"","header-below-stick-meta":"","astra-migrate-meta-layouts":"default","ast-page-background-enabled":"default","ast-page-background-meta":{"desktop":{"background-color":"var(--ast-global-color-4)","background-image":"","background-repeat":"repeat","background-position":"center center","background-size":"auto","background-attachment":"scroll","background-type":"","background-media":"","overlay-type":"","overlay-color":"","overlay-opacity":"","overlay-gradient":""},"tablet":{"background-color":"","background-image":"","background-repeat":"repeat","background-position":"center center","background-size":"auto","background-attachment":"scroll","background-type":"","background-media":"","overlay-type":"","overlay-color":"","overlay-opacity":"","overlay-gradient":""},"mobile":{"background-color":"","background-image":"","background-repeat":"repeat","background-position":"center center","background-size":"auto","background-attachment":"scroll","background-type":"","background-media":"","overlay-type":"","overlay-color":"","overlay-opacity":"","overlay-gradient":""}},"ast-content-background-meta":{"desktop":{"background-color":"var(--ast-global-color-5)","background-image":"","background-repeat":"repeat","background-position":"center center","background-size":"auto","background-attachment":"scroll","background-type":"","background-media":"","overlay-type":"","overlay-color":"","overlay-opacity":"","overlay-gradient":""},"tablet":{"background-color":"var(--ast-global-color-5)","background-image":"","background-repeat":"repeat","background-position":"center center","background-size":"auto","background-attachment":"scroll","background-type":"","background-media":"","overlay-type":"","overlay-color":"","overlay-opacity":"","overlay-gradient":""},"mobile":{"background-color":"var(--ast-global-color-5)","background-image":"","background-repeat":"repeat","background-position":"center center","background-size":"auto","background-attachment":"scroll","background-type":"","background-media":"","overlay-type":"","overlay-color":"","overlay-opacity":"","overlay-gradient":""}},"footnotes":""},"class_list":["post-13566","page","type-page","status-publish","hentry"],"yoast_head":"<!-- This site is optimized with the Yoast SEO plugin v27.1.1 - https:\/\/yoast.com\/product\/yoast-seo-wordpress\/ -->\n<title>Alphalearnings Berufsanwendungskurs | Verbessern Sie Ihre Praxis<\/title>\n<meta name=\"description\" content=\"Gehen Sie \u00fcber traditionelle Grenzen hinaus: Verbessern Sie Ihre berufliche Praxis mit Alphalearnings fortschrittlichen Techniken und dem Brainwave-III-System.\" \/>\n<meta name=\"robots\" content=\"index, follow, max-snippet:-1, max-image-preview:large, max-video-preview:-1\" \/>\n<link rel=\"canonical\" href=\"https:\/\/alphalearning.com\/de\/unsere-dienstleistungen\/berufsanwendungskurs\/\" \/>\n<meta property=\"og:locale\" content=\"de_DE\" \/>\n<meta property=\"og:type\" content=\"article\" \/>\n<meta property=\"og:title\" content=\"Alphalearnings Berufsanwendungskurs | Verbessern Sie Ihre Praxis\" \/>\n<meta property=\"og:description\" content=\"Gehen Sie \u00fcber traditionelle Grenzen hinaus: Verbessern Sie Ihre berufliche Praxis mit Alphalearnings fortschrittlichen Techniken und dem Brainwave-III-System.\" \/>\n<meta property=\"og:url\" content=\"https:\/\/alphalearning.com\/de\/unsere-dienstleistungen\/berufsanwendungskurs\/\" \/>\n<meta property=\"og:site_name\" content=\"Alphalearning International\" \/>\n<meta property=\"article:modified_time\" content=\"2025-07-24T12:53:26+00:00\" \/>\n<meta property=\"og:image\" content=\"https:\/\/alphalearning.com\/wp-content\/uploads\/2024\/04\/alphalearning-logo_red_1200x675px.png\" \/>\n\t<meta property=\"og:image:width\" content=\"1200\" \/>\n\t<meta property=\"og:image:height\" content=\"675\" \/>\n\t<meta property=\"og:image:type\" content=\"image\/png\" \/>\n<meta name=\"twitter:card\" content=\"summary_large_image\" \/>\n<meta name=\"twitter:label1\" content=\"Est. reading time\" \/>\n\t<meta name=\"twitter:data1\" content=\"2 minutes\" \/>\n<!-- \/ Yoast SEO plugin. -->","yoast_head_json":{"title":"Alphalearnings Berufsanwendungskurs | Verbessern Sie Ihre Praxis","description":"Gehen Sie \u00fcber traditionelle Grenzen hinaus: Verbessern Sie Ihre berufliche Praxis mit Alphalearnings fortschrittlichen Techniken und dem Brainwave-III-System.","robots":{"index":"index","follow":"follow","max-snippet":"max-snippet:-1","max-image-preview":"max-image-preview:large","max-video-preview":"max-video-preview:-1"},"canonical":"https:\/\/alphalearning.com\/de\/unsere-dienstleistungen\/berufsanwendungskurs\/","og_locale":"de_DE","og_type":"article","og_title":"Alphalearnings Berufsanwendungskurs | Verbessern Sie Ihre Praxis","og_description":"Gehen Sie \u00fcber traditionelle Grenzen hinaus: Verbessern Sie Ihre berufliche Praxis mit Alphalearnings fortschrittlichen Techniken und dem Brainwave-III-System.","og_url":"https:\/\/alphalearning.com\/de\/unsere-dienstleistungen\/berufsanwendungskurs\/","og_site_name":"Alphalearning International","article_modified_time":"2025-07-24T12:53:26+00:00","og_image":[{"width":1200,"height":675,"url":"https:\/\/alphalearning.com\/wp-content\/uploads\/2024\/04\/alphalearning-logo_red_1200x675px.png","type":"image\/png"}],"twitter_card":"summary_large_image","twitter_misc":{"Est. reading time":"2 minutes"},"schema":{"@context":"https:\/\/schema.org","@graph":[{"@type":"WebPage","@id":"https:\/\/alphalearning.com\/de\/unsere-dienstleistungen\/berufsanwendungskurs\/","url":"https:\/\/alphalearning.com\/de\/unsere-dienstleistungen\/berufsanwendungskurs\/","name":"Alphalearnings Berufsanwendungskurs | Verbessern Sie Ihre Praxis","isPartOf":{"@id":"https:\/\/alphalearning.com\/de\/#website"},"datePublished":"2024-03-27T16:44:51+00:00","dateModified":"2025-07-24T12:53:26+00:00","description":"Gehen Sie \u00fcber traditionelle Grenzen hinaus: Verbessern Sie Ihre berufliche Praxis mit Alphalearnings fortschrittlichen Techniken und dem Brainwave-III-System.","breadcrumb":{"@id":"https:\/\/alphalearning.com\/de\/unsere-dienstleistungen\/berufsanwendungskurs\/#breadcrumb"},"inLanguage":"de","potentialAction":[{"@type":"ReadAction","target":["https:\/\/alphalearning.com\/de\/unsere-dienstleistungen\/berufsanwendungskurs\/"]}]},{"@type":"BreadcrumbList","@id":"https:\/\/alphalearning.com\/de\/unsere-dienstleistungen\/berufsanwendungskurs\/#breadcrumb","itemListElement":[{"@type":"ListItem","position":1,"name":"Home","item":"https:\/\/alphalearning.com\/de\/"},{"@type":"ListItem","position":2,"name":"Unsere Dienstleistungen","item":"https:\/\/alphalearning.com\/de\/unsere-dienstleistungen\/"},{"@type":"ListItem","position":3,"name":"Berufsanwendungskurs"}]},{"@type":"WebSite","@id":"https:\/\/alphalearning.com\/de\/#website","url":"https:\/\/alphalearning.com\/de\/","name":"Alphalearning International","description":"the brain training institute","publisher":{"@id":"https:\/\/alphalearning.com\/de\/#organization"},"potentialAction":[{"@type":"SearchAction","target":{"@type":"EntryPoint","urlTemplate":"https:\/\/alphalearning.com\/de\/?s={search_term_string}"},"query-input":{"@type":"PropertyValueSpecification","valueRequired":true,"valueName":"search_term_string"}}],"inLanguage":"de"},{"@type":"Organization","@id":"https:\/\/alphalearning.com\/de\/#organization","name":"Alphalearning International","url":"https:\/\/alphalearning.com\/de\/","logo":{"@type":"ImageObject","inLanguage":"de","@id":"https:\/\/alphalearning.com\/de\/#\/schema\/logo\/image\/","url":"https:\/\/alphalearning.com\/wp-content\/uploads\/2024\/03\/alphalearning_ico2_512px.png","contentUrl":"https:\/\/alphalearning.com\/wp-content\/uploads\/2024\/03\/alphalearning_ico2_512px.png","width":512,"height":512,"caption":"Alphalearning International"},"image":{"@id":"https:\/\/alphalearning.com\/de\/#\/schema\/logo\/image\/"}}]}},"uagb_featured_image_src":{"full":false,"thumbnail":false,"medium":false,"medium_large":false,"large":false,"1536x1536":false,"2048x2048":false,"gform-image-choice-sm":false,"gform-image-choice-md":false,"gform-image-choice-lg":false},"uagb_author_info":{"display_name":"Julio Machado","author_link":"https:\/\/alphalearning.com\/de\/author\/julio-machado\/"},"uagb_comment_info":0,"uagb_excerpt":"Berufsanwendungskurs Warum der Berufsanwendungskurs? Der Berufsanwendungskurs wurde speziell f\u00fcr Fachleute entwickelt, die Alphalearnings hochmoderne Ausstattung und Techniken in ihre berufliche [&hellip;]","_links":{"self":[{"href":"https:\/\/alphalearning.com\/de\/wp-json\/wp\/v2\/pages\/13566","targetHints":{"allow":["GET"]}}],"collection":[{"href":"https:\/\/alphalearning.com\/de\/wp-json\/wp\/v2\/pages"}],"about":[{"href":"https:\/\/alphalearning.com\/de\/wp-json\/wp\/v2\/types\/page"}],"author":[{"embeddable":true,"href":"https:\/\/alphalearning.com\/de\/wp-json\/wp\/v2\/users\/2"}],"replies":[{"embeddable":true,"href":"https:\/\/alphalearning.com\/de\/wp-json\/wp\/v2\/comments?post=13566"}],"version-history":[{"count":5,"href":"https:\/\/alphalearning.com\/de\/wp-json\/wp\/v2\/pages\/13566\/revisions"}],"predecessor-version":[{"id":16681,"href":"https:\/\/alphalearning.com\/de\/wp-json\/wp\/v2\/pages\/13566\/revisions\/16681"}],"up":[{"embeddable":true,"href":"https:\/\/alphalearning.com\/de\/wp-json\/wp\/v2\/pages\/13513"}],"wp:attachment":[{"href":"https:\/\/alphalearning.com\/de\/wp-json\/wp\/v2\/media?parent=13566"}],"curies":[{"name":"wp","href":"https:\/\/api.w.org\/{rel}","templated":true}]}}