{"id":13559,"date":"2024-03-27T16:44:36","date_gmt":"2024-03-27T16:44:36","guid":{"rendered":"https:\/\/alphalearning.com\/unsere-dienstleistungen\/intensive-private-course\/"},"modified":"2025-07-24T13:46:55","modified_gmt":"2025-07-24T12:46:55","slug":"intensiver-privat-kurs","status":"publish","type":"page","link":"https:\/\/alphalearning.com\/de\/unsere-dienstleistungen\/intensiver-privat-kurs\/","title":{"rendered":"Intensiver Privatkurs: Das Lernen Lernen"},"content":{"rendered":"\n<div class=\"wp-block-uagb-advanced-heading uagb-block-3de2a146\"><h1 class=\"uagb-heading-text\">Intensiver Privatkurs<\/h1><\/div>\n\n\n\n<div class=\"wp-block-uagb-container uagb-block-bb3b9bf4 alignfull uagb-is-root-container\"><div class=\"uagb-container-inner-blocks-wrap\">\n<div class=\"wp-block-uagb-advanced-heading uagb-block-908d6cfc\"><h2 class=\"uagb-heading-text\">Warum ein <em>Intensiver Privatkurs<\/em>?<\/h2><\/div>\n\n\n\n<p>Willkommen zu Alphalearnings <strong>Intensivem Privatkurs<\/strong>, einer kompakten Version unseres Kurses Das Lernen Lernen. Der Kurs wurde speziell f\u00fcr Personen mit einem vollen Terminkalender entwickelt. In nur drei Tagen erleben Sie ein intensives Lernprogramm mit t\u00e4glichen Sitzungen von jeweils zehn Stunden.<\/p>\n\n\n\n<p>Lernen ist entscheidend f\u00fcr pers\u00f6nliches und berufliches Wachstum. Der Intensive Privatkurs beschleunigt diesen Prozess, indem er unsere bew\u00e4hrten Techniken in ein komprimiertes Format \u00fcbertr\u00e4gt, ohne dabei an Lernintensit\u00e4t oder individueller Betreuung einzub\u00fc\u00dfen.<\/p>\n\n\n\n<p>In diesem Kurs bieten wir Ihnen ein pers\u00f6nliches und fokussiertes Lernerlebnis, das es Ihnen erm\u00f6glicht, Ihre Gehirnfrequenzen in k\u00fcrzerer Zeit zu beherrschen und zu steuern. Der Kurs eignet sich besonders f\u00fcr alle, die eine konzentrierte Lernform bevorzugen oder ben\u00f6tigen.<\/p>\n\n\n\n<p>Der Ablauf beginnt mit einer ersten <strong>Videokonferenz<\/strong>, um Ihre pers\u00f6nlichen Ziele zu besprechen. Anschlie\u00dfend folgt eine dreit\u00e4gige Intensivschulung, die sich flexibel in Ihren Terminkalender integrieren l\u00e4sst.<\/p>\n\n\n\n<div class=\"wp-block-uagb-advanced-heading uagb-block-619c9ed6\"><h2 class=\"uagb-heading-text\">\u00dcber diesen Kurs<\/h2><\/div>\n\n\n\n<p>Dieser Kurs wurde entwickelt, um Ihnen in k\u00fcrzester Zeit <strong>bahnbrechende Techniken<\/strong> zu vermitteln. Dazu nutzen wir das hochmoderne Brainwave-III-System, das Ihre kognitiven F\u00e4higkeiten steigert und Ihnen innerhalb von nur drei Tagen eine umfassende Beherrschung effektiver Lernmethoden erm\u00f6glicht.<\/p>\n\n\n\n<p>Nach Abschluss des Kurses erhalten Sie Ihr eigenes <a href=\"https:\/\/alphalearning.com\/de\/brainwave\/\">Brainwave-III-System<\/a>, sodass Sie Ihre Fertigkeiten weiter ausbauen k\u00f6nnen \u2013 selbstverst\u00e4ndlich mit der fortlaufenden Unterst\u00fctzung durch Alphalearning International.<\/p>\n\n\n\n<p>Am Ende des Kurses werden Sie in der Lage sein, die vier Haupt-Gehirnwellenfrequenzen auf Anhieb zu erreichen. Dadurch beschleunigen Sie Ihren Weg zu Entspannung, verbesserter Merkf\u00e4higkeit, effizientem Lernen und effektiver Probleml\u00f6sung.<\/p>\n\n\n\n<div class=\"wp-block-uagb-advanced-heading uagb-block-306fefce\"><h2 class=\"uagb-heading-text\">F\u00fcr wen ist dieser Kurs geeignet?<\/h2><\/div>\n\n\n\n<p>Dieser Kurs richtet sich insbesondere an Personen, die eine beschleunigte Lernerfahrung w\u00fcnschen. Er eignet sich hervorragend f\u00fcr alle, die eine pers\u00f6nliche Eins-zu-eins-Betreuung bevorzugen oder nur wenig Zeit zur Verf\u00fcgung haben, und dennoch von Alphalearnings umfassenden Trainingsmethoden f\u00fcr das Gehirn profitieren m\u00f6chten.<\/p>\n\n\n\n<div class=\"wp-block-uagb-advanced-heading uagb-block-bfe18b56\"><h2 class=\"uagb-heading-text\">Kursstruktur<\/h2><\/div>\n\n\n\n<p>Der <strong>Intensive Privatkurs<\/strong> ist ein hochfokussiertes, dreit\u00e4giges Intensivtraining, das eine individuelle Herangehensweise an Ihre pers\u00f6nlichen Lernbed\u00fcrfnisse erm\u00f6glicht. Jeder Tag umfasst zehn Stunden praktisches und theoretisches Lernen mit dem Brainwave-III-System.<\/p>\n\n\n\n<div class=\"wp-block-uagb-advanced-heading uagb-block-b599dd31\"><h2 class=\"uagb-heading-text\">Was Sie lernen werden<\/h2><\/div>\n\n\n\n<ul class=\"wp-block-list\">\n<li>Beschleunigte Lerntechniken f\u00fcr pers\u00f6nliche und berufliche Weiterentwicklung<\/li>\n\n\n\n<li>Effektive Nutzung des Brainwave-III-Systems zur Steigerung von geistiger Klarheit und Konzentration<\/li>\n\n\n\n<li>Praktische Anwendung des Brainwave-III-Systems f\u00fcr Ihre fortlaufende Selbstoptimierung<\/li>\n\n\n\n<li>Strategien zur Verbesserung von Ged\u00e4chtnis, Lesegeschwindigkeit, Verst\u00e4ndnis und Stressmanagement<\/li>\n\n\n\n<li>Individuell angepasste Methoden, um schnell optimale Gehirnfrequenzen f\u00fcr Lernen und Probleml\u00f6sung zu erreichen<\/li>\n<\/ul>\n\n\n\n<div class=\"wp-block-uagb-advanced-heading uagb-block-48f3db1c\"><h2 class=\"uagb-heading-text\">Zus\u00e4tzliche Vorteile des Kurses<\/h2><\/div>\n\n\n\n<p>Neben dem gezielten Training, Ihre Gehirnwellenfrequenzen zu steuern, profitieren Sie von:<\/p>\n\n\n\n<ul class=\"wp-block-list\">\n<li>Gesteigerter kognitiver Leistungsf\u00e4higkeit und m\u00f6glicherweise erh\u00f6htem IQ<\/li>\n\n\n\n<li>Soliden Grundlagen f\u00fcr lebenslanges Lernen und pers\u00f6nliche Entwicklung<\/li>\n\n\n\n<li>Exklusivem Zugang zu Alphalearnings bahnbrechender Technologie und Methodik<\/li>\n\n\n\n<li>Verbesserter Entscheidungsfindung, h\u00f6herer Konzentration und weniger Stress<\/li>\n\n\n\n<li>Flexibler Terminplanung, die sich problemlos in Ihren Alltag integrieren l\u00e4sst<\/li>\n<\/ul>\n\n\n\n<div class=\"wp-block-uagb-advanced-heading uagb-block-32b2b43a\"><h2 class=\"uagb-heading-text\">Wie Sie sich anmelden<\/h2><\/div>\n\n\n\n<p>Wir laden Sie ein, <a href=\"https:\/\/alphalearning.com\/personalised-consultation\/\">Ihre Personalisierte Beratung zu buchen<\/a> und damit den Grundstein f\u00fcr Ihre Teilnahme am Intensiven Privatkurs: Das Lernen Lernen bei Alphalearning zu legen. Passen Sie Ihr Lernerlebnis an Ihre individuellen Ziele und Ihren Zeitplan an. <a href=\"https:\/\/alphalearning.com\/personalised-consultation\/\"><strong>Buchen Sie noch heute Ihre Personalisierte Beratung.<\/strong><\/a><\/p>\n<\/div><\/div>\n\n\n\n<div class=\"wp-block-uagb-container uagb-block-e7248b38 alignfull uagb-is-root-container\"><div class=\"uagb-container-inner-blocks-wrap\">\n<div class=\"wp-block-uagb-container uagb-block-1ec55a6b\">\n<div class=\"wp-block-uagb-buttons uagb-buttons__outer-wrap uagb-btn__default-btn uagb-btn-tablet__default-btn uagb-btn-mobile__default-btn uagb-block-379c62b6\"><div class=\"uagb-buttons__wrap uagb-buttons-layout-wrap \">\n<div class=\"wp-block-uagb-buttons-child uagb-buttons__outer-wrap uagb-block-31b8dfca wp-block-button\"><div class=\"uagb-button__wrapper\"><a class=\"uagb-buttons-repeater wp-block-button__link\" aria-label=\"\" href=\"https:\/\/alphalearning.com\/de\/personalisierte-beratung\/\" rel=\"nofollow noopener\" target=\"_self\" role=\"button\"><div class=\"uagb-button__link\">Buchen Sie Ihre Personalisierte Beratung<\/div><\/a><\/div><\/div>\n<\/div><\/div>\n<\/div>\n\n\n\n<div class=\"wp-block-uagb-container uagb-block-18fb636a\">\n<div class=\"wp-block-uagb-buttons uagb-buttons__outer-wrap uagb-btn__default-btn uagb-btn-tablet__default-btn uagb-btn-mobile__default-btn uagb-block-cc81ba1e\"><div class=\"uagb-buttons__wrap uagb-buttons-layout-wrap \">\n<div class=\"wp-block-uagb-buttons-child uagb-buttons__outer-wrap uagb-block-248d2c85 wp-block-button\"><div class=\"uagb-button__wrapper\"><a class=\"uagb-buttons-repeater wp-block-button__link\" aria-label=\"\" href=\"https:\/\/alphalearning.com\/de\/kursanmeldung\/\" rel=\"nofollow noopener\" target=\"_self\" role=\"button\"><div class=\"uagb-button__link\">Ich bin bereit zur Anmeldung<\/div><\/a><\/div><\/div>\n<\/div><\/div>\n<\/div>\n<\/div><\/div>\n\n\n\n<div class=\"wp-block-uagb-container uagb-block-3de2eb10 alignfull uagb-is-root-container\"><div class=\"uagb-container-inner-blocks-wrap\">\n<hr class=\"wp-block-separator has-text-color has-alpha-channel-opacity has-background is-style-wide\" style=\"background-color:#f4524d;color:#f4524d\"\/>\n\n\n\n<p class=\"has-text-align-right\"><strong>Zus\u00e4tzliche Lekt\u00fcre:<\/strong><br><a href=\"https:\/\/alphalearning.com\/de\/kommentare-von-alphalearning-klienten\/\">Kommentare von Alphalearning-Klienten<\/a><br><a href=\"https:\/\/alphalearning.com\/de\/weltpresse\/\">Alphalearning in der Weltpresse<\/a><br><a href=\"https:\/\/alphalearning.com\/de\/einfuehrung-zur-gehirnbalance\/\">Einf\u00fchrung in die Gehirnbalance<\/a><br><a href=\"https:\/\/alphalearning.com\/de\/was-sind-die-alpha-und-theta-gehirnwellen\/\">Was sind Alpha- und Theta-Gehirnwellen?<\/a><\/p>\n<\/div><\/div>\n","protected":false},"excerpt":{"rendered":"<p>Intensiver Privatkurs Warum ein Intensiver Privatkurs? Willkommen zu Alphalearnings Intensivem Privatkurs, einer kompakten Version unseres Kurses Das Lernen Lernen. Der [&hellip;]<\/p>\n","protected":false},"author":2,"featured_media":0,"parent":13513,"menu_order":530,"comment_status":"closed","ping_status":"closed","template":"","meta":{"_uag_custom_page_level_css":"","site-sidebar-layout":"default","site-content-layout":"","ast-site-content-layout":"default","site-content-style":"default","site-sidebar-style":"default","ast-global-header-display":"","ast-banner-title-visibility":"","ast-main-header-display":"","ast-hfb-above-header-display":"","ast-hfb-below-header-display":"","ast-hfb-mobile-header-display":"","site-post-title":"disabled","ast-breadcrumbs-content":"","ast-featured-img":"","footer-sml-layout":"","ast-disable-related-posts":"","theme-transparent-header-meta":"","adv-header-id-meta":"","stick-header-meta":"","header-above-stick-meta":"","header-main-stick-meta":"","header-below-stick-meta":"","astra-migrate-meta-layouts":"default","ast-page-background-enabled":"default","ast-page-background-meta":{"desktop":{"background-color":"var(--ast-global-color-4)","background-image":"","background-repeat":"repeat","background-position":"center center","background-size":"auto","background-attachment":"scroll","background-type":"","background-media":"","overlay-type":"","overlay-color":"","overlay-opacity":"","overlay-gradient":""},"tablet":{"background-color":"","background-image":"","background-repeat":"repeat","background-position":"center center","background-size":"auto","background-attachment":"scroll","background-type":"","background-media":"","overlay-type":"","overlay-color":"","overlay-opacity":"","overlay-gradient":""},"mobile":{"background-color":"","background-image":"","background-repeat":"repeat","background-position":"center center","background-size":"auto","background-attachment":"scroll","background-type":"","background-media":"","overlay-type":"","overlay-color":"","overlay-opacity":"","overlay-gradient":""}},"ast-content-background-meta":{"desktop":{"background-color":"var(--ast-global-color-5)","background-image":"","background-repeat":"repeat","background-position":"center center","background-size":"auto","background-attachment":"scroll","background-type":"","background-media":"","overlay-type":"","overlay-color":"","overlay-opacity":"","overlay-gradient":""},"tablet":{"background-color":"var(--ast-global-color-5)","background-image":"","background-repeat":"repeat","background-position":"center center","background-size":"auto","background-attachment":"scroll","background-type":"","background-media":"","overlay-type":"","overlay-color":"","overlay-opacity":"","overlay-gradient":""},"mobile":{"background-color":"var(--ast-global-color-5)","background-image":"","background-repeat":"repeat","background-position":"center center","background-size":"auto","background-attachment":"scroll","background-type":"","background-media":"","overlay-type":"","overlay-color":"","overlay-opacity":"","overlay-gradient":""}},"footnotes":""},"class_list":["post-13559","page","type-page","status-publish","hentry"],"yoast_head":"<!-- This site is optimized with the Yoast SEO plugin v27.1.1 - https:\/\/yoast.com\/product\/yoast-seo-wordpress\/ -->\n<title>3-t\u00e4giger Privatkurs zum Gehirntraining | Alphalearning<\/title>\n<meta name=\"description\" content=\"Entdecken Sie Alphalearnings 3-t\u00e4gigen Intensivkurs f\u00fcr personalisiertes Gehirntraining. Beschleunigen Sie Ihr Lernen und st\u00e4rken Sie Ihr Ged\u00e4chtnis \u2013 schnell.\" \/>\n<meta name=\"robots\" content=\"index, follow, max-snippet:-1, max-image-preview:large, max-video-preview:-1\" \/>\n<link rel=\"canonical\" href=\"https:\/\/alphalearning.com\/de\/unsere-dienstleistungen\/intensiver-privat-kurs\/\" \/>\n<meta property=\"og:locale\" content=\"de_DE\" \/>\n<meta property=\"og:type\" content=\"article\" \/>\n<meta property=\"og:title\" content=\"3-t\u00e4giger Privatkurs zum Gehirntraining | Alphalearning\" \/>\n<meta property=\"og:description\" content=\"Entdecken Sie Alphalearnings 3-t\u00e4gigen Intensivkurs f\u00fcr personalisiertes Gehirntraining. Beschleunigen Sie Ihr Lernen und st\u00e4rken Sie Ihr Ged\u00e4chtnis \u2013 schnell.\" \/>\n<meta property=\"og:url\" content=\"https:\/\/alphalearning.com\/de\/unsere-dienstleistungen\/intensiver-privat-kurs\/\" \/>\n<meta property=\"og:site_name\" content=\"Alphalearning International\" \/>\n<meta property=\"article:modified_time\" content=\"2025-07-24T12:46:55+00:00\" \/>\n<meta property=\"og:image\" content=\"https:\/\/alphalearning.com\/wp-content\/uploads\/2024\/04\/alphalearning-logo_red_1200x675px.png\" \/>\n\t<meta property=\"og:image:width\" content=\"1200\" \/>\n\t<meta property=\"og:image:height\" content=\"675\" \/>\n\t<meta property=\"og:image:type\" content=\"image\/png\" \/>\n<meta name=\"twitter:card\" content=\"summary_large_image\" \/>\n<meta name=\"twitter:label1\" content=\"Est. reading time\" \/>\n\t<meta name=\"twitter:data1\" content=\"3 minutes\" \/>\n<!-- \/ Yoast SEO plugin. -->","yoast_head_json":{"title":"3-t\u00e4giger Privatkurs zum Gehirntraining | Alphalearning","description":"Entdecken Sie Alphalearnings 3-t\u00e4gigen Intensivkurs f\u00fcr personalisiertes Gehirntraining. Beschleunigen Sie Ihr Lernen und st\u00e4rken Sie Ihr Ged\u00e4chtnis \u2013 schnell.","robots":{"index":"index","follow":"follow","max-snippet":"max-snippet:-1","max-image-preview":"max-image-preview:large","max-video-preview":"max-video-preview:-1"},"canonical":"https:\/\/alphalearning.com\/de\/unsere-dienstleistungen\/intensiver-privat-kurs\/","og_locale":"de_DE","og_type":"article","og_title":"3-t\u00e4giger Privatkurs zum Gehirntraining | Alphalearning","og_description":"Entdecken Sie Alphalearnings 3-t\u00e4gigen Intensivkurs f\u00fcr personalisiertes Gehirntraining. Beschleunigen Sie Ihr Lernen und st\u00e4rken Sie Ihr Ged\u00e4chtnis \u2013 schnell.","og_url":"https:\/\/alphalearning.com\/de\/unsere-dienstleistungen\/intensiver-privat-kurs\/","og_site_name":"Alphalearning International","article_modified_time":"2025-07-24T12:46:55+00:00","og_image":[{"width":1200,"height":675,"url":"https:\/\/alphalearning.com\/wp-content\/uploads\/2024\/04\/alphalearning-logo_red_1200x675px.png","type":"image\/png"}],"twitter_card":"summary_large_image","twitter_misc":{"Est. reading time":"3 minutes"},"schema":{"@context":"https:\/\/schema.org","@graph":[{"@type":"WebPage","@id":"https:\/\/alphalearning.com\/de\/unsere-dienstleistungen\/intensiver-privat-kurs\/","url":"https:\/\/alphalearning.com\/de\/unsere-dienstleistungen\/intensiver-privat-kurs\/","name":"3-t\u00e4giger Privatkurs zum Gehirntraining | Alphalearning","isPartOf":{"@id":"https:\/\/alphalearning.com\/de\/#website"},"datePublished":"2024-03-27T16:44:36+00:00","dateModified":"2025-07-24T12:46:55+00:00","description":"Entdecken Sie Alphalearnings 3-t\u00e4gigen Intensivkurs f\u00fcr personalisiertes Gehirntraining. Beschleunigen Sie Ihr Lernen und st\u00e4rken Sie Ihr Ged\u00e4chtnis \u2013 schnell.","breadcrumb":{"@id":"https:\/\/alphalearning.com\/de\/unsere-dienstleistungen\/intensiver-privat-kurs\/#breadcrumb"},"inLanguage":"de","potentialAction":[{"@type":"ReadAction","target":["https:\/\/alphalearning.com\/de\/unsere-dienstleistungen\/intensiver-privat-kurs\/"]}]},{"@type":"BreadcrumbList","@id":"https:\/\/alphalearning.com\/de\/unsere-dienstleistungen\/intensiver-privat-kurs\/#breadcrumb","itemListElement":[{"@type":"ListItem","position":1,"name":"Home","item":"https:\/\/alphalearning.com\/de\/"},{"@type":"ListItem","position":2,"name":"Unsere Dienstleistungen","item":"https:\/\/alphalearning.com\/de\/unsere-dienstleistungen\/"},{"@type":"ListItem","position":3,"name":"Intensiver Privatkurs: Das Lernen Lernen"}]},{"@type":"WebSite","@id":"https:\/\/alphalearning.com\/de\/#website","url":"https:\/\/alphalearning.com\/de\/","name":"Alphalearning International","description":"the brain training institute","publisher":{"@id":"https:\/\/alphalearning.com\/de\/#organization"},"potentialAction":[{"@type":"SearchAction","target":{"@type":"EntryPoint","urlTemplate":"https:\/\/alphalearning.com\/de\/?s={search_term_string}"},"query-input":{"@type":"PropertyValueSpecification","valueRequired":true,"valueName":"search_term_string"}}],"inLanguage":"de"},{"@type":"Organization","@id":"https:\/\/alphalearning.com\/de\/#organization","name":"Alphalearning International","url":"https:\/\/alphalearning.com\/de\/","logo":{"@type":"ImageObject","inLanguage":"de","@id":"https:\/\/alphalearning.com\/de\/#\/schema\/logo\/image\/","url":"https:\/\/alphalearning.com\/wp-content\/uploads\/2024\/03\/alphalearning_ico2_512px.png","contentUrl":"https:\/\/alphalearning.com\/wp-content\/uploads\/2024\/03\/alphalearning_ico2_512px.png","width":512,"height":512,"caption":"Alphalearning International"},"image":{"@id":"https:\/\/alphalearning.com\/de\/#\/schema\/logo\/image\/"}}]}},"uagb_featured_image_src":{"full":false,"thumbnail":false,"medium":false,"medium_large":false,"large":false,"1536x1536":false,"2048x2048":false,"gform-image-choice-sm":false,"gform-image-choice-md":false,"gform-image-choice-lg":false},"uagb_author_info":{"display_name":"Julio Machado","author_link":"https:\/\/alphalearning.com\/de\/author\/julio-machado\/"},"uagb_comment_info":0,"uagb_excerpt":"Intensiver Privatkurs Warum ein Intensiver Privatkurs? Willkommen zu Alphalearnings Intensivem Privatkurs, einer kompakten Version unseres Kurses Das Lernen Lernen. Der [&hellip;]","_links":{"self":[{"href":"https:\/\/alphalearning.com\/de\/wp-json\/wp\/v2\/pages\/13559","targetHints":{"allow":["GET"]}}],"collection":[{"href":"https:\/\/alphalearning.com\/de\/wp-json\/wp\/v2\/pages"}],"about":[{"href":"https:\/\/alphalearning.com\/de\/wp-json\/wp\/v2\/types\/page"}],"author":[{"embeddable":true,"href":"https:\/\/alphalearning.com\/de\/wp-json\/wp\/v2\/users\/2"}],"replies":[{"embeddable":true,"href":"https:\/\/alphalearning.com\/de\/wp-json\/wp\/v2\/comments?post=13559"}],"version-history":[{"count":9,"href":"https:\/\/alphalearning.com\/de\/wp-json\/wp\/v2\/pages\/13559\/revisions"}],"predecessor-version":[{"id":16783,"href":"https:\/\/alphalearning.com\/de\/wp-json\/wp\/v2\/pages\/13559\/revisions\/16783"}],"up":[{"embeddable":true,"href":"https:\/\/alphalearning.com\/de\/wp-json\/wp\/v2\/pages\/13513"}],"wp:attachment":[{"href":"https:\/\/alphalearning.com\/de\/wp-json\/wp\/v2\/media?parent=13559"}],"curies":[{"name":"wp","href":"https:\/\/api.w.org\/{rel}","templated":true}]}}