{"id":13552,"date":"2024-03-27T16:44:16","date_gmt":"2024-03-27T16:44:16","guid":{"rendered":"https:\/\/alphalearning.com\/unsere-dienstleistungen\/individual-family-course\/"},"modified":"2025-07-24T13:23:08","modified_gmt":"2025-07-24T12:23:08","slug":"individueller-familen-kurs","status":"publish","type":"page","link":"https:\/\/alphalearning.com\/de\/unsere-dienstleistungen\/individueller-familen-kurs\/","title":{"rendered":"Individueller oder Familienkurs: Das Lernen Lernen"},"content":{"rendered":"\n<div class=\"wp-block-uagb-advanced-heading uagb-block-2abc9685\"><h1 class=\"uagb-heading-text\">Individueller oder Familienkurs: Das Lernen Lernen<\/h1><\/div>\n\n\n\n<div class=\"wp-block-uagb-container uagb-block-fdfa9594 alignfull uagb-is-root-container\"><div class=\"uagb-container-inner-blocks-wrap\">\n<div class=\"wp-block-uagb-advanced-heading uagb-block-8d407b25\"><h2 class=\"uagb-heading-text\">Warum <em>Das Lernen Lernen<\/em>?<\/h2><\/div>\n\n\n\n<p>Willkommen im Herzen von Alphalearnings transformierenden Lernerfahrungen \u2013 dem <strong>Kurs Das Lernen Lernen.<\/strong><\/p>\n\n\n\n<p>Das Lernen ist jedem Lebewesen angeboren und essenziell f\u00fcr das \u00dcberleben. Wenn diese F\u00e4higkeit aus irgendeinem Grund beeintr\u00e4chtigt wird (Geburtsprobleme, schwere physische oder psychische Traumata), ger\u00e4t das nat\u00fcrliche Wachstum aus dem Gleichgewicht, was zu scheinbar unl\u00f6sbaren Konflikten und ungew\u00f6hnlichen Verhaltensweisen f\u00fchren kann.<\/p>\n\n\n\n<p>Im Kurs Das Lernen Lernen zeigen wir Einzelpersonen und Familien, wie sie ihre Gehirnfrequenzen meistern und kontrollieren k\u00f6nnen. Sobald der Lernprozess in geordneten Bahnen abl\u00e4uft, wird das volle Potenzial der F\u00e4higkeiten und Wissensbereiche ausgesch\u00f6pft, die zuvor nicht vollst\u00e4ndig entwickelt werden konnten.<\/p>\n\n\n\n<p>Wir betrachten den Kurs als begonnen, sobald die erste <strong>Videokonferenz<\/strong> stattfindet. An diesem Punkt lernt Ihr Kursleiter Sie und Ihre Ziele kennen. Alphalearning erstellt dann die Kursplanung, die es Ihnen erm\u00f6glicht, diese Ziele in 5 Tagen Training zu erreichen.<\/p>\n\n\n\n<div class=\"wp-block-uagb-advanced-heading uagb-block-ee6b7a07\"><h2 class=\"uagb-heading-text\">\u00dcber diesen Kurs<\/h2><\/div>\n\n\n\n<p>Dieser Kurs ist darauf zugeschnitten, Einzelpersonen und Familien mit <strong>bahnbrechenden Techniken<\/strong> zu bef\u00e4higen. Er nutzt das hochmoderne Brainwave-III-System, um kognitive F\u00e4higkeiten zu steigern und eine umfassende Beherrschung verschiedener Lernkompetenzen zu gew\u00e4hrleisten.<\/p>\n\n\n\n<p>Nach Abschluss des Kurses werden Sie Ihr eigenes <a href=\"https:\/\/alphalearning.com\/de\/brainwave\/\">Brainwave-III-System<\/a> besitzen, mit dem Sie Ihre F\u00e4higkeiten weiter ausbauen k\u00f6nnen \u2013 stets mit der Unterst\u00fctzung von Alphalearning International.<\/p>\n\n\n\n<p>Am Ende des f\u00fcnften Tages werden Sie in der Lage sein, Ihr Gehirn jederzeit in jede der vier Haupt-Gehirnwellenfrequenzen zu versetzen:<\/p>\n\n\n\n<ul class=\"wp-block-list\">\n<li><strong>Beta<\/strong> (14 Hertz) \u2013 Entscheidungsfindung, Logik und Probleml\u00f6sung.<\/li>\n\n\n\n<li><strong>Alpha<\/strong> (7 Hertz) \u2013 Lernen, Lesen und Zuh\u00f6ren.<\/li>\n\n\n\n<li><strong>Theta<\/strong> (3 Hertz) \u2013 Ged\u00e4chtnis (sowohl Memorieren als auch Abruf), Kreativit\u00e4t und IQ-Steigerung.<\/li>\n\n\n\n<li><strong>Delta<\/strong> (1 Hertz) \u2013 Tiefe k\u00f6rperliche Entspannung, Schmerzkontrolle und Stressabbau.<\/li>\n<\/ul>\n\n\n\n<div class=\"wp-block-uagb-advanced-heading uagb-block-6396ea0e\"><h2 class=\"uagb-heading-text\">F\u00fcr wen ist dieser Kurs geeignet?<\/h2><\/div>\n\n\n\n<p>Der <strong>Individuelle oder Familienkurs<\/strong> richtet sich an alle, die ihre Gehirnkapazit\u00e4ten verbessern m\u00f6chten. Er ist ideal f\u00fcr bis zu sechs Teilnehmende geeignet und somit perfekt f\u00fcr Familien, die gemeinsam ihre Lernf\u00e4higkeiten st\u00e4rken wollen. Wir bieten Platz f\u00fcr Familiengruppen von zwei bis vier Erwachsenen, mit der Option, verbleibende Pl\u00e4tze f\u00fcr Kinder zu nutzen. Eine Gruppe gilt als \u201cFamilie\u201d, wenn alle Mitglieder nach dem Kurs gemeinsam Zugriff auf ihre Brainwave-III-Ausr\u00fcstung haben und so einen einheitlichen Weg zu verbesserter kognitiver Leistung und gesteigerter Lerneffizienz einschlagen k\u00f6nnen.<\/p>\n\n\n\n<div class=\"wp-block-uagb-advanced-heading uagb-block-4efb86df\"><h2 class=\"uagb-heading-text\">Kursstruktur<\/h2><\/div>\n\n\n\n<p>Dieser <strong>f\u00fcnft\u00e4gige Intensivkurs<\/strong> ist darauf ausgelegt, den vielf\u00e4ltigen Bed\u00fcrfnissen unserer Teilnehmenden \u2013 von Einzelpersonen bis hin zu ganzen Familien \u2013 gerecht zu werden. Jeder Tag ist sorgf\u00e4ltig geplant, damit Sie unsere innovativen Lernmethoden und die <a href=\"https:\/\/alphalearning.com\/de\/brainwave\/\">Brainwave-III-Technologie<\/a> umfassend nutzen k\u00f6nnen. W\u00e4hrend aller f\u00fcnf Tage trainieren Sie mit dem Brainwave-III-System und lernen, wie Sie Ihre Gehirnfrequenzen steuern und im Gleichgewicht halten.<\/p>\n\n\n\n<div class=\"wp-block-uagb-advanced-heading uagb-block-30854605\"><h2 class=\"uagb-heading-text\">Was Sie lernen werden<\/h2><\/div>\n\n\n\n<ul class=\"wp-block-list\">\n<li>Erweiterte Techniken f\u00fcr <strong>beschleunigtes Lernen<\/strong>, um kognitive F\u00e4higkeiten zu steigern.<\/li>\n\n\n\n<li>Nutzung des <strong>Brainwave-III-Systems<\/strong>, um <strong>geistige Klarheit, Konzentration und Fokus<\/strong> zu verbessern.<\/li>\n\n\n\n<li><strong>Praktischer Umgang mit dem Brainwave-III-System<\/strong>, damit Teilnehmende die Technologie sicher f\u00fcr kontinuierliche Fortschritte einsetzen k\u00f6nnen.<\/li>\n\n\n\n<li>Erlernen von <strong>Schnelllesetechniken<\/strong>, um die Lesegeschwindigkeit um 300&nbsp;% zu erh\u00f6hen und gleichzeitig das Verst\u00e4ndnis sowie die Merkf\u00e4higkeit zu verbessern.<\/li>\n\n\n\n<li>Techniken zur <strong>Stressreduzierung<\/strong> und zur Erreichung eines <strong>ausgeglichenen Geisteszustands<\/strong>, der besseres Lernen unterst\u00fctzt.<\/li>\n\n\n\n<li>Erforschung der Wissenschaft hinter <strong>Gehirnleistungswerten<\/strong> durch detaillierte <strong>EEG-Analysen und anerkannte IQ-Tests.<\/strong><\/li>\n\n\n\n<li>Methoden zur <strong>Haltungs- und K\u00f6rperausrichtung<\/strong>, um die Lerneffizienz und Gehirnfunktion zu maximieren.<\/li>\n\n\n\n<li>Entwicklung von <strong>Neuro-Linguistic Programming (NLP)<\/strong>-F\u00e4higkeiten.<\/li>\n\n\n\n<li>Fachkenntnisse im Einsatz von <strong>Visualisierungstechniken<\/strong> f\u00fcr Ged\u00e4chtnisverbesserung und kreatives Denken, unterst\u00fctzt durch \u00dcbungen im <strong>Theta<\/strong>-Gehirnwellenzustand.<\/li>\n\n\n\n<li>Die \u201c<strong>Straight-A Study Technik<\/strong>\u201d, die grundlegende Schritte f\u00fcr <strong>effektive Lerngewohnheiten<\/strong> vermittelt und langfristige Merkf\u00e4higkeit sowie tiefes Verst\u00e4ndnis f\u00f6rdert.<\/li>\n\n\n\n<li><strong>Beschleunigter Spracherwerb<\/strong> durch Gehirnwellen-Optimierung, um Sprachkenntnisse schnell zu verbessern.<\/li>\n\n\n\n<li>\u00dcbungen und Praktiken, um den <strong>Alpha<\/strong>-Zustand zu erreichen und aufrechtzuerhalten, der optimal f\u00fcr das Lernen ist.<\/li>\n\n\n\n<li>Anwendung von <strong>Alpha<\/strong>&#8211; und <strong>Theta<\/strong>-Gehirnwellenzust\u00e4nden zur F\u00f6rderung kreativer Probleml\u00f6sung und innovativen Denkens.<\/li>\n<\/ul>\n\n\n\n<div class=\"wp-block-uagb-advanced-heading uagb-block-a3063133\"><h2 class=\"uagb-heading-text\">Zus\u00e4tzliche Vorteile des Kurses<\/h2><\/div>\n\n\n\n<p>\u00dcber die F\u00e4higkeit hinaus, Ihr Gehirn sofort in jede der vier Haupt-Gehirnwellenfrequenzen zu versetzen, werden Sie Folgendes erreichen:<\/p>\n\n\n\n<ul class=\"wp-block-list\">\n<li>Gest\u00e4rkte <strong>Familienbeziehungen<\/strong> durch gemeinsame Lernerfahrungen.<\/li>\n\n\n\n<li>Verbesserte <strong>kognitive F\u00e4higkeiten<\/strong> f\u00fcr Erwachsene und Kinder, mit <strong>IQ-Steigerung.<\/strong><\/li>\n\n\n\n<li>Ein solides Fundament f\u00fcr <strong>lebenslanges Lernen und pers\u00f6nliche Weiterentwicklung.<\/strong><\/li>\n\n\n\n<li>Zugang zu <strong>exklusiver<\/strong> Alphalearning-Technologie und -Methodik.<\/li>\n\n\n\n<li>Bessere <strong>Entscheidungsfindungs<\/strong>-F\u00e4higkeiten.<\/li>\n\n\n\n<li>Kontrolle \u00fcber <strong>ver\u00e4nderte Bewusstseinszust\u00e4nde.<\/strong><\/li>\n\n\n\n<li>Verbesserte <strong>Konzentration und Fokussierung.<\/strong><\/li>\n\n\n\n<li>Deutliche <strong>Stressreduktion.<\/strong><\/li>\n\n\n\n<li>Mentale und k\u00f6rperliche <strong>Balance und Kontrolle.<\/strong><\/li>\n\n\n\n<li><strong>Schmerzkontrolle.<\/strong><\/li>\n\n\n\n<li><strong>Wirksame Unterst\u00fctzung bei Legasthenie<\/strong> (f\u00fcr Legastheniker).<\/li>\n\n\n\n<li><strong>Verbesserte K\u00f6rperhaltung.<\/strong><\/li>\n<\/ul>\n\n\n\n<div class=\"wp-block-uagb-advanced-heading uagb-block-3073be81\"><h2 class=\"uagb-heading-text\">Wie Sie sich anmelden<\/h2><\/div>\n\n\n\n<p>Beginnen Sie Ihre transformierende Lernreise mit dem Alphalearning-Kurs Das Lernen Lernen. Wir laden Sie ein, noch heute Ihre <a href=\"https:\/\/alphalearning.com\/personalised-consultation\/\">Personalisierte Beratung zu buchen<\/a>. Unser Expertenteam passt Ihr Lernerlebnis individuell an Ihre \u2013 oder die Ihrer Familie \u2013 Ziele und W\u00fcnsche an. <a href=\"https:\/\/alphalearning.com\/personalised-consultation\/\"><strong>Buchen Sie hier Ihre Beratung.<\/strong><\/a><\/p>\n<\/div><\/div>\n\n\n\n<div class=\"wp-block-uagb-container uagb-block-e7248b38 alignfull uagb-is-root-container\"><div class=\"uagb-container-inner-blocks-wrap\">\n<div class=\"wp-block-uagb-container uagb-block-1ec55a6b\">\n<div class=\"wp-block-uagb-buttons uagb-buttons__outer-wrap uagb-btn__default-btn uagb-btn-tablet__default-btn uagb-btn-mobile__default-btn uagb-block-379c62b6\"><div class=\"uagb-buttons__wrap uagb-buttons-layout-wrap \">\n<div class=\"wp-block-uagb-buttons-child uagb-buttons__outer-wrap uagb-block-31b8dfca wp-block-button\"><div class=\"uagb-button__wrapper\"><a class=\"uagb-buttons-repeater wp-block-button__link\" aria-label=\"\" href=\"https:\/\/alphalearning.com\/de\/personalisierte-beratung\/\" rel=\"nofollow noopener\" target=\"_self\" role=\"button\"><div class=\"uagb-button__link\">Buchen Sie Ihre Personalisierte Beratung<\/div><\/a><\/div><\/div>\n<\/div><\/div>\n<\/div>\n\n\n\n<div class=\"wp-block-uagb-container uagb-block-18fb636a\">\n<div class=\"wp-block-uagb-buttons uagb-buttons__outer-wrap uagb-btn__default-btn uagb-btn-tablet__default-btn uagb-btn-mobile__default-btn uagb-block-cc81ba1e\"><div class=\"uagb-buttons__wrap uagb-buttons-layout-wrap \">\n<div class=\"wp-block-uagb-buttons-child uagb-buttons__outer-wrap uagb-block-248d2c85 wp-block-button\"><div class=\"uagb-button__wrapper\"><a class=\"uagb-buttons-repeater wp-block-button__link\" aria-label=\"\" href=\"https:\/\/alphalearning.com\/de\/kursanmeldung\/\" rel=\"nofollow noopener\" target=\"_self\" role=\"button\"><div class=\"uagb-button__link\">Ich bin bereit zur Anmeldung<\/div><\/a><\/div><\/div>\n<\/div><\/div>\n<\/div>\n<\/div><\/div>\n\n\n\n<div class=\"wp-block-uagb-container uagb-block-3de2eb10 alignfull uagb-is-root-container\"><div class=\"uagb-container-inner-blocks-wrap\">\n<hr class=\"wp-block-separator has-text-color has-alpha-channel-opacity has-background is-style-wide\" style=\"background-color:#f4524d;color:#f4524d\"\/>\n\n\n\n<p class=\"has-text-align-right\"><strong>Zus\u00e4tzliche Lekt\u00fcre:<\/strong><br><a href=\"https:\/\/alphalearning.com\/de\/kommentare-von-alphalearning-klienten\/\">Kommentare von Alphalearning-Klienten<\/a><br><a href=\"https:\/\/alphalearning.com\/de\/weltpresse\/\">Alphalearning in der Weltpresse<\/a><br><a href=\"https:\/\/alphalearning.com\/de\/einfuehrung-zur-gehirnbalance\/\">Einf\u00fchrung in die Gehirnbalance<\/a><br><a href=\"https:\/\/alphalearning.com\/de\/was-sind-die-alpha-und-theta-gehirnwellen\/\">Was sind Alpha- und Theta-Gehirnwellen?<\/a><\/p>\n<\/div><\/div>\n","protected":false},"excerpt":{"rendered":"<p>Individueller oder Familienkurs: Das Lernen Lernen Warum Das Lernen Lernen? Willkommen im Herzen von Alphalearnings transformierenden Lernerfahrungen \u2013 dem Kurs [&hellip;]<\/p>\n","protected":false},"author":2,"featured_media":0,"parent":13513,"menu_order":525,"comment_status":"closed","ping_status":"closed","template":"","meta":{"_uag_custom_page_level_css":"","site-sidebar-layout":"default","site-content-layout":"","ast-site-content-layout":"default","site-content-style":"default","site-sidebar-style":"default","ast-global-header-display":"","ast-banner-title-visibility":"","ast-main-header-display":"","ast-hfb-above-header-display":"","ast-hfb-below-header-display":"","ast-hfb-mobile-header-display":"","site-post-title":"disabled","ast-breadcrumbs-content":"","ast-featured-img":"","footer-sml-layout":"","ast-disable-related-posts":"","theme-transparent-header-meta":"","adv-header-id-meta":"","stick-header-meta":"","header-above-stick-meta":"","header-main-stick-meta":"","header-below-stick-meta":"","astra-migrate-meta-layouts":"default","ast-page-background-enabled":"default","ast-page-background-meta":{"desktop":{"background-color":"var(--ast-global-color-4)","background-image":"","background-repeat":"repeat","background-position":"center center","background-size":"auto","background-attachment":"scroll","background-type":"","background-media":"","overlay-type":"","overlay-color":"","overlay-opacity":"","overlay-gradient":""},"tablet":{"background-color":"","background-image":"","background-repeat":"repeat","background-position":"center center","background-size":"auto","background-attachment":"scroll","background-type":"","background-media":"","overlay-type":"","overlay-color":"","overlay-opacity":"","overlay-gradient":""},"mobile":{"background-color":"","background-image":"","background-repeat":"repeat","background-position":"center center","background-size":"auto","background-attachment":"scroll","background-type":"","background-media":"","overlay-type":"","overlay-color":"","overlay-opacity":"","overlay-gradient":""}},"ast-content-background-meta":{"desktop":{"background-color":"var(--ast-global-color-5)","background-image":"","background-repeat":"repeat","background-position":"center center","background-size":"auto","background-attachment":"scroll","background-type":"","background-media":"","overlay-type":"","overlay-color":"","overlay-opacity":"","overlay-gradient":""},"tablet":{"background-color":"var(--ast-global-color-5)","background-image":"","background-repeat":"repeat","background-position":"center center","background-size":"auto","background-attachment":"scroll","background-type":"","background-media":"","overlay-type":"","overlay-color":"","overlay-opacity":"","overlay-gradient":""},"mobile":{"background-color":"var(--ast-global-color-5)","background-image":"","background-repeat":"repeat","background-position":"center center","background-size":"auto","background-attachment":"scroll","background-type":"","background-media":"","overlay-type":"","overlay-color":"","overlay-opacity":"","overlay-gradient":""}},"footnotes":""},"class_list":["post-13552","page","type-page","status-publish","hentry"],"yoast_head":"<!-- This site is optimized with the Yoast SEO plugin v27.1.1 - https:\/\/yoast.com\/product\/yoast-seo-wordpress\/ -->\n<title>Potenzial entfalten: Alphalearning Familien- &amp; Einzelkurs<\/title>\n<meta name=\"description\" content=\"Entdecken Sie Alphalearnings 5-Tage-Kurs, um Lern- und kognitive F\u00e4higkeiten mit dem Brainwave-III-System zu steigern. Ideal f\u00fcr Familien und Einzelpersonen.\" \/>\n<meta name=\"robots\" content=\"index, follow, max-snippet:-1, max-image-preview:large, max-video-preview:-1\" \/>\n<link rel=\"canonical\" href=\"https:\/\/alphalearning.com\/de\/unsere-dienstleistungen\/individueller-familen-kurs\/\" \/>\n<meta property=\"og:locale\" content=\"de_DE\" \/>\n<meta property=\"og:type\" content=\"article\" \/>\n<meta property=\"og:title\" content=\"Potenzial entfalten: Alphalearning Familien- &amp; Einzelkurs\" \/>\n<meta property=\"og:description\" content=\"Entdecken Sie Alphalearnings 5-Tage-Kurs, um Lern- und kognitive F\u00e4higkeiten mit dem Brainwave-III-System zu steigern. Ideal f\u00fcr Familien und Einzelpersonen.\" \/>\n<meta property=\"og:url\" content=\"https:\/\/alphalearning.com\/de\/unsere-dienstleistungen\/individueller-familen-kurs\/\" \/>\n<meta property=\"og:site_name\" content=\"Alphalearning International\" \/>\n<meta property=\"article:modified_time\" content=\"2025-07-24T12:23:08+00:00\" \/>\n<meta property=\"og:image\" content=\"https:\/\/alphalearning.com\/wp-content\/uploads\/2024\/04\/alphalearning-logo_red_1200x675px.png\" \/>\n\t<meta property=\"og:image:width\" content=\"1200\" \/>\n\t<meta property=\"og:image:height\" content=\"675\" \/>\n\t<meta property=\"og:image:type\" content=\"image\/png\" \/>\n<meta name=\"twitter:card\" content=\"summary_large_image\" \/>\n<meta name=\"twitter:label1\" content=\"Est. reading time\" \/>\n\t<meta name=\"twitter:data1\" content=\"4 minutes\" \/>\n<!-- \/ Yoast SEO plugin. -->","yoast_head_json":{"title":"Potenzial entfalten: Alphalearning Familien- & Einzelkurs","description":"Entdecken Sie Alphalearnings 5-Tage-Kurs, um Lern- und kognitive F\u00e4higkeiten mit dem Brainwave-III-System zu steigern. Ideal f\u00fcr Familien und Einzelpersonen.","robots":{"index":"index","follow":"follow","max-snippet":"max-snippet:-1","max-image-preview":"max-image-preview:large","max-video-preview":"max-video-preview:-1"},"canonical":"https:\/\/alphalearning.com\/de\/unsere-dienstleistungen\/individueller-familen-kurs\/","og_locale":"de_DE","og_type":"article","og_title":"Potenzial entfalten: Alphalearning Familien- & Einzelkurs","og_description":"Entdecken Sie Alphalearnings 5-Tage-Kurs, um Lern- und kognitive F\u00e4higkeiten mit dem Brainwave-III-System zu steigern. Ideal f\u00fcr Familien und Einzelpersonen.","og_url":"https:\/\/alphalearning.com\/de\/unsere-dienstleistungen\/individueller-familen-kurs\/","og_site_name":"Alphalearning International","article_modified_time":"2025-07-24T12:23:08+00:00","og_image":[{"width":1200,"height":675,"url":"https:\/\/alphalearning.com\/wp-content\/uploads\/2024\/04\/alphalearning-logo_red_1200x675px.png","type":"image\/png"}],"twitter_card":"summary_large_image","twitter_misc":{"Est. reading time":"4 minutes"},"schema":{"@context":"https:\/\/schema.org","@graph":[{"@type":"WebPage","@id":"https:\/\/alphalearning.com\/de\/unsere-dienstleistungen\/individueller-familen-kurs\/","url":"https:\/\/alphalearning.com\/de\/unsere-dienstleistungen\/individueller-familen-kurs\/","name":"Potenzial entfalten: Alphalearning Familien- & Einzelkurs","isPartOf":{"@id":"https:\/\/alphalearning.com\/de\/#website"},"datePublished":"2024-03-27T16:44:16+00:00","dateModified":"2025-07-24T12:23:08+00:00","description":"Entdecken Sie Alphalearnings 5-Tage-Kurs, um Lern- und kognitive F\u00e4higkeiten mit dem Brainwave-III-System zu steigern. Ideal f\u00fcr Familien und Einzelpersonen.","breadcrumb":{"@id":"https:\/\/alphalearning.com\/de\/unsere-dienstleistungen\/individueller-familen-kurs\/#breadcrumb"},"inLanguage":"de","potentialAction":[{"@type":"ReadAction","target":["https:\/\/alphalearning.com\/de\/unsere-dienstleistungen\/individueller-familen-kurs\/"]}]},{"@type":"BreadcrumbList","@id":"https:\/\/alphalearning.com\/de\/unsere-dienstleistungen\/individueller-familen-kurs\/#breadcrumb","itemListElement":[{"@type":"ListItem","position":1,"name":"Home","item":"https:\/\/alphalearning.com\/de\/"},{"@type":"ListItem","position":2,"name":"Unsere Dienstleistungen","item":"https:\/\/alphalearning.com\/de\/unsere-dienstleistungen\/"},{"@type":"ListItem","position":3,"name":"Individueller oder Familienkurs: Das Lernen Lernen"}]},{"@type":"WebSite","@id":"https:\/\/alphalearning.com\/de\/#website","url":"https:\/\/alphalearning.com\/de\/","name":"Alphalearning International","description":"the brain training institute","publisher":{"@id":"https:\/\/alphalearning.com\/de\/#organization"},"potentialAction":[{"@type":"SearchAction","target":{"@type":"EntryPoint","urlTemplate":"https:\/\/alphalearning.com\/de\/?s={search_term_string}"},"query-input":{"@type":"PropertyValueSpecification","valueRequired":true,"valueName":"search_term_string"}}],"inLanguage":"de"},{"@type":"Organization","@id":"https:\/\/alphalearning.com\/de\/#organization","name":"Alphalearning International","url":"https:\/\/alphalearning.com\/de\/","logo":{"@type":"ImageObject","inLanguage":"de","@id":"https:\/\/alphalearning.com\/de\/#\/schema\/logo\/image\/","url":"https:\/\/alphalearning.com\/wp-content\/uploads\/2024\/03\/alphalearning_ico2_512px.png","contentUrl":"https:\/\/alphalearning.com\/wp-content\/uploads\/2024\/03\/alphalearning_ico2_512px.png","width":512,"height":512,"caption":"Alphalearning International"},"image":{"@id":"https:\/\/alphalearning.com\/de\/#\/schema\/logo\/image\/"}}]}},"uagb_featured_image_src":{"full":false,"thumbnail":false,"medium":false,"medium_large":false,"large":false,"1536x1536":false,"2048x2048":false,"gform-image-choice-sm":false,"gform-image-choice-md":false,"gform-image-choice-lg":false},"uagb_author_info":{"display_name":"Julio Machado","author_link":"https:\/\/alphalearning.com\/de\/author\/julio-machado\/"},"uagb_comment_info":0,"uagb_excerpt":"Individueller oder Familienkurs: Das Lernen Lernen Warum Das Lernen Lernen? Willkommen im Herzen von Alphalearnings transformierenden Lernerfahrungen \u2013 dem Kurs [&hellip;]","_links":{"self":[{"href":"https:\/\/alphalearning.com\/de\/wp-json\/wp\/v2\/pages\/13552","targetHints":{"allow":["GET"]}}],"collection":[{"href":"https:\/\/alphalearning.com\/de\/wp-json\/wp\/v2\/pages"}],"about":[{"href":"https:\/\/alphalearning.com\/de\/wp-json\/wp\/v2\/types\/page"}],"author":[{"embeddable":true,"href":"https:\/\/alphalearning.com\/de\/wp-json\/wp\/v2\/users\/2"}],"replies":[{"embeddable":true,"href":"https:\/\/alphalearning.com\/de\/wp-json\/wp\/v2\/comments?post=13552"}],"version-history":[{"count":10,"href":"https:\/\/alphalearning.com\/de\/wp-json\/wp\/v2\/pages\/13552\/revisions"}],"predecessor-version":[{"id":16765,"href":"https:\/\/alphalearning.com\/de\/wp-json\/wp\/v2\/pages\/13552\/revisions\/16765"}],"up":[{"embeddable":true,"href":"https:\/\/alphalearning.com\/de\/wp-json\/wp\/v2\/pages\/13513"}],"wp:attachment":[{"href":"https:\/\/alphalearning.com\/de\/wp-json\/wp\/v2\/media?parent=13552"}],"curies":[{"name":"wp","href":"https:\/\/api.w.org\/{rel}","templated":true}]}}