{"id":13544,"date":"2024-03-27T16:44:00","date_gmt":"2024-03-27T16:44:00","guid":{"rendered":"https:\/\/alphalearning.com\/unsere-dienstleistungen\/evaluation-session\/"},"modified":"2025-11-12T14:20:30","modified_gmt":"2025-11-12T14:20:30","slug":"evaluierungssitzung","status":"publish","type":"page","link":"https:\/\/alphalearning.com\/de\/unsere-dienstleistungen\/evaluierungssitzung\/","title":{"rendered":"Alphalearning Evaluierungssitzung"},"content":{"rendered":"\n<div class=\"wp-block-uagb-advanced-heading uagb-block-1cb493ba\"><h1 class=\"uagb-heading-text\">Evaluierungssitzung<\/h1><\/div>\n\n\n\n<div class=\"wp-block-uagb-container uagb-block-5fa5c57c alignfull uagb-is-root-container\"><div class=\"uagb-container-inner-blocks-wrap\">\n<div class=\"wp-block-uagb-advanced-heading uagb-block-6e980d86\"><h2 class=\"uagb-heading-text\">Einf\u00fchrung in die Evaluierungssitzung<\/h2><\/div>\n\n\n\n<p>Die <strong>Evaluierungssitzung<\/strong> bietet potenziellen neuen Klienten die einzigartige Gelegenheit, die Wirksamkeit des Brainwave-III-Systems und der Alphalearning-Techniken aus erster Hand zu erleben. Diese vierst\u00fcndige Sitzung, konzipiert als Vorbereitung auf den umfassenden Kurs Das Lernen Lernen, dient als erster Kontaktpunkt und zeigt das transformative Potenzial unserer Methoden auf.<\/p>\n\n\n\n<p>Urspr\u00fcnglich dazu gedacht, die Eignung der Teilnehmenden f\u00fcr unsere Kurse zu beurteilen, hat sich die Evaluierungssitzung zu einem entscheidenden Instrument entwickelt: Sie demonstriert in Echtzeit anhand von EEG-Messungen den unmittelbaren Nutzen unserer Gehirntrainingsmethoden.<br><\/p>\n\n\n\n<div class=\"wp-block-uagb-advanced-heading uagb-block-4e3b2f60\"><h2 class=\"uagb-heading-text\">Was Sie erwartet<\/h2><\/div>\n\n\n\n<p>Die Evaluierungssitzung umfasst vier zentrale Elemente:<\/p>\n\n\n\n<ol class=\"wp-block-list\">\n<li>Beginn mit einer Reihe neurologischer Tests und EEG-Messungen, um das Gehirnverhalten vor den Stimuli zu beurteilen.<\/li>\n\n\n\n<li>Abstimmung des Brainwave-III-Systems mit spezifischen Licht- und Tonprogrammen, w\u00e4hrend die Gehirnwellen kontinuierlich \u00fcberwacht werden.<\/li>\n\n\n\n<li>Durchf\u00fchrung weiterer neurologischer Tests und EEG-Messungen nach den Stimuli, entsprechend den ersten Analysen.<\/li>\n\n\n\n<li>Ausf\u00fchrliche Erl\u00e4uterung der Ergebnisse mit Schwerpunkt auf m\u00f6glichen Verbesserungen sowie Empfehlungen, wie Alphalearning-Techniken individuell im Alltag eingesetzt werden k\u00f6nnen.<\/li>\n<\/ol>\n\n\n\n<div class=\"wp-block-uagb-advanced-heading uagb-block-ae789424\"><h2 class=\"uagb-heading-text\">Optionen f\u00fcr die Evaluierungssitzung<\/h2><\/div>\n\n\n\n<p>Um unterschiedlichen Bed\u00fcrfnissen gerecht zu werden, bieten wir verschiedene M\u00f6glichkeiten an, an der Evaluierungssitzung teilzunehmen:<\/p>\n\n\n\n<ul class=\"wp-block-list\">\n<li>Besuchen Sie uns in Braga, Portugal, um die Sitzung in unserem daf\u00fcr vorgesehenen B\u00fcro zu erleben.<\/li>\n\n\n\n<li>F\u00fcr Fernsitzungen: Falls Sie jemanden kennen, der Zugang zum Brainwave-III-System hat, kann die Sitzung per Videokonferenz mit dessen Unterst\u00fctzung durchgef\u00fchrt werden.<\/li>\n\n\n\n<li>Kontaktieren Sie Alphalearning, um eine Fachkraft in Ihrem Land zu finden, die mithilfe ihres Brainwave-III-Systems eine Fernsitzung erm\u00f6glichen kann.<\/li>\n\n\n\n<li>Eine weltweit verf\u00fcgbare Option, bei der die Reisekosten und Unterkunft des Instruktors \u00fcbernommen werden, um eine Pr\u00e4senzsitzung an Ihrem Wunschort durchzuf\u00fchren (es f\u00e4llt eine zus\u00e4tzliche Geb\u00fchr an).<\/li>\n<\/ul>\n\n\n\n<div class=\"wp-block-uagb-advanced-heading uagb-block-f77d39a4\"><h2 class=\"uagb-heading-text\">Entdecken Sie den Alphalearning-Unterschied<\/h2><\/div>\n\n\n\n<p>Egal, ob Sie Alphalearning aus pers\u00f6nlichem Interesse, zur beruflichen Weiterentwicklung oder aus Neugierde erkunden: Die Evaluierungssitzung ist Ihr Tor, um zu entdecken, wie unsere Techniken und Ger\u00e4te Ihre Herangehensweise an Lernen und kognitive F\u00e4higkeiten revolutionieren k\u00f6nnen. Erleben Sie die unmittelbaren Effekte unserer Gehirntrainingsmethoden und machen Sie den ersten Schritt, Ihr volles Potenzial zu entfalten.<\/p>\n\n\n\n<p>Sind Sie bereit, die Wirkungskraft von Alphalearning zu erleben? <a href=\"https:\/\/alphalearning.com\/contact\/\"><strong>Kontaktieren Sie uns<\/strong><\/a>, um Ihre Evaluierungssitzung zu planen und Ihre pers\u00f6nliche Reise der kognitiven Weiterentwicklung zu beginnen.<br><\/p>\n<\/div><\/div>\n\n\n\n<div class=\"wp-block-uagb-container uagb-block-3de2eb10 alignfull uagb-is-root-container\"><div class=\"uagb-container-inner-blocks-wrap\">\n<hr class=\"wp-block-separator has-text-color has-alpha-channel-opacity has-background is-style-wide\" style=\"background-color:#f4524d;color:#f4524d\"\/>\n\n\n\n<p class=\"has-text-align-right\"><strong>Weiterf\u00fchrende Informationen:<\/strong><br><a href=\"https:\/\/alphalearning.com\/de\/kommentare-von-alphalearning-klienten\/\">Kommentare von Alphalearning-Klienten<\/a><br><a href=\"https:\/\/alphalearning.com\/de\/weltpresse\/\">Alphalearning in der Weltpresse<\/a><br><a href=\"https:\/\/alphalearning.com\/de\/einfuehrung-zur-gehirnbalance\/\">Einf\u00fchrung in die Gehirnbalance<\/a><br><a href=\"https:\/\/alphalearning.com\/de\/was-sind-die-alpha-und-theta-gehirnwellen\/\">Was sind Alpha- und Theta-Gehirnwellen?<\/a><\/p>\n<\/div><\/div>\n","protected":false},"excerpt":{"rendered":"<p>Evaluierungssitzung Einf\u00fchrung in die Evaluierungssitzung Die Evaluierungssitzung bietet potenziellen neuen Klienten die einzigartige Gelegenheit, die Wirksamkeit des Brainwave-III-Systems und der [&hellip;]<\/p>\n","protected":false},"author":2,"featured_media":0,"parent":13513,"menu_order":520,"comment_status":"closed","ping_status":"closed","template":"","meta":{"_uag_custom_page_level_css":"","site-sidebar-layout":"default","site-content-layout":"","ast-site-content-layout":"default","site-content-style":"default","site-sidebar-style":"default","ast-global-header-display":"","ast-banner-title-visibility":"","ast-main-header-display":"","ast-hfb-above-header-display":"","ast-hfb-below-header-display":"","ast-hfb-mobile-header-display":"","site-post-title":"disabled","ast-breadcrumbs-content":"","ast-featured-img":"","footer-sml-layout":"","ast-disable-related-posts":"","theme-transparent-header-meta":"","adv-header-id-meta":"","stick-header-meta":"","header-above-stick-meta":"","header-main-stick-meta":"","header-below-stick-meta":"","astra-migrate-meta-layouts":"default","ast-page-background-enabled":"default","ast-page-background-meta":{"desktop":{"background-color":"var(--ast-global-color-4)","background-image":"","background-repeat":"repeat","background-position":"center center","background-size":"auto","background-attachment":"scroll","background-type":"","background-media":"","overlay-type":"","overlay-color":"","overlay-opacity":"","overlay-gradient":""},"tablet":{"background-color":"","background-image":"","background-repeat":"repeat","background-position":"center center","background-size":"auto","background-attachment":"scroll","background-type":"","background-media":"","overlay-type":"","overlay-color":"","overlay-opacity":"","overlay-gradient":""},"mobile":{"background-color":"","background-image":"","background-repeat":"repeat","background-position":"center center","background-size":"auto","background-attachment":"scroll","background-type":"","background-media":"","overlay-type":"","overlay-color":"","overlay-opacity":"","overlay-gradient":""}},"ast-content-background-meta":{"desktop":{"background-color":"var(--ast-global-color-5)","background-image":"","background-repeat":"repeat","background-position":"center center","background-size":"auto","background-attachment":"scroll","background-type":"","background-media":"","overlay-type":"","overlay-color":"","overlay-opacity":"","overlay-gradient":""},"tablet":{"background-color":"var(--ast-global-color-5)","background-image":"","background-repeat":"repeat","background-position":"center center","background-size":"auto","background-attachment":"scroll","background-type":"","background-media":"","overlay-type":"","overlay-color":"","overlay-opacity":"","overlay-gradient":""},"mobile":{"background-color":"var(--ast-global-color-5)","background-image":"","background-repeat":"repeat","background-position":"center center","background-size":"auto","background-attachment":"scroll","background-type":"","background-media":"","overlay-type":"","overlay-color":"","overlay-opacity":"","overlay-gradient":""}},"footnotes":""},"class_list":["post-13544","page","type-page","status-publish","hentry"],"yoast_head":"<!-- This site is optimized with the Yoast SEO plugin v27.1.1 - https:\/\/yoast.com\/product\/yoast-seo-wordpress\/ -->\n<title>Alphalearning Evaluierungssitzung | Entdecken Sie Potenzial<\/title>\n<meta name=\"description\" content=\"Erleben Sie in einer 4-st\u00fcndigen Alphalearning Evaluierungssitzung Echtzeit-Gehirntraining, das Ihre kognitiven F\u00e4higkeiten und Ihr Lernpotenzial erweitert.\" \/>\n<meta name=\"robots\" content=\"index, follow, max-snippet:-1, max-image-preview:large, max-video-preview:-1\" \/>\n<link rel=\"canonical\" href=\"https:\/\/alphalearning.com\/de\/unsere-dienstleistungen\/evaluierungssitzung\/\" \/>\n<meta property=\"og:locale\" content=\"de_DE\" \/>\n<meta property=\"og:type\" content=\"article\" \/>\n<meta property=\"og:title\" content=\"Alphalearning Evaluierungssitzung | Entdecken Sie Potenzial\" \/>\n<meta property=\"og:description\" content=\"Erleben Sie in einer 4-st\u00fcndigen Alphalearning Evaluierungssitzung Echtzeit-Gehirntraining, das Ihre kognitiven F\u00e4higkeiten und Ihr Lernpotenzial erweitert.\" \/>\n<meta property=\"og:url\" content=\"https:\/\/alphalearning.com\/de\/unsere-dienstleistungen\/evaluierungssitzung\/\" \/>\n<meta property=\"og:site_name\" content=\"Alphalearning International\" \/>\n<meta property=\"article:modified_time\" content=\"2025-11-12T14:20:30+00:00\" \/>\n<meta property=\"og:image\" content=\"https:\/\/alphalearning.com\/wp-content\/uploads\/2024\/04\/alphalearning-logo_red_1200x675px.png\" \/>\n\t<meta property=\"og:image:width\" content=\"1200\" \/>\n\t<meta property=\"og:image:height\" content=\"675\" \/>\n\t<meta property=\"og:image:type\" content=\"image\/png\" \/>\n<meta name=\"twitter:card\" content=\"summary_large_image\" \/>\n<meta name=\"twitter:label1\" content=\"Est. reading time\" \/>\n\t<meta name=\"twitter:data1\" content=\"2 minutes\" \/>\n<!-- \/ Yoast SEO plugin. -->","yoast_head_json":{"title":"Alphalearning Evaluierungssitzung | Entdecken Sie Potenzial","description":"Erleben Sie in einer 4-st\u00fcndigen Alphalearning Evaluierungssitzung Echtzeit-Gehirntraining, das Ihre kognitiven F\u00e4higkeiten und Ihr Lernpotenzial erweitert.","robots":{"index":"index","follow":"follow","max-snippet":"max-snippet:-1","max-image-preview":"max-image-preview:large","max-video-preview":"max-video-preview:-1"},"canonical":"https:\/\/alphalearning.com\/de\/unsere-dienstleistungen\/evaluierungssitzung\/","og_locale":"de_DE","og_type":"article","og_title":"Alphalearning Evaluierungssitzung | Entdecken Sie Potenzial","og_description":"Erleben Sie in einer 4-st\u00fcndigen Alphalearning Evaluierungssitzung Echtzeit-Gehirntraining, das Ihre kognitiven F\u00e4higkeiten und Ihr Lernpotenzial erweitert.","og_url":"https:\/\/alphalearning.com\/de\/unsere-dienstleistungen\/evaluierungssitzung\/","og_site_name":"Alphalearning International","article_modified_time":"2025-11-12T14:20:30+00:00","og_image":[{"width":1200,"height":675,"url":"https:\/\/alphalearning.com\/wp-content\/uploads\/2024\/04\/alphalearning-logo_red_1200x675px.png","type":"image\/png"}],"twitter_card":"summary_large_image","twitter_misc":{"Est. reading time":"2 minutes"},"schema":{"@context":"https:\/\/schema.org","@graph":[{"@type":"WebPage","@id":"https:\/\/alphalearning.com\/de\/unsere-dienstleistungen\/evaluierungssitzung\/","url":"https:\/\/alphalearning.com\/de\/unsere-dienstleistungen\/evaluierungssitzung\/","name":"Alphalearning Evaluierungssitzung | Entdecken Sie Potenzial","isPartOf":{"@id":"https:\/\/alphalearning.com\/de\/#website"},"datePublished":"2024-03-27T16:44:00+00:00","dateModified":"2025-11-12T14:20:30+00:00","description":"Erleben Sie in einer 4-st\u00fcndigen Alphalearning Evaluierungssitzung Echtzeit-Gehirntraining, das Ihre kognitiven F\u00e4higkeiten und Ihr Lernpotenzial erweitert.","breadcrumb":{"@id":"https:\/\/alphalearning.com\/de\/unsere-dienstleistungen\/evaluierungssitzung\/#breadcrumb"},"inLanguage":"de","potentialAction":[{"@type":"ReadAction","target":["https:\/\/alphalearning.com\/de\/unsere-dienstleistungen\/evaluierungssitzung\/"]}]},{"@type":"BreadcrumbList","@id":"https:\/\/alphalearning.com\/de\/unsere-dienstleistungen\/evaluierungssitzung\/#breadcrumb","itemListElement":[{"@type":"ListItem","position":1,"name":"Home","item":"https:\/\/alphalearning.com\/de\/"},{"@type":"ListItem","position":2,"name":"Unsere Dienstleistungen","item":"https:\/\/alphalearning.com\/de\/unsere-dienstleistungen\/"},{"@type":"ListItem","position":3,"name":"Alphalearning Evaluierungssitzung"}]},{"@type":"WebSite","@id":"https:\/\/alphalearning.com\/de\/#website","url":"https:\/\/alphalearning.com\/de\/","name":"Alphalearning International","description":"the brain training institute","publisher":{"@id":"https:\/\/alphalearning.com\/de\/#organization"},"potentialAction":[{"@type":"SearchAction","target":{"@type":"EntryPoint","urlTemplate":"https:\/\/alphalearning.com\/de\/?s={search_term_string}"},"query-input":{"@type":"PropertyValueSpecification","valueRequired":true,"valueName":"search_term_string"}}],"inLanguage":"de"},{"@type":"Organization","@id":"https:\/\/alphalearning.com\/de\/#organization","name":"Alphalearning International","url":"https:\/\/alphalearning.com\/de\/","logo":{"@type":"ImageObject","inLanguage":"de","@id":"https:\/\/alphalearning.com\/de\/#\/schema\/logo\/image\/","url":"https:\/\/alphalearning.com\/wp-content\/uploads\/2024\/03\/alphalearning_ico2_512px.png","contentUrl":"https:\/\/alphalearning.com\/wp-content\/uploads\/2024\/03\/alphalearning_ico2_512px.png","width":512,"height":512,"caption":"Alphalearning International"},"image":{"@id":"https:\/\/alphalearning.com\/de\/#\/schema\/logo\/image\/"}}]}},"uagb_featured_image_src":{"full":false,"thumbnail":false,"medium":false,"medium_large":false,"large":false,"1536x1536":false,"2048x2048":false,"gform-image-choice-sm":false,"gform-image-choice-md":false,"gform-image-choice-lg":false},"uagb_author_info":{"display_name":"Julio Machado","author_link":"https:\/\/alphalearning.com\/de\/author\/julio-machado\/"},"uagb_comment_info":0,"uagb_excerpt":"Evaluierungssitzung Einf\u00fchrung in die Evaluierungssitzung Die Evaluierungssitzung bietet potenziellen neuen Klienten die einzigartige Gelegenheit, die Wirksamkeit des Brainwave-III-Systems und der [&hellip;]","_links":{"self":[{"href":"https:\/\/alphalearning.com\/de\/wp-json\/wp\/v2\/pages\/13544","targetHints":{"allow":["GET"]}}],"collection":[{"href":"https:\/\/alphalearning.com\/de\/wp-json\/wp\/v2\/pages"}],"about":[{"href":"https:\/\/alphalearning.com\/de\/wp-json\/wp\/v2\/types\/page"}],"author":[{"embeddable":true,"href":"https:\/\/alphalearning.com\/de\/wp-json\/wp\/v2\/users\/2"}],"replies":[{"embeddable":true,"href":"https:\/\/alphalearning.com\/de\/wp-json\/wp\/v2\/comments?post=13544"}],"version-history":[{"count":9,"href":"https:\/\/alphalearning.com\/de\/wp-json\/wp\/v2\/pages\/13544\/revisions"}],"predecessor-version":[{"id":17217,"href":"https:\/\/alphalearning.com\/de\/wp-json\/wp\/v2\/pages\/13544\/revisions\/17217"}],"up":[{"embeddable":true,"href":"https:\/\/alphalearning.com\/de\/wp-json\/wp\/v2\/pages\/13513"}],"wp:attachment":[{"href":"https:\/\/alphalearning.com\/de\/wp-json\/wp\/v2\/media?parent=13544"}],"curies":[{"name":"wp","href":"https:\/\/api.w.org\/{rel}","templated":true}]}}