{"id":13536,"date":"2024-03-27T16:43:44","date_gmt":"2024-03-27T16:43:44","guid":{"rendered":"https:\/\/alphalearning.com\/unsere-dienstleistungen\/corporate-course\/"},"modified":"2025-06-06T13:19:24","modified_gmt":"2025-06-06T12:19:24","slug":"unternehmen-kurs","status":"publish","type":"page","link":"https:\/\/alphalearning.com\/de\/unsere-dienstleistungen\/unternehmen-kurs\/","title":{"rendered":"Alphalearning Kurs f\u00fcrs Unternehmen: Das Lernen Lernen"},"content":{"rendered":"\n<div class=\"wp-block-uagb-advanced-heading uagb-block-c896b855\"><h1 class=\"uagb-heading-text\">Kurs f\u00fcr Unternehmen<\/h1><\/div>\n\n\n\n<div class=\"wp-block-uagb-container uagb-block-f08b3372 alignfull uagb-is-root-container\"><div class=\"uagb-container-inner-blocks-wrap\">\n<div class=\"wp-block-uagb-advanced-heading uagb-block-5d87b37b\"><h2 class=\"uagb-heading-text\">Unternehmensexzellenz mit Alphalearning entfesseln<\/h2><\/div>\n\n\n\n<p>Alphalearnings Kurs f\u00fcrs Unternehmen vereint die Kernprinzipien unseres renommierten Kurs Das Lernen Lernen mit einem speziell auf das berufliche Umfeld zugeschnittenen Fokus und bietet so einen unvergleichbaren Weg zur Unternehmens-Exzellenz. Durch fortgeschrittene Gehirntrainings-Techniken, Echtzeit-EEG-Analysen und den innovativen Einsatz des Brainwave-III-Systems begeben sich Teilnehmende auf eine transformative Reise. Mit \u00fcber 30 Jahren Alphalearning-Geschichte ist dieser Kurs Ihr Tor zu beeindruckender kognitiver und beruflicher Weiterentwicklung.<\/p>\n\n\n\n<div class=\"wp-block-uagb-advanced-heading uagb-block-893ba876\"><h2 class=\"uagb-heading-text\">Kursziele<\/h2><\/div>\n\n\n\n<p>Exklusiv f\u00fcr CEOs, Direktoren und F\u00fchrungskr\u00e4fte konzipiert, vermittelt dieser Kurs essenzielle F\u00e4higkeiten f\u00fcr berufliche Spitzenleistungen. Die Teilnehmenden perfektionieren ihre Entscheidungsfindung, Kommunikation, Produktivit\u00e4tssteigerung und Zeitmanagement \u2013 jede F\u00e4higkeit wird sorgf\u00e4ltig vertieft, um eine wirkungsvolle Anwendung erfolgreich im Unternehmensalltag zu gew\u00e4hrleisten.<\/p>\n\n\n\n<div class=\"wp-block-uagb-advanced-heading uagb-block-cc5efd8f\"><h2 class=\"uagb-heading-text\">Was unseren Kurs f\u00fcrs Unternehmen auszeichnet<\/h2><\/div>\n\n\n\n<ol class=\"wp-block-list\">\n<li><strong>Verbesserte Entscheidungsfindung:<\/strong> Erreichen und halten Sie die pr\u00e4zisen Beta-Frequenzen, die f\u00fcr eine klare und effektive Entscheidungsfindung entscheidend sind.<\/li>\n\n\n\n<li><strong>Revolution\u00e4re Kommunikationsf\u00e4higkeiten:<\/strong> Verbessern Sie die Kommunikation in Ihrem Team durch Alphalearnings eigens entwickelte Kommunikationstheorie, gest\u00fctzt durch EEG-Analysen.<\/li>\n\n\n\n<li><strong>Gesteigerte Produktivit\u00e4t:<\/strong> Wenden Sie Alphalearning-Techniken an, um die Produktivit\u00e4t im Unternehmen signifikant zu erh\u00f6hen \u2013 individuell an Ihre Unternehmensumgebung angepasst.<\/li>\n\n\n\n<li><strong>Fortschrittliches Zeitmanagement:<\/strong> Erleben Sie einen personalisierten Ansatz zum Zeitmanagement, der bew\u00e4hrte Methoden mit tiefgreifenden philosophischen Einsichten verbindet.<\/li>\n<\/ol>\n\n\n\n<div class=\"wp-block-uagb-advanced-heading uagb-block-005c0cb1\"><h2 class=\"uagb-heading-text\">Erfolgsgeschichten<\/h2><\/div>\n\n\n\n<p><em>\u201eUm es auf den Punkt zu bringen: Das Wissen und die Kompetenz des Alphalearning-Instituts sind f\u00fcr unsere Gesellschaft von gro\u00dfer Bedeutung und m\u00fcssen weithin bekannt werden.\u201c \u2013 Monique Quint, Parlamentsmitglied, Niederlande.<\/em><\/p>\n\n\n\n<p>Unser Kurs hat in verschiedenen Branchen transformative Ver\u00e4nderungen bewirkt. Von ICL Fujitsu, das die Teamdynamik verbesserte, \u00fcber Henkel, das Innovation f\u00f6rderte, bis hin zu Raychem, wo erhebliche berufliche Fortschritte erzielt wurden \u2013 F\u00fchrungskr\u00e4fte haben die konkreten Vorteile unseres Programms erlebt. Jede Erfolgsgeschichte unterstreicht den tiefgreifenden Einfluss, den Alphalearning auf Unternehmenseffizienz und -erfolg hat.<\/p>\n\n\n\n<div class=\"wp-block-uagb-advanced-heading uagb-block-e257af7b\"><h2 class=\"uagb-heading-text\">Kursorganisation und Anpassung<\/h2><\/div>\n\n\n\n<p>Da jedes Unternehmen eigene Anforderungen und Herausforderungen mitbringt, bietet der Alphalearning Kurs f\u00fcrs Unternehmen eine unvergleichliche Flexibilit\u00e4t in Bezug auf Organisation und Inhalte. Ob in Ihren R\u00e4umlichkeiten, in unseren spezialisierten Einrichtungen oder an einem neutralen Ort \u2013 wir stellen sicher, dass der Kurs perfekt zu Ihren Unternehmenszielen passt. Das Programm ist hochgradig anpassbar und adressiert spezifische Herausforderungen und Ambitionen. Jeder Abschnitt wird so gestaltet, dass er sich direkt in messbare Gesch\u00e4ftsergebnisse \u00fcbersetzen l\u00e4sst.<\/p>\n\n\n\n<div class=\"wp-block-uagb-advanced-heading uagb-block-6c123354\"><h2 class=\"uagb-heading-text\">Investition in die Zukunft Ihres Unternehmens<\/h2><\/div>\n\n\n\n<p>Eine Investition in den Kurs f\u00fcrs Unternehmen ist eine Investition in die Zukunft Ihres Unternehmens. Die gesammelten Daten der letzten 30 Jahre zeigen, dass Unternehmen die Kosten des Kurses bereits innerhalb von sechs Monaten vollst\u00e4ndig ausgleichen \u2013 allein durch die Umsetzung der w\u00e4hrend des Kurses erworbenen neuen F\u00e4higkeiten und Strategien. Dar\u00fcber hinaus ergeben sich zus\u00e4tzliche finanzielle und operative Verbesserungen durch die gesteigerte Leistungsf\u00e4higkeit und Entscheidungsst\u00e4rke der F\u00fchrungskr\u00e4fte.<\/p>\n\n\n\n<div class=\"wp-block-uagb-advanced-heading uagb-block-307888ef\"><h2 class=\"uagb-heading-text\">Beginnen Sie Ihre Transformation<\/h2><\/div>\n\n\n\n<p>Sind Sie bereit, die F\u00e4higkeiten Ihres F\u00fchrungsteams zu optimieren und einen unvergleichlichen Unternehmenserfolg voranzutreiben? Buchen Sie noch heute Ihre <a href=\"https:\/\/alphalearning.com\/personalised-consultation\/\">Personalisierte Beratung<\/a> und erfahren Sie, wie unser Kurs f\u00fcrs Unternehmen individuell auf die Bed\u00fcrfnisse Ihres Unternehmens zugeschnitten werden kann.<\/p>\n<\/div><\/div>\n\n\n\n<div class=\"wp-block-uagb-container uagb-block-e7248b38 alignfull uagb-is-root-container\"><div class=\"uagb-container-inner-blocks-wrap\">\n<div class=\"wp-block-uagb-container uagb-block-1ec55a6b\">\n<div class=\"wp-block-uagb-buttons uagb-buttons__outer-wrap uagb-btn__default-btn uagb-btn-tablet__default-btn uagb-btn-mobile__default-btn uagb-block-379c62b6\"><div class=\"uagb-buttons__wrap uagb-buttons-layout-wrap \">\n<div class=\"wp-block-uagb-buttons-child uagb-buttons__outer-wrap uagb-block-31b8dfca wp-block-button\"><div class=\"uagb-button__wrapper\"><a class=\"uagb-buttons-repeater wp-block-button__link\" aria-label=\"\" href=\"https:\/\/alphalearning.com\/de\/personalisierte-beratung\/\" rel=\"nofollow noopener\" target=\"_self\" role=\"button\"><div class=\"uagb-button__link\">Buchen Sie Ihre Personalisierte Beratung<\/div><\/a><\/div><\/div>\n<\/div><\/div>\n<\/div>\n\n\n\n<div class=\"wp-block-uagb-container uagb-block-18fb636a\">\n<div class=\"wp-block-uagb-buttons uagb-buttons__outer-wrap uagb-btn__default-btn uagb-btn-tablet__default-btn uagb-btn-mobile__default-btn uagb-block-cc81ba1e\"><div class=\"uagb-buttons__wrap uagb-buttons-layout-wrap \">\n<div class=\"wp-block-uagb-buttons-child uagb-buttons__outer-wrap uagb-block-248d2c85 wp-block-button\"><div class=\"uagb-button__wrapper\"><a class=\"uagb-buttons-repeater wp-block-button__link\" aria-label=\"\" href=\"https:\/\/alphalearning.com\/de\/kursanmeldung\/\" rel=\"nofollow noopener\" target=\"_self\" role=\"button\"><div class=\"uagb-button__link\">Ich bin bereit zur Anmeldung<\/div><\/a><\/div><\/div>\n<\/div><\/div>\n<\/div>\n<\/div><\/div>\n\n\n\n<div class=\"wp-block-uagb-container uagb-block-3de2eb10 alignfull uagb-is-root-container\"><div class=\"uagb-container-inner-blocks-wrap\">\n<hr class=\"wp-block-separator has-text-color has-alpha-channel-opacity has-background is-style-wide\" style=\"background-color:#f4524d;color:#f4524d\"\/>\n\n\n\n<p class=\"has-text-align-right\"><strong>Zus\u00e4tzliche Lekt\u00fcre:<\/strong><br><a href=\"https:\/\/alphalearning.com\/de\/kommentare-von-alphalearning-klienten\/\">Kommentare von Alphalearning-Klienten<\/a><br><a href=\"https:\/\/alphalearning.com\/de\/weltpresse\/\">Alphalearning in der Weltpresse<\/a><br><a href=\"https:\/\/alphalearning.com\/de\/einfuehrung-zur-gehirnbalance\/\">Einf\u00fchrung in die Gehirnbalance<\/a><br><a href=\"https:\/\/alphalearning.com\/de\/was-sind-die-alpha-und-theta-gehirnwellen\/\">Was sind Alpha- und Theta-Gehirnwellen?<\/a><\/p>\n<\/div><\/div>\n","protected":false},"excerpt":{"rendered":"<p>Kurs f\u00fcr Unternehmen Unternehmensexzellenz mit Alphalearning entfesseln Alphalearnings Kurs f\u00fcrs Unternehmen vereint die Kernprinzipien unseres renommierten Kurs Das Lernen Lernen [&hellip;]<\/p>\n","protected":false},"author":2,"featured_media":0,"parent":13513,"menu_order":515,"comment_status":"closed","ping_status":"closed","template":"","meta":{"_uag_custom_page_level_css":"","site-sidebar-layout":"default","site-content-layout":"","ast-site-content-layout":"default","site-content-style":"default","site-sidebar-style":"default","ast-global-header-display":"","ast-banner-title-visibility":"","ast-main-header-display":"","ast-hfb-above-header-display":"","ast-hfb-below-header-display":"","ast-hfb-mobile-header-display":"","site-post-title":"disabled","ast-breadcrumbs-content":"","ast-featured-img":"","footer-sml-layout":"","ast-disable-related-posts":"","theme-transparent-header-meta":"","adv-header-id-meta":"","stick-header-meta":"","header-above-stick-meta":"","header-main-stick-meta":"","header-below-stick-meta":"","astra-migrate-meta-layouts":"default","ast-page-background-enabled":"default","ast-page-background-meta":{"desktop":{"background-color":"var(--ast-global-color-4)","background-image":"","background-repeat":"repeat","background-position":"center center","background-size":"auto","background-attachment":"scroll","background-type":"","background-media":"","overlay-type":"","overlay-color":"","overlay-opacity":"","overlay-gradient":""},"tablet":{"background-color":"","background-image":"","background-repeat":"repeat","background-position":"center center","background-size":"auto","background-attachment":"scroll","background-type":"","background-media":"","overlay-type":"","overlay-color":"","overlay-opacity":"","overlay-gradient":""},"mobile":{"background-color":"","background-image":"","background-repeat":"repeat","background-position":"center center","background-size":"auto","background-attachment":"scroll","background-type":"","background-media":"","overlay-type":"","overlay-color":"","overlay-opacity":"","overlay-gradient":""}},"ast-content-background-meta":{"desktop":{"background-color":"var(--ast-global-color-5)","background-image":"","background-repeat":"repeat","background-position":"center center","background-size":"auto","background-attachment":"scroll","background-type":"","background-media":"","overlay-type":"","overlay-color":"","overlay-opacity":"","overlay-gradient":""},"tablet":{"background-color":"var(--ast-global-color-5)","background-image":"","background-repeat":"repeat","background-position":"center center","background-size":"auto","background-attachment":"scroll","background-type":"","background-media":"","overlay-type":"","overlay-color":"","overlay-opacity":"","overlay-gradient":""},"mobile":{"background-color":"var(--ast-global-color-5)","background-image":"","background-repeat":"repeat","background-position":"center center","background-size":"auto","background-attachment":"scroll","background-type":"","background-media":"","overlay-type":"","overlay-color":"","overlay-opacity":"","overlay-gradient":""}},"footnotes":""},"class_list":["post-13536","page","type-page","status-publish","hentry"],"yoast_head":"<!-- This site is optimized with the Yoast SEO plugin v27.1.1 - https:\/\/yoast.com\/product\/yoast-seo-wordpress\/ -->\n<title>Alphalearning Kurs f\u00fcrs Unternehmen: F\u00fchrungsexzellenz<\/title>\n<meta name=\"description\" content=\"Entdecken Sie Alphalearnings Kurs f\u00fcrs Unternehmen, um Entscheidungsfindung, Produktivit\u00e4t und Teamdynamik mit fortgeschrittenem Gehirntraining zu verbessern.\" \/>\n<meta name=\"robots\" content=\"index, follow, max-snippet:-1, max-image-preview:large, max-video-preview:-1\" \/>\n<link rel=\"canonical\" href=\"https:\/\/alphalearning.com\/de\/unsere-dienstleistungen\/unternehmen-kurs\/\" \/>\n<meta property=\"og:locale\" content=\"de_DE\" \/>\n<meta property=\"og:type\" content=\"article\" \/>\n<meta property=\"og:title\" content=\"Alphalearning Kurs f\u00fcrs Unternehmen: F\u00fchrungsexzellenz\" \/>\n<meta property=\"og:description\" content=\"Entdecken Sie Alphalearnings Kurs f\u00fcrs Unternehmen, um Entscheidungsfindung, Produktivit\u00e4t und Teamdynamik mit fortgeschrittenem Gehirntraining zu verbessern.\" \/>\n<meta property=\"og:url\" content=\"https:\/\/alphalearning.com\/de\/unsere-dienstleistungen\/unternehmen-kurs\/\" \/>\n<meta property=\"og:site_name\" content=\"Alphalearning International\" \/>\n<meta property=\"article:modified_time\" content=\"2025-06-06T12:19:24+00:00\" \/>\n<meta property=\"og:image\" content=\"https:\/\/alphalearning.com\/wp-content\/uploads\/2024\/04\/alphalearning-logo_red_1200x675px.png\" \/>\n\t<meta property=\"og:image:width\" content=\"1200\" \/>\n\t<meta property=\"og:image:height\" content=\"675\" \/>\n\t<meta property=\"og:image:type\" content=\"image\/png\" \/>\n<meta name=\"twitter:card\" content=\"summary_large_image\" \/>\n<meta name=\"twitter:label1\" content=\"Est. reading time\" \/>\n\t<meta name=\"twitter:data1\" content=\"3 minutes\" \/>\n<!-- \/ Yoast SEO plugin. -->","yoast_head_json":{"title":"Alphalearning Kurs f\u00fcrs Unternehmen: F\u00fchrungsexzellenz","description":"Entdecken Sie Alphalearnings Kurs f\u00fcrs Unternehmen, um Entscheidungsfindung, Produktivit\u00e4t und Teamdynamik mit fortgeschrittenem Gehirntraining zu verbessern.","robots":{"index":"index","follow":"follow","max-snippet":"max-snippet:-1","max-image-preview":"max-image-preview:large","max-video-preview":"max-video-preview:-1"},"canonical":"https:\/\/alphalearning.com\/de\/unsere-dienstleistungen\/unternehmen-kurs\/","og_locale":"de_DE","og_type":"article","og_title":"Alphalearning Kurs f\u00fcrs Unternehmen: F\u00fchrungsexzellenz","og_description":"Entdecken Sie Alphalearnings Kurs f\u00fcrs Unternehmen, um Entscheidungsfindung, Produktivit\u00e4t und Teamdynamik mit fortgeschrittenem Gehirntraining zu verbessern.","og_url":"https:\/\/alphalearning.com\/de\/unsere-dienstleistungen\/unternehmen-kurs\/","og_site_name":"Alphalearning International","article_modified_time":"2025-06-06T12:19:24+00:00","og_image":[{"width":1200,"height":675,"url":"https:\/\/alphalearning.com\/wp-content\/uploads\/2024\/04\/alphalearning-logo_red_1200x675px.png","type":"image\/png"}],"twitter_card":"summary_large_image","twitter_misc":{"Est. reading time":"3 minutes"},"schema":{"@context":"https:\/\/schema.org","@graph":[{"@type":"WebPage","@id":"https:\/\/alphalearning.com\/de\/unsere-dienstleistungen\/unternehmen-kurs\/","url":"https:\/\/alphalearning.com\/de\/unsere-dienstleistungen\/unternehmen-kurs\/","name":"Alphalearning Kurs f\u00fcrs Unternehmen: F\u00fchrungsexzellenz","isPartOf":{"@id":"https:\/\/alphalearning.com\/de\/#website"},"datePublished":"2024-03-27T16:43:44+00:00","dateModified":"2025-06-06T12:19:24+00:00","description":"Entdecken Sie Alphalearnings Kurs f\u00fcrs Unternehmen, um Entscheidungsfindung, Produktivit\u00e4t und Teamdynamik mit fortgeschrittenem Gehirntraining zu verbessern.","breadcrumb":{"@id":"https:\/\/alphalearning.com\/de\/unsere-dienstleistungen\/unternehmen-kurs\/#breadcrumb"},"inLanguage":"de","potentialAction":[{"@type":"ReadAction","target":["https:\/\/alphalearning.com\/de\/unsere-dienstleistungen\/unternehmen-kurs\/"]}]},{"@type":"BreadcrumbList","@id":"https:\/\/alphalearning.com\/de\/unsere-dienstleistungen\/unternehmen-kurs\/#breadcrumb","itemListElement":[{"@type":"ListItem","position":1,"name":"Home","item":"https:\/\/alphalearning.com\/de\/"},{"@type":"ListItem","position":2,"name":"Unsere Dienstleistungen","item":"https:\/\/alphalearning.com\/de\/unsere-dienstleistungen\/"},{"@type":"ListItem","position":3,"name":"Alphalearning Kurs f\u00fcrs Unternehmen: Das Lernen Lernen"}]},{"@type":"WebSite","@id":"https:\/\/alphalearning.com\/de\/#website","url":"https:\/\/alphalearning.com\/de\/","name":"Alphalearning International","description":"the brain training institute","publisher":{"@id":"https:\/\/alphalearning.com\/de\/#organization"},"potentialAction":[{"@type":"SearchAction","target":{"@type":"EntryPoint","urlTemplate":"https:\/\/alphalearning.com\/de\/?s={search_term_string}"},"query-input":{"@type":"PropertyValueSpecification","valueRequired":true,"valueName":"search_term_string"}}],"inLanguage":"de"},{"@type":"Organization","@id":"https:\/\/alphalearning.com\/de\/#organization","name":"Alphalearning International","url":"https:\/\/alphalearning.com\/de\/","logo":{"@type":"ImageObject","inLanguage":"de","@id":"https:\/\/alphalearning.com\/de\/#\/schema\/logo\/image\/","url":"https:\/\/alphalearning.com\/wp-content\/uploads\/2024\/03\/alphalearning_ico2_512px.png","contentUrl":"https:\/\/alphalearning.com\/wp-content\/uploads\/2024\/03\/alphalearning_ico2_512px.png","width":512,"height":512,"caption":"Alphalearning International"},"image":{"@id":"https:\/\/alphalearning.com\/de\/#\/schema\/logo\/image\/"}}]}},"uagb_featured_image_src":{"full":false,"thumbnail":false,"medium":false,"medium_large":false,"large":false,"1536x1536":false,"2048x2048":false,"gform-image-choice-sm":false,"gform-image-choice-md":false,"gform-image-choice-lg":false},"uagb_author_info":{"display_name":"Julio Machado","author_link":"https:\/\/alphalearning.com\/de\/author\/julio-machado\/"},"uagb_comment_info":0,"uagb_excerpt":"Kurs f\u00fcr Unternehmen Unternehmensexzellenz mit Alphalearning entfesseln Alphalearnings Kurs f\u00fcrs Unternehmen vereint die Kernprinzipien unseres renommierten Kurs Das Lernen Lernen [&hellip;]","_links":{"self":[{"href":"https:\/\/alphalearning.com\/de\/wp-json\/wp\/v2\/pages\/13536","targetHints":{"allow":["GET"]}}],"collection":[{"href":"https:\/\/alphalearning.com\/de\/wp-json\/wp\/v2\/pages"}],"about":[{"href":"https:\/\/alphalearning.com\/de\/wp-json\/wp\/v2\/types\/page"}],"author":[{"embeddable":true,"href":"https:\/\/alphalearning.com\/de\/wp-json\/wp\/v2\/users\/2"}],"replies":[{"embeddable":true,"href":"https:\/\/alphalearning.com\/de\/wp-json\/wp\/v2\/comments?post=13536"}],"version-history":[{"count":6,"href":"https:\/\/alphalearning.com\/de\/wp-json\/wp\/v2\/pages\/13536\/revisions"}],"predecessor-version":[{"id":16632,"href":"https:\/\/alphalearning.com\/de\/wp-json\/wp\/v2\/pages\/13536\/revisions\/16632"}],"up":[{"embeddable":true,"href":"https:\/\/alphalearning.com\/de\/wp-json\/wp\/v2\/pages\/13513"}],"wp:attachment":[{"href":"https:\/\/alphalearning.com\/de\/wp-json\/wp\/v2\/media?parent=13536"}],"curies":[{"name":"wp","href":"https:\/\/api.w.org\/{rel}","templated":true}]}}