{"id":13520,"date":"2024-03-27T16:43:04","date_gmt":"2024-03-27T16:43:04","guid":{"rendered":"https:\/\/alphalearning.com\/unsere-dienstleistungen\/7-day-immersive-mastery-course\/"},"modified":"2025-06-06T13:18:38","modified_gmt":"2025-06-06T12:18:38","slug":"7-taegiger-vertiefender-masterkurs","status":"publish","type":"page","link":"https:\/\/alphalearning.com\/de\/unsere-dienstleistungen\/7-taegiger-vertiefender-masterkurs\/","title":{"rendered":"Alphalearning 7-Tage Vertiefender Masterkurs"},"content":{"rendered":"\n<div class=\"wp-block-uagb-advanced-heading uagb-block-71cd6479\"><h1 class=\"uagb-heading-text\">7-T\u00e4giger Vertiefender Masterkurs<\/h1><\/div>\n\n\n\n<div class=\"wp-block-uagb-container uagb-block-162ca34b alignfull uagb-is-root-container\"><div class=\"uagb-container-inner-blocks-wrap\">\n<div class=\"wp-block-uagb-advanced-heading uagb-block-712e5710\"><h2 class=\"uagb-heading-text\">Kurs\u00fcbersicht<\/h2><\/div>\n\n\n\n<p>Der: <strong>7-T\u00e4gige Vertiefende Masterkurs<\/strong> von Alphalearning ist ein H\u00f6hepunkt kognitiver Verbesserung und pers\u00f6nlicher Entwicklung. Er \u00fcberschreitet die traditionellen Grenzen des Lernens und bietet eine ganzheitliche, tiefgehende Erforschung von Gehirntrainingstechniken f\u00fcr Personen, die ihre kognitiven F\u00e4higkeiten steigern, ihr pers\u00f6nliches Wohlbefinden verbessern und neue Dimensionen beruflicher Leistungen erschlie\u00dfen m\u00f6chten.<\/p>\n\n\n\n<div class=\"wp-block-uagb-advanced-heading uagb-block-ea7abf84\"><h2 class=\"uagb-heading-text\">Umfassende Kursziele<\/h2><\/div>\n\n\n\n<p>Dieser Kurs deckt ein breites Spektrum an Zielen ab, damit die Teilnehmenden Folgendes erreichen:<\/p>\n\n\n\n<ul class=\"wp-block-list\">\n<li>Fortgeschrittene Beherrschung von Schnelllese- und Wissensaufnahmetechniken.<\/li>\n\n\n\n<li>Verbesserte akademische und berufliche Leistungen durch pr\u00e4zise abgestimmte Methoden.<\/li>\n\n\n\n<li>Deutliche Fortschritte im Zeitmanagement mithilfe der einzigartigen Methoden von Alphalearning.<\/li>\n\n\n\n<li>Tiefere Einsicht und Praxis von Meditation und ver\u00e4nderten Bewusstseinszust\u00e4nden f\u00fcr tiefgreifendes pers\u00f6nliches Wachstum.<\/li>\n\n\n\n<li>Individuell anpassbare praktische \u00dcbungseinheiten basierend auf pers\u00f6nlichen Priorit\u00e4ten, einschlie\u00dflich (aber nicht beschr\u00e4nkt auf) Verteidigung einer Abschlussarbeit, k\u00fcnstlerische Darbietungen und F\u00fchrungsentscheidungen.<\/li>\n<\/ul>\n\n\n\n<div class=\"wp-block-uagb-advanced-heading uagb-block-09ae0bd9\"><h2 class=\"uagb-heading-text\">Besondere Merkmale des Kurses<\/h2><\/div>\n\n\n\n<p>Teilnehmende des 7-T\u00e4gigen Vertiefenden Masterkurses profitieren von folgenden exklusiven Vorteilen:<\/p>\n\n\n\n<ul class=\"wp-block-list\">\n<li><strong>Pers\u00f6nliche Betreuung:<\/strong> Direkte 1:1-Mentorschaft durch den Forschungsdirektor von Alphalearning.<\/li>\n\n\n\n<li><strong>Vielf\u00e4ltige Kompetenzentwicklung:<\/strong> Ein Lehrplan, der eine breite Palette kognitiver und beruflicher F\u00e4higkeiten abdeckt.<\/li>\n\n\n\n<li><strong>Hochwertige Lernumgebung:<\/strong> Durchf\u00fchrung in einem F\u00fcnf-Sterne-Luxushotel in Porto (Portugal), um eine optimale Lernatmosph\u00e4re zu gew\u00e4hrleisten.<\/li>\n\n\n\n<li><strong>Alphalearning-Signaturtechniken:<\/strong> Zugang zu firmeigenen Methoden des Gehirntrainings und der Leistungssteigerung.<\/li>\n<\/ul>\n\n\n\n<div class=\"wp-block-uagb-advanced-heading uagb-block-d04eb24e\"><h2 class=\"uagb-heading-text\">Optimierte Lernerfahrung<\/h2><\/div>\n\n\n\n<p>Ihre Reise mit dem 7-T\u00e4gigen Vertiefenden Masterkurs umfasst:<\/p>\n\n\n\n<ul class=\"wp-block-list\">\n<li>Luxuri\u00f6se Unterbringung in einem F\u00fcnf-Sterne-Hotel, das Komfort und Ruhe f\u00fcr ein effektives Lernumfeld bietet.<\/li>\n\n\n\n<li>Erlesene Fr\u00fchst\u00fccksvariationen jeden Morgen, um energiegeladen in die intensiven Lerneinheiten zu starten.<\/li>\n\n\n\n<li>Nahtlose Flughafentransfers, damit Sie sich um nichts sorgen m\u00fcssen.<\/li>\n\n\n\n<li>Kontinuierliche Unterst\u00fctzung und Begleitung nach dem Kurs, um die gelernten Techniken nachhaltig zu integrieren und anzuwenden.<\/li>\n<\/ul>\n\n\n\n<div class=\"wp-block-uagb-advanced-heading uagb-block-4d47ca75\"><h2 class=\"uagb-heading-text\">Starten Sie Ihre Reise zur Meisterschaft<\/h2><\/div>\n\n\n\n<p>Erweitern Sie Ihre kognitiven F\u00e4higkeiten und finden Sie ein harmonisches Gleichgewicht zwischen pers\u00f6nlicher Erf\u00fcllung und beruflicher Exzellenz. <a href=\"https:\/\/alphalearning.com\/personalised-consultation\/\">Buchen Sie noch heute Ihre Personalisierte Beratung<\/a>, um den Alphalearning 7-Tage Vertiefender Masterkurs auf Ihre individuellen Ziele abzustimmen.<\/p>\n<\/div><\/div>\n\n\n\n<div class=\"wp-block-uagb-container uagb-block-e7248b38 alignfull uagb-is-root-container\"><div class=\"uagb-container-inner-blocks-wrap\">\n<div class=\"wp-block-uagb-container uagb-block-1ec55a6b\">\n<div class=\"wp-block-uagb-buttons uagb-buttons__outer-wrap uagb-btn__default-btn uagb-btn-tablet__default-btn uagb-btn-mobile__default-btn uagb-block-379c62b6\"><div class=\"uagb-buttons__wrap uagb-buttons-layout-wrap \">\n<div class=\"wp-block-uagb-buttons-child uagb-buttons__outer-wrap uagb-block-31b8dfca wp-block-button\"><div class=\"uagb-button__wrapper\"><a class=\"uagb-buttons-repeater wp-block-button__link\" aria-label=\"\" href=\"https:\/\/alphalearning.com\/de\/personalisierte-beratung\/\" rel=\"nofollow noopener\" target=\"_self\" role=\"button\"><div class=\"uagb-button__link\">Buchen Sie Ihre Personalisierte Beratung<\/div><\/a><\/div><\/div>\n<\/div><\/div>\n<\/div>\n\n\n\n<div class=\"wp-block-uagb-container uagb-block-18fb636a\">\n<div class=\"wp-block-uagb-buttons uagb-buttons__outer-wrap uagb-btn__default-btn uagb-btn-tablet__default-btn uagb-btn-mobile__default-btn uagb-block-cc81ba1e\"><div class=\"uagb-buttons__wrap uagb-buttons-layout-wrap \">\n<div class=\"wp-block-uagb-buttons-child uagb-buttons__outer-wrap uagb-block-248d2c85 wp-block-button\"><div class=\"uagb-button__wrapper\"><a class=\"uagb-buttons-repeater wp-block-button__link\" aria-label=\"\" href=\"https:\/\/alphalearning.com\/de\/kursanmeldung\/\" rel=\"nofollow noopener\" target=\"_self\" role=\"button\"><div class=\"uagb-button__link\">Ich bin bereit zur Anmeldung<\/div><\/a><\/div><\/div>\n<\/div><\/div>\n<\/div>\n<\/div><\/div>\n\n\n\n<div class=\"wp-block-uagb-container uagb-block-3de2eb10 alignfull uagb-is-root-container\"><div class=\"uagb-container-inner-blocks-wrap\">\n<hr class=\"wp-block-separator has-text-color has-alpha-channel-opacity has-background is-style-wide\" style=\"background-color:#f4524d;color:#f4524d\"\/>\n\n\n\n<p class=\"has-text-align-right\"><strong>Zus\u00e4tzliche Lekt\u00fcre:<\/strong><br><a href=\"https:\/\/alphalearning.com\/de\/kommentare-von-alphalearning-klienten\/\">Kommentare von Alphalearning-Kunden<\/a><br><a href=\"https:\/\/alphalearning.com\/de\/weltpresse\/\">Alphalearning in der Weltpresse<\/a><br><a href=\"https:\/\/alphalearning.com\/de\/einfuehrung-zur-gehirnbalance\/\">Einf\u00fchrung in die Gehirnbalance<\/a><br><a href=\"https:\/\/alphalearning.com\/de\/was-sind-die-alpha-und-theta-gehirnwellen\/\">Was sind Alpha- und Theta-Gehirnwellen?<\/a><\/p>\n<\/div><\/div>\n","protected":false},"excerpt":{"rendered":"<p>7-T\u00e4giger Vertiefender Masterkurs Kurs\u00fcbersicht Der: 7-T\u00e4gige Vertiefende Masterkurs von Alphalearning ist ein H\u00f6hepunkt kognitiver Verbesserung und pers\u00f6nlicher Entwicklung. Er \u00fcberschreitet [&hellip;]<\/p>\n","protected":false},"author":2,"featured_media":0,"parent":13513,"menu_order":505,"comment_status":"closed","ping_status":"closed","template":"","meta":{"_uag_custom_page_level_css":"","site-sidebar-layout":"default","site-content-layout":"","ast-site-content-layout":"default","site-content-style":"default","site-sidebar-style":"default","ast-global-header-display":"","ast-banner-title-visibility":"","ast-main-header-display":"","ast-hfb-above-header-display":"","ast-hfb-below-header-display":"","ast-hfb-mobile-header-display":"","site-post-title":"disabled","ast-breadcrumbs-content":"","ast-featured-img":"","footer-sml-layout":"","ast-disable-related-posts":"","theme-transparent-header-meta":"","adv-header-id-meta":"","stick-header-meta":"","header-above-stick-meta":"","header-main-stick-meta":"","header-below-stick-meta":"","astra-migrate-meta-layouts":"default","ast-page-background-enabled":"default","ast-page-background-meta":{"desktop":{"background-color":"var(--ast-global-color-4)","background-image":"","background-repeat":"repeat","background-position":"center center","background-size":"auto","background-attachment":"scroll","background-type":"","background-media":"","overlay-type":"","overlay-color":"","overlay-opacity":"","overlay-gradient":""},"tablet":{"background-color":"","background-image":"","background-repeat":"repeat","background-position":"center center","background-size":"auto","background-attachment":"scroll","background-type":"","background-media":"","overlay-type":"","overlay-color":"","overlay-opacity":"","overlay-gradient":""},"mobile":{"background-color":"","background-image":"","background-repeat":"repeat","background-position":"center center","background-size":"auto","background-attachment":"scroll","background-type":"","background-media":"","overlay-type":"","overlay-color":"","overlay-opacity":"","overlay-gradient":""}},"ast-content-background-meta":{"desktop":{"background-color":"var(--ast-global-color-5)","background-image":"","background-repeat":"repeat","background-position":"center center","background-size":"auto","background-attachment":"scroll","background-type":"","background-media":"","overlay-type":"","overlay-color":"","overlay-opacity":"","overlay-gradient":""},"tablet":{"background-color":"var(--ast-global-color-5)","background-image":"","background-repeat":"repeat","background-position":"center center","background-size":"auto","background-attachment":"scroll","background-type":"","background-media":"","overlay-type":"","overlay-color":"","overlay-opacity":"","overlay-gradient":""},"mobile":{"background-color":"var(--ast-global-color-5)","background-image":"","background-repeat":"repeat","background-position":"center center","background-size":"auto","background-attachment":"scroll","background-type":"","background-media":"","overlay-type":"","overlay-color":"","overlay-opacity":"","overlay-gradient":""}},"footnotes":""},"class_list":["post-13520","page","type-page","status-publish","hentry"],"yoast_head":"<!-- This site is optimized with the Yoast SEO plugin v27.1.1 - https:\/\/yoast.com\/product\/yoast-seo-wordpress\/ -->\n<title>Alphalearning 7-T\u00e4giger Vertiefender Masterkurs: Gehirntraining<\/title>\n<meta name=\"description\" content=\"Entfesseln Sie Ihr kognitives Potenzial mit fortgeschrittenem Gehirntraining und pers\u00f6nlicher Mentorschaft. Erreichen Sie pers\u00f6nliches und berufliches Wachstum.\" \/>\n<meta name=\"robots\" content=\"index, follow, max-snippet:-1, max-image-preview:large, max-video-preview:-1\" \/>\n<link rel=\"canonical\" href=\"https:\/\/alphalearning.com\/de\/unsere-dienstleistungen\/7-taegiger-vertiefender-masterkurs\/\" \/>\n<meta property=\"og:locale\" content=\"de_DE\" \/>\n<meta property=\"og:type\" content=\"article\" \/>\n<meta property=\"og:title\" content=\"Alphalearning 7-T\u00e4giger Vertiefender Masterkurs: Gehirntraining\" \/>\n<meta property=\"og:description\" content=\"Entfesseln Sie Ihr kognitives Potenzial mit fortgeschrittenem Gehirntraining und pers\u00f6nlicher Mentorschaft. Erreichen Sie pers\u00f6nliches und berufliches Wachstum.\" \/>\n<meta property=\"og:url\" content=\"https:\/\/alphalearning.com\/de\/unsere-dienstleistungen\/7-taegiger-vertiefender-masterkurs\/\" \/>\n<meta property=\"og:site_name\" content=\"Alphalearning International\" \/>\n<meta property=\"article:modified_time\" content=\"2025-06-06T12:18:38+00:00\" \/>\n<meta property=\"og:image\" content=\"https:\/\/alphalearning.com\/wp-content\/uploads\/2024\/04\/alphalearning-logo_red_1200x675px.png\" \/>\n\t<meta property=\"og:image:width\" content=\"1200\" \/>\n\t<meta property=\"og:image:height\" content=\"675\" \/>\n\t<meta property=\"og:image:type\" content=\"image\/png\" \/>\n<meta name=\"twitter:card\" content=\"summary_large_image\" \/>\n<meta name=\"twitter:label1\" content=\"Est. reading time\" \/>\n\t<meta name=\"twitter:data1\" content=\"2 minutes\" \/>\n<!-- \/ Yoast SEO plugin. -->","yoast_head_json":{"title":"Alphalearning 7-T\u00e4giger Vertiefender Masterkurs: Gehirntraining","description":"Entfesseln Sie Ihr kognitives Potenzial mit fortgeschrittenem Gehirntraining und pers\u00f6nlicher Mentorschaft. Erreichen Sie pers\u00f6nliches und berufliches Wachstum.","robots":{"index":"index","follow":"follow","max-snippet":"max-snippet:-1","max-image-preview":"max-image-preview:large","max-video-preview":"max-video-preview:-1"},"canonical":"https:\/\/alphalearning.com\/de\/unsere-dienstleistungen\/7-taegiger-vertiefender-masterkurs\/","og_locale":"de_DE","og_type":"article","og_title":"Alphalearning 7-T\u00e4giger Vertiefender Masterkurs: Gehirntraining","og_description":"Entfesseln Sie Ihr kognitives Potenzial mit fortgeschrittenem Gehirntraining und pers\u00f6nlicher Mentorschaft. Erreichen Sie pers\u00f6nliches und berufliches Wachstum.","og_url":"https:\/\/alphalearning.com\/de\/unsere-dienstleistungen\/7-taegiger-vertiefender-masterkurs\/","og_site_name":"Alphalearning International","article_modified_time":"2025-06-06T12:18:38+00:00","og_image":[{"width":1200,"height":675,"url":"https:\/\/alphalearning.com\/wp-content\/uploads\/2024\/04\/alphalearning-logo_red_1200x675px.png","type":"image\/png"}],"twitter_card":"summary_large_image","twitter_misc":{"Est. reading time":"2 minutes"},"schema":{"@context":"https:\/\/schema.org","@graph":[{"@type":"WebPage","@id":"https:\/\/alphalearning.com\/de\/unsere-dienstleistungen\/7-taegiger-vertiefender-masterkurs\/","url":"https:\/\/alphalearning.com\/de\/unsere-dienstleistungen\/7-taegiger-vertiefender-masterkurs\/","name":"Alphalearning 7-T\u00e4giger Vertiefender Masterkurs: Gehirntraining","isPartOf":{"@id":"https:\/\/alphalearning.com\/de\/#website"},"datePublished":"2024-03-27T16:43:04+00:00","dateModified":"2025-06-06T12:18:38+00:00","description":"Entfesseln Sie Ihr kognitives Potenzial mit fortgeschrittenem Gehirntraining und pers\u00f6nlicher Mentorschaft. Erreichen Sie pers\u00f6nliches und berufliches Wachstum.","breadcrumb":{"@id":"https:\/\/alphalearning.com\/de\/unsere-dienstleistungen\/7-taegiger-vertiefender-masterkurs\/#breadcrumb"},"inLanguage":"de","potentialAction":[{"@type":"ReadAction","target":["https:\/\/alphalearning.com\/de\/unsere-dienstleistungen\/7-taegiger-vertiefender-masterkurs\/"]}]},{"@type":"BreadcrumbList","@id":"https:\/\/alphalearning.com\/de\/unsere-dienstleistungen\/7-taegiger-vertiefender-masterkurs\/#breadcrumb","itemListElement":[{"@type":"ListItem","position":1,"name":"Home","item":"https:\/\/alphalearning.com\/de\/"},{"@type":"ListItem","position":2,"name":"Unsere Dienstleistungen","item":"https:\/\/alphalearning.com\/de\/unsere-dienstleistungen\/"},{"@type":"ListItem","position":3,"name":"Alphalearning 7-Tage Vertiefender Masterkurs"}]},{"@type":"WebSite","@id":"https:\/\/alphalearning.com\/de\/#website","url":"https:\/\/alphalearning.com\/de\/","name":"Alphalearning International","description":"the brain training institute","publisher":{"@id":"https:\/\/alphalearning.com\/de\/#organization"},"potentialAction":[{"@type":"SearchAction","target":{"@type":"EntryPoint","urlTemplate":"https:\/\/alphalearning.com\/de\/?s={search_term_string}"},"query-input":{"@type":"PropertyValueSpecification","valueRequired":true,"valueName":"search_term_string"}}],"inLanguage":"de"},{"@type":"Organization","@id":"https:\/\/alphalearning.com\/de\/#organization","name":"Alphalearning International","url":"https:\/\/alphalearning.com\/de\/","logo":{"@type":"ImageObject","inLanguage":"de","@id":"https:\/\/alphalearning.com\/de\/#\/schema\/logo\/image\/","url":"https:\/\/alphalearning.com\/wp-content\/uploads\/2024\/03\/alphalearning_ico2_512px.png","contentUrl":"https:\/\/alphalearning.com\/wp-content\/uploads\/2024\/03\/alphalearning_ico2_512px.png","width":512,"height":512,"caption":"Alphalearning International"},"image":{"@id":"https:\/\/alphalearning.com\/de\/#\/schema\/logo\/image\/"}}]}},"uagb_featured_image_src":{"full":false,"thumbnail":false,"medium":false,"medium_large":false,"large":false,"1536x1536":false,"2048x2048":false,"gform-image-choice-sm":false,"gform-image-choice-md":false,"gform-image-choice-lg":false},"uagb_author_info":{"display_name":"Julio Machado","author_link":"https:\/\/alphalearning.com\/de\/author\/julio-machado\/"},"uagb_comment_info":0,"uagb_excerpt":"7-T\u00e4giger Vertiefender Masterkurs Kurs\u00fcbersicht Der: 7-T\u00e4gige Vertiefende Masterkurs von Alphalearning ist ein H\u00f6hepunkt kognitiver Verbesserung und pers\u00f6nlicher Entwicklung. Er \u00fcberschreitet [&hellip;]","_links":{"self":[{"href":"https:\/\/alphalearning.com\/de\/wp-json\/wp\/v2\/pages\/13520","targetHints":{"allow":["GET"]}}],"collection":[{"href":"https:\/\/alphalearning.com\/de\/wp-json\/wp\/v2\/pages"}],"about":[{"href":"https:\/\/alphalearning.com\/de\/wp-json\/wp\/v2\/types\/page"}],"author":[{"embeddable":true,"href":"https:\/\/alphalearning.com\/de\/wp-json\/wp\/v2\/users\/2"}],"replies":[{"embeddable":true,"href":"https:\/\/alphalearning.com\/de\/wp-json\/wp\/v2\/comments?post=13520"}],"version-history":[{"count":11,"href":"https:\/\/alphalearning.com\/de\/wp-json\/wp\/v2\/pages\/13520\/revisions"}],"predecessor-version":[{"id":16628,"href":"https:\/\/alphalearning.com\/de\/wp-json\/wp\/v2\/pages\/13520\/revisions\/16628"}],"up":[{"embeddable":true,"href":"https:\/\/alphalearning.com\/de\/wp-json\/wp\/v2\/pages\/13513"}],"wp:attachment":[{"href":"https:\/\/alphalearning.com\/de\/wp-json\/wp\/v2\/media?parent=13520"}],"curies":[{"name":"wp","href":"https:\/\/api.w.org\/{rel}","templated":true}]}}