{"id":13513,"date":"2024-03-27T16:18:19","date_gmt":"2024-03-27T16:18:19","guid":{"rendered":"https:\/\/alphalearning.com\/our-services\/"},"modified":"2025-11-12T14:20:09","modified_gmt":"2025-11-12T14:20:09","slug":"unsere-dienstleistungen","status":"publish","type":"page","link":"https:\/\/alphalearning.com\/de\/unsere-dienstleistungen\/","title":{"rendered":"Unsere Dienstleistungen"},"content":{"rendered":"\n<div class=\"wp-block-uagb-advanced-heading uagb-block-bc09456b\"><h1 class=\"uagb-heading-text\">Kurse: Das Lernen Lernen &amp; Alphalearning-Dienstleistungen im \u00dcberblick<\/h1><\/div>\n\n\n\n<div class=\"wp-block-uagb-container uagb-block-5560f71f alignfull uagb-is-root-container\"><div class=\"uagb-container-inner-blocks-wrap\">\n<div class=\"wp-block-uagb-advanced-heading uagb-block-6a953baf\"><h2 class=\"uagb-heading-text\">Finden Sie den richtigen Alphalearning-Kurs f\u00fcr Sie, Ihre Familie oder Ihr Unternehmen<\/h2><\/div>\n\n\n\n<p>Unser Hauptkurs, \u201eDas Lernen Lernen\u201c, wurde entwickelt, um unseren Klienten ein umfassendes Verst\u00e4ndnis unserer innovativen Techniken in Verbindung mit dem Brainwave-III-System zu erm\u00f6glichen. Angesichts der entscheidenden Rolle dieses Systems bei der Anwendung und Perfektionierung der Methoden ist beim Buchen eines Kurses der Erwerb von mindestens einem Brainwave-III-Controller sowie einem Optischer Neuronen Synergizer obligatorisch.<\/p>\n\n\n\n<p>Wir bieten ein vielseitiges Kursformat, das sich an verschiedene Anforderungen anpasst \u2013 von Einzelpersonen und Familien bis hin zu Firmenkunden und potenziellen Partnern. Jede Kursstruktur wird mit Blick auf die Bed\u00fcrfnisse und Lernvoraussetzungen unserer Klienten konzipiert.<\/p>\n<\/div><\/div>\n\n\n\n<div class=\"wp-block-uagb-advanced-heading uagb-block-e618fe4a\"><h3 class=\"uagb-heading-text\">Kurse: Das Lernen Lernen<\/h3><\/div>\n\n\n\n<div class=\"wp-block-uagb-container uagb-block-df0ea12a alignfull uagb-is-root-container\"><div class=\"uagb-container-inner-blocks-wrap\">\n<div class=\"wp-block-uagb-container uagb-block-e0d0a832\">\n<div class=\"wp-block-uagb-info-box uagb-block-0d7712dd uagb-infobox__content-wrap  uagb-infobox-icon-above-title uagb-infobox-image-valign-top\"><div class=\"uagb-ifb-content\"><div class=\"uagb-ifb-title-wrap\"><h4 class=\"uagb-ifb-title\"><a href=\"https:\/\/alphalearning.com\/our-services\/individual-family-course\/\">Individueller Kurs oder Familienkurs<\/a><\/h4><\/div><p class=\"uagb-ifb-desc\">Dieser f\u00fcnft\u00e4gige Kurs eignet sich f\u00fcr bis zu sechs Teilnehmende. Familiengruppen k\u00f6nnen aus zwei bis vier Erwachsenen bestehen; verbleibende Pl\u00e4tze stehen gegebenenfalls f\u00fcr Kinder zur Verf\u00fcgung. Wir betrachten eine Gruppe als Familie, wenn alle Mitglieder nach dem Kurs gemeinsam auf ihr Brainwave-III-System zugreifen k\u00f6nnen.<\/p><\/div><\/div>\n<\/div>\n\n\n\n<div class=\"wp-block-uagb-container uagb-block-424d8dd1\">\n<div class=\"wp-block-uagb-info-box uagb-block-0077158f uagb-infobox__content-wrap  uagb-infobox-icon-above-title uagb-infobox-image-valign-top\"><div class=\"uagb-ifb-content\"><div class=\"uagb-ifb-title-wrap\"><h4 class=\"uagb-ifb-title\"><a href=\"https:\/\/alphalearning.com\/our-services\/professional-application-course\/\">Berufsanwendungskurs<\/a><\/h4><\/div><p class=\"uagb-ifb-desc\">Diese Variante richtet sich an Fachleute, die Alphalearning-Ausstattung und -Techniken in ihre berufliche Praxis integrieren m\u00f6chten. Es handelt sich um einen f\u00fcnft\u00e4gigen Kurs f\u00fcr ein bis vier Teilnehmende, der die Anwendung der Alphalearning-Methoden in einem professionellen Umfeld f\u00f6rdert.<\/p><\/div><\/div>\n<\/div>\n\n\n\n<div class=\"wp-block-uagb-container uagb-block-725e4062\">\n<div class=\"wp-block-uagb-info-box uagb-block-c452fda7 uagb-infobox__content-wrap  uagb-infobox-icon-above-title uagb-infobox-image-valign-top\"><div class=\"uagb-ifb-content\"><div class=\"uagb-ifb-title-wrap\"><h4 class=\"uagb-ifb-title\"><a href=\"https:\/\/alphalearning.com\/our-services\/intensive-private-course\/\">Intensiver Privatkurs<\/a><\/h4><\/div><p class=\"uagb-ifb-desc\">Ideal f\u00fcr Personen, die ein komprimiertes Format bevorzugen oder nur wenig Zeit haben. Dieser Kurs ist speziell darauf ausgelegt, einen vollen Terminkalender zu ber\u00fccksichtigen. Er erstreckt sich \u00fcber drei Tage, an denen jeweils eine umfassende Zehn-Stunden-Sitzung stattfindet.<\/p><\/div><\/div>\n<\/div>\n\n\n\n<div class=\"wp-block-uagb-container uagb-block-d15d0e1b\">\n<div class=\"wp-block-uagb-info-box uagb-block-66975132 uagb-infobox__content-wrap  uagb-infobox-icon-above-title uagb-infobox-image-valign-top\"><div class=\"uagb-ifb-content\"><div class=\"uagb-ifb-title-wrap\"><h4 class=\"uagb-ifb-title\"><a href=\"https:\/\/alphalearning.com\/our-services\/corporate-course\/\">Kurs f\u00fcr Unternehmen<\/a><\/h4><\/div><p class=\"uagb-ifb-desc\">Dieser f\u00fcnft\u00e4gige Kurs ist auf Unternehmensgruppen mit zwei bis vier Teilnehmende zugeschnitten. \u00c4hnlich wie bei Familien betrachten wir auch eine Unternehmensgruppe dann als solche, wenn alle Mitglieder ihr Brainwave-III-System nach dem Kurs m\u00fchelos einsetzen k\u00f6nnen.<\/p><\/div><\/div>\n<\/div>\n\n\n\n<div class=\"wp-block-uagb-container uagb-block-7fa1ed66\">\n<div class=\"wp-block-uagb-info-box uagb-block-e8032e3d uagb-infobox__content-wrap  uagb-infobox-icon-above-title uagb-infobox-image-valign-top\"><div class=\"uagb-ifb-content\"><div class=\"uagb-ifb-title-wrap\"><h4 class=\"uagb-ifb-title\"><a href=\"https:\/\/alphalearning.com\/our-services\/7-day-immersive-mastery-course\/\">7-T\u00e4giger Vertiefender Masterkurs<\/a><\/h4><\/div><p class=\"uagb-ifb-desc\">Dieser Kurs richtet sich an Personen, die ihre kognitiven F\u00e4higkeiten ausbauen, ihr pers\u00f6nliches Wohlbefinden steigern und neue Dimensionen beruflicher Erfolge erschlie\u00dfen m\u00f6chten. Er bietet einen ganzheitlichen und tiefgehenden Einblick in Gehirntrainings-Techniken und ist f\u00fcr ein oder zwei Teilnehmende konzipiert (z. B. ein Paar oder sehr enge Freunde), die nach dem Kurs Zugang zu ihrem Brainwave-III-System haben.<\/p><\/div><\/div>\n<\/div>\n<\/div><\/div>\n\n\n\n<div class=\"wp-block-uagb-container uagb-block-82ad21af alignfull uagb-is-root-container\"><div class=\"uagb-container-inner-blocks-wrap\">\n<p>F\u00fcr den Berufsanwendungskurs ist f\u00fcr jeden vertretenen Standort der Erwerb eines vollst\u00e4ndigen Brainwave-III-Systems (einschlie\u00dflich des Elektroenzephalographen und der Neurofeedback-Ausr\u00fcstung) verpflichtend. Ein Beispiel: Eine Gruppe mit vier Teilnehmenden \u2013 zwei Fachleute, die gemeinsam im Vereinigten K\u00f6nigreich arbeiten, einer in Portugal und einer in Deutschland \u2013 m\u00fcsste f\u00fcr diesen Kurs insgesamt drei Brainwave-III-Systeme anschaffen.<\/p>\n\n\n\n<p>Bereit f\u00fcr Ihren Einstieg in die Alphalearning-Welt? Nutzen Sie unseren interaktiven Preisrechner, um Ihren Kurspreis genau zu ermitteln \u2013 basierend auf der Teilnehmerzahl und der ben\u00f6tigten Anzahl an Brainwave-III-Systemen.<\/p>\n\n\n\n<div class=\"wp-block-uagb-advanced-heading uagb-block-7a8f9225\"><h3 class=\"uagb-heading-text\">Fortgeschrittene Kurse<\/h3><\/div>\n\n\n\n<div class=\"wp-block-uagb-advanced-heading uagb-block-072a55bc\"><h4 class=\"uagb-heading-text\">Alphalearning Fortgeschrittene Lern- und Leistungskompetenz (bald verf\u00fcgbar)<\/h4><\/div>\n\n\n\n<div class=\"wp-block-uagb-advanced-heading uagb-block-ffe18c67\"><h4 class=\"uagb-heading-text\">Kurs Das Lernen Lernen \u2013 Vertiefung und Wiederholung (bald verf\u00fcgbar)<\/h4><\/div>\n\n\n\n<div class=\"wp-block-uagb-advanced-heading uagb-block-f281bd6e\"><h3 class=\"uagb-heading-text\"><a href=\"https:\/\/alphalearning.com\/our-services\/evaluation-session\/\">Alphalearning Evaluierungssitzung<\/a><\/h3><\/div>\n\n\n\n<p>Die <strong>Alphalearning Evaluierungssitzung<\/strong> bietet potenziellen Neukunden eine einzigartige Gelegenheit, die Wirksamkeit des Brainwave-III-Systems und der Alphalearning-Techniken aus erster Hand zu erleben. Als Vorstufe zum umfassenden Kurs Das Lernen Lernen konzipiert, dient diese vierst\u00fcndige Sitzung als erster Kontaktpunkt, um das transformative Potenzial unserer Methoden zu demonstrieren.<\/p>\n\n\n\n<p>Urspr\u00fcnglich entwickelt, um die Eignung potenzieller Kursteilnehmender zu beurteilen, hat sich die Evaluierungssitzung zu einem wichtigen Instrument entwickelt, mit dem anhand von EEG-Echtzeitmessungen die sofortigen Vorteile unserer Gehirntrainings-Techniken aufgezeigt werden k\u00f6nnen.<\/p>\n<\/div><\/div>\n","protected":false},"excerpt":{"rendered":"<p>Kurse: Das Lernen Lernen &amp; Alphalearning-Dienstleistungen im \u00dcberblick Finden Sie den richtigen Alphalearning-Kurs f\u00fcr Sie, Ihre Familie oder Ihr Unternehmen [&hellip;]<\/p>\n","protected":false},"author":2,"featured_media":0,"parent":0,"menu_order":500,"comment_status":"closed","ping_status":"closed","template":"","meta":{"_uag_custom_page_level_css":"","site-sidebar-layout":"default","site-content-layout":"","ast-site-content-layout":"default","site-content-style":"default","site-sidebar-style":"default","ast-global-header-display":"","ast-banner-title-visibility":"","ast-main-header-display":"","ast-hfb-above-header-display":"","ast-hfb-below-header-display":"","ast-hfb-mobile-header-display":"","site-post-title":"disabled","ast-breadcrumbs-content":"","ast-featured-img":"","footer-sml-layout":"","ast-disable-related-posts":"","theme-transparent-header-meta":"","adv-header-id-meta":"","stick-header-meta":"","header-above-stick-meta":"","header-main-stick-meta":"","header-below-stick-meta":"","astra-migrate-meta-layouts":"default","ast-page-background-enabled":"default","ast-page-background-meta":{"desktop":{"background-color":"var(--ast-global-color-4)","background-image":"","background-repeat":"repeat","background-position":"center center","background-size":"auto","background-attachment":"scroll","background-type":"","background-media":"","overlay-type":"","overlay-color":"","overlay-opacity":"","overlay-gradient":""},"tablet":{"background-color":"","background-image":"","background-repeat":"repeat","background-position":"center center","background-size":"auto","background-attachment":"scroll","background-type":"","background-media":"","overlay-type":"","overlay-color":"","overlay-opacity":"","overlay-gradient":""},"mobile":{"background-color":"","background-image":"","background-repeat":"repeat","background-position":"center center","background-size":"auto","background-attachment":"scroll","background-type":"","background-media":"","overlay-type":"","overlay-color":"","overlay-opacity":"","overlay-gradient":""}},"ast-content-background-meta":{"desktop":{"background-color":"var(--ast-global-color-5)","background-image":"","background-repeat":"repeat","background-position":"center center","background-size":"auto","background-attachment":"scroll","background-type":"","background-media":"","overlay-type":"","overlay-color":"","overlay-opacity":"","overlay-gradient":""},"tablet":{"background-color":"var(--ast-global-color-5)","background-image":"","background-repeat":"repeat","background-position":"center center","background-size":"auto","background-attachment":"scroll","background-type":"","background-media":"","overlay-type":"","overlay-color":"","overlay-opacity":"","overlay-gradient":""},"mobile":{"background-color":"var(--ast-global-color-5)","background-image":"","background-repeat":"repeat","background-position":"center center","background-size":"auto","background-attachment":"scroll","background-type":"","background-media":"","overlay-type":"","overlay-color":"","overlay-opacity":"","overlay-gradient":""}},"footnotes":""},"class_list":["post-13513","page","type-page","status-publish","hentry"],"yoast_head":"<!-- This site is optimized with the Yoast SEO plugin v27.1.1 - https:\/\/yoast.com\/product\/yoast-seo-wordpress\/ -->\n<title>Alphalearning: \u201eDas Lernen Lernen\u201c &amp; Brainwave III L\u00f6sungen<\/title>\n<meta name=\"description\" content=\"Steigern Sie Ihre kognitiven F\u00e4higkeiten und Ihr Wohlbefinden mit den immersiven &#039;Das Lernen Lernen&#039;-Kursen von Alphalearning und Brainwave III L\u00f6sungen.\" \/>\n<meta name=\"robots\" content=\"index, follow, max-snippet:-1, max-image-preview:large, max-video-preview:-1\" \/>\n<link rel=\"canonical\" href=\"https:\/\/alphalearning.com\/de\/unsere-dienstleistungen\/\" \/>\n<meta property=\"og:locale\" content=\"de_DE\" \/>\n<meta property=\"og:type\" content=\"article\" \/>\n<meta property=\"og:title\" content=\"Alphalearning: \u201eDas Lernen Lernen\u201c &amp; Brainwave III L\u00f6sungen\" \/>\n<meta property=\"og:description\" content=\"Steigern Sie Ihre kognitiven F\u00e4higkeiten und Ihr Wohlbefinden mit den immersiven &#039;Das Lernen Lernen&#039;-Kursen von Alphalearning und Brainwave III L\u00f6sungen.\" \/>\n<meta property=\"og:url\" content=\"https:\/\/alphalearning.com\/de\/unsere-dienstleistungen\/\" \/>\n<meta property=\"og:site_name\" content=\"Alphalearning International\" \/>\n<meta property=\"article:modified_time\" content=\"2025-11-12T14:20:09+00:00\" \/>\n<meta property=\"og:image\" content=\"https:\/\/alphalearning.com\/wp-content\/uploads\/2024\/04\/alphalearning-logo_red_1200x675px.png\" \/>\n\t<meta property=\"og:image:width\" content=\"1200\" \/>\n\t<meta property=\"og:image:height\" content=\"675\" \/>\n\t<meta property=\"og:image:type\" content=\"image\/png\" \/>\n<meta name=\"twitter:card\" content=\"summary_large_image\" \/>\n<meta name=\"twitter:label1\" content=\"Est. reading time\" \/>\n\t<meta name=\"twitter:data1\" content=\"3 minutes\" \/>\n<!-- \/ Yoast SEO plugin. -->","yoast_head_json":{"title":"Alphalearning: \u201eDas Lernen Lernen\u201c & Brainwave III L\u00f6sungen","description":"Steigern Sie Ihre kognitiven F\u00e4higkeiten und Ihr Wohlbefinden mit den immersiven 'Das Lernen Lernen'-Kursen von Alphalearning und Brainwave III L\u00f6sungen.","robots":{"index":"index","follow":"follow","max-snippet":"max-snippet:-1","max-image-preview":"max-image-preview:large","max-video-preview":"max-video-preview:-1"},"canonical":"https:\/\/alphalearning.com\/de\/unsere-dienstleistungen\/","og_locale":"de_DE","og_type":"article","og_title":"Alphalearning: \u201eDas Lernen Lernen\u201c & Brainwave III L\u00f6sungen","og_description":"Steigern Sie Ihre kognitiven F\u00e4higkeiten und Ihr Wohlbefinden mit den immersiven 'Das Lernen Lernen'-Kursen von Alphalearning und Brainwave III L\u00f6sungen.","og_url":"https:\/\/alphalearning.com\/de\/unsere-dienstleistungen\/","og_site_name":"Alphalearning International","article_modified_time":"2025-11-12T14:20:09+00:00","og_image":[{"width":1200,"height":675,"url":"https:\/\/alphalearning.com\/wp-content\/uploads\/2024\/04\/alphalearning-logo_red_1200x675px.png","type":"image\/png"}],"twitter_card":"summary_large_image","twitter_misc":{"Est. reading time":"3 minutes"},"schema":{"@context":"https:\/\/schema.org","@graph":[{"@type":"WebPage","@id":"https:\/\/alphalearning.com\/de\/unsere-dienstleistungen\/","url":"https:\/\/alphalearning.com\/de\/unsere-dienstleistungen\/","name":"Alphalearning: \u201eDas Lernen Lernen\u201c & Brainwave III L\u00f6sungen","isPartOf":{"@id":"https:\/\/alphalearning.com\/de\/#website"},"datePublished":"2024-03-27T16:18:19+00:00","dateModified":"2025-11-12T14:20:09+00:00","description":"Steigern Sie Ihre kognitiven F\u00e4higkeiten und Ihr Wohlbefinden mit den immersiven 'Das Lernen Lernen'-Kursen von Alphalearning und Brainwave III L\u00f6sungen.","breadcrumb":{"@id":"https:\/\/alphalearning.com\/de\/unsere-dienstleistungen\/#breadcrumb"},"inLanguage":"de","potentialAction":[{"@type":"ReadAction","target":["https:\/\/alphalearning.com\/de\/unsere-dienstleistungen\/"]}]},{"@type":"BreadcrumbList","@id":"https:\/\/alphalearning.com\/de\/unsere-dienstleistungen\/#breadcrumb","itemListElement":[{"@type":"ListItem","position":1,"name":"Home","item":"https:\/\/alphalearning.com\/de\/"},{"@type":"ListItem","position":2,"name":"Unsere Dienstleistungen"}]},{"@type":"WebSite","@id":"https:\/\/alphalearning.com\/de\/#website","url":"https:\/\/alphalearning.com\/de\/","name":"Alphalearning International","description":"the brain training institute","publisher":{"@id":"https:\/\/alphalearning.com\/de\/#organization"},"potentialAction":[{"@type":"SearchAction","target":{"@type":"EntryPoint","urlTemplate":"https:\/\/alphalearning.com\/de\/?s={search_term_string}"},"query-input":{"@type":"PropertyValueSpecification","valueRequired":true,"valueName":"search_term_string"}}],"inLanguage":"de"},{"@type":"Organization","@id":"https:\/\/alphalearning.com\/de\/#organization","name":"Alphalearning International","url":"https:\/\/alphalearning.com\/de\/","logo":{"@type":"ImageObject","inLanguage":"de","@id":"https:\/\/alphalearning.com\/de\/#\/schema\/logo\/image\/","url":"https:\/\/alphalearning.com\/wp-content\/uploads\/2024\/03\/alphalearning_ico2_512px.png","contentUrl":"https:\/\/alphalearning.com\/wp-content\/uploads\/2024\/03\/alphalearning_ico2_512px.png","width":512,"height":512,"caption":"Alphalearning International"},"image":{"@id":"https:\/\/alphalearning.com\/de\/#\/schema\/logo\/image\/"}}]}},"uagb_featured_image_src":{"full":false,"thumbnail":false,"medium":false,"medium_large":false,"large":false,"1536x1536":false,"2048x2048":false,"gform-image-choice-sm":false,"gform-image-choice-md":false,"gform-image-choice-lg":false},"uagb_author_info":{"display_name":"Julio Machado","author_link":"https:\/\/alphalearning.com\/de\/author\/julio-machado\/"},"uagb_comment_info":0,"uagb_excerpt":"Kurse: Das Lernen Lernen &amp; Alphalearning-Dienstleistungen im \u00dcberblick Finden Sie den richtigen Alphalearning-Kurs f\u00fcr Sie, Ihre Familie oder Ihr Unternehmen [&hellip;]","_links":{"self":[{"href":"https:\/\/alphalearning.com\/de\/wp-json\/wp\/v2\/pages\/13513","targetHints":{"allow":["GET"]}}],"collection":[{"href":"https:\/\/alphalearning.com\/de\/wp-json\/wp\/v2\/pages"}],"about":[{"href":"https:\/\/alphalearning.com\/de\/wp-json\/wp\/v2\/types\/page"}],"author":[{"embeddable":true,"href":"https:\/\/alphalearning.com\/de\/wp-json\/wp\/v2\/users\/2"}],"replies":[{"embeddable":true,"href":"https:\/\/alphalearning.com\/de\/wp-json\/wp\/v2\/comments?post=13513"}],"version-history":[{"count":13,"href":"https:\/\/alphalearning.com\/de\/wp-json\/wp\/v2\/pages\/13513\/revisions"}],"predecessor-version":[{"id":17215,"href":"https:\/\/alphalearning.com\/de\/wp-json\/wp\/v2\/pages\/13513\/revisions\/17215"}],"wp:attachment":[{"href":"https:\/\/alphalearning.com\/de\/wp-json\/wp\/v2\/media?parent=13513"}],"curies":[{"name":"wp","href":"https:\/\/api.w.org\/{rel}","templated":true}]}}