{"id":13488,"date":"2024-03-27T16:47:42","date_gmt":"2024-03-27T16:47:42","guid":{"rendered":"https:\/\/alphalearning.com\/the-alphalearning-brainwave-evolution\/"},"modified":"2025-11-08T16:17:32","modified_gmt":"2025-11-08T16:17:32","slug":"die-alphalearning-brainwave-evolution","status":"publish","type":"page","link":"https:\/\/alphalearning.com\/de\/die-alphalearning-brainwave-evolution\/","title":{"rendered":"Die Alphalearning Brainwave Evolution"},"content":{"rendered":"\n<div class=\"wp-block-uagb-advanced-heading uagb-block-8df8f3b4\"><h1 class=\"uagb-heading-text\">Die Alphalearning Brainwave Evolution<\/h1><\/div>\n\n\n\n<div class=\"wp-block-uagb-advanced-heading uagb-block-3319fc9c\"><h2 class=\"uagb-heading-text\">Brainwave I und Lotus-Software<\/h2><\/div>\n\n\n\n<figure class=\"wp-block-image alignleft size-large is-resized\"><img loading=\"lazy\" decoding=\"async\" width=\"1024\" height=\"726\" src=\"https:\/\/alphalearning.com\/wp-content\/uploads\/2024\/04\/brainwave-i-old-pc-1024x726.jpg\" alt=\"\" class=\"wp-image-793\" style=\"object-fit:cover;width:300px;height:213px\" srcset=\"https:\/\/alphalearning.com\/wp-content\/uploads\/2024\/04\/brainwave-i-old-pc-1024x726.jpg 1024w, https:\/\/alphalearning.com\/wp-content\/uploads\/2024\/04\/brainwave-i-old-pc-300x213.jpg 300w, https:\/\/alphalearning.com\/wp-content\/uploads\/2024\/04\/brainwave-i-old-pc-768x545.jpg 768w, https:\/\/alphalearning.com\/wp-content\/uploads\/2024\/04\/brainwave-i-old-pc-1536x1089.jpg 1536w, https:\/\/alphalearning.com\/wp-content\/uploads\/2024\/04\/brainwave-i-old-pc.jpg 1692w\" sizes=\"auto, (max-width: 1024px) 100vw, 1024px\" \/><figcaption class=\"wp-element-caption\"><em>Original Lotus-Software auf einem alten PC<\/em><\/figcaption><\/figure>\n\n\n\n<p>Die Presse bezeichnete das Brainwave I als echten Durchbruch. Die Zeitschrift Synapsia nannte es \u201eNeurochirurgie mit Licht und Ton.\u201c Nachdem eine rudiment\u00e4re Version Tony Buzan vorgestellt worden war, dauerte es f\u00fcnf Jahre Forschung, eine Investition von 5.000.000 US-Dollar und Sponsoren wie die American Management Association, Raychem, ICL und Henkel, um das Brainwave I zu entwickeln.<\/p>\n\n\n\n<p>Im Kern erm\u00f6glichte ein Satz aus vier sanftgoldenen Lichtern, die auf jedes Auge gerichtet aufblinkten, und weichen Kl\u00e4ngen, die in jedes Ohr \u00fcbertragen wurden, dem Gehirn Balance, Entspannung und Kontrolle zu erfahren. Um das Aufblinken der Lichter und die Kl\u00e4nge zu steuern, mussten die Lotus-Software und ihre Erweiterungskarte auf einem PC eingesetzt werden. Ein zweiter Computer betrieb ununterbrochen ein Elektroenzephalogramm, um zu \u00fcberwachen, wie das Gehirn auf die Licht- und Tonreize reagierte. Diese Konfiguration mit zwei Computern funktionierte mehrere Jahre lang.<\/p>\n\n\n\n<div class=\"wp-block-uagb-advanced-heading uagb-block-183a9647\"><h2 class=\"uagb-heading-text\">Der PC beschreitet neue Wege<\/h2><\/div>\n\n\n\n<p>Mehrere industrielle und stark personalisierte Anwendungen erlitten einen R\u00fcckschlag, als Microsoft Windows XP im Jahr 2001 ver\u00f6ffentlicht wurde. Das Brainwave I des Alphalearning-Instituts bildete dabei keine Ausnahme. Es war darauf ausgelegt, den Druckeranschluss zu nutzen, um die Lichter zu steuern, und eine Sound-Blaster-16-kompatible Soundkarte, um den Stereoklang wiederzugeben. Au\u00dferdem ben\u00f6tigte die Lotus-Software zur Gew\u00e4hrleistung pr\u00e4ziser Timing- und Koordinationsabl\u00e4ufe zwischen Licht und Ton exklusive Kontrolle \u00fcber mehrere Hardware-Ressourcen des PCs. Zum Vorteil der Betriebssystemstabilit\u00e4t konnte seit Windows XP keine Software mehr ein solches Ma\u00df an Kontrolle \u00fcber den PC aus\u00fcben.<\/p>\n\n\n\n<p><br>In den darauffolgenden Jahren wurde die Lotus-Software neu geschrieben, um unter Windows XP und Vista zu laufen, mit nicht-Sound-Blaster-kompatiblen Soundkarten zu arbeiten und \u2013 nach dem Verschwinden des Druckeranschlusses \u2013 den damals neuen USB-Standard zur Steuerung der Lichter zu nutzen. All diese Versuche scheiterten aus einem einfachen Grund: Niemand m\u00f6chte sein Gehirn aufs Spiel setzen. \u2014\u2013 Die Software ist zeitkritisch, und Windows \u00e4ndert seine Geschwindigkeit und Koordination, wenn es sich dazu entschlie\u00dft, ein Update, eine Indizierung oder eine andere der vielen Hintergrundaufgaben des Betriebssystems durchzuf\u00fchren, ohne dass der Benutzer darauf Einfluss nehmen kann.<\/p>\n\n\n\n<div style=\"height:2px\" aria-hidden=\"true\" class=\"wp-block-spacer\"><\/div>\n\n\n\n<div class=\"wp-block-uagb-advanced-heading uagb-block-4be2ea50\"><h2 class=\"uagb-heading-text\">Brainwave-III-System-Controller und eine neue Lotus-Software<\/h2><\/div>\n\n\n\n<figure class=\"wp-block-image alignleft size-large is-resized\"><img loading=\"lazy\" decoding=\"async\" width=\"1024\" height=\"576\" src=\"https:\/\/alphalearning.com\/wp-content\/uploads\/2024\/04\/brainwave-iii-detail-1024x576.jpg\" alt=\"\" class=\"wp-image-794\" style=\"object-fit:cover;width:300px;height:169px\" srcset=\"https:\/\/alphalearning.com\/wp-content\/uploads\/2024\/04\/brainwave-iii-detail-1024x576.jpg 1024w, https:\/\/alphalearning.com\/wp-content\/uploads\/2024\/04\/brainwave-iii-detail-300x169.jpg 300w, https:\/\/alphalearning.com\/wp-content\/uploads\/2024\/04\/brainwave-iii-detail-768x432.jpg 768w, https:\/\/alphalearning.com\/wp-content\/uploads\/2024\/04\/brainwave-iii-detail-1536x864.jpg 1536w, https:\/\/alphalearning.com\/wp-content\/uploads\/2024\/04\/brainwave-iii-detail-2048x1152.jpg 2048w\" sizes=\"auto, (max-width: 1024px) 100vw, 1024px\" \/><figcaption class=\"wp-element-caption\"><em>Gravur des Luxusgeh\u00e4uses des Brainwave-III<\/em><\/figcaption><\/figure>\n\n\n\n<p>Die einzige m\u00f6gliche L\u00f6sung bestand darin, Hardware mit einem speziellen Verwendungszweck zu entwickeln und neue Software zu konzipieren, beides in perfekter Synergie und ohne ein fremdes Betriebssystem. Au\u00dferdem sollte es m\u00f6glich sein, jede fr\u00fchere Version des Optisch-Akustischen Neuronen-Synergizers zu steuern, die das Alphalearning-Institut seit den 1990er-Jahren produziert hat. Nach zwei Jahren Forschung, Entwicklung und Tests wurde das Brainwave-III-System schlie\u00dflich im Herbst 2020 fertiggestellt. Die mit dieser Version erreichte Pr\u00e4zision und die neuen Funktionen gehen weit \u00fcber das hinaus, was mit dem PC und der urspr\u00fcnglichen Lotus-Software m\u00f6glich war.<\/p>\n\n\n\n<div style=\"height:2px\" aria-hidden=\"true\" class=\"wp-block-spacer\"><\/div>\n\n\n\n<div class=\"wp-block-uagb-advanced-heading uagb-block-2cd721e7\"><h3 class=\"uagb-heading-text\">Die Hardware des Brainwave-III-System-Controllers besteht aus:<\/h3><\/div>\n\n\n\n<figure class=\"wp-block-image alignleft size-large is-resized\"><img loading=\"lazy\" decoding=\"async\" width=\"1024\" height=\"576\" src=\"https:\/\/alphalearning.com\/wp-content\/uploads\/2024\/04\/brainwave-iii-controller-1024x576.jpg\" alt=\"\" class=\"wp-image-795\" style=\"aspect-ratio:1.6623376623376624;object-fit:cover;width:447px;height:auto\" srcset=\"https:\/\/alphalearning.com\/wp-content\/uploads\/2024\/04\/brainwave-iii-controller-1024x576.jpg 1024w, https:\/\/alphalearning.com\/wp-content\/uploads\/2024\/04\/brainwave-iii-controller-300x169.jpg 300w, https:\/\/alphalearning.com\/wp-content\/uploads\/2024\/04\/brainwave-iii-controller-768x432.jpg 768w, https:\/\/alphalearning.com\/wp-content\/uploads\/2024\/04\/brainwave-iii-controller-1536x864.jpg 1536w\" sizes=\"auto, (max-width: 1024px) 100vw, 1024px\" \/><\/figure>\n\n\n\n<ul class=\"wp-block-list\">\n<li>Zwei unabh\u00e4ngigen Prozessoren<\/li>\n\n\n\n<li>7&#8243;-kapazitivem Touchdisplay<\/li>\n\n\n\n<li>Speziell entworfener dedizierter Soundkarte<\/li>\n\n\n\n<li>Stereoklang mit 32 Bit und 44,1 kHz<\/li>\n\n\n\n<li>Audio-Line-in vorhanden<\/li>\n\n\n\n<li>Zwei Anschl\u00fcsse, sodass zwei Personen es gleichzeitig nutzen k\u00f6nnen<\/li>\n\n\n\n<li>USB-C-Stromanschluss mit Ladeger\u00e4t und Kabel im Lieferumfang<\/li>\n\n\n\n<li>Herausnehmbarer SD-Karte zum Bearbeiten und Erstellen neuer Sequenzen<\/li>\n<\/ul>\n\n\n\n<div style=\"height:2px\" aria-hidden=\"true\" class=\"wp-block-spacer\"><\/div>\n\n\n\n<div class=\"wp-block-uagb-advanced-heading uagb-block-4bf91a7e\"><h3 class=\"uagb-heading-text\">Und die neue Lotus-Software bietet:<\/h3><\/div>\n\n\n\n<ul class=\"wp-block-list\">\n<li>Pr\u00e4zises Timing zur Synchronisation von Lichtern und Stereoklang<\/li>\n\n\n\n<li>Intuitives, benutzerfreundliches Design<\/li>\n\n\n\n<li>Verbesserte Steuerung der Lichthelligkeit<\/li>\n\n\n\n<li>Pr\u00e4zisere Steuerung des Gleichgewichts zwischen Licht und Ton<\/li>\n\n\n\n<li>Play-, Pause- und Stopp-Tasten w\u00e4hrend der Ausf\u00fchrung einer Sequenz<\/li>\n\n\n\n<li>Die M\u00f6glichkeit, an jede beliebige Stelle in der Sequenz zu springen, ohne sie zu stoppen<\/li>\n\n\n\n<li>Unbefristete Lizenz und Updates<\/li>\n<\/ul>\n\n\n\n<div class=\"wp-block-uagb-advanced-heading uagb-block-be79df38\"><h2 class=\"uagb-heading-text\">Ein neuer Optisch-Akustischer Neuronen-Synergizer<\/h2><\/div>\n\n\n\n<figure class=\"wp-block-image alignleft size-large is-resized\"><img loading=\"lazy\" decoding=\"async\" width=\"1024\" height=\"576\" src=\"https:\/\/alphalearning.com\/wp-content\/uploads\/2024\/04\/brainwave-iii-32-lights-1024x576.jpg\" alt=\"\" class=\"wp-image-798\" style=\"object-fit:cover;width:300px;height:169px\" srcset=\"https:\/\/alphalearning.com\/wp-content\/uploads\/2024\/04\/brainwave-iii-32-lights-1024x576.jpg 1024w, https:\/\/alphalearning.com\/wp-content\/uploads\/2024\/04\/brainwave-iii-32-lights-300x169.jpg 300w, https:\/\/alphalearning.com\/wp-content\/uploads\/2024\/04\/brainwave-iii-32-lights-768x432.jpg 768w, https:\/\/alphalearning.com\/wp-content\/uploads\/2024\/04\/brainwave-iii-32-lights-1536x864.jpg 1536w, https:\/\/alphalearning.com\/wp-content\/uploads\/2024\/04\/brainwave-iii-32-lights-2048x1152.jpg 2048w\" sizes=\"auto, (max-width: 1024px) 100vw, 1024px\" \/><figcaption class=\"wp-element-caption\"><em>Optisch-Akustischer Neuronen-Synergizer mit 16+16 Lichtern<\/em><\/figcaption><\/figure>\n\n\n\n<p>Nach der urspr\u00fcnglichen Brainwave-I-Version mit vier Lichtern entwickelte Alphalearning ein 16-, 70- und schlie\u00dflich ein 32-Lichter-Modell, das bereits seit mehreren Jahren in Gebrauch ist. Obwohl die 32-Lichter-Version eine tiefere Wirkung auf das Gehirn aus\u00fcbt, funktionieren die fr\u00fcheren Modelle mit dem neuen Brainwave-III-System-Controller genau so wie zuvor.<\/p>\n\n\n\n<div class=\"wp-block-uagb-advanced-heading uagb-block-380a1d2d\"><h2 class=\"uagb-heading-text\">Alphalearning-Upgrade-Programm<\/h2><\/div>\n\n\n\n<p>Falls das Alphalearning-Institut irgendwann in der Vergangenheit Ihr Leben, das Leben Ihrer Familie oder Ihr Unternehmen bereichert hat, ist es an der Zeit, wieder Kontakt mit uns aufzunehmen. Da es f\u00fcr Sie wom\u00f6glich schwierig, wenn nicht gar unm\u00f6glich sein wird, Ihren PC so einzurichten, dass er weiterhin mit der urspr\u00fcnglichen Lotus-Software l\u00e4uft, ist das Brainwave-III-System die L\u00f6sung \u2013 und Sie k\u00f6nnen Ihr Licht-Set weiterverwenden oder zum 16+16-LED-Set aufr\u00fcsten. <a href=\"https:\/\/alphalearning.com\/contact\/\">Treten Sie mit uns in Kontakt und lassen Sie uns alles f\u00fcr Sie organisieren, damit Sie Ihr neues Brainwave-System in wenigen Tagen erhalten.<\/a><br><\/p>\n\n\n\n<p><a href=\"https:\/\/alphalearning.com\/de\/brainwave\/optisch-akustischer-neuronen-synergizer\/\">Erfahren Sie mehr \u00fcber den Brainwave-III-System Optisch-Akustischen<\/a>&#8211;<a href=\"https:\/\/alphalearning.com\/de\/brainwave\/optisch-akustischer-neuronen-synergizer\/\">Neuronen-Synergizer<\/a><\/p>\n","protected":false},"excerpt":{"rendered":"<p>Die Alphalearning Brainwave Evolution Brainwave I und Lotus-Software Die Presse bezeichnete das Brainwave I als echten Durchbruch. Die Zeitschrift Synapsia [&hellip;]<\/p>\n","protected":false},"author":2,"featured_media":13490,"parent":0,"menu_order":450,"comment_status":"closed","ping_status":"closed","template":"","meta":{"_uag_custom_page_level_css":"","site-sidebar-layout":"default","site-content-layout":"","ast-site-content-layout":"default","site-content-style":"default","site-sidebar-style":"default","ast-global-header-display":"","ast-banner-title-visibility":"","ast-main-header-display":"","ast-hfb-above-header-display":"","ast-hfb-below-header-display":"","ast-hfb-mobile-header-display":"","site-post-title":"disabled","ast-breadcrumbs-content":"","ast-featured-img":"","footer-sml-layout":"","ast-disable-related-posts":"","theme-transparent-header-meta":"","adv-header-id-meta":"","stick-header-meta":"","header-above-stick-meta":"","header-main-stick-meta":"","header-below-stick-meta":"","astra-migrate-meta-layouts":"default","ast-page-background-enabled":"default","ast-page-background-meta":{"desktop":{"background-color":"var(--ast-global-color-4)","background-image":"","background-repeat":"repeat","background-position":"center center","background-size":"auto","background-attachment":"scroll","background-type":"","background-media":"","overlay-type":"","overlay-color":"","overlay-opacity":"","overlay-gradient":""},"tablet":{"background-color":"","background-image":"","background-repeat":"repeat","background-position":"center center","background-size":"auto","background-attachment":"scroll","background-type":"","background-media":"","overlay-type":"","overlay-color":"","overlay-opacity":"","overlay-gradient":""},"mobile":{"background-color":"","background-image":"","background-repeat":"repeat","background-position":"center center","background-size":"auto","background-attachment":"scroll","background-type":"","background-media":"","overlay-type":"","overlay-color":"","overlay-opacity":"","overlay-gradient":""}},"ast-content-background-meta":{"desktop":{"background-color":"var(--ast-global-color-5)","background-image":"","background-repeat":"repeat","background-position":"center center","background-size":"auto","background-attachment":"scroll","background-type":"","background-media":"","overlay-type":"","overlay-color":"","overlay-opacity":"","overlay-gradient":""},"tablet":{"background-color":"var(--ast-global-color-5)","background-image":"","background-repeat":"repeat","background-position":"center center","background-size":"auto","background-attachment":"scroll","background-type":"","background-media":"","overlay-type":"","overlay-color":"","overlay-opacity":"","overlay-gradient":""},"mobile":{"background-color":"var(--ast-global-color-5)","background-image":"","background-repeat":"repeat","background-position":"center center","background-size":"auto","background-attachment":"scroll","background-type":"","background-media":"","overlay-type":"","overlay-color":"","overlay-opacity":"","overlay-gradient":""}},"footnotes":""},"class_list":["post-13488","page","type-page","status-publish","has-post-thumbnail","hentry"],"yoast_head":"<!-- This site is optimized with the Yoast SEO plugin v27.1.1 - https:\/\/yoast.com\/product\/yoast-seo-wordpress\/ -->\n<title>Alphalearning Brainwave: Von I bis III \u2013 Gehirntraining<\/title>\n<meta name=\"description\" content=\"Entdecken Sie Alphalearnings fortschrittliche Brainwave-Entwicklung von I bis III. Verbessern Sie Fokus, Entspannung und Ihre geistige Leistungsf\u00e4higkeit.\" \/>\n<meta name=\"robots\" content=\"index, follow, max-snippet:-1, max-image-preview:large, max-video-preview:-1\" \/>\n<link rel=\"canonical\" href=\"https:\/\/alphalearning.com\/de\/die-alphalearning-brainwave-evolution\/\" \/>\n<meta property=\"og:locale\" content=\"de_DE\" \/>\n<meta property=\"og:type\" content=\"article\" \/>\n<meta property=\"og:title\" content=\"Alphalearning Brainwave: Von I bis III \u2013 Gehirntraining\" \/>\n<meta property=\"og:description\" content=\"Entdecken Sie Alphalearnings fortschrittliche Brainwave-Entwicklung von I bis III. Verbessern Sie Fokus, Entspannung und Ihre geistige Leistungsf\u00e4higkeit.\" \/>\n<meta property=\"og:url\" content=\"https:\/\/alphalearning.com\/de\/die-alphalearning-brainwave-evolution\/\" \/>\n<meta property=\"og:site_name\" content=\"Alphalearning International\" \/>\n<meta property=\"article:modified_time\" content=\"2025-11-08T16:17:32+00:00\" \/>\n<meta property=\"og:image\" content=\"https:\/\/alphalearning.com\/wp-content\/uploads\/2024\/04\/brainwave-iii-detail-scaled.jpg\" \/>\n\t<meta property=\"og:image:width\" content=\"2560\" \/>\n\t<meta property=\"og:image:height\" content=\"1440\" \/>\n\t<meta property=\"og:image:type\" content=\"image\/jpeg\" \/>\n<meta name=\"twitter:card\" content=\"summary_large_image\" \/>\n<meta name=\"twitter:label1\" content=\"Est. reading time\" \/>\n\t<meta name=\"twitter:data1\" content=\"5 minutes\" \/>\n<!-- \/ Yoast SEO plugin. -->","yoast_head_json":{"title":"Alphalearning Brainwave: Von I bis III \u2013 Gehirntraining","description":"Entdecken Sie Alphalearnings fortschrittliche Brainwave-Entwicklung von I bis III. Verbessern Sie Fokus, Entspannung und Ihre geistige Leistungsf\u00e4higkeit.","robots":{"index":"index","follow":"follow","max-snippet":"max-snippet:-1","max-image-preview":"max-image-preview:large","max-video-preview":"max-video-preview:-1"},"canonical":"https:\/\/alphalearning.com\/de\/die-alphalearning-brainwave-evolution\/","og_locale":"de_DE","og_type":"article","og_title":"Alphalearning Brainwave: Von I bis III \u2013 Gehirntraining","og_description":"Entdecken Sie Alphalearnings fortschrittliche Brainwave-Entwicklung von I bis III. Verbessern Sie Fokus, Entspannung und Ihre geistige Leistungsf\u00e4higkeit.","og_url":"https:\/\/alphalearning.com\/de\/die-alphalearning-brainwave-evolution\/","og_site_name":"Alphalearning International","article_modified_time":"2025-11-08T16:17:32+00:00","og_image":[{"width":2560,"height":1440,"url":"https:\/\/alphalearning.com\/wp-content\/uploads\/2024\/04\/brainwave-iii-detail-scaled.jpg","type":"image\/jpeg"}],"twitter_card":"summary_large_image","twitter_misc":{"Est. reading time":"5 minutes"},"schema":{"@context":"https:\/\/schema.org","@graph":[{"@type":"WebPage","@id":"https:\/\/alphalearning.com\/de\/die-alphalearning-brainwave-evolution\/","url":"https:\/\/alphalearning.com\/de\/die-alphalearning-brainwave-evolution\/","name":"Alphalearning Brainwave: Von I bis III \u2013 Gehirntraining","isPartOf":{"@id":"https:\/\/alphalearning.com\/de\/#website"},"primaryImageOfPage":{"@id":"https:\/\/alphalearning.com\/de\/die-alphalearning-brainwave-evolution\/#primaryimage"},"image":{"@id":"https:\/\/alphalearning.com\/de\/die-alphalearning-brainwave-evolution\/#primaryimage"},"thumbnailUrl":"https:\/\/alphalearning.com\/wp-content\/uploads\/2024\/04\/brainwave-iii-detail-scaled.jpg","datePublished":"2024-03-27T16:47:42+00:00","dateModified":"2025-11-08T16:17:32+00:00","description":"Entdecken Sie Alphalearnings fortschrittliche Brainwave-Entwicklung von I bis III. Verbessern Sie Fokus, Entspannung und Ihre geistige Leistungsf\u00e4higkeit.","breadcrumb":{"@id":"https:\/\/alphalearning.com\/de\/die-alphalearning-brainwave-evolution\/#breadcrumb"},"inLanguage":"de","potentialAction":[{"@type":"ReadAction","target":["https:\/\/alphalearning.com\/de\/die-alphalearning-brainwave-evolution\/"]}]},{"@type":"ImageObject","inLanguage":"de","@id":"https:\/\/alphalearning.com\/de\/die-alphalearning-brainwave-evolution\/#primaryimage","url":"https:\/\/alphalearning.com\/wp-content\/uploads\/2024\/04\/brainwave-iii-detail-scaled.jpg","contentUrl":"https:\/\/alphalearning.com\/wp-content\/uploads\/2024\/04\/brainwave-iii-detail-scaled.jpg","width":2560,"height":1440},{"@type":"BreadcrumbList","@id":"https:\/\/alphalearning.com\/de\/die-alphalearning-brainwave-evolution\/#breadcrumb","itemListElement":[{"@type":"ListItem","position":1,"name":"Home","item":"https:\/\/alphalearning.com\/de\/"},{"@type":"ListItem","position":2,"name":"Die Alphalearning Brainwave Evolution"}]},{"@type":"WebSite","@id":"https:\/\/alphalearning.com\/de\/#website","url":"https:\/\/alphalearning.com\/de\/","name":"Alphalearning International","description":"the brain training institute","publisher":{"@id":"https:\/\/alphalearning.com\/de\/#organization"},"potentialAction":[{"@type":"SearchAction","target":{"@type":"EntryPoint","urlTemplate":"https:\/\/alphalearning.com\/de\/?s={search_term_string}"},"query-input":{"@type":"PropertyValueSpecification","valueRequired":true,"valueName":"search_term_string"}}],"inLanguage":"de"},{"@type":"Organization","@id":"https:\/\/alphalearning.com\/de\/#organization","name":"Alphalearning International","url":"https:\/\/alphalearning.com\/de\/","logo":{"@type":"ImageObject","inLanguage":"de","@id":"https:\/\/alphalearning.com\/de\/#\/schema\/logo\/image\/","url":"https:\/\/alphalearning.com\/wp-content\/uploads\/2024\/03\/alphalearning_ico2_512px.png","contentUrl":"https:\/\/alphalearning.com\/wp-content\/uploads\/2024\/03\/alphalearning_ico2_512px.png","width":512,"height":512,"caption":"Alphalearning International"},"image":{"@id":"https:\/\/alphalearning.com\/de\/#\/schema\/logo\/image\/"}}]}},"uagb_featured_image_src":{"full":["https:\/\/alphalearning.com\/wp-content\/uploads\/2024\/04\/brainwave-iii-detail-scaled.jpg",2560,1440,false],"thumbnail":["https:\/\/alphalearning.com\/wp-content\/uploads\/2024\/04\/brainwave-iii-detail-150x150.jpg",150,150,true],"medium":["https:\/\/alphalearning.com\/wp-content\/uploads\/2024\/04\/brainwave-iii-detail-300x169.jpg",300,169,true],"medium_large":["https:\/\/alphalearning.com\/wp-content\/uploads\/2024\/04\/brainwave-iii-detail-768x432.jpg",768,432,true],"large":["https:\/\/alphalearning.com\/wp-content\/uploads\/2024\/04\/brainwave-iii-detail-1024x576.jpg",1024,576,true],"1536x1536":["https:\/\/alphalearning.com\/wp-content\/uploads\/2024\/04\/brainwave-iii-detail-1536x864.jpg",1536,864,true],"2048x2048":["https:\/\/alphalearning.com\/wp-content\/uploads\/2024\/04\/brainwave-iii-detail-2048x1152.jpg",2048,1152,true],"gform-image-choice-sm":["https:\/\/alphalearning.com\/wp-content\/uploads\/2024\/04\/brainwave-iii-detail-scaled.jpg",300,169,false],"gform-image-choice-md":["https:\/\/alphalearning.com\/wp-content\/uploads\/2024\/04\/brainwave-iii-detail-scaled.jpg",400,225,false],"gform-image-choice-lg":["https:\/\/alphalearning.com\/wp-content\/uploads\/2024\/04\/brainwave-iii-detail-scaled.jpg",600,338,false]},"uagb_author_info":{"display_name":"Julio Machado","author_link":"https:\/\/alphalearning.com\/de\/author\/julio-machado\/"},"uagb_comment_info":0,"uagb_excerpt":"Die Alphalearning Brainwave Evolution Brainwave I und Lotus-Software Die Presse bezeichnete das Brainwave I als echten Durchbruch. Die Zeitschrift Synapsia [&hellip;]","_links":{"self":[{"href":"https:\/\/alphalearning.com\/de\/wp-json\/wp\/v2\/pages\/13488","targetHints":{"allow":["GET"]}}],"collection":[{"href":"https:\/\/alphalearning.com\/de\/wp-json\/wp\/v2\/pages"}],"about":[{"href":"https:\/\/alphalearning.com\/de\/wp-json\/wp\/v2\/types\/page"}],"author":[{"embeddable":true,"href":"https:\/\/alphalearning.com\/de\/wp-json\/wp\/v2\/users\/2"}],"replies":[{"embeddable":true,"href":"https:\/\/alphalearning.com\/de\/wp-json\/wp\/v2\/comments?post=13488"}],"version-history":[{"count":7,"href":"https:\/\/alphalearning.com\/de\/wp-json\/wp\/v2\/pages\/13488\/revisions"}],"predecessor-version":[{"id":17088,"href":"https:\/\/alphalearning.com\/de\/wp-json\/wp\/v2\/pages\/13488\/revisions\/17088"}],"wp:featuredmedia":[{"embeddable":true,"href":"https:\/\/alphalearning.com\/de\/wp-json\/wp\/v2\/media\/13490"}],"wp:attachment":[{"href":"https:\/\/alphalearning.com\/de\/wp-json\/wp\/v2\/media?parent=13488"}],"curies":[{"name":"wp","href":"https:\/\/api.w.org\/{rel}","templated":true}]}}