{"id":13479,"date":"2024-03-27T16:47:55","date_gmt":"2024-03-27T16:47:55","guid":{"rendered":"https:\/\/alphalearning.com\/what-are-alpha-and-theta-brain-waves\/"},"modified":"2025-11-12T14:18:21","modified_gmt":"2025-11-12T14:18:21","slug":"was-sind-die-alpha-und-theta-gehirnwellen","status":"publish","type":"page","link":"https:\/\/alphalearning.com\/de\/was-sind-die-alpha-und-theta-gehirnwellen\/","title":{"rendered":"Was sind die Alpha und Theta Gehirnwellen?"},"content":{"rendered":"\n<div class=\"wp-block-uagb-advanced-heading uagb-block-4ee66d6d\"><h1 class=\"uagb-heading-text\">Was sind Alpha- und Theta-Gehirnwellen?<\/h1><\/div>\n\n\n\n<div class=\"wp-block-uagb-container uagb-block-1e67c3a1 alignfull uagb-is-root-container\"><div class=\"uagb-container-inner-blocks-wrap\">\n<p><strong>Was sind Alpha- und Theta-Gehirnwellen?<\/strong><\/p>\n\n\n\n<p><strong>Alpha<\/strong> ist ein entspannter und gleichzeitig konzentrierter Bewusstseinszustand, der gew\u00f6hnlich mit einer Gehirnwelle von etwa 7 Zyklen pro Sekunde (7 Hz) einhergeht. Dieser Zustand erm\u00f6glicht volle Konzentration und Synchronisation der linken und rechten Gehirnh\u00e4lfte. Er ist der ideale Zustand zum Lesen, Zuh\u00f6ren und f\u00fcr andere Formen der Informationsaufnahme.<\/p>\n\n\n\n<p><strong>Theta<\/strong> ist ein noch ruhigerer Bewusstseinszustand, der typischerweise mit einer Gehirnwellenaktivit\u00e4t von etwa 3 Zyklen pro Sekunde (3 Hz) einhergeht. Dieser Zustand eignet sich am besten f\u00fcr das Einpr\u00e4gen von Informationen, f\u00fcr Kreativit\u00e4t und zur Probleml\u00f6sung. Sie k\u00f6nnen lernen, diese Gehirnfrequenzen leicht, m\u00fchelos und effizient zu nutzen.<\/p>\n\n\n\n<p class=\"has-text-align-center\"><strong>Alphalearning-Klienten sind in der Lage,<br>ihre Gehirnwellen in 4 Hauptfrequenzen zu kontrollieren:<\/strong><\/p>\n\n\n\n<p class=\"has-text-align-center\"><strong>DELTA<\/strong>&nbsp;= 1\u20132 Hertz (Zyklen pro Sekunde)<br>Tiefe k\u00f6rperliche Entspannung, Schmerzkontrolle und Stressabbau.<\/p>\n\n\n\n<p class=\"has-text-align-center\"><strong>THETA<\/strong>&nbsp;= 3\u20135 Hertz (Zyklen pro Sekunde)<br>Ged\u00e4chtnis, sowohl Einpr\u00e4gen als auch Abruf, und Steigerung des IQ.<\/p>\n\n\n\n<p class=\"has-text-align-center\"><strong>ALPHA<\/strong>&nbsp;= 7\u20139 Hertz (Zyklen pro Sekunde)<br>Lernen, Lesen und Zuh\u00f6ren.<\/p>\n\n\n\n<p class=\"has-text-align-center\"><strong>BETA<\/strong>&nbsp;= 12\u201314 Hertz (Zyklen pro Sekunde)<br>Entscheidungsfindung, Logik und Probleml\u00f6sung.<\/p>\n\n\n\n<p>Die Verwendung der jeweils passenden Wellenfrequenz f\u00fcr jeden Teil des Lernens (z. B. Zuh\u00f6ren versus Einpr\u00e4gen) ist der Schl\u00fcssel zu beschleunigtem Lernen und besserer Merkf\u00e4higkeit. Sobald eine Person die passenden Frequenzen \u201egelernt\u201c hat, kann sie diese bei Bedarf jederzeit einsetzen. Durch den intensiven Einsatz computerisierter optisch-akustischer Brainwave-Trainingsger\u00e4te und die Auswertung per Elektroenzephalogramm (EEG) k\u00f6nnen alle Teilnehmenden ihren t\u00e4glichen Fortschritt w\u00e4hrend des Kurses verfolgen.<\/p>\n\n\n\n<p class=\"has-text-align-center\"><strong>GEO: \u201eDer Computer ist der neue Guru. Das neue Brainwave kann schnelle und dramatische Steigerungen in Intelligenz und Lesegeschwindigkeit, Stressmanagement und sportlicher Leistung erreichen.\u201c<\/strong><\/p>\n\n\n\n<p class=\"has-text-align-center\"><strong>\u201eSie k\u00f6nnen nun Ihr Gehirn darauf trainieren, jede gew\u00fcnschte Frequenz mit Brainwave zu erreichen.\u201c<\/strong><\/p>\n\n\n\n<p>Michael Hutchinson; Megabrain (Das f\u00fchrende Buch zur Gehirntechnologie):<\/p>\n\n\n\n<p class=\"has-text-align-center\"><strong>\u201eNur jene Zen-M\u00f6nche, die \u00fcber 20 Jahre meditiert haben, sind in der Lage, willentlich in den Alpha\u2013Theta-Zustand einzutreten.\u201c<\/strong><\/p>\n\n\n\n<p>Maxwell Cade; The Awakened Mind (\u00fcber 4.500 EEGs getestet):<\/p>\n\n\n\n<p class=\"has-text-align-center\"><strong>\u201eUm eine Alphafrequenz von 9 Hz zu erreichen, ben\u00f6tigt man zwei bis f\u00fcnf Jahre Meditationserfahrung. Nach zehn bis zwanzig Jahren Praxis beobachten wir meist eine Alphafrequenz von etwa 7 Hz.\u201c<\/strong><\/p>\n\n\n\n<p><strong>Das Brainwave-III-System erzielt innerhalb weniger Tage, was zuvor als Ergebnis von 10 bis 20 Jahren \u00dcbung galt.<\/strong><\/p>\n\n\n\n<p><a href=\"https:\/\/alphalearning.com\/de\/moeglichkeiten-von-neurofeedback-und-brainwave-system\/\">Wissen Sie bereits, in welchen Bereichen Neurofeedback und Gehirntraining eingesetzt werden kann?<\/a><\/p>\n\n\n\n<p class=\"has-text-align-right\"><a href=\"https:\/\/alphalearning.com\/our-services\/\">Erfahren Sie mehr \u00fcber unseren Kurs Das Lernen Lernen \u00fcber diesen Link.<\/a><\/p>\n<\/div><\/div>\n","protected":false},"excerpt":{"rendered":"<p>Was sind Alpha- und Theta-Gehirnwellen? Was sind Alpha- und Theta-Gehirnwellen? Alpha ist ein entspannter und gleichzeitig konzentrierter Bewusstseinszustand, der gew\u00f6hnlich [&hellip;]<\/p>\n","protected":false},"author":2,"featured_media":0,"parent":0,"menu_order":451,"comment_status":"closed","ping_status":"closed","template":"","meta":{"_uag_custom_page_level_css":"","site-sidebar-layout":"default","site-content-layout":"","ast-site-content-layout":"default","site-content-style":"default","site-sidebar-style":"default","ast-global-header-display":"","ast-banner-title-visibility":"","ast-main-header-display":"","ast-hfb-above-header-display":"","ast-hfb-below-header-display":"","ast-hfb-mobile-header-display":"","site-post-title":"disabled","ast-breadcrumbs-content":"","ast-featured-img":"","footer-sml-layout":"","ast-disable-related-posts":"","theme-transparent-header-meta":"","adv-header-id-meta":"","stick-header-meta":"","header-above-stick-meta":"","header-main-stick-meta":"","header-below-stick-meta":"","astra-migrate-meta-layouts":"default","ast-page-background-enabled":"default","ast-page-background-meta":{"desktop":{"background-color":"var(--ast-global-color-4)","background-image":"","background-repeat":"repeat","background-position":"center center","background-size":"auto","background-attachment":"scroll","background-type":"","background-media":"","overlay-type":"","overlay-color":"","overlay-opacity":"","overlay-gradient":""},"tablet":{"background-color":"","background-image":"","background-repeat":"repeat","background-position":"center center","background-size":"auto","background-attachment":"scroll","background-type":"","background-media":"","overlay-type":"","overlay-color":"","overlay-opacity":"","overlay-gradient":""},"mobile":{"background-color":"","background-image":"","background-repeat":"repeat","background-position":"center center","background-size":"auto","background-attachment":"scroll","background-type":"","background-media":"","overlay-type":"","overlay-color":"","overlay-opacity":"","overlay-gradient":""}},"ast-content-background-meta":{"desktop":{"background-color":"var(--ast-global-color-5)","background-image":"","background-repeat":"repeat","background-position":"center center","background-size":"auto","background-attachment":"scroll","background-type":"","background-media":"","overlay-type":"","overlay-color":"","overlay-opacity":"","overlay-gradient":""},"tablet":{"background-color":"var(--ast-global-color-5)","background-image":"","background-repeat":"repeat","background-position":"center center","background-size":"auto","background-attachment":"scroll","background-type":"","background-media":"","overlay-type":"","overlay-color":"","overlay-opacity":"","overlay-gradient":""},"mobile":{"background-color":"var(--ast-global-color-5)","background-image":"","background-repeat":"repeat","background-position":"center center","background-size":"auto","background-attachment":"scroll","background-type":"","background-media":"","overlay-type":"","overlay-color":"","overlay-opacity":"","overlay-gradient":""}},"footnotes":""},"class_list":["post-13479","page","type-page","status-publish","hentry"],"yoast_head":"<!-- This site is optimized with the Yoast SEO plugin v27.1.1 - https:\/\/yoast.com\/product\/yoast-seo-wordpress\/ -->\n<title>Alpha- und Theta-Gehirnwellen? \u2013 Alphalearning International<\/title>\n<meta name=\"description\" content=\"Entdecken Sie, wie Alpha- und Theta-Gehirnwellen beschleunigtes Lernen, Kreativit\u00e4t und Ged\u00e4chtnisleistung bei Alphalearning f\u00f6rdern.\" \/>\n<meta name=\"robots\" content=\"index, follow, max-snippet:-1, max-image-preview:large, max-video-preview:-1\" \/>\n<link rel=\"canonical\" href=\"https:\/\/alphalearning.com\/de\/was-sind-die-alpha-und-theta-gehirnwellen\/\" \/>\n<meta property=\"og:locale\" content=\"de_DE\" \/>\n<meta property=\"og:type\" content=\"article\" \/>\n<meta property=\"og:title\" content=\"Alpha- und Theta-Gehirnwellen? \u2013 Alphalearning International\" \/>\n<meta property=\"og:description\" content=\"Entdecken Sie, wie Alpha- und Theta-Gehirnwellen beschleunigtes Lernen, Kreativit\u00e4t und Ged\u00e4chtnisleistung bei Alphalearning f\u00f6rdern.\" \/>\n<meta property=\"og:url\" content=\"https:\/\/alphalearning.com\/de\/was-sind-die-alpha-und-theta-gehirnwellen\/\" \/>\n<meta property=\"og:site_name\" content=\"Alphalearning International\" \/>\n<meta property=\"article:modified_time\" content=\"2025-11-12T14:18:21+00:00\" \/>\n<meta property=\"og:image\" content=\"https:\/\/alphalearning.com\/wp-content\/uploads\/2024\/04\/alphalearning-logo_red_1200x675px.png\" \/>\n\t<meta property=\"og:image:width\" content=\"1200\" \/>\n\t<meta property=\"og:image:height\" content=\"675\" \/>\n\t<meta property=\"og:image:type\" content=\"image\/png\" \/>\n<meta name=\"twitter:card\" content=\"summary_large_image\" \/>\n<meta name=\"twitter:label1\" content=\"Est. reading time\" \/>\n\t<meta name=\"twitter:data1\" content=\"2 minutes\" \/>\n<!-- \/ Yoast SEO plugin. -->","yoast_head_json":{"title":"Alpha- und Theta-Gehirnwellen? \u2013 Alphalearning International","description":"Entdecken Sie, wie Alpha- und Theta-Gehirnwellen beschleunigtes Lernen, Kreativit\u00e4t und Ged\u00e4chtnisleistung bei Alphalearning f\u00f6rdern.","robots":{"index":"index","follow":"follow","max-snippet":"max-snippet:-1","max-image-preview":"max-image-preview:large","max-video-preview":"max-video-preview:-1"},"canonical":"https:\/\/alphalearning.com\/de\/was-sind-die-alpha-und-theta-gehirnwellen\/","og_locale":"de_DE","og_type":"article","og_title":"Alpha- und Theta-Gehirnwellen? \u2013 Alphalearning International","og_description":"Entdecken Sie, wie Alpha- und Theta-Gehirnwellen beschleunigtes Lernen, Kreativit\u00e4t und Ged\u00e4chtnisleistung bei Alphalearning f\u00f6rdern.","og_url":"https:\/\/alphalearning.com\/de\/was-sind-die-alpha-und-theta-gehirnwellen\/","og_site_name":"Alphalearning International","article_modified_time":"2025-11-12T14:18:21+00:00","og_image":[{"width":1200,"height":675,"url":"https:\/\/alphalearning.com\/wp-content\/uploads\/2024\/04\/alphalearning-logo_red_1200x675px.png","type":"image\/png"}],"twitter_card":"summary_large_image","twitter_misc":{"Est. reading time":"2 minutes"},"schema":{"@context":"https:\/\/schema.org","@graph":[{"@type":"WebPage","@id":"https:\/\/alphalearning.com\/de\/was-sind-die-alpha-und-theta-gehirnwellen\/","url":"https:\/\/alphalearning.com\/de\/was-sind-die-alpha-und-theta-gehirnwellen\/","name":"Alpha- und Theta-Gehirnwellen? \u2013 Alphalearning International","isPartOf":{"@id":"https:\/\/alphalearning.com\/de\/#website"},"datePublished":"2024-03-27T16:47:55+00:00","dateModified":"2025-11-12T14:18:21+00:00","description":"Entdecken Sie, wie Alpha- und Theta-Gehirnwellen beschleunigtes Lernen, Kreativit\u00e4t und Ged\u00e4chtnisleistung bei Alphalearning f\u00f6rdern.","breadcrumb":{"@id":"https:\/\/alphalearning.com\/de\/was-sind-die-alpha-und-theta-gehirnwellen\/#breadcrumb"},"inLanguage":"de","potentialAction":[{"@type":"ReadAction","target":["https:\/\/alphalearning.com\/de\/was-sind-die-alpha-und-theta-gehirnwellen\/"]}]},{"@type":"BreadcrumbList","@id":"https:\/\/alphalearning.com\/de\/was-sind-die-alpha-und-theta-gehirnwellen\/#breadcrumb","itemListElement":[{"@type":"ListItem","position":1,"name":"Home","item":"https:\/\/alphalearning.com\/de\/"},{"@type":"ListItem","position":2,"name":"Was sind die Alpha und Theta Gehirnwellen?"}]},{"@type":"WebSite","@id":"https:\/\/alphalearning.com\/de\/#website","url":"https:\/\/alphalearning.com\/de\/","name":"Alphalearning International","description":"the brain training institute","publisher":{"@id":"https:\/\/alphalearning.com\/de\/#organization"},"potentialAction":[{"@type":"SearchAction","target":{"@type":"EntryPoint","urlTemplate":"https:\/\/alphalearning.com\/de\/?s={search_term_string}"},"query-input":{"@type":"PropertyValueSpecification","valueRequired":true,"valueName":"search_term_string"}}],"inLanguage":"de"},{"@type":"Organization","@id":"https:\/\/alphalearning.com\/de\/#organization","name":"Alphalearning International","url":"https:\/\/alphalearning.com\/de\/","logo":{"@type":"ImageObject","inLanguage":"de","@id":"https:\/\/alphalearning.com\/de\/#\/schema\/logo\/image\/","url":"https:\/\/alphalearning.com\/wp-content\/uploads\/2024\/03\/alphalearning_ico2_512px.png","contentUrl":"https:\/\/alphalearning.com\/wp-content\/uploads\/2024\/03\/alphalearning_ico2_512px.png","width":512,"height":512,"caption":"Alphalearning International"},"image":{"@id":"https:\/\/alphalearning.com\/de\/#\/schema\/logo\/image\/"}}]}},"uagb_featured_image_src":{"full":false,"thumbnail":false,"medium":false,"medium_large":false,"large":false,"1536x1536":false,"2048x2048":false,"gform-image-choice-sm":false,"gform-image-choice-md":false,"gform-image-choice-lg":false},"uagb_author_info":{"display_name":"Julio Machado","author_link":"https:\/\/alphalearning.com\/de\/author\/julio-machado\/"},"uagb_comment_info":0,"uagb_excerpt":"Was sind Alpha- und Theta-Gehirnwellen? Was sind Alpha- und Theta-Gehirnwellen? Alpha ist ein entspannter und gleichzeitig konzentrierter Bewusstseinszustand, der gew\u00f6hnlich [&hellip;]","_links":{"self":[{"href":"https:\/\/alphalearning.com\/de\/wp-json\/wp\/v2\/pages\/13479","targetHints":{"allow":["GET"]}}],"collection":[{"href":"https:\/\/alphalearning.com\/de\/wp-json\/wp\/v2\/pages"}],"about":[{"href":"https:\/\/alphalearning.com\/de\/wp-json\/wp\/v2\/types\/page"}],"author":[{"embeddable":true,"href":"https:\/\/alphalearning.com\/de\/wp-json\/wp\/v2\/users\/2"}],"replies":[{"embeddable":true,"href":"https:\/\/alphalearning.com\/de\/wp-json\/wp\/v2\/comments?post=13479"}],"version-history":[{"count":9,"href":"https:\/\/alphalearning.com\/de\/wp-json\/wp\/v2\/pages\/13479\/revisions"}],"predecessor-version":[{"id":17213,"href":"https:\/\/alphalearning.com\/de\/wp-json\/wp\/v2\/pages\/13479\/revisions\/17213"}],"wp:attachment":[{"href":"https:\/\/alphalearning.com\/de\/wp-json\/wp\/v2\/media?parent=13479"}],"curies":[{"name":"wp","href":"https:\/\/api.w.org\/{rel}","templated":true}]}}