{"id":13470,"date":"2024-03-27T16:22:05","date_gmt":"2024-03-27T16:22:05","guid":{"rendered":"https:\/\/alphalearning.com\/brainwave\/introduction-to-brainwave-system\/"},"modified":"2025-08-14T09:55:56","modified_gmt":"2025-08-14T08:55:56","slug":"einfuhrung-ins-brainwave-system","status":"publish","type":"page","link":"https:\/\/alphalearning.com\/de\/brainwave\/einfuhrung-ins-brainwave-system\/","title":{"rendered":"Einf\u00fchrung ins Brainwave System"},"content":{"rendered":"\n<div class=\"wp-block-uagb-advanced-heading uagb-block-6d6baad8\"><h1 class=\"uagb-heading-text\">Einf\u00fchrung in das Brainwave-System<\/h1><\/div>\n\n\n\n<div class=\"wp-block-uagb-advanced-heading uagb-block-3d09987c\"><h2 class=\"uagb-heading-text\">Warum das Brainwave-System entwickelt wurde<\/h2><\/div>\n\n\n\n<p>Als F\u00fchrungskr\u00e4fte in den sp\u00e4ten 1980er-Jahren zunehmend mit Informationen \u00fcberflutet wurden, erkannten sie, dass neue und effizientere Lerntechniken beherrscht werden mussten.<\/p>\n\n\n\n<p>In Zusammenarbeit mit F\u00fchrungskr\u00e4ften aus \u00fcber 100 internationalen Unternehmen begann das Alphalearning-Institut 1989 ein Forschungsprojekt, um festzustellen, ob ein Training von Gehirnwellenfrequenzen die Lerneffizienz steigern k\u00f6nnte.<\/p>\n\n\n\n<div class=\"wp-block-uagb-advanced-heading uagb-block-d2e394bb\"><h2 class=\"uagb-heading-text\">Wie das Brainwave-System entwickelt wurde<\/h2><\/div>\n\n\n\n<p>Durch das Testen und Untersuchen der Gehirne von Hunderten \u00e4u\u00dferst leistungsf\u00e4higen Personen, d. h. hochrangigen Unternehmens-, Milit\u00e4r- und Regierungsmanagern, wurde es m\u00f6glich, die genauen Gehirnwellenfrequenzen zu entdecken, die f\u00fcr die Ausf\u00fchrung verschiedener mentaler und k\u00f6rperlicher Aktivit\u00e4ten erforderlich waren.<\/p>\n\n\n\n<p>Dies war die erste Gehirnwellenstudie an \u201eau\u00dfergew\u00f6hnlich leistungsstarken\u201c Probanden, im Gegensatz zu Personen mit bekannten Hirnst\u00f6rungen oder \u201enormalen\u201c Probanden.<\/p>\n\n\n\n<p>Es wurde klar, dass Spitzenkr\u00e4fte in unterschiedlichen Bereichen, z. B. Lesen, Ged\u00e4chtnis, Kreativit\u00e4t, \u00dcberzeugungskraft usw., verschiedene Gehirnwellenfrequenzen nutzten \u2013 UND \u2013 alle Spitzenkr\u00e4fte die gleiche Frequenzanalyse f\u00fcr jede Funktion aufwiesen.<\/p>\n\n\n\n<p>Damit war schlie\u00dflich bewiesen, welche Frequenzen f\u00fcr welche Funktion am besten geeignet sind.<\/p>\n\n\n\n<p>Daraufhin war es m\u00f6glich, den Computer so zu programmieren, dass er ein Gehirn \u201eliest\u201c und es auf die \u201eperfekte\u201c Frequenz einstellt. Sobald eine Person die entsprechenden Frequenzen verinnerlicht hat, kann sie diese gezielt und jederzeit einsetzen, wann immer eine bestimmte Funktion ben\u00f6tigt wird.<\/p>\n\n\n\n<div class=\"wp-block-uagb-advanced-heading uagb-block-df875fe6\"><h2 class=\"uagb-heading-text\">Wie funktioniert das Brainwave-System?<\/h2><\/div>\n\n\n\n<p>Um zu lernen, die Gehirnfrequenzen richtig nutzen, ist der Einsatz des <a href=\"https:\/\/alphalearning.com\/de\/brainwave\/\">Brainwave-Systems<\/a> erforderlich. Dies ist eine Kombination aus einem <a href=\"https:\/\/alphalearning.com\/de\/brainwave\/neurofeedback-eeg\/\">Elektroenzephalographen<\/a> (Ger\u00e4t, das die Gehirnaktivit\u00e4t misst) und einem <a href=\"https:\/\/alphalearning.com\/de\/brainwave\/optisch-akustischer-neuronen-synergizer\/\">Optisch-Akustischen Neuronen-Synergizer<\/a> (Ger\u00e4t, das Gehirnwellen steuert).<\/p>\n\n\n\n<p>Seit Langem ist bekannt, dass Gehirnstimulation mit Licht- und Schallwellen das Gehirn dazu veranlasst, sich an die gleiche Frequenz anzupassen.<\/p>\n\n\n\n<p>Licht und Ton werden seit vielen Tausend Jahren genutzt, um den Geisteszustand und die Emotionen der Menschen zu beeinflussen. Die fr\u00fchen Versionen (vor 65.000 Jahren) waren T\u00e4nzer um Lagerfeuer, die die ersten \u201eStroboskop\u201c-Effekte erzeugten. In den fr\u00fchen 1970er-Jahren wurden die ersten elektronischen, programmierbaren Licht- und Tonmaschinen entwickelt, um das Musikh\u00f6ren zu bereichern und meditative Erfahrungen zu f\u00f6rdern.<\/p>\n\n\n\n<p>Ebenfalls in den fr\u00fchen 70er-Jahren wurde durch Techniken der Gehirnkontrolle und Intelligenzsteigerung mittels Visualisierung und kreativem Denken bewiesen, dass IQ-Steigerungen m\u00f6glich sind.<\/p>\n\n\n\n<p>Das Problem in den 20 Jahren von 1970 bis 1990 bestand darin, dass t\u00e4gliches Training von 40\u201360 Minuten erforderlich war, um eine messbare Wirkung auf das Gehirn zu erzielen \u2013 und dies musste dauerhaft fortgesetzt werden, um den Effekt aufrechtzuerhalten \u2013 genau wie beim normalen k\u00f6rperlichen Training, das 40\u201360 Minuten am Tag erfordert, um eine aerobe Grundfitness zu bewahren.<\/p>\n\n\n\n<p>Die meisten Menschen sind heute nicht bereit, so viel Zeit in ihren Geist oder K\u00f6rper zu investieren.<\/p>\n\n\n\n<p>Das zweite Problem bestand darin, dass die Licht- und Tonanlagen zwar problemlos die Frequenzen des Gehirns ver\u00e4ndern und damit Gedanken- und K\u00f6rperprozesse steuern konnten, der Effekt jedoch nicht nachhaltig war. <strong>Licht aus \u2013 Effekt aus.<\/strong><\/p>\n\n\n\n<p>Die L\u00f6sung erwies sich als ein individuelles Programm f\u00fcr das Gehirn jeder einzelnen Person. Und \u2013 da sich das Gehirn jeder Person durch \u00e4u\u00dfere Faktoren wie Stress, Unf\u00e4lle, Meditation und k\u00f6rperliches Training ver\u00e4ndert \u2013 m\u00fcssen sich diese individuellen Programme gemeinsam mit dem Gehirn weiterentwickeln, um stets eine perfekte Passform zu gew\u00e4hrleisten.<\/p>\n\n\n\n<p>Es ist \u00e4hnlich wie ein ma\u00dfgeschneiderter Anzug, der (1) in der Lage ist, sich an das wechselnde K\u00f6rpergewicht anzupassen, und (2) den K\u00f6rper sanft zum Idealgewicht zur\u00fcckf\u00fchrt.<\/p>\n\n\n\n<p>So akzeptiert und speichert das Gehirn die neuen Informationen f\u00fcr zuk\u00fcnftige Anwendungen.<\/p>\n\n\n\n<p>Das Endergebnis \u2013 <strong>Licht aus \u2013 Effekt dauerhaft!<\/strong><\/p>\n\n\n\n<p>Die Schritte in diesem Prozess sind:<\/p>\n\n\n\n<ol class=\"wp-block-list\">\n<li>Ein EEG wird aufgezeichnet, indem vier kleine Dr\u00e4hte mit leicht abl\u00f6sbaren Einwegklebeelektroden am Kopf befestigt werden, um die Gehirnaktivit\u00e4t auf dem Computerbildschirm zu betrachten. Diese Aufzeichnung wird anschlie\u00dfend ausgewertet, um die schwachen und starken Bereiche des Gehirns zu bestimmen.<\/li>\n\n\n\n<li>Licht und Kopfh\u00f6rer werden eingesetzt, um spezifische Frequenzen zu \u00fcbertragen und die vier Hauptbereiche des Gehirns zu synchronisieren. Das genaue Programm basiert auf den Ergebnissen des ersten EEG.<\/li>\n\n\n\n<li>Biofeedback-\u00dcbungen erm\u00f6glichen es dem Anwender, seine eigenen Gehirnwellenfrequenzen sowie das Links-Rechts-Gleichgewicht zu h\u00f6ren und zu sehen. Das Gehirn f\u00fchlt sich von den Kl\u00e4ngen und Bildern des perfekten Gleichgewichts angezogen und balanciert sich daher von selbst aus und stimmt sich ab.<\/li>\n\n\n\n<li>Ein zweites EEG wird aufgezeichnet, um es mit dem ersten EEG zu vergleichen und die Auswirkungen sowie Ergebnisse der Trainingseinheit zu messen. Dieses EEG wird dann herangezogen, um die n\u00e4chsten Trainingsfrequenzen f\u00fcr Licht und Ton festzulegen.<\/li>\n<\/ol>\n\n\n\n<p>Der oben beschriebene Ablauf dauert etwa 30 Minuten.<\/p>\n\n\n\n<p>Die empfohlene Anwendung kann je nach individuellem Bedarf von t\u00e4glich bis monatlich variieren. Bei schweren Hirnsch\u00e4den k\u00f6nnen in den ersten Monaten 2\u20134 Sitzungen pro Tag eingesetzt werden, anschlie\u00dfend verringert sich die H\u00e4ufigkeit auf t\u00e4glich.<\/p>\n\n\n\n<p>Leistungssportler \u2013 ob geistig oder k\u00f6rperlich \u2013 k\u00f6nnen ebenfalls nach den oben genannten Zeitpl\u00e4nen verfahren.<\/p>\n\n\n\n<p>F\u00fcr die reine Steigerung der Intelligenz und das Training von mentaler\/k\u00f6rperlicher Balance ben\u00f6tigen die meisten Menschen nur einmal im Monat den vollst\u00e4ndigen Trainingsablauf. Dar\u00fcber hinaus k\u00f6nnen sie ein- bis dreimal pro Woche die Licht- und Tonsequenz (10 Minuten) anwenden.<\/p>\n\n\n\n<div class=\"wp-block-uagb-advanced-heading uagb-block-b00f55cc\"><h2 class=\"uagb-heading-text\">Was testet das EEG im Brainwave-System?<\/h2><\/div>\n\n\n\n<p>Um die Gehirnfunktionen angemessen zu bewerten, die Synchronisation durchzuf\u00fchren, die Ergebnisse zu validieren sowie eine Analyse und Empfehlungen f\u00fcr die Zukunft geben zu k\u00f6nnen, ist folgendes Verfahren notwendig:<\/p>\n\n\n\n<p>EEG (4 Minuten), das die Gehirnleistung sowohl nach Frequenz als auch nach Amplitude auf der linken und rechten Seite aufzeichnet, w\u00e4hrend die folgenden 6 Funktionen ausgef\u00fchrt werden.<\/p>\n\n\n\n<ol class=\"wp-block-list\">\n<li>Neue Informationen anh\u00f6ren<\/li>\n\n\n\n<li>Entspannen \u2013 meditieren<\/li>\n\n\n\n<li>Lesen<\/li>\n\n\n\n<li>Auswendig lernen<\/li>\n\n\n\n<li>Erinnern<\/li>\n\n\n\n<li>Entscheidungen treffen<\/li>\n<\/ol>\n\n\n\n<p>Auf diese Weise werden in nur 4 Minuten sechs Funktionen sowohl auf der linken als auch auf der rechten Seite gepr\u00fcft, also 12 Datenpunkte \u00d7 Frequenz und Amplitude = 24 M\u00f6glichkeiten, das EEG auszuwerten und mit den 30.000 hinterlegten Ergebnissen im Hauptdatenbestand zu vergleichen.<\/p>\n\n\n\n<p class=\"has-text-align-right\"><strong>Erfahren Sie mehr \u00fcber:<\/strong><br><a href=\"https:\/\/alphalearning.com\/de\/moeglichkeiten-von-neurofeedback-und-brainwave-system\/\">Neurofeedback und die M\u00f6glichkeiten des Brainwave-Systems<\/a><br><a href=\"https:\/\/alphalearning.com\/de\/brainwave\/optisch-akustischer-neuronen-synergizer\/\">Optisch-Akustischer Neuronen-Synergizer<\/a><br><a href=\"https:\/\/alphalearning.com\/de\/brainwave\/\">Technologie des Brainwave-Systems<\/a><br><a href=\"https:\/\/alphalearning.com\/our-services\/individual-family-course\/\">Kurs Das Lernen Lernen von Alphalearning<\/a><\/p>\n\n\n\n<p><\/p>\n","protected":false},"excerpt":{"rendered":"<p>Einf\u00fchrung in das Brainwave-System Warum das Brainwave-System entwickelt wurde Als F\u00fchrungskr\u00e4fte in den sp\u00e4ten 1980er-Jahren zunehmend mit Informationen \u00fcberflutet wurden, [&hellip;]<\/p>\n","protected":false},"author":2,"featured_media":0,"parent":13423,"menu_order":403,"comment_status":"closed","ping_status":"closed","template":"","meta":{"_uag_custom_page_level_css":"","site-sidebar-layout":"default","site-content-layout":"","ast-site-content-layout":"default","site-content-style":"default","site-sidebar-style":"default","ast-global-header-display":"","ast-banner-title-visibility":"","ast-main-header-display":"","ast-hfb-above-header-display":"","ast-hfb-below-header-display":"","ast-hfb-mobile-header-display":"","site-post-title":"disabled","ast-breadcrumbs-content":"","ast-featured-img":"","footer-sml-layout":"","ast-disable-related-posts":"","theme-transparent-header-meta":"","adv-header-id-meta":"","stick-header-meta":"","header-above-stick-meta":"","header-main-stick-meta":"","header-below-stick-meta":"","astra-migrate-meta-layouts":"default","ast-page-background-enabled":"default","ast-page-background-meta":{"desktop":{"background-color":"var(--ast-global-color-4)","background-image":"","background-repeat":"repeat","background-position":"center center","background-size":"auto","background-attachment":"scroll","background-type":"","background-media":"","overlay-type":"","overlay-color":"","overlay-opacity":"","overlay-gradient":""},"tablet":{"background-color":"","background-image":"","background-repeat":"repeat","background-position":"center center","background-size":"auto","background-attachment":"scroll","background-type":"","background-media":"","overlay-type":"","overlay-color":"","overlay-opacity":"","overlay-gradient":""},"mobile":{"background-color":"","background-image":"","background-repeat":"repeat","background-position":"center center","background-size":"auto","background-attachment":"scroll","background-type":"","background-media":"","overlay-type":"","overlay-color":"","overlay-opacity":"","overlay-gradient":""}},"ast-content-background-meta":{"desktop":{"background-color":"var(--ast-global-color-5)","background-image":"","background-repeat":"repeat","background-position":"center center","background-size":"auto","background-attachment":"scroll","background-type":"","background-media":"","overlay-type":"","overlay-color":"","overlay-opacity":"","overlay-gradient":""},"tablet":{"background-color":"var(--ast-global-color-5)","background-image":"","background-repeat":"repeat","background-position":"center center","background-size":"auto","background-attachment":"scroll","background-type":"","background-media":"","overlay-type":"","overlay-color":"","overlay-opacity":"","overlay-gradient":""},"mobile":{"background-color":"var(--ast-global-color-5)","background-image":"","background-repeat":"repeat","background-position":"center center","background-size":"auto","background-attachment":"scroll","background-type":"","background-media":"","overlay-type":"","overlay-color":"","overlay-opacity":"","overlay-gradient":""}},"footnotes":""},"class_list":["post-13470","page","type-page","status-publish","hentry"],"yoast_head":"<!-- This site is optimized with the Yoast SEO plugin v27.1.1 - https:\/\/yoast.com\/product\/yoast-seo-wordpress\/ -->\n<title>Brainwave-System von Alphalearning: Funktionsweise &amp; Nutzen<\/title>\n<meta name=\"description\" content=\"Wie das Brainwave-System funktioniert und warum es entwickelt wurde. Was macht Brainwave im Vergleich zu anderen Mind Machines zu einem professionellen Tool?\" \/>\n<meta name=\"robots\" content=\"index, follow, max-snippet:-1, max-image-preview:large, max-video-preview:-1\" \/>\n<link rel=\"canonical\" href=\"https:\/\/alphalearning.com\/de\/brainwave\/einfuhrung-ins-brainwave-system\/\" \/>\n<meta property=\"og:locale\" content=\"de_DE\" \/>\n<meta property=\"og:type\" content=\"article\" \/>\n<meta property=\"og:title\" content=\"Brainwave-System von Alphalearning: Funktionsweise &amp; Nutzen\" \/>\n<meta property=\"og:description\" content=\"Wie das Brainwave-System funktioniert und warum es entwickelt wurde. Was macht Brainwave im Vergleich zu anderen Mind Machines zu einem professionellen Tool?\" \/>\n<meta property=\"og:url\" content=\"https:\/\/alphalearning.com\/de\/brainwave\/einfuhrung-ins-brainwave-system\/\" \/>\n<meta property=\"og:site_name\" content=\"Alphalearning International\" \/>\n<meta property=\"article:modified_time\" content=\"2025-08-14T08:55:56+00:00\" \/>\n<meta property=\"og:image\" content=\"https:\/\/alphalearning.com\/wp-content\/uploads\/2024\/04\/alphalearning-logo_red_1200x675px.png\" \/>\n\t<meta property=\"og:image:width\" content=\"1200\" \/>\n\t<meta property=\"og:image:height\" content=\"675\" \/>\n\t<meta property=\"og:image:type\" content=\"image\/png\" \/>\n<meta name=\"twitter:card\" content=\"summary_large_image\" \/>\n<meta name=\"twitter:label1\" content=\"Est. reading time\" \/>\n\t<meta name=\"twitter:data1\" content=\"5 minutes\" \/>\n<!-- \/ Yoast SEO plugin. -->","yoast_head_json":{"title":"Brainwave-System von Alphalearning: Funktionsweise & Nutzen","description":"Wie das Brainwave-System funktioniert und warum es entwickelt wurde. Was macht Brainwave im Vergleich zu anderen Mind Machines zu einem professionellen Tool?","robots":{"index":"index","follow":"follow","max-snippet":"max-snippet:-1","max-image-preview":"max-image-preview:large","max-video-preview":"max-video-preview:-1"},"canonical":"https:\/\/alphalearning.com\/de\/brainwave\/einfuhrung-ins-brainwave-system\/","og_locale":"de_DE","og_type":"article","og_title":"Brainwave-System von Alphalearning: Funktionsweise & Nutzen","og_description":"Wie das Brainwave-System funktioniert und warum es entwickelt wurde. Was macht Brainwave im Vergleich zu anderen Mind Machines zu einem professionellen Tool?","og_url":"https:\/\/alphalearning.com\/de\/brainwave\/einfuhrung-ins-brainwave-system\/","og_site_name":"Alphalearning International","article_modified_time":"2025-08-14T08:55:56+00:00","og_image":[{"width":1200,"height":675,"url":"https:\/\/alphalearning.com\/wp-content\/uploads\/2024\/04\/alphalearning-logo_red_1200x675px.png","type":"image\/png"}],"twitter_card":"summary_large_image","twitter_misc":{"Est. reading time":"5 minutes"},"schema":{"@context":"https:\/\/schema.org","@graph":[{"@type":"WebPage","@id":"https:\/\/alphalearning.com\/de\/brainwave\/einfuhrung-ins-brainwave-system\/","url":"https:\/\/alphalearning.com\/de\/brainwave\/einfuhrung-ins-brainwave-system\/","name":"Brainwave-System von Alphalearning: Funktionsweise & Nutzen","isPartOf":{"@id":"https:\/\/alphalearning.com\/de\/#website"},"datePublished":"2024-03-27T16:22:05+00:00","dateModified":"2025-08-14T08:55:56+00:00","description":"Wie das Brainwave-System funktioniert und warum es entwickelt wurde. Was macht Brainwave im Vergleich zu anderen Mind Machines zu einem professionellen Tool?","breadcrumb":{"@id":"https:\/\/alphalearning.com\/de\/brainwave\/einfuhrung-ins-brainwave-system\/#breadcrumb"},"inLanguage":"de","potentialAction":[{"@type":"ReadAction","target":["https:\/\/alphalearning.com\/de\/brainwave\/einfuhrung-ins-brainwave-system\/"]}]},{"@type":"BreadcrumbList","@id":"https:\/\/alphalearning.com\/de\/brainwave\/einfuhrung-ins-brainwave-system\/#breadcrumb","itemListElement":[{"@type":"ListItem","position":1,"name":"Home","item":"https:\/\/alphalearning.com\/de\/"},{"@type":"ListItem","position":2,"name":"Brainwave III System","item":"https:\/\/alphalearning.com\/de\/brainwave\/"},{"@type":"ListItem","position":3,"name":"Einf\u00fchrung ins Brainwave System"}]},{"@type":"WebSite","@id":"https:\/\/alphalearning.com\/de\/#website","url":"https:\/\/alphalearning.com\/de\/","name":"Alphalearning International","description":"the brain training institute","publisher":{"@id":"https:\/\/alphalearning.com\/de\/#organization"},"potentialAction":[{"@type":"SearchAction","target":{"@type":"EntryPoint","urlTemplate":"https:\/\/alphalearning.com\/de\/?s={search_term_string}"},"query-input":{"@type":"PropertyValueSpecification","valueRequired":true,"valueName":"search_term_string"}}],"inLanguage":"de"},{"@type":"Organization","@id":"https:\/\/alphalearning.com\/de\/#organization","name":"Alphalearning International","url":"https:\/\/alphalearning.com\/de\/","logo":{"@type":"ImageObject","inLanguage":"de","@id":"https:\/\/alphalearning.com\/de\/#\/schema\/logo\/image\/","url":"https:\/\/alphalearning.com\/wp-content\/uploads\/2024\/03\/alphalearning_ico2_512px.png","contentUrl":"https:\/\/alphalearning.com\/wp-content\/uploads\/2024\/03\/alphalearning_ico2_512px.png","width":512,"height":512,"caption":"Alphalearning International"},"image":{"@id":"https:\/\/alphalearning.com\/de\/#\/schema\/logo\/image\/"}}]}},"uagb_featured_image_src":{"full":false,"thumbnail":false,"medium":false,"medium_large":false,"large":false,"1536x1536":false,"2048x2048":false,"gform-image-choice-sm":false,"gform-image-choice-md":false,"gform-image-choice-lg":false},"uagb_author_info":{"display_name":"Julio Machado","author_link":"https:\/\/alphalearning.com\/de\/author\/julio-machado\/"},"uagb_comment_info":0,"uagb_excerpt":"Einf\u00fchrung in das Brainwave-System Warum das Brainwave-System entwickelt wurde Als F\u00fchrungskr\u00e4fte in den sp\u00e4ten 1980er-Jahren zunehmend mit Informationen \u00fcberflutet wurden, [&hellip;]","_links":{"self":[{"href":"https:\/\/alphalearning.com\/de\/wp-json\/wp\/v2\/pages\/13470","targetHints":{"allow":["GET"]}}],"collection":[{"href":"https:\/\/alphalearning.com\/de\/wp-json\/wp\/v2\/pages"}],"about":[{"href":"https:\/\/alphalearning.com\/de\/wp-json\/wp\/v2\/types\/page"}],"author":[{"embeddable":true,"href":"https:\/\/alphalearning.com\/de\/wp-json\/wp\/v2\/users\/2"}],"replies":[{"embeddable":true,"href":"https:\/\/alphalearning.com\/de\/wp-json\/wp\/v2\/comments?post=13470"}],"version-history":[{"count":11,"href":"https:\/\/alphalearning.com\/de\/wp-json\/wp\/v2\/pages\/13470\/revisions"}],"predecessor-version":[{"id":16909,"href":"https:\/\/alphalearning.com\/de\/wp-json\/wp\/v2\/pages\/13470\/revisions\/16909"}],"up":[{"embeddable":true,"href":"https:\/\/alphalearning.com\/de\/wp-json\/wp\/v2\/pages\/13423"}],"wp:attachment":[{"href":"https:\/\/alphalearning.com\/de\/wp-json\/wp\/v2\/media?parent=13470"}],"curies":[{"name":"wp","href":"https:\/\/api.w.org\/{rel}","templated":true}]}}