{"id":13460,"date":"2024-03-27T16:22:21","date_gmt":"2024-03-27T16:22:21","guid":{"rendered":"https:\/\/alphalearning.com\/brainwave\/neurofeedback-eeg\/"},"modified":"2025-08-12T12:29:04","modified_gmt":"2025-08-12T11:29:04","slug":"neurofeedback-eeg","status":"publish","type":"page","link":"https:\/\/alphalearning.com\/de\/brainwave\/neurofeedback-eeg\/","title":{"rendered":"Neurofeedback EEG"},"content":{"rendered":"\n<div class=\"wp-block-uagb-advanced-heading uagb-block-f85b6e61\"><h1 class=\"uagb-heading-text\">Brainwave-III-System \u2013 Elektroenzephalograph und Neurofeedback-Ausr\u00fcstung<\/h1><\/div>\n\n\n\n<div class=\"wp-block-uagb-container uagb-block-a67c8036 alignfull uagb-is-root-container\"><div class=\"uagb-container-inner-blocks-wrap\">\n<div class=\"wp-block-uagb-container uagb-block-e9d1660d\">\n<figure class=\"wp-block-image size-large\"><img decoding=\"async\" src=\"https:\/\/alphalearning.com\/wp-content\/uploads\/2024\/03\/screenset2-1024x508.jpg\" alt=\"\"\/><figcaption class=\"wp-element-caption\"><em>Das Brainwave-III-EEG erm\u00f6glicht eine kontinuierliche wissenschaftliche \u00dcberwachung des Fortschritts nach dem Kurs und die passende Auswahl optimaler Einstellungen f\u00fcr jedes neue Training.<\/em><\/figcaption><\/figure>\n<\/div>\n\n\n\n<div class=\"wp-block-uagb-container uagb-block-10af873a\">\n<p>Als integraler Bestandteil des <a href=\"https:\/\/alphalearning.com\/de\/brainwave\/\">Brainwave-III-Systems<\/a> spielt unser speziell angefertigtes Brainwave-III-EEG eine entscheidende Rolle bei der Erfassung, Analyse und dem Training komplexer Gehirnfrequenzen w\u00e4hrend des Kurses <a href=\"https:\/\/alphalearning.com\/our-services\/individual-family-course\/\">Das Lernen Lernen<\/a>. Dieses hochentwickelte Ger\u00e4t, das auf jahrelanger Forschungsarbeit beruht, zeichnet sich durch Robustheit und Benutzerfreundlichkeit aus und ist somit ein Grundpfeiler unseres Systems.<\/p>\n\n\n\n<p>Unser Brainwave-III-EEG erm\u00f6glicht eine kontinuierliche wissenschaftliche \u00dcberwachung des Fortschritts nach dem Kurs. Diese Form der \u00dcberwachung unterst\u00fctzt die Auswahl idealer Einstellungen f\u00fcr jedes neue Training und stellt sicher, dass jede Nutzerin und jeder Nutzer eine personalisierte und effektive Lernerfahrung erh\u00e4lt.<\/p>\n\n\n\n<p>Zus\u00e4tzlich zu seinen eigenst\u00e4ndigen Funktionen arbeitet das Brainwave-III-EEG-Ger\u00e4t mit dem <a href=\"https:\/\/alphalearning.com\/de\/brainwave\/optisch-akustischer-neuronen-synergizer\/\">Optisch-Akustischen Neuronen-Synergizer<\/a> zusammen. Diese leistungsstarke Kombination bietet einen einzigartigen Ansatz zur Harmonisierung des Gehirns und unterst\u00fctzt Anwender dabei, Alpha- und Theta-Gehirnwellen zu erreichen und aufrechtzuerhalten.<\/p>\n<\/div>\n\n\n\n<div class=\"wp-block-uagb-container uagb-block-dc83fcee\">\n<figure class=\"wp-block-image size-large\"><img decoding=\"async\" src=\"https:\/\/alphalearning.com\/wp-content\/uploads\/2024\/03\/screenset3-1024x508.jpg\" alt=\"\"\/><figcaption class=\"wp-element-caption\"><em>Vergleich verschiedener Segmente einer aufgezeichneten EEG-Sitzung<\/em><\/figcaption><\/figure>\n<\/div>\n<\/div><\/div>\n\n\n\n<p>Das Brainwave-III-EEG bietet in Kombination mit unserer einzigartigen Software einen Service, der in Pr\u00e4zision und Funktionalit\u00e4t un\u00fcbertroffen ist. Die Nachanalyse-Funktionen, die ausschlie\u00dflich im Alphalearning-System zur Verf\u00fcgung stehen, stellen sicher, dass unsere Anwender einen Service erhalten, der nicht nur einzigartig, sondern auch qualitativ \u00fcberlegen ist.<\/p>\n\n\n\n<p>Wir m\u00f6chten Sie gerne dabei unterst\u00fctzen, das volle Potenzial des Brainwave-III-Systems und dessen F\u00e4higkeit zur Verbesserung Ihres Lernprozesses zu entdecken. Wenn Sie mehr dar\u00fcber erfahren m\u00f6chten, wie das Brainwave-III-System Ihr Erlebnis mit Gehirntraining, EEG-Analyse und Neurofeedback transformieren kann, besuchen Sie bitte unsere <a href=\"https:\/\/alphalearning.com\/contact\/\">Kontaktseite<\/a>, um sich mit dem Alphalearning-Team in Verbindung zu setzen.<\/p>\n\n\n\n<p class=\"has-text-align-right\"><a href=\"https:\/\/alphalearning.com\/de\/brainwave\/optisch-akustischer-neuronen-synergizer\/\">Erfahren Sie mehr \u00fcber das Brainwave-III \u2013 Optisch-Akustischer Neuronen-Synergizer<\/a><br><a href=\"https:\/\/alphalearning.com\/what-are-alpha-and-theta-brain-waves\/\">Was sind Alpha- und Theta-Gehirnwellen?<\/a><br><a href=\"https:\/\/alphalearning.com\/de\/weltpresse\/\">Alphalearning in der Weltpresse<\/a><\/p>\n","protected":false},"excerpt":{"rendered":"<p>Brainwave-III-System \u2013 Elektroenzephalograph und Neurofeedback-Ausr\u00fcstung Als integraler Bestandteil des Brainwave-III-Systems spielt unser speziell angefertigtes Brainwave-III-EEG eine entscheidende Rolle bei der [&hellip;]<\/p>\n","protected":false},"author":2,"featured_media":0,"parent":13423,"menu_order":402,"comment_status":"closed","ping_status":"closed","template":"","meta":{"_uag_custom_page_level_css":"","site-sidebar-layout":"default","site-content-layout":"","ast-site-content-layout":"default","site-content-style":"default","site-sidebar-style":"default","ast-global-header-display":"","ast-banner-title-visibility":"","ast-main-header-display":"","ast-hfb-above-header-display":"","ast-hfb-below-header-display":"","ast-hfb-mobile-header-display":"","site-post-title":"disabled","ast-breadcrumbs-content":"","ast-featured-img":"","footer-sml-layout":"","ast-disable-related-posts":"","theme-transparent-header-meta":"","adv-header-id-meta":"","stick-header-meta":"","header-above-stick-meta":"","header-main-stick-meta":"","header-below-stick-meta":"","astra-migrate-meta-layouts":"default","ast-page-background-enabled":"default","ast-page-background-meta":{"desktop":{"background-color":"var(--ast-global-color-4)","background-image":"","background-repeat":"repeat","background-position":"center center","background-size":"auto","background-attachment":"scroll","background-type":"","background-media":"","overlay-type":"","overlay-color":"","overlay-opacity":"","overlay-gradient":""},"tablet":{"background-color":"","background-image":"","background-repeat":"repeat","background-position":"center center","background-size":"auto","background-attachment":"scroll","background-type":"","background-media":"","overlay-type":"","overlay-color":"","overlay-opacity":"","overlay-gradient":""},"mobile":{"background-color":"","background-image":"","background-repeat":"repeat","background-position":"center center","background-size":"auto","background-attachment":"scroll","background-type":"","background-media":"","overlay-type":"","overlay-color":"","overlay-opacity":"","overlay-gradient":""}},"ast-content-background-meta":{"desktop":{"background-color":"var(--ast-global-color-5)","background-image":"","background-repeat":"repeat","background-position":"center center","background-size":"auto","background-attachment":"scroll","background-type":"","background-media":"","overlay-type":"","overlay-color":"","overlay-opacity":"","overlay-gradient":""},"tablet":{"background-color":"var(--ast-global-color-5)","background-image":"","background-repeat":"repeat","background-position":"center center","background-size":"auto","background-attachment":"scroll","background-type":"","background-media":"","overlay-type":"","overlay-color":"","overlay-opacity":"","overlay-gradient":""},"mobile":{"background-color":"var(--ast-global-color-5)","background-image":"","background-repeat":"repeat","background-position":"center center","background-size":"auto","background-attachment":"scroll","background-type":"","background-media":"","overlay-type":"","overlay-color":"","overlay-opacity":"","overlay-gradient":""}},"footnotes":""},"class_list":["post-13460","page","type-page","status-publish","hentry"],"yoast_head":"<!-- This site is optimized with the Yoast SEO plugin v27.1.1 - https:\/\/yoast.com\/product\/yoast-seo-wordpress\/ -->\n<title>Brainwave III: EEG- &amp; Neurofeedback | Alphalearning<\/title>\n<meta name=\"description\" content=\"Der Elektroenzephalograph &amp; die Neurofeedback-Ausr\u00fcstung erm\u00f6glichen die Analyse und das Training von Gehirnfrequenzen w\u00e4hrend und nach dem Kurs.\" \/>\n<meta name=\"robots\" content=\"index, follow, max-snippet:-1, max-image-preview:large, max-video-preview:-1\" \/>\n<link rel=\"canonical\" href=\"https:\/\/alphalearning.com\/de\/brainwave\/neurofeedback-eeg\/\" \/>\n<meta property=\"og:locale\" content=\"de_DE\" \/>\n<meta property=\"og:type\" content=\"article\" \/>\n<meta property=\"og:title\" content=\"Brainwave III: EEG- &amp; Neurofeedback | Alphalearning\" \/>\n<meta property=\"og:description\" content=\"Der Elektroenzephalograph &amp; die Neurofeedback-Ausr\u00fcstung erm\u00f6glichen die Analyse und das Training von Gehirnfrequenzen w\u00e4hrend und nach dem Kurs.\" \/>\n<meta property=\"og:url\" content=\"https:\/\/alphalearning.com\/de\/brainwave\/neurofeedback-eeg\/\" \/>\n<meta property=\"og:site_name\" content=\"Alphalearning International\" \/>\n<meta property=\"article:modified_time\" content=\"2025-08-12T11:29:04+00:00\" \/>\n<meta property=\"og:image\" content=\"https:\/\/alphalearning.com\/wp-content\/uploads\/2024\/03\/screenset2-1024x508.jpg\" \/>\n<meta name=\"twitter:card\" content=\"summary_large_image\" \/>\n<meta name=\"twitter:label1\" content=\"Est. reading time\" \/>\n\t<meta name=\"twitter:data1\" content=\"2 minutes\" \/>\n<!-- \/ Yoast SEO plugin. -->","yoast_head_json":{"title":"Brainwave III: EEG- & Neurofeedback | Alphalearning","description":"Der Elektroenzephalograph & die Neurofeedback-Ausr\u00fcstung erm\u00f6glichen die Analyse und das Training von Gehirnfrequenzen w\u00e4hrend und nach dem Kurs.","robots":{"index":"index","follow":"follow","max-snippet":"max-snippet:-1","max-image-preview":"max-image-preview:large","max-video-preview":"max-video-preview:-1"},"canonical":"https:\/\/alphalearning.com\/de\/brainwave\/neurofeedback-eeg\/","og_locale":"de_DE","og_type":"article","og_title":"Brainwave III: EEG- & Neurofeedback | Alphalearning","og_description":"Der Elektroenzephalograph & die Neurofeedback-Ausr\u00fcstung erm\u00f6glichen die Analyse und das Training von Gehirnfrequenzen w\u00e4hrend und nach dem Kurs.","og_url":"https:\/\/alphalearning.com\/de\/brainwave\/neurofeedback-eeg\/","og_site_name":"Alphalearning International","article_modified_time":"2025-08-12T11:29:04+00:00","og_image":[{"url":"https:\/\/alphalearning.com\/wp-content\/uploads\/2024\/03\/screenset2-1024x508.jpg","type":"","width":"","height":""}],"twitter_card":"summary_large_image","twitter_misc":{"Est. reading time":"2 minutes"},"schema":{"@context":"https:\/\/schema.org","@graph":[{"@type":"WebPage","@id":"https:\/\/alphalearning.com\/de\/brainwave\/neurofeedback-eeg\/","url":"https:\/\/alphalearning.com\/de\/brainwave\/neurofeedback-eeg\/","name":"Brainwave III: EEG- & Neurofeedback | Alphalearning","isPartOf":{"@id":"https:\/\/alphalearning.com\/de\/#website"},"primaryImageOfPage":{"@id":"https:\/\/alphalearning.com\/de\/brainwave\/neurofeedback-eeg\/#primaryimage"},"image":{"@id":"https:\/\/alphalearning.com\/de\/brainwave\/neurofeedback-eeg\/#primaryimage"},"thumbnailUrl":"https:\/\/alphalearning.com\/wp-content\/uploads\/2024\/03\/screenset2-1024x508.jpg","datePublished":"2024-03-27T16:22:21+00:00","dateModified":"2025-08-12T11:29:04+00:00","description":"Der Elektroenzephalograph & die Neurofeedback-Ausr\u00fcstung erm\u00f6glichen die Analyse und das Training von Gehirnfrequenzen w\u00e4hrend und nach dem Kurs.","breadcrumb":{"@id":"https:\/\/alphalearning.com\/de\/brainwave\/neurofeedback-eeg\/#breadcrumb"},"inLanguage":"de","potentialAction":[{"@type":"ReadAction","target":["https:\/\/alphalearning.com\/de\/brainwave\/neurofeedback-eeg\/"]}]},{"@type":"ImageObject","inLanguage":"de","@id":"https:\/\/alphalearning.com\/de\/brainwave\/neurofeedback-eeg\/#primaryimage","url":"https:\/\/alphalearning.com\/wp-content\/uploads\/2024\/03\/screenset2-1024x508.jpg","contentUrl":"https:\/\/alphalearning.com\/wp-content\/uploads\/2024\/03\/screenset2-1024x508.jpg"},{"@type":"BreadcrumbList","@id":"https:\/\/alphalearning.com\/de\/brainwave\/neurofeedback-eeg\/#breadcrumb","itemListElement":[{"@type":"ListItem","position":1,"name":"Home","item":"https:\/\/alphalearning.com\/de\/"},{"@type":"ListItem","position":2,"name":"Brainwave III System","item":"https:\/\/alphalearning.com\/de\/brainwave\/"},{"@type":"ListItem","position":3,"name":"Neurofeedback EEG"}]},{"@type":"WebSite","@id":"https:\/\/alphalearning.com\/de\/#website","url":"https:\/\/alphalearning.com\/de\/","name":"Alphalearning International","description":"the brain training institute","publisher":{"@id":"https:\/\/alphalearning.com\/de\/#organization"},"potentialAction":[{"@type":"SearchAction","target":{"@type":"EntryPoint","urlTemplate":"https:\/\/alphalearning.com\/de\/?s={search_term_string}"},"query-input":{"@type":"PropertyValueSpecification","valueRequired":true,"valueName":"search_term_string"}}],"inLanguage":"de"},{"@type":"Organization","@id":"https:\/\/alphalearning.com\/de\/#organization","name":"Alphalearning International","url":"https:\/\/alphalearning.com\/de\/","logo":{"@type":"ImageObject","inLanguage":"de","@id":"https:\/\/alphalearning.com\/de\/#\/schema\/logo\/image\/","url":"https:\/\/alphalearning.com\/wp-content\/uploads\/2024\/03\/alphalearning_ico2_512px.png","contentUrl":"https:\/\/alphalearning.com\/wp-content\/uploads\/2024\/03\/alphalearning_ico2_512px.png","width":512,"height":512,"caption":"Alphalearning International"},"image":{"@id":"https:\/\/alphalearning.com\/de\/#\/schema\/logo\/image\/"}}]}},"uagb_featured_image_src":{"full":false,"thumbnail":false,"medium":false,"medium_large":false,"large":false,"1536x1536":false,"2048x2048":false,"gform-image-choice-sm":false,"gform-image-choice-md":false,"gform-image-choice-lg":false},"uagb_author_info":{"display_name":"Julio Machado","author_link":"https:\/\/alphalearning.com\/de\/author\/julio-machado\/"},"uagb_comment_info":0,"uagb_excerpt":"Brainwave-III-System \u2013 Elektroenzephalograph und Neurofeedback-Ausr\u00fcstung Als integraler Bestandteil des Brainwave-III-Systems spielt unser speziell angefertigtes Brainwave-III-EEG eine entscheidende Rolle bei der [&hellip;]","_links":{"self":[{"href":"https:\/\/alphalearning.com\/de\/wp-json\/wp\/v2\/pages\/13460","targetHints":{"allow":["GET"]}}],"collection":[{"href":"https:\/\/alphalearning.com\/de\/wp-json\/wp\/v2\/pages"}],"about":[{"href":"https:\/\/alphalearning.com\/de\/wp-json\/wp\/v2\/types\/page"}],"author":[{"embeddable":true,"href":"https:\/\/alphalearning.com\/de\/wp-json\/wp\/v2\/users\/2"}],"replies":[{"embeddable":true,"href":"https:\/\/alphalearning.com\/de\/wp-json\/wp\/v2\/comments?post=13460"}],"version-history":[{"count":6,"href":"https:\/\/alphalearning.com\/de\/wp-json\/wp\/v2\/pages\/13460\/revisions"}],"predecessor-version":[{"id":16867,"href":"https:\/\/alphalearning.com\/de\/wp-json\/wp\/v2\/pages\/13460\/revisions\/16867"}],"up":[{"embeddable":true,"href":"https:\/\/alphalearning.com\/de\/wp-json\/wp\/v2\/pages\/13423"}],"wp:attachment":[{"href":"https:\/\/alphalearning.com\/de\/wp-json\/wp\/v2\/media?parent=13460"}],"curies":[{"name":"wp","href":"https:\/\/api.w.org\/{rel}","templated":true}]}}