{"id":13411,"date":"2024-03-27T16:21:20","date_gmt":"2024-03-27T16:21:20","guid":{"rendered":"https:\/\/alphalearning.com\/birth-problems\/"},"modified":"2025-11-08T16:31:59","modified_gmt":"2025-11-08T16:31:59","slug":"geburtsprobleme","status":"publish","type":"page","link":"https:\/\/alphalearning.com\/de\/geburtsprobleme\/","title":{"rendered":"Geburtskomplikationen und Neurofeedback"},"content":{"rendered":"\n<div class=\"wp-block-uagb-advanced-heading uagb-block-69c237b4\"><h1 class=\"uagb-heading-text\">Geburtsprobleme und Neurofeedback<\/h1><\/div>\n\n\n\n<div class=\"wp-block-uagb-advanced-heading uagb-block-8c4933cf\"><h2 class=\"uagb-heading-text\">Geburtsprobleme<\/h2><\/div>\n\n\n\n<p>Um mehr \u00fcber dieses Thema zu erfahren, m\u00f6chten wir Sie einladen, den Brief einer Klientin zu lesen, die in der Vergangenheit mit dieser Situation konfrontiert war.<\/p>\n\n\n\n<div class=\"wp-block-uagb-container uagb-block-8a2ab762 alignfull uagb-is-root-container\"><div class=\"uagb-container-inner-blocks-wrap\">\n<p><strong>Frau Wendy Lees, England<\/strong><\/p>\n\n\n\n<p>An Alphalearning,<\/p>\n\n\n\n<p>Die Ergebnisse des Brainwave I-Systems waren derart erstaunlich, dass ich diesen Brief schreibe in der Hoffnung, dass auch andere Familien so geholfen werden kann wie uns.<\/p>\n\n\n\n<p>Unser zweiter Sohn, James, wurde im April 1963 in Simbabwe geboren. Wie der Arzt meinem Mann erkl\u00e4rte, war die Geburt sehr schwierig \u2013 so sehr, dass Blut aus seiner Nase und seinen Ohren kam und er eine Delle an der Seite seines Kopfes hatte. Sein Gesicht war geschwollen und geprellt. Er lag in Gesichtslage und war hinter meinem Becken steckengeblieben.<\/p>\n\n\n\n<p>Als ich unseren ersten Sohn bekam, lebten wir in Malawi, und ich hatte einen Dammschnitt, der mit 26 Stichen gen\u00e4ht werden musste, um ihm die Geburt zu erleichtern. Er war v\u00f6llig gesund. Eigentlich sollte er per Kaiserschnitt zur Welt kommen. Die Unruhen im Land verhinderten jedoch, dass der Gyn\u00e4kologe das Krankenhaus rechtzeitig erreichte.<\/p>\n\n\n\n<p>Mein hervorragender amerikanischer Gyn\u00e4kologe gab mir ein Schreiben mit, damit \u2013 falls die Firma meinen Mann John vor der Geburt unseres n\u00e4chsten Kindes versetzen sollte \u2013 der dortige Spezialist es zuerst sehen konnte. Wir wurden im Jahr vor James\u2019 Geburt nach Simbabwe versetzt, und als ich schwanger wurde, nahm ich diesen Brief ordnungsgem\u00e4\u00df mit zum Betriebsarzt. Er sagte mir, dass er bereits Hunderte von Babys ohne gro\u00dfe Umst\u00e4nde entbunden habe und daher sicher sei, auch meine Entbindung durchzuf\u00fchren. Ich war damals 23 Jahre alt, widersprach nicht und habe es seitdem bereut.<\/p>\n\n\n\n<p>Als wir nach Gro\u00dfbritannien zur\u00fcckkehrten, brachten wir James ins Wolfson Centre, da er k\u00f6rperlich schwach, sehr sensibel und geistig etwas zur\u00fcckgeblieben wirkte. Uns wurde gesagt, dass der motorische Bereich seines Gehirns besch\u00e4digt sei und er Gl\u00fcck gehabt habe, nicht sein Augenlicht zu verlieren, da die Verletzung in der N\u00e4he des Sehnervs lag. Einer der Spezialisten meinte, er wisse nicht wann, aber eines Tages w\u00fcrde sicher jemand eine Maschine erfinden, die solche Sch\u00e4den beheben k\u00f6nne. Welch ein Vision\u00e4r!<\/p>\n\n\n\n<p>Die Jahre vergingen mit einigen Schwierigkeiten, nicht zuletzt emotionaler Natur. James konnte nie akzeptieren, dass er behindert war, und sch\u00e4mte sich sehr f\u00fcr seinen etwas schiefen Gang, seine verwaschene Sprache und seine mangelnde F\u00e4higkeit, seine motorischen Fertigkeiten wie das Schreiben zu verbessern. Jahrelang wurde er geh\u00e4nselt und zog sich entweder ganz zur\u00fcck oder ging allein aus, je nachdem, wie die Leute ihn behandelten. Er war k\u00f6rperlich schwach, was auch die Arbeitssuche erschwerte, und alles, wozu er in der Lage schien, war Heben oder Tragen \u2013 doch auch da war er nicht kr\u00e4ftig genug. Schlie\u00dflich fand er Aufnahme in einem Tageszentrum f\u00fcr Menschen mit unterschiedlichen Behinderungen. Obwohl ihm einiges daran gefiel, war er nicht wirklich gl\u00fccklich. Der einzige Ort, an dem er v\u00f6llig akzeptiert wurde, war eine Baptistengemeinde, in der viele Mitglieder zu seinen Freunden wurden und es bis heute sind. Ohne sie w\u00e4re sein Leben noch schwieriger gewesen.<\/p>\n\n\n\n<p>Eines Tages lud mich der Vorsitzende unserer Firma zum Mittagessen ein. Dieses Essen war ein Wendepunkt, denn dort begegnete ich der Person, die ohne es zu wissen unser Leben ver\u00e4nderte. Sie berichtete von der Behandlung, die ihr Enkel wegen einer leichten Gehirnsch\u00e4digung im Alphalearning-Institut erhielt. Ich bat um weitere Einzelheiten und bekam die Telefonnummer ihres Sohnes und ihrer Schwiegertochter. Nach vielen Telefongespr\u00e4chen und Briefwechseln mit dem Alphalearning-Institut, brachten wir James schlie\u00dflich dorthin.<\/p>\n\n\n\n<p>Im Alphalearning-Institut wurde eine Maschine namens \u201eBrainwave I\u201c mit einem Wellenmessprogramm aus Licht und Ton entwickelt, das hilft, das Gehirn zu synchronisieren und ins Gleichgewicht zu bringen.<\/p>\n\n\n\n<p>Uns wurde gesagt, dass eine Verbesserung, falls sie eintrete, innerhalb weniger Stunden sp\u00fcrbar sein w\u00fcrde. Am ersten Tag verlie\u00dfen wir das Institut am fr\u00fchen Abend und beobachteten James genau. Sp\u00e4ter gingen wir mit Freunden, die mit ihrem Sohn Nick ebenfalls dorthin gereist waren, in ein Restaurant. Yvonne meinte, sie glaube, dass James\u2019 Sprache klarer sei. John und ich hatten denselben Eindruck und waren begeistert, dass jemand anderes es zuerst bemerkt hatte. Wir mussten jedoch nicht lange auf einen eindeutigen Beweis warten: Schon am n\u00e4chsten Tag, nach weiteren Behandlungen, waren wir auf dem Heimweg am Flughafen Schiphol und n\u00e4herten uns einer stark abw\u00e4rts f\u00fchrenden Rolltreppe. Wie gewohnt wollten wir James st\u00fctzen, als er sich pl\u00f6tzlich ohne ein Wort und v\u00f6llig eigenst\u00e4ndig daraufstellte, als h\u00e4tte er das schon immer so gemacht. Ich muss anmerken, dass er dazu noch seinen Koffer trug. John und ich waren derma\u00dfen \u00fcberrascht, dass wir beinahe die Rolltreppe hinuntergefallen w\u00e4ren. James ging energisch voraus und stieg im Anschluss eine sehr steile Marmortreppe hinunter \u2013 erneut ohne Hilfe. In diesem Moment wurde uns klar, dass die Behandlungen gewirkt hatten. Innerhalb von etwa einer Woche kam dann unser eigenes Brainwave I bei uns zu Hause an, das zusammen mit einem kompatiblen Computer in James\u2019 Zimmer eingerichtet wurde.<\/p>\n\n\n\n<p>Man sagte uns, dass James einen hohen IQ habe und sein Gehirn wiederhergestellt werden k\u00f6nne. Jeden Tag wird das deutlicher. Er wiederholt sich nicht mehr beim Sprechen und kann jetzt mit Problemen umgehen, die f\u00fcr andere vielleicht schlicht wirkten, f\u00fcr ihn vorher jedoch un\u00fcberwindbar waren. So bereitete ihm beispielsweise das Tragen eines Tabletts \u00fcber ein Hindernis gro\u00dfe Frustration und Angst, w\u00e4hrend er es nun einfach tut.<\/p>\n\n\n\n<p>James kam gerade in mein B\u00fcro, um mir ein kaltes Getr\u00e4nk zu bringen, und las mir dabei \u00fcber die Schulter. Ich fragte ihn, wie er sich jetzt f\u00fchle, und er sagte, er sei viel wacher und weniger \u00e4ngstlich, Dinge allein zu tun. Er sei au\u00dferdem sehr froh, dass er seine Worte schneller herausbringen k\u00f6nne und die Menschen ihn nun problemlos verstehen w\u00fcrden, sodass er sich seltener wiederholen m\u00fcsse.<\/p>\n\n\n\n<p>Auch sein \u00e4u\u00dferes Erscheinungsbild hat sich ver\u00e4ndert. Ich fragte den Alphalearning-Ausbilder, was hier genau passiere, da mehrere Leute bereits sagten, James sehe anders aus und wirke so gesund. Er erkl\u00e4rte, dass sich seine Durchblutung verbessert habe, was nicht nur das Hautbild ver\u00e4ndere, sondern auch die dunklen Ringe unter seinen Augen verschwinden lasse.<\/p>\n\n\n\n<p>James wirkte immer d\u00fcnn und unterentwickelt in Armen und H\u00e4nden, doch jetzt hat sich auch das enorm gebessert. Seine zuvor gekr\u00fcmmten Zehen beginnen sich zu strecken. Fr\u00fcher hatte er nach dem Heben jeglicher Gewichte stundenlang R\u00fcckenschmerzen. Das ist jetzt nicht mehr der Fall, und wir m\u00fcssen uns immer wieder vor Augen f\u00fchren, dass seine allererste Behandlung erst vor wenigen Wochen war. James hat eine Wirbels\u00e4ulenverkr\u00fcmmung und litt stets unter R\u00fcckenschmerzen, aber seit mindestens drei Wochen hat er damit keine Probleme mehr.<\/p>\n\n\n\n<p>James\u2019 Vater, John, besuchte k\u00fcrzlich eines unserer \u00f6rtlichen Gesch\u00e4fte. Eine Verk\u00e4uferin, die James seit Jahren kennt, sagte zu John, dass sie es nicht geglaubt h\u00e4tte, w\u00e4re sie nicht selbst Zeugin dieser Ver\u00e4nderung geworden. Diese Erfindung muss zweifellos zu den gr\u00f6\u00dften Durchbr\u00fcchen unserer modernen Zeit z\u00e4hlen, und wir stimmen dem voll und ganz zu.<\/p>\n\n\n\n<p>Gerade klingelte das Telefon, und meine Freundin Yvonne war am Apparat. Sie sagte, sie sei begeistert von den Ver\u00e4nderungen bei James und dass seine Sprache immer besser werde. Sie endete mit den Worten: \u201eund er sieht auch noch so gut aus\u201c.<\/p>\n\n\n\n<p>James arbeitet nun t\u00e4glich an seinem Computer, und wir sind sicher, dass er im Laufe der Zeit auch eine Arbeitsstelle finden wird. Fr\u00fcher \u2013 vor der Behandlung im Alphalearning-Institut \u2013 hatten John und ich st\u00e4ndig nagende Sorgen, was aus James werden w\u00fcrde, wenn wir nicht mehr da w\u00e4ren. Jetzt besch\u00e4ftigt uns diese Sorge nicht mehr, denn dank der F\u00e4higkeiten des gro\u00dfartigen Alphalearning-Teams hat James eine Zukunft. Wir w\u00fcrden jederzeit das Alphalearning-Institut empfehlen.<\/p>\n\n\n\n<p>Wendy Lees, England<\/p>\n<\/div><\/div>\n\n\n\n<p class=\"has-text-align-right\">Learn more about:<br><a href=\"https:\/\/alphalearning.com\/de\/moeglichkeiten-von-neurofeedback-und-brainwave-system\/\">Neurofeedback and Brainwave System Possibilities<\/a><br><a href=\"https:\/\/alphalearning.com\/brainwave\/\">Brainwave System Technology<\/a><br><a href=\"https:\/\/alphalearning.com\/our-services\/individual-family-course\/\">Learning to Learn Alphalearning Course<\/a><\/p>\n","protected":false},"excerpt":{"rendered":"<p>Geburtsprobleme und Neurofeedback Geburtsprobleme Um mehr \u00fcber dieses Thema zu erfahren, m\u00f6chten wir Sie einladen, den Brief einer Klientin zu [&hellip;]<\/p>\n","protected":false},"author":2,"featured_media":0,"parent":0,"menu_order":399,"comment_status":"closed","ping_status":"closed","template":"","meta":{"_uag_custom_page_level_css":"","site-sidebar-layout":"default","site-content-layout":"","ast-site-content-layout":"default","site-content-style":"default","site-sidebar-style":"default","ast-global-header-display":"","ast-banner-title-visibility":"","ast-main-header-display":"","ast-hfb-above-header-display":"","ast-hfb-below-header-display":"","ast-hfb-mobile-header-display":"","site-post-title":"disabled","ast-breadcrumbs-content":"","ast-featured-img":"","footer-sml-layout":"","ast-disable-related-posts":"","theme-transparent-header-meta":"","adv-header-id-meta":"","stick-header-meta":"","header-above-stick-meta":"","header-main-stick-meta":"","header-below-stick-meta":"","astra-migrate-meta-layouts":"default","ast-page-background-enabled":"default","ast-page-background-meta":{"desktop":{"background-color":"var(--ast-global-color-4)","background-image":"","background-repeat":"repeat","background-position":"center center","background-size":"auto","background-attachment":"scroll","background-type":"","background-media":"","overlay-type":"","overlay-color":"","overlay-opacity":"","overlay-gradient":""},"tablet":{"background-color":"","background-image":"","background-repeat":"repeat","background-position":"center center","background-size":"auto","background-attachment":"scroll","background-type":"","background-media":"","overlay-type":"","overlay-color":"","overlay-opacity":"","overlay-gradient":""},"mobile":{"background-color":"","background-image":"","background-repeat":"repeat","background-position":"center center","background-size":"auto","background-attachment":"scroll","background-type":"","background-media":"","overlay-type":"","overlay-color":"","overlay-opacity":"","overlay-gradient":""}},"ast-content-background-meta":{"desktop":{"background-color":"var(--ast-global-color-5)","background-image":"","background-repeat":"repeat","background-position":"center center","background-size":"auto","background-attachment":"scroll","background-type":"","background-media":"","overlay-type":"","overlay-color":"","overlay-opacity":"","overlay-gradient":""},"tablet":{"background-color":"var(--ast-global-color-5)","background-image":"","background-repeat":"repeat","background-position":"center center","background-size":"auto","background-attachment":"scroll","background-type":"","background-media":"","overlay-type":"","overlay-color":"","overlay-opacity":"","overlay-gradient":""},"mobile":{"background-color":"var(--ast-global-color-5)","background-image":"","background-repeat":"repeat","background-position":"center center","background-size":"auto","background-attachment":"scroll","background-type":"","background-media":"","overlay-type":"","overlay-color":"","overlay-opacity":"","overlay-gradient":""}},"footnotes":""},"class_list":["post-13411","page","type-page","status-publish","hentry"],"yoast_head":"<!-- This site is optimized with the Yoast SEO plugin v27.1.1 - https:\/\/yoast.com\/product\/yoast-seo-wordpress\/ -->\n<title>Geburtskomplikationen &amp; Neurofeedback | Alphalearning<\/title>\n<meta name=\"description\" content=\"Erfahren Sie, wie Alphalearning\u2019s Brainwave Geburtstraumata angeht und motorische F\u00e4higkeiten sowie Kommunikation durch innovatives Neurofeedback verbessert.\" \/>\n<meta name=\"robots\" content=\"index, follow, max-snippet:-1, max-image-preview:large, max-video-preview:-1\" \/>\n<link rel=\"canonical\" href=\"https:\/\/alphalearning.com\/de\/geburtsprobleme\/\" \/>\n<meta property=\"og:locale\" content=\"de_DE\" \/>\n<meta property=\"og:type\" content=\"article\" \/>\n<meta property=\"og:title\" content=\"Geburtskomplikationen &amp; Neurofeedback | Alphalearning\" \/>\n<meta property=\"og:description\" content=\"Erfahren Sie, wie Alphalearning\u2019s Brainwave Geburtstraumata angeht und motorische F\u00e4higkeiten sowie Kommunikation durch innovatives Neurofeedback verbessert.\" \/>\n<meta property=\"og:url\" content=\"https:\/\/alphalearning.com\/de\/geburtsprobleme\/\" \/>\n<meta property=\"og:site_name\" content=\"Alphalearning International\" \/>\n<meta property=\"article:modified_time\" content=\"2025-11-08T16:31:59+00:00\" \/>\n<meta property=\"og:image\" content=\"https:\/\/alphalearning.com\/wp-content\/uploads\/2024\/04\/alphalearning-logo_red_1200x675px.png\" \/>\n\t<meta property=\"og:image:width\" content=\"1200\" \/>\n\t<meta property=\"og:image:height\" content=\"675\" \/>\n\t<meta property=\"og:image:type\" content=\"image\/png\" \/>\n<meta name=\"twitter:card\" content=\"summary_large_image\" \/>\n<meta name=\"twitter:label1\" content=\"Est. reading time\" \/>\n\t<meta name=\"twitter:data1\" content=\"6 minutes\" \/>\n<!-- \/ Yoast SEO plugin. -->","yoast_head_json":{"title":"Geburtskomplikationen & Neurofeedback | Alphalearning","description":"Erfahren Sie, wie Alphalearning\u2019s Brainwave Geburtstraumata angeht und motorische F\u00e4higkeiten sowie Kommunikation durch innovatives Neurofeedback verbessert.","robots":{"index":"index","follow":"follow","max-snippet":"max-snippet:-1","max-image-preview":"max-image-preview:large","max-video-preview":"max-video-preview:-1"},"canonical":"https:\/\/alphalearning.com\/de\/geburtsprobleme\/","og_locale":"de_DE","og_type":"article","og_title":"Geburtskomplikationen & Neurofeedback | Alphalearning","og_description":"Erfahren Sie, wie Alphalearning\u2019s Brainwave Geburtstraumata angeht und motorische F\u00e4higkeiten sowie Kommunikation durch innovatives Neurofeedback verbessert.","og_url":"https:\/\/alphalearning.com\/de\/geburtsprobleme\/","og_site_name":"Alphalearning International","article_modified_time":"2025-11-08T16:31:59+00:00","og_image":[{"width":1200,"height":675,"url":"https:\/\/alphalearning.com\/wp-content\/uploads\/2024\/04\/alphalearning-logo_red_1200x675px.png","type":"image\/png"}],"twitter_card":"summary_large_image","twitter_misc":{"Est. reading time":"6 minutes"},"schema":{"@context":"https:\/\/schema.org","@graph":[{"@type":"WebPage","@id":"https:\/\/alphalearning.com\/de\/geburtsprobleme\/","url":"https:\/\/alphalearning.com\/de\/geburtsprobleme\/","name":"Geburtskomplikationen & Neurofeedback | Alphalearning","isPartOf":{"@id":"https:\/\/alphalearning.com\/de\/#website"},"datePublished":"2024-03-27T16:21:20+00:00","dateModified":"2025-11-08T16:31:59+00:00","description":"Erfahren Sie, wie Alphalearning\u2019s Brainwave Geburtstraumata angeht und motorische F\u00e4higkeiten sowie Kommunikation durch innovatives Neurofeedback verbessert.","breadcrumb":{"@id":"https:\/\/alphalearning.com\/de\/geburtsprobleme\/#breadcrumb"},"inLanguage":"de","potentialAction":[{"@type":"ReadAction","target":["https:\/\/alphalearning.com\/de\/geburtsprobleme\/"]}]},{"@type":"BreadcrumbList","@id":"https:\/\/alphalearning.com\/de\/geburtsprobleme\/#breadcrumb","itemListElement":[{"@type":"ListItem","position":1,"name":"Home","item":"https:\/\/alphalearning.com\/de\/"},{"@type":"ListItem","position":2,"name":"Geburtskomplikationen und Neurofeedback"}]},{"@type":"WebSite","@id":"https:\/\/alphalearning.com\/de\/#website","url":"https:\/\/alphalearning.com\/de\/","name":"Alphalearning International","description":"the brain training institute","publisher":{"@id":"https:\/\/alphalearning.com\/de\/#organization"},"potentialAction":[{"@type":"SearchAction","target":{"@type":"EntryPoint","urlTemplate":"https:\/\/alphalearning.com\/de\/?s={search_term_string}"},"query-input":{"@type":"PropertyValueSpecification","valueRequired":true,"valueName":"search_term_string"}}],"inLanguage":"de"},{"@type":"Organization","@id":"https:\/\/alphalearning.com\/de\/#organization","name":"Alphalearning International","url":"https:\/\/alphalearning.com\/de\/","logo":{"@type":"ImageObject","inLanguage":"de","@id":"https:\/\/alphalearning.com\/de\/#\/schema\/logo\/image\/","url":"https:\/\/alphalearning.com\/wp-content\/uploads\/2024\/03\/alphalearning_ico2_512px.png","contentUrl":"https:\/\/alphalearning.com\/wp-content\/uploads\/2024\/03\/alphalearning_ico2_512px.png","width":512,"height":512,"caption":"Alphalearning International"},"image":{"@id":"https:\/\/alphalearning.com\/de\/#\/schema\/logo\/image\/"}}]}},"uagb_featured_image_src":{"full":false,"thumbnail":false,"medium":false,"medium_large":false,"large":false,"1536x1536":false,"2048x2048":false,"gform-image-choice-sm":false,"gform-image-choice-md":false,"gform-image-choice-lg":false},"uagb_author_info":{"display_name":"Julio Machado","author_link":"https:\/\/alphalearning.com\/de\/author\/julio-machado\/"},"uagb_comment_info":0,"uagb_excerpt":"Geburtsprobleme und Neurofeedback Geburtsprobleme Um mehr \u00fcber dieses Thema zu erfahren, m\u00f6chten wir Sie einladen, den Brief einer Klientin zu [&hellip;]","_links":{"self":[{"href":"https:\/\/alphalearning.com\/de\/wp-json\/wp\/v2\/pages\/13411","targetHints":{"allow":["GET"]}}],"collection":[{"href":"https:\/\/alphalearning.com\/de\/wp-json\/wp\/v2\/pages"}],"about":[{"href":"https:\/\/alphalearning.com\/de\/wp-json\/wp\/v2\/types\/page"}],"author":[{"embeddable":true,"href":"https:\/\/alphalearning.com\/de\/wp-json\/wp\/v2\/users\/2"}],"replies":[{"embeddable":true,"href":"https:\/\/alphalearning.com\/de\/wp-json\/wp\/v2\/comments?post=13411"}],"version-history":[{"count":12,"href":"https:\/\/alphalearning.com\/de\/wp-json\/wp\/v2\/pages\/13411\/revisions"}],"predecessor-version":[{"id":17118,"href":"https:\/\/alphalearning.com\/de\/wp-json\/wp\/v2\/pages\/13411\/revisions\/17118"}],"wp:attachment":[{"href":"https:\/\/alphalearning.com\/de\/wp-json\/wp\/v2\/media?parent=13411"}],"curies":[{"name":"wp","href":"https:\/\/api.w.org\/{rel}","templated":true}]}}