{"id":13404,"date":"2024-03-27T16:39:38","date_gmt":"2024-03-27T16:39:38","guid":{"rendered":"https:\/\/alphalearning.com\/neurofeedback-athletics-and-sports\/"},"modified":"2025-11-08T16:31:43","modified_gmt":"2025-11-08T16:31:43","slug":"neurofeedback-leichtathletik-und-sport","status":"publish","type":"page","link":"https:\/\/alphalearning.com\/de\/neurofeedback-leichtathletik-und-sport\/","title":{"rendered":"Neurofeedback Leichtathletik und Sport"},"content":{"rendered":"\n<div class=\"wp-block-uagb-advanced-heading uagb-block-04748237\"><h1 class=\"uagb-heading-text\">Neurofeedback in Leichtathletik und Sport<\/h1><\/div>\n\n\n\n<div class=\"wp-block-uagb-container uagb-block-711c43af alignfull uagb-is-root-container\"><div class=\"uagb-container-inner-blocks-wrap\">\n<p><em>London, 24. Okt. 2000:<\/em><\/p>\n\n\n\n<p><strong>Der erste Olympiasieger, der zugibt, die Brainwave-Trainingsausr\u00fcstung des Alphalearning-Instituts genutzt zu haben.<\/strong><\/p>\n\n\n\n<p><a href=\"https:\/\/de.wikipedia.org\/wiki\/Richard_Faulds\" target=\"_blank\" rel=\"noreferrer noopener\">Richard Faulds<\/a>&nbsp;sagt: \u201e<em>Alphalearning hat den entscheidenden Unterschied zwischen Gold und Silber in Sydney ausgemacht. Die F\u00e4higkeit, sich zu fokussieren, zu konzentrieren und unter Druck Ruhe zu bewahren \u2013 das sind die Schl\u00fcssel zur Leistung.<\/em>\u201c Nur wenige Wochen vor Sydney lie\u00df Richard Faulds sein Gehirn elektronisch trainieren, um blitzschnell zwischen Anspannung, Konzentration und Entspannung wechseln zu k\u00f6nnen. Hat es funktioniert? Er sagt: \u201e<em>Brainwave-Technologie ist die Zukunft f\u00fcr den Wettkampfsport.<\/em>\u201c<\/p>\n\n\n\n<p>Warum sollte ein Weltklasse-Athlet sein Gehirn nur wenige Wochen vor den Olympischen Spielen einem elektronischen Ger\u00e4t anvertrauen? Stress \u2013 der Fluch der Pr\u00e4zisionssportarten: Ein Fehlschuss = Stress = noch mehr Fehlsch\u00fcsse. Mit der Kontrolle \u00fcber die Gehirnfrequenzen kann der Stress gesteuert und das Gehirn zwischen jedem Schuss \u201ezur\u00fcckgesetzt\u201c werden. Ob Schrotflinte, Gewehr, Golfschl\u00e4ger oder Tennisschl\u00e4ger \u2013 der gemeinsame Nenner ist die F\u00e4higkeit, sich schnell zu erholen, auszuruhen und zwischen den Schl\u00e4gen oder Sch\u00fcssen fokussiert zu bleiben.<\/p>\n\n\n\n<p>Das Brainwave I System ist eine Kombination aus hochentwickeltem Biofeedback-EEG, das den Zustand und die augenblicklichen Ver\u00e4nderungen im Gehirn aufzeichnet, und einem Optischen Akustischen Neuronen Synergizer, der die Feuerrate der 300 Milliarden Gehirnneuronen synchronisiert und gleichzeitig die linke und rechte Gehirnh\u00e4lfte ausbalanciert.<\/p>\n\n\n\n<p>Die Ausr\u00fcstung wurde bereits ausgiebig f\u00fcr intellektuelle H\u00f6chstleistungen eingesetzt und findet nun zunehmend Anwendung im Sport und im k\u00f6rperlichen Hochleistungstraining.<\/p>\n\n\n\n<p><a href=\"https:\/\/en.wikipedia.org\/wiki\/Dominic_O%27Brien\" target=\"_blank\" rel=\"noreferrer noopener\">Dominic O\u2019Brien<\/a>\u2013 siebenfacher und amtierender Weltmeister im Ged\u00e4chtnissport: <em>\u201eIch benutze Brainwave I seit drei Jahren und breche st\u00e4ndig meine eigenen Rekorde.\u201c<\/em><\/p>\n\n\n\n<p><a href=\"https:\/\/alphalearning.com\/de\/kommentare-von-alphalearning-klienten\/zitate-von-leistungssportlern\/jan-verfaellie\/\">Jan Verfaellie<\/a>\u2013 Belgischer Junioren-Golfmeister: <em>\u201eMit dem Brainwave I Training kann ich 20 Stunden Golf in nur 15 Minuten \u2013 in meinem Kopf \u2013 perfekt spielen.\u201c<\/em><\/p>\n\n\n\n<p>Andere Einsatzbereiche gab es in der Formel 1 mit <a href=\"https:\/\/de.wikipedia.org\/wiki\/David_Coulthard\" target=\"_blank\" rel=\"noreferrer noopener\">David Coulthard<\/a>, beim Ballonfahren mit <a href=\"https:\/\/de.wikipedia.org\/wiki\/Richard_Branson\" target=\"_blank\" rel=\"noreferrer noopener\">Sir Richard Branson<\/a> und bei Jetpiloten.<\/p>\n\n\n\n<p>Henry Hopking, leitender Sporttrainer am Alphalearning-Institut, hat k\u00fcrzlich auch den Wurfscheibensch\u00fctzen Ben Brunton trainiert, der sagt: \u201e<em>Alphalearning hat mich gelehrt, mich unter Druck zu fokussieren und zu konzentrieren. Ohne jeden Zweifel hat es mir geholfen, <strong>der j\u00fcngste FITASC-Weltmeister aller Zeiten zu werden.<\/strong><\/em>\u201c<\/p>\n\n\n\n<p><strong>Curt Selestam, Oslo, Norwegen<\/strong><br><em>\u201eAlpha funktioniert wirklich beim Golf.<br>Wenn ich in Aufruhr bin, kann ich mich jetzt beruhigen und entspannen.\u201c<\/em><\/p>\n\n\n\n<p><strong>Bert Talhoo, Utrecht, Niederlande<\/strong><br><em>\u201eDer Golfschwung klappt, Alpha gibt mir ein entspanntes Bewusstsein \u2013 kein innerliches Schreien mehr.\u201c<\/em><\/p>\n\n\n\n<p><strong>Cris van Aeken, London, England<\/strong><br><em>\u201eVor Alpha konnte ich meinen linken Arm beim Ausholen nicht gestreckt halten.<br>\u2013 jetzt kann ich ihn gar nicht mehr beugen. Fantastisch.\u201c<\/em><\/p>\n\n\n\n<p><strong>Doug Ewing, L\u00f6wen, Belgien<\/strong><br><em>\u201eEine Woche nach dem Kurs mit dem Alpha-System habe ich den ersten Platz bei einem Golfclub-Turnier gewonnen.<br>Der Ball landet im Loch \u2013 es funktioniert!\u201c<\/em><\/p>\n\n\n\n<p class=\"has-text-align-center\"><strong>Leistung unter Druck \u2013 die urspr\u00fcnglich f\u00fcr den hochbeanspruchten Manager entwickelte Ausr\u00fcstung ist nun auch in der Welt des Sports zu Hause.<\/strong><\/p>\n<\/div><\/div>\n\n\n\n<p><\/p>\n","protected":false},"excerpt":{"rendered":"<p>Neurofeedback in Leichtathletik und Sport London, 24. Okt. 2000: Der erste Olympiasieger, der zugibt, die Brainwave-Trainingsausr\u00fcstung des Alphalearning-Instituts genutzt zu [&hellip;]<\/p>\n","protected":false},"author":2,"featured_media":0,"parent":0,"menu_order":370,"comment_status":"closed","ping_status":"closed","template":"","meta":{"_uag_custom_page_level_css":"","site-sidebar-layout":"default","site-content-layout":"","ast-site-content-layout":"default","site-content-style":"default","site-sidebar-style":"default","ast-global-header-display":"","ast-banner-title-visibility":"","ast-main-header-display":"","ast-hfb-above-header-display":"","ast-hfb-below-header-display":"","ast-hfb-mobile-header-display":"","site-post-title":"disabled","ast-breadcrumbs-content":"","ast-featured-img":"","footer-sml-layout":"","ast-disable-related-posts":"","theme-transparent-header-meta":"","adv-header-id-meta":"","stick-header-meta":"","header-above-stick-meta":"","header-main-stick-meta":"","header-below-stick-meta":"","astra-migrate-meta-layouts":"default","ast-page-background-enabled":"default","ast-page-background-meta":{"desktop":{"background-color":"var(--ast-global-color-4)","background-image":"","background-repeat":"repeat","background-position":"center center","background-size":"auto","background-attachment":"scroll","background-type":"","background-media":"","overlay-type":"","overlay-color":"","overlay-opacity":"","overlay-gradient":""},"tablet":{"background-color":"","background-image":"","background-repeat":"repeat","background-position":"center center","background-size":"auto","background-attachment":"scroll","background-type":"","background-media":"","overlay-type":"","overlay-color":"","overlay-opacity":"","overlay-gradient":""},"mobile":{"background-color":"","background-image":"","background-repeat":"repeat","background-position":"center center","background-size":"auto","background-attachment":"scroll","background-type":"","background-media":"","overlay-type":"","overlay-color":"","overlay-opacity":"","overlay-gradient":""}},"ast-content-background-meta":{"desktop":{"background-color":"var(--ast-global-color-5)","background-image":"","background-repeat":"repeat","background-position":"center center","background-size":"auto","background-attachment":"scroll","background-type":"","background-media":"","overlay-type":"","overlay-color":"","overlay-opacity":"","overlay-gradient":""},"tablet":{"background-color":"var(--ast-global-color-5)","background-image":"","background-repeat":"repeat","background-position":"center center","background-size":"auto","background-attachment":"scroll","background-type":"","background-media":"","overlay-type":"","overlay-color":"","overlay-opacity":"","overlay-gradient":""},"mobile":{"background-color":"var(--ast-global-color-5)","background-image":"","background-repeat":"repeat","background-position":"center center","background-size":"auto","background-attachment":"scroll","background-type":"","background-media":"","overlay-type":"","overlay-color":"","overlay-opacity":"","overlay-gradient":""}},"footnotes":""},"class_list":["post-13404","page","type-page","status-publish","hentry"],"yoast_head":"<!-- This site is optimized with the Yoast SEO plugin v27.1.1 - https:\/\/yoast.com\/product\/yoast-seo-wordpress\/ -->\n<title>Neurofeedback f\u00fcr Spitzenleistungen im Sport | Alphalearning<\/title>\n<meta name=\"description\" content=\"Richard Faulds nutzte Alphalearnings Training, um Olympia-Gold zu gewinnen. Erfahren Sie, wie Neurofeedback Fokus, Gelassenheit und Spitzenleistung steigert.\" \/>\n<meta name=\"robots\" content=\"index, follow, max-snippet:-1, max-image-preview:large, max-video-preview:-1\" \/>\n<link rel=\"canonical\" href=\"https:\/\/alphalearning.com\/de\/neurofeedback-leichtathletik-und-sport\/\" \/>\n<meta property=\"og:locale\" content=\"de_DE\" \/>\n<meta property=\"og:type\" content=\"article\" \/>\n<meta property=\"og:title\" content=\"Neurofeedback f\u00fcr Spitzenleistungen im Sport | Alphalearning\" \/>\n<meta property=\"og:description\" content=\"Richard Faulds nutzte Alphalearnings Training, um Olympia-Gold zu gewinnen. Erfahren Sie, wie Neurofeedback Fokus, Gelassenheit und Spitzenleistung steigert.\" \/>\n<meta property=\"og:url\" content=\"https:\/\/alphalearning.com\/de\/neurofeedback-leichtathletik-und-sport\/\" \/>\n<meta property=\"og:site_name\" content=\"Alphalearning International\" \/>\n<meta property=\"article:modified_time\" content=\"2025-11-08T16:31:43+00:00\" \/>\n<meta property=\"og:image\" content=\"https:\/\/alphalearning.com\/wp-content\/uploads\/2024\/04\/alphalearning-logo_red_1200x675px.png\" \/>\n\t<meta property=\"og:image:width\" content=\"1200\" \/>\n\t<meta property=\"og:image:height\" content=\"675\" \/>\n\t<meta property=\"og:image:type\" content=\"image\/png\" \/>\n<meta name=\"twitter:card\" content=\"summary_large_image\" \/>\n<meta name=\"twitter:label1\" content=\"Est. reading time\" \/>\n\t<meta name=\"twitter:data1\" content=\"2 minutes\" \/>\n<!-- \/ Yoast SEO plugin. -->","yoast_head_json":{"title":"Neurofeedback f\u00fcr Spitzenleistungen im Sport | Alphalearning","description":"Richard Faulds nutzte Alphalearnings Training, um Olympia-Gold zu gewinnen. Erfahren Sie, wie Neurofeedback Fokus, Gelassenheit und Spitzenleistung steigert.","robots":{"index":"index","follow":"follow","max-snippet":"max-snippet:-1","max-image-preview":"max-image-preview:large","max-video-preview":"max-video-preview:-1"},"canonical":"https:\/\/alphalearning.com\/de\/neurofeedback-leichtathletik-und-sport\/","og_locale":"de_DE","og_type":"article","og_title":"Neurofeedback f\u00fcr Spitzenleistungen im Sport | Alphalearning","og_description":"Richard Faulds nutzte Alphalearnings Training, um Olympia-Gold zu gewinnen. Erfahren Sie, wie Neurofeedback Fokus, Gelassenheit und Spitzenleistung steigert.","og_url":"https:\/\/alphalearning.com\/de\/neurofeedback-leichtathletik-und-sport\/","og_site_name":"Alphalearning International","article_modified_time":"2025-11-08T16:31:43+00:00","og_image":[{"width":1200,"height":675,"url":"https:\/\/alphalearning.com\/wp-content\/uploads\/2024\/04\/alphalearning-logo_red_1200x675px.png","type":"image\/png"}],"twitter_card":"summary_large_image","twitter_misc":{"Est. reading time":"2 minutes"},"schema":{"@context":"https:\/\/schema.org","@graph":[{"@type":"WebPage","@id":"https:\/\/alphalearning.com\/de\/neurofeedback-leichtathletik-und-sport\/","url":"https:\/\/alphalearning.com\/de\/neurofeedback-leichtathletik-und-sport\/","name":"Neurofeedback f\u00fcr Spitzenleistungen im Sport | Alphalearning","isPartOf":{"@id":"https:\/\/alphalearning.com\/de\/#website"},"datePublished":"2024-03-27T16:39:38+00:00","dateModified":"2025-11-08T16:31:43+00:00","description":"Richard Faulds nutzte Alphalearnings Training, um Olympia-Gold zu gewinnen. Erfahren Sie, wie Neurofeedback Fokus, Gelassenheit und Spitzenleistung steigert.","breadcrumb":{"@id":"https:\/\/alphalearning.com\/de\/neurofeedback-leichtathletik-und-sport\/#breadcrumb"},"inLanguage":"de","potentialAction":[{"@type":"ReadAction","target":["https:\/\/alphalearning.com\/de\/neurofeedback-leichtathletik-und-sport\/"]}]},{"@type":"BreadcrumbList","@id":"https:\/\/alphalearning.com\/de\/neurofeedback-leichtathletik-und-sport\/#breadcrumb","itemListElement":[{"@type":"ListItem","position":1,"name":"Home","item":"https:\/\/alphalearning.com\/de\/"},{"@type":"ListItem","position":2,"name":"Neurofeedback Leichtathletik und Sport"}]},{"@type":"WebSite","@id":"https:\/\/alphalearning.com\/de\/#website","url":"https:\/\/alphalearning.com\/de\/","name":"Alphalearning International","description":"the brain training institute","publisher":{"@id":"https:\/\/alphalearning.com\/de\/#organization"},"potentialAction":[{"@type":"SearchAction","target":{"@type":"EntryPoint","urlTemplate":"https:\/\/alphalearning.com\/de\/?s={search_term_string}"},"query-input":{"@type":"PropertyValueSpecification","valueRequired":true,"valueName":"search_term_string"}}],"inLanguage":"de"},{"@type":"Organization","@id":"https:\/\/alphalearning.com\/de\/#organization","name":"Alphalearning International","url":"https:\/\/alphalearning.com\/de\/","logo":{"@type":"ImageObject","inLanguage":"de","@id":"https:\/\/alphalearning.com\/de\/#\/schema\/logo\/image\/","url":"https:\/\/alphalearning.com\/wp-content\/uploads\/2024\/03\/alphalearning_ico2_512px.png","contentUrl":"https:\/\/alphalearning.com\/wp-content\/uploads\/2024\/03\/alphalearning_ico2_512px.png","width":512,"height":512,"caption":"Alphalearning International"},"image":{"@id":"https:\/\/alphalearning.com\/de\/#\/schema\/logo\/image\/"}}]}},"uagb_featured_image_src":{"full":false,"thumbnail":false,"medium":false,"medium_large":false,"large":false,"1536x1536":false,"2048x2048":false,"gform-image-choice-sm":false,"gform-image-choice-md":false,"gform-image-choice-lg":false},"uagb_author_info":{"display_name":"Julio Machado","author_link":"https:\/\/alphalearning.com\/de\/author\/julio-machado\/"},"uagb_comment_info":0,"uagb_excerpt":"Neurofeedback in Leichtathletik und Sport London, 24. Okt. 2000: Der erste Olympiasieger, der zugibt, die Brainwave-Trainingsausr\u00fcstung des Alphalearning-Instituts genutzt zu [&hellip;]","_links":{"self":[{"href":"https:\/\/alphalearning.com\/de\/wp-json\/wp\/v2\/pages\/13404","targetHints":{"allow":["GET"]}}],"collection":[{"href":"https:\/\/alphalearning.com\/de\/wp-json\/wp\/v2\/pages"}],"about":[{"href":"https:\/\/alphalearning.com\/de\/wp-json\/wp\/v2\/types\/page"}],"author":[{"embeddable":true,"href":"https:\/\/alphalearning.com\/de\/wp-json\/wp\/v2\/users\/2"}],"replies":[{"embeddable":true,"href":"https:\/\/alphalearning.com\/de\/wp-json\/wp\/v2\/comments?post=13404"}],"version-history":[{"count":5,"href":"https:\/\/alphalearning.com\/de\/wp-json\/wp\/v2\/pages\/13404\/revisions"}],"predecessor-version":[{"id":17117,"href":"https:\/\/alphalearning.com\/de\/wp-json\/wp\/v2\/pages\/13404\/revisions\/17117"}],"wp:attachment":[{"href":"https:\/\/alphalearning.com\/de\/wp-json\/wp\/v2\/media?parent=13404"}],"curies":[{"name":"wp","href":"https:\/\/api.w.org\/{rel}","templated":true}]}}