{"id":13376,"date":"2024-03-27T16:42:28","date_gmt":"2024-03-27T16:42:28","guid":{"rendered":"https:\/\/alphalearning.com\/neurofeedback-meditation-stressbewaeltigung\/mindfulness-practice-leads-to-increases-in-regional-brain-gray-matter-density\/"},"modified":"2025-11-08T14:22:36","modified_gmt":"2025-11-08T14:22:36","slug":"achtsamkeitsuebungen-fuehren-zu-zunahmen-der-regionalen-grauen-substanzdichte-im-gehirn","status":"publish","type":"page","link":"https:\/\/alphalearning.com\/de\/neurofeedback-meditation-stressbewaeltigung\/achtsamkeitsuebungen-fuehren-zu-zunahmen-der-regionalen-grauen-substanzdichte-im-gehirn\/","title":{"rendered":"Achtsamkeits\u00fcbungen f\u00fchren zu Zunahmen der regionalen Grauen Substanzdichte im Gehirn"},"content":{"rendered":"\n<div class=\"wp-block-uagb-advanced-heading uagb-block-ebf30446\"><h1 class=\"uagb-heading-text\">Achtsamkeitspraxis f\u00fchrt zu einer Zunahme der grauen Substanz <br>in bestimmten Hirnregionen<\/h1><\/div>\n\n\n\n<div class=\"wp-block-uagb-container uagb-block-8bee5aec alignfull uagb-is-root-container\"><div class=\"uagb-container-inner-blocks-wrap\">\n<p>Zusammenfassung.<\/p>\n\n\n\n<p>Therapeutische Interventionen, die ein Training in Achtsamkeitsmeditation integrieren, erfreuen sich zunehmender Beliebtheit. Bislang ist jedoch wenig \u00fcber die damit verbundenen neuronalen Mechanismen bekannt. Mindfulness-Based Stress Reduction (MBSR, auf Deutsch h\u00e4ufig \u201eStressreduktion durch Achtsamkeit\u201c genannt) \u2013 eines der am weitesten verbreiteten Achtsamkeitstrainingsprogramme \u2013 hat Studien zufolge positive Effekte auf das psychische Wohlbefinden und kann die Symptome verschiedener St\u00f6rungen lindern. In dieser kontrollierten L\u00e4ngsschnittstudie berichten wir \u00fcber Vorher-Nachher-Ver\u00e4nderungen der Konzentration grauer Substanz, die auf die Teilnahme an einem MBSR-Programm zur\u00fcckzuf\u00fchren sind. Anatomische MRT-Aufnahmen von sechzehn gesunden, meditationsunerfahrenen Teilnehmenden wurden vor und nach dem achtw\u00f6chigen Programm angefertigt. Die Ver\u00e4nderungen in der Konzentration grauer Substanz wurden mittels Voxel-basierter Morphometrie untersucht und mit denen einer Wartelisten-Kontrollgruppe von 17 Personen verglichen. Analysen vordefinierter interessierender Hirnregionen best\u00e4tigten eine erh\u00f6hte Konzentration grauer Substanz im linken Hippocampus. Die Auswertung des gesamten Gehirns zeigte in der MBSR-Gruppe im Vergleich zu den Kontrollen Zunahmen im posterioren cingul\u00e4ren Cortex, an der temporoparietalen \u00dcbergangsregion sowie im Kleinhirn. Die Ergebnisse deuten darauf hin, dass die Teilnahme an MBSR mit Ver\u00e4nderungen der Konzentration grauer Substanz in Gehirnregionen verbunden ist, die f\u00fcr Lern- und Ged\u00e4chtnisprozesse, Emotionsregulation, selbstreferenzielle Verarbeitung und Perspektiven\u00fcbernahme relevant sind.<\/p>\n\n\n\n<p><a href=\"https:\/\/alphalearning.com\/de\/neurofeedback-meditation-stressbewaeltigung\/#stress-relief-through-eeg-guided-meditation\">Erfahren Sie, wie Sie diese Ergebnisse durch den Alphalearning International-Kurs erzielen k\u00f6nnen.<\/a><\/p>\n\n\n\n<p class=\"has-text-align-right\"><a href=\"https:\/\/alphalearning.com\/servepdf.php?year=2024&amp;month=04&amp;file=alphalearning-mindfulness-practice-leads-to-increases-in-regional-brain-gray-matter-density.pdf\" target=\"_blank\" rel=\"noreferrer noopener nofollow\">Laden Sie den vollst\u00e4ndigen Artikel im PDF-Format herunter.<\/a><\/p>\n<\/div><\/div>\n","protected":false},"excerpt":{"rendered":"<p>Achtsamkeitspraxis f\u00fchrt zu einer Zunahme der grauen Substanz in bestimmten Hirnregionen Zusammenfassung. Therapeutische Interventionen, die ein Training in Achtsamkeitsmeditation integrieren, [&hellip;]<\/p>\n","protected":false},"author":2,"featured_media":0,"parent":13318,"menu_order":0,"comment_status":"closed","ping_status":"closed","template":"","meta":{"_uag_custom_page_level_css":"","site-sidebar-layout":"default","site-content-layout":"","ast-site-content-layout":"default","site-content-style":"default","site-sidebar-style":"default","ast-global-header-display":"","ast-banner-title-visibility":"","ast-main-header-display":"","ast-hfb-above-header-display":"","ast-hfb-below-header-display":"","ast-hfb-mobile-header-display":"","site-post-title":"disabled","ast-breadcrumbs-content":"","ast-featured-img":"","footer-sml-layout":"","ast-disable-related-posts":"","theme-transparent-header-meta":"","adv-header-id-meta":"","stick-header-meta":"","header-above-stick-meta":"","header-main-stick-meta":"","header-below-stick-meta":"","astra-migrate-meta-layouts":"default","ast-page-background-enabled":"default","ast-page-background-meta":{"desktop":{"background-color":"var(--ast-global-color-4)","background-image":"","background-repeat":"repeat","background-position":"center center","background-size":"auto","background-attachment":"scroll","background-type":"","background-media":"","overlay-type":"","overlay-color":"","overlay-opacity":"","overlay-gradient":""},"tablet":{"background-color":"","background-image":"","background-repeat":"repeat","background-position":"center center","background-size":"auto","background-attachment":"scroll","background-type":"","background-media":"","overlay-type":"","overlay-color":"","overlay-opacity":"","overlay-gradient":""},"mobile":{"background-color":"","background-image":"","background-repeat":"repeat","background-position":"center center","background-size":"auto","background-attachment":"scroll","background-type":"","background-media":"","overlay-type":"","overlay-color":"","overlay-opacity":"","overlay-gradient":""}},"ast-content-background-meta":{"desktop":{"background-color":"var(--ast-global-color-5)","background-image":"","background-repeat":"repeat","background-position":"center center","background-size":"auto","background-attachment":"scroll","background-type":"","background-media":"","overlay-type":"","overlay-color":"","overlay-opacity":"","overlay-gradient":""},"tablet":{"background-color":"var(--ast-global-color-5)","background-image":"","background-repeat":"repeat","background-position":"center center","background-size":"auto","background-attachment":"scroll","background-type":"","background-media":"","overlay-type":"","overlay-color":"","overlay-opacity":"","overlay-gradient":""},"mobile":{"background-color":"var(--ast-global-color-5)","background-image":"","background-repeat":"repeat","background-position":"center center","background-size":"auto","background-attachment":"scroll","background-type":"","background-media":"","overlay-type":"","overlay-color":"","overlay-opacity":"","overlay-gradient":""}},"footnotes":""},"class_list":["post-13376","page","type-page","status-publish","hentry"],"yoast_head":"<!-- This site is optimized with the Yoast SEO plugin v27.1.1 - https:\/\/yoast.com\/product\/yoast-seo-wordpress\/ -->\n<title>Mehr graue Gehirnsubstanz durch Achtsamkeit | Alphalearning<\/title>\n<meta name=\"description\" content=\"Erfahren Sie, wie MBSR die graue Substanz in Gehirnregionen f\u00f6rdert, die mit Lernen, Ged\u00e4chtnis, Emotionsregulation und Selbstwahrnehmung verbunden sind.\" \/>\n<meta name=\"robots\" content=\"index, follow, max-snippet:-1, max-image-preview:large, max-video-preview:-1\" \/>\n<link rel=\"canonical\" href=\"https:\/\/alphalearning.com\/de\/neurofeedback-meditation-stressbewaeltigung\/achtsamkeitsuebungen-fuehren-zu-zunahmen-der-regionalen-grauen-substanzdichte-im-gehirn\/\" \/>\n<meta property=\"og:locale\" content=\"de_DE\" \/>\n<meta property=\"og:type\" content=\"article\" \/>\n<meta property=\"og:title\" content=\"Mehr graue Gehirnsubstanz durch Achtsamkeit | Alphalearning\" \/>\n<meta property=\"og:description\" content=\"Erfahren Sie, wie MBSR die graue Substanz in Gehirnregionen f\u00f6rdert, die mit Lernen, Ged\u00e4chtnis, Emotionsregulation und Selbstwahrnehmung verbunden sind.\" \/>\n<meta property=\"og:url\" content=\"https:\/\/alphalearning.com\/de\/neurofeedback-meditation-stressbewaeltigung\/achtsamkeitsuebungen-fuehren-zu-zunahmen-der-regionalen-grauen-substanzdichte-im-gehirn\/\" \/>\n<meta property=\"og:site_name\" content=\"Alphalearning International\" \/>\n<meta property=\"article:modified_time\" content=\"2025-11-08T14:22:36+00:00\" \/>\n<meta property=\"og:image\" content=\"https:\/\/alphalearning.com\/wp-content\/uploads\/2024\/04\/alphalearning-logo_red_1200x675px.png\" \/>\n\t<meta property=\"og:image:width\" content=\"1200\" \/>\n\t<meta property=\"og:image:height\" content=\"675\" \/>\n\t<meta property=\"og:image:type\" content=\"image\/png\" \/>\n<meta name=\"twitter:card\" content=\"summary_large_image\" \/>\n<meta name=\"twitter:label1\" content=\"Est. reading time\" \/>\n\t<meta name=\"twitter:data1\" content=\"1 minute\" \/>\n<!-- \/ Yoast SEO plugin. -->","yoast_head_json":{"title":"Mehr graue Gehirnsubstanz durch Achtsamkeit | Alphalearning","description":"Erfahren Sie, wie MBSR die graue Substanz in Gehirnregionen f\u00f6rdert, die mit Lernen, Ged\u00e4chtnis, Emotionsregulation und Selbstwahrnehmung verbunden sind.","robots":{"index":"index","follow":"follow","max-snippet":"max-snippet:-1","max-image-preview":"max-image-preview:large","max-video-preview":"max-video-preview:-1"},"canonical":"https:\/\/alphalearning.com\/de\/neurofeedback-meditation-stressbewaeltigung\/achtsamkeitsuebungen-fuehren-zu-zunahmen-der-regionalen-grauen-substanzdichte-im-gehirn\/","og_locale":"de_DE","og_type":"article","og_title":"Mehr graue Gehirnsubstanz durch Achtsamkeit | Alphalearning","og_description":"Erfahren Sie, wie MBSR die graue Substanz in Gehirnregionen f\u00f6rdert, die mit Lernen, Ged\u00e4chtnis, Emotionsregulation und Selbstwahrnehmung verbunden sind.","og_url":"https:\/\/alphalearning.com\/de\/neurofeedback-meditation-stressbewaeltigung\/achtsamkeitsuebungen-fuehren-zu-zunahmen-der-regionalen-grauen-substanzdichte-im-gehirn\/","og_site_name":"Alphalearning International","article_modified_time":"2025-11-08T14:22:36+00:00","og_image":[{"width":1200,"height":675,"url":"https:\/\/alphalearning.com\/wp-content\/uploads\/2024\/04\/alphalearning-logo_red_1200x675px.png","type":"image\/png"}],"twitter_card":"summary_large_image","twitter_misc":{"Est. reading time":"1 minute"},"schema":{"@context":"https:\/\/schema.org","@graph":[{"@type":"WebPage","@id":"https:\/\/alphalearning.com\/de\/neurofeedback-meditation-stressbewaeltigung\/achtsamkeitsuebungen-fuehren-zu-zunahmen-der-regionalen-grauen-substanzdichte-im-gehirn\/","url":"https:\/\/alphalearning.com\/de\/neurofeedback-meditation-stressbewaeltigung\/achtsamkeitsuebungen-fuehren-zu-zunahmen-der-regionalen-grauen-substanzdichte-im-gehirn\/","name":"Mehr graue Gehirnsubstanz durch Achtsamkeit | Alphalearning","isPartOf":{"@id":"https:\/\/alphalearning.com\/de\/#website"},"datePublished":"2024-03-27T16:42:28+00:00","dateModified":"2025-11-08T14:22:36+00:00","description":"Erfahren Sie, wie MBSR die graue Substanz in Gehirnregionen f\u00f6rdert, die mit Lernen, Ged\u00e4chtnis, Emotionsregulation und Selbstwahrnehmung verbunden sind.","breadcrumb":{"@id":"https:\/\/alphalearning.com\/de\/neurofeedback-meditation-stressbewaeltigung\/achtsamkeitsuebungen-fuehren-zu-zunahmen-der-regionalen-grauen-substanzdichte-im-gehirn\/#breadcrumb"},"inLanguage":"de","potentialAction":[{"@type":"ReadAction","target":["https:\/\/alphalearning.com\/de\/neurofeedback-meditation-stressbewaeltigung\/achtsamkeitsuebungen-fuehren-zu-zunahmen-der-regionalen-grauen-substanzdichte-im-gehirn\/"]}]},{"@type":"BreadcrumbList","@id":"https:\/\/alphalearning.com\/de\/neurofeedback-meditation-stressbewaeltigung\/achtsamkeitsuebungen-fuehren-zu-zunahmen-der-regionalen-grauen-substanzdichte-im-gehirn\/#breadcrumb","itemListElement":[{"@type":"ListItem","position":1,"name":"Home","item":"https:\/\/alphalearning.com\/de\/"},{"@type":"ListItem","position":2,"name":"Meditation und Stressbew\u00e4ltigung durch Neurofeedback","item":"https:\/\/alphalearning.com\/de\/neurofeedback-meditation-stressbewaeltigung\/"},{"@type":"ListItem","position":3,"name":"Achtsamkeits\u00fcbungen f\u00fchren zu Zunahmen der regionalen Grauen Substanzdichte im Gehirn"}]},{"@type":"WebSite","@id":"https:\/\/alphalearning.com\/de\/#website","url":"https:\/\/alphalearning.com\/de\/","name":"Alphalearning International","description":"the brain training institute","publisher":{"@id":"https:\/\/alphalearning.com\/de\/#organization"},"potentialAction":[{"@type":"SearchAction","target":{"@type":"EntryPoint","urlTemplate":"https:\/\/alphalearning.com\/de\/?s={search_term_string}"},"query-input":{"@type":"PropertyValueSpecification","valueRequired":true,"valueName":"search_term_string"}}],"inLanguage":"de"},{"@type":"Organization","@id":"https:\/\/alphalearning.com\/de\/#organization","name":"Alphalearning International","url":"https:\/\/alphalearning.com\/de\/","logo":{"@type":"ImageObject","inLanguage":"de","@id":"https:\/\/alphalearning.com\/de\/#\/schema\/logo\/image\/","url":"https:\/\/alphalearning.com\/wp-content\/uploads\/2024\/03\/alphalearning_ico2_512px.png","contentUrl":"https:\/\/alphalearning.com\/wp-content\/uploads\/2024\/03\/alphalearning_ico2_512px.png","width":512,"height":512,"caption":"Alphalearning International"},"image":{"@id":"https:\/\/alphalearning.com\/de\/#\/schema\/logo\/image\/"}}]}},"uagb_featured_image_src":{"full":false,"thumbnail":false,"medium":false,"medium_large":false,"large":false,"1536x1536":false,"2048x2048":false,"gform-image-choice-sm":false,"gform-image-choice-md":false,"gform-image-choice-lg":false},"uagb_author_info":{"display_name":"Julio Machado","author_link":"https:\/\/alphalearning.com\/de\/author\/julio-machado\/"},"uagb_comment_info":0,"uagb_excerpt":"Achtsamkeitspraxis f\u00fchrt zu einer Zunahme der grauen Substanz in bestimmten Hirnregionen Zusammenfassung. Therapeutische Interventionen, die ein Training in Achtsamkeitsmeditation integrieren, [&hellip;]","_links":{"self":[{"href":"https:\/\/alphalearning.com\/de\/wp-json\/wp\/v2\/pages\/13376","targetHints":{"allow":["GET"]}}],"collection":[{"href":"https:\/\/alphalearning.com\/de\/wp-json\/wp\/v2\/pages"}],"about":[{"href":"https:\/\/alphalearning.com\/de\/wp-json\/wp\/v2\/types\/page"}],"author":[{"embeddable":true,"href":"https:\/\/alphalearning.com\/de\/wp-json\/wp\/v2\/users\/2"}],"replies":[{"embeddable":true,"href":"https:\/\/alphalearning.com\/de\/wp-json\/wp\/v2\/comments?post=13376"}],"version-history":[{"count":5,"href":"https:\/\/alphalearning.com\/de\/wp-json\/wp\/v2\/pages\/13376\/revisions"}],"predecessor-version":[{"id":17066,"href":"https:\/\/alphalearning.com\/de\/wp-json\/wp\/v2\/pages\/13376\/revisions\/17066"}],"up":[{"embeddable":true,"href":"https:\/\/alphalearning.com\/de\/wp-json\/wp\/v2\/pages\/13318"}],"wp:attachment":[{"href":"https:\/\/alphalearning.com\/de\/wp-json\/wp\/v2\/media?parent=13376"}],"curies":[{"name":"wp","href":"https:\/\/api.w.org\/{rel}","templated":true}]}}