{"id":13347,"date":"2024-03-27T16:41:34","date_gmt":"2024-03-27T16:41:34","guid":{"rendered":"https:\/\/alphalearning.com\/neurofeedback-meditation-stressbewaeltigung\/mechanisms-of-white-matter-changes-induced-by-meditation\/"},"modified":"2025-11-08T13:46:51","modified_gmt":"2025-11-08T13:46:51","slug":"meditationsinduzierte-veraenderungen-von-mechanismen-der-weissen-substanz","status":"publish","type":"page","link":"https:\/\/alphalearning.com\/de\/neurofeedback-meditation-stressbewaeltigung\/meditationsinduzierte-veraenderungen-von-mechanismen-der-weissen-substanz\/","title":{"rendered":"Meditationsinduzierte Ver\u00e4nderungen von Mechanismen der Wei\u00dfen Substanz"},"content":{"rendered":"\n<div class=\"wp-block-uagb-advanced-heading uagb-block-1872136c\"><h1 class=\"uagb-heading-text\">Mechanismen meditationsinduzierter Ver\u00e4nderungen der wei\u00dfen Substanz<\/h1><\/div>\n\n\n\n<div class=\"wp-block-uagb-container uagb-block-11d06147 alignfull uagb-is-root-container\"><div class=\"uagb-container-inner-blocks-wrap\">\n<p>Zusammenfassung.<\/p>\n\n\n\n<p>Durch den Einsatz der Diffusions-Tensor-Bildgebung haben mehrere neuere Studien gezeigt, dass ein Training Ver\u00e4nderungen in der Effizienz der wei\u00dfen Substanz bewirkt, gemessen an der fraktionellen Anisotropie (FA). In unserer Arbeit stellten wir fest, dass eine Form der Achtsamkeitsmeditation (das integrative K\u00f6rper-Geist-Training, IBMT), nach einem vierw\u00f6chigen Training die FA in Bereichen um den vorderen cingul\u00e4ren Kortex st\u00e4rker verbesserte als in der Kontrollgruppe, die ein Entspannungstraining erhielt. Verringerungen der radialen Diffusivit\u00e4t (RD) wurden als verbesserte Myelinisierung interpretiert, w\u00e4hrend Verringerungen der axialen Diffusivit\u00e4t (AD) andere Mechanismen, wie die Axondichte, betreffen. Wir berichten nun, dass nach einem vierw\u00f6chigen IBMT sowohl RD als auch AD abnahmen, was von einer erh\u00f6hten FA begleitet wurde. Dies weist darauf hin, dass die gesteigerte Effizienz der wei\u00dfen Substanz sowohl eine verbesserte Myelinisierung als auch andere axonale Ver\u00e4nderungen einschlie\u00dft. Allerdings verringerte ein zweiw\u00f6chiges IBMT zwar AD, nicht jedoch RD oder FA, und verbesserte zudem die Stimmung. Unsere Ergebnisse zeigen den zeitlichen Verlauf der Neuroplastizit\u00e4t in der wei\u00dfen Substanz im Rahmen einer Kurzzeitmeditation. Dieses dynamische Muster von Ver\u00e4nderungen in der wei\u00dfen Substanz, das den vorderen cingul\u00e4ren Kortex umfasst \u2013 einen Teil des Hirnnetzwerks, das mit Selbstregulation in Verbindung steht \u2013, k\u00f6nnte einen Ansatz zur Verbesserung oder Pr\u00e4vention psychischer St\u00f6rungen bieten.<\/p>\n\n\n\n<p><a href=\"https:\/\/alphalearning.com\/de\/neurofeedback-meditation-stressbewaeltigung\/#stress-relief-through-eeg-guided-meditation\">Erfahren Sie, wie Sie diese Ergebnisse durch den Alphalearning International Kurs erzielen k\u00f6nnen<\/a><\/p>\n\n\n\n<p class=\"has-text-align-right\"><a href=\"https:\/\/alphalearning.com\/wp-content\/uploads\/2024\/04\/alphalearning-mechanisms-of-white-matter-changes-induced-by-meditation.pdf\" target=\"_blank\" rel=\"noreferrer noopener nofollow\">Laden Sie den vollst\u00e4ndigen Artikel im PDF-Format herunter<\/a><\/p>\n<\/div><\/div>\n","protected":false},"excerpt":{"rendered":"<p>Mechanismen meditationsinduzierter Ver\u00e4nderungen der wei\u00dfen Substanz Zusammenfassung. Durch den Einsatz der Diffusions-Tensor-Bildgebung haben mehrere neuere Studien gezeigt, dass ein Training [&hellip;]<\/p>\n","protected":false},"author":2,"featured_media":0,"parent":13318,"menu_order":0,"comment_status":"closed","ping_status":"closed","template":"","meta":{"_uag_custom_page_level_css":"","site-sidebar-layout":"default","site-content-layout":"","ast-site-content-layout":"default","site-content-style":"default","site-sidebar-style":"default","ast-global-header-display":"","ast-banner-title-visibility":"","ast-main-header-display":"","ast-hfb-above-header-display":"","ast-hfb-below-header-display":"","ast-hfb-mobile-header-display":"","site-post-title":"disabled","ast-breadcrumbs-content":"","ast-featured-img":"","footer-sml-layout":"","ast-disable-related-posts":"","theme-transparent-header-meta":"","adv-header-id-meta":"","stick-header-meta":"","header-above-stick-meta":"","header-main-stick-meta":"","header-below-stick-meta":"","astra-migrate-meta-layouts":"default","ast-page-background-enabled":"default","ast-page-background-meta":{"desktop":{"background-color":"var(--ast-global-color-4)","background-image":"","background-repeat":"repeat","background-position":"center center","background-size":"auto","background-attachment":"scroll","background-type":"","background-media":"","overlay-type":"","overlay-color":"","overlay-opacity":"","overlay-gradient":""},"tablet":{"background-color":"","background-image":"","background-repeat":"repeat","background-position":"center center","background-size":"auto","background-attachment":"scroll","background-type":"","background-media":"","overlay-type":"","overlay-color":"","overlay-opacity":"","overlay-gradient":""},"mobile":{"background-color":"","background-image":"","background-repeat":"repeat","background-position":"center center","background-size":"auto","background-attachment":"scroll","background-type":"","background-media":"","overlay-type":"","overlay-color":"","overlay-opacity":"","overlay-gradient":""}},"ast-content-background-meta":{"desktop":{"background-color":"var(--ast-global-color-5)","background-image":"","background-repeat":"repeat","background-position":"center center","background-size":"auto","background-attachment":"scroll","background-type":"","background-media":"","overlay-type":"","overlay-color":"","overlay-opacity":"","overlay-gradient":""},"tablet":{"background-color":"var(--ast-global-color-5)","background-image":"","background-repeat":"repeat","background-position":"center center","background-size":"auto","background-attachment":"scroll","background-type":"","background-media":"","overlay-type":"","overlay-color":"","overlay-opacity":"","overlay-gradient":""},"mobile":{"background-color":"var(--ast-global-color-5)","background-image":"","background-repeat":"repeat","background-position":"center center","background-size":"auto","background-attachment":"scroll","background-type":"","background-media":"","overlay-type":"","overlay-color":"","overlay-opacity":"","overlay-gradient":""}},"footnotes":""},"class_list":["post-13347","page","type-page","status-publish","hentry"],"yoast_head":"<!-- This site is optimized with the Yoast SEO plugin v27.1.1 - https:\/\/yoast.com\/product\/yoast-seo-wordpress\/ -->\n<title>Meditation steigert Effizienz wei\u00dfer Substanz &amp; Wohlbefinden<\/title>\n<meta name=\"description\" content=\"Entdecken Sie, wie Meditation die Effizienz wei\u00dfer Substanz verbessert und neue Wege f\u00fcr psychische Gesundheit und Selbstregulation \u00f6ffnet.\" \/>\n<meta name=\"robots\" content=\"index, follow, max-snippet:-1, max-image-preview:large, max-video-preview:-1\" \/>\n<link rel=\"canonical\" href=\"https:\/\/alphalearning.com\/de\/neurofeedback-meditation-stressbewaeltigung\/meditationsinduzierte-veraenderungen-von-mechanismen-der-weissen-substanz\/\" \/>\n<meta property=\"og:locale\" content=\"de_DE\" \/>\n<meta property=\"og:type\" content=\"article\" \/>\n<meta property=\"og:title\" content=\"Meditation steigert Effizienz wei\u00dfer Substanz &amp; Wohlbefinden\" \/>\n<meta property=\"og:description\" content=\"Entdecken Sie, wie Meditation die Effizienz wei\u00dfer Substanz verbessert und neue Wege f\u00fcr psychische Gesundheit und Selbstregulation \u00f6ffnet.\" \/>\n<meta property=\"og:url\" content=\"https:\/\/alphalearning.com\/de\/neurofeedback-meditation-stressbewaeltigung\/meditationsinduzierte-veraenderungen-von-mechanismen-der-weissen-substanz\/\" \/>\n<meta property=\"og:site_name\" content=\"Alphalearning International\" \/>\n<meta property=\"article:modified_time\" content=\"2025-11-08T13:46:51+00:00\" \/>\n<meta property=\"og:image\" content=\"https:\/\/alphalearning.com\/wp-content\/uploads\/2024\/04\/alphalearning-logo_red_1200x675px.png\" \/>\n\t<meta property=\"og:image:width\" content=\"1200\" \/>\n\t<meta property=\"og:image:height\" content=\"675\" \/>\n\t<meta property=\"og:image:type\" content=\"image\/png\" \/>\n<meta name=\"twitter:card\" content=\"summary_large_image\" \/>\n<meta name=\"twitter:label1\" content=\"Est. reading time\" \/>\n\t<meta name=\"twitter:data1\" content=\"1 minute\" \/>\n<!-- \/ Yoast SEO plugin. -->","yoast_head_json":{"title":"Meditation steigert Effizienz wei\u00dfer Substanz & Wohlbefinden","description":"Entdecken Sie, wie Meditation die Effizienz wei\u00dfer Substanz verbessert und neue Wege f\u00fcr psychische Gesundheit und Selbstregulation \u00f6ffnet.","robots":{"index":"index","follow":"follow","max-snippet":"max-snippet:-1","max-image-preview":"max-image-preview:large","max-video-preview":"max-video-preview:-1"},"canonical":"https:\/\/alphalearning.com\/de\/neurofeedback-meditation-stressbewaeltigung\/meditationsinduzierte-veraenderungen-von-mechanismen-der-weissen-substanz\/","og_locale":"de_DE","og_type":"article","og_title":"Meditation steigert Effizienz wei\u00dfer Substanz & Wohlbefinden","og_description":"Entdecken Sie, wie Meditation die Effizienz wei\u00dfer Substanz verbessert und neue Wege f\u00fcr psychische Gesundheit und Selbstregulation \u00f6ffnet.","og_url":"https:\/\/alphalearning.com\/de\/neurofeedback-meditation-stressbewaeltigung\/meditationsinduzierte-veraenderungen-von-mechanismen-der-weissen-substanz\/","og_site_name":"Alphalearning International","article_modified_time":"2025-11-08T13:46:51+00:00","og_image":[{"width":1200,"height":675,"url":"https:\/\/alphalearning.com\/wp-content\/uploads\/2024\/04\/alphalearning-logo_red_1200x675px.png","type":"image\/png"}],"twitter_card":"summary_large_image","twitter_misc":{"Est. reading time":"1 minute"},"schema":{"@context":"https:\/\/schema.org","@graph":[{"@type":"WebPage","@id":"https:\/\/alphalearning.com\/de\/neurofeedback-meditation-stressbewaeltigung\/meditationsinduzierte-veraenderungen-von-mechanismen-der-weissen-substanz\/","url":"https:\/\/alphalearning.com\/de\/neurofeedback-meditation-stressbewaeltigung\/meditationsinduzierte-veraenderungen-von-mechanismen-der-weissen-substanz\/","name":"Meditation steigert Effizienz wei\u00dfer Substanz & Wohlbefinden","isPartOf":{"@id":"https:\/\/alphalearning.com\/de\/#website"},"datePublished":"2024-03-27T16:41:34+00:00","dateModified":"2025-11-08T13:46:51+00:00","description":"Entdecken Sie, wie Meditation die Effizienz wei\u00dfer Substanz verbessert und neue Wege f\u00fcr psychische Gesundheit und Selbstregulation \u00f6ffnet.","breadcrumb":{"@id":"https:\/\/alphalearning.com\/de\/neurofeedback-meditation-stressbewaeltigung\/meditationsinduzierte-veraenderungen-von-mechanismen-der-weissen-substanz\/#breadcrumb"},"inLanguage":"de","potentialAction":[{"@type":"ReadAction","target":["https:\/\/alphalearning.com\/de\/neurofeedback-meditation-stressbewaeltigung\/meditationsinduzierte-veraenderungen-von-mechanismen-der-weissen-substanz\/"]}]},{"@type":"BreadcrumbList","@id":"https:\/\/alphalearning.com\/de\/neurofeedback-meditation-stressbewaeltigung\/meditationsinduzierte-veraenderungen-von-mechanismen-der-weissen-substanz\/#breadcrumb","itemListElement":[{"@type":"ListItem","position":1,"name":"Home","item":"https:\/\/alphalearning.com\/de\/"},{"@type":"ListItem","position":2,"name":"Meditation und Stressbew\u00e4ltigung durch Neurofeedback","item":"https:\/\/alphalearning.com\/de\/neurofeedback-meditation-stressbewaeltigung\/"},{"@type":"ListItem","position":3,"name":"Meditationsinduzierte Ver\u00e4nderungen von Mechanismen der Wei\u00dfen Substanz"}]},{"@type":"WebSite","@id":"https:\/\/alphalearning.com\/de\/#website","url":"https:\/\/alphalearning.com\/de\/","name":"Alphalearning International","description":"the brain training institute","publisher":{"@id":"https:\/\/alphalearning.com\/de\/#organization"},"potentialAction":[{"@type":"SearchAction","target":{"@type":"EntryPoint","urlTemplate":"https:\/\/alphalearning.com\/de\/?s={search_term_string}"},"query-input":{"@type":"PropertyValueSpecification","valueRequired":true,"valueName":"search_term_string"}}],"inLanguage":"de"},{"@type":"Organization","@id":"https:\/\/alphalearning.com\/de\/#organization","name":"Alphalearning International","url":"https:\/\/alphalearning.com\/de\/","logo":{"@type":"ImageObject","inLanguage":"de","@id":"https:\/\/alphalearning.com\/de\/#\/schema\/logo\/image\/","url":"https:\/\/alphalearning.com\/wp-content\/uploads\/2024\/03\/alphalearning_ico2_512px.png","contentUrl":"https:\/\/alphalearning.com\/wp-content\/uploads\/2024\/03\/alphalearning_ico2_512px.png","width":512,"height":512,"caption":"Alphalearning International"},"image":{"@id":"https:\/\/alphalearning.com\/de\/#\/schema\/logo\/image\/"}}]}},"uagb_featured_image_src":{"full":false,"thumbnail":false,"medium":false,"medium_large":false,"large":false,"1536x1536":false,"2048x2048":false,"gform-image-choice-sm":false,"gform-image-choice-md":false,"gform-image-choice-lg":false},"uagb_author_info":{"display_name":"Julio Machado","author_link":"https:\/\/alphalearning.com\/de\/author\/julio-machado\/"},"uagb_comment_info":0,"uagb_excerpt":"Mechanismen meditationsinduzierter Ver\u00e4nderungen der wei\u00dfen Substanz Zusammenfassung. Durch den Einsatz der Diffusions-Tensor-Bildgebung haben mehrere neuere Studien gezeigt, dass ein Training [&hellip;]","_links":{"self":[{"href":"https:\/\/alphalearning.com\/de\/wp-json\/wp\/v2\/pages\/13347","targetHints":{"allow":["GET"]}}],"collection":[{"href":"https:\/\/alphalearning.com\/de\/wp-json\/wp\/v2\/pages"}],"about":[{"href":"https:\/\/alphalearning.com\/de\/wp-json\/wp\/v2\/types\/page"}],"author":[{"embeddable":true,"href":"https:\/\/alphalearning.com\/de\/wp-json\/wp\/v2\/users\/2"}],"replies":[{"embeddable":true,"href":"https:\/\/alphalearning.com\/de\/wp-json\/wp\/v2\/comments?post=13347"}],"version-history":[{"count":4,"href":"https:\/\/alphalearning.com\/de\/wp-json\/wp\/v2\/pages\/13347\/revisions"}],"predecessor-version":[{"id":17060,"href":"https:\/\/alphalearning.com\/de\/wp-json\/wp\/v2\/pages\/13347\/revisions\/17060"}],"up":[{"embeddable":true,"href":"https:\/\/alphalearning.com\/de\/wp-json\/wp\/v2\/pages\/13318"}],"wp:attachment":[{"href":"https:\/\/alphalearning.com\/de\/wp-json\/wp\/v2\/media?parent=13347"}],"curies":[{"name":"wp","href":"https:\/\/api.w.org\/{rel}","templated":true}]}}