{"id":13318,"date":"2024-03-27T16:39:54","date_gmt":"2024-03-27T16:39:54","guid":{"rendered":"https:\/\/alphalearning.com\/neurofeedback-meditation-stress-relief\/"},"modified":"2025-11-07T16:01:25","modified_gmt":"2025-11-07T16:01:25","slug":"neurofeedback-meditation-stressbewaeltigung","status":"publish","type":"page","link":"https:\/\/alphalearning.com\/de\/neurofeedback-meditation-stressbewaeltigung\/","title":{"rendered":"Meditation und Stressbew\u00e4ltigung durch Neurofeedback"},"content":{"rendered":"\n<div class=\"wp-block-uagb-advanced-heading uagb-block-e44d9a05\"><h1 class=\"uagb-heading-text\">Meditation, Neurofeedback und Gehirntraining sind die Schl\u00fcssel zur Stresslinderung<\/h1><\/div>\n\n\n\n<div class=\"wp-block-uagb-container uagb-block-c61c0197 alignfull uagb-is-root-container\"><div class=\"uagb-container-inner-blocks-wrap\">\n<div class=\"wp-block-uagb-advanced-heading uagb-block-5242079f\"><h2 class=\"uagb-heading-text\">Meditation, Neurofeedback und ver\u00e4nderte Bewusstseinszust\u00e4nde \u2013 Die Forschung von Dr. Cade<\/h2><\/div>\n\n\n\n<p>Forschungen des Psychobiologen Maxwell Cade, Mitglied der Royal Society of Medicine, die in London durchgef\u00fchrt wurden, lieferten eine wissenschaftliche Grundlage f\u00fcr Meditation und erm\u00f6glichten die Entwicklung von Neurofeedback. In den 1970er-Jahren entwickelte Dr. Cade sein eigenes EEG-Neurofeedback-Ger\u00e4t (MindMirror) und f\u00fchrte umfangreiche Untersuchungen mit Swamis, Yogis und buddhistischen M\u00f6nchen durch, um zu verstehen, was in der Physiologie ihrer Gehirne w\u00e4hrend der Meditation geschah. Dr. Cade ebnete den Weg, diesen Prozess zu verbessern und lieferte eine wissenschaftliche Erkl\u00e4rung f\u00fcr etwas, das zuvor nur spirituell gedeutet worden war. Sein Buch \u00fcber diese Forschung, \u201eThe Awakened Mind\u201c (1979), ist selbst heute noch sehr beeindruckend.<\/p>\n\n\n\n<div class=\"wp-block-uagb-advanced-heading uagb-block-5b77ff4e\"><h2 class=\"uagb-heading-text\">Dr. Lazar \u2013 Weitere vorteilhafte Effekte der Meditation, gemessen durch Magnetresonanztomographie<\/h2><\/div>\n\n\n\n<p>Mit dem Fortschritt hochaufl\u00f6sender Magnetresonanztomographie-Technologie des Gehirns wurden neue Studien durchgef\u00fchrt, die zeigen, dass die Wirkungen der Meditation weit \u00fcber das hinausgehen, was man zun\u00e4chst vermuten k\u00f6nnte. Ein besonders wichtiger Aspekt ist die Zunahme der Grauen Substanz im Frontallappen, in Bereichen, die mit Ged\u00e4chtnis und Entscheidungsfindung verbunden sind. Dies ist deshalb von Bedeutung, weil der Kortex bekannterma\u00dfen mit zunehmendem Alter schrumpft \u2013 das Gehirn verliert somit einen Teil seiner Funktionsf\u00e4higkeit. Man stellte fest, dass Menschen, die meditierten und schon \u00fcber 50 Jahre alt waren, denselben Anteil an Grauer Substanz im pr\u00e4frontalen Kortex aufwiesen wie Menschen in ihren 20ern.<\/p>\n\n\n\n<div class=\"wp-block-uagb-image aligncenter uagb-block-c05495ad wp-block-uagb-image--layout-default wp-block-uagb-image--effect-static wp-block-uagb-image--align-center\"><figure class=\"wp-block-uagb-image__figure\"><img decoding=\"async\" srcset=\"https:\/\/alphalearning.com\/wp-content\/uploads\/2024\/04\/meditation-brain.jpg ,https:\/\/alphalearning.com\/wp-content\/uploads\/2024\/04\/meditation-brain.jpg 780w, https:\/\/alphalearning.com\/wp-content\/uploads\/2024\/04\/meditation-brain.jpg 360w\" sizes=\"auto, (max-width: 480px) 150px\" src=\"https:\/\/alphalearning.com\/wp-content\/uploads\/2024\/04\/meditation-brain.jpg\" alt=\"\" class=\"uag-image-707\" width=\"640\" height=\"425\" title=\"\" loading=\"lazy\" role=\"img\"\/><figcaption class=\"uagb-image-caption\"><em>Bereiche des Gehirns, die vom Alterungsprozess betroffen sind (in Rot), sind bei Meditierenden \u2013 in der unteren Reihe \u2013 weniger und weniger weit verbreitet als bei Menschen, die nicht meditieren. Mit freundlicher Genehmigung von Dr. Eileen Luders \/ UCLA<\/em><\/figcaption><\/figure><\/div>\n\n\n\n<p>Beim Vergleich der Gehirne von Meditierenden mit einer Kontrollgruppe <a href=\"https:\/\/alphalearning.com\/neurofeedback-meditation-stress-relief\/mindfulness-practice-leads-to-increases-in-regional-brain-gray-matter-density\/\">wurden Unterschiede in f\u00fcnf Bereichen festgestellt<\/a>. In vier davon gab es eine Volumenzunahme:<\/p>\n\n\n\n<ol class=\"wp-block-list\">\n<li>Der wichtigste Unterschied wurde im hinteren cingul\u00e4ren Kortex (posterior cingulate) festgestellt, der unter anderem f\u00fcr Gedankenschweifen und die Einsch\u00e4tzung der eigenen Relevanz verantwortlich ist.<\/li>\n\n\n\n<li>Der linke Hippocampus, der beim Lernen, bei kognitiven Prozessen, im Ged\u00e4chtnis und bei der emotionalen Regulation hilft.<\/li>\n\n\n\n<li>Der temporo-parietale \u00dcbergang (TPJ), der mit Perspektiven\u00fcbernahme, Empathie und Mitgef\u00fchl verbunden ist.<\/li>\n\n\n\n<li>Ein Bereich im Hirnstamm, die sogenannte Br\u00fccke (Pons), in der viele regulierende Neurotransmitter produziert werden.<\/li>\n<\/ol>\n\n\n\n<p>Die Amygdala \u2013 jener Teil des Gehirns, der f\u00fcr die \u201eKampf-oder-Flucht\u201c-Reaktion sowie f\u00fcr Angst, Furcht und allgemeinen Stresszust\u00e4nde wichtig ist \u2013 verkleinerte sich in der Gruppe, die an einem auf Achtsamkeit basierenden Stressreduktionsprogramm<a href=\"https:\/\/www.ncbi.nlm.nih.gov\/pmc\/articles\/PMC2840837\/\" target=\"_blank\" rel=\"noreferrer noopener\">*<\/a> teilnahm. Die Ver\u00e4nderung in der Amygdala korrelierte zudem mit einer Verringerung des Stressniveaus.<\/p>\n\n\n\n<div class=\"wp-block-uagb-advanced-heading uagb-block-6fee78a5\"><h2 class=\"uagb-heading-text\">Wie Stress buchst\u00e4blich Ihr Gehirn zerst\u00f6rt<\/h2><\/div>\n\n\n\n<p>Die sch\u00e4dlichen Auswirkungen von Stress auf das Gehirn sind seit 1991 bekannt und werden haupts\u00e4chlich durch Cortisol und Adrenalin verursacht. Diese stressbedingten Hormone beeintr\u00e4chtigen nicht nur die Gehirnfunktionen, sondern ver\u00e4ndern auch die physische Struktur des Gehirns.<\/p>\n\n\n\n<p>Das Stresshormon Cortisol kann in einem Teil des Gehirns, dem Hippocampus<a href=\"https:\/\/alphalearning.com\/neurofeedback-meditation-stress-relief\/#\">*<\/a>, Nervenzellen abt\u00f6ten, schrumpfen lassen und die Neubildung neuer Neuronen verhindern. Der Hippocampus ist entscheidend f\u00fcr das Lernen, das Ged\u00e4chtnis und die emotionale Regulation sowie daf\u00fcr, die Stressreaktion abzuschalten, wenn ein stressausl\u00f6sendes Ereignis vorbei ist \u2013 alles wichtige Prozesse f\u00fcr unser Berufs- und Privatleben.<\/p>\n\n\n\n<p>Chronischer Stress kann au\u00dferdem den medialen pr\u00e4frontalen Kortex<a href=\"https:\/\/alphalearning.com\/neurofeedback-meditation-stress-relief\/#\">*<\/a> schrumpfen lassen. Dies wirkt sich negativ auf Entscheidungsfindung, das Arbeitsged\u00e4chtnis und die Kontrolle impulsiven Verhaltens aus. Stress kann auch <a href=\"https:\/\/en.wikipedia.org\/wiki\/Neural_stem_cell\" target=\"_blank\" rel=\"noreferrer noopener\">Stammzellen im Gehirn beeintr\u00e4chtigen<\/a> und den Zugriff auf den pr\u00e4frontalen Kortex erschweren, in dem wir komplexe kognitive Vorg\u00e4nge planen und unser Sozialverhalten steuern. Die Folge ist ein Gehirn, das weniger lernf\u00e4hig ist, sich Neues schlechter merken kann und st\u00e4rker zu Angst und Depression neigt.<\/p>\n\n\n\n<p>Diese Ver\u00e4nderungen im Gehirn k\u00f6nnen erhebliche Folgen f\u00fcr unsere zwischenmenschlichen Beziehungen, unsere Lern- und Merkf\u00e4higkeit, unsere Entscheidungsfindung und die Erreichung langfristiger Ziele haben. Zudem wird es schwieriger, k\u00fcnftige stressige Situationen erfolgreich zu meistern, was zu einem Teufelskreis f\u00fchren kann.<\/p>\n\n\n\n<div style=\"height:2px\" aria-hidden=\"true\" id=\"stress-relief-through-eeg-guided-meditation\" class=\"wp-block-spacer\"><\/div>\n\n\n\n<div class=\"wp-block-uagb-advanced-heading uagb-block-9ead7cd8\"><h2 class=\"uagb-heading-text\">Neurofeedback und Gehirntraining \u2013 Stressabbau durch EEG-gest\u00fctzte Meditation<\/h2><\/div>\n\n\n\n<p>Dr. Cade konnte nach mehr als 4.500 aufgezeichneten Elektroenzephalogrammen (EEGs) feststellen, dass der Alpha-Zustand das Kernst\u00fcck der Meditation ist. Wenn man die Gehirnwellen einer Person misst, die sich in diesem meditativen Zustand befindet, aber geistig fokussiert ist, zeigt der Monitor eine langsame Alpha-Welle bei etwa 7 Hz.<\/p>\n\n\n\n<p>In seinem Buch The Awakened Mind kommt Dr. Cade zu dem Schluss: \u201eUm eine Alpha-Frequenz von 9 Hz zu erreichen, ben\u00f6tigt man zwei bis f\u00fcnf Jahre Meditationserfahrung. Mit zehn bis zwanzig Jahren \u00dcbung finden wir die Alpha-Frequenz bei etwa 7 Hz.\u201c Diese Erkenntnis wird durch die Forschung von Michael Hutchison bekr\u00e4ftigt, der erkl\u00e4rt: \u201eNur jene Zen-M\u00f6nche, die seit mehr als 20 Jahren meditieren, sind in der Lage, nach Belieben in die Alpha- (7 Hz) und Theta- (3 Hz) Zust\u00e4nde zu gelangen.\u201c<\/p>\n\n\n\n<p><strong>Das Brainwave-III-System erreicht innerhalb weniger Tage das, wof\u00fcr man zuvor 10 bis 20 Jahre ben\u00f6tigte.<\/strong><\/p>\n<\/div><\/div>\n\n\n\n<figure class=\"wp-block-image alignleft size-large is-resized\"><img loading=\"lazy\" decoding=\"async\" width=\"1024\" height=\"458\" src=\"https:\/\/alphalearning.com\/wp-content\/uploads\/2024\/04\/alpha-meditation-alphalearning-1024x458.jpg\" alt=\"\" class=\"wp-image-708\" style=\"width:698px;height:auto\" srcset=\"https:\/\/alphalearning.com\/wp-content\/uploads\/2024\/04\/alpha-meditation-alphalearning-1024x458.jpg 1024w, https:\/\/alphalearning.com\/wp-content\/uploads\/2024\/04\/alpha-meditation-alphalearning-300x134.jpg 300w, https:\/\/alphalearning.com\/wp-content\/uploads\/2024\/04\/alpha-meditation-alphalearning-768x343.jpg 768w, https:\/\/alphalearning.com\/wp-content\/uploads\/2024\/04\/alpha-meditation-alphalearning-1536x687.jpg 1536w, https:\/\/alphalearning.com\/wp-content\/uploads\/2024\/04\/alpha-meditation-alphalearning.jpg 1899w\" sizes=\"auto, (max-width: 1024px) 100vw, 1024px\" \/><\/figure>\n\n\n\n<p>Die Brainwave Station besteht aus einem EEG-Neurofeedback-Modul (EEG-Ausr\u00fcstung, die an einen Computer angeschlossen wird und die Gehirnfrequenzen in Echtzeit aufzeichnet und das Training unterst\u00fctzt) und einem optisch-akustischen Stimulationsmodul (falls zutreffend auch als Optisch-Akustischer Neuronen-Synergizer bezeichnet), das an einen weiteren Computer angeschlossen wird und die gew\u00fcnschten Frequenzen im Gehirn implementiert. Diese Ausr\u00fcstung wird dem Kunden bereitgestellt.<\/p>\n\n\n\n<p>Der grundlegende Ablauf umfasst folgende Schritte, stets mit EEG-Analyse in Echtzeit:<\/p>\n\n\n\n<p>1. Zun\u00e4chst wird ein EEG aufgezeichnet, w\u00e4hrend der Kunde einen 4-min\u00fctigen Test mit sechs verschiedenen intellektuellen Aufgaben durchf\u00fchrt. Dadurch erh\u00e4lt man 24 unterschiedliche Messaspekte dieses EEGs.<\/p>\n\n\n\n<p>2. Nach der Analyse dieser Messung w\u00e4hlen wir ein optisch-akustisches Stimulationsprogramm aus (oder erstellen es), das f\u00fcr 12 Minuten das eigentliche Training beginnt. Dieses Ger\u00e4t implementiert bestimmte Frequenzen direkt im Gehirn. In diesem Moment lernt der Kunde, den Alpha- und Theta-Zustand unmittelbar zu erreichen, und der Computer best\u00e4tigt, dass die richtigen Parameter dieser Frequenzen eingehalten werden.<\/p>\n\n\n\n<p>3. Anschlie\u00dfend wird nochmals derselbe 4-min\u00fctige Test aus Schritt 1 durchgef\u00fchrt.<\/p>\n\n\n\n<p>4. Nun stehen drei EEG-Messungen zur Verf\u00fcgung, anhand derer wir Aktivit\u00e4ten und das Training zusammenstellen, das mit Unterst\u00fctzung des optisch-akustischen Stimulus fortgef\u00fchrt wird.<\/p>\n\n\n\n<p>Innerhalb von f\u00fcnf Tagen erreichen 100 % unserer Kunden Folgendes<\/p>\n\n\n\n<ul class=\"wp-block-list\">\n<li>Sie k\u00f6nnen nach Belieben sofort in den Alpha- und Theta-Zustand wechseln<\/li>\n\n\n\n<li>Sie k\u00f6nnen diese Zust\u00e4nde beliebig lange aufrechterhalten<\/li>\n\n\n\n<li>Sie reduzieren Stress effektiv in beruflichen und privaten Umfeldern<\/li>\n\n\n\n<li>Sie bedienen m\u00fchelos die Brainwave Station und die zugeh\u00f6rige Software<\/li>\n<\/ul>\n\n\n\n<div class=\"wp-block-uagb-container uagb-block-6b4aaca5 alignfull uagb-is-root-container\"><div class=\"uagb-container-inner-blocks-wrap\">\n<p>Dar\u00fcber hinaus k\u00f6nnen \u2013 je nach Einzelfall \u2013 weitere Ziele erreicht werden, wie beispielsweise die L\u00f6sung von <a href=\"https:\/\/alphalearning.com\/neurofeedback-and-adhd\/\">ADHS<\/a> und <a href=\"https:\/\/alphalearning.com\/de\/ist-legasthenie-heilbar\/\">Legasthenie<\/a>, <a href=\"https:\/\/alphalearning.com\/de\/akademische-leistung\/\">Leistungssteigerung in Schule oder Kunst<\/a>, Behandlung von St\u00f6rungen aufgrund von <a href=\"https:\/\/alphalearning.com\/birth-problems\/\">Geburtsproblemen<\/a>, die L\u00f6sung von Fibromyalgie und die <a href=\"https:\/\/alphalearning.com\/de\/autismus-spektrum-stoerung\/anwendung-von-neurofeedback-bei-autismus-spektrum-stoerungen\/\">Reduktion von Symptomen im Zusammenhang mit dem Autismus-Spektrum<\/a>.<\/p>\n\n\n\n<p>Nach Abschluss des Kurses kann der Kunde auf die fortlaufende Fernbetreuung durch Alphalearning International zur\u00fcckgreifen, so lange es n\u00f6tig ist, um EEG-Auswertungen sicher zu beherrschen und das Neurofeedback- sowie das optisch-akustische Stimulations-Softwarepaket kompetent zu bedienen. Au\u00dferdem begleiten wir Sie gern \u00fcber mehrere Monate hinweg bei der Umsetzung eines umfassenden Trainingsplans, damit Sie Ihre pers\u00f6nlichen Ziele voll erreichen.<\/p>\n\n\n\n<p>Bitte <a href=\"https:\/\/alphalearning.com\/contact\/\">kontaktieren Sie<\/a> uns und vereinbaren Sie ein Gespr\u00e4ch, um Ihre Fragen zu kl\u00e4ren und Ihren Kurs zu planen.<\/p>\n<\/div><\/div>\n","protected":false},"excerpt":{"rendered":"<p>Meditation, Neurofeedback und Gehirntraining sind die Schl\u00fcssel zur Stresslinderung Meditation, Neurofeedback und ver\u00e4nderte Bewusstseinszust\u00e4nde \u2013 Die Forschung von Dr. Cade [&hellip;]<\/p>\n","protected":false},"author":2,"featured_media":0,"parent":0,"menu_order":340,"comment_status":"closed","ping_status":"closed","template":"","meta":{"_uag_custom_page_level_css":"","site-sidebar-layout":"default","site-content-layout":"","ast-site-content-layout":"default","site-content-style":"default","site-sidebar-style":"default","ast-global-header-display":"","ast-banner-title-visibility":"","ast-main-header-display":"","ast-hfb-above-header-display":"","ast-hfb-below-header-display":"","ast-hfb-mobile-header-display":"","site-post-title":"disabled","ast-breadcrumbs-content":"","ast-featured-img":"","footer-sml-layout":"","ast-disable-related-posts":"","theme-transparent-header-meta":"","adv-header-id-meta":"","stick-header-meta":"","header-above-stick-meta":"","header-main-stick-meta":"","header-below-stick-meta":"","astra-migrate-meta-layouts":"default","ast-page-background-enabled":"default","ast-page-background-meta":{"desktop":{"background-color":"var(--ast-global-color-4)","background-image":"","background-repeat":"repeat","background-position":"center center","background-size":"auto","background-attachment":"scroll","background-type":"","background-media":"","overlay-type":"","overlay-color":"","overlay-opacity":"","overlay-gradient":""},"tablet":{"background-color":"","background-image":"","background-repeat":"repeat","background-position":"center center","background-size":"auto","background-attachment":"scroll","background-type":"","background-media":"","overlay-type":"","overlay-color":"","overlay-opacity":"","overlay-gradient":""},"mobile":{"background-color":"","background-image":"","background-repeat":"repeat","background-position":"center center","background-size":"auto","background-attachment":"scroll","background-type":"","background-media":"","overlay-type":"","overlay-color":"","overlay-opacity":"","overlay-gradient":""}},"ast-content-background-meta":{"desktop":{"background-color":"var(--ast-global-color-5)","background-image":"","background-repeat":"repeat","background-position":"center center","background-size":"auto","background-attachment":"scroll","background-type":"","background-media":"","overlay-type":"","overlay-color":"","overlay-opacity":"","overlay-gradient":""},"tablet":{"background-color":"var(--ast-global-color-5)","background-image":"","background-repeat":"repeat","background-position":"center center","background-size":"auto","background-attachment":"scroll","background-type":"","background-media":"","overlay-type":"","overlay-color":"","overlay-opacity":"","overlay-gradient":""},"mobile":{"background-color":"var(--ast-global-color-5)","background-image":"","background-repeat":"repeat","background-position":"center center","background-size":"auto","background-attachment":"scroll","background-type":"","background-media":"","overlay-type":"","overlay-color":"","overlay-opacity":"","overlay-gradient":""}},"footnotes":""},"class_list":["post-13318","page","type-page","status-publish","hentry"],"yoast_head":"<!-- This site is optimized with the Yoast SEO plugin v27.1.1 - https:\/\/yoast.com\/product\/yoast-seo-wordpress\/ -->\n<title>Meditation, Neurofeedback &amp; Brainwave III f\u00fcr Stressabbau<\/title>\n<meta name=\"description\" content=\"Erfahren Sie, wie Meditation, Neurofeedback und Brainwave III Stress reduzieren, kognitive F\u00e4higkeiten st\u00e4rken und den Alterungsprozess verlangsamen.\" \/>\n<meta name=\"robots\" content=\"index, follow, max-snippet:-1, max-image-preview:large, max-video-preview:-1\" \/>\n<link rel=\"canonical\" href=\"https:\/\/alphalearning.com\/de\/neurofeedback-meditation-stressbewaeltigung\/\" \/>\n<meta property=\"og:locale\" content=\"de_DE\" \/>\n<meta property=\"og:type\" content=\"article\" \/>\n<meta property=\"og:title\" content=\"Meditation, Neurofeedback &amp; Brainwave III f\u00fcr Stressabbau\" \/>\n<meta property=\"og:description\" content=\"Erfahren Sie, wie Meditation, Neurofeedback und Brainwave III Stress reduzieren, kognitive F\u00e4higkeiten st\u00e4rken und den Alterungsprozess verlangsamen.\" \/>\n<meta property=\"og:url\" content=\"https:\/\/alphalearning.com\/de\/neurofeedback-meditation-stressbewaeltigung\/\" \/>\n<meta property=\"og:site_name\" content=\"Alphalearning International\" \/>\n<meta property=\"article:modified_time\" content=\"2025-11-07T16:01:25+00:00\" \/>\n<meta property=\"og:image\" content=\"https:\/\/alphalearning.com\/wp-content\/uploads\/2024\/04\/meditation-brain.jpg\" \/>\n<meta name=\"twitter:card\" content=\"summary_large_image\" \/>\n<meta name=\"twitter:label1\" content=\"Est. reading time\" \/>\n\t<meta name=\"twitter:data1\" content=\"6 minutes\" \/>\n<!-- \/ Yoast SEO plugin. -->","yoast_head_json":{"title":"Meditation, Neurofeedback & Brainwave III f\u00fcr Stressabbau","description":"Erfahren Sie, wie Meditation, Neurofeedback und Brainwave III Stress reduzieren, kognitive F\u00e4higkeiten st\u00e4rken und den Alterungsprozess verlangsamen.","robots":{"index":"index","follow":"follow","max-snippet":"max-snippet:-1","max-image-preview":"max-image-preview:large","max-video-preview":"max-video-preview:-1"},"canonical":"https:\/\/alphalearning.com\/de\/neurofeedback-meditation-stressbewaeltigung\/","og_locale":"de_DE","og_type":"article","og_title":"Meditation, Neurofeedback & Brainwave III f\u00fcr Stressabbau","og_description":"Erfahren Sie, wie Meditation, Neurofeedback und Brainwave III Stress reduzieren, kognitive F\u00e4higkeiten st\u00e4rken und den Alterungsprozess verlangsamen.","og_url":"https:\/\/alphalearning.com\/de\/neurofeedback-meditation-stressbewaeltigung\/","og_site_name":"Alphalearning International","article_modified_time":"2025-11-07T16:01:25+00:00","og_image":[{"url":"https:\/\/alphalearning.com\/wp-content\/uploads\/2024\/04\/meditation-brain.jpg","type":"","width":"","height":""}],"twitter_card":"summary_large_image","twitter_misc":{"Est. reading time":"6 minutes"},"schema":{"@context":"https:\/\/schema.org","@graph":[{"@type":"WebPage","@id":"https:\/\/alphalearning.com\/de\/neurofeedback-meditation-stressbewaeltigung\/","url":"https:\/\/alphalearning.com\/de\/neurofeedback-meditation-stressbewaeltigung\/","name":"Meditation, Neurofeedback & Brainwave III f\u00fcr Stressabbau","isPartOf":{"@id":"https:\/\/alphalearning.com\/de\/#website"},"primaryImageOfPage":{"@id":"https:\/\/alphalearning.com\/de\/neurofeedback-meditation-stressbewaeltigung\/#primaryimage"},"image":{"@id":"https:\/\/alphalearning.com\/de\/neurofeedback-meditation-stressbewaeltigung\/#primaryimage"},"thumbnailUrl":"https:\/\/alphalearning.com\/wp-content\/uploads\/2024\/04\/meditation-brain.jpg","datePublished":"2024-03-27T16:39:54+00:00","dateModified":"2025-11-07T16:01:25+00:00","description":"Erfahren Sie, wie Meditation, Neurofeedback und Brainwave III Stress reduzieren, kognitive F\u00e4higkeiten st\u00e4rken und den Alterungsprozess verlangsamen.","breadcrumb":{"@id":"https:\/\/alphalearning.com\/de\/neurofeedback-meditation-stressbewaeltigung\/#breadcrumb"},"inLanguage":"de","potentialAction":[{"@type":"ReadAction","target":["https:\/\/alphalearning.com\/de\/neurofeedback-meditation-stressbewaeltigung\/"]}]},{"@type":"ImageObject","inLanguage":"de","@id":"https:\/\/alphalearning.com\/de\/neurofeedback-meditation-stressbewaeltigung\/#primaryimage","url":"https:\/\/alphalearning.com\/wp-content\/uploads\/2024\/04\/meditation-brain.jpg","contentUrl":"https:\/\/alphalearning.com\/wp-content\/uploads\/2024\/04\/meditation-brain.jpg"},{"@type":"BreadcrumbList","@id":"https:\/\/alphalearning.com\/de\/neurofeedback-meditation-stressbewaeltigung\/#breadcrumb","itemListElement":[{"@type":"ListItem","position":1,"name":"Home","item":"https:\/\/alphalearning.com\/de\/"},{"@type":"ListItem","position":2,"name":"Meditation und Stressbew\u00e4ltigung durch Neurofeedback"}]},{"@type":"WebSite","@id":"https:\/\/alphalearning.com\/de\/#website","url":"https:\/\/alphalearning.com\/de\/","name":"Alphalearning International","description":"the brain training institute","publisher":{"@id":"https:\/\/alphalearning.com\/de\/#organization"},"potentialAction":[{"@type":"SearchAction","target":{"@type":"EntryPoint","urlTemplate":"https:\/\/alphalearning.com\/de\/?s={search_term_string}"},"query-input":{"@type":"PropertyValueSpecification","valueRequired":true,"valueName":"search_term_string"}}],"inLanguage":"de"},{"@type":"Organization","@id":"https:\/\/alphalearning.com\/de\/#organization","name":"Alphalearning International","url":"https:\/\/alphalearning.com\/de\/","logo":{"@type":"ImageObject","inLanguage":"de","@id":"https:\/\/alphalearning.com\/de\/#\/schema\/logo\/image\/","url":"https:\/\/alphalearning.com\/wp-content\/uploads\/2024\/03\/alphalearning_ico2_512px.png","contentUrl":"https:\/\/alphalearning.com\/wp-content\/uploads\/2024\/03\/alphalearning_ico2_512px.png","width":512,"height":512,"caption":"Alphalearning International"},"image":{"@id":"https:\/\/alphalearning.com\/de\/#\/schema\/logo\/image\/"}}]}},"uagb_featured_image_src":{"full":false,"thumbnail":false,"medium":false,"medium_large":false,"large":false,"1536x1536":false,"2048x2048":false,"gform-image-choice-sm":false,"gform-image-choice-md":false,"gform-image-choice-lg":false},"uagb_author_info":{"display_name":"Julio Machado","author_link":"https:\/\/alphalearning.com\/de\/author\/julio-machado\/"},"uagb_comment_info":0,"uagb_excerpt":"Meditation, Neurofeedback und Gehirntraining sind die Schl\u00fcssel zur Stresslinderung Meditation, Neurofeedback und ver\u00e4nderte Bewusstseinszust\u00e4nde \u2013 Die Forschung von Dr. Cade [&hellip;]","_links":{"self":[{"href":"https:\/\/alphalearning.com\/de\/wp-json\/wp\/v2\/pages\/13318","targetHints":{"allow":["GET"]}}],"collection":[{"href":"https:\/\/alphalearning.com\/de\/wp-json\/wp\/v2\/pages"}],"about":[{"href":"https:\/\/alphalearning.com\/de\/wp-json\/wp\/v2\/types\/page"}],"author":[{"embeddable":true,"href":"https:\/\/alphalearning.com\/de\/wp-json\/wp\/v2\/users\/2"}],"replies":[{"embeddable":true,"href":"https:\/\/alphalearning.com\/de\/wp-json\/wp\/v2\/comments?post=13318"}],"version-history":[{"count":7,"href":"https:\/\/alphalearning.com\/de\/wp-json\/wp\/v2\/pages\/13318\/revisions"}],"predecessor-version":[{"id":17049,"href":"https:\/\/alphalearning.com\/de\/wp-json\/wp\/v2\/pages\/13318\/revisions\/17049"}],"wp:attachment":[{"href":"https:\/\/alphalearning.com\/de\/wp-json\/wp\/v2\/media?parent=13318"}],"curies":[{"name":"wp","href":"https:\/\/api.w.org\/{rel}","templated":true}]}}