{"id":13309,"date":"2024-03-27T16:39:26","date_gmt":"2024-03-27T16:39:26","guid":{"rendered":"https:\/\/alphalearning.com\/neurofeedback-and-brainwave-system-possibilities\/"},"modified":"2025-11-07T15:38:19","modified_gmt":"2025-11-07T15:38:19","slug":"moeglichkeiten-von-neurofeedback-und-brainwave-system","status":"publish","type":"page","link":"https:\/\/alphalearning.com\/de\/moeglichkeiten-von-neurofeedback-und-brainwave-system\/","title":{"rendered":"M\u00f6glichkeiten von Neurofeedback und Brainwave System"},"content":{"rendered":"\n<div class=\"wp-block-uagb-advanced-heading uagb-block-aaf832f1\"><h1 class=\"uagb-heading-text\">M\u00f6glichkeiten von Neurofeedback und Brainwave System<\/h1><\/div>\n\n\n\n<div class=\"wp-block-uagb-container uagb-block-0af584cd alignfull uagb-is-root-container\"><div class=\"uagb-container-inner-blocks-wrap\">\n<div class=\"wp-block-uagb-container uagb-block-8c8ed38f\">\n<div class=\"wp-block-uagb-advanced-heading uagb-block-c6e92ffa\"><h4 class=\"uagb-heading-text\">Unterst\u00fctzung bei Legasthenie<\/h4><\/div>\n\n\n\n<p>Nach umfangreichen Tests mit 500 Probanden im Jahr 1995 konnten wir erstmals darlegen, dass es Wege gibt, die Herausforderungen von Legasthenie gezielt anzugehen.<\/p>\n\n\n\n<p>Daf\u00fcr sind 10 bis 30 Stunden Training erforderlich.<\/p>\n\n\n\n<p>\u00dcber die folgenden Links k\u00f6nnen Sie sich informieren und verstehen, wie Legasthenie nachhaltig innerhalb von 5 Tagen gelindert werden kann \u2013 ganz ohne Medikamente und mit vielen zus\u00e4tzlichen Vorteilen:<\/p>\n\n\n\n<ul class=\"wp-block-list\">\n<li><a href=\"https:\/\/alphalearning.com\/de\/ist-legasthenie-heilbar\/legasthenie-und-neurofeedback\/\">Tagesablauf eines Kurses<\/a><\/li>\n\n\n\n<li><a href=\"https:\/\/alphalearning.com\/de\/ist-legasthenie-heilbar\/legasthenie-doppelblindestudie\/\">Doppelblindstudie<\/a><\/li>\n\n\n\n<li><a href=\"https:\/\/alphalearning.com\/de\/ist-legasthenie-heilbar\/legasthenie-fallstudie\/\">Fallstudie<\/a><\/li>\n\n\n\n<li><a href=\"https:\/\/alphalearning.com\/de\/kommentare-von-alphalearning-klienten\/zitate-von-familien\/julia-lowes\/\">Julia Lowes \u2013 Die Geschichte einer Ex-Legasthenikerin<\/a><\/li>\n\n\n\n<li><a href=\"https:\/\/alphalearning.com\/de\/kommentare-von-alphalearning-klienten\/zitate-von-familien\/james-douglas\/\">James Douglas (Legasthenie und ADHS)<\/a><\/li>\n\n\n\n<li><a href=\"https:\/\/alphalearning.com\/de\/kommentare-von-alphalearning-klienten\/zitate-von-familien\/dr-h-j-h-richards\/\">H. J. H. Richards, BA, MA (Ed), Ph.D. (Legasthenie und ADHS)<\/a><\/li>\n<\/ul>\n<\/div>\n\n\n\n<div class=\"wp-block-uagb-container uagb-block-7e58f84d\">\n<p>Die F\u00e4higkeit, Gehirnfrequenzen zu steuern, ist ein effektives Mittel, seine eigenen Ziele im pers\u00f6nlichen, famili\u00e4ren und beruflichen Leben zu erreichen. Die unten aufgef\u00fchrten M\u00f6glichkeiten von Neurofeedback und dem Brainwave-System sind nur einige der bereits gut dokumentierten F\u00e4lle, bei denen Alphalearning helfen kann. W\u00e4hrend des Kurses lernt der Klient, wie er alle erarbeiteten Techniken bei Themen wie den folgenden anwenden kann:<\/p>\n\n\n\n<ul class=\"wp-block-list\">\n<li><a href=\"https:\/\/alphalearning.com\/de\/autismus-spektrum-stoerung\/\">St\u00f6rungen aus dem Autismus-Spektrum<\/a><\/li>\n\n\n\n<li><a href=\"https:\/\/alphalearning.com\/de\/ist-legasthenie-heilbar\/\">Legasthenie<\/a> (siehe weitere Links in der Seitenleiste)<\/li>\n\n\n\n<li><a href=\"https:\/\/alphalearning.com\/neurofeedback-meditation-stress-relief\/\">Meditation und Stressabbau durch Neurofeedback<\/a><\/li>\n\n\n\n<li><a href=\"https:\/\/alphalearning.com\/neurofeedback\/\">Neurofeedback<\/a><\/li>\n\n\n\n<li><a href=\"https:\/\/alphalearning.com\/de\/akademische-leistung\/\">Akademische Leistungsf\u00e4higkeit<\/a><\/li>\n\n\n\n<li><a href=\"https:\/\/alphalearning.com\/neurofeedback-and-adhd\/\">ADHS<\/a><\/li>\n\n\n\n<li>Verbesserung von Ged\u00e4chtnis und Konzentration<\/li>\n\n\n\n<li>Entscheidungsfindung und Konfliktl\u00f6sung<\/li>\n\n\n\n<li>Schnelles Lesen und neuronales Mitschreiben<\/li>\n\n\n\n<li>K\u00fcnstlerische Leistung<\/li>\n\n\n\n<li><a href=\"https:\/\/alphalearning.com\/neurofeedback-athletics-and-sports\/\">Athletik und Sport<\/a><\/li>\n\n\n\n<li>Stressbew\u00e4ltigung<\/li>\n\n\n\n<li>Fibromyalgie, Schmerzbew\u00e4ltigung und k\u00f6rperliche Entspannung<\/li>\n\n\n\n<li>K\u00f6rperliches und mentales Gleichgewicht<\/li>\n\n\n\n<li>Erweiterung des neuronalen Netzwerks (mehr Erkenntnisse und Kreativit\u00e4t)<\/li>\n\n\n\n<li><a href=\"https:\/\/alphalearning.com\/birth-problems\/\">Behandlung von durch Geburtskomplikationen verursachten St\u00f6rungen<\/a><\/li>\n\n\n\n<li>Korrektur von geistigen Beeintr\u00e4chtigungen zur Aussch\u00f6pfung des wahren IQ-Potenzials<\/li>\n<\/ul>\n\n\n\n<p>Viele weitere Aktivit\u00e4ten werden verbessert und Situationen gel\u00f6st, indem Gehirnfrequenzen kontrolliert werden. Falls Sie Ihr Ziel in der obigen Liste nicht gefunden haben oder unsicher sind, ob dieses Training f\u00fcr Sie geeignet ist, <a href=\"https:\/\/alphalearning.com\/contact\/\">kontaktieren Sie<\/a> uns bitte, um zu pr\u00fcfen, ob wir Ihnen helfen k\u00f6nnen.<\/p>\n<\/div>\n<\/div><\/div>\n","protected":false},"excerpt":{"rendered":"<p>M\u00f6glichkeiten von Neurofeedback und Brainwave System Unterst\u00fctzung bei Legasthenie Nach umfangreichen Tests mit 500 Probanden im Jahr 1995 konnten wir [&hellip;]<\/p>\n","protected":false},"author":2,"featured_media":0,"parent":0,"menu_order":300,"comment_status":"closed","ping_status":"closed","template":"","meta":{"_uag_custom_page_level_css":"","site-sidebar-layout":"default","site-content-layout":"","ast-site-content-layout":"default","site-content-style":"default","site-sidebar-style":"default","ast-global-header-display":"","ast-banner-title-visibility":"","ast-main-header-display":"","ast-hfb-above-header-display":"","ast-hfb-below-header-display":"","ast-hfb-mobile-header-display":"","site-post-title":"disabled","ast-breadcrumbs-content":"","ast-featured-img":"","footer-sml-layout":"","ast-disable-related-posts":"","theme-transparent-header-meta":"","adv-header-id-meta":"","stick-header-meta":"","header-above-stick-meta":"","header-main-stick-meta":"","header-below-stick-meta":"","astra-migrate-meta-layouts":"default","ast-page-background-enabled":"default","ast-page-background-meta":{"desktop":{"background-color":"var(--ast-global-color-4)","background-image":"","background-repeat":"repeat","background-position":"center center","background-size":"auto","background-attachment":"scroll","background-type":"","background-media":"","overlay-type":"","overlay-color":"","overlay-opacity":"","overlay-gradient":""},"tablet":{"background-color":"","background-image":"","background-repeat":"repeat","background-position":"center center","background-size":"auto","background-attachment":"scroll","background-type":"","background-media":"","overlay-type":"","overlay-color":"","overlay-opacity":"","overlay-gradient":""},"mobile":{"background-color":"","background-image":"","background-repeat":"repeat","background-position":"center center","background-size":"auto","background-attachment":"scroll","background-type":"","background-media":"","overlay-type":"","overlay-color":"","overlay-opacity":"","overlay-gradient":""}},"ast-content-background-meta":{"desktop":{"background-color":"var(--ast-global-color-5)","background-image":"","background-repeat":"repeat","background-position":"center center","background-size":"auto","background-attachment":"scroll","background-type":"","background-media":"","overlay-type":"","overlay-color":"","overlay-opacity":"","overlay-gradient":""},"tablet":{"background-color":"var(--ast-global-color-5)","background-image":"","background-repeat":"repeat","background-position":"center center","background-size":"auto","background-attachment":"scroll","background-type":"","background-media":"","overlay-type":"","overlay-color":"","overlay-opacity":"","overlay-gradient":""},"mobile":{"background-color":"var(--ast-global-color-5)","background-image":"","background-repeat":"repeat","background-position":"center center","background-size":"auto","background-attachment":"scroll","background-type":"","background-media":"","overlay-type":"","overlay-color":"","overlay-opacity":"","overlay-gradient":""}},"footnotes":""},"class_list":["post-13309","page","type-page","status-publish","hentry"],"yoast_head":"<!-- This site is optimized with the Yoast SEO plugin v27.1.1 - https:\/\/yoast.com\/product\/yoast-seo-wordpress\/ -->\n<title>Neurofeedback &amp; Brainwave meistern | Alphalearning<\/title>\n<meta name=\"description\" content=\"Entfalten Sie ihr volles Lernpotential \u2013 mit Alphalearnings Neurofeedback- und Brainwave-Training zur Unterst\u00fctzung bei Legasthenie, ADHS, und Stressbew\u00e4ltigung.\" \/>\n<meta name=\"robots\" content=\"index, follow, max-snippet:-1, max-image-preview:large, max-video-preview:-1\" \/>\n<link rel=\"canonical\" href=\"https:\/\/alphalearning.com\/de\/moeglichkeiten-von-neurofeedback-und-brainwave-system\/\" \/>\n<meta property=\"og:locale\" content=\"de_DE\" \/>\n<meta property=\"og:type\" content=\"article\" \/>\n<meta property=\"og:title\" content=\"Neurofeedback &amp; Brainwave meistern | Alphalearning\" \/>\n<meta property=\"og:description\" content=\"Entfalten Sie ihr volles Lernpotential \u2013 mit Alphalearnings Neurofeedback- und Brainwave-Training zur Unterst\u00fctzung bei Legasthenie, ADHS, und Stressbew\u00e4ltigung.\" \/>\n<meta property=\"og:url\" content=\"https:\/\/alphalearning.com\/de\/moeglichkeiten-von-neurofeedback-und-brainwave-system\/\" \/>\n<meta property=\"og:site_name\" content=\"Alphalearning International\" \/>\n<meta property=\"article:modified_time\" content=\"2025-11-07T15:38:19+00:00\" \/>\n<meta property=\"og:image\" content=\"https:\/\/alphalearning.com\/wp-content\/uploads\/2024\/04\/alphalearning-logo_red_1200x675px.png\" \/>\n\t<meta property=\"og:image:width\" content=\"1200\" \/>\n\t<meta property=\"og:image:height\" content=\"675\" \/>\n\t<meta property=\"og:image:type\" content=\"image\/png\" \/>\n<meta name=\"twitter:card\" content=\"summary_large_image\" \/>\n<meta name=\"twitter:label1\" content=\"Est. reading time\" \/>\n\t<meta name=\"twitter:data1\" content=\"2 minutes\" \/>\n<!-- \/ Yoast SEO plugin. -->","yoast_head_json":{"title":"Neurofeedback & Brainwave meistern | Alphalearning","description":"Entfalten Sie ihr volles Lernpotential \u2013 mit Alphalearnings Neurofeedback- und Brainwave-Training zur Unterst\u00fctzung bei Legasthenie, ADHS, und Stressbew\u00e4ltigung.","robots":{"index":"index","follow":"follow","max-snippet":"max-snippet:-1","max-image-preview":"max-image-preview:large","max-video-preview":"max-video-preview:-1"},"canonical":"https:\/\/alphalearning.com\/de\/moeglichkeiten-von-neurofeedback-und-brainwave-system\/","og_locale":"de_DE","og_type":"article","og_title":"Neurofeedback & Brainwave meistern | Alphalearning","og_description":"Entfalten Sie ihr volles Lernpotential \u2013 mit Alphalearnings Neurofeedback- und Brainwave-Training zur Unterst\u00fctzung bei Legasthenie, ADHS, und Stressbew\u00e4ltigung.","og_url":"https:\/\/alphalearning.com\/de\/moeglichkeiten-von-neurofeedback-und-brainwave-system\/","og_site_name":"Alphalearning International","article_modified_time":"2025-11-07T15:38:19+00:00","og_image":[{"width":1200,"height":675,"url":"https:\/\/alphalearning.com\/wp-content\/uploads\/2024\/04\/alphalearning-logo_red_1200x675px.png","type":"image\/png"}],"twitter_card":"summary_large_image","twitter_misc":{"Est. reading time":"2 minutes"},"schema":{"@context":"https:\/\/schema.org","@graph":[{"@type":"WebPage","@id":"https:\/\/alphalearning.com\/de\/moeglichkeiten-von-neurofeedback-und-brainwave-system\/","url":"https:\/\/alphalearning.com\/de\/moeglichkeiten-von-neurofeedback-und-brainwave-system\/","name":"Neurofeedback & Brainwave meistern | Alphalearning","isPartOf":{"@id":"https:\/\/alphalearning.com\/de\/#website"},"datePublished":"2024-03-27T16:39:26+00:00","dateModified":"2025-11-07T15:38:19+00:00","description":"Entfalten Sie ihr volles Lernpotential \u2013 mit Alphalearnings Neurofeedback- und Brainwave-Training zur Unterst\u00fctzung bei Legasthenie, ADHS, und Stressbew\u00e4ltigung.","breadcrumb":{"@id":"https:\/\/alphalearning.com\/de\/moeglichkeiten-von-neurofeedback-und-brainwave-system\/#breadcrumb"},"inLanguage":"de","potentialAction":[{"@type":"ReadAction","target":["https:\/\/alphalearning.com\/de\/moeglichkeiten-von-neurofeedback-und-brainwave-system\/"]}]},{"@type":"BreadcrumbList","@id":"https:\/\/alphalearning.com\/de\/moeglichkeiten-von-neurofeedback-und-brainwave-system\/#breadcrumb","itemListElement":[{"@type":"ListItem","position":1,"name":"Home","item":"https:\/\/alphalearning.com\/de\/"},{"@type":"ListItem","position":2,"name":"M\u00f6glichkeiten von Neurofeedback und Brainwave System"}]},{"@type":"WebSite","@id":"https:\/\/alphalearning.com\/de\/#website","url":"https:\/\/alphalearning.com\/de\/","name":"Alphalearning International","description":"the brain training institute","publisher":{"@id":"https:\/\/alphalearning.com\/de\/#organization"},"potentialAction":[{"@type":"SearchAction","target":{"@type":"EntryPoint","urlTemplate":"https:\/\/alphalearning.com\/de\/?s={search_term_string}"},"query-input":{"@type":"PropertyValueSpecification","valueRequired":true,"valueName":"search_term_string"}}],"inLanguage":"de"},{"@type":"Organization","@id":"https:\/\/alphalearning.com\/de\/#organization","name":"Alphalearning International","url":"https:\/\/alphalearning.com\/de\/","logo":{"@type":"ImageObject","inLanguage":"de","@id":"https:\/\/alphalearning.com\/de\/#\/schema\/logo\/image\/","url":"https:\/\/alphalearning.com\/wp-content\/uploads\/2024\/03\/alphalearning_ico2_512px.png","contentUrl":"https:\/\/alphalearning.com\/wp-content\/uploads\/2024\/03\/alphalearning_ico2_512px.png","width":512,"height":512,"caption":"Alphalearning International"},"image":{"@id":"https:\/\/alphalearning.com\/de\/#\/schema\/logo\/image\/"}}]}},"uagb_featured_image_src":{"full":false,"thumbnail":false,"medium":false,"medium_large":false,"large":false,"1536x1536":false,"2048x2048":false,"gform-image-choice-sm":false,"gform-image-choice-md":false,"gform-image-choice-lg":false},"uagb_author_info":{"display_name":"Julio Machado","author_link":"https:\/\/alphalearning.com\/de\/author\/julio-machado\/"},"uagb_comment_info":0,"uagb_excerpt":"M\u00f6glichkeiten von Neurofeedback und Brainwave System Unterst\u00fctzung bei Legasthenie Nach umfangreichen Tests mit 500 Probanden im Jahr 1995 konnten wir [&hellip;]","_links":{"self":[{"href":"https:\/\/alphalearning.com\/de\/wp-json\/wp\/v2\/pages\/13309","targetHints":{"allow":["GET"]}}],"collection":[{"href":"https:\/\/alphalearning.com\/de\/wp-json\/wp\/v2\/pages"}],"about":[{"href":"https:\/\/alphalearning.com\/de\/wp-json\/wp\/v2\/types\/page"}],"author":[{"embeddable":true,"href":"https:\/\/alphalearning.com\/de\/wp-json\/wp\/v2\/users\/2"}],"replies":[{"embeddable":true,"href":"https:\/\/alphalearning.com\/de\/wp-json\/wp\/v2\/comments?post=13309"}],"version-history":[{"count":6,"href":"https:\/\/alphalearning.com\/de\/wp-json\/wp\/v2\/pages\/13309\/revisions"}],"predecessor-version":[{"id":17039,"href":"https:\/\/alphalearning.com\/de\/wp-json\/wp\/v2\/pages\/13309\/revisions\/17039"}],"wp:attachment":[{"href":"https:\/\/alphalearning.com\/de\/wp-json\/wp\/v2\/media?parent=13309"}],"curies":[{"name":"wp","href":"https:\/\/api.w.org\/{rel}","templated":true}]}}