{"id":13296,"date":"2024-03-27T16:38:47","date_gmt":"2024-03-27T16:38:47","guid":{"rendered":"https:\/\/alphalearning.com\/ormus\/what-is-monatomic-gold\/"},"modified":"2025-07-24T13:07:06","modified_gmt":"2025-07-24T12:07:06","slug":"was-ist-monatomares-gold","status":"publish","type":"page","link":"https:\/\/alphalearning.com\/de\/ormus\/was-ist-monatomares-gold\/","title":{"rendered":"Was ist Monatomares Gold"},"content":{"rendered":"\n<div class=\"wp-block-uagb-advanced-heading uagb-block-465c3b9c\"><h1 class=\"uagb-heading-text\">Was ist Monatomisches Gold?<\/h1><\/div>\n\n\n\n<div class=\"wp-block-uagb-container uagb-block-be02c777 alignfull uagb-is-root-container\"><div class=\"uagb-container-inner-blocks-wrap\">\n<p>Monatomisches Gold, auch als Etherium Gold oder Ormus Gold bekannt, ist ein einzelnes Spurenelement, das in der Natur vorkommt. Bekannt f\u00fcr sein Potenzial, die Gehirnfunktion, Lernf\u00e4higkeiten und Neurofeedback zu optimieren, r\u00fcckt es zunehmend in den Fokus der Forschung.<\/p>\n\n\n\n<div class=\"wp-block-uagb-advanced-heading uagb-block-06ef66b2\"><h2 class=\"uagb-heading-text\">Monatomisches Gold verstehen<\/h2><\/div>\n\n\n\n<p>Monatomisches Gold ist Teil der ORME-Familie (Orbitally Rearranged Monoatomic Element), bei der die Atome nicht in einer molekularen Struktur miteinander verbunden sind. Dadurch kann jedes Goldatom f\u00fcr sich allein stehen. Es wird angenommen, dass diese einzelnen Atome einzigartige elektrochemische Reaktionen im Gehirn ausl\u00f6sen, die zu einer verbesserten Balance zwischen den Gehirnh\u00e4lften f\u00fchren. Zu den m\u00f6glichen Effekten z\u00e4hlen gesteigerte Intelligenz, erh\u00f6hte Kreativit\u00e4t, fortgeschrittene K\u00f6rper-Geist-Koordination und reduzierte Stresslevel.<\/p>\n\n\n\n<div class=\"wp-block-uagb-advanced-heading uagb-block-17bdbce4\"><h2 class=\"uagb-heading-text\">Der historische Weg des Monatomischem Goldes<\/h2><\/div>\n\n\n\n<p>Die Geschichte von Monatomischem Gold, auch bekannt als Ormus Gold, l\u00e4sst sich bis in alte Zivilisationen zur\u00fcckverfolgen und zieht sich durch verschiedene Kulturen und Epochen. Die alten \u00c4gypter nannten es \u201eMfkzt\u201c (Mufkuzt) und erkannten sein Potenzial zur Intensivierung spiritueller Erfahrungen und g\u00f6ttlicher Verbindung. Weitere historische Bezeichnungen sind \u201eDer Stein der Weisen\u201c, \u201eWei\u00dfes Goldpulver\u201c und \u201eDas Elixier des Lebens\u201c.<\/p>\n\n\n\n<p>In den 1970er-Jahren r\u00fcckte der Landwirt David Radius Hudson aus Arizona diese besondere Substanz erneut ins Rampenlicht, als er bei der Gold- und Silbergewinnung zuf\u00e4llig darauf stie\u00df. Hudsons Entdeckung dieser speziellen Elemente, die er ORMEs nannte, leitete eine Welle anhaltender Forschung \u00fcber diese potenziell transformative Materie ein.<\/p>\n\n\n\n<div class=\"wp-block-uagb-advanced-heading uagb-block-8df4cb3a\"><h2 class=\"uagb-heading-text\">Die Wirkung von Monatomischem Gold auf das Gehirn<\/h2><\/div>\n\n\n\n<p>Forschungen am Alphalearning-Institut st\u00fctzen die Annahme, dass Monatomisches Gold das Gleichgewicht im Gehirn und die kognitive Leistungsf\u00e4higkeit f\u00f6rdern kann. Wenn diese Elemente isoliert werden, zeigen sie Eigenschaften, die m\u00f6glicherweise auf ihre Wirkung im Gehirn zur\u00fcckzuf\u00fchren sind. So soll Ormus Gold beispielsweise die Schwingung des Anwenders auf einer spirituellen Ebene erh\u00f6hen und oftmals die Kundalini-Energie aktivieren. Aufgrund seiner monoatomischen Struktur kann es jede Zelle des menschlichen K\u00f6rpers durchdringen und deren Frequenz anheben. Dieser Prozess k\u00f6nnte unter anderem zu gesteigerten Wahrnehmungen wie unwillk\u00fcrlicher Telepathie, Sichtbarkeit von Auren und Energiefeldern, luziden Tr\u00e4umen und unmittelbarer Manifestation f\u00fchren.<\/p>\n\n\n\n<div class=\"wp-block-uagb-advanced-heading uagb-block-977bd8ff\"><h2 class=\"uagb-heading-text\">Monatomisches Gold im Neurofeedback<\/h2><\/div>\n\n\n\n<p>Neurofeedback ist eine spezielle Form des Biofeedbacks, bei der die Gehirnaktivit\u00e4t in Echtzeit dargestellt wird, um eine Selbstregulation der Gehirnfunktionen zu erm\u00f6glichen. Monatomisches Gold hat in diesem Bereich bereits sein Potenzial gezeigt: Studien deuten darauf hin, dass es dem Gehirn helfen kann, einen Zustand der Hom\u00f6ostase oder Balance zu erreichen. Dar\u00fcber hinaus erweitert die Entdeckung von ORMEs, einschlie\u00dflich Monatomischem Gold, m\u00f6glicherweise das Anwendungsspektrum im Neurofeedback. Anwender berichten beispielsweise, dass Ormus Gold f\u00fcr einen Zustand von Gelassenheit und Klarheit sorgt und sie leichter in Theta-Wellenzust\u00e4nde des Gehirns versetzt, was wiederum die Intuition steigern kann. Solche Hirnzust\u00e4nde sind \u00fcblicherweise das Resultat tiefer Meditation, und viele Anwender geben an, diesen Zustand nahezu unmittelbar nach der Einnahme von Ormus Gold zu erreichen.<\/p>\n\n\n\n<div class=\"wp-block-uagb-advanced-heading uagb-block-9152629b\"><h2 class=\"uagb-heading-text\">Monatomisches Gold und Wohlbefinden<\/h2><\/div>\n\n\n\n<p>Neben den m\u00f6glichen Vorteilen f\u00fcr die Gehirnfunktionen und das Lernen soll Monatomisches Gold gemeinsam mit anderen ORMEs auch die k\u00f6rpereigenen Heilungskr\u00e4fte st\u00e4rken und zum allgemeinen Wohlbefinden beitragen. Ormus Gold wird auf physischer Ebene eine unterst\u00fctzende Wirkung auf das Immunsystem zugeschrieben. Es soll zur Reparatur von DNA-Sch\u00e4den beitragen und die Heilung des K\u00f6rpers zu beschleunigen. Anwender berichten sogar von einer selbstst\u00e4ndigen Regeneration bei Zahnproblemen und rascher Wundheilung nach der Einnahme von Ormus Gold. Dar\u00fcber hinaus soll die Einnahme von Ormus Gold dank seiner wichtigen Rolle im K\u00f6rper einen verj\u00fcngenden beziehungsweise Anti-Aging-Effekt auf Haut, Haare und N\u00e4gel haben. Auf spiritueller Ebene werden zudem von mystischen Erlebnissen und einer gesteigerte Intuition oder mediale F\u00e4higkeiten berichtet, die ein Gef\u00fchl der Erleuchtung hervorrufen k\u00f6nnen.<\/p>\n\n\n\n<p class=\"has-text-align-right\">Weitere Informationen \u00fcber Monatomisches Gold:<br><a href=\"https:\/\/alphalearning.com\/de\/ormus\/forschung\/\">Forschung zu Monatomischem Gold<\/a><br><a href=\"https:\/\/alphalearning.com\/de\/ormus\/forschung\/etherium-gold-studie\/\">Studie des Alphalearning-Instituts<\/a><br><a href=\"https:\/\/alphalearning.com\/de\/ormus\/forschung\/bio-neurologische-auswirkungen-etherium-gold\/\">Biologische und neurophysiologische Wirkungen von Etherium Gold<\/a><br><a href=\"https:\/\/alphalearning.com\/de\/ormus\/forschung\/nutzen\/\">Positiven Effekte von Monatomischem Gold<\/a><\/p>\n<\/div><\/div>\n","protected":false},"excerpt":{"rendered":"<p>Was ist Monatomisches Gold? Monatomisches Gold, auch als Etherium Gold oder Ormus Gold bekannt, ist ein einzelnes Spurenelement, das in [&hellip;]<\/p>\n","protected":false},"author":2,"featured_media":0,"parent":13191,"menu_order":469,"comment_status":"closed","ping_status":"closed","template":"","meta":{"_uag_custom_page_level_css":"","site-sidebar-layout":"default","site-content-layout":"","ast-site-content-layout":"default","site-content-style":"default","site-sidebar-style":"default","ast-global-header-display":"","ast-banner-title-visibility":"","ast-main-header-display":"","ast-hfb-above-header-display":"","ast-hfb-below-header-display":"","ast-hfb-mobile-header-display":"","site-post-title":"disabled","ast-breadcrumbs-content":"","ast-featured-img":"","footer-sml-layout":"","ast-disable-related-posts":"","theme-transparent-header-meta":"","adv-header-id-meta":"","stick-header-meta":"","header-above-stick-meta":"","header-main-stick-meta":"","header-below-stick-meta":"","astra-migrate-meta-layouts":"default","ast-page-background-enabled":"default","ast-page-background-meta":{"desktop":{"background-color":"var(--ast-global-color-4)","background-image":"","background-repeat":"repeat","background-position":"center center","background-size":"auto","background-attachment":"scroll","background-type":"","background-media":"","overlay-type":"","overlay-color":"","overlay-opacity":"","overlay-gradient":""},"tablet":{"background-color":"","background-image":"","background-repeat":"repeat","background-position":"center center","background-size":"auto","background-attachment":"scroll","background-type":"","background-media":"","overlay-type":"","overlay-color":"","overlay-opacity":"","overlay-gradient":""},"mobile":{"background-color":"","background-image":"","background-repeat":"repeat","background-position":"center center","background-size":"auto","background-attachment":"scroll","background-type":"","background-media":"","overlay-type":"","overlay-color":"","overlay-opacity":"","overlay-gradient":""}},"ast-content-background-meta":{"desktop":{"background-color":"var(--ast-global-color-5)","background-image":"","background-repeat":"repeat","background-position":"center center","background-size":"auto","background-attachment":"scroll","background-type":"","background-media":"","overlay-type":"","overlay-color":"","overlay-opacity":"","overlay-gradient":""},"tablet":{"background-color":"var(--ast-global-color-5)","background-image":"","background-repeat":"repeat","background-position":"center center","background-size":"auto","background-attachment":"scroll","background-type":"","background-media":"","overlay-type":"","overlay-color":"","overlay-opacity":"","overlay-gradient":""},"mobile":{"background-color":"var(--ast-global-color-5)","background-image":"","background-repeat":"repeat","background-position":"center center","background-size":"auto","background-attachment":"scroll","background-type":"","background-media":"","overlay-type":"","overlay-color":"","overlay-opacity":"","overlay-gradient":""}},"footnotes":""},"class_list":["post-13296","page","type-page","status-publish","hentry"],"yoast_head":"<!-- This site is optimized with the Yoast SEO plugin v27.1.1 - https:\/\/yoast.com\/product\/yoast-seo-wordpress\/ -->\n<title>Was ist Monatomisches Gold? Mysterium enth\u00fcllt - Alphalearning<\/title>\n<meta name=\"description\" content=\"Erfahren Sie, wie Monatomisches Gold (Ormus) Kognition steigern, Stress reduzieren und Ihr Wohlbefinden f\u00f6rdern kann \u2013 bei Alphalearning.\" \/>\n<meta name=\"robots\" content=\"index, follow, max-snippet:-1, max-image-preview:large, max-video-preview:-1\" \/>\n<link rel=\"canonical\" href=\"https:\/\/alphalearning.com\/de\/ormus\/was-ist-monatomares-gold\/\" \/>\n<meta property=\"og:locale\" content=\"de_DE\" \/>\n<meta property=\"og:type\" content=\"article\" \/>\n<meta property=\"og:title\" content=\"Was ist Monatomisches Gold? Mysterium enth\u00fcllt - Alphalearning\" \/>\n<meta property=\"og:description\" content=\"Erfahren Sie, wie Monatomisches Gold (Ormus) Kognition steigern, Stress reduzieren und Ihr Wohlbefinden f\u00f6rdern kann \u2013 bei Alphalearning.\" \/>\n<meta property=\"og:url\" content=\"https:\/\/alphalearning.com\/de\/ormus\/was-ist-monatomares-gold\/\" \/>\n<meta property=\"og:site_name\" content=\"Alphalearning International\" \/>\n<meta property=\"article:modified_time\" content=\"2025-07-24T12:07:06+00:00\" \/>\n<meta property=\"og:image\" content=\"https:\/\/alphalearning.com\/wp-content\/uploads\/2024\/04\/alphalearning-logo_red_1200x675px.png\" \/>\n\t<meta property=\"og:image:width\" content=\"1200\" \/>\n\t<meta property=\"og:image:height\" content=\"675\" \/>\n\t<meta property=\"og:image:type\" content=\"image\/png\" \/>\n<meta name=\"twitter:card\" content=\"summary_large_image\" \/>\n<meta name=\"twitter:label1\" content=\"Est. reading time\" \/>\n\t<meta name=\"twitter:data1\" content=\"3 minutes\" \/>\n<!-- \/ Yoast SEO plugin. -->","yoast_head_json":{"title":"Was ist Monatomisches Gold? Mysterium enth\u00fcllt - Alphalearning","description":"Erfahren Sie, wie Monatomisches Gold (Ormus) Kognition steigern, Stress reduzieren und Ihr Wohlbefinden f\u00f6rdern kann \u2013 bei Alphalearning.","robots":{"index":"index","follow":"follow","max-snippet":"max-snippet:-1","max-image-preview":"max-image-preview:large","max-video-preview":"max-video-preview:-1"},"canonical":"https:\/\/alphalearning.com\/de\/ormus\/was-ist-monatomares-gold\/","og_locale":"de_DE","og_type":"article","og_title":"Was ist Monatomisches Gold? Mysterium enth\u00fcllt - Alphalearning","og_description":"Erfahren Sie, wie Monatomisches Gold (Ormus) Kognition steigern, Stress reduzieren und Ihr Wohlbefinden f\u00f6rdern kann \u2013 bei Alphalearning.","og_url":"https:\/\/alphalearning.com\/de\/ormus\/was-ist-monatomares-gold\/","og_site_name":"Alphalearning International","article_modified_time":"2025-07-24T12:07:06+00:00","og_image":[{"width":1200,"height":675,"url":"https:\/\/alphalearning.com\/wp-content\/uploads\/2024\/04\/alphalearning-logo_red_1200x675px.png","type":"image\/png"}],"twitter_card":"summary_large_image","twitter_misc":{"Est. reading time":"3 minutes"},"schema":{"@context":"https:\/\/schema.org","@graph":[{"@type":"WebPage","@id":"https:\/\/alphalearning.com\/de\/ormus\/was-ist-monatomares-gold\/","url":"https:\/\/alphalearning.com\/de\/ormus\/was-ist-monatomares-gold\/","name":"Was ist Monatomisches Gold? Mysterium enth\u00fcllt - Alphalearning","isPartOf":{"@id":"https:\/\/alphalearning.com\/de\/#website"},"datePublished":"2024-03-27T16:38:47+00:00","dateModified":"2025-07-24T12:07:06+00:00","description":"Erfahren Sie, wie Monatomisches Gold (Ormus) Kognition steigern, Stress reduzieren und Ihr Wohlbefinden f\u00f6rdern kann \u2013 bei Alphalearning.","breadcrumb":{"@id":"https:\/\/alphalearning.com\/de\/ormus\/was-ist-monatomares-gold\/#breadcrumb"},"inLanguage":"de","potentialAction":[{"@type":"ReadAction","target":["https:\/\/alphalearning.com\/de\/ormus\/was-ist-monatomares-gold\/"]}]},{"@type":"BreadcrumbList","@id":"https:\/\/alphalearning.com\/de\/ormus\/was-ist-monatomares-gold\/#breadcrumb","itemListElement":[{"@type":"ListItem","position":1,"name":"Home","item":"https:\/\/alphalearning.com\/de\/"},{"@type":"ListItem","position":2,"name":"Ormus","item":"https:\/\/alphalearning.com\/de\/ormus\/"},{"@type":"ListItem","position":3,"name":"Was ist Monatomares Gold"}]},{"@type":"WebSite","@id":"https:\/\/alphalearning.com\/de\/#website","url":"https:\/\/alphalearning.com\/de\/","name":"Alphalearning International","description":"the brain training institute","publisher":{"@id":"https:\/\/alphalearning.com\/de\/#organization"},"potentialAction":[{"@type":"SearchAction","target":{"@type":"EntryPoint","urlTemplate":"https:\/\/alphalearning.com\/de\/?s={search_term_string}"},"query-input":{"@type":"PropertyValueSpecification","valueRequired":true,"valueName":"search_term_string"}}],"inLanguage":"de"},{"@type":"Organization","@id":"https:\/\/alphalearning.com\/de\/#organization","name":"Alphalearning International","url":"https:\/\/alphalearning.com\/de\/","logo":{"@type":"ImageObject","inLanguage":"de","@id":"https:\/\/alphalearning.com\/de\/#\/schema\/logo\/image\/","url":"https:\/\/alphalearning.com\/wp-content\/uploads\/2024\/03\/alphalearning_ico2_512px.png","contentUrl":"https:\/\/alphalearning.com\/wp-content\/uploads\/2024\/03\/alphalearning_ico2_512px.png","width":512,"height":512,"caption":"Alphalearning International"},"image":{"@id":"https:\/\/alphalearning.com\/de\/#\/schema\/logo\/image\/"}}]}},"uagb_featured_image_src":{"full":false,"thumbnail":false,"medium":false,"medium_large":false,"large":false,"1536x1536":false,"2048x2048":false,"gform-image-choice-sm":false,"gform-image-choice-md":false,"gform-image-choice-lg":false},"uagb_author_info":{"display_name":"Julio Machado","author_link":"https:\/\/alphalearning.com\/de\/author\/julio-machado\/"},"uagb_comment_info":0,"uagb_excerpt":"Was ist Monatomisches Gold? Monatomisches Gold, auch als Etherium Gold oder Ormus Gold bekannt, ist ein einzelnes Spurenelement, das in [&hellip;]","_links":{"self":[{"href":"https:\/\/alphalearning.com\/de\/wp-json\/wp\/v2\/pages\/13296","targetHints":{"allow":["GET"]}}],"collection":[{"href":"https:\/\/alphalearning.com\/de\/wp-json\/wp\/v2\/pages"}],"about":[{"href":"https:\/\/alphalearning.com\/de\/wp-json\/wp\/v2\/types\/page"}],"author":[{"embeddable":true,"href":"https:\/\/alphalearning.com\/de\/wp-json\/wp\/v2\/users\/2"}],"replies":[{"embeddable":true,"href":"https:\/\/alphalearning.com\/de\/wp-json\/wp\/v2\/comments?post=13296"}],"version-history":[{"count":7,"href":"https:\/\/alphalearning.com\/de\/wp-json\/wp\/v2\/pages\/13296\/revisions"}],"predecessor-version":[{"id":16749,"href":"https:\/\/alphalearning.com\/de\/wp-json\/wp\/v2\/pages\/13296\/revisions\/16749"}],"up":[{"embeddable":true,"href":"https:\/\/alphalearning.com\/de\/wp-json\/wp\/v2\/pages\/13191"}],"wp:attachment":[{"href":"https:\/\/alphalearning.com\/de\/wp-json\/wp\/v2\/media?parent=13296"}],"curies":[{"name":"wp","href":"https:\/\/api.w.org\/{rel}","templated":true}]}}