{"id":13214,"date":"2024-03-27T16:38:06","date_gmt":"2024-03-27T16:38:06","guid":{"rendered":"https:\/\/alphalearning.com\/ormus\/forschung\/bio-neurological-effects-etherium-gold\/"},"modified":"2025-05-21T13:10:45","modified_gmt":"2025-05-21T12:10:45","slug":"bio-neurologische-auswirkungen-etherium-gold","status":"publish","type":"page","link":"https:\/\/alphalearning.com\/de\/ormus\/forschung\/bio-neurologische-auswirkungen-etherium-gold\/","title":{"rendered":"Biologische und Neurophysiologische Auswirkungen von Etherium-Gold"},"content":{"rendered":"\n<div class=\"wp-block-uagb-advanced-heading uagb-block-a32129a8\"><h1 class=\"uagb-heading-text\">Eine vorl\u00e4ufige Untersuchung der biologischen und neurophysiologischen Auswirkungen von Etherium Gold<\/h1><\/div>\n\n\n\n<div class=\"wp-block-uagb-container uagb-block-1362439c alignfull uagb-is-root-container\"><div class=\"uagb-container-inner-blocks-wrap\">\n<div class=\"wp-block-uagb-advanced-heading uagb-block-8351fb54\"><h2 class=\"uagb-heading-text\">Etherium Gold<\/h2><\/div>\n\n\n\n<p>Eine Biofeedback- und Neurofeedback-Untersuchung zu den biologischen und neurophysiologischen Effekten der sublingualen (unter der Zunge) Einnahme von Etherium Gold-Pulver; ein nat\u00fcrlich vorkommendes Spurenelement, das von Harmonic Innerprizes, P.O. Box 530455, Henderson, NV 89053, vertrieben wird.<\/p>\n\n\n\n<div class=\"wp-block-uagb-advanced-heading uagb-block-ca5f3d5a\"><h2 class=\"uagb-heading-text\">Probanden<\/h2><\/div>\n\n\n\n<p>Diese erste Studie umfasste zehn Personen, f\u00fcnf m\u00e4nnliche und f\u00fcnf weibliche, im Alter von 17 bis 52 Jahren. Bei keinem der Teilnehmenden sind derzeit k\u00f6rperliche, emotionale oder mentale Probleme bekannt. Alle erhielten eine grundlegende Erkl\u00e4rung zum Testverfahren sowie zur Beschaffenheit von Etherium Gold. Es wurden jedoch keine m\u00f6glichen Ergebnisse diskutiert und der Versuchsleiter \u00e4u\u00dferte vor Abschluss der Versuchsreihe weder Vermutungen zu den Resultaten noch eine Erkl\u00e4rung der Ziele.<\/p>\n\n\n\n<div class=\"wp-block-uagb-advanced-heading uagb-block-06c8c0cb\"><h2 class=\"uagb-heading-text\">Ausr\u00fcstung<\/h2><\/div>\n\n\n\n<p>Zur Datenerfassung und -auswertung kam ein J&amp;J I-410-Biofeedback-Ger\u00e4t mit einer von der Physiodata Corporation entwickelten Software zum Einsatz. Dadurch war es m\u00f6glich, w\u00e4hrend der gesamten Testsitzung die Gehirnwellenmuster, die Herzfrequenz, den Blutvolumendruck, die Hautleitf\u00e4higkeit (GSR) sowie die Oberfl\u00e4chentemperatur der Haut konstant zu \u00fcberwachen. Die Teilnehmenden sa\u00dfen dabei bequem in einem typischen Liegesessel, sodass k\u00f6rperliche Erm\u00fcdung oder Unwohlsein w\u00e4hrend der Versuchsdauer m\u00f6glichst ausgeschlossen werden konnte. F\u00fcr jede Person wurden neue Elektroden und Leitpaste verwendet. Eine frische Flasche Etherium Gold, bereitgestellt von Etherium Technology, stand f\u00fcr die Verabreichung zur Verf\u00fcgung.<\/p>\n\n\n\n<div class=\"wp-block-uagb-advanced-heading uagb-block-43705af2\"><h2 class=\"uagb-heading-text\">Vorgehensweise<\/h2><\/div>\n\n\n\n<p>Die Datenerhebung erfolgte f\u00fcr jede Person in zwei separaten Sitzungen. Die erste Sitzung diente der Erstellung einer Ausgangsmessung (Baseline). Nacheinander wurden alle Probanden an das Biofeedback- und Neurofeedback-Ger\u00e4t angeschlossen. Dabei wurden Daten zu ihren vorherrschenden Gehirnwellenmustern, Herzfrequenz, GSR und Hauttemperatur erfasst. Die GSR misst die Ver\u00e4nderung des elektrischen Potenzials der Haut. Eine st\u00e4rkere Feuchtigkeitsproduktion (ein Anzeichen erh\u00f6hter emotionaler Aktivierung) zeigt sich in einem Anstieg des elektrischen Potenzials. Diese Ver\u00e4nderungen werden in Form von Diagrammen auf dem Computerbildschirm dargestellt. Es wurden Ma\u00dfnahmen ergriffen, um sicherzustellen, dass die Messungen typisch waren und keine ungew\u00f6hnlichen Einfl\u00fcsse auf den mentalen, emotionalen oder k\u00f6rperlichen Zustand der Teilnehmenden bestanden.<\/p>\n\n\n\n<p>Die zweite Sitzung fand eine Woche nach der ersten Baseline-Messung statt. Die Probanden wurden unter denselben Bedingungen angeschlossen, und es wurden neue Baseline-Werte erfasst, die anschlie\u00dfend mit denen der ersten Sitzung verglichen wurden.<\/p>\n\n\n\n<p>In allen zehn F\u00e4llen entsprach die zweite Baseline-Messung nahezu exakt den urspr\u00fcnglichen Werten. Anschlie\u00dfend erhielt jede Person, weiterhin am Monitor angeschlossen und bei laufender Datenerfassung, etwa 1\/8 Teel\u00f6ffel Etherium Gold sublingual. Die Biofeedback- und Neurofeedback-Daten wurden weitere 15 Minuten lang aufgezeichnet. Mithilfe der Software konnte man die \u00fcber diesen Zeitraum gesammelten Daten in zusammenfassenden Tabellen auswerten. Das Ziel war, m\u00f6gliche Ver\u00e4nderungen \u2013 sowohl biologisch als auch neurologisch \u2013 vor und nach der Verabreichung von Etherium Gold festzustellen und zu vergleichen.<\/p>\n\n\n\n<div class=\"wp-block-uagb-advanced-heading uagb-block-727f2ea5\"><h2 class=\"uagb-heading-text\">Ergebnisse<\/h2><\/div>\n\n\n\n<p>Bei f\u00fcnf von zehn Probanden unterschieden sich die biologischen Signale vor und nach der Einnahme von Etherium Gold. In neun von zehn F\u00e4llen zeigten die Gehirnwellenmuster nach Einnahme von Etherium Gold signifikante Ver\u00e4nderungen. In beinahe allen F\u00e4llen traten diese Abweichungen 30 Sekunden bis 3 Minuten nach der Verabreichung auf und blieben \u00fcber die restliche Aufzeichnungszeit von 10 bis 15 Minuten hinweg bestehen.<\/p>\n\n\n\n<p>In den f\u00fcnf F\u00e4llen mit Ver\u00e4nderungen der biologischen Signale:<\/p>\n\n\n\n<ul class=\"wp-block-list\">\n<li>Bei zwei Probanden gab es deutliche Schwankungen der GSR-Werte. In beiden F\u00e4llen waren die GSR-Signale nach der Einnahme deutlich ausgeglichener.<\/li>\n\n\n\n<li>Zwei Probanden wiesen eine Temperaturerh\u00f6hung an der Fingerspitze von durchschnittlich 4 Grad auf.<\/li>\n\n\n\n<li>Bei einer Person, deren Herzfrequenz bereits in der Baseline-Messung (f\u00fcr Alter und Gewicht) erh\u00f6ht war, fiel die Frequenz nach der Einnahme in den Normalbereich.<\/li>\n<\/ul>\n\n\n\n<p>Die neurologischen Ver\u00e4nderungen unterschieden sich in jedem Fall, wiesen jedoch gemeinsame Merkmale auf. Gem\u00e4\u00df den Baseline-Messungen lie\u00dfen sich die Teilnehmenden in drei grundlegende Kategorien der vorherrschenden Gehirnwellenaktivit\u00e4t einteilen:<\/p>\n\n\n\n<ul class=\"wp-block-list\">\n<li>Hohes Theta \u2013 niedriges Beta<\/li>\n\n\n\n<li>Hohes Beta \u2013 niedriges Theta<\/li>\n\n\n\n<li>Ausgewogenes Verh\u00e4ltnis zwischen Theta und Beta<\/li>\n<\/ul>\n\n\n\n<p>In diesen drei Kategorien zeigte sich Folgendes:<\/p>\n\n\n\n<ul class=\"wp-block-list\">\n<li>Vier Probanden mit hohem Theta und niedrigem Beta tendierten nach der Einnahme zu einem ausgeglicheneren Verh\u00e4ltnis, wobei Theta abnahm und Beta zunahm. Dar\u00fcber hinaus erh\u00f6hte sich die Alpha-Aktivit\u00e4t.<\/li>\n\n\n\n<li>Eine Person mit hohem Theta und niedrigem Beta zeigte keinerlei Ver\u00e4nderung.<\/li>\n\n\n\n<li>Bei zwei Probanden mit hohem Beta und niedrigem Theta sorgte die Einnahme ebenfalls f\u00fcr ein ausgeglicheneres Verh\u00e4ltnis, indem Beta abnahm und Theta zunahm. Auch hier erh\u00f6hte sich die Alpha-Aktivit\u00e4t.<\/li>\n\n\n\n<li>Drei Probanden mit ausgewogenem Beta-Theta-Verh\u00e4ltnis zeigten einen Anstieg der Alpha-Aktivit\u00e4t.<\/li>\n<\/ul>\n\n\n\n<p>In den neun F\u00e4llen, in denen Ver\u00e4nderungen festgestellt wurden, zeigte sich eine deutliche Tendenz zu st\u00e4rkerer Aktivit\u00e4t in allen Frequenzb\u00e4ndern.<\/p>\n\n\n\n<div class=\"wp-block-uagb-advanced-heading uagb-block-c5d81373\"><h2 class=\"uagb-heading-text\">Diskussion<\/h2><\/div>\n\n\n\n<p>Dies war eine erste Untersuchung der Auswirkungen von Etherium Gold auf den biologischen und neurologischen Zustand von Menschen. Die Ergebnisse legen nahe, dass in diesem Bereich ein klarer Forschungsbedarf besteht, da eindeutig eine Wirkung zu beobachten ist. Diese Wirkung scheint sich bei den hier untersuchten Personen in den biologischen Messgr\u00f6\u00dfen weniger stark bemerkbar zu machen als in den neurologischen. Insgesamt deuten die Resultate jedoch darauf hin, dass die Teilnehmenden nach der Einnahme von Etherium Gold ausgeglichener und ruhiger wurden. Die Ver\u00e4nderungen in der GSR weisen auf eine geringere emotionale Reaktivit\u00e4t hin. Die erh\u00f6hte Finger- bzw. Hauttemperatur deutet auf eine gesteigerte periphere Durchblutung hin, was auf eine st\u00e4rkere Entspannung schlie\u00dfen l\u00e4sst.<\/p>\n\n\n\n<p>Die deutlichsten und konstantesten Resultate ergaben sich in den EEG-Messungen:<\/p>\n\n\n\n<ul class=\"wp-block-list\">\n<li>Die Gehirnwellenfrequenzen neigten dazu, sich auszugleichen.<\/li>\n\n\n\n<li>Alle Frequenzb\u00e4nder zeigten eine h\u00f6here Aktivierung.<\/li>\n<\/ul>\n\n\n\n<p>Vereinfacht ausgedr\u00fcckt kann man sagen, dass Personen mit hoher Theta-Aktivit\u00e4t (im Vergleich zu Beta) als \u201erechte Gehirnh\u00e4lfte\u201c-dominiert betrachtet werden (kreativ, meditativ, k\u00fcnstlerisch, r\u00e4umlich orientiert). Menschen mit hoher Beta-Aktivit\u00e4t (im Vergleich zu Theta) gelten als \u201elinke Gehirnh\u00e4lfte\u201c-dominiert (logisch, mathematisch begabt, linear orientiert). Etherium Gold scheint die Unterschiede in der St\u00e4rke dieser Frequenzbereiche auszugleichen. Wir k\u00f6nnten also sagen, dass Etherium Gold Menschen dabei unterst\u00fctzt, beide Gehirnh\u00e4lften gleichwertig zu nutzen.<\/p>\n\n\n\n<p>Um die Best\u00e4ndigkeit dieser Ergebnisse, ihre Dauer und m\u00f6gliche kumulative Effekte bei wiederholter Einnahme zu bestimmen, w\u00e4ren weitere, ausf\u00fchrlichere Studien notwendig. Eine \u00fcberraschende, aber klar dominierende Wirkung von Etherium Gold war die Zunahme der relativen \u201eneurologischen Energie\u201c \u00fcber alle Frequenzb\u00e4nder hinweg. Offenbar bewirkt Etherium Gold in gewisser Weise eine Aktivierung oder \u00d6ffnung neuronaler Bahnen. Diese vorl\u00e4ufige Studie zeigt eindeutig, dass die Einnahme von Etherium Gold zumindest vor\u00fcbergehend eine positive neurologische Wirkung hat. Die Daten deuten darauf hin, dass ein Umfeld geschaffen wird, in dem das Gehirn sich einem Zustand der Hom\u00f6ostase ann\u00e4hert. Fr\u00fchere neurologische Untersuchungen belegen, dass das Gehirn, wenn es die Kontrolle seiner Musterung f\u00fcr einen Moment abgibt (beispielsweise durch Gehirnwellentraining), von Natur aus dazu tendiert, sich in einen ausgeglichenen Zustand zu bewegen. Diese Studie l\u00e4sst vermuten, dass Etherium Gold dabei unterst\u00fctzend wirken kann. Unabh\u00e4ngig davon, ob die Wirkung von Etherium Gold \u00fcber l\u00e4ngere Zeit erhalten bleibt, bietet die Substanz dem Gehirn wom\u00f6glich die Gelegenheit, zu \u201everstehen\u201c, wie sich ein Zustand des Gleichgewichts \u201eanf\u00fchlt.\u201c<\/p>\n\n\n\n<p>Nach Ansicht des Autors sprechen die Ergebnisse eindeutig daf\u00fcr, dass die Einnahme von Etherium Gold eine positive neurologische und wahrscheinlich auch physiologische Reaktion hervorruft. Sicherlich ist weitere Forschung n\u00f6tig, insbesondere um herauszufinden, wie stark und wie lange sich diese Ver\u00e4nderungen \u00fcber einen gewissen Zeitraum hinweg aufrechterhalten.<\/p>\n\n\n\n<p><strong>Robert E. Dallas, Ph.D.<br>Klinischer Leiter<br>The Mind Spa<br>2. Juni 1998<\/strong><\/p>\n<\/div><\/div>\n","protected":false},"excerpt":{"rendered":"<p>Eine vorl\u00e4ufige Untersuchung der biologischen und neurophysiologischen Auswirkungen von Etherium Gold Etherium Gold Eine Biofeedback- und Neurofeedback-Untersuchung zu den biologischen [&hellip;]<\/p>\n","protected":false},"author":2,"featured_media":0,"parent":13199,"menu_order":466,"comment_status":"closed","ping_status":"closed","template":"","meta":{"_uag_custom_page_level_css":"","site-sidebar-layout":"default","site-content-layout":"","ast-site-content-layout":"default","site-content-style":"default","site-sidebar-style":"default","ast-global-header-display":"","ast-banner-title-visibility":"","ast-main-header-display":"","ast-hfb-above-header-display":"","ast-hfb-below-header-display":"","ast-hfb-mobile-header-display":"","site-post-title":"disabled","ast-breadcrumbs-content":"","ast-featured-img":"","footer-sml-layout":"","ast-disable-related-posts":"","theme-transparent-header-meta":"","adv-header-id-meta":"","stick-header-meta":"","header-above-stick-meta":"","header-main-stick-meta":"","header-below-stick-meta":"","astra-migrate-meta-layouts":"default","ast-page-background-enabled":"default","ast-page-background-meta":{"desktop":{"background-color":"var(--ast-global-color-4)","background-image":"","background-repeat":"repeat","background-position":"center center","background-size":"auto","background-attachment":"scroll","background-type":"","background-media":"","overlay-type":"","overlay-color":"","overlay-opacity":"","overlay-gradient":""},"tablet":{"background-color":"","background-image":"","background-repeat":"repeat","background-position":"center center","background-size":"auto","background-attachment":"scroll","background-type":"","background-media":"","overlay-type":"","overlay-color":"","overlay-opacity":"","overlay-gradient":""},"mobile":{"background-color":"","background-image":"","background-repeat":"repeat","background-position":"center center","background-size":"auto","background-attachment":"scroll","background-type":"","background-media":"","overlay-type":"","overlay-color":"","overlay-opacity":"","overlay-gradient":""}},"ast-content-background-meta":{"desktop":{"background-color":"var(--ast-global-color-5)","background-image":"","background-repeat":"repeat","background-position":"center center","background-size":"auto","background-attachment":"scroll","background-type":"","background-media":"","overlay-type":"","overlay-color":"","overlay-opacity":"","overlay-gradient":""},"tablet":{"background-color":"var(--ast-global-color-5)","background-image":"","background-repeat":"repeat","background-position":"center center","background-size":"auto","background-attachment":"scroll","background-type":"","background-media":"","overlay-type":"","overlay-color":"","overlay-opacity":"","overlay-gradient":""},"mobile":{"background-color":"var(--ast-global-color-5)","background-image":"","background-repeat":"repeat","background-position":"center center","background-size":"auto","background-attachment":"scroll","background-type":"","background-media":"","overlay-type":"","overlay-color":"","overlay-opacity":"","overlay-gradient":""}},"footnotes":""},"class_list":["post-13214","page","type-page","status-publish","hentry"],"yoast_head":"<!-- This site is optimized with the Yoast SEO plugin v27.1.1 - https:\/\/yoast.com\/product\/yoast-seo-wordpress\/ -->\n<title>Etherium Gold: Erste Gehirnwellen- &amp; Neurofeedback-Studie<\/title>\n<meta name=\"description\" content=\"Erfahren Sie, wie Etherium Gold Gehirnwellenbalance,Emotionen und biologische Reaktionen in dieser Biofeedback-und Neurofeedback-Studie beeinflusst.\" \/>\n<meta name=\"robots\" content=\"index, follow, max-snippet:-1, max-image-preview:large, max-video-preview:-1\" \/>\n<link rel=\"canonical\" href=\"https:\/\/alphalearning.com\/de\/ormus\/forschung\/bio-neurologische-auswirkungen-etherium-gold\/\" \/>\n<meta property=\"og:locale\" content=\"de_DE\" \/>\n<meta property=\"og:type\" content=\"article\" \/>\n<meta property=\"og:title\" content=\"Etherium Gold: Erste Gehirnwellen- &amp; Neurofeedback-Studie\" \/>\n<meta property=\"og:description\" content=\"Erfahren Sie, wie Etherium Gold Gehirnwellenbalance,Emotionen und biologische Reaktionen in dieser Biofeedback-und Neurofeedback-Studie beeinflusst.\" \/>\n<meta property=\"og:url\" content=\"https:\/\/alphalearning.com\/de\/ormus\/forschung\/bio-neurologische-auswirkungen-etherium-gold\/\" \/>\n<meta property=\"og:site_name\" content=\"Alphalearning International\" \/>\n<meta property=\"article:modified_time\" content=\"2025-05-21T12:10:45+00:00\" \/>\n<meta property=\"og:image\" content=\"https:\/\/alphalearning.com\/wp-content\/uploads\/2024\/04\/alphalearning-logo_red_1200x675px.png\" \/>\n\t<meta property=\"og:image:width\" content=\"1200\" \/>\n\t<meta property=\"og:image:height\" content=\"675\" \/>\n\t<meta property=\"og:image:type\" content=\"image\/png\" \/>\n<meta name=\"twitter:card\" content=\"summary_large_image\" \/>\n<meta name=\"twitter:label1\" content=\"Est. reading time\" \/>\n\t<meta name=\"twitter:data1\" content=\"5 minutes\" \/>\n<!-- \/ Yoast SEO plugin. -->","yoast_head_json":{"title":"Etherium Gold: Erste Gehirnwellen- & Neurofeedback-Studie","description":"Erfahren Sie, wie Etherium Gold Gehirnwellenbalance,Emotionen und biologische Reaktionen in dieser Biofeedback-und Neurofeedback-Studie beeinflusst.","robots":{"index":"index","follow":"follow","max-snippet":"max-snippet:-1","max-image-preview":"max-image-preview:large","max-video-preview":"max-video-preview:-1"},"canonical":"https:\/\/alphalearning.com\/de\/ormus\/forschung\/bio-neurologische-auswirkungen-etherium-gold\/","og_locale":"de_DE","og_type":"article","og_title":"Etherium Gold: Erste Gehirnwellen- & Neurofeedback-Studie","og_description":"Erfahren Sie, wie Etherium Gold Gehirnwellenbalance,Emotionen und biologische Reaktionen in dieser Biofeedback-und Neurofeedback-Studie beeinflusst.","og_url":"https:\/\/alphalearning.com\/de\/ormus\/forschung\/bio-neurologische-auswirkungen-etherium-gold\/","og_site_name":"Alphalearning International","article_modified_time":"2025-05-21T12:10:45+00:00","og_image":[{"width":1200,"height":675,"url":"https:\/\/alphalearning.com\/wp-content\/uploads\/2024\/04\/alphalearning-logo_red_1200x675px.png","type":"image\/png"}],"twitter_card":"summary_large_image","twitter_misc":{"Est. reading time":"5 minutes"},"schema":{"@context":"https:\/\/schema.org","@graph":[{"@type":"WebPage","@id":"https:\/\/alphalearning.com\/de\/ormus\/forschung\/bio-neurologische-auswirkungen-etherium-gold\/","url":"https:\/\/alphalearning.com\/de\/ormus\/forschung\/bio-neurologische-auswirkungen-etherium-gold\/","name":"Etherium Gold: Erste Gehirnwellen- & Neurofeedback-Studie","isPartOf":{"@id":"https:\/\/alphalearning.com\/de\/#website"},"datePublished":"2024-03-27T16:38:06+00:00","dateModified":"2025-05-21T12:10:45+00:00","description":"Erfahren Sie, wie Etherium Gold Gehirnwellenbalance,Emotionen und biologische Reaktionen in dieser Biofeedback-und Neurofeedback-Studie beeinflusst.","breadcrumb":{"@id":"https:\/\/alphalearning.com\/de\/ormus\/forschung\/bio-neurologische-auswirkungen-etherium-gold\/#breadcrumb"},"inLanguage":"de","potentialAction":[{"@type":"ReadAction","target":["https:\/\/alphalearning.com\/de\/ormus\/forschung\/bio-neurologische-auswirkungen-etherium-gold\/"]}]},{"@type":"BreadcrumbList","@id":"https:\/\/alphalearning.com\/de\/ormus\/forschung\/bio-neurologische-auswirkungen-etherium-gold\/#breadcrumb","itemListElement":[{"@type":"ListItem","position":1,"name":"Home","item":"https:\/\/alphalearning.com\/de\/"},{"@type":"ListItem","position":2,"name":"Ormus","item":"https:\/\/alphalearning.com\/de\/ormus\/"},{"@type":"ListItem","position":3,"name":"Forschung zu Monatomarem Gold","item":"https:\/\/alphalearning.com\/de\/ormus\/forschung\/"},{"@type":"ListItem","position":4,"name":"Biologische und Neurophysiologische Auswirkungen von Etherium-Gold"}]},{"@type":"WebSite","@id":"https:\/\/alphalearning.com\/de\/#website","url":"https:\/\/alphalearning.com\/de\/","name":"Alphalearning International","description":"the brain training institute","publisher":{"@id":"https:\/\/alphalearning.com\/de\/#organization"},"potentialAction":[{"@type":"SearchAction","target":{"@type":"EntryPoint","urlTemplate":"https:\/\/alphalearning.com\/de\/?s={search_term_string}"},"query-input":{"@type":"PropertyValueSpecification","valueRequired":true,"valueName":"search_term_string"}}],"inLanguage":"de"},{"@type":"Organization","@id":"https:\/\/alphalearning.com\/de\/#organization","name":"Alphalearning International","url":"https:\/\/alphalearning.com\/de\/","logo":{"@type":"ImageObject","inLanguage":"de","@id":"https:\/\/alphalearning.com\/de\/#\/schema\/logo\/image\/","url":"https:\/\/alphalearning.com\/wp-content\/uploads\/2024\/03\/alphalearning_ico2_512px.png","contentUrl":"https:\/\/alphalearning.com\/wp-content\/uploads\/2024\/03\/alphalearning_ico2_512px.png","width":512,"height":512,"caption":"Alphalearning International"},"image":{"@id":"https:\/\/alphalearning.com\/de\/#\/schema\/logo\/image\/"}}]}},"uagb_featured_image_src":{"full":false,"thumbnail":false,"medium":false,"medium_large":false,"large":false,"1536x1536":false,"2048x2048":false,"gform-image-choice-sm":false,"gform-image-choice-md":false,"gform-image-choice-lg":false},"uagb_author_info":{"display_name":"Julio Machado","author_link":"https:\/\/alphalearning.com\/de\/author\/julio-machado\/"},"uagb_comment_info":0,"uagb_excerpt":"Eine vorl\u00e4ufige Untersuchung der biologischen und neurophysiologischen Auswirkungen von Etherium Gold Etherium Gold Eine Biofeedback- und Neurofeedback-Untersuchung zu den biologischen [&hellip;]","_links":{"self":[{"href":"https:\/\/alphalearning.com\/de\/wp-json\/wp\/v2\/pages\/13214","targetHints":{"allow":["GET"]}}],"collection":[{"href":"https:\/\/alphalearning.com\/de\/wp-json\/wp\/v2\/pages"}],"about":[{"href":"https:\/\/alphalearning.com\/de\/wp-json\/wp\/v2\/types\/page"}],"author":[{"embeddable":true,"href":"https:\/\/alphalearning.com\/de\/wp-json\/wp\/v2\/users\/2"}],"replies":[{"embeddable":true,"href":"https:\/\/alphalearning.com\/de\/wp-json\/wp\/v2\/comments?post=13214"}],"version-history":[{"count":5,"href":"https:\/\/alphalearning.com\/de\/wp-json\/wp\/v2\/pages\/13214\/revisions"}],"predecessor-version":[{"id":16541,"href":"https:\/\/alphalearning.com\/de\/wp-json\/wp\/v2\/pages\/13214\/revisions\/16541"}],"up":[{"embeddable":true,"href":"https:\/\/alphalearning.com\/de\/wp-json\/wp\/v2\/pages\/13199"}],"wp:attachment":[{"href":"https:\/\/alphalearning.com\/de\/wp-json\/wp\/v2\/media?parent=13214"}],"curies":[{"name":"wp","href":"https:\/\/api.w.org\/{rel}","templated":true}]}}