{"id":13207,"date":"2024-03-27T16:37:05","date_gmt":"2024-03-27T16:37:05","guid":{"rendered":"https:\/\/alphalearning.com\/ormus\/forschung\/benefits\/"},"modified":"2025-07-24T13:05:55","modified_gmt":"2025-07-24T12:05:55","slug":"nutzen","status":"publish","type":"page","link":"https:\/\/alphalearning.com\/de\/ormus\/forschung\/nutzen\/","title":{"rendered":"Nutzen von Monatomarem Gold"},"content":{"rendered":"\n<div class=\"wp-block-uagb-advanced-heading uagb-block-2e0eb4bb\"><h1 class=\"uagb-heading-text\">Positive Effekte von Monatomischem Gold<\/h1><\/div>\n\n\n\n<p>Monatomisches Gold, auch bekannt als Etherium Gold oder Ormus, war Gegenstand verschiedener Studien aufgrund seines Potenzials, Lernen, Leistung, Neurofeedback, Wohlbefinden und Spiritualit\u00e4t zu f\u00f6rdern. Im Folgenden beleuchten wir die positiven Effekte von Monatomischem Gold in diesen Bereichen.<\/p>\n\n\n\n<div class=\"wp-block-uagb-container uagb-block-65c2c7ad alignfull uagb-is-root-container\"><div class=\"uagb-container-inner-blocks-wrap\">\n<div class=\"wp-block-uagb-advanced-heading uagb-block-b947b7b0\"><h2 class=\"uagb-heading-text\">Monatomisches Gold und Lernen<\/h2><\/div>\n\n\n\n<p>Forschungen am Alphalearning-Institut haben gezeigt, dass Monatomisches Gold das Gleichgewicht im Gehirn und die Lernf\u00e4higkeit verbessern kann. Es wird angenommen, dass es elektrochemische Reaktionen im Gehirn stimuliert und so ein Gleichgewicht zwischen der linken und rechten Gehirnh\u00e4lfte f\u00f6rdert. Dieses Gleichgewicht wird mit einem erleichterten Lernen, verbessertem Ged\u00e4chtnis und einem allgemein ges\u00fcnderen K\u00f6rper in Verbindung gebracht. Die Einnahme von Monatomischem Gold wurde zudem mit einer sofortigen Manifestation sowie einem tieferen Verst\u00e4ndnis davon in Zusammenhang gebracht, wie Gedanken unsere Realit\u00e4t beeinflussen.<\/p>\n\n\n\n<p>Unsere Studien haben gezeigt, dass die Effekte von Monatomischem Gold auf das Lernen praktisch sofort und bei allen Probanden identisch sind. Zu den Hauptwirkungen geh\u00f6ren eine gesteigerte Balance zwischen der linken und rechten Gehirnh\u00e4lfte sowie eine Hinwendung zu Alpha-Gehirnwellenfrequenzen, die mit einer h\u00f6heren Lernf\u00e4higkeit verbunden sind.<\/p>\n\n\n\n<div class=\"wp-block-uagb-advanced-heading uagb-block-a593e525\"><h2 class=\"uagb-heading-text\">Monatomisches Gold und H\u00f6chstleistung<\/h2><\/div>\n\n\n\n<p>Monatomisches Gold ist nicht nur f\u00fcr das Lernen vorteilhaft, sondern kann sich auch positiv auf H\u00f6chstleistungen auswirken. Das dadurch entstehende Gleichgewicht im Gehirn kann die Koordination von Geist und K\u00f6rper verbessern \u2013 ein entscheidender Faktor f\u00fcr H\u00f6chstleistungen in den unterschiedlichsten Bereichen, von Sport \u00fcber akademische Leistungen bis hin zu kreativen T\u00e4tigkeiten.<\/p>\n\n\n\n<p>Dar\u00fcber hinaus wird die Stimulierung von Alpha-Gehirnwellen durch Monatomisches Gold mit erh\u00f6hter Kreativit\u00e4t und reduziertem Stress in Verbindung gebracht. Dies kann zu besseren Ergebnissen in einer Vielzahl von Aktivit\u00e4ten f\u00fchren und Monatomisches Gold zu einem potenziellen Vorteil f\u00fcr alle machen, die ihre Leistung steigern m\u00f6chten.<\/p>\n\n\n\n<p>W\u00e4hrend Monatomisches Gold die Heilungsrate im K\u00f6rper f\u00f6rdert und die k\u00f6rperliche Kraft st\u00e4rkt, wird es auch mit einer F\u00f6rderung von Intuition und Intelligenz in Verbindung gebracht.<\/p>\n\n\n\n<div class=\"wp-block-uagb-advanced-heading uagb-block-f4c7a539\"><h2 class=\"uagb-heading-text\">Monatomisches Gold, Wohlbefinden und DNA-Reparatur<\/h2><\/div>\n\n\n\n<p>Abgesehen von seinen kognitiven Vorteilen wird Monatomisches Gold auch eine F\u00f6rderung des allgemeinen Wohlbefindens zugeschrieben. Es soll zur Zellverj\u00fcngung beitragen und die nat\u00fcrlichen Selbstheilungskr\u00e4fte des K\u00f6rpers unterst\u00fctzen. Monatomisches Gold st\u00e4rkt das Immunsystem und soll DNA-Sch\u00e4den reparieren. Es hat eine verj\u00fcngende Wirkung auf Haut, Haare und N\u00e4gel und wird daher manchmal als \u201eElixier des Lebens\u201c bezeichnet. Obwohl weitere Forschung n\u00f6tig ist, um diese Vorteile vollst\u00e4ndig zu verstehen, deuten erste Erkenntnisse darauf hin, dass Monatomisches Gold eine wertvolle Erg\u00e4nzung in einem ganzheitlichen Gesundheits- und Wellnessansatz sein k\u00f6nnte.<\/p>\n\n\n\n<div class=\"wp-block-uagb-advanced-heading uagb-block-d974ca42\"><h2 class=\"uagb-heading-text\">Monatomisches Gold, Neurofeedback und Spiritualit\u00e4t<\/h2><\/div>\n\n\n\n<p>Im Bereich des Neurofeedbacks \u2013 einer Form des Biofeedbacks, bei der Gehirnaktivit\u00e4ten in Echtzeit dargestellt werden, um die Selbstregulierung der Gehirnfunktionen zu erlernen \u2013 hat Monatomisches Gold vielversprechende Ergebnisse gezeigt. Studien weisen darauf hin, dass Monatomisches Gold das Gehirn dabei unterst\u00fctzen kann, in Richtung Hom\u00f6ostase (Gleichgewicht) zu gelangen. Es stimuliert positive Gehirnwellenfrequenzen und k\u00f6nnte so die Wirksamkeit des Neurofeedback-Trainings erh\u00f6hen.<\/p>\n\n\n\n<p>Historisch betrachtet wurde Monatomisches Gold auch in spirituellen Praktiken eingesetzt, da antike Kulturen an seine F\u00e4higkeit zur Steigerung von spirituellem Bewusstsein und Erleuchtung glaubten. Ormus erh\u00f6ht laut Anwenderberichten die eigene Schwingung und aktiviert h\u00e4ufig die Kundalini, was unter anderem zu unbeabsichtigter Telepathie, dem Sehen von Auren und Energiefeldern sowie zu Klartr\u00e4umen f\u00fchren kann. Anwender berichten zudem oft von einem vergr\u00f6\u00dferten Gef\u00fchl der inneren Ruhe, einer gesteigerten Intuition und einer tieferen Verbindung zum eigenen spirituellen Selbst.<\/p>\n\n\n\n<p>Abschlie\u00dfend l\u00e4sst sich sagen, dass Monatomisches Gold eine einzigartige Substanz mit einem breiten Spektrum potenzieller Vorteile in den Bereichen Lernen, H\u00f6chstleistung, Wohlbefinden, Neurofeedback und Spiritualit\u00e4t ist. Dank seiner besonderen Eigenschaften und Wirkungen auf das Gehirn ist es Gegenstand laufender Forschung. Dar\u00fcber hinaus wecken seine m\u00f6glichen positiven Effekte auf das allgemeine Wohlbefinden und die Spiritualit\u00e4t zus\u00e4tzlich Interesse und Faszination.<\/p>\n\n\n\n<p class=\"has-text-align-right\">Mehr \u00fcber Monatomisches Gold:<br><a href=\"https:\/\/alphalearning.com\/monatomic-gold\/what-is-monatomic-gold\/\">Was ist Monatomisches Gold?<\/a><br><a href=\"https:\/\/alphalearning.com\/de\/ormus\/forschung\/\">Forschung \u00fcber Monatomisches Gold<\/a><br><a href=\"https:\/\/alphalearning.com\/monatomic-gold\/research\/etherium-gold-study\/\">Studie des Alphalearning-Instituts<\/a><br><a href=\"https:\/\/alphalearning.com\/monatomic-gold\/research\/bio-neurological-effects-etherium-gold\/\">Biologische und neurophysiologische Effekte von Etherium Gold<\/a><\/p>\n<\/div><\/div>\n","protected":false},"excerpt":{"rendered":"<p>Positive Effekte von Monatomischem Gold Monatomisches Gold, auch bekannt als Etherium Gold oder Ormus, war Gegenstand verschiedener Studien aufgrund seines [&hellip;]<\/p>\n","protected":false},"author":2,"featured_media":0,"parent":13199,"menu_order":464,"comment_status":"closed","ping_status":"closed","template":"","meta":{"_uag_custom_page_level_css":"","site-sidebar-layout":"default","site-content-layout":"","ast-site-content-layout":"default","site-content-style":"default","site-sidebar-style":"default","ast-global-header-display":"","ast-banner-title-visibility":"","ast-main-header-display":"","ast-hfb-above-header-display":"","ast-hfb-below-header-display":"","ast-hfb-mobile-header-display":"","site-post-title":"disabled","ast-breadcrumbs-content":"","ast-featured-img":"","footer-sml-layout":"","ast-disable-related-posts":"","theme-transparent-header-meta":"","adv-header-id-meta":"","stick-header-meta":"","header-above-stick-meta":"","header-main-stick-meta":"","header-below-stick-meta":"","astra-migrate-meta-layouts":"default","ast-page-background-enabled":"default","ast-page-background-meta":{"desktop":{"background-color":"var(--ast-global-color-4)","background-image":"","background-repeat":"repeat","background-position":"center center","background-size":"auto","background-attachment":"scroll","background-type":"","background-media":"","overlay-type":"","overlay-color":"","overlay-opacity":"","overlay-gradient":""},"tablet":{"background-color":"","background-image":"","background-repeat":"repeat","background-position":"center center","background-size":"auto","background-attachment":"scroll","background-type":"","background-media":"","overlay-type":"","overlay-color":"","overlay-opacity":"","overlay-gradient":""},"mobile":{"background-color":"","background-image":"","background-repeat":"repeat","background-position":"center center","background-size":"auto","background-attachment":"scroll","background-type":"","background-media":"","overlay-type":"","overlay-color":"","overlay-opacity":"","overlay-gradient":""}},"ast-content-background-meta":{"desktop":{"background-color":"var(--ast-global-color-5)","background-image":"","background-repeat":"repeat","background-position":"center center","background-size":"auto","background-attachment":"scroll","background-type":"","background-media":"","overlay-type":"","overlay-color":"","overlay-opacity":"","overlay-gradient":""},"tablet":{"background-color":"var(--ast-global-color-5)","background-image":"","background-repeat":"repeat","background-position":"center center","background-size":"auto","background-attachment":"scroll","background-type":"","background-media":"","overlay-type":"","overlay-color":"","overlay-opacity":"","overlay-gradient":""},"mobile":{"background-color":"var(--ast-global-color-5)","background-image":"","background-repeat":"repeat","background-position":"center center","background-size":"auto","background-attachment":"scroll","background-type":"","background-media":"","overlay-type":"","overlay-color":"","overlay-opacity":"","overlay-gradient":""}},"footnotes":""},"class_list":["post-13207","page","type-page","status-publish","hentry"],"yoast_head":"<!-- This site is optimized with the Yoast SEO plugin v27.1.1 - https:\/\/yoast.com\/product\/yoast-seo-wordpress\/ -->\n<title>Monatomisches Gold: Lernen, Leistung &amp; Wohlbefinden steigern<\/title>\n<meta name=\"description\" content=\"Wir enth\u00fcllen das Potenzial von Monatomischem Gold f\u00fcr Gehirnbalance, Leistung, Wohlbefinden und spirituelle Wahrnehmung. Erfahren Sie mehr \u00fcber seine Wirkung.\" \/>\n<meta name=\"robots\" content=\"index, follow, max-snippet:-1, max-image-preview:large, max-video-preview:-1\" \/>\n<link rel=\"canonical\" href=\"https:\/\/alphalearning.com\/de\/ormus\/forschung\/nutzen\/\" \/>\n<meta property=\"og:locale\" content=\"de_DE\" \/>\n<meta property=\"og:type\" content=\"article\" \/>\n<meta property=\"og:title\" content=\"Monatomisches Gold: Lernen, Leistung &amp; Wohlbefinden steigern\" \/>\n<meta property=\"og:description\" content=\"Wir enth\u00fcllen das Potenzial von Monatomischem Gold f\u00fcr Gehirnbalance, Leistung, Wohlbefinden und spirituelle Wahrnehmung. Erfahren Sie mehr \u00fcber seine Wirkung.\" \/>\n<meta property=\"og:url\" content=\"https:\/\/alphalearning.com\/de\/ormus\/forschung\/nutzen\/\" \/>\n<meta property=\"og:site_name\" content=\"Alphalearning International\" \/>\n<meta property=\"article:modified_time\" content=\"2025-07-24T12:05:55+00:00\" \/>\n<meta property=\"og:image\" content=\"https:\/\/alphalearning.com\/wp-content\/uploads\/2024\/04\/alphalearning-logo_red_1200x675px.png\" \/>\n\t<meta property=\"og:image:width\" content=\"1200\" \/>\n\t<meta property=\"og:image:height\" content=\"675\" \/>\n\t<meta property=\"og:image:type\" content=\"image\/png\" \/>\n<meta name=\"twitter:card\" content=\"summary_large_image\" \/>\n<meta name=\"twitter:label1\" content=\"Est. reading time\" \/>\n\t<meta name=\"twitter:data1\" content=\"3 minutes\" \/>\n<!-- \/ Yoast SEO plugin. -->","yoast_head_json":{"title":"Monatomisches Gold: Lernen, Leistung & Wohlbefinden steigern","description":"Wir enth\u00fcllen das Potenzial von Monatomischem Gold f\u00fcr Gehirnbalance, Leistung, Wohlbefinden und spirituelle Wahrnehmung. Erfahren Sie mehr \u00fcber seine Wirkung.","robots":{"index":"index","follow":"follow","max-snippet":"max-snippet:-1","max-image-preview":"max-image-preview:large","max-video-preview":"max-video-preview:-1"},"canonical":"https:\/\/alphalearning.com\/de\/ormus\/forschung\/nutzen\/","og_locale":"de_DE","og_type":"article","og_title":"Monatomisches Gold: Lernen, Leistung & Wohlbefinden steigern","og_description":"Wir enth\u00fcllen das Potenzial von Monatomischem Gold f\u00fcr Gehirnbalance, Leistung, Wohlbefinden und spirituelle Wahrnehmung. Erfahren Sie mehr \u00fcber seine Wirkung.","og_url":"https:\/\/alphalearning.com\/de\/ormus\/forschung\/nutzen\/","og_site_name":"Alphalearning International","article_modified_time":"2025-07-24T12:05:55+00:00","og_image":[{"width":1200,"height":675,"url":"https:\/\/alphalearning.com\/wp-content\/uploads\/2024\/04\/alphalearning-logo_red_1200x675px.png","type":"image\/png"}],"twitter_card":"summary_large_image","twitter_misc":{"Est. reading time":"3 minutes"},"schema":{"@context":"https:\/\/schema.org","@graph":[{"@type":"WebPage","@id":"https:\/\/alphalearning.com\/de\/ormus\/forschung\/nutzen\/","url":"https:\/\/alphalearning.com\/de\/ormus\/forschung\/nutzen\/","name":"Monatomisches Gold: Lernen, Leistung & Wohlbefinden steigern","isPartOf":{"@id":"https:\/\/alphalearning.com\/de\/#website"},"datePublished":"2024-03-27T16:37:05+00:00","dateModified":"2025-07-24T12:05:55+00:00","description":"Wir enth\u00fcllen das Potenzial von Monatomischem Gold f\u00fcr Gehirnbalance, Leistung, Wohlbefinden und spirituelle Wahrnehmung. Erfahren Sie mehr \u00fcber seine Wirkung.","breadcrumb":{"@id":"https:\/\/alphalearning.com\/de\/ormus\/forschung\/nutzen\/#breadcrumb"},"inLanguage":"de","potentialAction":[{"@type":"ReadAction","target":["https:\/\/alphalearning.com\/de\/ormus\/forschung\/nutzen\/"]}]},{"@type":"BreadcrumbList","@id":"https:\/\/alphalearning.com\/de\/ormus\/forschung\/nutzen\/#breadcrumb","itemListElement":[{"@type":"ListItem","position":1,"name":"Home","item":"https:\/\/alphalearning.com\/de\/"},{"@type":"ListItem","position":2,"name":"Ormus","item":"https:\/\/alphalearning.com\/de\/ormus\/"},{"@type":"ListItem","position":3,"name":"Forschung zu Monatomarem Gold","item":"https:\/\/alphalearning.com\/de\/ormus\/forschung\/"},{"@type":"ListItem","position":4,"name":"Nutzen von Monatomarem Gold"}]},{"@type":"WebSite","@id":"https:\/\/alphalearning.com\/de\/#website","url":"https:\/\/alphalearning.com\/de\/","name":"Alphalearning International","description":"the brain training institute","publisher":{"@id":"https:\/\/alphalearning.com\/de\/#organization"},"potentialAction":[{"@type":"SearchAction","target":{"@type":"EntryPoint","urlTemplate":"https:\/\/alphalearning.com\/de\/?s={search_term_string}"},"query-input":{"@type":"PropertyValueSpecification","valueRequired":true,"valueName":"search_term_string"}}],"inLanguage":"de"},{"@type":"Organization","@id":"https:\/\/alphalearning.com\/de\/#organization","name":"Alphalearning International","url":"https:\/\/alphalearning.com\/de\/","logo":{"@type":"ImageObject","inLanguage":"de","@id":"https:\/\/alphalearning.com\/de\/#\/schema\/logo\/image\/","url":"https:\/\/alphalearning.com\/wp-content\/uploads\/2024\/03\/alphalearning_ico2_512px.png","contentUrl":"https:\/\/alphalearning.com\/wp-content\/uploads\/2024\/03\/alphalearning_ico2_512px.png","width":512,"height":512,"caption":"Alphalearning International"},"image":{"@id":"https:\/\/alphalearning.com\/de\/#\/schema\/logo\/image\/"}}]}},"uagb_featured_image_src":{"full":false,"thumbnail":false,"medium":false,"medium_large":false,"large":false,"1536x1536":false,"2048x2048":false,"gform-image-choice-sm":false,"gform-image-choice-md":false,"gform-image-choice-lg":false},"uagb_author_info":{"display_name":"Julio Machado","author_link":"https:\/\/alphalearning.com\/de\/author\/julio-machado\/"},"uagb_comment_info":0,"uagb_excerpt":"Positive Effekte von Monatomischem Gold Monatomisches Gold, auch bekannt als Etherium Gold oder Ormus, war Gegenstand verschiedener Studien aufgrund seines [&hellip;]","_links":{"self":[{"href":"https:\/\/alphalearning.com\/de\/wp-json\/wp\/v2\/pages\/13207","targetHints":{"allow":["GET"]}}],"collection":[{"href":"https:\/\/alphalearning.com\/de\/wp-json\/wp\/v2\/pages"}],"about":[{"href":"https:\/\/alphalearning.com\/de\/wp-json\/wp\/v2\/types\/page"}],"author":[{"embeddable":true,"href":"https:\/\/alphalearning.com\/de\/wp-json\/wp\/v2\/users\/2"}],"replies":[{"embeddable":true,"href":"https:\/\/alphalearning.com\/de\/wp-json\/wp\/v2\/comments?post=13207"}],"version-history":[{"count":7,"href":"https:\/\/alphalearning.com\/de\/wp-json\/wp\/v2\/pages\/13207\/revisions"}],"predecessor-version":[{"id":16748,"href":"https:\/\/alphalearning.com\/de\/wp-json\/wp\/v2\/pages\/13207\/revisions\/16748"}],"up":[{"embeddable":true,"href":"https:\/\/alphalearning.com\/de\/wp-json\/wp\/v2\/pages\/13199"}],"wp:attachment":[{"href":"https:\/\/alphalearning.com\/de\/wp-json\/wp\/v2\/media?parent=13207"}],"curies":[{"name":"wp","href":"https:\/\/api.w.org\/{rel}","templated":true}]}}