{"id":13199,"date":"2024-03-27T16:36:03","date_gmt":"2024-03-27T16:36:03","guid":{"rendered":"https:\/\/alphalearning.com\/ormus\/research\/"},"modified":"2025-07-24T13:31:26","modified_gmt":"2025-07-24T12:31:26","slug":"forschung","status":"publish","type":"page","link":"https:\/\/alphalearning.com\/de\/ormus\/forschung\/","title":{"rendered":"Forschung zu Monatomarem Gold"},"content":{"rendered":"\n<div class=\"wp-block-uagb-advanced-heading uagb-block-e7f27043\"><h1 class=\"uagb-heading-text\">Forschung zu Monatomischem Gold<\/h1><\/div>\n\n\n\n<div class=\"wp-block-uagb-container uagb-block-59bdf78c alignfull uagb-is-root-container\"><div class=\"uagb-container-inner-blocks-wrap\">\n<p>Monatomisches Gold (auch bekannt als &#8220;Etherium Gold&#8221;) war Gegenstand verschiedener Studien, da man ihm ein Potenzial zur Verbesserung von Lernf\u00e4higkeit, Leistungsverm\u00f6gen und Neurofeedback zuschreibt. Auf dieser Seite erhalten Sie einen \u00dcberblick \u00fcber die wichtigsten Forschungsarbeiten zu Monatomischem Gold.<\/p>\n\n\n\n<div class=\"wp-block-uagb-advanced-heading uagb-block-27a280f0\"><h2 class=\"uagb-heading-text\">Studie des Alphalearning-Instituts<\/h2><\/div>\n\n\n\n<p>Das Alphalearning-Institut f\u00fchrte eine Studie zu Etherium Gold durch, die sich auf dessen Auswirkungen auf das Gehirngleichgewicht und die Lernf\u00e4higkeit konzentrierte. Die Ergebnisse zeigten, dass Etherium Gold elektrochemische Reaktionen im Gehirn anregt und so ein Gleichgewicht zwischen der linken und rechten Gehirnh\u00e4lfte f\u00f6rdert. Dieses Gleichgewicht wird mit einer erleichterten Lernf\u00e4higkeit, einem verbesserten Ged\u00e4chtnis und einer besseren allgemeinen Gesundheit in Verbindung gebracht.<\/p>\n\n\n\n<p>Die Auswirkungen von Etherium Gold auf das Lernen erschienen nahezu augenblicklich und waren bei allen Probanden identisch. Zu den Hauptwirkungen geh\u00f6ren eine erh\u00f6hte Ausgewogenheit zwischen den beiden Gehirnh\u00e4lften so wie eine verst\u00e4rkte Tendenz zu Alpha-Gehirnwellen-Frequenzen, die allgemein mit einer verbesserten Lernf\u00e4higkeit in Verbindung gebracht werden.<\/p>\n\n\n\n<p>Weitere Einzelheiten zu dieser Studie finden Sie auf der Seite <a href=\"https:\/\/alphalearning.com\/monatomic-gold\/research\/etherium-gold-study\/\">Studie des Alphalearning-Instituts<\/a>.<\/p>\n\n\n\n<div class=\"wp-block-uagb-advanced-heading uagb-block-d33b7db0\"><h2 class=\"uagb-heading-text\">Eine Vorl\u00e4ufige Untersuchung zu den biologischen und neurophysiologischen Effekten von Etherium Gold<\/h2><\/div>\n\n\n\n<p>In dieser Studie wurden die biologischen und neurophysiologischen Auswirkungen der sublingualen Einnahme von Etherium Gold-Pulver untersucht. Die Ergebnisse deuten darauf hin, dass Etherium Gold eine positive neurologische und vermutlich auch physiologische Reaktion erzeugt. Die Einnahme von Etherium Gold f\u00fchrt offenbar dazu, dass das Gehirn in Richtung eines Zustands der Hom\u00f6ostase, also Gleichgewichts, strebt.<\/p>\n\n\n\n<p>Dar\u00fcber hinaus konnte festgestellt werden, dass Etherium Gold die Unterschiede in den St\u00e4rken der Gehirnwellen-Frequenzbereiche ausgleicht und somit eine \u201eganzheitlichere\u201c Gehirnaktivit\u00e4t f\u00f6rdert.<\/p>\n\n\n\n<p>Weitere Einzelheiten zu dieser Studie finden Sie auf der Seite <a href=\"https:\/\/alphalearning.com\/monatomic-gold\/research\/bio-neurological-effects-etherium-gold\/\">Vorl\u00e4ufige Untersuchung zu den biologischen und neurophysiologischen Effekten von Etherium Gold<\/a>.<\/p>\n\n\n\n<div class=\"wp-block-uagb-advanced-heading uagb-block-274b0621\"><h2 class=\"uagb-heading-text\">Monatomisches Gold in antiken Kulturen<\/h2><\/div>\n\n\n\n<p>Historische Texte und arch\u00e4ologische Funde weisen darauf hin, dass Monatomisches Gold bereits in alten Zivilisationen wie bei den \u00c4gyptern und Sumerern bekannt war und verwendet wurde. Diese Kulturen schrieben Monatomischem Gold spirituelle und k\u00f6rperliche Vorteile zu und nutzten es zur F\u00f6rderung von Erleuchtung, Langlebigkeit und allgemeinem Wohlbefinden. Auch wenn diese historischen Anwendungen keine wissenschaftlichen Studien im eigentlichen Sinne sind, geben sie doch interessante Einblicke in das seit Langem bestehende Interesse an Monatomischem Gold.<\/p>\n\n\n\n<div class=\"wp-block-uagb-advanced-heading uagb-block-63cceaad\"><h2 class=\"uagb-heading-text\">Zuk\u00fcnftige Forschungsrichtungen<\/h2><\/div>\n\n\n\n<p>Obwohl die aktuelle Forschung zu Monatomischem Gold vielversprechende Ergebnisse zeigt, besteht noch gro\u00dfer Bedarf an weiterf\u00fchrenden Untersuchungen. Zuk\u00fcnftige Studien k\u00f6nnten sich beispielsweise auf die langfristigen Auswirkungen von Monatomischem Gold, dessen m\u00f6gliche Vorteile f\u00fcr bestimmte Erkrankungen oder Bev\u00f6lkerungsgruppen sowie die zugrunde liegenden Wirkmechanismen konzentrieren. Das Verst\u00e4ndnis dieser Aspekte k\u00f6nnte helfen, die Vorteile von Monatomischem Gold weiter zu maximieren und seine Anwendungsm\u00f6glichkeiten zu erweitern.<\/p>\n\n\n\n<p>Zusammengefasst haben die bisherigen Studien zu Monatomischem Gold vielversprechende Ergebnisse in Bezug auf Lernf\u00e4higkeit, Leistungssteigerung und Neurofeedback geliefert. Allerdings ist weitere Forschung notwendig, um das gesamte Spektrum der Vorteile und m\u00f6glichen Einsatzbereiche dieser einzigartigen Substanz vollst\u00e4ndig zu verstehen.<\/p>\n\n\n\n<p class=\"has-text-align-right\">Lesen Sie mehr \u00fcber Monatomisches Gold:<br><a href=\"https:\/\/alphalearning.com\/monatomic-gold\/what-is-monatomic-gold\/\">Was ist Monatomisches Gold?<\/a><br><a href=\"https:\/\/alphalearning.com\/monatomic-gold\/research\/etherium-gold-study\/\">Studie des Alphalearning-Instituts<\/a><br><a href=\"https:\/\/alphalearning.com\/monatomic-gold\/research\/bio-neurological-effects-etherium-gold\/\">Biologische und neurophysiologische Effekte von Etherium Gold<\/a><br><a href=\"https:\/\/alphalearning.com\/monatomic-gold\/research\/benefits\/\">Positiven Effekte von Monatomischem Gold<\/a><\/p>\n<\/div><\/div>\n","protected":false},"excerpt":{"rendered":"<p>Forschung zu Monatomischem Gold Monatomisches Gold (auch bekannt als &#8220;Etherium Gold&#8221;) war Gegenstand verschiedener Studien, da man ihm ein Potenzial [&hellip;]<\/p>\n","protected":false},"author":2,"featured_media":0,"parent":13191,"menu_order":462,"comment_status":"closed","ping_status":"closed","template":"","meta":{"_uag_custom_page_level_css":"","site-sidebar-layout":"default","site-content-layout":"","ast-site-content-layout":"default","site-content-style":"default","site-sidebar-style":"default","ast-global-header-display":"","ast-banner-title-visibility":"","ast-main-header-display":"","ast-hfb-above-header-display":"","ast-hfb-below-header-display":"","ast-hfb-mobile-header-display":"","site-post-title":"disabled","ast-breadcrumbs-content":"","ast-featured-img":"","footer-sml-layout":"","ast-disable-related-posts":"","theme-transparent-header-meta":"","adv-header-id-meta":"","stick-header-meta":"","header-above-stick-meta":"","header-main-stick-meta":"","header-below-stick-meta":"","astra-migrate-meta-layouts":"default","ast-page-background-enabled":"default","ast-page-background-meta":{"desktop":{"background-color":"var(--ast-global-color-4)","background-image":"","background-repeat":"repeat","background-position":"center center","background-size":"auto","background-attachment":"scroll","background-type":"","background-media":"","overlay-type":"","overlay-color":"","overlay-opacity":"","overlay-gradient":""},"tablet":{"background-color":"","background-image":"","background-repeat":"repeat","background-position":"center center","background-size":"auto","background-attachment":"scroll","background-type":"","background-media":"","overlay-type":"","overlay-color":"","overlay-opacity":"","overlay-gradient":""},"mobile":{"background-color":"","background-image":"","background-repeat":"repeat","background-position":"center center","background-size":"auto","background-attachment":"scroll","background-type":"","background-media":"","overlay-type":"","overlay-color":"","overlay-opacity":"","overlay-gradient":""}},"ast-content-background-meta":{"desktop":{"background-color":"var(--ast-global-color-5)","background-image":"","background-repeat":"repeat","background-position":"center center","background-size":"auto","background-attachment":"scroll","background-type":"","background-media":"","overlay-type":"","overlay-color":"","overlay-opacity":"","overlay-gradient":""},"tablet":{"background-color":"var(--ast-global-color-5)","background-image":"","background-repeat":"repeat","background-position":"center center","background-size":"auto","background-attachment":"scroll","background-type":"","background-media":"","overlay-type":"","overlay-color":"","overlay-opacity":"","overlay-gradient":""},"mobile":{"background-color":"var(--ast-global-color-5)","background-image":"","background-repeat":"repeat","background-position":"center center","background-size":"auto","background-attachment":"scroll","background-type":"","background-media":"","overlay-type":"","overlay-color":"","overlay-opacity":"","overlay-gradient":""}},"footnotes":""},"class_list":["post-13199","page","type-page","status-publish","hentry"],"yoast_head":"<!-- This site is optimized with the Yoast SEO plugin v27.1.1 - https:\/\/yoast.com\/product\/yoast-seo-wordpress\/ -->\n<title>Ein \u00dcberblick: Wissenschaftliche Studien zu Monatomischem Gold<\/title>\n<meta name=\"description\" content=\"Entdecken Sie Erkenntnisse zu Monatomischem Gold f\u00fcr besseres Lernen, ausgeglichene Gehirnwellen und gesteigerte Leistung. Mehr dazu bei Alphalearning.\" \/>\n<meta name=\"robots\" content=\"index, follow, max-snippet:-1, max-image-preview:large, max-video-preview:-1\" \/>\n<link rel=\"canonical\" href=\"https:\/\/alphalearning.com\/de\/ormus\/forschung\/\" \/>\n<meta property=\"og:locale\" content=\"de_DE\" \/>\n<meta property=\"og:type\" content=\"article\" \/>\n<meta property=\"og:title\" content=\"Ein \u00dcberblick: Wissenschaftliche Studien zu Monatomischem Gold\" \/>\n<meta property=\"og:description\" content=\"Entdecken Sie Erkenntnisse zu Monatomischem Gold f\u00fcr besseres Lernen, ausgeglichene Gehirnwellen und gesteigerte Leistung. Mehr dazu bei Alphalearning.\" \/>\n<meta property=\"og:url\" content=\"https:\/\/alphalearning.com\/de\/ormus\/forschung\/\" \/>\n<meta property=\"og:site_name\" content=\"Alphalearning International\" \/>\n<meta property=\"article:modified_time\" content=\"2025-07-24T12:31:26+00:00\" \/>\n<meta property=\"og:image\" content=\"https:\/\/alphalearning.com\/wp-content\/uploads\/2024\/04\/alphalearning-logo_red_1200x675px.png\" \/>\n\t<meta property=\"og:image:width\" content=\"1200\" \/>\n\t<meta property=\"og:image:height\" content=\"675\" \/>\n\t<meta property=\"og:image:type\" content=\"image\/png\" \/>\n<meta name=\"twitter:card\" content=\"summary_large_image\" \/>\n<meta name=\"twitter:label1\" content=\"Est. reading time\" \/>\n\t<meta name=\"twitter:data1\" content=\"3 minutes\" \/>\n<!-- \/ Yoast SEO plugin. -->","yoast_head_json":{"title":"Ein \u00dcberblick: Wissenschaftliche Studien zu Monatomischem Gold","description":"Entdecken Sie Erkenntnisse zu Monatomischem Gold f\u00fcr besseres Lernen, ausgeglichene Gehirnwellen und gesteigerte Leistung. Mehr dazu bei Alphalearning.","robots":{"index":"index","follow":"follow","max-snippet":"max-snippet:-1","max-image-preview":"max-image-preview:large","max-video-preview":"max-video-preview:-1"},"canonical":"https:\/\/alphalearning.com\/de\/ormus\/forschung\/","og_locale":"de_DE","og_type":"article","og_title":"Ein \u00dcberblick: Wissenschaftliche Studien zu Monatomischem Gold","og_description":"Entdecken Sie Erkenntnisse zu Monatomischem Gold f\u00fcr besseres Lernen, ausgeglichene Gehirnwellen und gesteigerte Leistung. Mehr dazu bei Alphalearning.","og_url":"https:\/\/alphalearning.com\/de\/ormus\/forschung\/","og_site_name":"Alphalearning International","article_modified_time":"2025-07-24T12:31:26+00:00","og_image":[{"width":1200,"height":675,"url":"https:\/\/alphalearning.com\/wp-content\/uploads\/2024\/04\/alphalearning-logo_red_1200x675px.png","type":"image\/png"}],"twitter_card":"summary_large_image","twitter_misc":{"Est. reading time":"3 minutes"},"schema":{"@context":"https:\/\/schema.org","@graph":[{"@type":"WebPage","@id":"https:\/\/alphalearning.com\/de\/ormus\/forschung\/","url":"https:\/\/alphalearning.com\/de\/ormus\/forschung\/","name":"Ein \u00dcberblick: Wissenschaftliche Studien zu Monatomischem Gold","isPartOf":{"@id":"https:\/\/alphalearning.com\/de\/#website"},"datePublished":"2024-03-27T16:36:03+00:00","dateModified":"2025-07-24T12:31:26+00:00","description":"Entdecken Sie Erkenntnisse zu Monatomischem Gold f\u00fcr besseres Lernen, ausgeglichene Gehirnwellen und gesteigerte Leistung. Mehr dazu bei Alphalearning.","breadcrumb":{"@id":"https:\/\/alphalearning.com\/de\/ormus\/forschung\/#breadcrumb"},"inLanguage":"de","potentialAction":[{"@type":"ReadAction","target":["https:\/\/alphalearning.com\/de\/ormus\/forschung\/"]}]},{"@type":"BreadcrumbList","@id":"https:\/\/alphalearning.com\/de\/ormus\/forschung\/#breadcrumb","itemListElement":[{"@type":"ListItem","position":1,"name":"Home","item":"https:\/\/alphalearning.com\/de\/"},{"@type":"ListItem","position":2,"name":"Ormus","item":"https:\/\/alphalearning.com\/de\/ormus\/"},{"@type":"ListItem","position":3,"name":"Forschung zu Monatomarem Gold"}]},{"@type":"WebSite","@id":"https:\/\/alphalearning.com\/de\/#website","url":"https:\/\/alphalearning.com\/de\/","name":"Alphalearning International","description":"the brain training institute","publisher":{"@id":"https:\/\/alphalearning.com\/de\/#organization"},"potentialAction":[{"@type":"SearchAction","target":{"@type":"EntryPoint","urlTemplate":"https:\/\/alphalearning.com\/de\/?s={search_term_string}"},"query-input":{"@type":"PropertyValueSpecification","valueRequired":true,"valueName":"search_term_string"}}],"inLanguage":"de"},{"@type":"Organization","@id":"https:\/\/alphalearning.com\/de\/#organization","name":"Alphalearning International","url":"https:\/\/alphalearning.com\/de\/","logo":{"@type":"ImageObject","inLanguage":"de","@id":"https:\/\/alphalearning.com\/de\/#\/schema\/logo\/image\/","url":"https:\/\/alphalearning.com\/wp-content\/uploads\/2024\/03\/alphalearning_ico2_512px.png","contentUrl":"https:\/\/alphalearning.com\/wp-content\/uploads\/2024\/03\/alphalearning_ico2_512px.png","width":512,"height":512,"caption":"Alphalearning International"},"image":{"@id":"https:\/\/alphalearning.com\/de\/#\/schema\/logo\/image\/"}}]}},"uagb_featured_image_src":{"full":false,"thumbnail":false,"medium":false,"medium_large":false,"large":false,"1536x1536":false,"2048x2048":false,"gform-image-choice-sm":false,"gform-image-choice-md":false,"gform-image-choice-lg":false},"uagb_author_info":{"display_name":"Julio Machado","author_link":"https:\/\/alphalearning.com\/de\/author\/julio-machado\/"},"uagb_comment_info":0,"uagb_excerpt":"Forschung zu Monatomischem Gold Monatomisches Gold (auch bekannt als &#8220;Etherium Gold&#8221;) war Gegenstand verschiedener Studien, da man ihm ein Potenzial [&hellip;]","_links":{"self":[{"href":"https:\/\/alphalearning.com\/de\/wp-json\/wp\/v2\/pages\/13199","targetHints":{"allow":["GET"]}}],"collection":[{"href":"https:\/\/alphalearning.com\/de\/wp-json\/wp\/v2\/pages"}],"about":[{"href":"https:\/\/alphalearning.com\/de\/wp-json\/wp\/v2\/types\/page"}],"author":[{"embeddable":true,"href":"https:\/\/alphalearning.com\/de\/wp-json\/wp\/v2\/users\/2"}],"replies":[{"embeddable":true,"href":"https:\/\/alphalearning.com\/de\/wp-json\/wp\/v2\/comments?post=13199"}],"version-history":[{"count":5,"href":"https:\/\/alphalearning.com\/de\/wp-json\/wp\/v2\/pages\/13199\/revisions"}],"predecessor-version":[{"id":16776,"href":"https:\/\/alphalearning.com\/de\/wp-json\/wp\/v2\/pages\/13199\/revisions\/16776"}],"up":[{"embeddable":true,"href":"https:\/\/alphalearning.com\/de\/wp-json\/wp\/v2\/pages\/13191"}],"wp:attachment":[{"href":"https:\/\/alphalearning.com\/de\/wp-json\/wp\/v2\/media?parent=13199"}],"curies":[{"name":"wp","href":"https:\/\/api.w.org\/{rel}","templated":true}]}}