{"id":13180,"date":"2024-03-27T16:34:13","date_gmt":"2024-03-27T16:34:13","guid":{"rendered":"https:\/\/alphalearning.com\/introduction-to-brain-balance\/"},"modified":"2025-08-11T09:51:41","modified_gmt":"2025-08-11T08:51:41","slug":"einfuehrung-zur-gehirnbalance","status":"publish","type":"page","link":"https:\/\/alphalearning.com\/de\/einfuehrung-zur-gehirnbalance\/","title":{"rendered":"Einf\u00fchrung zur Gehirn-Balance"},"content":{"rendered":"\n<div class=\"wp-block-uagb-advanced-heading uagb-block-a27d8860\"><h1 class=\"uagb-heading-text\">Einf\u00fchrung in die Gehirnbalance<\/h1><\/div>\n\n\n\n<div class=\"wp-block-uagb-container uagb-block-f8732ec0 alignfull uagb-is-root-container\"><div class=\"uagb-container-inner-blocks-wrap\">\n<p><strong>Einf\u00fchrung in die Gehirnbalance<\/strong><\/p>\n\n\n\n<p>Das Ziel religi\u00f6ser Praktiken, Kampfk\u00fcnste und Heiler war seit mindestens 5.400 Jahren, das Gehirn ins Gleichgewicht zu bringen. Man ging davon aus, dass Gehirn, K\u00f6rper, Geist und Emotionen alle miteinander verbunden sind und dass durch das Ausbalancieren eines Elements auch alle anderen ausgeglichener werden.<\/p>\n\n\n\n<p>Im Laufe der Zeit wurden verschiedene Techniken (einige B\u00fccher sprechen von \u00fcber 100) entwickelt und gelehrt. Tai Chi ist ein klassisches Beispiel daf\u00fcr, wie durch die bewusste Konzentration auf die K\u00f6rperbalance sowohl physische als auch mentale Harmonie erreicht werden kann.<\/p>\n<\/div><\/div>\n\n\n\n<figure class=\"wp-block-image alignleft size-full\"><img loading=\"lazy\" decoding=\"async\" width=\"192\" height=\"179\" src=\"https:\/\/alphalearning.com\/wp-content\/uploads\/2024\/04\/introbalance.jpg\" alt=\"\" class=\"wp-image-622\"\/><\/figure>\n\n\n\n<p>Mit dem Einsatz des Brainwave-III-Systems kann ein neuer Tai-Chi-Sch\u00fcler innerhalb von 3 Tagen einen Fortschritt von 3 Monaten erzielen. Aikido ist ein weiteres Beispiel f\u00fcr die Kombination k\u00f6rperlicher F\u00e4higkeiten mit mentaler Fokussierung. Auch hier ist das Hauptziel das Gleichgewicht, zun\u00e4chst auf k\u00f6rperlicher Ebene; im weiteren Verlauf kommt es zu geistiger und emotionaler Stabilit\u00e4t.<\/p>\n\n\n\n<p>Weitere Techniken wurden entwickelt, zum Beispiel Mantras (Wiederholung eines Klangs \u2013 oder einer Farbkombination, wie in einem Mandala, sei es station\u00e4r oder in Bewegung). Varianten dieser Grundtechniken werden weltweit genutzt, oft im Kontext lokaler religi\u00f6ser Br\u00e4uche und \u00dcberzeugungen.<\/p>\n\n\n\n<p>Dementsprechend ist das Konzept eines ausgeglichenen Gehirns und eines ausgeglichenen K\u00f6rpers, die sich gegenseitig beeinflussen, schon seit mehr als 5.000 Jahren bekannt. Im Laufe der Jahrhunderte wurden Tausende \u201eneuer Ideen\u201c ausprobiert \u2013 mit sehr unterschiedlichen Erfolgsquoten. Ein indisches Buch listet 108 Methoden auf. Die Nonnen in Wisconsin nutzten 10\u201315 Varianten. Bei dieser Vielfalt kann jeder die bevorzugte Technik(en) w\u00e4hlen. Von anstrengenden (und sehr effektiven) Aikido- oder Tai-Chi-\u00dcbungen bis hin zu passiven Mantra-Meditationen \u2013 alle funktionieren.<\/p>\n\n\n\n<p>Sie alle f\u00fchren die Verbindung zwischen Gehirn und K\u00f6rper zu mehr Balance und Stabilit\u00e4t. Daher sind die Vorteile von \u00dcbungen zum Gehirnausgleich seit Jahrtausenden offensichtlich.<\/p>\n\n\n\n<p>Die Fragen waren jedoch:<\/p>\n\n\n\n<div class=\"wp-block-uagb-container uagb-block-e7a363a4 alignfull uagb-is-root-container\"><div class=\"uagb-container-inner-blocks-wrap\">\n<ul class=\"wp-block-list\">\n<li>Wie wirkten die Techniken?<\/li>\n\n\n\n<li>Warum wirkten die Techniken?<\/li>\n\n\n\n<li>Was war die Theorie dahinter?<\/li>\n\n\n\n<li>Was geschah tats\u00e4chlich?<\/li>\n<\/ul>\n\n\n\n<p>Niemand wusste es.<\/p>\n\n\n\n<p>1992 begann Alphalearning Experimente mit einem neuartigem EEG, das eine um ein Vielfaches h\u00f6here Sensitivit\u00e4t aufwies als nicht verst\u00e4rkte Hirnwellen. Mit diesem System konnte man das Ausma\u00df der Zusammenarbeit zwischen linker und rechter Gehirnh\u00e4lfte messen, w\u00e4hrend eine Person verschiedene mentale und k\u00f6rperliche Aufgaben ausf\u00fchrte. Ein Experiment wurde geplant, um mindestens 100 leitende F\u00fchrungskr\u00e4fte \u2013 bewiesenerma\u00dfen erfolgreiche Menschen \u2013 zu untersuchen, um festzustellen, ob es bei ihren EEG-Funktionen Unterschiede gab. Am Ende wurden tats\u00e4chlich 147 F\u00fchrungskr\u00e4fte getestet.<\/p>\n\n\n\n<p>Die Ergebnisse waren \u00fcberw\u00e4ltigend: Je ausgeglichener das Gehirn, desto erfolgreicher die F\u00fchrungskraft \u2013 in jeder Hinsicht. H\u00f6here Position, mehr Verantwortung, Loyalit\u00e4t der Mitarbeiter: All dies sind Zeichen von Erfolg, und alle Testpersonen wiesen ein st\u00e4rker ausbalanciertes Gehirn auf. Bereits seit 1976 gab es eine Theorie von Prof. Mintzberg an der Harvard-Universit\u00e4t, dass sich die linke und rechte Gehirnh\u00e4lfte tats\u00e4chlich unterscheiden.<\/p>\n\n\n\n<p>Die Alphalearning-Studie erbrachte den endg\u00fcltigen Beweis daf\u00fcr. Anw\u00e4lte oder Wirtschaftspr\u00fcfer sind in der Tat eher \u201elinks-hirnig\u201c, Forschungsleiter dagegen eher \u201erechts-hirnig\u201c. Gesch\u00e4ftsf\u00fchrer, Marketingleute, Vertriebsmitarbeiter usw. nutzen beide Seiten st\u00e4rker.<\/p>\n\n\n\n<p>Anschlie\u00dfend testete Alphalearning das EEG bei Sportlern: Anf\u00e4nger, mittleres Niveau und Profisportler. Es zeigte sich das Gleiche: Je besser das Gehirn (und der K\u00f6rper) w\u00e4hrend der Ausf\u00fchrung der Sportart im Gleichgewicht waren, desto besser war die Leistung.<\/p>\n\n\n\n<p>Dies spiegelt sich auch in unserem normalen Sprachgebrauch wider: \u201eEr ist wirklich aus der Balance geraten\u201c, \u201eDas ist ein ausgeglichener Typ\u201c.<\/p>\n\n\n\n<p>Der endg\u00fcltige Durchbruch kam 1994, als das Magazin Scientific American erstmals Farbfotos der Gehirnaktivit\u00e4t ver\u00f6ffentlichte. Nun war deutlich zu erkennen, in welchen Gehirnarealen das Denken stattfindet. F\u00fchrende Forscher auf diesem Gebiet sind der Meinung, dass die westliche Wissenschaft von \u00f6stlicher Introspektion oder meditativen Techniken profitieren k\u00f6nnte, um das Verst\u00e4ndnis f\u00fcr die Funktionsweise des Gehirns zu vertiefen und konkrete Hilfe f\u00fcr Menschen in schwierigen Lebenslagen zu bieten. In vielen Bereichen konnten tibetische Praktiken best\u00e4tigt werden, sobald die Wissenschaft entsprechende Technologien entwickelte, die komplex genug waren, um sie zu \u00fcberpr\u00fcfen.<\/p>\n\n\n\n<p>Alphalearning hat die alten Systeme schlie\u00dflich entwickelt und getestet und festgestellt, dass sie wirksam sind \u2013 jedoch sehr langsam. Es braucht viele Jahre, manchmal Jahrzehnte, um ein Gleichgewicht herzustellen. Doch eine schnellere Methode war notwendig: F\u00fchrungskr\u00e4fte wollten nicht 15\u201320 Jahre auf einem harten Felsen sitzen und Mantren singen, geschweige denn 3\u20134 Stunden pro Woche schwitzendes und geruchsintensives Aikido \u00fcber 3\u20134 Jahre praktizieren.<\/p>\n\n\n\n<p>Sie wollten eine elektronische Hochgeschwindigkeitsl\u00f6sung. Nach einer Investition von f\u00fcnf Millionen US-Dollar und drei Jahren stellte Alphalearning das System vor \u2013 das Brainwave I. Eine Kombination aus EEG und optisch-akustischem Trainingssystem, um das Gehirngleichgewicht in 30\u201335 Stunden zu schulen.<\/p>\n\n\n\n<p>Der Klient erh\u00e4lt als zus\u00e4tzlichen Vorteil neben der Gehirnbalance auch die Kontrolle \u00fcber Alpha- und Theta-Wellen, verbesserte Lese- und Ged\u00e4chtnisf\u00e4higkeiten usw. Das Hauptziel bleibt jedoch die Ausbalancierung des Gehirns. Und das ist nun in Tagen statt in Jahren m\u00f6glich. Das Ergebnis unterscheidet sich nicht, wohl aber die daf\u00fcr notwendige Zeit.<\/p>\n\n\n\n<p class=\"has-text-align-right\"><a href=\"https:\/\/alphalearning.com\/what-are-alpha-and-theta-brain-waves\/\">Was sind Alpha- und Theta-Wellen?<\/a><\/p>\n<\/div><\/div>\n\n\n\n<p><\/p>\n","protected":false},"excerpt":{"rendered":"<p>Einf\u00fchrung in die Gehirnbalance Einf\u00fchrung in die Gehirnbalance Das Ziel religi\u00f6ser Praktiken, Kampfk\u00fcnste und Heiler war seit mindestens 5.400 Jahren, [&hellip;]<\/p>\n","protected":false},"author":2,"featured_media":0,"parent":0,"menu_order":452,"comment_status":"closed","ping_status":"closed","template":"","meta":{"_uag_custom_page_level_css":"","site-sidebar-layout":"default","site-content-layout":"","ast-site-content-layout":"default","site-content-style":"default","site-sidebar-style":"default","ast-global-header-display":"","ast-banner-title-visibility":"","ast-main-header-display":"","ast-hfb-above-header-display":"","ast-hfb-below-header-display":"","ast-hfb-mobile-header-display":"","site-post-title":"disabled","ast-breadcrumbs-content":"","ast-featured-img":"","footer-sml-layout":"","ast-disable-related-posts":"","theme-transparent-header-meta":"","adv-header-id-meta":"","stick-header-meta":"","header-above-stick-meta":"","header-main-stick-meta":"","header-below-stick-meta":"","astra-migrate-meta-layouts":"default","ast-page-background-enabled":"default","ast-page-background-meta":{"desktop":{"background-color":"var(--ast-global-color-4)","background-image":"","background-repeat":"repeat","background-position":"center center","background-size":"auto","background-attachment":"scroll","background-type":"","background-media":"","overlay-type":"","overlay-color":"","overlay-opacity":"","overlay-gradient":""},"tablet":{"background-color":"","background-image":"","background-repeat":"repeat","background-position":"center center","background-size":"auto","background-attachment":"scroll","background-type":"","background-media":"","overlay-type":"","overlay-color":"","overlay-opacity":"","overlay-gradient":""},"mobile":{"background-color":"","background-image":"","background-repeat":"repeat","background-position":"center center","background-size":"auto","background-attachment":"scroll","background-type":"","background-media":"","overlay-type":"","overlay-color":"","overlay-opacity":"","overlay-gradient":""}},"ast-content-background-meta":{"desktop":{"background-color":"var(--ast-global-color-5)","background-image":"","background-repeat":"repeat","background-position":"center center","background-size":"auto","background-attachment":"scroll","background-type":"","background-media":"","overlay-type":"","overlay-color":"","overlay-opacity":"","overlay-gradient":""},"tablet":{"background-color":"var(--ast-global-color-5)","background-image":"","background-repeat":"repeat","background-position":"center center","background-size":"auto","background-attachment":"scroll","background-type":"","background-media":"","overlay-type":"","overlay-color":"","overlay-opacity":"","overlay-gradient":""},"mobile":{"background-color":"var(--ast-global-color-5)","background-image":"","background-repeat":"repeat","background-position":"center center","background-size":"auto","background-attachment":"scroll","background-type":"","background-media":"","overlay-type":"","overlay-color":"","overlay-opacity":"","overlay-gradient":""}},"footnotes":""},"class_list":["post-13180","page","type-page","status-publish","hentry"],"yoast_head":"<!-- This site is optimized with the Yoast SEO plugin v27.1.1 - https:\/\/yoast.com\/product\/yoast-seo-wordpress\/ -->\n<title>Gehirnbalance: Alphalearning EEG &amp; Brainwave-Methode<\/title>\n<meta name=\"description\" content=\"Verbessern Sie Ihre Gehirnbalance mit Alphalearnings fortschrittlichem EEG- und Brainwave-System und steigern Sie Leistung in Beruf und Sport.\" \/>\n<meta name=\"robots\" content=\"index, follow, max-snippet:-1, max-image-preview:large, max-video-preview:-1\" \/>\n<link rel=\"canonical\" href=\"https:\/\/alphalearning.com\/de\/einfuehrung-zur-gehirnbalance\/\" \/>\n<meta property=\"og:locale\" content=\"de_DE\" \/>\n<meta property=\"og:type\" content=\"article\" \/>\n<meta property=\"og:title\" content=\"Gehirnbalance: Alphalearning EEG &amp; Brainwave-Methode\" \/>\n<meta property=\"og:description\" content=\"Verbessern Sie Ihre Gehirnbalance mit Alphalearnings fortschrittlichem EEG- und Brainwave-System und steigern Sie Leistung in Beruf und Sport.\" \/>\n<meta property=\"og:url\" content=\"https:\/\/alphalearning.com\/de\/einfuehrung-zur-gehirnbalance\/\" \/>\n<meta property=\"og:site_name\" content=\"Alphalearning International\" \/>\n<meta property=\"article:modified_time\" content=\"2025-08-11T08:51:41+00:00\" \/>\n<meta property=\"og:image\" content=\"https:\/\/alphalearning.com\/wp-content\/uploads\/2024\/04\/introbalance.jpg\" \/>\n\t<meta property=\"og:image:width\" content=\"192\" \/>\n\t<meta property=\"og:image:height\" content=\"179\" \/>\n\t<meta property=\"og:image:type\" content=\"image\/jpeg\" \/>\n<meta name=\"twitter:card\" content=\"summary_large_image\" \/>\n<meta name=\"twitter:label1\" content=\"Est. reading time\" \/>\n\t<meta name=\"twitter:data1\" content=\"4 minutes\" \/>\n<!-- \/ Yoast SEO plugin. -->","yoast_head_json":{"title":"Gehirnbalance: Alphalearning EEG & Brainwave-Methode","description":"Verbessern Sie Ihre Gehirnbalance mit Alphalearnings fortschrittlichem EEG- und Brainwave-System und steigern Sie Leistung in Beruf und Sport.","robots":{"index":"index","follow":"follow","max-snippet":"max-snippet:-1","max-image-preview":"max-image-preview:large","max-video-preview":"max-video-preview:-1"},"canonical":"https:\/\/alphalearning.com\/de\/einfuehrung-zur-gehirnbalance\/","og_locale":"de_DE","og_type":"article","og_title":"Gehirnbalance: Alphalearning EEG & Brainwave-Methode","og_description":"Verbessern Sie Ihre Gehirnbalance mit Alphalearnings fortschrittlichem EEG- und Brainwave-System und steigern Sie Leistung in Beruf und Sport.","og_url":"https:\/\/alphalearning.com\/de\/einfuehrung-zur-gehirnbalance\/","og_site_name":"Alphalearning International","article_modified_time":"2025-08-11T08:51:41+00:00","og_image":[{"width":192,"height":179,"url":"https:\/\/alphalearning.com\/wp-content\/uploads\/2024\/04\/introbalance.jpg","type":"image\/jpeg"}],"twitter_card":"summary_large_image","twitter_misc":{"Est. reading time":"4 minutes"},"schema":{"@context":"https:\/\/schema.org","@graph":[{"@type":"WebPage","@id":"https:\/\/alphalearning.com\/de\/einfuehrung-zur-gehirnbalance\/","url":"https:\/\/alphalearning.com\/de\/einfuehrung-zur-gehirnbalance\/","name":"Gehirnbalance: Alphalearning EEG & Brainwave-Methode","isPartOf":{"@id":"https:\/\/alphalearning.com\/de\/#website"},"primaryImageOfPage":{"@id":"https:\/\/alphalearning.com\/de\/einfuehrung-zur-gehirnbalance\/#primaryimage"},"image":{"@id":"https:\/\/alphalearning.com\/de\/einfuehrung-zur-gehirnbalance\/#primaryimage"},"thumbnailUrl":"https:\/\/alphalearning.com\/wp-content\/uploads\/2024\/04\/introbalance.jpg","datePublished":"2024-03-27T16:34:13+00:00","dateModified":"2025-08-11T08:51:41+00:00","description":"Verbessern Sie Ihre Gehirnbalance mit Alphalearnings fortschrittlichem EEG- und Brainwave-System und steigern Sie Leistung in Beruf und Sport.","breadcrumb":{"@id":"https:\/\/alphalearning.com\/de\/einfuehrung-zur-gehirnbalance\/#breadcrumb"},"inLanguage":"de","potentialAction":[{"@type":"ReadAction","target":["https:\/\/alphalearning.com\/de\/einfuehrung-zur-gehirnbalance\/"]}]},{"@type":"ImageObject","inLanguage":"de","@id":"https:\/\/alphalearning.com\/de\/einfuehrung-zur-gehirnbalance\/#primaryimage","url":"https:\/\/alphalearning.com\/wp-content\/uploads\/2024\/04\/introbalance.jpg","contentUrl":"https:\/\/alphalearning.com\/wp-content\/uploads\/2024\/04\/introbalance.jpg"},{"@type":"BreadcrumbList","@id":"https:\/\/alphalearning.com\/de\/einfuehrung-zur-gehirnbalance\/#breadcrumb","itemListElement":[{"@type":"ListItem","position":1,"name":"Home","item":"https:\/\/alphalearning.com\/de\/"},{"@type":"ListItem","position":2,"name":"Einf\u00fchrung zur Gehirn-Balance"}]},{"@type":"WebSite","@id":"https:\/\/alphalearning.com\/de\/#website","url":"https:\/\/alphalearning.com\/de\/","name":"Alphalearning International","description":"the brain training institute","publisher":{"@id":"https:\/\/alphalearning.com\/de\/#organization"},"potentialAction":[{"@type":"SearchAction","target":{"@type":"EntryPoint","urlTemplate":"https:\/\/alphalearning.com\/de\/?s={search_term_string}"},"query-input":{"@type":"PropertyValueSpecification","valueRequired":true,"valueName":"search_term_string"}}],"inLanguage":"de"},{"@type":"Organization","@id":"https:\/\/alphalearning.com\/de\/#organization","name":"Alphalearning International","url":"https:\/\/alphalearning.com\/de\/","logo":{"@type":"ImageObject","inLanguage":"de","@id":"https:\/\/alphalearning.com\/de\/#\/schema\/logo\/image\/","url":"https:\/\/alphalearning.com\/wp-content\/uploads\/2024\/03\/alphalearning_ico2_512px.png","contentUrl":"https:\/\/alphalearning.com\/wp-content\/uploads\/2024\/03\/alphalearning_ico2_512px.png","width":512,"height":512,"caption":"Alphalearning International"},"image":{"@id":"https:\/\/alphalearning.com\/de\/#\/schema\/logo\/image\/"}}]}},"uagb_featured_image_src":{"full":false,"thumbnail":false,"medium":false,"medium_large":false,"large":false,"1536x1536":false,"2048x2048":false,"gform-image-choice-sm":false,"gform-image-choice-md":false,"gform-image-choice-lg":false},"uagb_author_info":{"display_name":"Julio Machado","author_link":"https:\/\/alphalearning.com\/de\/author\/julio-machado\/"},"uagb_comment_info":0,"uagb_excerpt":"Einf\u00fchrung in die Gehirnbalance Einf\u00fchrung in die Gehirnbalance Das Ziel religi\u00f6ser Praktiken, Kampfk\u00fcnste und Heiler war seit mindestens 5.400 Jahren, [&hellip;]","_links":{"self":[{"href":"https:\/\/alphalearning.com\/de\/wp-json\/wp\/v2\/pages\/13180","targetHints":{"allow":["GET"]}}],"collection":[{"href":"https:\/\/alphalearning.com\/de\/wp-json\/wp\/v2\/pages"}],"about":[{"href":"https:\/\/alphalearning.com\/de\/wp-json\/wp\/v2\/types\/page"}],"author":[{"embeddable":true,"href":"https:\/\/alphalearning.com\/de\/wp-json\/wp\/v2\/users\/2"}],"replies":[{"embeddable":true,"href":"https:\/\/alphalearning.com\/de\/wp-json\/wp\/v2\/comments?post=13180"}],"version-history":[{"count":5,"href":"https:\/\/alphalearning.com\/de\/wp-json\/wp\/v2\/pages\/13180\/revisions"}],"predecessor-version":[{"id":16819,"href":"https:\/\/alphalearning.com\/de\/wp-json\/wp\/v2\/pages\/13180\/revisions\/16819"}],"wp:attachment":[{"href":"https:\/\/alphalearning.com\/de\/wp-json\/wp\/v2\/media?parent=13180"}],"curies":[{"name":"wp","href":"https:\/\/api.w.org\/{rel}","templated":true}]}}