{"id":13117,"date":"2024-03-27T16:32:36","date_gmt":"2024-03-27T16:32:36","guid":{"rendered":"https:\/\/alphalearning.com\/kommentare-von-alphalearning-klienten\/zitate-von-familien\/veronica-newton\/"},"modified":"2025-12-03T12:51:44","modified_gmt":"2025-12-03T12:51:44","slug":"veronica-newton","status":"publish","type":"page","link":"https:\/\/alphalearning.com\/de\/kommentare-von-alphalearning-klienten\/zitate-von-familien\/veronica-newton\/","title":{"rendered":"Veronica Newton"},"content":{"rendered":"\n<div class=\"wp-block-uagb-advanced-heading uagb-block-2564667e\"><h1 class=\"uagb-heading-text\">Erfahrungsbericht: Veronica Newton \u00fcber Alphalearning<\/h1><\/div>\n\n\n\n<div class=\"wp-block-uagb-container uagb-block-3ee8cfe9 alignfull uagb-is-root-container\"><div class=\"uagb-container-inner-blocks-wrap\">\n<p>An Alphalearning,<\/p>\n\n\n\n<p>Hier ist die Zusammenfassung meines fr\u00fcheren Zustands und Ihrer beeindruckenden Heilmethode!<\/p>\n\n\n\n<p>Vor einigen Jahren arbeitete ich in einem Heim f\u00fcr Menschen mit schweren Verhaltensproblemen und Lernschwierigkeiten.<\/p>\n\n\n\n<p>W\u00e4hrend ich einen Vorfall zwischen zwei Klienten kl\u00e4rte, wurde ich ins linke Knie getreten. Ich arbeitete weiter und nutzte erst meinen freien Tag zur Erholung. Schlie\u00dflich ging ich zum Arzt und zum Chiropraktiker, die mir mitteilten, dass mein Knie verrenkt war und dass auch mein Becken und mein R\u00fccken durch das Heben in diesem Zustand beeintr\u00e4chtigt wurden. Ich erhielt eine Behandlung und wurde angewiesen, mich zu schonen. Danach entwickelte ich in meinem linken Bein eine tiefe Venenthrombose (TVT) und wurde ins Krankenhaus eingeliefert. W\u00e4hrend meiner Behandlung hatte ich eine schwere Reaktion auf Heparin.<\/p>\n\n\n\n<p>Etwa f\u00fcnf Monate lang konnte ich nicht ohne gro\u00dfe Schwierigkeiten stehen oder gehen. Zu der Zeit wurde ich von Dr. Wallington in Bristol behandelt, der eine Vaskulitis und das sogenannte \u201eRynard-Syndrom\u201c diagnostizierte. Mittlerweile waren auch meine H\u00e4nde und Arme betroffen, aber dank immer h\u00f6herer Dosen von Schmerzmitteln und Entz\u00fcndungshemmern konnte ich mich einigerma\u00dfen bewegen.<\/p>\n\n\n\n<p>Ich habe viele Alternativen ausprobiert, darunter eine strenge Di\u00e4t, bei der ich alle S\u00e4uren, Zucker, Milchprodukte, Getreide und die meisten Fr\u00fcchte weglie\u00df; Aromatherapie, Chakren-Heilung, Handauflegen, Psychotherapie, Meditation, Visualisierung usw. Einige brachten kurzfristig Linderung, doch nichts wirkte dauerhaft.<\/p>\n\n\n\n<p>W\u00e4hrend eines Vortrags der Alphalearning-Instruktoren war ich von ihren Worten gefesselt: \u201eWenn das Gehirn aus dem Gleichgewicht ist, wirkt sich das auf den K\u00f6rper aus.\u201c Ich fragte mich, ob dies auch umgekehrt gilt: Wenn mein K\u00f6rper aus dem Gleichgewicht ist, spiegelt sich das dann in meinem Gehirn wider? Tests mit dem Elektroenzephalographen von Alphalearning zeigten, dass ich ein hohes Ma\u00df an innerem Konflikt hatte.<\/p>\n\n\n\n<p>Durch die Anwendung von Brainwave I und einer Visualisierungstechnik wurde ich zu einem Punkt des Gleichgewichts in meinem K\u00f6rper gef\u00fchrt, den ich zuvor nur nach stundenlanger Meditation erreicht hatte. Mit diesem Fokus habe ich meine Erfahrung in Worte und Bilder gefasst.<\/p>\n\n\n\n<p>Diese \u00dcbersicht hat es mir erm\u00f6glicht, Entscheidungen zu treffen. Ich verlagere nun meinen Fokus von meiner Krankheit hin zu meinem Leben, und das f\u00fchlt sich gut an.<\/p>\n\n\n\n<p>Bitte sehen Sie die beigef\u00fcgte Mind Map an, in der sich am n\u00e4chsten Tag eine wahre Explosion meiner Kreativit\u00e4t zeigte.<\/p>\n\n\n\n<p>Mit freundlichen Gr\u00fc\u00dfen und tiefstem Dank,<\/p>\n\n\n\n<p>Veronica Newton, England<\/p>\n<\/div><\/div>\n\n\n\n<p><\/p>\n","protected":false},"excerpt":{"rendered":"<p>Erfahrungsbericht: Veronica Newton \u00fcber Alphalearning An Alphalearning, Hier ist die Zusammenfassung meines fr\u00fcheren Zustands und Ihrer beeindruckenden Heilmethode! Vor einigen [&hellip;]<\/p>\n","protected":false},"author":2,"featured_media":0,"parent":13062,"menu_order":12,"comment_status":"closed","ping_status":"closed","template":"","meta":{"_uag_custom_page_level_css":"","site-sidebar-layout":"default","site-content-layout":"","ast-site-content-layout":"default","site-content-style":"default","site-sidebar-style":"default","ast-global-header-display":"","ast-banner-title-visibility":"","ast-main-header-display":"","ast-hfb-above-header-display":"","ast-hfb-below-header-display":"","ast-hfb-mobile-header-display":"","site-post-title":"disabled","ast-breadcrumbs-content":"","ast-featured-img":"","footer-sml-layout":"","ast-disable-related-posts":"","theme-transparent-header-meta":"","adv-header-id-meta":"","stick-header-meta":"","header-above-stick-meta":"","header-main-stick-meta":"","header-below-stick-meta":"","astra-migrate-meta-layouts":"default","ast-page-background-enabled":"default","ast-page-background-meta":{"desktop":{"background-color":"var(--ast-global-color-4)","background-image":"","background-repeat":"repeat","background-position":"center center","background-size":"auto","background-attachment":"scroll","background-type":"","background-media":"","overlay-type":"","overlay-color":"","overlay-opacity":"","overlay-gradient":""},"tablet":{"background-color":"","background-image":"","background-repeat":"repeat","background-position":"center center","background-size":"auto","background-attachment":"scroll","background-type":"","background-media":"","overlay-type":"","overlay-color":"","overlay-opacity":"","overlay-gradient":""},"mobile":{"background-color":"","background-image":"","background-repeat":"repeat","background-position":"center center","background-size":"auto","background-attachment":"scroll","background-type":"","background-media":"","overlay-type":"","overlay-color":"","overlay-opacity":"","overlay-gradient":""}},"ast-content-background-meta":{"desktop":{"background-color":"var(--ast-global-color-5)","background-image":"","background-repeat":"repeat","background-position":"center center","background-size":"auto","background-attachment":"scroll","background-type":"","background-media":"","overlay-type":"","overlay-color":"","overlay-opacity":"","overlay-gradient":""},"tablet":{"background-color":"var(--ast-global-color-5)","background-image":"","background-repeat":"repeat","background-position":"center center","background-size":"auto","background-attachment":"scroll","background-type":"","background-media":"","overlay-type":"","overlay-color":"","overlay-opacity":"","overlay-gradient":""},"mobile":{"background-color":"var(--ast-global-color-5)","background-image":"","background-repeat":"repeat","background-position":"center center","background-size":"auto","background-attachment":"scroll","background-type":"","background-media":"","overlay-type":"","overlay-color":"","overlay-opacity":"","overlay-gradient":""}},"footnotes":""},"class_list":["post-13117","page","type-page","status-publish","hentry"],"yoast_head":"<!-- This site is optimized with the Yoast SEO plugin v27.1.1 - https:\/\/yoast.com\/product\/yoast-seo-wordpress\/ -->\n<title>Veronicas Genesung: K\u00f6rperbalance mit Alphalearning System<\/title>\n<meta name=\"description\" content=\"Erfahren Sie, wie Veronica eine schwere Knieverletzung \u00fcberwand und langfristiges K\u00f6rpergleichgewicht mit Alphalearning\u2019s Brainwave-System fand.\" \/>\n<meta name=\"robots\" content=\"index, follow, max-snippet:-1, max-image-preview:large, max-video-preview:-1\" \/>\n<link rel=\"canonical\" href=\"https:\/\/alphalearning.com\/de\/kommentare-von-alphalearning-klienten\/zitate-von-familien\/veronica-newton\/\" \/>\n<meta property=\"og:locale\" content=\"de_DE\" \/>\n<meta property=\"og:type\" content=\"article\" \/>\n<meta property=\"og:title\" content=\"Veronicas Genesung: K\u00f6rperbalance mit Alphalearning System\" \/>\n<meta property=\"og:description\" content=\"Erfahren Sie, wie Veronica eine schwere Knieverletzung \u00fcberwand und langfristiges K\u00f6rpergleichgewicht mit Alphalearning\u2019s Brainwave-System fand.\" \/>\n<meta property=\"og:url\" content=\"https:\/\/alphalearning.com\/de\/kommentare-von-alphalearning-klienten\/zitate-von-familien\/veronica-newton\/\" \/>\n<meta property=\"og:site_name\" content=\"Alphalearning International\" \/>\n<meta property=\"article:modified_time\" content=\"2025-12-03T12:51:44+00:00\" \/>\n<meta property=\"og:image\" content=\"https:\/\/alphalearning.com\/wp-content\/uploads\/2024\/04\/alphalearning-logo_red_1200x675px.png\" \/>\n\t<meta property=\"og:image:width\" content=\"1200\" \/>\n\t<meta property=\"og:image:height\" content=\"675\" \/>\n\t<meta property=\"og:image:type\" content=\"image\/png\" \/>\n<meta name=\"twitter:card\" content=\"summary_large_image\" \/>\n<meta name=\"twitter:label1\" content=\"Est. reading time\" \/>\n\t<meta name=\"twitter:data1\" content=\"2 minutes\" \/>\n<!-- \/ Yoast SEO plugin. -->","yoast_head_json":{"title":"Veronicas Genesung: K\u00f6rperbalance mit Alphalearning System","description":"Erfahren Sie, wie Veronica eine schwere Knieverletzung \u00fcberwand und langfristiges K\u00f6rpergleichgewicht mit Alphalearning\u2019s Brainwave-System fand.","robots":{"index":"index","follow":"follow","max-snippet":"max-snippet:-1","max-image-preview":"max-image-preview:large","max-video-preview":"max-video-preview:-1"},"canonical":"https:\/\/alphalearning.com\/de\/kommentare-von-alphalearning-klienten\/zitate-von-familien\/veronica-newton\/","og_locale":"de_DE","og_type":"article","og_title":"Veronicas Genesung: K\u00f6rperbalance mit Alphalearning System","og_description":"Erfahren Sie, wie Veronica eine schwere Knieverletzung \u00fcberwand und langfristiges K\u00f6rpergleichgewicht mit Alphalearning\u2019s Brainwave-System fand.","og_url":"https:\/\/alphalearning.com\/de\/kommentare-von-alphalearning-klienten\/zitate-von-familien\/veronica-newton\/","og_site_name":"Alphalearning International","article_modified_time":"2025-12-03T12:51:44+00:00","og_image":[{"width":1200,"height":675,"url":"https:\/\/alphalearning.com\/wp-content\/uploads\/2024\/04\/alphalearning-logo_red_1200x675px.png","type":"image\/png"}],"twitter_card":"summary_large_image","twitter_misc":{"Est. reading time":"2 minutes"},"schema":{"@context":"https:\/\/schema.org","@graph":[{"@type":"WebPage","@id":"https:\/\/alphalearning.com\/de\/kommentare-von-alphalearning-klienten\/zitate-von-familien\/veronica-newton\/","url":"https:\/\/alphalearning.com\/de\/kommentare-von-alphalearning-klienten\/zitate-von-familien\/veronica-newton\/","name":"Veronicas Genesung: K\u00f6rperbalance mit Alphalearning System","isPartOf":{"@id":"https:\/\/alphalearning.com\/de\/#website"},"datePublished":"2024-03-27T16:32:36+00:00","dateModified":"2025-12-03T12:51:44+00:00","description":"Erfahren Sie, wie Veronica eine schwere Knieverletzung \u00fcberwand und langfristiges K\u00f6rpergleichgewicht mit Alphalearning\u2019s Brainwave-System fand.","breadcrumb":{"@id":"https:\/\/alphalearning.com\/de\/kommentare-von-alphalearning-klienten\/zitate-von-familien\/veronica-newton\/#breadcrumb"},"inLanguage":"de","potentialAction":[{"@type":"ReadAction","target":["https:\/\/alphalearning.com\/de\/kommentare-von-alphalearning-klienten\/zitate-von-familien\/veronica-newton\/"]}]},{"@type":"BreadcrumbList","@id":"https:\/\/alphalearning.com\/de\/kommentare-von-alphalearning-klienten\/zitate-von-familien\/veronica-newton\/#breadcrumb","itemListElement":[{"@type":"ListItem","position":1,"name":"Home","item":"https:\/\/alphalearning.com\/de\/"},{"@type":"ListItem","position":2,"name":"Kommentare von Alphalearning-Klienten","item":"https:\/\/alphalearning.com\/de\/kommentare-von-alphalearning-klienten\/"},{"@type":"ListItem","position":3,"name":"Familien","item":"https:\/\/alphalearning.com\/de\/kommentare-von-alphalearning-klienten\/zitate-von-familien\/"},{"@type":"ListItem","position":4,"name":"Veronica Newton"}]},{"@type":"WebSite","@id":"https:\/\/alphalearning.com\/de\/#website","url":"https:\/\/alphalearning.com\/de\/","name":"Alphalearning International","description":"the brain training institute","publisher":{"@id":"https:\/\/alphalearning.com\/de\/#organization"},"potentialAction":[{"@type":"SearchAction","target":{"@type":"EntryPoint","urlTemplate":"https:\/\/alphalearning.com\/de\/?s={search_term_string}"},"query-input":{"@type":"PropertyValueSpecification","valueRequired":true,"valueName":"search_term_string"}}],"inLanguage":"de"},{"@type":"Organization","@id":"https:\/\/alphalearning.com\/de\/#organization","name":"Alphalearning International","url":"https:\/\/alphalearning.com\/de\/","logo":{"@type":"ImageObject","inLanguage":"de","@id":"https:\/\/alphalearning.com\/de\/#\/schema\/logo\/image\/","url":"https:\/\/alphalearning.com\/wp-content\/uploads\/2024\/03\/alphalearning_ico2_512px.png","contentUrl":"https:\/\/alphalearning.com\/wp-content\/uploads\/2024\/03\/alphalearning_ico2_512px.png","width":512,"height":512,"caption":"Alphalearning International"},"image":{"@id":"https:\/\/alphalearning.com\/de\/#\/schema\/logo\/image\/"}}]}},"uagb_featured_image_src":{"full":false,"thumbnail":false,"medium":false,"medium_large":false,"large":false,"1536x1536":false,"2048x2048":false,"gform-image-choice-sm":false,"gform-image-choice-md":false,"gform-image-choice-lg":false},"uagb_author_info":{"display_name":"Julio Machado","author_link":"https:\/\/alphalearning.com\/de\/author\/julio-machado\/"},"uagb_comment_info":0,"uagb_excerpt":"Erfahrungsbericht: Veronica Newton \u00fcber Alphalearning An Alphalearning, Hier ist die Zusammenfassung meines fr\u00fcheren Zustands und Ihrer beeindruckenden Heilmethode! Vor einigen [&hellip;]","_links":{"self":[{"href":"https:\/\/alphalearning.com\/de\/wp-json\/wp\/v2\/pages\/13117","targetHints":{"allow":["GET"]}}],"collection":[{"href":"https:\/\/alphalearning.com\/de\/wp-json\/wp\/v2\/pages"}],"about":[{"href":"https:\/\/alphalearning.com\/de\/wp-json\/wp\/v2\/types\/page"}],"author":[{"embeddable":true,"href":"https:\/\/alphalearning.com\/de\/wp-json\/wp\/v2\/users\/2"}],"replies":[{"embeddable":true,"href":"https:\/\/alphalearning.com\/de\/wp-json\/wp\/v2\/comments?post=13117"}],"version-history":[{"count":8,"href":"https:\/\/alphalearning.com\/de\/wp-json\/wp\/v2\/pages\/13117\/revisions"}],"predecessor-version":[{"id":17274,"href":"https:\/\/alphalearning.com\/de\/wp-json\/wp\/v2\/pages\/13117\/revisions\/17274"}],"up":[{"embeddable":true,"href":"https:\/\/alphalearning.com\/de\/wp-json\/wp\/v2\/pages\/13062"}],"wp:attachment":[{"href":"https:\/\/alphalearning.com\/de\/wp-json\/wp\/v2\/media?parent=13117"}],"curies":[{"name":"wp","href":"https:\/\/api.w.org\/{rel}","templated":true}]}}