{"id":13113,"date":"2024-03-27T16:32:15","date_gmt":"2024-03-27T16:32:15","guid":{"rendered":"https:\/\/alphalearning.com\/kommentare-von-alphalearning-klienten\/zitate-von-familien\/richard-hanbury\/"},"modified":"2025-12-03T12:47:17","modified_gmt":"2025-12-03T12:47:17","slug":"richard-hanbury","status":"publish","type":"page","link":"https:\/\/alphalearning.com\/de\/kommentare-von-alphalearning-klienten\/zitate-von-familien\/richard-hanbury\/","title":{"rendered":"Richard Hanbury"},"content":{"rendered":"\n<div class=\"wp-block-uagb-advanced-heading uagb-block-acc30e3e\"><h1 class=\"uagb-heading-text\">Erfahrungsbericht: Richard Hanbury \u00fcber Alphalearning<\/h1><\/div>\n\n\n\n<div class=\"wp-block-uagb-container uagb-block-ff820d71 alignfull uagb-is-root-container\"><div class=\"uagb-container-inner-blocks-wrap\">\n<p>An Alphalearning,<\/p>\n\n\n\n<p>Dies ist ein Dankesschreiben f\u00fcr all das, was ich durch Ihre Lehren und durch das Alphalearning-System gewonnen habe. Der einzig angemessene Dank f\u00fcr eine so unsch\u00e4tzbare Hilfe besteht darin, sie anzuwenden. Daher m\u00f6chte ich im Folgenden einige Einzelheiten dar\u00fcber mitteilen, wovon ich profitiert habe.<\/p>\n\n\n\n<p>Mein urspr\u00fcngliches Ziel, das Alphalearning-Institut aufzusuchen, war die Verlockung, meine \u201eGehirnwellenaktivit\u00e4t zu trainieren\u201c. Ich glaubte, dies biete eine gute M\u00f6glichkeit, die Schmerzkontrolle \u201eauf Knopfdruck\u201c zu erreichen. Als ich schlie\u00dflich meine eigene Ausr\u00fcstung in Betrieb hatte, konnte ich das tats\u00e4chlich erreichen.<\/p>\n\n\n\n<p>Bevor ich Lotus zur Schmerzbek\u00e4mpfung einsetzte, verlor ich durchschnittlich insgesamt anderthalb Tage pro Woche. Dies lie\u00df mich nat\u00fcrlich daran zweifeln, ob ich \u00fcberhaupt arbeitsf\u00e4hig w\u00e4re, und war vermutlich die gravierendste Folge meines Autounfalls am 22.1.92 im Jemen und der daraus resultierenden Paraplegie. Unter normalen Umst\u00e4nden verschaffen mir zehn Minuten Delta-4-Ways mit dem Lotus-System eine Linderung von bis zu sechs Stunden. Dies variiert je nach vorherrschendem Stresslevel und war kurz vor meinen Pr\u00fcfungen weniger wirksam, aber es bleibt immer ein enormer psychologischer Vorteil, da ich diese Option jederzeit nutzen kann.<\/p>\n\n\n\n<p>Meine Lesegeschwindigkeit wurde um die versprochenen 300 % gesteigert, was mir enorm zugute kam. In den letzten Jahren musste ich den Gro\u00dfteil der vierj\u00e4hrigen Studienarbeit f\u00fcr meinen Abschlusskurs in Arabisch bew\u00e4ltigen. Im letzten Jahr, meinem Abschlussjahr, habe ich das meiste davon nachgeholt, was ohne die am Alphalearning-Institut erlernten Techniken und das, was Sie mich seither gelehrt haben, unm\u00f6glich gewesen w\u00e4re. Mein letzter Schritt bei der Pr\u00fcfungsvorbereitung f\u00fcr meine Sprachtests bestand darin, das gesamte W\u00f6rterbuch und alle meine Notizen durchzulesen. Mit meiner Lesegeschwindigkeit vor dem Kurs w\u00e4re dies unm\u00f6glich gewesen. Zudem erwies sich diese Vorgehensweise als sehr hilfreich, als ich schlie\u00dflich meine Pr\u00fcfung schrieb.<\/p>\n\n\n\n<p>Die gesteigerte Geschwindigkeit beim Lesen und bei der Informationsaufnahme erm\u00f6glichte es mir auch, mich auf meine sprachbezogenen Kurse (meine Schwachstelle) zu konzentrieren und alle meine sozialwissenschaftlichen Kurse (Politik, Geschichte usw.) auf die letzten Tage zu verschieben, in dem sicheren Wissen, dass ich in der mir zur Verf\u00fcgung stehenden Zeit alle erforderlichen Inhalte abdecken konnte. Was meine Denkgeschwindigkeit angeht, habe ich das Gef\u00fchl, das mentale \u00c4quivalent eines Upgrades von einem 386-Desktop-PC auf einen Pentium-Prozessor erreicht zu haben. Ich werde einen weiteren IQ-Test machen, um zu best\u00e4tigen, was ich zu sp\u00fcren glaube. Mit der Anwendung von Gehirnwellen-Trainingstechniken bin ich definitiv in der Lage, Probleme schneller zu l\u00f6sen, und ein weiterer Hinweis auf die gesteigerte Geschwindigkeit ist, dass mein K\u00f6rper beim Durchf\u00fchren mentaler \u00dcbungen Zucker schneller verbrennt als zuvor.<\/p>\n\n\n\n<p>Durch den Einsatz des EEG habe ich herausgefunden, dass Schmerzen auf einer Seite meines Bauches mein Gehirn aus dem Gleichgewicht bringen k\u00f6nnen \u2013 ein Effekt, der anscheinend l\u00e4nger anh\u00e4lt als die Schmerzen selbst. Meine t\u00e4gliche Anwendung des Wavemeter-Programms behebt dieses Problem ebenfalls. Ich habe zudem Lotus verwendet, wenn ich Schwierigkeiten habe einzuschlafen; auch meine Schwester hat es genutzt und wir beide fanden es \u00e4u\u00dferst hilfreich.<\/p>\n\n\n\n<p>Die letzte und m\u00f6glicherweise aufregendste Anwendung des Lotus-Systems besteht darin, die Regeneration der Nerven in meinem R\u00fcckenmark zu f\u00f6rdern. Ich hatte anf\u00e4nglich einige Erfolge, indem ich ein paar sehr kleine Muskeln wieder zum Arbeiten brachte, was meinen Neurologen \u00fcberraschte und erfreute. Nun arbeite ich weiter an diesem Problem, das auch positive Nebeneffekte hat, wie zum Beispiel die Steigerung meiner F\u00e4higkeit, lebendige Vorstellungen zu entwickeln, und die \u00dcberzeugung, dass ich, wenn ich das Umfeld an meiner Bruchstelle weniger wachstumsfeindlich gestalten kann, wesentlich schneller Fortschritte erzielen werde.<\/p>\n\n\n\n<p>Zuk\u00fcnftige Vorteile werden nat\u00fcrlich alle zus\u00e4tzliche Pluspunkte sein, aber das, was ich bisher gelernt habe, hat mein Leben schon jetzt unermesslich verbessert. Ich war immer der \u00dcberzeugung, dass ich ein leistungsf\u00e4higes Gehirn habe, und mir war zugleich bewusst, wie wenig ich eigentlich dar\u00fcber wusste, es zu nutzen. Nun lerne ich st\u00e4ndig mehr, und das h\u00f6here Ma\u00df an Kontrolle, das ich jetzt habe, ist von unsch\u00e4tzbarem Wert f\u00fcr mich. Was kann ich anderes sagen als: Danke!<\/p>\n\n\n\n<p>Mit freundlichen Gr\u00fc\u00dfen,<\/p>\n\n\n\n<p>Richard Hanbury, England<\/p>\n<\/div><\/div>\n\n\n\n<p><\/p>\n","protected":false},"excerpt":{"rendered":"<p>Erfahrungsbericht: Richard Hanbury \u00fcber Alphalearning An Alphalearning, Dies ist ein Dankesschreiben f\u00fcr all das, was ich durch Ihre Lehren und [&hellip;]<\/p>\n","protected":false},"author":2,"featured_media":0,"parent":13062,"menu_order":11,"comment_status":"closed","ping_status":"closed","template":"","meta":{"_uag_custom_page_level_css":"","site-sidebar-layout":"default","site-content-layout":"","ast-site-content-layout":"default","site-content-style":"default","site-sidebar-style":"default","ast-global-header-display":"","ast-banner-title-visibility":"","ast-main-header-display":"","ast-hfb-above-header-display":"","ast-hfb-below-header-display":"","ast-hfb-mobile-header-display":"","site-post-title":"disabled","ast-breadcrumbs-content":"","ast-featured-img":"","footer-sml-layout":"","ast-disable-related-posts":"","theme-transparent-header-meta":"","adv-header-id-meta":"","stick-header-meta":"","header-above-stick-meta":"","header-main-stick-meta":"","header-below-stick-meta":"","astra-migrate-meta-layouts":"default","ast-page-background-enabled":"default","ast-page-background-meta":{"desktop":{"background-color":"var(--ast-global-color-4)","background-image":"","background-repeat":"repeat","background-position":"center center","background-size":"auto","background-attachment":"scroll","background-type":"","background-media":"","overlay-type":"","overlay-color":"","overlay-opacity":"","overlay-gradient":""},"tablet":{"background-color":"","background-image":"","background-repeat":"repeat","background-position":"center center","background-size":"auto","background-attachment":"scroll","background-type":"","background-media":"","overlay-type":"","overlay-color":"","overlay-opacity":"","overlay-gradient":""},"mobile":{"background-color":"","background-image":"","background-repeat":"repeat","background-position":"center center","background-size":"auto","background-attachment":"scroll","background-type":"","background-media":"","overlay-type":"","overlay-color":"","overlay-opacity":"","overlay-gradient":""}},"ast-content-background-meta":{"desktop":{"background-color":"var(--ast-global-color-5)","background-image":"","background-repeat":"repeat","background-position":"center center","background-size":"auto","background-attachment":"scroll","background-type":"","background-media":"","overlay-type":"","overlay-color":"","overlay-opacity":"","overlay-gradient":""},"tablet":{"background-color":"var(--ast-global-color-5)","background-image":"","background-repeat":"repeat","background-position":"center center","background-size":"auto","background-attachment":"scroll","background-type":"","background-media":"","overlay-type":"","overlay-color":"","overlay-opacity":"","overlay-gradient":""},"mobile":{"background-color":"var(--ast-global-color-5)","background-image":"","background-repeat":"repeat","background-position":"center center","background-size":"auto","background-attachment":"scroll","background-type":"","background-media":"","overlay-type":"","overlay-color":"","overlay-opacity":"","overlay-gradient":""}},"footnotes":""},"class_list":["post-13113","page","type-page","status-publish","hentry"],"yoast_head":"<!-- This site is optimized with the Yoast SEO plugin v27.1.1 - https:\/\/yoast.com\/product\/yoast-seo-wordpress\/ -->\n<title>Schmerzkontrolle &amp; 300 % mehr Lesetempo: Hanburys Weg<\/title>\n<meta name=\"description\" content=\"Erfahren Sie, wie Richard Hanbury mit Delta-Training bis zu sechs Stunden Schmerzlinderung erreicht und seine Lesegeschwindigkeit um 300 % dank Alphalearning steigert.\" \/>\n<meta name=\"robots\" content=\"index, follow, max-snippet:-1, max-image-preview:large, max-video-preview:-1\" \/>\n<link rel=\"canonical\" href=\"https:\/\/alphalearning.com\/de\/kommentare-von-alphalearning-klienten\/zitate-von-familien\/richard-hanbury\/\" \/>\n<meta property=\"og:locale\" content=\"de_DE\" \/>\n<meta property=\"og:type\" content=\"article\" \/>\n<meta property=\"og:title\" content=\"Schmerzkontrolle &amp; 300 % mehr Lesetempo: Hanburys Weg\" \/>\n<meta property=\"og:description\" content=\"Erfahren Sie, wie Richard Hanbury mit Delta-Training bis zu sechs Stunden Schmerzlinderung erreicht und seine Lesegeschwindigkeit um 300 % dank Alphalearning steigert.\" \/>\n<meta property=\"og:url\" content=\"https:\/\/alphalearning.com\/de\/kommentare-von-alphalearning-klienten\/zitate-von-familien\/richard-hanbury\/\" \/>\n<meta property=\"og:site_name\" content=\"Alphalearning International\" \/>\n<meta property=\"article:modified_time\" content=\"2025-12-03T12:47:17+00:00\" \/>\n<meta property=\"og:image\" content=\"https:\/\/alphalearning.com\/wp-content\/uploads\/2024\/04\/alphalearning-logo_red_1200x675px.png\" \/>\n\t<meta property=\"og:image:width\" content=\"1200\" \/>\n\t<meta property=\"og:image:height\" content=\"675\" \/>\n\t<meta property=\"og:image:type\" content=\"image\/png\" \/>\n<meta name=\"twitter:card\" content=\"summary_large_image\" \/>\n<meta name=\"twitter:label1\" content=\"Est. reading time\" \/>\n\t<meta name=\"twitter:data1\" content=\"3 minutes\" \/>\n<!-- \/ Yoast SEO plugin. -->","yoast_head_json":{"title":"Schmerzkontrolle & 300 % mehr Lesetempo: Hanburys Weg","description":"Erfahren Sie, wie Richard Hanbury mit Delta-Training bis zu sechs Stunden Schmerzlinderung erreicht und seine Lesegeschwindigkeit um 300 % dank Alphalearning steigert.","robots":{"index":"index","follow":"follow","max-snippet":"max-snippet:-1","max-image-preview":"max-image-preview:large","max-video-preview":"max-video-preview:-1"},"canonical":"https:\/\/alphalearning.com\/de\/kommentare-von-alphalearning-klienten\/zitate-von-familien\/richard-hanbury\/","og_locale":"de_DE","og_type":"article","og_title":"Schmerzkontrolle & 300 % mehr Lesetempo: Hanburys Weg","og_description":"Erfahren Sie, wie Richard Hanbury mit Delta-Training bis zu sechs Stunden Schmerzlinderung erreicht und seine Lesegeschwindigkeit um 300 % dank Alphalearning steigert.","og_url":"https:\/\/alphalearning.com\/de\/kommentare-von-alphalearning-klienten\/zitate-von-familien\/richard-hanbury\/","og_site_name":"Alphalearning International","article_modified_time":"2025-12-03T12:47:17+00:00","og_image":[{"width":1200,"height":675,"url":"https:\/\/alphalearning.com\/wp-content\/uploads\/2024\/04\/alphalearning-logo_red_1200x675px.png","type":"image\/png"}],"twitter_card":"summary_large_image","twitter_misc":{"Est. reading time":"3 minutes"},"schema":{"@context":"https:\/\/schema.org","@graph":[{"@type":"WebPage","@id":"https:\/\/alphalearning.com\/de\/kommentare-von-alphalearning-klienten\/zitate-von-familien\/richard-hanbury\/","url":"https:\/\/alphalearning.com\/de\/kommentare-von-alphalearning-klienten\/zitate-von-familien\/richard-hanbury\/","name":"Schmerzkontrolle & 300 % mehr Lesetempo: Hanburys Weg","isPartOf":{"@id":"https:\/\/alphalearning.com\/de\/#website"},"datePublished":"2024-03-27T16:32:15+00:00","dateModified":"2025-12-03T12:47:17+00:00","description":"Erfahren Sie, wie Richard Hanbury mit Delta-Training bis zu sechs Stunden Schmerzlinderung erreicht und seine Lesegeschwindigkeit um 300 % dank Alphalearning steigert.","breadcrumb":{"@id":"https:\/\/alphalearning.com\/de\/kommentare-von-alphalearning-klienten\/zitate-von-familien\/richard-hanbury\/#breadcrumb"},"inLanguage":"de","potentialAction":[{"@type":"ReadAction","target":["https:\/\/alphalearning.com\/de\/kommentare-von-alphalearning-klienten\/zitate-von-familien\/richard-hanbury\/"]}]},{"@type":"BreadcrumbList","@id":"https:\/\/alphalearning.com\/de\/kommentare-von-alphalearning-klienten\/zitate-von-familien\/richard-hanbury\/#breadcrumb","itemListElement":[{"@type":"ListItem","position":1,"name":"Home","item":"https:\/\/alphalearning.com\/de\/"},{"@type":"ListItem","position":2,"name":"Kommentare von Alphalearning-Klienten","item":"https:\/\/alphalearning.com\/de\/kommentare-von-alphalearning-klienten\/"},{"@type":"ListItem","position":3,"name":"Familien","item":"https:\/\/alphalearning.com\/de\/kommentare-von-alphalearning-klienten\/zitate-von-familien\/"},{"@type":"ListItem","position":4,"name":"Richard Hanbury"}]},{"@type":"WebSite","@id":"https:\/\/alphalearning.com\/de\/#website","url":"https:\/\/alphalearning.com\/de\/","name":"Alphalearning International","description":"the brain training institute","publisher":{"@id":"https:\/\/alphalearning.com\/de\/#organization"},"potentialAction":[{"@type":"SearchAction","target":{"@type":"EntryPoint","urlTemplate":"https:\/\/alphalearning.com\/de\/?s={search_term_string}"},"query-input":{"@type":"PropertyValueSpecification","valueRequired":true,"valueName":"search_term_string"}}],"inLanguage":"de"},{"@type":"Organization","@id":"https:\/\/alphalearning.com\/de\/#organization","name":"Alphalearning International","url":"https:\/\/alphalearning.com\/de\/","logo":{"@type":"ImageObject","inLanguage":"de","@id":"https:\/\/alphalearning.com\/de\/#\/schema\/logo\/image\/","url":"https:\/\/alphalearning.com\/wp-content\/uploads\/2024\/03\/alphalearning_ico2_512px.png","contentUrl":"https:\/\/alphalearning.com\/wp-content\/uploads\/2024\/03\/alphalearning_ico2_512px.png","width":512,"height":512,"caption":"Alphalearning International"},"image":{"@id":"https:\/\/alphalearning.com\/de\/#\/schema\/logo\/image\/"}}]}},"uagb_featured_image_src":{"full":false,"thumbnail":false,"medium":false,"medium_large":false,"large":false,"1536x1536":false,"2048x2048":false,"gform-image-choice-sm":false,"gform-image-choice-md":false,"gform-image-choice-lg":false},"uagb_author_info":{"display_name":"Julio Machado","author_link":"https:\/\/alphalearning.com\/de\/author\/julio-machado\/"},"uagb_comment_info":0,"uagb_excerpt":"Erfahrungsbericht: Richard Hanbury \u00fcber Alphalearning An Alphalearning, Dies ist ein Dankesschreiben f\u00fcr all das, was ich durch Ihre Lehren und [&hellip;]","_links":{"self":[{"href":"https:\/\/alphalearning.com\/de\/wp-json\/wp\/v2\/pages\/13113","targetHints":{"allow":["GET"]}}],"collection":[{"href":"https:\/\/alphalearning.com\/de\/wp-json\/wp\/v2\/pages"}],"about":[{"href":"https:\/\/alphalearning.com\/de\/wp-json\/wp\/v2\/types\/page"}],"author":[{"embeddable":true,"href":"https:\/\/alphalearning.com\/de\/wp-json\/wp\/v2\/users\/2"}],"replies":[{"embeddable":true,"href":"https:\/\/alphalearning.com\/de\/wp-json\/wp\/v2\/comments?post=13113"}],"version-history":[{"count":5,"href":"https:\/\/alphalearning.com\/de\/wp-json\/wp\/v2\/pages\/13113\/revisions"}],"predecessor-version":[{"id":17268,"href":"https:\/\/alphalearning.com\/de\/wp-json\/wp\/v2\/pages\/13113\/revisions\/17268"}],"up":[{"embeddable":true,"href":"https:\/\/alphalearning.com\/de\/wp-json\/wp\/v2\/pages\/13062"}],"wp:attachment":[{"href":"https:\/\/alphalearning.com\/de\/wp-json\/wp\/v2\/media?parent=13113"}],"curies":[{"name":"wp","href":"https:\/\/api.w.org\/{rel}","templated":true}]}}