{"id":13105,"date":"2024-03-27T16:31:37","date_gmt":"2024-03-27T16:31:37","guid":{"rendered":"https:\/\/alphalearning.com\/kommentare-von-alphalearning-klienten\/zitate-von-familien\/mrs-p-douglas\/"},"modified":"2025-12-03T12:36:30","modified_gmt":"2025-12-03T12:36:30","slug":"mrs-p-douglas","status":"publish","type":"page","link":"https:\/\/alphalearning.com\/de\/kommentare-von-alphalearning-klienten\/zitate-von-familien\/mrs-p-douglas\/","title":{"rendered":"Mrs. P. Douglas"},"content":{"rendered":"\n<div class=\"wp-block-uagb-advanced-heading uagb-block-dcd4f789\"><h1 class=\"uagb-heading-text\">Erfahrungsbericht: Frau P. Douglas \u00fcber Alphalearning<\/h1><\/div>\n\n\n\n<div class=\"wp-block-uagb-container uagb-block-c0c1152b alignfull uagb-is-root-container\"><div class=\"uagb-container-inner-blocks-wrap\">\n<p>An Alphalearning,<\/p>\n\n\n\n<p>Hiermit meine Schilderung der Erfahrungen mit Alphalearning und Brainwave I am Montag. Es ist jetzt Mittwoch, 21:30 Uhr, und ich sp\u00fcre immer noch keinerlei Schmerzen.<\/p>\n\n\n\n<p>Der dumpfe Schmerz an der Stelle, an der meine Wirbels\u00e4ule sich \u00fcberstreckt, ist verschwunden. Ich bin im Lendenwirbelbereich steif, aber die Muskelkr\u00e4mpfe sind bis jetzt nicht wieder aufgetreten. Jede Stunde ohne Schmerzen empfinde ich als ein Geschenk. Ich habe jetzt zwei volle N\u00e4chte durchgeschlafen. Ich kann auf das stark verst\u00e4rkte Korsett, das ich Tag und Nacht trug, verzichten und meine Wirbels\u00e4ule st\u00fctzt sich selbst. Das ist wunderbar.<\/p>\n\n\n\n<p>Ich leide an einer Erkrankung namens <a href=\"https:\/\/de.wikipedia.org\/wiki\/Spondylolisthesis\" target=\"_blank\" rel=\"noreferrer noopener\">Spondylolisthesis<\/a> (Wirbelgleiten). Es ist eine angeborene St\u00f6rung, die jedoch trotz eines Wirbelbruchs in meiner Teenagerzeit und wiederholter R\u00fcckenprobleme erst 1992 diagnostiziert wurde. Die Gelenkforts\u00e4tze der Wirbel auf H\u00f6he Lendenwirbel 4 und 5 waren gebrochen, sodass meine Wirbels\u00e4ule sich frei bewegen und gleichzeitig die beiden Bandscheiben abreiben konnte. Dies f\u00fchrte zu st\u00e4ndigen Muskelkr\u00e4mpfen, und es kam so weit, dass ich kaum noch gehen konnte und die Schmerzen fast unertr\u00e4glich wurden. Unter der Behandlung eines f\u00fchrenden Chirurgen unterzog ich mich daraufhin einer schweren Operation \u2013 sowohl von vorn (anterior) als auch von hinten (posterior) \u2013 um die Wirbel zu fusionieren und mit einem Titan-Schrauben-K\u00e4fig zu stabilisieren. Trotz dieser schweren Operation war sie ein gro\u00dfer Erfolg: Sechs Monate sp\u00e4ter konnte ich wieder ein normales Leben f\u00fchren, schmerzfrei und ohne Schmerzmittel.<\/p>\n\n\n\n<p>Ein Jahr danach fuhr ein Auto mit hoher Geschwindigkeit auf mein Fahrzeug auf. Es war zwar ein kleiner Unfall, aber der starke Aufprall hat meine Wirbel auf H\u00f6he L3 gesch\u00e4digt. Die Muskeln reagierten sofort mit Kr\u00e4mpfen, die nicht nur meine Wirbels\u00e4ule hinauf, sondern auch in beide Beine und Arme ausstrahlten. In den darauffolgenden Monaten begann sich mein R\u00fccken zu \u00fcberstrecken, und die Kr\u00fcmmung oberhalb der Fusion ist deutlich sichtbar. Ich weigere mich, weitere Schmerzmittel einzunehmen, und kann keine Physiotherapie machen. Ich kontrollierte die Schmerzen durch \u201eWillenskraft\u201c und st\u00fctzte meine geschw\u00e4chte Wirbels\u00e4ule, indem ich das Korsett Tag und Nacht trug. K\u00f6rperlich war ich ein Wrack, aber ich musste durchhalten \u2013 f\u00fcr meine vier Kinder. Ich war st\u00e4ndig m\u00fcde und schaffte nicht besonders viel.<\/p>\n\n\n\n<p>Ich w\u00fcrde alles tun, um eine weitere Operation zu vermeiden, zumal ich mir die sechsmonatige Genesungszeit momentan nicht leisten kann. Ich brauche das Brainwave I und viel Delta! <strong>Ich f\u00fchle mich gro\u00dfartig und habe in den letzten zwei Tagen mehr geschafft als seit Langem.<\/strong><\/p>\n\n\n\n<p>Heute habe ich mit James\u2019 Schulpsychologen telefoniert. Ich dachte, er w\u00fcrde vielleicht skeptisch reagieren, aber stattdessen war er sehr interessiert und unterst\u00fctzend.<\/p>\n\n\n\n<p>Sobald es weitere Ver\u00e4nderungen gibt, werde ich Sie umgehend informieren. In der Zwischenzeit bedanke ich mich von ganzem Herzen bei Ihnen.<\/p>\n\n\n\n<p>Frau P. Douglas, England<\/p>\n<\/div><\/div>\n","protected":false},"excerpt":{"rendered":"<p>Erfahrungsbericht: Frau P. Douglas \u00fcber Alphalearning An Alphalearning, Hiermit meine Schilderung der Erfahrungen mit Alphalearning und Brainwave I am Montag. [&hellip;]<\/p>\n","protected":false},"author":2,"featured_media":0,"parent":13062,"menu_order":9,"comment_status":"closed","ping_status":"closed","template":"","meta":{"_uag_custom_page_level_css":"","site-sidebar-layout":"default","site-content-layout":"","ast-site-content-layout":"default","site-content-style":"default","site-sidebar-style":"default","ast-global-header-display":"","ast-banner-title-visibility":"","ast-main-header-display":"","ast-hfb-above-header-display":"","ast-hfb-below-header-display":"","ast-hfb-mobile-header-display":"","site-post-title":"disabled","ast-breadcrumbs-content":"","ast-featured-img":"","footer-sml-layout":"","ast-disable-related-posts":"","theme-transparent-header-meta":"","adv-header-id-meta":"","stick-header-meta":"","header-above-stick-meta":"","header-main-stick-meta":"","header-below-stick-meta":"","astra-migrate-meta-layouts":"default","ast-page-background-enabled":"default","ast-page-background-meta":{"desktop":{"background-color":"var(--ast-global-color-4)","background-image":"","background-repeat":"repeat","background-position":"center center","background-size":"auto","background-attachment":"scroll","background-type":"","background-media":"","overlay-type":"","overlay-color":"","overlay-opacity":"","overlay-gradient":""},"tablet":{"background-color":"","background-image":"","background-repeat":"repeat","background-position":"center center","background-size":"auto","background-attachment":"scroll","background-type":"","background-media":"","overlay-type":"","overlay-color":"","overlay-opacity":"","overlay-gradient":""},"mobile":{"background-color":"","background-image":"","background-repeat":"repeat","background-position":"center center","background-size":"auto","background-attachment":"scroll","background-type":"","background-media":"","overlay-type":"","overlay-color":"","overlay-opacity":"","overlay-gradient":""}},"ast-content-background-meta":{"desktop":{"background-color":"var(--ast-global-color-5)","background-image":"","background-repeat":"repeat","background-position":"center center","background-size":"auto","background-attachment":"scroll","background-type":"","background-media":"","overlay-type":"","overlay-color":"","overlay-opacity":"","overlay-gradient":""},"tablet":{"background-color":"var(--ast-global-color-5)","background-image":"","background-repeat":"repeat","background-position":"center center","background-size":"auto","background-attachment":"scroll","background-type":"","background-media":"","overlay-type":"","overlay-color":"","overlay-opacity":"","overlay-gradient":""},"mobile":{"background-color":"var(--ast-global-color-5)","background-image":"","background-repeat":"repeat","background-position":"center center","background-size":"auto","background-attachment":"scroll","background-type":"","background-media":"","overlay-type":"","overlay-color":"","overlay-opacity":"","overlay-gradient":""}},"footnotes":""},"class_list":["post-13105","page","type-page","status-publish","hentry"],"yoast_head":"<!-- This site is optimized with the Yoast SEO plugin v27.1.1 - https:\/\/yoast.com\/product\/yoast-seo-wordpress\/ -->\n<title>Frau Douglas\u2019 Alphalearning: Spondylolisthesis-Linderung<\/title>\n<meta name=\"description\" content=\"Erfahren Sie, wie Frau Douglas mithilfe von Alphalearning und Brainwave I trotz Spondylolisthesis schmerzfrei wurde.\" \/>\n<meta name=\"robots\" content=\"index, follow, max-snippet:-1, max-image-preview:large, max-video-preview:-1\" \/>\n<link rel=\"canonical\" href=\"https:\/\/alphalearning.com\/de\/kommentare-von-alphalearning-klienten\/zitate-von-familien\/mrs-p-douglas\/\" \/>\n<meta property=\"og:locale\" content=\"de_DE\" \/>\n<meta property=\"og:type\" content=\"article\" \/>\n<meta property=\"og:title\" content=\"Frau Douglas\u2019 Alphalearning: Spondylolisthesis-Linderung\" \/>\n<meta property=\"og:description\" content=\"Erfahren Sie, wie Frau Douglas mithilfe von Alphalearning und Brainwave I trotz Spondylolisthesis schmerzfrei wurde.\" \/>\n<meta property=\"og:url\" content=\"https:\/\/alphalearning.com\/de\/kommentare-von-alphalearning-klienten\/zitate-von-familien\/mrs-p-douglas\/\" \/>\n<meta property=\"og:site_name\" content=\"Alphalearning International\" \/>\n<meta property=\"article:modified_time\" content=\"2025-12-03T12:36:30+00:00\" \/>\n<meta property=\"og:image\" content=\"https:\/\/alphalearning.com\/wp-content\/uploads\/2024\/04\/alphalearning-logo_red_1200x675px.png\" \/>\n\t<meta property=\"og:image:width\" content=\"1200\" \/>\n\t<meta property=\"og:image:height\" content=\"675\" \/>\n\t<meta property=\"og:image:type\" content=\"image\/png\" \/>\n<meta name=\"twitter:card\" content=\"summary_large_image\" \/>\n<meta name=\"twitter:label1\" content=\"Est. reading time\" \/>\n\t<meta name=\"twitter:data1\" content=\"2 minutes\" \/>\n<!-- \/ Yoast SEO plugin. -->","yoast_head_json":{"title":"Frau Douglas\u2019 Alphalearning: Spondylolisthesis-Linderung","description":"Erfahren Sie, wie Frau Douglas mithilfe von Alphalearning und Brainwave I trotz Spondylolisthesis schmerzfrei wurde.","robots":{"index":"index","follow":"follow","max-snippet":"max-snippet:-1","max-image-preview":"max-image-preview:large","max-video-preview":"max-video-preview:-1"},"canonical":"https:\/\/alphalearning.com\/de\/kommentare-von-alphalearning-klienten\/zitate-von-familien\/mrs-p-douglas\/","og_locale":"de_DE","og_type":"article","og_title":"Frau Douglas\u2019 Alphalearning: Spondylolisthesis-Linderung","og_description":"Erfahren Sie, wie Frau Douglas mithilfe von Alphalearning und Brainwave I trotz Spondylolisthesis schmerzfrei wurde.","og_url":"https:\/\/alphalearning.com\/de\/kommentare-von-alphalearning-klienten\/zitate-von-familien\/mrs-p-douglas\/","og_site_name":"Alphalearning International","article_modified_time":"2025-12-03T12:36:30+00:00","og_image":[{"width":1200,"height":675,"url":"https:\/\/alphalearning.com\/wp-content\/uploads\/2024\/04\/alphalearning-logo_red_1200x675px.png","type":"image\/png"}],"twitter_card":"summary_large_image","twitter_misc":{"Est. reading time":"2 minutes"},"schema":{"@context":"https:\/\/schema.org","@graph":[{"@type":"WebPage","@id":"https:\/\/alphalearning.com\/de\/kommentare-von-alphalearning-klienten\/zitate-von-familien\/mrs-p-douglas\/","url":"https:\/\/alphalearning.com\/de\/kommentare-von-alphalearning-klienten\/zitate-von-familien\/mrs-p-douglas\/","name":"Frau Douglas\u2019 Alphalearning: Spondylolisthesis-Linderung","isPartOf":{"@id":"https:\/\/alphalearning.com\/de\/#website"},"datePublished":"2024-03-27T16:31:37+00:00","dateModified":"2025-12-03T12:36:30+00:00","description":"Erfahren Sie, wie Frau Douglas mithilfe von Alphalearning und Brainwave I trotz Spondylolisthesis schmerzfrei wurde.","breadcrumb":{"@id":"https:\/\/alphalearning.com\/de\/kommentare-von-alphalearning-klienten\/zitate-von-familien\/mrs-p-douglas\/#breadcrumb"},"inLanguage":"de","potentialAction":[{"@type":"ReadAction","target":["https:\/\/alphalearning.com\/de\/kommentare-von-alphalearning-klienten\/zitate-von-familien\/mrs-p-douglas\/"]}]},{"@type":"BreadcrumbList","@id":"https:\/\/alphalearning.com\/de\/kommentare-von-alphalearning-klienten\/zitate-von-familien\/mrs-p-douglas\/#breadcrumb","itemListElement":[{"@type":"ListItem","position":1,"name":"Home","item":"https:\/\/alphalearning.com\/de\/"},{"@type":"ListItem","position":2,"name":"Kommentare von Alphalearning-Klienten","item":"https:\/\/alphalearning.com\/de\/kommentare-von-alphalearning-klienten\/"},{"@type":"ListItem","position":3,"name":"Familien","item":"https:\/\/alphalearning.com\/de\/kommentare-von-alphalearning-klienten\/zitate-von-familien\/"},{"@type":"ListItem","position":4,"name":"Mrs. P. Douglas"}]},{"@type":"WebSite","@id":"https:\/\/alphalearning.com\/de\/#website","url":"https:\/\/alphalearning.com\/de\/","name":"Alphalearning International","description":"the brain training institute","publisher":{"@id":"https:\/\/alphalearning.com\/de\/#organization"},"potentialAction":[{"@type":"SearchAction","target":{"@type":"EntryPoint","urlTemplate":"https:\/\/alphalearning.com\/de\/?s={search_term_string}"},"query-input":{"@type":"PropertyValueSpecification","valueRequired":true,"valueName":"search_term_string"}}],"inLanguage":"de"},{"@type":"Organization","@id":"https:\/\/alphalearning.com\/de\/#organization","name":"Alphalearning International","url":"https:\/\/alphalearning.com\/de\/","logo":{"@type":"ImageObject","inLanguage":"de","@id":"https:\/\/alphalearning.com\/de\/#\/schema\/logo\/image\/","url":"https:\/\/alphalearning.com\/wp-content\/uploads\/2024\/03\/alphalearning_ico2_512px.png","contentUrl":"https:\/\/alphalearning.com\/wp-content\/uploads\/2024\/03\/alphalearning_ico2_512px.png","width":512,"height":512,"caption":"Alphalearning International"},"image":{"@id":"https:\/\/alphalearning.com\/de\/#\/schema\/logo\/image\/"}}]}},"uagb_featured_image_src":{"full":false,"thumbnail":false,"medium":false,"medium_large":false,"large":false,"1536x1536":false,"2048x2048":false,"gform-image-choice-sm":false,"gform-image-choice-md":false,"gform-image-choice-lg":false},"uagb_author_info":{"display_name":"Julio Machado","author_link":"https:\/\/alphalearning.com\/de\/author\/julio-machado\/"},"uagb_comment_info":0,"uagb_excerpt":"Erfahrungsbericht: Frau P. Douglas \u00fcber Alphalearning An Alphalearning, Hiermit meine Schilderung der Erfahrungen mit Alphalearning und Brainwave I am Montag. [&hellip;]","_links":{"self":[{"href":"https:\/\/alphalearning.com\/de\/wp-json\/wp\/v2\/pages\/13105","targetHints":{"allow":["GET"]}}],"collection":[{"href":"https:\/\/alphalearning.com\/de\/wp-json\/wp\/v2\/pages"}],"about":[{"href":"https:\/\/alphalearning.com\/de\/wp-json\/wp\/v2\/types\/page"}],"author":[{"embeddable":true,"href":"https:\/\/alphalearning.com\/de\/wp-json\/wp\/v2\/users\/2"}],"replies":[{"embeddable":true,"href":"https:\/\/alphalearning.com\/de\/wp-json\/wp\/v2\/comments?post=13105"}],"version-history":[{"count":5,"href":"https:\/\/alphalearning.com\/de\/wp-json\/wp\/v2\/pages\/13105\/revisions"}],"predecessor-version":[{"id":17259,"href":"https:\/\/alphalearning.com\/de\/wp-json\/wp\/v2\/pages\/13105\/revisions\/17259"}],"up":[{"embeddable":true,"href":"https:\/\/alphalearning.com\/de\/wp-json\/wp\/v2\/pages\/13062"}],"wp:attachment":[{"href":"https:\/\/alphalearning.com\/de\/wp-json\/wp\/v2\/media?parent=13105"}],"curies":[{"name":"wp","href":"https:\/\/api.w.org\/{rel}","templated":true}]}}