{"id":13101,"date":"2024-03-27T16:31:18","date_gmt":"2024-03-27T16:31:18","guid":{"rendered":"https:\/\/alphalearning.com\/kommentare-von-alphalearning-klienten\/zitate-von-familien\/lindsay-lambert\/"},"modified":"2025-12-03T12:31:19","modified_gmt":"2025-12-03T12:31:19","slug":"lindsay-lambert","status":"publish","type":"page","link":"https:\/\/alphalearning.com\/de\/kommentare-von-alphalearning-klienten\/zitate-von-familien\/lindsay-lambert\/","title":{"rendered":"Lindsay Lambert"},"content":{"rendered":"\n<div class=\"wp-block-uagb-advanced-heading uagb-block-8a4b9885\"><h1 class=\"uagb-heading-text\">Erfahrungsbericht: Lindsay Lambert \u00fcber Alphalearning<\/h1><\/div>\n\n\n\n<div class=\"wp-block-uagb-container uagb-block-d32c66f5 alignfull uagb-is-root-container\"><div class=\"uagb-container-inner-blocks-wrap\">\n<p>An Alphalearning,<\/p>\n\n\n\n<p>Vielen Dank f\u00fcr die wundersch\u00f6ne Baby-Erstausstattung, die Sie Tristan geschenkt haben \u2013 eine wirklich liebe Geste. Er ist ein sehr liebes Baby, zumindest momentan, aber es ist ja noch fr\u00fch!<\/p>\n\n\n\n<p>Ben kommt mit dem \u201eWavemeter\u201c sehr gut zurecht. Wir setzen ihn t\u00e4glich zwischen 8 und 12 Mal darauf, und vor dem Schlafengehen geben wir ihm 10 Minuten \u201eDelta 4 ways\u201c, was er alles in sehr entspannter Weise annimmt.<\/p>\n\n\n\n<p>Sowohl Amy als auch ich haben bemerkt, dass er viel aufmerksamer ist, besonders wenn er fernsieht. Er scheint deutlich aktiver zu sein: Er rollt sich \u00fcber den Boden und bleibt im Vergleich zu fr\u00fcher relativ lange auf dem R\u00fccken liegen. Sein Schlafmuster hat sich ebenfalls verbessert: Er schl\u00e4ft jetzt zu etwa 85 % der Zeit die ganze Nacht durch, statt wie fr\u00fcher nur zu ungef\u00e4hr 40 %.<\/p>\n\n\n\n<p>Seine EEGs haben eine gro\u00dfe Verbesserung gezeigt. Ich denke, das liegt vor allem daran, dass er dabei still und entspannt war, nicht geweint oder dagegen angek\u00e4mpft hat. Insgesamt wirkt er deutlich ruhiger.<\/p>\n\n\n\n<p>Wir werden Sie \u00fcber seine Fortschritte auf dem Laufenden halten.<\/p>\n\n\n\n<p>Noch einmal herzlichen Dank f\u00fcr Tristans h\u00fcbsche Kleidung.<\/p>\n\n\n\n<p>Mit den besten Gr\u00fc\u00dfen,<\/p>\n\n\n\n<p>Lindsay, Hongkong<\/p>\n<\/div><\/div>\n","protected":false},"excerpt":{"rendered":"<p>Erfahrungsbericht: Lindsay Lambert \u00fcber Alphalearning An Alphalearning, Vielen Dank f\u00fcr die wundersch\u00f6ne Baby-Erstausstattung, die Sie Tristan geschenkt haben \u2013 eine [&hellip;]<\/p>\n","protected":false},"author":2,"featured_media":0,"parent":13062,"menu_order":8,"comment_status":"closed","ping_status":"closed","template":"","meta":{"_uag_custom_page_level_css":"","site-sidebar-layout":"default","site-content-layout":"","ast-site-content-layout":"default","site-content-style":"default","site-sidebar-style":"default","ast-global-header-display":"","ast-banner-title-visibility":"","ast-main-header-display":"","ast-hfb-above-header-display":"","ast-hfb-below-header-display":"","ast-hfb-mobile-header-display":"","site-post-title":"disabled","ast-breadcrumbs-content":"","ast-featured-img":"","footer-sml-layout":"","ast-disable-related-posts":"","theme-transparent-header-meta":"","adv-header-id-meta":"","stick-header-meta":"","header-above-stick-meta":"","header-main-stick-meta":"","header-below-stick-meta":"","astra-migrate-meta-layouts":"default","ast-page-background-enabled":"default","ast-page-background-meta":{"desktop":{"background-color":"var(--ast-global-color-4)","background-image":"","background-repeat":"repeat","background-position":"center center","background-size":"auto","background-attachment":"scroll","background-type":"","background-media":"","overlay-type":"","overlay-color":"","overlay-opacity":"","overlay-gradient":""},"tablet":{"background-color":"","background-image":"","background-repeat":"repeat","background-position":"center center","background-size":"auto","background-attachment":"scroll","background-type":"","background-media":"","overlay-type":"","overlay-color":"","overlay-opacity":"","overlay-gradient":""},"mobile":{"background-color":"","background-image":"","background-repeat":"repeat","background-position":"center center","background-size":"auto","background-attachment":"scroll","background-type":"","background-media":"","overlay-type":"","overlay-color":"","overlay-opacity":"","overlay-gradient":""}},"ast-content-background-meta":{"desktop":{"background-color":"var(--ast-global-color-5)","background-image":"","background-repeat":"repeat","background-position":"center center","background-size":"auto","background-attachment":"scroll","background-type":"","background-media":"","overlay-type":"","overlay-color":"","overlay-opacity":"","overlay-gradient":""},"tablet":{"background-color":"var(--ast-global-color-5)","background-image":"","background-repeat":"repeat","background-position":"center center","background-size":"auto","background-attachment":"scroll","background-type":"","background-media":"","overlay-type":"","overlay-color":"","overlay-opacity":"","overlay-gradient":""},"mobile":{"background-color":"var(--ast-global-color-5)","background-image":"","background-repeat":"repeat","background-position":"center center","background-size":"auto","background-attachment":"scroll","background-type":"","background-media":"","overlay-type":"","overlay-color":"","overlay-opacity":"","overlay-gradient":""}},"footnotes":""},"class_list":["post-13101","page","type-page","status-publish","hentry"],"yoast_head":"<!-- This site is optimized with the Yoast SEO plugin v27.1.1 - https:\/\/yoast.com\/product\/yoast-seo-wordpress\/ -->\n<title>Lindsays Geschichte: Besserer Schlaf &amp; EEG \u2013 Alphalearning<\/title>\n<meta name=\"description\" content=\"Lindsays Erfahrungsbericht zeigt Bens bemerkenswerte Fortschritte mit besserem Schlaf, verbesserten EEG-Ergebnissen und ruhigerem Wesen durch Alphalearning.\" \/>\n<meta name=\"robots\" content=\"index, follow, max-snippet:-1, max-image-preview:large, max-video-preview:-1\" \/>\n<link rel=\"canonical\" href=\"https:\/\/alphalearning.com\/de\/kommentare-von-alphalearning-klienten\/zitate-von-familien\/lindsay-lambert\/\" \/>\n<meta property=\"og:locale\" content=\"de_DE\" \/>\n<meta property=\"og:type\" content=\"article\" \/>\n<meta property=\"og:title\" content=\"Lindsays Geschichte: Besserer Schlaf &amp; EEG \u2013 Alphalearning\" \/>\n<meta property=\"og:description\" content=\"Lindsays Erfahrungsbericht zeigt Bens bemerkenswerte Fortschritte mit besserem Schlaf, verbesserten EEG-Ergebnissen und ruhigerem Wesen durch Alphalearning.\" \/>\n<meta property=\"og:url\" content=\"https:\/\/alphalearning.com\/de\/kommentare-von-alphalearning-klienten\/zitate-von-familien\/lindsay-lambert\/\" \/>\n<meta property=\"og:site_name\" content=\"Alphalearning International\" \/>\n<meta property=\"article:modified_time\" content=\"2025-12-03T12:31:19+00:00\" \/>\n<meta property=\"og:image\" content=\"https:\/\/alphalearning.com\/wp-content\/uploads\/2024\/04\/alphalearning-logo_red_1200x675px.png\" \/>\n\t<meta property=\"og:image:width\" content=\"1200\" \/>\n\t<meta property=\"og:image:height\" content=\"675\" \/>\n\t<meta property=\"og:image:type\" content=\"image\/png\" \/>\n<meta name=\"twitter:card\" content=\"summary_large_image\" \/>\n<meta name=\"twitter:label1\" content=\"Est. reading time\" \/>\n\t<meta name=\"twitter:data1\" content=\"1 minute\" \/>\n<!-- \/ Yoast SEO plugin. -->","yoast_head_json":{"title":"Lindsays Geschichte: Besserer Schlaf & EEG \u2013 Alphalearning","description":"Lindsays Erfahrungsbericht zeigt Bens bemerkenswerte Fortschritte mit besserem Schlaf, verbesserten EEG-Ergebnissen und ruhigerem Wesen durch Alphalearning.","robots":{"index":"index","follow":"follow","max-snippet":"max-snippet:-1","max-image-preview":"max-image-preview:large","max-video-preview":"max-video-preview:-1"},"canonical":"https:\/\/alphalearning.com\/de\/kommentare-von-alphalearning-klienten\/zitate-von-familien\/lindsay-lambert\/","og_locale":"de_DE","og_type":"article","og_title":"Lindsays Geschichte: Besserer Schlaf & EEG \u2013 Alphalearning","og_description":"Lindsays Erfahrungsbericht zeigt Bens bemerkenswerte Fortschritte mit besserem Schlaf, verbesserten EEG-Ergebnissen und ruhigerem Wesen durch Alphalearning.","og_url":"https:\/\/alphalearning.com\/de\/kommentare-von-alphalearning-klienten\/zitate-von-familien\/lindsay-lambert\/","og_site_name":"Alphalearning International","article_modified_time":"2025-12-03T12:31:19+00:00","og_image":[{"width":1200,"height":675,"url":"https:\/\/alphalearning.com\/wp-content\/uploads\/2024\/04\/alphalearning-logo_red_1200x675px.png","type":"image\/png"}],"twitter_card":"summary_large_image","twitter_misc":{"Est. reading time":"1 minute"},"schema":{"@context":"https:\/\/schema.org","@graph":[{"@type":"WebPage","@id":"https:\/\/alphalearning.com\/de\/kommentare-von-alphalearning-klienten\/zitate-von-familien\/lindsay-lambert\/","url":"https:\/\/alphalearning.com\/de\/kommentare-von-alphalearning-klienten\/zitate-von-familien\/lindsay-lambert\/","name":"Lindsays Geschichte: Besserer Schlaf & EEG \u2013 Alphalearning","isPartOf":{"@id":"https:\/\/alphalearning.com\/de\/#website"},"datePublished":"2024-03-27T16:31:18+00:00","dateModified":"2025-12-03T12:31:19+00:00","description":"Lindsays Erfahrungsbericht zeigt Bens bemerkenswerte Fortschritte mit besserem Schlaf, verbesserten EEG-Ergebnissen und ruhigerem Wesen durch Alphalearning.","breadcrumb":{"@id":"https:\/\/alphalearning.com\/de\/kommentare-von-alphalearning-klienten\/zitate-von-familien\/lindsay-lambert\/#breadcrumb"},"inLanguage":"de","potentialAction":[{"@type":"ReadAction","target":["https:\/\/alphalearning.com\/de\/kommentare-von-alphalearning-klienten\/zitate-von-familien\/lindsay-lambert\/"]}]},{"@type":"BreadcrumbList","@id":"https:\/\/alphalearning.com\/de\/kommentare-von-alphalearning-klienten\/zitate-von-familien\/lindsay-lambert\/#breadcrumb","itemListElement":[{"@type":"ListItem","position":1,"name":"Home","item":"https:\/\/alphalearning.com\/de\/"},{"@type":"ListItem","position":2,"name":"Kommentare von Alphalearning-Klienten","item":"https:\/\/alphalearning.com\/de\/kommentare-von-alphalearning-klienten\/"},{"@type":"ListItem","position":3,"name":"Familien","item":"https:\/\/alphalearning.com\/de\/kommentare-von-alphalearning-klienten\/zitate-von-familien\/"},{"@type":"ListItem","position":4,"name":"Lindsay Lambert"}]},{"@type":"WebSite","@id":"https:\/\/alphalearning.com\/de\/#website","url":"https:\/\/alphalearning.com\/de\/","name":"Alphalearning International","description":"the brain training institute","publisher":{"@id":"https:\/\/alphalearning.com\/de\/#organization"},"potentialAction":[{"@type":"SearchAction","target":{"@type":"EntryPoint","urlTemplate":"https:\/\/alphalearning.com\/de\/?s={search_term_string}"},"query-input":{"@type":"PropertyValueSpecification","valueRequired":true,"valueName":"search_term_string"}}],"inLanguage":"de"},{"@type":"Organization","@id":"https:\/\/alphalearning.com\/de\/#organization","name":"Alphalearning International","url":"https:\/\/alphalearning.com\/de\/","logo":{"@type":"ImageObject","inLanguage":"de","@id":"https:\/\/alphalearning.com\/de\/#\/schema\/logo\/image\/","url":"https:\/\/alphalearning.com\/wp-content\/uploads\/2024\/03\/alphalearning_ico2_512px.png","contentUrl":"https:\/\/alphalearning.com\/wp-content\/uploads\/2024\/03\/alphalearning_ico2_512px.png","width":512,"height":512,"caption":"Alphalearning International"},"image":{"@id":"https:\/\/alphalearning.com\/de\/#\/schema\/logo\/image\/"}}]}},"uagb_featured_image_src":{"full":false,"thumbnail":false,"medium":false,"medium_large":false,"large":false,"1536x1536":false,"2048x2048":false,"gform-image-choice-sm":false,"gform-image-choice-md":false,"gform-image-choice-lg":false},"uagb_author_info":{"display_name":"Julio Machado","author_link":"https:\/\/alphalearning.com\/de\/author\/julio-machado\/"},"uagb_comment_info":0,"uagb_excerpt":"Erfahrungsbericht: Lindsay Lambert \u00fcber Alphalearning An Alphalearning, Vielen Dank f\u00fcr die wundersch\u00f6ne Baby-Erstausstattung, die Sie Tristan geschenkt haben \u2013 eine [&hellip;]","_links":{"self":[{"href":"https:\/\/alphalearning.com\/de\/wp-json\/wp\/v2\/pages\/13101","targetHints":{"allow":["GET"]}}],"collection":[{"href":"https:\/\/alphalearning.com\/de\/wp-json\/wp\/v2\/pages"}],"about":[{"href":"https:\/\/alphalearning.com\/de\/wp-json\/wp\/v2\/types\/page"}],"author":[{"embeddable":true,"href":"https:\/\/alphalearning.com\/de\/wp-json\/wp\/v2\/users\/2"}],"replies":[{"embeddable":true,"href":"https:\/\/alphalearning.com\/de\/wp-json\/wp\/v2\/comments?post=13101"}],"version-history":[{"count":3,"href":"https:\/\/alphalearning.com\/de\/wp-json\/wp\/v2\/pages\/13101\/revisions"}],"predecessor-version":[{"id":17255,"href":"https:\/\/alphalearning.com\/de\/wp-json\/wp\/v2\/pages\/13101\/revisions\/17255"}],"up":[{"embeddable":true,"href":"https:\/\/alphalearning.com\/de\/wp-json\/wp\/v2\/pages\/13062"}],"wp:attachment":[{"href":"https:\/\/alphalearning.com\/de\/wp-json\/wp\/v2\/media?parent=13101"}],"curies":[{"name":"wp","href":"https:\/\/api.w.org\/{rel}","templated":true}]}}