{"id":13090,"date":"2024-03-27T16:30:41","date_gmt":"2024-03-27T16:30:41","guid":{"rendered":"https:\/\/alphalearning.com\/kommentare-von-alphalearning-klienten\/zitate-von-familien\/jean-deschenes\/"},"modified":"2025-12-03T12:11:24","modified_gmt":"2025-12-03T12:11:24","slug":"jean-deschenes","status":"publish","type":"page","link":"https:\/\/alphalearning.com\/de\/kommentare-von-alphalearning-klienten\/zitate-von-familien\/jean-deschenes\/","title":{"rendered":"Jean Deschenes"},"content":{"rendered":"\n<div class=\"wp-block-uagb-advanced-heading uagb-block-e5b4485c\"><h1 class=\"uagb-heading-text\">Erfahrungsbericht: Jean Deschenes \u00fcber Alphalearning<\/h1><\/div>\n\n\n\n<div class=\"wp-block-uagb-container uagb-block-29a18a4d alignfull uagb-is-root-container\"><div class=\"uagb-container-inner-blocks-wrap\">\n<p>Liebe Freunde,<\/p>\n\n\n\n<p>Eine kurze Nachricht, um Sie \u00fcber unsere Fortschritte zu informieren. Doch zun\u00e4chst erlauben Sie uns bitte, Ihnen erneut zu sagen, wie dankbar wir f\u00fcr Ihre Lehren sind und vor allem f\u00fcr Ihr kostbares Geschenk der Hoffnung.<\/p>\n\n\n\n<p>Unser Sohn Lee ist jetzt 3 1\/2 Jahre alt. Unterschiedliche Diagnosen wurden hinsichtlich seines Zustands gestellt, darunter Autismus, atypischer Autismus, PDD, ADS und eine Regulationsst\u00f6rung; keine davon schien wirklich zutreffend f\u00fcr unser ganz besonderes Kind. Zu dem Zeitpunkt, als Sie ihn trafen \u2013 er war damals drei Jahre alt \u2013 wurde sein Entwicklungsalter auf 1 1\/2 Jahre gesch\u00e4tzt, ohne jegliche stimmliche Kommunikation oder Sprache. Wir waren von Anfang an sehr aktiv in Lees Betreuung: eine spezielle Schule, zahlreiche Therapien, ein Programm zur auditiven Verarbeitung und eine wunderbare Krankenschwester namens Lenee, die Sie w\u00e4hrend unseres Besuchs kennengelernt haben. Mit all dieser Unterst\u00fctzung machte Lee Fortschritte in seiner Entwicklung und unternahm sogar die ersten Schritte in Richtung Sprache, indem er auf Aufforderung ein paar einfache Kommandos nachsprach.<\/p>\n\n\n\n<p>Wir begannen mit den Computersitzungen w\u00e4hrend seiner Weihnachtsferien, sodass er zwei Wochen lang Sitzungen erhielt, bevor er wieder zur Schule ging. Wir mussten die Sitzungen durchf\u00fchren, w\u00e4hrend Lee schlief, da er sich nach wie vor weigert, das Zubeh\u00f6r f\u00fcr eine angemessene Zeit zu tragen.<\/p>\n\n\n\n<p>Die Ver\u00e4nderung trat sofort ein. Lee war ruhiger, wirkte konzentrierter, lie\u00df sich leichter ins Bett bringen, wurde kooperativer und war insgesamt ein gl\u00fccklicheres Kind. W\u00e4hrend der zweiw\u00f6chigen Pause stellten wir fest, dass er sich mehr f\u00fcr seine Laut\u00e4u\u00dferungen interessierte, und wir konnten neue W\u00f6rter einf\u00fchren.<\/p>\n\n\n\n<p>Die R\u00fcckkehr in die Schule war ein Durchbruch. Zun\u00e4chst konnten seine Therapeuten nicht glauben, dass dies dasselbe Kind war; so viele Fortschritte in so kurzer Zeit passten einfach nicht in ihre gewohnte Vorstellung. Das Wichtigste aber ist, dass dieses Tempo der Entwicklung sich offenbar auch in ihrem gut strukturierten Umfeld fortsetzt. Lee scheint nun die Funktion von Sprache verstanden zu haben und lernt regelm\u00e4\u00dfig neue W\u00f6rter. F\u00fcr ein Kind mit seiner Diagnose sind diese scheinbar kleinen Erfolge in Wirklichkeit riesige Schritte in seiner Entwicklung.<\/p>\n\n\n\n<p>Es gibt noch viel zu tun, und wir haben immer noch keine echte Prognose, aber wir sind von den ersten Ergebnissen sehr ermutigt und begeistert. In letzter Zeit haben wir die anderen von Ihnen empfohlenen Programme ausprobiert. Wir haben noch keine nennenswerten Unterschiede festgestellt, aber ich glaube, es ist noch nicht gen\u00fcgend Zeit vergangen. Au\u00dferdem waren wir aufgrund von Grippewellen und einer l\u00e4ngeren Ausw\u00e4rtsreise f\u00fcr Lees auditive Verarbeitungstherapie etwas unregelm\u00e4\u00dfig bei den Behandlungen. Wir freuen uns darauf, Ihnen in naher Zukunft weitere gute Nachrichten zu \u00fcberbringen.<\/p>\n\n\n\n<p>Ich selbst stecke wieder voll in der Arbeit; das Gesch\u00e4ft hier ist immer noch sehr schwierig und anspruchsvoll. Dennoch nehme ich mir etwas Zeit, um selbst den Wavemeter zu nutzen, und finde es sehr hilfreich \u2013 genau wie von Ihnen vorausgesagt: bessere Konzentration, h\u00f6here Lesegeschwindigkeit usw. Bei meinem letzten EEG war ich in der Lage, eine anhaltende Alpha-Welle zu erzeugen. Das ist \u00e4u\u00dferst aufregend.<\/p>\n\n\n\n<p>Herzliche Gr\u00fc\u00dfe,<\/p>\n\n\n\n<p>Jean Deschenes, Qu\u00e9bec \u2013 Kanada<\/p>\n<\/div><\/div>\n","protected":false},"excerpt":{"rendered":"<p>Erfahrungsbericht: Jean Deschenes \u00fcber Alphalearning Liebe Freunde, Eine kurze Nachricht, um Sie \u00fcber unsere Fortschritte zu informieren. Doch zun\u00e4chst erlauben [&hellip;]<\/p>\n","protected":false},"author":2,"featured_media":0,"parent":13062,"menu_order":7,"comment_status":"closed","ping_status":"closed","template":"","meta":{"_uag_custom_page_level_css":"","site-sidebar-layout":"default","site-content-layout":"","ast-site-content-layout":"default","site-content-style":"default","site-sidebar-style":"default","ast-global-header-display":"","ast-banner-title-visibility":"","ast-main-header-display":"","ast-hfb-above-header-display":"","ast-hfb-below-header-display":"","ast-hfb-mobile-header-display":"","site-post-title":"disabled","ast-breadcrumbs-content":"","ast-featured-img":"","footer-sml-layout":"","ast-disable-related-posts":"","theme-transparent-header-meta":"","adv-header-id-meta":"","stick-header-meta":"","header-above-stick-meta":"","header-main-stick-meta":"","header-below-stick-meta":"","astra-migrate-meta-layouts":"default","ast-page-background-enabled":"default","ast-page-background-meta":{"desktop":{"background-color":"var(--ast-global-color-4)","background-image":"","background-repeat":"repeat","background-position":"center center","background-size":"auto","background-attachment":"scroll","background-type":"","background-media":"","overlay-type":"","overlay-color":"","overlay-opacity":"","overlay-gradient":""},"tablet":{"background-color":"","background-image":"","background-repeat":"repeat","background-position":"center center","background-size":"auto","background-attachment":"scroll","background-type":"","background-media":"","overlay-type":"","overlay-color":"","overlay-opacity":"","overlay-gradient":""},"mobile":{"background-color":"","background-image":"","background-repeat":"repeat","background-position":"center center","background-size":"auto","background-attachment":"scroll","background-type":"","background-media":"","overlay-type":"","overlay-color":"","overlay-opacity":"","overlay-gradient":""}},"ast-content-background-meta":{"desktop":{"background-color":"var(--ast-global-color-5)","background-image":"","background-repeat":"repeat","background-position":"center center","background-size":"auto","background-attachment":"scroll","background-type":"","background-media":"","overlay-type":"","overlay-color":"","overlay-opacity":"","overlay-gradient":""},"tablet":{"background-color":"var(--ast-global-color-5)","background-image":"","background-repeat":"repeat","background-position":"center center","background-size":"auto","background-attachment":"scroll","background-type":"","background-media":"","overlay-type":"","overlay-color":"","overlay-opacity":"","overlay-gradient":""},"mobile":{"background-color":"var(--ast-global-color-5)","background-image":"","background-repeat":"repeat","background-position":"center center","background-size":"auto","background-attachment":"scroll","background-type":"","background-media":"","overlay-type":"","overlay-color":"","overlay-opacity":"","overlay-gradient":""}},"footnotes":""},"class_list":["post-13090","page","type-page","status-publish","hentry"],"yoast_head":"<!-- This site is optimized with the Yoast SEO plugin v27.1.1 - https:\/\/yoast.com\/product\/yoast-seo-wordpress\/ -->\n<title>Autismus-Erfolgsgeschichte: Jean Deschenes | Alphalearning<\/title>\n<meta name=\"description\" content=\"Zun\u00e4chst konnten seine Therapeuten nicht glauben, dass es dasselbe Kind war; so viele Fortschritte in so kurzer Zeit passten nicht in ihren normalen Rahmen.\" \/>\n<meta name=\"robots\" content=\"index, follow, max-snippet:-1, max-image-preview:large, max-video-preview:-1\" \/>\n<link rel=\"canonical\" href=\"https:\/\/alphalearning.com\/de\/kommentare-von-alphalearning-klienten\/zitate-von-familien\/jean-deschenes\/\" \/>\n<meta property=\"og:locale\" content=\"de_DE\" \/>\n<meta property=\"og:type\" content=\"article\" \/>\n<meta property=\"og:title\" content=\"Autismus-Erfolgsgeschichte: Jean Deschenes | Alphalearning\" \/>\n<meta property=\"og:description\" content=\"Zun\u00e4chst konnten seine Therapeuten nicht glauben, dass es dasselbe Kind war; so viele Fortschritte in so kurzer Zeit passten nicht in ihren normalen Rahmen.\" \/>\n<meta property=\"og:url\" content=\"https:\/\/alphalearning.com\/de\/kommentare-von-alphalearning-klienten\/zitate-von-familien\/jean-deschenes\/\" \/>\n<meta property=\"og:site_name\" content=\"Alphalearning International\" \/>\n<meta property=\"article:modified_time\" content=\"2025-12-03T12:11:24+00:00\" \/>\n<meta property=\"og:image\" content=\"https:\/\/alphalearning.com\/wp-content\/uploads\/2024\/04\/alphalearning-logo_red_1200x675px.png\" \/>\n\t<meta property=\"og:image:width\" content=\"1200\" \/>\n\t<meta property=\"og:image:height\" content=\"675\" \/>\n\t<meta property=\"og:image:type\" content=\"image\/png\" \/>\n<meta name=\"twitter:card\" content=\"summary_large_image\" \/>\n<meta name=\"twitter:label1\" content=\"Est. reading time\" \/>\n\t<meta name=\"twitter:data1\" content=\"3 minutes\" \/>\n<!-- \/ Yoast SEO plugin. -->","yoast_head_json":{"title":"Autismus-Erfolgsgeschichte: Jean Deschenes | Alphalearning","description":"Zun\u00e4chst konnten seine Therapeuten nicht glauben, dass es dasselbe Kind war; so viele Fortschritte in so kurzer Zeit passten nicht in ihren normalen Rahmen.","robots":{"index":"index","follow":"follow","max-snippet":"max-snippet:-1","max-image-preview":"max-image-preview:large","max-video-preview":"max-video-preview:-1"},"canonical":"https:\/\/alphalearning.com\/de\/kommentare-von-alphalearning-klienten\/zitate-von-familien\/jean-deschenes\/","og_locale":"de_DE","og_type":"article","og_title":"Autismus-Erfolgsgeschichte: Jean Deschenes | Alphalearning","og_description":"Zun\u00e4chst konnten seine Therapeuten nicht glauben, dass es dasselbe Kind war; so viele Fortschritte in so kurzer Zeit passten nicht in ihren normalen Rahmen.","og_url":"https:\/\/alphalearning.com\/de\/kommentare-von-alphalearning-klienten\/zitate-von-familien\/jean-deschenes\/","og_site_name":"Alphalearning International","article_modified_time":"2025-12-03T12:11:24+00:00","og_image":[{"width":1200,"height":675,"url":"https:\/\/alphalearning.com\/wp-content\/uploads\/2024\/04\/alphalearning-logo_red_1200x675px.png","type":"image\/png"}],"twitter_card":"summary_large_image","twitter_misc":{"Est. reading time":"3 minutes"},"schema":{"@context":"https:\/\/schema.org","@graph":[{"@type":"WebPage","@id":"https:\/\/alphalearning.com\/de\/kommentare-von-alphalearning-klienten\/zitate-von-familien\/jean-deschenes\/","url":"https:\/\/alphalearning.com\/de\/kommentare-von-alphalearning-klienten\/zitate-von-familien\/jean-deschenes\/","name":"Autismus-Erfolgsgeschichte: Jean Deschenes | Alphalearning","isPartOf":{"@id":"https:\/\/alphalearning.com\/de\/#website"},"datePublished":"2024-03-27T16:30:41+00:00","dateModified":"2025-12-03T12:11:24+00:00","description":"Zun\u00e4chst konnten seine Therapeuten nicht glauben, dass es dasselbe Kind war; so viele Fortschritte in so kurzer Zeit passten nicht in ihren normalen Rahmen.","breadcrumb":{"@id":"https:\/\/alphalearning.com\/de\/kommentare-von-alphalearning-klienten\/zitate-von-familien\/jean-deschenes\/#breadcrumb"},"inLanguage":"de","potentialAction":[{"@type":"ReadAction","target":["https:\/\/alphalearning.com\/de\/kommentare-von-alphalearning-klienten\/zitate-von-familien\/jean-deschenes\/"]}]},{"@type":"BreadcrumbList","@id":"https:\/\/alphalearning.com\/de\/kommentare-von-alphalearning-klienten\/zitate-von-familien\/jean-deschenes\/#breadcrumb","itemListElement":[{"@type":"ListItem","position":1,"name":"Home","item":"https:\/\/alphalearning.com\/de\/"},{"@type":"ListItem","position":2,"name":"Kommentare von Alphalearning-Klienten","item":"https:\/\/alphalearning.com\/de\/kommentare-von-alphalearning-klienten\/"},{"@type":"ListItem","position":3,"name":"Familien","item":"https:\/\/alphalearning.com\/de\/kommentare-von-alphalearning-klienten\/zitate-von-familien\/"},{"@type":"ListItem","position":4,"name":"Jean Deschenes"}]},{"@type":"WebSite","@id":"https:\/\/alphalearning.com\/de\/#website","url":"https:\/\/alphalearning.com\/de\/","name":"Alphalearning International","description":"the brain training institute","publisher":{"@id":"https:\/\/alphalearning.com\/de\/#organization"},"potentialAction":[{"@type":"SearchAction","target":{"@type":"EntryPoint","urlTemplate":"https:\/\/alphalearning.com\/de\/?s={search_term_string}"},"query-input":{"@type":"PropertyValueSpecification","valueRequired":true,"valueName":"search_term_string"}}],"inLanguage":"de"},{"@type":"Organization","@id":"https:\/\/alphalearning.com\/de\/#organization","name":"Alphalearning International","url":"https:\/\/alphalearning.com\/de\/","logo":{"@type":"ImageObject","inLanguage":"de","@id":"https:\/\/alphalearning.com\/de\/#\/schema\/logo\/image\/","url":"https:\/\/alphalearning.com\/wp-content\/uploads\/2024\/03\/alphalearning_ico2_512px.png","contentUrl":"https:\/\/alphalearning.com\/wp-content\/uploads\/2024\/03\/alphalearning_ico2_512px.png","width":512,"height":512,"caption":"Alphalearning International"},"image":{"@id":"https:\/\/alphalearning.com\/de\/#\/schema\/logo\/image\/"}}]}},"uagb_featured_image_src":{"full":false,"thumbnail":false,"medium":false,"medium_large":false,"large":false,"1536x1536":false,"2048x2048":false,"gform-image-choice-sm":false,"gform-image-choice-md":false,"gform-image-choice-lg":false},"uagb_author_info":{"display_name":"Julio Machado","author_link":"https:\/\/alphalearning.com\/de\/author\/julio-machado\/"},"uagb_comment_info":0,"uagb_excerpt":"Erfahrungsbericht: Jean Deschenes \u00fcber Alphalearning Liebe Freunde, Eine kurze Nachricht, um Sie \u00fcber unsere Fortschritte zu informieren. Doch zun\u00e4chst erlauben [&hellip;]","_links":{"self":[{"href":"https:\/\/alphalearning.com\/de\/wp-json\/wp\/v2\/pages\/13090","targetHints":{"allow":["GET"]}}],"collection":[{"href":"https:\/\/alphalearning.com\/de\/wp-json\/wp\/v2\/pages"}],"about":[{"href":"https:\/\/alphalearning.com\/de\/wp-json\/wp\/v2\/types\/page"}],"author":[{"embeddable":true,"href":"https:\/\/alphalearning.com\/de\/wp-json\/wp\/v2\/users\/2"}],"replies":[{"embeddable":true,"href":"https:\/\/alphalearning.com\/de\/wp-json\/wp\/v2\/comments?post=13090"}],"version-history":[{"count":4,"href":"https:\/\/alphalearning.com\/de\/wp-json\/wp\/v2\/pages\/13090\/revisions"}],"predecessor-version":[{"id":17244,"href":"https:\/\/alphalearning.com\/de\/wp-json\/wp\/v2\/pages\/13090\/revisions\/17244"}],"up":[{"embeddable":true,"href":"https:\/\/alphalearning.com\/de\/wp-json\/wp\/v2\/pages\/13062"}],"wp:attachment":[{"href":"https:\/\/alphalearning.com\/de\/wp-json\/wp\/v2\/media?parent=13090"}],"curies":[{"name":"wp","href":"https:\/\/api.w.org\/{rel}","templated":true}]}}