{"id":13086,"date":"2024-03-27T16:30:24","date_gmt":"2024-03-27T16:30:24","guid":{"rendered":"https:\/\/alphalearning.com\/kommentare-von-alphalearning-klienten\/zitate-von-familien\/james-douglas\/"},"modified":"2025-12-03T12:07:40","modified_gmt":"2025-12-03T12:07:40","slug":"james-douglas","status":"publish","type":"page","link":"https:\/\/alphalearning.com\/de\/kommentare-von-alphalearning-klienten\/zitate-von-familien\/james-douglas\/","title":{"rendered":"James Douglas"},"content":{"rendered":"\n<div class=\"wp-block-uagb-advanced-heading uagb-block-4ea4a7c8\"><h1 class=\"uagb-heading-text\">Erfahrungsbericht: Frau Douglas \u00fcber ihren Sohn James Douglas<\/h1><\/div>\n\n\n\n<div class=\"wp-block-uagb-container uagb-block-b0073948 alignfull uagb-is-root-container\"><div class=\"uagb-container-inner-blocks-wrap\">\n<p>An Alphalearning<\/p>\n\n\n\n<p>Ich m\u00f6chte Ihnen die Geschichte unseres Sohnes James erz\u00e4hlen.<\/p>\n\n\n\n<p>James wurde im Alter von acht Jahren mit Legasthenie diagnostiziert. Sein ganzes Leben bereitete er uns gro\u00dfe Sorgen und trieb uns sowie seine Lehrer gelegentlich an den Rand der Verzweiflung. Sein schulisches Versagen war nur ein Teil des Problems; ein anderer Teil bestand darin, mit seiner Frustration umzugehen. Trotz seines mangelnden akademischen Erfolgs hatte er immer wieder Momente originellen Denkens, die mich davon \u00fcberzeugten, dass er eines Tages lernen und etwas erreichen w\u00fcrde. Es dauerte dreizehn Jahre des Aufsuchens verschiedener \u201eExperten\u201c, um die Hilfe f\u00fcr James zu finden \u2013 und sie kam aus einer v\u00f6llig unerwarteten Quelle: dem Alphalearning-Institut.<\/p>\n\n\n\n<p>James wurde 1982 geboren. Die Schwangerschaft verlief normal, ebenso die Geburt. In den ersten zwei Lebensjahren jedoch, nachdem er im Alter von zwei Wochen an einer Grippe erkrankt war, hatte er eine sehr schwere Zeit. Er schlief selten und schnarchte, wenn er schlief, wie eine Dampflok \u2013 worauf dann eine Stille folgte, die uns so sehr beunruhigte, dass wir ihn aus diesem unnat\u00fcrlichen Schlafzustand aufweckten. Er konnte nicht an der Brust trinken, sodass wir ihn mit einem Teel\u00f6ffel Milch f\u00fctterten, bis er alt genug f\u00fcr feste Nahrung war. Er entwickelte sich langsam und war klein f\u00fcr sein Alter. Er schrie ununterbrochen, war st\u00e4ndig krank, konnte zwar laufen, aber nicht sprechen.<\/p>\n\n\n\n<p>Da wir von unseren \u00f6rtlichen \u00c4rzten kaum Hilfe erhielten, brachten wir James zu David Morris, einem Kinderarzt in London. Er diagnostizierte ein Schlafapnoe-Syndrom \u2013 eine Erkrankung, bei der das Gehirn w\u00e4hrend des Schlafs vergessen kann, dem K\u00f6rper den Befehl zum Atmen zu geben, was zu Bewusstlosigkeit (und manchmal zum Tod) f\u00fchrt. Uns wurde klar, dass wir James in den vergangenen zwei Jahren mehrfach wiederbelebt und so eine Trag\u00f6die verhindert hatten. Der Kinderarzt empfahl, James&#8217; vergr\u00f6\u00dferte Mandeln und Polypen sofort zu entfernen, um seine Atmung zu verbessern, und wir sollten weiterhin seinen Schlaf \u00fcberwachen. James begann zu wachsen und fing mit drei Jahren an zu sprechen, aber erst mit sechs Jahren schlief er eine ganze Nacht durch, sodass wir uns endlich entspannen konnten.<\/p>\n\n\n\n<p>Doch unsere Probleme waren damit l\u00e4ngst nicht gel\u00f6st. James war immer sehr \u00fcberaktiv und konnte sich nie lange konzentrieren. Er kam mit vier Jahren in die Schule, lernte aber nur langsam. Nach der Schule war er stets extrem angespannt, knallte T\u00fcren, schlug mit dem Kopf gegen die Wand, schrie und machte alle verr\u00fcckt. Wir testeten ihn auf Unvertr\u00e4glichkeiten gegen\u00fcber Lebensmittelzusatzstoffen und Allergien, erhielten jedoch stets negative Ergebnisse.<\/p>\n\n\n\n<p>Da James in seiner \u00f6rtlichen Grundschule nicht vorankam, beschlossen wir, ihn zu seiner Schwester an eine Vorbereitungsschule (Prep School) zu schicken. Er war damals achteinhalb Jahre alt. Er gew\u00f6hnte sich schnell an das Internats- und Gemeinschaftsleben, doch im Unterricht versagte er kl\u00e4glich und wurde zunehmend st\u00f6rend. Nach dem ersten Trimester suchten wir mit James den Schulpsychologen Anthony Glasberg am Beve Hornsby Institute auf. Er diagnostizierte Legasthenie, stellte aber fest, dass James sehr intelligent sei. Sein IQ lag bei 132 (nichtsprachlich), 103 (sprachlich) und 119 (gesamt). Aufgrund dieser starken Abweichungen w\u00fcrde er jedoch gro\u00dfe Schwierigkeiten haben. Ich brachte seine Lernprobleme immer mit dem Schlafapnoe-Syndrom in Verbindung, uns wurde jedoch gesagt, es sei eine erbliche Veranlagung.<\/p>\n\n\n\n<p>Er blieb an der Vorbereitungsschule und bekam Unterst\u00fctzung von einer F\u00f6rderlehrkraft, doch seine schulischen Leistungen verbesserten sich kaum und sein Verhalten wurde immer unertr\u00e4glicher. 1991 wechselten wir James auf eine andere Vorbereitungsschule, die als beste Legasthenie-Einrichtung des Landes galt. Die dortigen Lehrkr\u00e4fte waren hochqualifiziert und \u00e4u\u00dferst verst\u00e4ndnisvoll f\u00fcr seine Bed\u00fcrfnisse. Durch diese fachkundige Betreuung lernte James zwar lesen und schreiben, dennoch war sein Verhalten unertr\u00e4glich und er war sehr ungl\u00fccklich. Inzwischen wurde ihm schmerzlich bewusst, wie sehr er versagte. Er schrieb: \u201eMein Gehirn ist wie ein Eimer mit L\u00f6chern im Boden. Alles, was ich hineintue, l\u00e4uft wieder heraus.\u201c James\u2019 Tutor gab schlie\u00dflich auf. Er hatte bereits eine Reihe von Kinder\u00e4rzten, Psychologen, Psychiatern und Therapeuten aufgesucht \u2013 ohne Erfolg. Wir beschlossen daraufhin, James wieder nach Hause zu holen und auf die \u00f6rtliche Oberschule zu schicken, damit wir ihn t\u00e4glich unterst\u00fctzen konnten.<\/p>\n\n\n\n<p>In den folgenden zwei Jahren machte James kaum Fortschritte und blieb sehr st\u00f6ranf\u00e4llig. Obgleich ein kluges Kind, frustrierte ihn seine Unf\u00e4higkeit zu lernen so sehr, dass er seinen Zorn als Ventil nutzte. Er war wie ein Ausl\u00e4nder, der unsere Sprache nicht komplett flie\u00dfend spricht. Seine Gedankeng\u00e4nge waren anders. Oft war ich versucht, f\u00fcr ihn zu \u201e\u00fcbersetzen\u201c, weil er manchmal t\u00f6richt wirkte, obwohl er bisweilen eine Weisheit zeigte, die weit \u00fcber sein Alter hinausging. Er war stets angespannt und konnte nie einen ruhigen Blick halten.<\/p>\n\n\n\n<p>Sollte er lesen, huschten seine Augen unkontrolliert \u00fcber die Seite. Es bereitete ihm offensichtlich gro\u00dfe M\u00fche. Obwohl James im Umgang sehr schwierig war, darf ich nicht unerw\u00e4hnt lassen, dass er auch \u00e4u\u00dferst liebevoll und freundlich ist. Er versteht sich hervorragend mit kleinen Kindern, konnte jedoch keine dauerhaften Freundschaften mit Gleichaltrigen schlie\u00dfen. Er ist gro\u00df, kr\u00e4ftig und ein talentierter K\u00fcnstler.<\/p>\n\n\n\n<p>Man sagte uns, es gebe jemanden, der James helfen k\u00f6nne. Mit nur sp\u00e4rlichen Informationen und ohne jegliches Informationsmaterial \u00fcber die Arbeit des Alphalearning-Instituts (alles wurde sehr kurzfristig arrangiert) fuhren wir dorthin, ohne zu wissen, was uns erwartete. Nat\u00fcrlich waren wir skeptisch, aber was dann geschah, war bemerkenswert.<\/p>\n\n\n\n<p>Nachdem wir dem Alphalearning-Institut einige Hintergrundinformationen zu James\u2019 Schwierigkeiten gegeben hatten, musste er einen Lesetest machen. Es war m\u00fchsam langsam. W\u00e4hrenddessen beobachteten sie ihn genau. Sie bemerkten die Verspannungen in seinen Schultern, seinem Nacken und Kopf und baten ihn, die Arme zu kreisen, um diese Spannung zu l\u00f6sen. Anschlie\u00dfend nahm James eine ganz neue, entspannte Haltung ein. Dann baten sie ihn aufzustehen und mit dem Mittelfinger die Nasenspitze zu ber\u00fchren. Als er seinen rechten Arm langsam bewegte, verfehlte er zun\u00e4chst die Nasenspitze um etwa f\u00fcnf Zentimeter und musste seinen Finger zur\u00fcckf\u00fchren. Ein einfacher neurologischer Test, der auf eine Sch\u00e4digung im linken hinteren Hirnbereich hinwies \u2013 und, soweit mir bekannt, bisher nie durchgef\u00fchrt worden war. Auf dem darauffolgenden EEG war zu erkennen, dass es im linken Gehirnbereich kaum Aktivit\u00e4t gab. Mir wurde angst und bange, denn es schien, als w\u00e4re James w\u00e4hrend seiner Schlafapnoe irgendwann der Sauerstoff entzogen worden.<\/p>\n\n\n\n<p>Anschlie\u00dfend setzte sich James an das Brainwave-I-Ger\u00e4t, legte eine Brille und Kopfh\u00f6rer an und h\u00f6rte zw\u00f6lf Minuten lang T\u00f6ne, die mit aufblitzendem Licht synchronisiert waren. Obwohl uns alles erkl\u00e4rt wurde, war uns vieles davon v\u00f6llig neu. Danach wurde erneut ein EEG gemacht, und James sollte wieder lesen. Er erh\u00f6hte seine Lesegeschwindigkeit deutlich. Auf dem Monitor sah man wesentlich mehr Aktivit\u00e4t, die linke und rechte Gehirnh\u00e4lfte waren jetzt ausgeglichen, und wir erkannten deutliche Alphawellen. Wir gingen, ohne genau zu wissen, welche Bedeutung das alles hatte. Drei Stunden sp\u00e4ter fragten wir James, was er gelesen hatte. An den ersten Text, den er vor der Anwendung gelesen hatte, konnte er sich nicht erinnern \u2013 aber er zitierte den zweiten Text Wort f\u00fcr Wort. Wir waren verbl\u00fcfft, denn bis dahin hatte er sich noch nicht einmal einen Kinderreim merken k\u00f6nnen.<\/p>\n\n\n\n<p>In der darauffolgenden Woche bemerkten wir viele Ver\u00e4nderungen. Er h\u00e4lt seine entspannte Haltung bei und kann seinen Blick ruhig fokussieren. Jeden Tag steigert er seine Lesegeschwindigkeit, und seine Augen flackern nicht mehr. In der Schule hat er Aufs\u00e4tze geschrieben, die in keiner Weise mit seiner fr\u00fcheren Arbeit vergleichbar sind. Seine Texte wirken durchdacht, und wie seine Schwester bemerkt hat, verwendet er pl\u00f6tzlich \u201eall diese gro\u00dfen W\u00f6rter\u201c! Er sagt, er f\u00fchle sich besser koordiniert und k\u00f6nne sich viel l\u00e4nger konzentrieren.<\/p>\n\n\n\n<p>Neun Tage nach seinem ersten Einsatz des Brainwave-I-Ger\u00e4ts wurden erneut ein EEG und weitere Tests durchgef\u00fchrt, dann folgte eine weitere Sitzung mit dem Brainwave-I-Ger\u00e4t und ein weiteres EEG. Ich konnte selbst sehen, wie erstaunlich schnell sich James\u2019 Gehirn anpasste. Er kann sich nun selbst in den Alpha-Zustand versetzen \u2013 eine bemerkenswerte Leistung!<\/p>\n\n\n\n<p>Es ist noch sehr fr\u00fch, und James hat noch einen langen Weg vor sich. Er muss viele lebenslange Gewohnheiten \u00e4ndern. Doch er hat bereits enormes Selbstvertrauen gewonnen, weil er wei\u00df, dass er in der Schule jetzt mithalten kann und nicht l\u00e4nger als \u201eLetzter\u201c dasteht.<\/p>\n\n\n\n<p>Ich pers\u00f6nlich werde dem Alphalearning-Institut immer mehr als dankbar sein, denn sie haben James buchst\u00e4blich ein Leben geschenkt.<\/p>\n\n\n\n<p>Frau P. Douglas, England<\/p>\n\n\n\n<p class=\"has-text-align-right\"><a href=\"https:\/\/alphalearning.com\/de\/ist-legasthenie-heilbar\/legasthenie-und-neurofeedback\/\">Neurofeedback und Legasthenie \u2013 Der t\u00e4gliche Ablauf eines Kurses<\/a><br><a href=\"https:\/\/alphalearning.com\/de\/ist-legasthenie-heilbar\/legasthenie-doppelblindestudie\/\">Doppelblindstudie<\/a><br><a href=\"https:\/\/alphalearning.com\/de\/ist-legasthenie-heilbar\/legasthenie-fallstudie\/\">Fallstudie<\/a><br><a href=\"https:\/\/alphalearning.com\/comments-from-alphalearning-clients\/quotes-from-families\/julia-lowes\/\">Julia Lowes \u2013 Die Geschichte einer Legasthenikerin<\/a><br><a href=\"https:\/\/alphalearning.com\/de\/kommentare-von-alphalearning-klienten\/zitate-von-familien\/dr-h-j-h-richards\/\">Dr. H. J. H. Richards<\/a><br><a href=\"https:\/\/alphalearning.com\/de\/ist-legasthenie-heilbar\/\">Kann Legasthenie geheilt werden?<\/a><\/p>\n<\/div><\/div>\n\n\n\n<p><\/p>\n","protected":false},"excerpt":{"rendered":"<p>Erfahrungsbericht: Frau Douglas \u00fcber ihren Sohn James Douglas An Alphalearning Ich m\u00f6chte Ihnen die Geschichte unseres Sohnes James erz\u00e4hlen. James [&hellip;]<\/p>\n","protected":false},"author":2,"featured_media":0,"parent":13062,"menu_order":6,"comment_status":"closed","ping_status":"closed","template":"","meta":{"_uag_custom_page_level_css":"","site-sidebar-layout":"default","site-content-layout":"","ast-site-content-layout":"default","site-content-style":"default","site-sidebar-style":"default","ast-global-header-display":"","ast-banner-title-visibility":"","ast-main-header-display":"","ast-hfb-above-header-display":"","ast-hfb-below-header-display":"","ast-hfb-mobile-header-display":"","site-post-title":"disabled","ast-breadcrumbs-content":"","ast-featured-img":"","footer-sml-layout":"","ast-disable-related-posts":"","theme-transparent-header-meta":"","adv-header-id-meta":"","stick-header-meta":"","header-above-stick-meta":"","header-main-stick-meta":"","header-below-stick-meta":"","astra-migrate-meta-layouts":"default","ast-page-background-enabled":"default","ast-page-background-meta":{"desktop":{"background-color":"var(--ast-global-color-4)","background-image":"","background-repeat":"repeat","background-position":"center center","background-size":"auto","background-attachment":"scroll","background-type":"","background-media":"","overlay-type":"","overlay-color":"","overlay-opacity":"","overlay-gradient":""},"tablet":{"background-color":"","background-image":"","background-repeat":"repeat","background-position":"center center","background-size":"auto","background-attachment":"scroll","background-type":"","background-media":"","overlay-type":"","overlay-color":"","overlay-opacity":"","overlay-gradient":""},"mobile":{"background-color":"","background-image":"","background-repeat":"repeat","background-position":"center center","background-size":"auto","background-attachment":"scroll","background-type":"","background-media":"","overlay-type":"","overlay-color":"","overlay-opacity":"","overlay-gradient":""}},"ast-content-background-meta":{"desktop":{"background-color":"var(--ast-global-color-5)","background-image":"","background-repeat":"repeat","background-position":"center center","background-size":"auto","background-attachment":"scroll","background-type":"","background-media":"","overlay-type":"","overlay-color":"","overlay-opacity":"","overlay-gradient":""},"tablet":{"background-color":"var(--ast-global-color-5)","background-image":"","background-repeat":"repeat","background-position":"center center","background-size":"auto","background-attachment":"scroll","background-type":"","background-media":"","overlay-type":"","overlay-color":"","overlay-opacity":"","overlay-gradient":""},"mobile":{"background-color":"var(--ast-global-color-5)","background-image":"","background-repeat":"repeat","background-position":"center center","background-size":"auto","background-attachment":"scroll","background-type":"","background-media":"","overlay-type":"","overlay-color":"","overlay-opacity":"","overlay-gradient":""}},"footnotes":""},"class_list":["post-13086","page","type-page","status-publish","hentry"],"yoast_head":"<!-- This site is optimized with the Yoast SEO plugin v27.1.1 - https:\/\/yoast.com\/product\/yoast-seo-wordpress\/ -->\n<title>Schlafapnoe &amp; Legasthenie: James&#039; Alphalearning-Erfolg<\/title>\n<meta name=\"description\" content=\"Entdecken Sie James&#039; Fortschritte bei Schlafapnoe und Legasthenie dank Alphalearnings Ansatz \u2013 belegt durch sofortige EEG-Ver\u00e4nderungen.\" \/>\n<meta name=\"robots\" content=\"index, follow, max-snippet:-1, max-image-preview:large, max-video-preview:-1\" \/>\n<link rel=\"canonical\" href=\"https:\/\/alphalearning.com\/de\/kommentare-von-alphalearning-klienten\/zitate-von-familien\/james-douglas\/\" \/>\n<meta property=\"og:locale\" content=\"de_DE\" \/>\n<meta property=\"og:type\" content=\"article\" \/>\n<meta property=\"og:title\" content=\"Schlafapnoe &amp; Legasthenie: James&#039; Alphalearning-Erfolg\" \/>\n<meta property=\"og:description\" content=\"Entdecken Sie James&#039; Fortschritte bei Schlafapnoe und Legasthenie dank Alphalearnings Ansatz \u2013 belegt durch sofortige EEG-Ver\u00e4nderungen.\" \/>\n<meta property=\"og:url\" content=\"https:\/\/alphalearning.com\/de\/kommentare-von-alphalearning-klienten\/zitate-von-familien\/james-douglas\/\" \/>\n<meta property=\"og:site_name\" content=\"Alphalearning International\" \/>\n<meta property=\"article:modified_time\" content=\"2025-12-03T12:07:40+00:00\" \/>\n<meta property=\"og:image\" content=\"https:\/\/alphalearning.com\/wp-content\/uploads\/2024\/04\/alphalearning-logo_red_1200x675px.png\" \/>\n\t<meta property=\"og:image:width\" content=\"1200\" \/>\n\t<meta property=\"og:image:height\" content=\"675\" \/>\n\t<meta property=\"og:image:type\" content=\"image\/png\" \/>\n<meta name=\"twitter:card\" content=\"summary_large_image\" \/>\n<meta name=\"twitter:label1\" content=\"Est. reading time\" \/>\n\t<meta name=\"twitter:data1\" content=\"6 minutes\" \/>\n<!-- \/ Yoast SEO plugin. -->","yoast_head_json":{"title":"Schlafapnoe & Legasthenie: James' Alphalearning-Erfolg","description":"Entdecken Sie James' Fortschritte bei Schlafapnoe und Legasthenie dank Alphalearnings Ansatz \u2013 belegt durch sofortige EEG-Ver\u00e4nderungen.","robots":{"index":"index","follow":"follow","max-snippet":"max-snippet:-1","max-image-preview":"max-image-preview:large","max-video-preview":"max-video-preview:-1"},"canonical":"https:\/\/alphalearning.com\/de\/kommentare-von-alphalearning-klienten\/zitate-von-familien\/james-douglas\/","og_locale":"de_DE","og_type":"article","og_title":"Schlafapnoe & Legasthenie: James' Alphalearning-Erfolg","og_description":"Entdecken Sie James' Fortschritte bei Schlafapnoe und Legasthenie dank Alphalearnings Ansatz \u2013 belegt durch sofortige EEG-Ver\u00e4nderungen.","og_url":"https:\/\/alphalearning.com\/de\/kommentare-von-alphalearning-klienten\/zitate-von-familien\/james-douglas\/","og_site_name":"Alphalearning International","article_modified_time":"2025-12-03T12:07:40+00:00","og_image":[{"width":1200,"height":675,"url":"https:\/\/alphalearning.com\/wp-content\/uploads\/2024\/04\/alphalearning-logo_red_1200x675px.png","type":"image\/png"}],"twitter_card":"summary_large_image","twitter_misc":{"Est. reading time":"6 minutes"},"schema":{"@context":"https:\/\/schema.org","@graph":[{"@type":"WebPage","@id":"https:\/\/alphalearning.com\/de\/kommentare-von-alphalearning-klienten\/zitate-von-familien\/james-douglas\/","url":"https:\/\/alphalearning.com\/de\/kommentare-von-alphalearning-klienten\/zitate-von-familien\/james-douglas\/","name":"Schlafapnoe & Legasthenie: James' Alphalearning-Erfolg","isPartOf":{"@id":"https:\/\/alphalearning.com\/de\/#website"},"datePublished":"2024-03-27T16:30:24+00:00","dateModified":"2025-12-03T12:07:40+00:00","description":"Entdecken Sie James' Fortschritte bei Schlafapnoe und Legasthenie dank Alphalearnings Ansatz \u2013 belegt durch sofortige EEG-Ver\u00e4nderungen.","breadcrumb":{"@id":"https:\/\/alphalearning.com\/de\/kommentare-von-alphalearning-klienten\/zitate-von-familien\/james-douglas\/#breadcrumb"},"inLanguage":"de","potentialAction":[{"@type":"ReadAction","target":["https:\/\/alphalearning.com\/de\/kommentare-von-alphalearning-klienten\/zitate-von-familien\/james-douglas\/"]}]},{"@type":"BreadcrumbList","@id":"https:\/\/alphalearning.com\/de\/kommentare-von-alphalearning-klienten\/zitate-von-familien\/james-douglas\/#breadcrumb","itemListElement":[{"@type":"ListItem","position":1,"name":"Home","item":"https:\/\/alphalearning.com\/de\/"},{"@type":"ListItem","position":2,"name":"Kommentare von Alphalearning-Klienten","item":"https:\/\/alphalearning.com\/de\/kommentare-von-alphalearning-klienten\/"},{"@type":"ListItem","position":3,"name":"Familien","item":"https:\/\/alphalearning.com\/de\/kommentare-von-alphalearning-klienten\/zitate-von-familien\/"},{"@type":"ListItem","position":4,"name":"James Douglas"}]},{"@type":"WebSite","@id":"https:\/\/alphalearning.com\/de\/#website","url":"https:\/\/alphalearning.com\/de\/","name":"Alphalearning International","description":"the brain training institute","publisher":{"@id":"https:\/\/alphalearning.com\/de\/#organization"},"potentialAction":[{"@type":"SearchAction","target":{"@type":"EntryPoint","urlTemplate":"https:\/\/alphalearning.com\/de\/?s={search_term_string}"},"query-input":{"@type":"PropertyValueSpecification","valueRequired":true,"valueName":"search_term_string"}}],"inLanguage":"de"},{"@type":"Organization","@id":"https:\/\/alphalearning.com\/de\/#organization","name":"Alphalearning International","url":"https:\/\/alphalearning.com\/de\/","logo":{"@type":"ImageObject","inLanguage":"de","@id":"https:\/\/alphalearning.com\/de\/#\/schema\/logo\/image\/","url":"https:\/\/alphalearning.com\/wp-content\/uploads\/2024\/03\/alphalearning_ico2_512px.png","contentUrl":"https:\/\/alphalearning.com\/wp-content\/uploads\/2024\/03\/alphalearning_ico2_512px.png","width":512,"height":512,"caption":"Alphalearning International"},"image":{"@id":"https:\/\/alphalearning.com\/de\/#\/schema\/logo\/image\/"}}]}},"uagb_featured_image_src":{"full":false,"thumbnail":false,"medium":false,"medium_large":false,"large":false,"1536x1536":false,"2048x2048":false,"gform-image-choice-sm":false,"gform-image-choice-md":false,"gform-image-choice-lg":false},"uagb_author_info":{"display_name":"Julio Machado","author_link":"https:\/\/alphalearning.com\/de\/author\/julio-machado\/"},"uagb_comment_info":0,"uagb_excerpt":"Erfahrungsbericht: Frau Douglas \u00fcber ihren Sohn James Douglas An Alphalearning Ich m\u00f6chte Ihnen die Geschichte unseres Sohnes James erz\u00e4hlen. James [&hellip;]","_links":{"self":[{"href":"https:\/\/alphalearning.com\/de\/wp-json\/wp\/v2\/pages\/13086","targetHints":{"allow":["GET"]}}],"collection":[{"href":"https:\/\/alphalearning.com\/de\/wp-json\/wp\/v2\/pages"}],"about":[{"href":"https:\/\/alphalearning.com\/de\/wp-json\/wp\/v2\/types\/page"}],"author":[{"embeddable":true,"href":"https:\/\/alphalearning.com\/de\/wp-json\/wp\/v2\/users\/2"}],"replies":[{"embeddable":true,"href":"https:\/\/alphalearning.com\/de\/wp-json\/wp\/v2\/comments?post=13086"}],"version-history":[{"count":8,"href":"https:\/\/alphalearning.com\/de\/wp-json\/wp\/v2\/pages\/13086\/revisions"}],"predecessor-version":[{"id":17242,"href":"https:\/\/alphalearning.com\/de\/wp-json\/wp\/v2\/pages\/13086\/revisions\/17242"}],"up":[{"embeddable":true,"href":"https:\/\/alphalearning.com\/de\/wp-json\/wp\/v2\/pages\/13062"}],"wp:attachment":[{"href":"https:\/\/alphalearning.com\/de\/wp-json\/wp\/v2\/media?parent=13086"}],"curies":[{"name":"wp","href":"https:\/\/api.w.org\/{rel}","templated":true}]}}