{"id":13082,"date":"2024-03-27T16:29:59","date_gmt":"2024-03-27T16:29:59","guid":{"rendered":"https:\/\/alphalearning.com\/kommentare-von-alphalearning-klienten\/zitate-von-familien\/inez-de-heer-koots\/"},"modified":"2025-12-03T11:51:49","modified_gmt":"2025-12-03T11:51:49","slug":"inez-de-heer-koots","status":"publish","type":"page","link":"https:\/\/alphalearning.com\/de\/kommentare-von-alphalearning-klienten\/zitate-von-familien\/inez-de-heer-koots\/","title":{"rendered":"Inez de Heer Koots"},"content":{"rendered":"\n<div class=\"wp-block-uagb-advanced-heading uagb-block-18ab8d3f\"><h1 class=\"uagb-heading-text\">Erfahrungsbericht: Inez de Heer Koots \u00fcber Alphalearning<\/h1><\/div>\n\n\n\n<div class=\"wp-block-uagb-container uagb-block-c8bc9862 alignfull uagb-is-root-container\"><div class=\"uagb-container-inner-blocks-wrap\">\n<p><strong>Inez de Heer Koots und Theo van der Hoeven \u2013 Niederlande<\/strong><\/p>\n\n\n\n<p>An Alphalearning,<\/p>\n\n\n\n<p>Die Ergebnisse der Behandlung unseres Sohnes Maarten durch das Alphalearning-Institut waren so fantastisch, dass wir den folgenden \u201eArtikel\u201c verfasst haben. Wir hoffen, dass Sie ihn ver\u00f6ffentlichen k\u00f6nnen, damit auch anderen Kindern mit Hirnsch\u00e4digungen geholfen werden kann.<\/p>\n\n\n\n<p>\u201eWir haben einen Sohn \u2013 ein gro\u00dfartiger Junge \u2013, der zum Alphalearning-Institut ging, wo er wieder \u201arepariert\u2018 wurde.\u201c Diese Worte stammen von Theo van der Hoeven und Inez de Heer Kloots, Maartens Eltern.<\/p>\n\n\n\n<p>Maartens Vater berichtet von einer au\u00dfergew\u00f6hnlichen Erfahrung, die er im Institut gemacht hat \u2013 etwas beinahe Wunderbares, das sich w\u00e4hrend der Ferien ereignete. Sie waren noch in Schweden, als sie einen Anruf von ihrem Arzt bekamen. Er teilte Maarten und seinem Vater mit, dass sie beide im Alphalearning-Institut erwartet w\u00fcrden. Beide sollten in einem Hirnforschungsinstitut behandelt werden, das behauptet, Gehirne \u201ereparieren\u201c zu k\u00f6nnen.<\/p>\n\n\n\n<p>Bevor Maarten behandelt wurde, machte man eine Videoaufnahme, in der er einige einfache Aufgaben ausf\u00fchren musste. So sollte er sich auf ein Bein stellen \u2013 erst auf das linke, dann auf das rechte. Das gelang ihm bei beiden Beinen nicht auf Anhieb, und auch das Gehen in einer geraden Linie schien unm\u00f6glich. Sein linkes Bein wackelte, und beim Gehen wirkte es, als h\u00e4tte er einen \u201eKlumpfu\u00df\u201c. Ganz so schlimm war es zwar nicht, aber beunruhigen konnte es uns schon. W\u00e4hrend unseres Urlaubs in Schweden war Maartens Gang immer wieder Thema unserer Gespr\u00e4che. Sein Fu\u00df war schon immer leicht nach innen gedreht. Spezialisten hatten uns versichert, das w\u00fcrde sich irgendwann geben, aber bisher war kaum Besserung zu sehen.<\/p>\n\n\n\n<p>Die Behandlung:<br>Die vom Alphalearning-Institut durchgef\u00fchrte Behandlung ist \u201eeinfach\u201c \u2013 Sensoren werden am Kopf, vor allem an der Stirn, angebracht. Diese Sensoren sind mit einem Computer verbunden. Durch verschiedene Aufgaben wird das Gehirn stimuliert, um ein EEG zu erzeugen, das die Aktivit\u00e4t beider Gehirnh\u00e4lften anzeigt. Maartens EEG unterscheidet sich stark von dem seines Vaters und dem anderer Personen (siehe Abbildung).<\/p>\n\n\n\n<p>Als N\u00e4chstes setzt sich Maarten f\u00fcr 12 Minuten hin und wird an ein Licht- und Ton-\u201eRegler\u201c-Ger\u00e4t angeschlossen. Anschlie\u00dfend muss er weitere Aufgaben ausf\u00fchren. Und dann, nach dieser Sitzung, passiert etwas, das einem Au\u00dfenstehenden geradezu unglaublich vorkommen muss.<\/p>\n\n\n\n<p><strong>\u201eVoller Ungl\u00e4ubigkeit und mit Tr\u00e4nen in den Augen beobachte ich, wie Maarten sein linkes Bein auf Anhieb hochhebt \u2013 etwas, das er vorher nie konnte \u2026 Noch unglaublicher ist, dass er sein Bein nun ruhig halten kann, vollkommen aufrecht geht und die Welt wieder mit einem L\u00e4cheln erobert. Ich kann es kaum fassen, obwohl ich es mit eigenen Augen sehe. Ist das wirklich wahr? Bleibt es so? Ist das hier Lourdes oder Billy Graham? Es ist einfach zu fantastisch, um wahr zu sein. Alle Anwesenden sind gleicherma\u00dfen erstaunt und gl\u00fccklich. Maartens Fu\u00df beh\u00e4lt jetzt die richtige Stellung, was f\u00fcr uns der einzig wirkliche und \u00fcberzeugende Beweis daf\u00fcr ist, dass sich tats\u00e4chlich etwas ver\u00e4ndert hat.\u201c<\/strong><\/p>\n\n\n\n<p>Guter Rat ist f\u00fcr gew\u00f6hnlich nicht billig, und in diesem Fall kam der gute Rat vom Alphalearning-Institut und von Rainer Dietrich, Professor f\u00fcr P\u00e4dagogik an der Universit\u00e4t der Bundeswehr in Hamburg. Beide rieten uns, eine internationale Schule oder eine Schule zu suchen, die Erfahrungen mit Kindern mit Entwicklungsverz\u00f6gerungen hat. <strong>Leicht euphorisiert ging die ganze Familie ins Wochenende.<\/strong><\/p>\n\n\n\n<p>Am Samstag probiert Maarten neue Schuhe an. Vorsichtig macht er seine ersten Schritte in eine neue Welt \u2013 wir folgen ihm staunend.<\/p>\n\n\n\n<p>Am Montag findet ein Gespr\u00e4ch mit der Schulleitung von Maupertuus, einer Privatschule in Bosch en Duin, statt. Diese Privatschule betreut Kinder mit Lese- und Rechtschreibproblemen. Wir erz\u00e4hlen ihnen von unseren Erlebnissen im Institut, und sie zeigen gro\u00dfes Interesse daran. Maarten wird am Dienstag getestet \u2013 er will nicht zur\u00fcck an seine alte Schule. Am n\u00e4chsten Tag f\u00e4hrt er die elf Kilometer mit dem Fahrrad alleine zu seiner neuen Schule. Als er nach Hause kommt, strahlt er: \u201eIch bin so froh, dass ich nicht mehr mit dem Bus fahren muss \u2026\u201c.<\/p>\n\n\n\n<p>Seit drei Wochen besucht Maarten nun die neue Schule. Er ist echt wie ausgewechselt. Jeden Morgen um sieben Uhr geht er duschen, was vor der Behandlung unvorstellbar gewesen w\u00e4re.<\/p>\n\n\n\n<p>Jede Woche geben wir ihm etwas Taschengeld, damit er sich wie vom Institut empfohlen ein Buch seiner Wahl kaufen kann. Es ist schon mehrfach vorgekommen, dass er so begeistert ist, dass er direkt nach dem Aufstehen zu lesen anf\u00e4ngt, noch bevor er fr\u00fchst\u00fcckt. Auch seine Hausaufgaben macht er jeden Tag ohne Murren. Au\u00dferdem hat er sich einen Nebenjob in einer Bronze-Gie\u00dferei gesucht.<\/p>\n\n\n\n<p>Wenn man ihn fragt, was er sp\u00e4ter werden m\u00f6chte, bekommt man eine klare Antwort: \u201eIch werde Medizin studieren.\u201c Maarten m\u00f6chte lernen, lesen, wachsen und etwas in dieser Welt erreichen.<\/p>\n\n\n\n<p>In unserer Familie hat sich viel ver\u00e4ndert.<\/p>\n\n\n\n<p>Danke!<\/p>\n\n\n\n<p>Inez de Heer Koots und Theo van der Hoeven,<br>Maartens Eltern<\/p>\n\n\n\n<p><strong>Medizinische Vorgeschichte von Maarten van der Hoeven<\/strong><br>Maarten van der Hoeven wurde am 31. Oktober 1981 um 00:20 Uhr zu Hause geboren. Sein Vater war noch damit besch\u00e4ftigt, das Kinderbett zusammenzubauen, als seine Mutter bereits in den Wehen lag. Die Geburt verlief ohne Probleme, und die Eltern waren \u00fcbergl\u00fccklich mit ihrem Sohn. Maarten war ein Wunschkind, seine Geburt war geplant, auch wenn das Haus zum Zeitpunkt seiner Geburt noch renoviert wurde.<\/p>\n\n\n\n<p>Die ersten Jahre von Maartens Leben verliefen sorglos. Er spielte zwischen den Baumaterialien, formte mit Ton in der elterlichen Kunstwerkstatt und baute mit Sand im Sandkasten.<\/p>\n\n\n\n<p>Maartens Aufwachsen war buchst\u00e4blich ein st\u00e4ndiges Hinfallen und Wiederaufstehen. Zwei seiner St\u00fcrze h\u00e4tten die Familie beinahe an den Rand des M\u00f6glichen gebracht. Das erste Mal st\u00fcrzte er mit einem Jahr die Treppe hinunter. Soweit wir feststellen konnten, verursachte dies keine dauerhaften Sch\u00e4den. Das zweite Mal \u2013 er war damals zweieinhalb Jahre alt \u2013 fiel er erneut und stie\u00df gegen den Nachttisch. Er verletzte sich an der Nase, die in der Notaufnahme gen\u00e4ht werden musste. Als die Eltern das Blut aus der gro\u00dfen Wunde in der N\u00e4he seines Auges str\u00f6men sahen, gerieten sie in gro\u00dfe Angst. Panik brach aus.<\/p>\n\n\n\n<p>Die Eingew\u00f6hnung in den Spielkreis war f\u00fcr Maarten gew\u00f6hnungsbed\u00fcrftig. Ihm fehlte der Kampfgeist \u2013 er spielte lieber allein in einer Ecke. Dennoch beteiligte er sich an den Spielen und erz\u00e4hlte beim gemeinsamen Sitzkreis begeistert Geschichten. Doch beim Singen war Maarten immer langsamer als die anderen Kinder. Auch jetzt blieb der Wunsch, lieber f\u00fcr sich allein zu spielen.<\/p>\n\n\n\n<p>Nach dem Spielkreis ging Maarten in den Kindergarten. Aus grunds\u00e4tzlichen \u00dcberlegungen entschieden sich seine Eltern dann f\u00fcr eine Montessori-Schule. Sie fanden, dass diese Schulform zu seinem ausgepr\u00e4gten Sinn f\u00fcr Unabh\u00e4ngigkeit passen w\u00fcrde. Maarten war dort nicht ungl\u00fccklich. Doch obwohl er das Alphabet auf verschiedene Weisen \u00fcbte, kam er nicht wirklich voran. Merkw\u00fcrdigerweise konnte er jedoch anderen Kindern genau sagen, worin ihr Fehler lag, wenn sie etwas falsch machten. Dennoch empfanden die Aufsichtspersonen Maarten als ein \u201ecleveres Kind\u201c, denn sie hatten noch nie erlebt, dass ein Sch\u00fcler andere Kinder aus ihren Klassen lockte, um ihnen Geschichten vorzulesen \u2026 Seine Lehrerin war \u00fcberrascht: Maarten konnte doch gar nicht lesen, oder? Zu diesem Zeitpunkt waren seine Eltern noch nicht allzu besorgt. Zumindest nicht, bis er in die dritte Klasse kam. Es war fast Zeit f\u00fcr die Zeugnisse vor den Weihnachtsferien, und sowohl die Eltern als auch die Lehrer sp\u00fcrten, dass mit Maartens Leseverm\u00f6gen definitiv etwas nicht stimmte. Maarten wurde depressiv und traurig, weil er nicht lesen konnte. In der Schule versuchte er, dem Ganzen zu entfliehen, indem er oft zur Toilette ging \u2013 der Hausarzt konnte jedoch nichts feststellen.<\/p>\n\n\n\n<p>Die Computer im Flur der Schule faszinierten Maarten. Auch seine Lehrer waren \u00fcberrascht, dass er nicht bessere Ergebnisse erzielte. Ihr Eindruck im Unterricht stimmte nicht mit den schlechten Noten \u00fcberein.<\/p>\n\n\n\n<p>Maarten wurde von einem Orthop\u00e4diater getestet, der ihn an Professor Verdonck sen. von der Universit\u00e4t Utrecht verwies. Die Tests ergaben eine Funktionsst\u00f6rung, einen \u201ereinen Bilddenker\u201c. In seiner gesamten Laufbahn sei ihm ein solcher Fall nur einmal begegnet. \u201eEin bemerkenswert intelligentes Kind\u201c, lautete Professor Verdoncks Kommentar. Zur Sicherheit wurden ein EEG und eine Bildgebung des Gehirns gemacht. Zum Gl\u00fcck waren die Ergebnisse nicht beunruhigend.<\/p>\n\n\n\n<p>Nach den Tests arbeitete Maartens Mutter jeden Tag in der Schule mit ihm. Sie \u00fcbte das Alphabet mit Holzbuchstaben, wodurch er immerhin 16 Buchstaben einigerma\u00dfen erkennen konnte. Unten folgt eine Zusammenfassung der Behandlungen und Schulen, die Maartens Leben gepr\u00e4gt haben. Dabei blieb er trotz allem ein fr\u00f6hliches Kind:<\/p>\n\n\n\n<ul class=\"wp-block-list\">\n<li>Test durch den Orthop\u00e4den Dr. Leo Blauw<\/li>\n\n\n\n<li>Test durch Dr. Prof. Piet Verdonck sen.<\/li>\n\n\n\n<li>Untersuchung durch Neurologen Onno van Nieuwenhuizen<\/li>\n\n\n\n<li>Besuch der Schule \u201eBerg en Bosch\u201c f\u00fcr Sonderp\u00e4dagogik und chronisch kranke Kinder in Bilthoven, wie vom Orthop\u00e4den empfohlen.<\/li>\n<\/ul>\n\n\n\n<p>Da an dieser Schule mehrere Kinder an Legasthenie litten, sollten Studierende der Universit\u00e4t Utrecht nach Bilthoven kommen, um sie zu f\u00f6rdern. Leider scheiterte dies an finanziellen H\u00fcrden.<\/p>\n\n\n\n<p>Nach vier Monaten folgte das Pedologische Institut (P.I.) in Amsterdam. Dies ergab sich aus dem Kontakt zwischen diesem Institut und dem Orthop\u00e4den der Berg-en-Bosch-Schule. Maarten nahm dort an einem Forschungsprogramm f\u00fcr Kinder mit Leseschwierigkeiten unter der Leitung von Professor Bakker teil. Jeden Tag \u00fcbte Maarten das Lesen, um sowohl den auditiven als auch den visuellen Teil der linken Gehirnhemisph\u00e4re anzuregen. Dazu wurde ein spezielles Computerprogramm eingesetzt. Ansprechpartner am P.I. war Herr J. Kappers.<br>\u2013 Seltsamerweise fragte keiner der Spezialisten jemals nach Maartens St\u00fcrzen und Verletzungen, <strong>dabei war das eine der ersten Fragen, die im Alphalearning-Institut gestellt wurden.<\/strong><\/p>\n\n\n\n<p>Und am Ende des Tages \u2026 verholfen durch das Alphalearning.<\/p>\n<\/div><\/div>\n","protected":false},"excerpt":{"rendered":"<p>Erfahrungsbericht: Inez de Heer Koots \u00fcber Alphalearning Inez de Heer Koots und Theo van der Hoeven \u2013 Niederlande An Alphalearning, [&hellip;]<\/p>\n","protected":false},"author":2,"featured_media":0,"parent":13062,"menu_order":4,"comment_status":"closed","ping_status":"closed","template":"","meta":{"_uag_custom_page_level_css":"","site-sidebar-layout":"default","site-content-layout":"","ast-site-content-layout":"default","site-content-style":"default","site-sidebar-style":"default","ast-global-header-display":"","ast-banner-title-visibility":"","ast-main-header-display":"","ast-hfb-above-header-display":"","ast-hfb-below-header-display":"","ast-hfb-mobile-header-display":"","site-post-title":"disabled","ast-breadcrumbs-content":"","ast-featured-img":"","footer-sml-layout":"","ast-disable-related-posts":"","theme-transparent-header-meta":"","adv-header-id-meta":"","stick-header-meta":"","header-above-stick-meta":"","header-main-stick-meta":"","header-below-stick-meta":"","astra-migrate-meta-layouts":"default","ast-page-background-enabled":"default","ast-page-background-meta":{"desktop":{"background-color":"var(--ast-global-color-4)","background-image":"","background-repeat":"repeat","background-position":"center center","background-size":"auto","background-attachment":"scroll","background-type":"","background-media":"","overlay-type":"","overlay-color":"","overlay-opacity":"","overlay-gradient":""},"tablet":{"background-color":"","background-image":"","background-repeat":"repeat","background-position":"center center","background-size":"auto","background-attachment":"scroll","background-type":"","background-media":"","overlay-type":"","overlay-color":"","overlay-opacity":"","overlay-gradient":""},"mobile":{"background-color":"","background-image":"","background-repeat":"repeat","background-position":"center center","background-size":"auto","background-attachment":"scroll","background-type":"","background-media":"","overlay-type":"","overlay-color":"","overlay-opacity":"","overlay-gradient":""}},"ast-content-background-meta":{"desktop":{"background-color":"var(--ast-global-color-5)","background-image":"","background-repeat":"repeat","background-position":"center center","background-size":"auto","background-attachment":"scroll","background-type":"","background-media":"","overlay-type":"","overlay-color":"","overlay-opacity":"","overlay-gradient":""},"tablet":{"background-color":"var(--ast-global-color-5)","background-image":"","background-repeat":"repeat","background-position":"center center","background-size":"auto","background-attachment":"scroll","background-type":"","background-media":"","overlay-type":"","overlay-color":"","overlay-opacity":"","overlay-gradient":""},"mobile":{"background-color":"var(--ast-global-color-5)","background-image":"","background-repeat":"repeat","background-position":"center center","background-size":"auto","background-attachment":"scroll","background-type":"","background-media":"","overlay-type":"","overlay-color":"","overlay-opacity":"","overlay-gradient":""}},"footnotes":""},"class_list":["post-13082","page","type-page","status-publish","hentry"],"yoast_head":"<!-- This site is optimized with the Yoast SEO plugin v27.1.1 - https:\/\/yoast.com\/product\/yoast-seo-wordpress\/ -->\n<title>Gehirnschaden \u00fcberwunden \u2013 Maartens Erfolg bei Alphalearning<\/title>\n<meta name=\"description\" content=\"\u201eMit Ungl\u00e4ubigkeit und Tr\u00e4nen in den Augen beobachte ich, wie Maarten sich auf einmal auf sein linkes Bein stellt \u2013 etwas, das er nie zuvor konnte\u2026\u201c\" \/>\n<meta name=\"robots\" content=\"index, follow, max-snippet:-1, max-image-preview:large, max-video-preview:-1\" \/>\n<link rel=\"canonical\" href=\"https:\/\/alphalearning.com\/de\/kommentare-von-alphalearning-klienten\/zitate-von-familien\/inez-de-heer-koots\/\" \/>\n<meta property=\"og:locale\" content=\"de_DE\" \/>\n<meta property=\"og:type\" content=\"article\" \/>\n<meta property=\"og:title\" content=\"Gehirnschaden \u00fcberwunden \u2013 Maartens Erfolg bei Alphalearning\" \/>\n<meta property=\"og:description\" content=\"\u201eMit Ungl\u00e4ubigkeit und Tr\u00e4nen in den Augen beobachte ich, wie Maarten sich auf einmal auf sein linkes Bein stellt \u2013 etwas, das er nie zuvor konnte\u2026\u201c\" \/>\n<meta property=\"og:url\" content=\"https:\/\/alphalearning.com\/de\/kommentare-von-alphalearning-klienten\/zitate-von-familien\/inez-de-heer-koots\/\" \/>\n<meta property=\"og:site_name\" content=\"Alphalearning International\" \/>\n<meta property=\"article:modified_time\" content=\"2025-12-03T11:51:49+00:00\" \/>\n<meta property=\"og:image\" content=\"https:\/\/alphalearning.com\/wp-content\/uploads\/2024\/04\/alphalearning-logo_red_1200x675px.png\" \/>\n\t<meta property=\"og:image:width\" content=\"1200\" \/>\n\t<meta property=\"og:image:height\" content=\"675\" \/>\n\t<meta property=\"og:image:type\" content=\"image\/png\" \/>\n<meta name=\"twitter:card\" content=\"summary_large_image\" \/>\n<meta name=\"twitter:label1\" content=\"Est. reading time\" \/>\n\t<meta name=\"twitter:data1\" content=\"7 minutes\" \/>\n<!-- \/ Yoast SEO plugin. -->","yoast_head_json":{"title":"Gehirnschaden \u00fcberwunden \u2013 Maartens Erfolg bei Alphalearning","description":"\u201eMit Ungl\u00e4ubigkeit und Tr\u00e4nen in den Augen beobachte ich, wie Maarten sich auf einmal auf sein linkes Bein stellt \u2013 etwas, das er nie zuvor konnte\u2026\u201c","robots":{"index":"index","follow":"follow","max-snippet":"max-snippet:-1","max-image-preview":"max-image-preview:large","max-video-preview":"max-video-preview:-1"},"canonical":"https:\/\/alphalearning.com\/de\/kommentare-von-alphalearning-klienten\/zitate-von-familien\/inez-de-heer-koots\/","og_locale":"de_DE","og_type":"article","og_title":"Gehirnschaden \u00fcberwunden \u2013 Maartens Erfolg bei Alphalearning","og_description":"\u201eMit Ungl\u00e4ubigkeit und Tr\u00e4nen in den Augen beobachte ich, wie Maarten sich auf einmal auf sein linkes Bein stellt \u2013 etwas, das er nie zuvor konnte\u2026\u201c","og_url":"https:\/\/alphalearning.com\/de\/kommentare-von-alphalearning-klienten\/zitate-von-familien\/inez-de-heer-koots\/","og_site_name":"Alphalearning International","article_modified_time":"2025-12-03T11:51:49+00:00","og_image":[{"width":1200,"height":675,"url":"https:\/\/alphalearning.com\/wp-content\/uploads\/2024\/04\/alphalearning-logo_red_1200x675px.png","type":"image\/png"}],"twitter_card":"summary_large_image","twitter_misc":{"Est. reading time":"7 minutes"},"schema":{"@context":"https:\/\/schema.org","@graph":[{"@type":"WebPage","@id":"https:\/\/alphalearning.com\/de\/kommentare-von-alphalearning-klienten\/zitate-von-familien\/inez-de-heer-koots\/","url":"https:\/\/alphalearning.com\/de\/kommentare-von-alphalearning-klienten\/zitate-von-familien\/inez-de-heer-koots\/","name":"Gehirnschaden \u00fcberwunden \u2013 Maartens Erfolg bei Alphalearning","isPartOf":{"@id":"https:\/\/alphalearning.com\/de\/#website"},"datePublished":"2024-03-27T16:29:59+00:00","dateModified":"2025-12-03T11:51:49+00:00","description":"\u201eMit Ungl\u00e4ubigkeit und Tr\u00e4nen in den Augen beobachte ich, wie Maarten sich auf einmal auf sein linkes Bein stellt \u2013 etwas, das er nie zuvor konnte\u2026\u201c","breadcrumb":{"@id":"https:\/\/alphalearning.com\/de\/kommentare-von-alphalearning-klienten\/zitate-von-familien\/inez-de-heer-koots\/#breadcrumb"},"inLanguage":"de","potentialAction":[{"@type":"ReadAction","target":["https:\/\/alphalearning.com\/de\/kommentare-von-alphalearning-klienten\/zitate-von-familien\/inez-de-heer-koots\/"]}]},{"@type":"BreadcrumbList","@id":"https:\/\/alphalearning.com\/de\/kommentare-von-alphalearning-klienten\/zitate-von-familien\/inez-de-heer-koots\/#breadcrumb","itemListElement":[{"@type":"ListItem","position":1,"name":"Home","item":"https:\/\/alphalearning.com\/de\/"},{"@type":"ListItem","position":2,"name":"Kommentare von Alphalearning-Klienten","item":"https:\/\/alphalearning.com\/de\/kommentare-von-alphalearning-klienten\/"},{"@type":"ListItem","position":3,"name":"Familien","item":"https:\/\/alphalearning.com\/de\/kommentare-von-alphalearning-klienten\/zitate-von-familien\/"},{"@type":"ListItem","position":4,"name":"Inez de Heer Koots"}]},{"@type":"WebSite","@id":"https:\/\/alphalearning.com\/de\/#website","url":"https:\/\/alphalearning.com\/de\/","name":"Alphalearning International","description":"the brain training institute","publisher":{"@id":"https:\/\/alphalearning.com\/de\/#organization"},"potentialAction":[{"@type":"SearchAction","target":{"@type":"EntryPoint","urlTemplate":"https:\/\/alphalearning.com\/de\/?s={search_term_string}"},"query-input":{"@type":"PropertyValueSpecification","valueRequired":true,"valueName":"search_term_string"}}],"inLanguage":"de"},{"@type":"Organization","@id":"https:\/\/alphalearning.com\/de\/#organization","name":"Alphalearning International","url":"https:\/\/alphalearning.com\/de\/","logo":{"@type":"ImageObject","inLanguage":"de","@id":"https:\/\/alphalearning.com\/de\/#\/schema\/logo\/image\/","url":"https:\/\/alphalearning.com\/wp-content\/uploads\/2024\/03\/alphalearning_ico2_512px.png","contentUrl":"https:\/\/alphalearning.com\/wp-content\/uploads\/2024\/03\/alphalearning_ico2_512px.png","width":512,"height":512,"caption":"Alphalearning International"},"image":{"@id":"https:\/\/alphalearning.com\/de\/#\/schema\/logo\/image\/"}}]}},"uagb_featured_image_src":{"full":false,"thumbnail":false,"medium":false,"medium_large":false,"large":false,"1536x1536":false,"2048x2048":false,"gform-image-choice-sm":false,"gform-image-choice-md":false,"gform-image-choice-lg":false},"uagb_author_info":{"display_name":"Julio Machado","author_link":"https:\/\/alphalearning.com\/de\/author\/julio-machado\/"},"uagb_comment_info":0,"uagb_excerpt":"Erfahrungsbericht: Inez de Heer Koots \u00fcber Alphalearning Inez de Heer Koots und Theo van der Hoeven \u2013 Niederlande An Alphalearning, [&hellip;]","_links":{"self":[{"href":"https:\/\/alphalearning.com\/de\/wp-json\/wp\/v2\/pages\/13082","targetHints":{"allow":["GET"]}}],"collection":[{"href":"https:\/\/alphalearning.com\/de\/wp-json\/wp\/v2\/pages"}],"about":[{"href":"https:\/\/alphalearning.com\/de\/wp-json\/wp\/v2\/types\/page"}],"author":[{"embeddable":true,"href":"https:\/\/alphalearning.com\/de\/wp-json\/wp\/v2\/users\/2"}],"replies":[{"embeddable":true,"href":"https:\/\/alphalearning.com\/de\/wp-json\/wp\/v2\/comments?post=13082"}],"version-history":[{"count":15,"href":"https:\/\/alphalearning.com\/de\/wp-json\/wp\/v2\/pages\/13082\/revisions"}],"predecessor-version":[{"id":17234,"href":"https:\/\/alphalearning.com\/de\/wp-json\/wp\/v2\/pages\/13082\/revisions\/17234"}],"up":[{"embeddable":true,"href":"https:\/\/alphalearning.com\/de\/wp-json\/wp\/v2\/pages\/13062"}],"wp:attachment":[{"href":"https:\/\/alphalearning.com\/de\/wp-json\/wp\/v2\/media?parent=13082"}],"curies":[{"name":"wp","href":"https:\/\/api.w.org\/{rel}","templated":true}]}}