{"id":13078,"date":"2024-03-27T16:29:11","date_gmt":"2024-03-27T16:29:11","guid":{"rendered":"https:\/\/alphalearning.com\/kommentare-von-alphalearning-klienten\/zitate-von-familien\/dra-tania-and-barbara-valery\/"},"modified":"2025-12-03T11:50:14","modified_gmt":"2025-12-03T11:50:14","slug":"dra-tania-and-barbara-valery","status":"publish","type":"page","link":"https:\/\/alphalearning.com\/de\/kommentare-von-alphalearning-klienten\/zitate-von-familien\/dra-tania-and-barbara-valery\/","title":{"rendered":"Dr. Tania and Barbara Valery"},"content":{"rendered":"\n<div class=\"wp-block-uagb-advanced-heading uagb-block-43c14b46\"><h1 class=\"uagb-heading-text\">Dr. Tania und Barbara Valery \u00fcber ihre Erfahrungen mit Alphalearning<\/h1><\/div>\n\n\n\n<p>Dieses Video pr\u00e4sentiert die Erfahrungsberichte von Dr. Tania und Barbara Valery zum Thema Legasthenie, nachdem sie an unserem Kurs &#8220;Das Lernen Lernen&#8221; teilgenommen haben. Bei Dr. Tania Valery, Rechtsanw\u00e4ltin, und ihrer Tochter, der Studentin Barbara Valery, wurde allein in Bezug auf das Lesen eine Steigerung von Lesegeschwindigkeit und -verst\u00e4ndnis um rund 600\u202f% erreicht. Durch das fortlaufende Training werden sich weitere F\u00e4higkeiten entwickeln, und Fortschritte im Umgang mit Legasthenie sichtbar.<\/p>\n\n\n\n<div style=\"text-align: center;\">\n<iframe loading=\"lazy\" width=\"560\" height=\"315\" src=\"https:\/\/www.youtube.com\/embed\/oIS29XQo7VI?si=xZFZqboY3QSn06-T&#038;cc_lang_pref=de&#038;cc_load_policy=1&#038;hl=de&#038;rel=0\" title=\"YouTube video player\" frameborder=\"0\" allow=\"accelerometer; autoplay; clipboard-write; encrypted-media; gyroscope; picture-in-picture; web-share\" allowfullscreen><\/iframe>\n<\/div>\n\n\n\n<div class=\"wp-block-uagb-container uagb-block-648b58d7 alignfull uagb-is-root-container\"><div class=\"uagb-container-inner-blocks-wrap\">\n<p><strong>Fazit<\/strong><\/p>\n\n\n\n<p>\u201eLesen ist die Kr\u00f6nung dessen, wozu Menschen f\u00e4hig sind. Es ist die komplexeste menschliche Funktion.\u201c Diese Worte fassen die Arbeit der Neurologin Dr. Sally Shaywitz an der School of Medicine der Yale University (USA) zusammen.<\/p>\n\n\n\n<p>Aufgrund seiner Komplexit\u00e4t erfordert Lesen eine Teamarbeit zwischen der linken und der rechten Gehirnh\u00e4lfte. Wenn dieses empfindliche Gleichgewicht gest\u00f6rt ist, wird das Lesen schwierig, langsam und sinnlos. Die Brainwave-Station geht direkt auf den Kern des Legasthenie-Problems ein und lehrt das Gehirn, wie es diesen Zustand des Gleichgewichts erreichen und aufrechterhalten kann.<\/p>\n\n\n\n<p>Nat\u00fcrlich ist Legasthenie ein weiterreichendes Thema als lediglich ein Leseproblem, aber wir bei Alphalearning haben vorgeschlagen, dass wir \u2013 wenn wir die Lesef\u00e4higkeit einer Person verbessern k\u00f6nnen \u2013 jeden anderen Aspekt ebenfalls verbessern k\u00f6nnen. Und wir haben dies in 100\u202f% unserer Kurse erreicht.<\/p>\n\n\n\n<p>Mehrere Studien weisen darauf hin, dass das Problem der Legasthenie ein Mangel an Kurz- und Langzeitged\u00e4chtnis ist. Gewiss. Wenn man Informationen \u2013 ob gelesen, geh\u00f6rt, gef\u00fchlt oder wahrgenommen \u2013 nicht verarbeiten kann, kann man sie nat\u00fcrlich auch nicht speichern. Es gibt schlichtweg keine Informationen, die das Gehirn memorieren k\u00f6nnte. Gerade in diesem Feld der Gehirnwellen lernt der Mensch, dem Gehirn zu \u201ebefehlen\u201c, was es tun soll: entscheiden und logisch sein, lernen, kreativ sein, sich erinnern, Inhalte abrufen oder sich ausruhen.<\/p>\n\n\n\n<p>In diesem Kurs verbesserte Barbara, allein was Lesen, Merken und Verstehen angeht, ihre Geschwindigkeit von 168\u202fW\u00f6rtern pro Minute (wpm) auf 840\u202fwpm, und Tania nach dem letzten Interview von 143\u202fwpm auf 1.420\u202fwpm. Auch das Verst\u00e4ndnisniveau stieg an, und mit der weiteren \u00dcbung in diesem Training werden sich zus\u00e4tzliche F\u00e4higkeiten entfalten. All das wurde in nur f\u00fcnf Tagen erreicht.<\/p>\n\n\n\n<p>Letztlich ist alles eine Frage des Gleichgewichts zwischen den Gehirnh\u00e4lften und der Kontrolle der Gehirnwellen.<\/p>\n\n\n\n<p>Wenn Sie Ihre Gehirnwellen kontrollieren, kontrollieren Sie Ihre Emotionen. Indem Sie Ihre Emotionen kontrollieren, reduzieren Sie Stress \u2013 und mit weniger Stress k\u00f6nnen Sie besser lesen und lernen.<\/p>\n\n\n\n<p>Dies ist die gr\u00f6\u00dfte Entdeckung aller Zeiten in der Geschichte des Lernens seit der Erfindung der Schrift.<\/p>\n\n\n\n<p>Wenn Sie Fragen zu Ihrem speziellen Fall haben, <a href=\"https:\/\/alphalearning.com\/contact\/\">kontaktieren Sie<\/a> uns bitte.<\/p>\n\n\n\n<p class=\"has-text-align-right\"><a href=\"https:\/\/alphalearning.com\/de\/ist-legasthenie-heilbar\/legasthenie-und-neurofeedback\/\">EEGs und allt\u00e4gliche Aktivit\u00e4ten und Erfolge dieses Kurses<\/a><\/p>\n<\/div><\/div>\n","protected":false},"excerpt":{"rendered":"<p>Dr. Tania und Barbara Valery \u00fcber ihre Erfahrungen mit Alphalearning Dieses Video pr\u00e4sentiert die Erfahrungsberichte von Dr. Tania und Barbara [&hellip;]<\/p>\n","protected":false},"author":2,"featured_media":0,"parent":13062,"menu_order":3,"comment_status":"closed","ping_status":"closed","template":"","meta":{"_uag_custom_page_level_css":"","site-sidebar-layout":"default","site-content-layout":"","ast-site-content-layout":"default","site-content-style":"default","site-sidebar-style":"default","ast-global-header-display":"","ast-banner-title-visibility":"","ast-main-header-display":"","ast-hfb-above-header-display":"","ast-hfb-below-header-display":"","ast-hfb-mobile-header-display":"","site-post-title":"disabled","ast-breadcrumbs-content":"","ast-featured-img":"","footer-sml-layout":"","ast-disable-related-posts":"","theme-transparent-header-meta":"","adv-header-id-meta":"","stick-header-meta":"","header-above-stick-meta":"","header-main-stick-meta":"","header-below-stick-meta":"","astra-migrate-meta-layouts":"default","ast-page-background-enabled":"default","ast-page-background-meta":{"desktop":{"background-color":"var(--ast-global-color-4)","background-image":"","background-repeat":"repeat","background-position":"center center","background-size":"auto","background-attachment":"scroll","background-type":"","background-media":"","overlay-type":"","overlay-color":"","overlay-opacity":"","overlay-gradient":""},"tablet":{"background-color":"","background-image":"","background-repeat":"repeat","background-position":"center center","background-size":"auto","background-attachment":"scroll","background-type":"","background-media":"","overlay-type":"","overlay-color":"","overlay-opacity":"","overlay-gradient":""},"mobile":{"background-color":"","background-image":"","background-repeat":"repeat","background-position":"center center","background-size":"auto","background-attachment":"scroll","background-type":"","background-media":"","overlay-type":"","overlay-color":"","overlay-opacity":"","overlay-gradient":""}},"ast-content-background-meta":{"desktop":{"background-color":"var(--ast-global-color-5)","background-image":"","background-repeat":"repeat","background-position":"center center","background-size":"auto","background-attachment":"scroll","background-type":"","background-media":"","overlay-type":"","overlay-color":"","overlay-opacity":"","overlay-gradient":""},"tablet":{"background-color":"var(--ast-global-color-5)","background-image":"","background-repeat":"repeat","background-position":"center center","background-size":"auto","background-attachment":"scroll","background-type":"","background-media":"","overlay-type":"","overlay-color":"","overlay-opacity":"","overlay-gradient":""},"mobile":{"background-color":"var(--ast-global-color-5)","background-image":"","background-repeat":"repeat","background-position":"center center","background-size":"auto","background-attachment":"scroll","background-type":"","background-media":"","overlay-type":"","overlay-color":"","overlay-opacity":"","overlay-gradient":""}},"footnotes":""},"class_list":["post-13078","page","type-page","status-publish","hentry"],"yoast_head":"<!-- This site is optimized with the Yoast SEO plugin v27.1.1 - https:\/\/yoast.com\/product\/yoast-seo-wordpress\/ -->\n<title>Legasthenie: 600% Steigerung Tania &amp; Barbara | Alphalearning<\/title>\n<meta name=\"description\" content=\"Dr. Tania Valery, Rechtsanw\u00e4ltin, und ihre Tochter Barbara Valery erzielten eine Steigerung der Lesegeschwindigkeit und des Verst\u00e4ndnisses um 600\u202f%.\" \/>\n<meta name=\"robots\" content=\"index, follow, max-snippet:-1, max-image-preview:large, max-video-preview:-1\" \/>\n<link rel=\"canonical\" href=\"https:\/\/alphalearning.com\/de\/kommentare-von-alphalearning-klienten\/zitate-von-familien\/dra-tania-and-barbara-valery\/\" \/>\n<meta property=\"og:locale\" content=\"de_DE\" \/>\n<meta property=\"og:type\" content=\"article\" \/>\n<meta property=\"og:title\" content=\"Legasthenie: 600% Steigerung Tania &amp; Barbara | Alphalearning\" \/>\n<meta property=\"og:description\" content=\"Dr. Tania Valery, Rechtsanw\u00e4ltin, und ihre Tochter Barbara Valery erzielten eine Steigerung der Lesegeschwindigkeit und des Verst\u00e4ndnisses um 600\u202f%.\" \/>\n<meta property=\"og:url\" content=\"https:\/\/alphalearning.com\/de\/kommentare-von-alphalearning-klienten\/zitate-von-familien\/dra-tania-and-barbara-valery\/\" \/>\n<meta property=\"og:site_name\" content=\"Alphalearning International\" \/>\n<meta property=\"article:modified_time\" content=\"2025-12-03T11:50:14+00:00\" \/>\n<meta property=\"og:image\" content=\"https:\/\/alphalearning.com\/wp-content\/uploads\/2024\/04\/alphalearning-logo_red_1200x675px.png\" \/>\n\t<meta property=\"og:image:width\" content=\"1200\" \/>\n\t<meta property=\"og:image:height\" content=\"675\" \/>\n\t<meta property=\"og:image:type\" content=\"image\/png\" \/>\n<meta name=\"twitter:card\" content=\"summary_large_image\" \/>\n<meta name=\"twitter:label1\" content=\"Est. reading time\" \/>\n\t<meta name=\"twitter:data1\" content=\"2 minutes\" \/>\n<!-- \/ Yoast SEO plugin. -->","yoast_head_json":{"title":"Legasthenie: 600% Steigerung Tania & Barbara | Alphalearning","description":"Dr. Tania Valery, Rechtsanw\u00e4ltin, und ihre Tochter Barbara Valery erzielten eine Steigerung der Lesegeschwindigkeit und des Verst\u00e4ndnisses um 600\u202f%.","robots":{"index":"index","follow":"follow","max-snippet":"max-snippet:-1","max-image-preview":"max-image-preview:large","max-video-preview":"max-video-preview:-1"},"canonical":"https:\/\/alphalearning.com\/de\/kommentare-von-alphalearning-klienten\/zitate-von-familien\/dra-tania-and-barbara-valery\/","og_locale":"de_DE","og_type":"article","og_title":"Legasthenie: 600% Steigerung Tania & Barbara | Alphalearning","og_description":"Dr. Tania Valery, Rechtsanw\u00e4ltin, und ihre Tochter Barbara Valery erzielten eine Steigerung der Lesegeschwindigkeit und des Verst\u00e4ndnisses um 600\u202f%.","og_url":"https:\/\/alphalearning.com\/de\/kommentare-von-alphalearning-klienten\/zitate-von-familien\/dra-tania-and-barbara-valery\/","og_site_name":"Alphalearning International","article_modified_time":"2025-12-03T11:50:14+00:00","og_image":[{"width":1200,"height":675,"url":"https:\/\/alphalearning.com\/wp-content\/uploads\/2024\/04\/alphalearning-logo_red_1200x675px.png","type":"image\/png"}],"twitter_card":"summary_large_image","twitter_misc":{"Est. reading time":"2 minutes"},"schema":{"@context":"https:\/\/schema.org","@graph":[{"@type":"WebPage","@id":"https:\/\/alphalearning.com\/de\/kommentare-von-alphalearning-klienten\/zitate-von-familien\/dra-tania-and-barbara-valery\/","url":"https:\/\/alphalearning.com\/de\/kommentare-von-alphalearning-klienten\/zitate-von-familien\/dra-tania-and-barbara-valery\/","name":"Legasthenie: 600% Steigerung Tania & Barbara | Alphalearning","isPartOf":{"@id":"https:\/\/alphalearning.com\/de\/#website"},"datePublished":"2024-03-27T16:29:11+00:00","dateModified":"2025-12-03T11:50:14+00:00","description":"Dr. Tania Valery, Rechtsanw\u00e4ltin, und ihre Tochter Barbara Valery erzielten eine Steigerung der Lesegeschwindigkeit und des Verst\u00e4ndnisses um 600\u202f%.","breadcrumb":{"@id":"https:\/\/alphalearning.com\/de\/kommentare-von-alphalearning-klienten\/zitate-von-familien\/dra-tania-and-barbara-valery\/#breadcrumb"},"inLanguage":"de","potentialAction":[{"@type":"ReadAction","target":["https:\/\/alphalearning.com\/de\/kommentare-von-alphalearning-klienten\/zitate-von-familien\/dra-tania-and-barbara-valery\/"]}]},{"@type":"BreadcrumbList","@id":"https:\/\/alphalearning.com\/de\/kommentare-von-alphalearning-klienten\/zitate-von-familien\/dra-tania-and-barbara-valery\/#breadcrumb","itemListElement":[{"@type":"ListItem","position":1,"name":"Home","item":"https:\/\/alphalearning.com\/de\/"},{"@type":"ListItem","position":2,"name":"Kommentare von Alphalearning-Klienten","item":"https:\/\/alphalearning.com\/de\/kommentare-von-alphalearning-klienten\/"},{"@type":"ListItem","position":3,"name":"Familien","item":"https:\/\/alphalearning.com\/de\/kommentare-von-alphalearning-klienten\/zitate-von-familien\/"},{"@type":"ListItem","position":4,"name":"Dr. Tania and Barbara Valery"}]},{"@type":"WebSite","@id":"https:\/\/alphalearning.com\/de\/#website","url":"https:\/\/alphalearning.com\/de\/","name":"Alphalearning International","description":"the brain training institute","publisher":{"@id":"https:\/\/alphalearning.com\/de\/#organization"},"potentialAction":[{"@type":"SearchAction","target":{"@type":"EntryPoint","urlTemplate":"https:\/\/alphalearning.com\/de\/?s={search_term_string}"},"query-input":{"@type":"PropertyValueSpecification","valueRequired":true,"valueName":"search_term_string"}}],"inLanguage":"de"},{"@type":"Organization","@id":"https:\/\/alphalearning.com\/de\/#organization","name":"Alphalearning International","url":"https:\/\/alphalearning.com\/de\/","logo":{"@type":"ImageObject","inLanguage":"de","@id":"https:\/\/alphalearning.com\/de\/#\/schema\/logo\/image\/","url":"https:\/\/alphalearning.com\/wp-content\/uploads\/2024\/03\/alphalearning_ico2_512px.png","contentUrl":"https:\/\/alphalearning.com\/wp-content\/uploads\/2024\/03\/alphalearning_ico2_512px.png","width":512,"height":512,"caption":"Alphalearning International"},"image":{"@id":"https:\/\/alphalearning.com\/de\/#\/schema\/logo\/image\/"}}]}},"uagb_featured_image_src":{"full":false,"thumbnail":false,"medium":false,"medium_large":false,"large":false,"1536x1536":false,"2048x2048":false,"gform-image-choice-sm":false,"gform-image-choice-md":false,"gform-image-choice-lg":false},"uagb_author_info":{"display_name":"Julio Machado","author_link":"https:\/\/alphalearning.com\/de\/author\/julio-machado\/"},"uagb_comment_info":0,"uagb_excerpt":"Dr. Tania und Barbara Valery \u00fcber ihre Erfahrungen mit Alphalearning Dieses Video pr\u00e4sentiert die Erfahrungsberichte von Dr. Tania und Barbara [&hellip;]","_links":{"self":[{"href":"https:\/\/alphalearning.com\/de\/wp-json\/wp\/v2\/pages\/13078","targetHints":{"allow":["GET"]}}],"collection":[{"href":"https:\/\/alphalearning.com\/de\/wp-json\/wp\/v2\/pages"}],"about":[{"href":"https:\/\/alphalearning.com\/de\/wp-json\/wp\/v2\/types\/page"}],"author":[{"embeddable":true,"href":"https:\/\/alphalearning.com\/de\/wp-json\/wp\/v2\/users\/2"}],"replies":[{"embeddable":true,"href":"https:\/\/alphalearning.com\/de\/wp-json\/wp\/v2\/comments?post=13078"}],"version-history":[{"count":8,"href":"https:\/\/alphalearning.com\/de\/wp-json\/wp\/v2\/pages\/13078\/revisions"}],"predecessor-version":[{"id":17224,"href":"https:\/\/alphalearning.com\/de\/wp-json\/wp\/v2\/pages\/13078\/revisions\/17224"}],"up":[{"embeddable":true,"href":"https:\/\/alphalearning.com\/de\/wp-json\/wp\/v2\/pages\/13062"}],"wp:attachment":[{"href":"https:\/\/alphalearning.com\/de\/wp-json\/wp\/v2\/media?parent=13078"}],"curies":[{"name":"wp","href":"https:\/\/api.w.org\/{rel}","templated":true}]}}