{"id":13074,"date":"2024-03-27T16:29:31","date_gmt":"2024-03-27T16:29:31","guid":{"rendered":"https:\/\/alphalearning.com\/kommentare-von-alphalearning-klienten\/zitate-von-familien\/dr-h-j-h-richards\/"},"modified":"2025-12-03T11:50:51","modified_gmt":"2025-12-03T11:50:51","slug":"dr-h-j-h-richards","status":"publish","type":"page","link":"https:\/\/alphalearning.com\/de\/kommentare-von-alphalearning-klienten\/zitate-von-familien\/dr-h-j-h-richards\/","title":{"rendered":"Dr. H. J. H. Richards"},"content":{"rendered":"\n<div class=\"wp-block-uagb-advanced-heading uagb-block-e72c8192\"><h1 class=\"uagb-heading-text\">Erfahrungsbericht: Dr. H. J. H. Richards \u00fcber Alphalearning<\/h1><\/div>\n\n\n\n<div class=\"wp-block-uagb-container uagb-block-ea88298b alignfull uagb-is-root-container\"><div class=\"uagb-container-inner-blocks-wrap\">\n<p>An Alphalearning,<\/p>\n\n\n\n<p>W\u00e4hrend eines Besuchs bei meiner Tochter in Hongkong wurde ich von einem Bericht in einer <a href=\"https:\/\/alphalearning.com\/de\/weltpresse\/sunday-morning-post\/\">Sonntagszeitung beeindruckt<\/a>, in dem die Forschung und Ergebnisse hinter dem Erfolg Ihres Alphalearning-Instituts beschrieben wurden.<\/p>\n\n\n\n<p>Meine Frau und ich nahmen am Alphalearning-Kurs teil. Wir hofften, zu lernen, wie wir unseren beiden Enkeln (18 und 15 Jahre alt) helfen k\u00f6nnten.<\/p>\n\n\n\n<p>Kinderpsychologen diagnostizierten bei beiden Jungen Legasthenie. Der \u00c4ltere war weniger benachteiligt als der J\u00fcngere, der zudem unter einer schweren Aufmerksamkeitsdefizitst\u00f6rung (A.D.D.) litt, mit nach innen gedrehtem rechtem Fu\u00df beim Gehen und kaum oder gar keiner Koordination. Obwohl er ein h\u00f6flicher und liebenswerter junger Mann war, neigte er zu gelegentlichen Wutausbr\u00fcchen, zweifellos eine Folge seiner Frustration. Aufgrund eines vorgeburtlichen Traumas hatte er eine Hirnsch\u00e4digung erlitten, die von einem Spezialisten am Great Ormond Street Children\u2019s Hospital in London \u00fcberwacht wurde.<\/p>\n\n\n\n<p>Ein orthop\u00e4discher Chirurg erwog ernsthaft, seinen Gang mithilfe einer Beinschiene zu korrigieren, entschied sich schlie\u00dflich jedoch dagegen. Medizinische Fachleute und Kinderpsychologen machten keinerlei Hoffnung auf schulischen Erfolg und rieten meiner Tochter, ihr Sohn sei nicht in der Lage, jemals eine akademische Pr\u00fcfung abzulegen.<\/p>\n\n\n\n<p>Ich gebe zu, wir standen den scheinbar wundersamen Behauptungen, die wir in dem Artikel gelesen hatten, skeptisch gegen\u00fcber. Wir hatten als Familie alles versucht, was uns einfiel. Mein Schwiegersohn hatte seine Stiefs\u00f6hne besonders unterst\u00fctzt und keine Kosten gescheut: Internate, Zusatzunterricht, Nachhilfelehrer und so weiter. Meine Frau und ich nahmen also am Kurs teil, bereit, es zu versuchen, zugleich aber darauf gefasst, erneut entt\u00e4uscht zu werden. Tats\u00e4chlich war es eine Offenbarung. Der pers\u00f6nliche Nutzen f\u00fcr uns beide war beachtlich. Die Fortschritte bei den j\u00fcngeren Kursteilnehmenden, die von ihren Eltern gebracht wurden, waren fast unglaublich. Wir beschlossen, dass auch unsere Enkel die Chance bekommen mussten, Sie kennenzulernen.<\/p>\n\n\n\n<p>Unsere Enkel kamen mit uns und besuchten den Alphalearning-Kurs. Ihre Ausstrahlung und Ihre unterhaltsame Art zogen sie sofort in den Bann. Schon nach zwei Tagen lief der j\u00fcngere Enkel ganz normal, ohne es \u00fcberhaupt zu bemerken! Sein Gleichgewichtssinn verbesserte sich und seine Aufmerksamkeitsspanne war enorm. Seine Begeisterung war ansteckend. Er traf Sam, eine bezaubernde junge Frau, die mit Ihrer Hilfe eine schwere Legasthenie \u00fcberwunden hatte. Sie erz\u00e4hlte ihm, wie Sie ihr ganzes Leben ver\u00e4ndert haben. Das hat ihn sehr beeindruckt!<\/p>\n\n\n\n<p>Am Ende des Kurses baten Sie alle Teilnehmenden, ihre Kommentare aufzuschreiben. Er war verlegen, denn selbst Lehrer, die ihn gut kannten, konnten seine Schrift nicht lesen. Er wollte seine Bemerkungen seiner Gro\u00dfmutter diktieren, die ihn jedoch sanft dazu ermutigte, selbst zu schreiben. Er war erstaunt und \u00fcbergl\u00fccklich, als er bemerkte, dass er leserlich schreiben konnte und wir es ohne Schwierigkeiten lesen konnten. Das mag f\u00fcr die meisten Menschen eine Kleinigkeit sein, f\u00fcr ihn aber war es ein gewaltiger Durchbruch.<\/p>\n\n\n\n<p>Zur\u00fcck in England folgte dann die Bew\u00e4hrungsprobe. War diese Verbesserung nur vor\u00fcbergehend? Nein, war sie nicht. Seine Leistungen verbesserten sich dramatisch. Wenn er merkte, dass seine Konzentration nachlie\u00df, ging er rasch in den Alpha-Zustand \u00fcber und war innerhalb von Sekunden wieder aufmerksam und interessiert. Sein Zeugnis am Ende des Halbjahres war hervorragend.<\/p>\n\n\n\n<p>Er verbrachte drei Wochen bei uns in Spanien. Aus eigenem Antrieb arbeitete er jeden Tag vier bis f\u00fcnf Stunden konzentriert, um Liegengebliebenes nachzuholen oder nicht Verstandenes aufzuarbeiten. F\u00fcr jemanden, der so stark benachteiligt war, ist diese Verbesserung in Konzentration, Lernf\u00e4higkeit und Merkverm\u00f6gen kaum zu fassen. Mit seinem neu gewonnenen Selbstvertrauen und seiner viel besseren Koordination sind seine Wutausbr\u00fcche nun Geschichte.<\/p>\n\n\n\n<p>Ein Gradmesser dieses Fortschritts sind seine G.C.S.E.-Ergebnisse. F\u00fcr einen Jungen, von dem man nicht erwartete, dass er \u00fcberhaupt akademische Erfolge erzielen k\u00f6nnte, sind 2 Noten \u201eB\u201c, eine Note \u201eC\u201c, eine \u201eD\u201c und eine \u201eE\u201c \u00e4u\u00dferst anerkennenswert.<\/p>\n\n\n\n<p>Seine Abschiedsworte, als er Hongkong verlie\u00df, um seinen Platz am neuen Oberstufenkolleg anzutreten, waren: \u201eIch kann es schaffen und ich werde es schaffen. Und das verdanke ich vor allem meiner Familie, aber insbesondere dem Alphalearning-Institut, das es m\u00f6glich gemacht hat.\u201c Meine Frau und ich sagen dazu nur: \u201eAmen.\u201c<\/p>\n\n\n\n<p>Der \u00e4ltere Enkel studiert inzwischen an der Universit\u00e4t. Auch er wendet t\u00e4glich die einfachen \u00dcbungen an, die Sie uns beigebracht haben. Er ist ein gl\u00fccklicher, ausgeglichener junger Mann mit gro\u00dfem Potenzial. Er selbst betont immer wieder, wie sehr ihm Alphalearning geholfen hat und noch immer hilft.<\/p>\n\n\n\n<p>Anderen zu helfen, war f\u00fcr uns ein zus\u00e4tzlicher Gewinn. Wir haben aus erster Hand erfahren, wie dieses System unkontrollierte Wutausbr\u00fcche behebt und dadurch Frieden und Ruhe in ein Zuhause bringt, wie chronische Schmerzen gelindert werden, wie ein junger Berufst\u00e4tiger vom Rand eines Nervenzusammenbruchs zur\u00fcckgeholt wurde \u2013 die Liste ist lang und w\u00e4chst jede Woche.<\/p>\n\n\n\n<p>Nach einem langen Berufsleben in der Bildung bedauere ich sehr, dass diese Forschung nicht verf\u00fcgbar war, als ich mein Studium abschloss. Dadurch h\u00e4tte ich in meiner beruflichen Laufbahn viel effektiver sein k\u00f6nnen. Ich h\u00e4tte daf\u00fcr gesorgt, dass all meine Lehrkr\u00e4fte qualifizierte Alphalearning-Praktiker w\u00e4ren. Pers\u00f6nliche Erfahrungen haben mich \u00fcberzeugt, dass A.D.S. und Legasthenie leicht und schnell \u00fcberwunden werden k\u00f6nnen und in Zukunft nicht mehr den Schrecken f\u00fcr junge Menschen bedeuten m\u00fcssen, den sie in der Vergangenheit hatten.<\/p>\n\n\n\n<p>Unser tief empfundener Dank gilt dem Alphalearning-Institut f\u00fcr diese gro\u00dfartige Arbeit.<\/p>\n\n\n\n<p>Mit freundlichen Gr\u00fc\u00dfen,<\/p>\n\n\n\n<p>H J H Richards, BA, MA (Ed), Ph.D. \u2013 Spanien<\/p>\n\n\n\n<p class=\"has-text-align-right\"><a href=\"https:\/\/alphalearning.com\/de\/ist-legasthenie-heilbar\/legasthenie-und-neurofeedback\/\">Neurofeedback und Legasthenie \u2013 Der t\u00e4gliche Ablauf eines Kurses<\/a><br><a href=\"https:\/\/alphalearning.com\/de\/ist-legasthenie-heilbar\/legasthenie-doppelblindestudie\/\">Doppelblindstudie<\/a><br><a href=\"https:\/\/alphalearning.com\/de\/ist-legasthenie-heilbar\/legasthenie-fallstudie\/\">Fallstudie<\/a><br><a href=\"https:\/\/alphalearning.com\/comments-from-alphalearning-clients\/quotes-from-families\/julia-lowes\/\">Julia Lowes \u2013 Die Geschichte einer Legasthenikerin<\/a><br><a href=\"https:\/\/alphalearning.com\/comments-from-alphalearning-clients\/quotes-from-families\/james-douglas\/\">James Douglas<\/a><br><a href=\"https:\/\/alphalearning.com\/de\/ist-legasthenie-heilbar\/\">Kann Legasthenie geheilt werden?<\/a><\/p>\n<\/div><\/div>\n","protected":false},"excerpt":{"rendered":"<p>Erfahrungsbericht: Dr. H. J. H. Richards \u00fcber Alphalearning An Alphalearning, W\u00e4hrend eines Besuchs bei meiner Tochter in Hongkong wurde ich [&hellip;]<\/p>\n","protected":false},"author":2,"featured_media":0,"parent":13062,"menu_order":2,"comment_status":"closed","ping_status":"closed","template":"","meta":{"_uag_custom_page_level_css":"","site-sidebar-layout":"default","site-content-layout":"","ast-site-content-layout":"default","site-content-style":"default","site-sidebar-style":"default","ast-global-header-display":"","ast-banner-title-visibility":"","ast-main-header-display":"","ast-hfb-above-header-display":"","ast-hfb-below-header-display":"","ast-hfb-mobile-header-display":"","site-post-title":"disabled","ast-breadcrumbs-content":"","ast-featured-img":"","footer-sml-layout":"","ast-disable-related-posts":"","theme-transparent-header-meta":"","adv-header-id-meta":"","stick-header-meta":"","header-above-stick-meta":"","header-main-stick-meta":"","header-below-stick-meta":"","astra-migrate-meta-layouts":"default","ast-page-background-enabled":"default","ast-page-background-meta":{"desktop":{"background-color":"var(--ast-global-color-4)","background-image":"","background-repeat":"repeat","background-position":"center center","background-size":"auto","background-attachment":"scroll","background-type":"","background-media":"","overlay-type":"","overlay-color":"","overlay-opacity":"","overlay-gradient":""},"tablet":{"background-color":"","background-image":"","background-repeat":"repeat","background-position":"center center","background-size":"auto","background-attachment":"scroll","background-type":"","background-media":"","overlay-type":"","overlay-color":"","overlay-opacity":"","overlay-gradient":""},"mobile":{"background-color":"","background-image":"","background-repeat":"repeat","background-position":"center center","background-size":"auto","background-attachment":"scroll","background-type":"","background-media":"","overlay-type":"","overlay-color":"","overlay-opacity":"","overlay-gradient":""}},"ast-content-background-meta":{"desktop":{"background-color":"var(--ast-global-color-5)","background-image":"","background-repeat":"repeat","background-position":"center center","background-size":"auto","background-attachment":"scroll","background-type":"","background-media":"","overlay-type":"","overlay-color":"","overlay-opacity":"","overlay-gradient":""},"tablet":{"background-color":"var(--ast-global-color-5)","background-image":"","background-repeat":"repeat","background-position":"center center","background-size":"auto","background-attachment":"scroll","background-type":"","background-media":"","overlay-type":"","overlay-color":"","overlay-opacity":"","overlay-gradient":""},"mobile":{"background-color":"var(--ast-global-color-5)","background-image":"","background-repeat":"repeat","background-position":"center center","background-size":"auto","background-attachment":"scroll","background-type":"","background-media":"","overlay-type":"","overlay-color":"","overlay-opacity":"","overlay-gradient":""}},"footnotes":""},"class_list":["post-13074","page","type-page","status-publish","hentry"],"yoast_head":"<!-- This site is optimized with the Yoast SEO plugin v27.1.1 - https:\/\/yoast.com\/product\/yoast-seo-wordpress\/ -->\n<title>Legasthenie &amp; ADS: Dr. Richards\u2019 Bericht \u2013 Alphalearning<\/title>\n<meta name=\"description\" content=\"Die Verbesserung bei den j\u00fcngeren Menschen war fast unglaublich. Wir beschlossen, dass unsere Enkel die Chance bekommen mussten, Sie zu treffen \u2026\" \/>\n<meta name=\"robots\" content=\"index, follow, max-snippet:-1, max-image-preview:large, max-video-preview:-1\" \/>\n<link rel=\"canonical\" href=\"https:\/\/alphalearning.com\/de\/neurofeedback-und-adhs\/\" \/>\n<meta property=\"og:locale\" content=\"de_DE\" \/>\n<meta property=\"og:type\" content=\"article\" \/>\n<meta property=\"og:title\" content=\"Legasthenie &amp; ADS: Dr. Richards\u2019 Bericht \u2013 Alphalearning\" \/>\n<meta property=\"og:description\" content=\"Die Verbesserung bei den j\u00fcngeren Menschen war fast unglaublich. Wir beschlossen, dass unsere Enkel die Chance bekommen mussten, Sie zu treffen \u2026\" \/>\n<meta property=\"og:url\" content=\"https:\/\/alphalearning.com\/de\/neurofeedback-und-adhs\/\" \/>\n<meta property=\"og:site_name\" content=\"Alphalearning International\" \/>\n<meta property=\"article:modified_time\" content=\"2025-12-03T11:50:51+00:00\" \/>\n<meta property=\"og:image\" content=\"https:\/\/alphalearning.com\/wp-content\/uploads\/2024\/04\/alphalearning-logo_red_1200x675px.png\" \/>\n\t<meta property=\"og:image:width\" content=\"1200\" \/>\n\t<meta property=\"og:image:height\" content=\"675\" \/>\n\t<meta property=\"og:image:type\" content=\"image\/png\" \/>\n<meta name=\"twitter:card\" content=\"summary_large_image\" \/>\n<meta name=\"twitter:label1\" content=\"Est. reading time\" \/>\n\t<meta name=\"twitter:data1\" content=\"4 minutes\" \/>\n<!-- \/ Yoast SEO plugin. -->","yoast_head_json":{"title":"Legasthenie & ADS: Dr. Richards\u2019 Bericht \u2013 Alphalearning","description":"Die Verbesserung bei den j\u00fcngeren Menschen war fast unglaublich. Wir beschlossen, dass unsere Enkel die Chance bekommen mussten, Sie zu treffen \u2026","robots":{"index":"index","follow":"follow","max-snippet":"max-snippet:-1","max-image-preview":"max-image-preview:large","max-video-preview":"max-video-preview:-1"},"canonical":"https:\/\/alphalearning.com\/de\/neurofeedback-und-adhs\/","og_locale":"de_DE","og_type":"article","og_title":"Legasthenie & ADS: Dr. Richards\u2019 Bericht \u2013 Alphalearning","og_description":"Die Verbesserung bei den j\u00fcngeren Menschen war fast unglaublich. Wir beschlossen, dass unsere Enkel die Chance bekommen mussten, Sie zu treffen \u2026","og_url":"https:\/\/alphalearning.com\/de\/neurofeedback-und-adhs\/","og_site_name":"Alphalearning International","article_modified_time":"2025-12-03T11:50:51+00:00","og_image":[{"width":1200,"height":675,"url":"https:\/\/alphalearning.com\/wp-content\/uploads\/2024\/04\/alphalearning-logo_red_1200x675px.png","type":"image\/png"}],"twitter_card":"summary_large_image","twitter_misc":{"Est. reading time":"4 minutes"},"schema":{"@context":"https:\/\/schema.org","@graph":[{"@type":"WebPage","@id":"https:\/\/alphalearning.com\/de\/kommentare-von-alphalearning-klienten\/zitate-von-familien\/dr-h-j-h-richards\/","url":"https:\/\/alphalearning.com\/de\/neurofeedback-und-adhs\/","name":"Legasthenie & ADS: Dr. Richards\u2019 Bericht \u2013 Alphalearning","isPartOf":{"@id":"https:\/\/alphalearning.com\/de\/#website"},"datePublished":"2024-03-27T16:29:31+00:00","dateModified":"2025-12-03T11:50:51+00:00","description":"Die Verbesserung bei den j\u00fcngeren Menschen war fast unglaublich. Wir beschlossen, dass unsere Enkel die Chance bekommen mussten, Sie zu treffen \u2026","breadcrumb":{"@id":"https:\/\/alphalearning.com\/de\/neurofeedback-und-adhs\/#breadcrumb"},"inLanguage":"de","potentialAction":[{"@type":"ReadAction","target":["https:\/\/alphalearning.com\/de\/neurofeedback-und-adhs\/"]}]},{"@type":"BreadcrumbList","@id":"https:\/\/alphalearning.com\/de\/neurofeedback-und-adhs\/#breadcrumb","itemListElement":[{"@type":"ListItem","position":1,"name":"Home","item":"https:\/\/alphalearning.com\/de\/"},{"@type":"ListItem","position":2,"name":"Kommentare von Alphalearning-Klienten","item":"https:\/\/alphalearning.com\/de\/kommentare-von-alphalearning-klienten\/"},{"@type":"ListItem","position":3,"name":"Familien","item":"https:\/\/alphalearning.com\/de\/kommentare-von-alphalearning-klienten\/zitate-von-familien\/"},{"@type":"ListItem","position":4,"name":"Dr. H. J. H. Richards"}]},{"@type":"WebSite","@id":"https:\/\/alphalearning.com\/de\/#website","url":"https:\/\/alphalearning.com\/de\/","name":"Alphalearning International","description":"the brain training institute","publisher":{"@id":"https:\/\/alphalearning.com\/de\/#organization"},"potentialAction":[{"@type":"SearchAction","target":{"@type":"EntryPoint","urlTemplate":"https:\/\/alphalearning.com\/de\/?s={search_term_string}"},"query-input":{"@type":"PropertyValueSpecification","valueRequired":true,"valueName":"search_term_string"}}],"inLanguage":"de"},{"@type":"Organization","@id":"https:\/\/alphalearning.com\/de\/#organization","name":"Alphalearning International","url":"https:\/\/alphalearning.com\/de\/","logo":{"@type":"ImageObject","inLanguage":"de","@id":"https:\/\/alphalearning.com\/de\/#\/schema\/logo\/image\/","url":"https:\/\/alphalearning.com\/wp-content\/uploads\/2024\/03\/alphalearning_ico2_512px.png","contentUrl":"https:\/\/alphalearning.com\/wp-content\/uploads\/2024\/03\/alphalearning_ico2_512px.png","width":512,"height":512,"caption":"Alphalearning International"},"image":{"@id":"https:\/\/alphalearning.com\/de\/#\/schema\/logo\/image\/"}}]}},"uagb_featured_image_src":{"full":false,"thumbnail":false,"medium":false,"medium_large":false,"large":false,"1536x1536":false,"2048x2048":false,"gform-image-choice-sm":false,"gform-image-choice-md":false,"gform-image-choice-lg":false},"uagb_author_info":{"display_name":"Julio Machado","author_link":"https:\/\/alphalearning.com\/de\/author\/julio-machado\/"},"uagb_comment_info":0,"uagb_excerpt":"Erfahrungsbericht: Dr. H. J. H. Richards \u00fcber Alphalearning An Alphalearning, W\u00e4hrend eines Besuchs bei meiner Tochter in Hongkong wurde ich [&hellip;]","_links":{"self":[{"href":"https:\/\/alphalearning.com\/de\/wp-json\/wp\/v2\/pages\/13074","targetHints":{"allow":["GET"]}}],"collection":[{"href":"https:\/\/alphalearning.com\/de\/wp-json\/wp\/v2\/pages"}],"about":[{"href":"https:\/\/alphalearning.com\/de\/wp-json\/wp\/v2\/types\/page"}],"author":[{"embeddable":true,"href":"https:\/\/alphalearning.com\/de\/wp-json\/wp\/v2\/users\/2"}],"replies":[{"embeddable":true,"href":"https:\/\/alphalearning.com\/de\/wp-json\/wp\/v2\/comments?post=13074"}],"version-history":[{"count":8,"href":"https:\/\/alphalearning.com\/de\/wp-json\/wp\/v2\/pages\/13074\/revisions"}],"predecessor-version":[{"id":17233,"href":"https:\/\/alphalearning.com\/de\/wp-json\/wp\/v2\/pages\/13074\/revisions\/17233"}],"up":[{"embeddable":true,"href":"https:\/\/alphalearning.com\/de\/wp-json\/wp\/v2\/pages\/13062"}],"wp:attachment":[{"href":"https:\/\/alphalearning.com\/de\/wp-json\/wp\/v2\/media?parent=13074"}],"curies":[{"name":"wp","href":"https:\/\/api.w.org\/{rel}","templated":true}]}}