{"id":13070,"date":"2024-03-27T16:28:50","date_gmt":"2024-03-27T16:28:50","guid":{"rendered":"https:\/\/alphalearning.com\/kommentare-von-alphalearning-klienten\/zitate-von-familien\/daniella-batham\/"},"modified":"2025-12-03T11:49:40","modified_gmt":"2025-12-03T11:49:40","slug":"daniella-batham","status":"publish","type":"page","link":"https:\/\/alphalearning.com\/de\/kommentare-von-alphalearning-klienten\/zitate-von-familien\/daniella-batham\/","title":{"rendered":"Daniella Batham"},"content":{"rendered":"\n<div class=\"wp-block-uagb-advanced-heading uagb-block-6bf8d436\"><h1 class=\"uagb-heading-text\">Erfahrungsbericht: Daniella Batham \u00fcber Alphalearning<\/h1><\/div>\n\n\n\n<div class=\"wp-block-uagb-container uagb-block-5212cd42 alignfull uagb-is-root-container\"><div class=\"uagb-container-inner-blocks-wrap\">\n<p>Als ich versuche, meine Gedanken und Gef\u00fchle nach dem Kurs in Braga, Portugal, zu ordnen, kommt mir ein Satz in den Sinn \u2026 und zwar: Gott sei Dank habe ich mich dazu entschieden, diesen Kurs zu machen und in mich selbst zu investieren.<\/p>\n\n\n\n<p>Die t\u00e4gliche \u00dcbung mit der Brainwave-Maschine h\u00e4lt mich stabil, fokussiert und ausgeglichen. Tats\u00e4chlich habe ich es in meiner Yoga-Praxis geschafft, einen Kopfstand zu machen \u2013 zum ersten Mal seit meiner Kindheit, die viele Jahrzehnte zur\u00fcckliegt. Das beweist, dass das Arbeiten mit den Gehirnwellen auf eine sehr ausgleichende und lebensbejahende Weise wirkt.<\/p>\n\n\n\n<p>Die f\u00fcnf Tage, die ich in Julios Gegenwart verbracht habe, waren erleuchtend und faszinierend, da ich so viel gelernt habe. Der Kurs wurde makellos durchgef\u00fchrt \u2013 p\u00fcnktlich und perfekt auf meine Bed\u00fcrfnisse und die Gr\u00fcnde ausgerichtet, weshalb ich von vornherein daran teilnehmen wollte. Julio war sehr freundlich, professionell, \u00e4u\u00dferst kompetent in seinem Fachgebiet und ganz eindeutig hoch motiviert, Menschen mit unterschiedlichen Gehirn- und Lernproblemen zu helfen.<\/p>\n\n\n\n<p>Ich halte mich zum Beispiel f\u00fcr eine eher langsame Leserin. Obwohl der Schwerpunkt nicht auf Schnelllesen lag, werden mir die dabei gelernten Techniken in meinen zuk\u00fcnftigen Studien sehr n\u00fctzlich sein. Julio war sehr verst\u00e4ndnisvoll gegen\u00fcber meinen verschiedenen \u201eAha!\u201c-Momenten, bei denen sich f\u00fcr mich viele Dinge miteinander verkn\u00fcpften \u2013 zum Beispiel die \u201eCortisol-Umkehr\u201c und die hohen Beta-Gehirnwellen. Julio stellte fest, dass in meinem Gehirn eine Art Sch\u00e4digung, ein Ungleichgewicht und eine Fehlfunktion vorliegt, was mir unter anderem Schlaf- und Ged\u00e4chtnisprobleme bereitete. Die t\u00e4gliche Praxis ist n\u00f6tig, und genau dieser folge ich nun auf meinem Weg der Genesung.<\/p>\n\n\n\n<p>Auch die Interviews vor dem Kursbeginn waren sehr hilfreich. Ich f\u00fchlte mich geh\u00f6rt, ernst genommen und hatte gro\u00dfe Hoffnungen, dass dieser Kurs mein Leben positiv ver\u00e4ndern w\u00fcrde. Die Erfindung der Brainwave-Maschine und die jahrelange Arbeit, die Julio und sein Team darin investiert haben, geben all jenen Hoffnung, die 20 Jahre einsparen m\u00f6chten, um tiefe meditative Zust\u00e4nde zu erreichen.<\/p>\n\n\n\n<p>Ich kann die Teilnahme an diesem Kurs w\u00e4rmstens empfehlen, da man praktisch garantiert viel lernt, sich weiterentwickelt und das im Alphalearning-Kurs &#8220;Das Lernen Lernen&#8221; erworbene Wissen anwenden kann. Ich w\u00fcnsche Julio und seinem Team alles Gute f\u00fcr all die wunderbaren zuk\u00fcnftigen Unternehmungen!<\/p>\n\n\n\n<p>Daniella Batham, M.A. Psychotherapie (Gro\u00dfbritannien)<\/p>\n\n\n\n<p class=\"has-text-align-right\"><a href=\"https:\/\/alphalearning.com\/de\/kommentare-von-alphalearning-klienten\/zitate-von-familien\/\">Entdecken Sie weitere inspirierende Geschichten wie die von Daniella auf unserer Seite mit Erfahrungsberichten.<\/a><\/p>\n<\/div><\/div>\n\n\n\n<p><\/p>\n","protected":false},"excerpt":{"rendered":"<p>Erfahrungsbericht: Daniella Batham \u00fcber Alphalearning Als ich versuche, meine Gedanken und Gef\u00fchle nach dem Kurs in Braga, Portugal, zu ordnen, [&hellip;]<\/p>\n","protected":false},"author":2,"featured_media":0,"parent":13062,"menu_order":1,"comment_status":"closed","ping_status":"closed","template":"","meta":{"_uag_custom_page_level_css":"","site-sidebar-layout":"default","site-content-layout":"","ast-site-content-layout":"default","site-content-style":"default","site-sidebar-style":"default","ast-global-header-display":"","ast-banner-title-visibility":"","ast-main-header-display":"","ast-hfb-above-header-display":"","ast-hfb-below-header-display":"","ast-hfb-mobile-header-display":"","site-post-title":"disabled","ast-breadcrumbs-content":"","ast-featured-img":"","footer-sml-layout":"","ast-disable-related-posts":"","theme-transparent-header-meta":"","adv-header-id-meta":"","stick-header-meta":"","header-above-stick-meta":"","header-main-stick-meta":"","header-below-stick-meta":"","astra-migrate-meta-layouts":"default","ast-page-background-enabled":"default","ast-page-background-meta":{"desktop":{"background-color":"var(--ast-global-color-4)","background-image":"","background-repeat":"repeat","background-position":"center center","background-size":"auto","background-attachment":"scroll","background-type":"","background-media":"","overlay-type":"","overlay-color":"","overlay-opacity":"","overlay-gradient":""},"tablet":{"background-color":"","background-image":"","background-repeat":"repeat","background-position":"center center","background-size":"auto","background-attachment":"scroll","background-type":"","background-media":"","overlay-type":"","overlay-color":"","overlay-opacity":"","overlay-gradient":""},"mobile":{"background-color":"","background-image":"","background-repeat":"repeat","background-position":"center center","background-size":"auto","background-attachment":"scroll","background-type":"","background-media":"","overlay-type":"","overlay-color":"","overlay-opacity":"","overlay-gradient":""}},"ast-content-background-meta":{"desktop":{"background-color":"var(--ast-global-color-5)","background-image":"","background-repeat":"repeat","background-position":"center center","background-size":"auto","background-attachment":"scroll","background-type":"","background-media":"","overlay-type":"","overlay-color":"","overlay-opacity":"","overlay-gradient":""},"tablet":{"background-color":"var(--ast-global-color-5)","background-image":"","background-repeat":"repeat","background-position":"center center","background-size":"auto","background-attachment":"scroll","background-type":"","background-media":"","overlay-type":"","overlay-color":"","overlay-opacity":"","overlay-gradient":""},"mobile":{"background-color":"var(--ast-global-color-5)","background-image":"","background-repeat":"repeat","background-position":"center center","background-size":"auto","background-attachment":"scroll","background-type":"","background-media":"","overlay-type":"","overlay-color":"","overlay-opacity":"","overlay-gradient":""}},"footnotes":""},"class_list":["post-13070","page","type-page","status-publish","hentry"],"yoast_head":"<!-- This site is optimized with the Yoast SEO plugin v27.1.1 - https:\/\/yoast.com\/product\/yoast-seo-wordpress\/ -->\n<title>Daniella Bathams Bericht \u2013 Erfolg mit Alphalearning<\/title>\n<meta name=\"description\" content=\"Entdecken Sie Daniellas Reise mit Alphalearnings-Kurs &#039;Das Lernen Lernen&#039; und steigern Sie Fokus, Ged\u00e4chtnis und Wohlbefinden durch Gehirnwellen-Meisterschaft.\" \/>\n<meta name=\"robots\" content=\"index, follow, max-snippet:-1, max-image-preview:large, max-video-preview:-1\" \/>\n<link rel=\"canonical\" href=\"https:\/\/alphalearning.com\/de\/kommentare-von-alphalearning-klienten\/zitate-von-familien\/daniella-batham\/\" \/>\n<meta property=\"og:locale\" content=\"de_DE\" \/>\n<meta property=\"og:type\" content=\"article\" \/>\n<meta property=\"og:title\" content=\"Daniella Bathams Bericht \u2013 Erfolg mit Alphalearning\" \/>\n<meta property=\"og:description\" content=\"Entdecken Sie Daniellas Reise mit Alphalearnings-Kurs &#039;Das Lernen Lernen&#039; und steigern Sie Fokus, Ged\u00e4chtnis und Wohlbefinden durch Gehirnwellen-Meisterschaft.\" \/>\n<meta property=\"og:url\" content=\"https:\/\/alphalearning.com\/de\/kommentare-von-alphalearning-klienten\/zitate-von-familien\/daniella-batham\/\" \/>\n<meta property=\"og:site_name\" content=\"Alphalearning International\" \/>\n<meta property=\"article:modified_time\" content=\"2025-12-03T11:49:40+00:00\" \/>\n<meta property=\"og:image\" content=\"https:\/\/alphalearning.com\/wp-content\/uploads\/2024\/04\/alphalearning-logo_red_1200x675px.png\" \/>\n\t<meta property=\"og:image:width\" content=\"1200\" \/>\n\t<meta property=\"og:image:height\" content=\"675\" \/>\n\t<meta property=\"og:image:type\" content=\"image\/png\" \/>\n<meta name=\"twitter:card\" content=\"summary_large_image\" \/>\n<meta name=\"twitter:label1\" content=\"Est. reading time\" \/>\n\t<meta name=\"twitter:data1\" content=\"2 minutes\" \/>\n<!-- \/ Yoast SEO plugin. -->","yoast_head_json":{"title":"Daniella Bathams Bericht \u2013 Erfolg mit Alphalearning","description":"Entdecken Sie Daniellas Reise mit Alphalearnings-Kurs 'Das Lernen Lernen' und steigern Sie Fokus, Ged\u00e4chtnis und Wohlbefinden durch Gehirnwellen-Meisterschaft.","robots":{"index":"index","follow":"follow","max-snippet":"max-snippet:-1","max-image-preview":"max-image-preview:large","max-video-preview":"max-video-preview:-1"},"canonical":"https:\/\/alphalearning.com\/de\/kommentare-von-alphalearning-klienten\/zitate-von-familien\/daniella-batham\/","og_locale":"de_DE","og_type":"article","og_title":"Daniella Bathams Bericht \u2013 Erfolg mit Alphalearning","og_description":"Entdecken Sie Daniellas Reise mit Alphalearnings-Kurs 'Das Lernen Lernen' und steigern Sie Fokus, Ged\u00e4chtnis und Wohlbefinden durch Gehirnwellen-Meisterschaft.","og_url":"https:\/\/alphalearning.com\/de\/kommentare-von-alphalearning-klienten\/zitate-von-familien\/daniella-batham\/","og_site_name":"Alphalearning International","article_modified_time":"2025-12-03T11:49:40+00:00","og_image":[{"width":1200,"height":675,"url":"https:\/\/alphalearning.com\/wp-content\/uploads\/2024\/04\/alphalearning-logo_red_1200x675px.png","type":"image\/png"}],"twitter_card":"summary_large_image","twitter_misc":{"Est. reading time":"2 minutes"},"schema":{"@context":"https:\/\/schema.org","@graph":[{"@type":"WebPage","@id":"https:\/\/alphalearning.com\/de\/kommentare-von-alphalearning-klienten\/zitate-von-familien\/daniella-batham\/","url":"https:\/\/alphalearning.com\/de\/kommentare-von-alphalearning-klienten\/zitate-von-familien\/daniella-batham\/","name":"Daniella Bathams Bericht \u2013 Erfolg mit Alphalearning","isPartOf":{"@id":"https:\/\/alphalearning.com\/de\/#website"},"datePublished":"2024-03-27T16:28:50+00:00","dateModified":"2025-12-03T11:49:40+00:00","description":"Entdecken Sie Daniellas Reise mit Alphalearnings-Kurs 'Das Lernen Lernen' und steigern Sie Fokus, Ged\u00e4chtnis und Wohlbefinden durch Gehirnwellen-Meisterschaft.","breadcrumb":{"@id":"https:\/\/alphalearning.com\/de\/kommentare-von-alphalearning-klienten\/zitate-von-familien\/daniella-batham\/#breadcrumb"},"inLanguage":"de","potentialAction":[{"@type":"ReadAction","target":["https:\/\/alphalearning.com\/de\/kommentare-von-alphalearning-klienten\/zitate-von-familien\/daniella-batham\/"]}]},{"@type":"BreadcrumbList","@id":"https:\/\/alphalearning.com\/de\/kommentare-von-alphalearning-klienten\/zitate-von-familien\/daniella-batham\/#breadcrumb","itemListElement":[{"@type":"ListItem","position":1,"name":"Home","item":"https:\/\/alphalearning.com\/de\/"},{"@type":"ListItem","position":2,"name":"Kommentare von Alphalearning-Klienten","item":"https:\/\/alphalearning.com\/de\/kommentare-von-alphalearning-klienten\/"},{"@type":"ListItem","position":3,"name":"Familien","item":"https:\/\/alphalearning.com\/de\/kommentare-von-alphalearning-klienten\/zitate-von-familien\/"},{"@type":"ListItem","position":4,"name":"Daniella Batham"}]},{"@type":"WebSite","@id":"https:\/\/alphalearning.com\/de\/#website","url":"https:\/\/alphalearning.com\/de\/","name":"Alphalearning International","description":"the brain training institute","publisher":{"@id":"https:\/\/alphalearning.com\/de\/#organization"},"potentialAction":[{"@type":"SearchAction","target":{"@type":"EntryPoint","urlTemplate":"https:\/\/alphalearning.com\/de\/?s={search_term_string}"},"query-input":{"@type":"PropertyValueSpecification","valueRequired":true,"valueName":"search_term_string"}}],"inLanguage":"de"},{"@type":"Organization","@id":"https:\/\/alphalearning.com\/de\/#organization","name":"Alphalearning International","url":"https:\/\/alphalearning.com\/de\/","logo":{"@type":"ImageObject","inLanguage":"de","@id":"https:\/\/alphalearning.com\/de\/#\/schema\/logo\/image\/","url":"https:\/\/alphalearning.com\/wp-content\/uploads\/2024\/03\/alphalearning_ico2_512px.png","contentUrl":"https:\/\/alphalearning.com\/wp-content\/uploads\/2024\/03\/alphalearning_ico2_512px.png","width":512,"height":512,"caption":"Alphalearning International"},"image":{"@id":"https:\/\/alphalearning.com\/de\/#\/schema\/logo\/image\/"}}]}},"uagb_featured_image_src":{"full":false,"thumbnail":false,"medium":false,"medium_large":false,"large":false,"1536x1536":false,"2048x2048":false,"gform-image-choice-sm":false,"gform-image-choice-md":false,"gform-image-choice-lg":false},"uagb_author_info":{"display_name":"Julio Machado","author_link":"https:\/\/alphalearning.com\/de\/author\/julio-machado\/"},"uagb_comment_info":0,"uagb_excerpt":"Erfahrungsbericht: Daniella Batham \u00fcber Alphalearning Als ich versuche, meine Gedanken und Gef\u00fchle nach dem Kurs in Braga, Portugal, zu ordnen, [&hellip;]","_links":{"self":[{"href":"https:\/\/alphalearning.com\/de\/wp-json\/wp\/v2\/pages\/13070","targetHints":{"allow":["GET"]}}],"collection":[{"href":"https:\/\/alphalearning.com\/de\/wp-json\/wp\/v2\/pages"}],"about":[{"href":"https:\/\/alphalearning.com\/de\/wp-json\/wp\/v2\/types\/page"}],"author":[{"embeddable":true,"href":"https:\/\/alphalearning.com\/de\/wp-json\/wp\/v2\/users\/2"}],"replies":[{"embeddable":true,"href":"https:\/\/alphalearning.com\/de\/wp-json\/wp\/v2\/comments?post=13070"}],"version-history":[{"count":9,"href":"https:\/\/alphalearning.com\/de\/wp-json\/wp\/v2\/pages\/13070\/revisions"}],"predecessor-version":[{"id":17232,"href":"https:\/\/alphalearning.com\/de\/wp-json\/wp\/v2\/pages\/13070\/revisions\/17232"}],"up":[{"embeddable":true,"href":"https:\/\/alphalearning.com\/de\/wp-json\/wp\/v2\/pages\/13062"}],"wp:attachment":[{"href":"https:\/\/alphalearning.com\/de\/wp-json\/wp\/v2\/media?parent=13070"}],"curies":[{"name":"wp","href":"https:\/\/api.w.org\/{rel}","templated":true}]}}