{"id":13062,"date":"2024-03-27T16:28:30","date_gmt":"2024-03-27T16:28:30","guid":{"rendered":"https:\/\/alphalearning.com\/kommentare-von-alphalearning-klienten\/quotes-from-families\/"},"modified":"2025-12-03T11:39:26","modified_gmt":"2025-12-03T11:39:26","slug":"zitate-von-familien","status":"publish","type":"page","link":"https:\/\/alphalearning.com\/de\/kommentare-von-alphalearning-klienten\/zitate-von-familien\/","title":{"rendered":"Familien"},"content":{"rendered":"\n<div class=\"wp-block-uagb-advanced-heading uagb-block-40238cd0\"><h1 class=\"uagb-heading-text\">Was unsere Klienten \u00fcber Alphalearning berichten<\/h1><\/div>\n\n\n\n<div class=\"wp-block-uagb-container uagb-block-ffbfd498 alignfull uagb-is-root-container\"><div class=\"uagb-container-inner-blocks-wrap\">\n<p><strong>Ausf\u00fchrliche Kommentare sind auf den folgenden Seiten verf\u00fcgbar:<\/strong><\/p>\n\n\n\n<ul class=\"wp-block-list\">\n<li><a href=\"https:\/\/alphalearning.com\/comments-from-alphalearning-clients\/quotes-from-families\/daniella-batham\/\">Daniella Batham, M.A. Psychotherapie<\/a>\n<ul class=\"wp-block-list\">\n<li><em>\u201eGott sei Dank habe ich mich dazu entschieden, diesen Kurs zu machen \u2026 Die Brainwave-Maschine h\u00e4lt mich stabil, fokussiert und im Gleichgewicht.\u201c<\/em><\/li>\n<\/ul>\n<\/li>\n\n\n\n<li><a href=\"https:\/\/alphalearning.com\/comments-from-alphalearning-clients\/quotes-from-families\/dra-tania-and-barbara-valery\/\">Dr. Tania und Barbara Valery<\/a>\n<ul class=\"wp-block-list\">\n<li><em>\u201eIn dieser Woche habe ich viel gelernt, weit mehr als in vielen Schuljahren und einigen Jahren Therapie.\u201c<\/em><\/li>\n<\/ul>\n<\/li>\n\n\n\n<li><a href=\"https:\/\/alphalearning.com\/comments-from-alphalearning-clients\/quotes-from-families\/richard-hanbury\/\">Richard Hanbury<\/a>\n<ul class=\"wp-block-list\">\n<li><em>\u201eZuk\u00fcnftige Vorteile werden selbstverst\u00e4ndlich zus\u00e4tzliche Boni sein, aber schon das, was ich bisher gelernt habe, hat mein Leben unermesslich verbessert.\u201c<\/em><\/li>\n<\/ul>\n<\/li>\n\n\n\n<li><a href=\"https:\/\/alphalearning.com\/comments-from-alphalearning-clients\/quotes-from-families\/julia-lowes\/\">Julia Lowes<\/a>\n<ul class=\"wp-block-list\">\n<li><em>\u201eIch habe sofort und zum ersten Mal in meinem Leben erkannt, dass ich mein Gehirn so weit entspannen kann, um die W\u00f6rter zu sehen.\u201c<\/em><\/li>\n<\/ul>\n<\/li>\n\n\n\n<li><a href=\"https:\/\/alphalearning.com\/comments-from-alphalearning-clients\/quotes-from-families\/inez-de-heer-koots\/\">Inez de Heer Koots<\/a>\n<ul class=\"wp-block-list\">\n<li><em>\u201eUngl\u00e4ubig und mit Tr\u00e4nen in den Augen beobachte ich, wie Maarten sich auf einmal auf sein linkes Bein stellt \u2013 etwas, das er zuvor nie konnte \u2026\u201c<\/em><\/li>\n<\/ul>\n<\/li>\n\n\n\n<li><a href=\"https:\/\/alphalearning.com\/comments-from-alphalearning-clients\/quotes-from-families\/james-douglas\/\">James Douglas<\/a>\n<ul class=\"wp-block-list\">\n<li><em>\u201eNat\u00fcrlich waren wir ziemlich skeptisch, aber was dann folgte, war bemerkenswert.\u201c<\/em><\/li>\n<\/ul>\n<\/li>\n\n\n\n<li><a href=\"https:\/\/alphalearning.com\/comments-from-alphalearning-clients\/quotes-from-families\/veronica-newton\/\">Veronica Newton<\/a>\n<ul class=\"wp-block-list\">\n<li><em>\u201eIch wurde an einen Punkt der Ausgewogenheit in meinem K\u00f6rper gef\u00fchrt, den ich zuvor nur durch stundenlanges Meditieren erreicht hatte.\u201c<\/em><\/li>\n<\/ul>\n<\/li>\n\n\n\n<li><a href=\"https:\/\/alphalearning.com\/comments-from-alphalearning-clients\/quotes-from-families\/dr-h-j-h-richards\/\">Dr. H. J. H. Richards<\/a>\n<ul class=\"wp-block-list\">\n<li><em>\u201eAus pers\u00f6nlicher Erfahrung bin ich \u00fcberzeugt, dass A.D.S. (Aufmerksamkeitsdefizitst\u00f6rung) und Legasthenie leicht und schnell \u00fcberwunden werden k\u00f6nnen und in Zukunft nicht mehr zum Fluch f\u00fcr junge Menschen werden m\u00fcssen, wie es in der Vergangenheit der Fall war.\u201c<\/em><\/li>\n<\/ul>\n<\/li>\n\n\n\n<li><a href=\"https:\/\/alphalearning.com\/comments-from-alphalearning-clients\/quotes-from-families\/mrs-p-douglas\/\">Frau P. Douglas<\/a>\n<ul class=\"wp-block-list\">\n<li><em>\u201eIch f\u00fchle mich gro\u00dfartig und habe in den letzten zwei Tagen mehr erreicht als seit Langem zuvor.\u201c<\/em><\/li>\n<\/ul>\n<\/li>\n\n\n\n<li><a href=\"https:\/\/alphalearning.com\/comments-from-alphalearning-clients\/quotes-from-families\/jean-deschenes\/\">Jean Deschenes<\/a>\n<ul class=\"wp-block-list\">\n<li><em>\u201eDie R\u00fcckkehr in die Schule war ein Durchbruch. Zun\u00e4chst konnten seine Therapeuten nicht glauben, dass dies dasselbe Kind war; so viel Fortschritt in so kurzer Zeit passte einfach nicht in ihren gewohnten Bezugsrahmen.\u201c<\/em><\/li>\n<\/ul>\n<\/li>\n\n\n\n<li><a href=\"https:\/\/alphalearning.com\/comments-from-alphalearning-clients\/quotes-from-families\/mrs-wendy-lees\/\">Frau Wendy Lees<\/a>\n<ul class=\"wp-block-list\">\n<li><em>\u201eDie Ergebnisse des Brainwave I-Systems waren so erstaunlich, dass ich diesen Brief schreibe, in der Hoffnung, dass noch mehr Familien so geholfen werden kann wie uns.\u201c<\/em><\/li>\n<\/ul>\n<\/li>\n\n\n\n<li><a href=\"https:\/\/alphalearning.com\/comments-from-alphalearning-clients\/quotes-from-families\/lindsay-lambert\/\">Lindsay Lambert<\/a>\n<ul class=\"wp-block-list\">\n<li><em>\u201eSein Schlafmuster hat sich zum Positiven ver\u00e4ndert: Er schl\u00e4ft jetzt in etwa 85 % der N\u00e4chte durch, im Gegensatz zu rund 40 % zuvor.\u201c<\/em><\/li>\n<\/ul>\n<\/li>\n<\/ul>\n\n\n\n<p class=\"has-text-align-right\"><a href=\"https:\/\/alphalearning.com\/de\/kommentare-von-alphalearning-klienten\/zitate-von-unternehmensfuehrern\/\">Einige Erfahrungsberichte von Alphalearning\u2019s Firmenkunden in leitenden Positionen<\/a><\/p>\n\n\n\n<p class=\"has-text-align-right\"><a href=\"https:\/\/alphalearning.com\/de\/kommentare-von-alphalearning-klienten\/zitate-von-leistungssportlern\/\">Erfahrungsberichte von Sportlerinnen und Sportlern, die das Brainwave-System nutzen<\/a><\/p>\n\n\n\n<p><strong>Weitere Zitate<\/strong><\/p>\n\n\n\n<p>\u201eUnabh\u00e4ngig vom F\u00fchrungskr\u00e4fte-Training sind die Auswirkungen des Brainwave I-Systems f\u00fcr Kinder oder Menschen mit Hirnsch\u00e4den astronomisch. Ich war ber\u00fchrt und beeindruckt von der besonderen, unterst\u00fctzenden Umgebung, die f\u00fcr die Kinder geschaffen wurde. Vielen Dank f\u00fcr eine unglaubliche Woche.\u201c<\/p>\n\n\n\n<p>\u201eWenn man es einmal gesehen hat, ist es offensichtlich \u2013 einfach das beste und einzige System weit und breit.\u201c<\/p>\n\n\n\n<p>\u201eJeder sollte diesen Kurs mindestens einmal im Leben besuchen.\u201c<\/p>\n\n\n\n<p>\u201eHat meine Erwartungen vollkommen erf\u00fcllt \u2013 ich habe so viel Wichtiges auf eine spannende Art gelernt, die mich die ganze Zeit \u00fcber gefesselt hat.\u201c<\/p>\n\n\n\n<p>\u201eIch bin wirklich sehr, sehr dankbar, dass ich an diesem Kurs teilnehmen durfte. Es ist der beste, den ich je besucht habe, und ich habe schon einige Kurse gemacht.\u201c<\/p>\n\n\n\n<p>\u201eGro\u00dfartige Hilfsmittel zur Selbsterm\u00e4chtigung und Ratschl\u00e4ge \u2013 ich f\u00fchle mich bereits anders, n\u00e4mlich entspannt und fokussiert.\u201c<\/p>\n\n\n\n<p>\u201eSehr unterhaltsam und abwechslungsreich, gute Wissensvermittlung \u00fcber das Gehirn, dynamisch \u2013 intelligent und originell.\u201c<\/p>\n\n\n\n<p>\u201eInteressant zu erfahren, was ich vorher nicht f\u00fcr m\u00f6glich hielt.\u201c<\/p>\n\n\n\n<p>\u201eEs macht Spa\u00df, mit moderner Technologie zu lernen.\u201c<\/p>\n\n\n\n<p>\u201eIch bin selbstbewusster als zuvor.\u201c<\/p>\n\n\n\n<p>\u201eKeine einzige Minute war der Vortrag langweilig.\u201c<\/p>\n\n\n\n<p>\u201eDer Referent ist einfach hervorragend.\u201c<\/p>\n\n\n\n<p>\u201eSehr gut \u2013 ich bin froh, dass ich gekommen bin.\u201c<\/p>\n\n\n\n<p>\u201eGelehrt, humorvoll, bodenst\u00e4ndig und leicht verst\u00e4ndlich formuliert.\u201c<\/p>\n\n\n\n<p>\u201eAlles, was ich gesehen, geh\u00f6rt und erlebt habe, begeistert mich noch genauso wie vor Beginn des Trainings.\u201c<\/p>\n\n\n\n<p>\u201eEs war noch interessanter, als ich erwartet hatte. Es wurde so pr\u00e4sentiert, dass man stets aufmerksam blieb.\u201c<\/p>\n\n\n\n<p>\u201eIch habe etwas Neues gelernt, und es lie\u00df sich gut mit Bekanntem verkn\u00fcpfen.\u201c<\/p>\n\n\n\n<p>\u201eEntspannt und ungezwungen, dabei jedoch klar auf den Punkt gebracht.\u201c<\/p>\n\n\n\n<p>\u201eViel Interessantes \u00fcber das Gehirn, dynamischer Vortragender.\u201c<\/p>\n\n\n\n<p>\u201eSehr gut dokumentiert.\u201c<\/p>\n\n\n\n<p>\u201eFaszinierender Inhalt, sehr interessant \u2013 Quellen sind gut belegt.\u201c<\/p>\n\n\n\n<p>\u201eIch sch\u00e4tze es sehr, dass ich an diesem Kurs teilnehmen konnte.\u201c<\/p>\n\n\n\n<p>\u201eUmfassendes, wichtiges Thema \u2013 gut pr\u00e4sentiert. Der Vortragende hatte hervorragende Kommunikationsf\u00e4higkeiten.\u201c<\/p>\n\n\n\n<p>\u201eVon zehn Kindern, die wir bisher behandelt haben, zeigten acht sehr gute Fortschritte und auch bei den anderen beiden waren Verbesserungen erkennbar.\u201c<\/p>\n\n\n\n<p>\u201eWunderbarer Eindruck \u2013 der beste Referent, dem ich je begegnet bin.\u201c<\/p>\n\n\n\n<p>\u201ePraktisch und interessant \u2013 tolle Motivation zum Lernen. Die Kinder schneiden in der Schule viel besser ab.\u201c<\/p>\n\n\n\n<p>\u201eEine wirklich gro\u00dfartige Erfindung, um allen Menschen zu helfen, gesunde Gehirne zu optimieren und gesch\u00e4digte Gehirne zu reparieren.\u201c<\/p>\n\n\n\n<p>\u201eDer Kurs war nahezu perfekt \u2013 klar und pr\u00e4gnant.\u201c<\/p>\n\n\n\n<p>\u201eAusgezeichnete Methode, um zu lernen, wie man sich bei der Arbeit entspannen kann.\u201c<\/p>\n\n\n\n<p>\u201eHielt stets die Aufmerksamkeit des Publikums; es gab keine Leerlaufzeiten.\u201c<\/p>\n\n\n\n<p>\u201eEr hat geliefert, was er versprach.\u201c<\/p>\n\n\n\n<p>\u201eSehr angenehm und anregend \u2013 gro\u00dfartige Perspektive f\u00fcr die Zukunft.\u201c<\/p>\n\n\n\n<p>\u201eMaximaler Lerneffekt \u2013 gut und anschaulich erkl\u00e4rt.\u201c<\/p>\n\n\n\n<p>\u201eAnfangs war ich skeptisch \u2013 am Ende v\u00f6llst\u00e4ndig \u00fcberzeugt.\u201c<\/p>\n\n\n\n<p>\u201eSehr hilfreich f\u00fcr unsere Familie, gab uns Hoffnung, und jetzt wissen wir, was wir tun m\u00fcssen, damit es den Kindern besser geht. Der Kurs war leicht verst\u00e4ndlich und die Botschaften waren klar.\u201c<\/p>\n<\/div><\/div>\n","protected":false},"excerpt":{"rendered":"<p>Was unsere Klienten \u00fcber Alphalearning berichten Ausf\u00fchrliche Kommentare sind auf den folgenden Seiten verf\u00fcgbar: Einige Erfahrungsberichte von Alphalearning\u2019s Firmenkunden in [&hellip;]<\/p>\n","protected":false},"author":2,"featured_media":0,"parent":12978,"menu_order":230,"comment_status":"closed","ping_status":"closed","template":"","meta":{"_uag_custom_page_level_css":"","site-sidebar-layout":"default","site-content-layout":"","ast-site-content-layout":"default","site-content-style":"default","site-sidebar-style":"default","ast-global-header-display":"","ast-banner-title-visibility":"","ast-main-header-display":"","ast-hfb-above-header-display":"","ast-hfb-below-header-display":"","ast-hfb-mobile-header-display":"","site-post-title":"disabled","ast-breadcrumbs-content":"","ast-featured-img":"","footer-sml-layout":"","ast-disable-related-posts":"","theme-transparent-header-meta":"","adv-header-id-meta":"","stick-header-meta":"","header-above-stick-meta":"","header-main-stick-meta":"","header-below-stick-meta":"","astra-migrate-meta-layouts":"default","ast-page-background-enabled":"default","ast-page-background-meta":{"desktop":{"background-color":"var(--ast-global-color-4)","background-image":"","background-repeat":"repeat","background-position":"center center","background-size":"auto","background-attachment":"scroll","background-type":"","background-media":"","overlay-type":"","overlay-color":"","overlay-opacity":"","overlay-gradient":""},"tablet":{"background-color":"","background-image":"","background-repeat":"repeat","background-position":"center center","background-size":"auto","background-attachment":"scroll","background-type":"","background-media":"","overlay-type":"","overlay-color":"","overlay-opacity":"","overlay-gradient":""},"mobile":{"background-color":"","background-image":"","background-repeat":"repeat","background-position":"center center","background-size":"auto","background-attachment":"scroll","background-type":"","background-media":"","overlay-type":"","overlay-color":"","overlay-opacity":"","overlay-gradient":""}},"ast-content-background-meta":{"desktop":{"background-color":"var(--ast-global-color-5)","background-image":"","background-repeat":"repeat","background-position":"center center","background-size":"auto","background-attachment":"scroll","background-type":"","background-media":"","overlay-type":"","overlay-color":"","overlay-opacity":"","overlay-gradient":""},"tablet":{"background-color":"var(--ast-global-color-5)","background-image":"","background-repeat":"repeat","background-position":"center center","background-size":"auto","background-attachment":"scroll","background-type":"","background-media":"","overlay-type":"","overlay-color":"","overlay-opacity":"","overlay-gradient":""},"mobile":{"background-color":"var(--ast-global-color-5)","background-image":"","background-repeat":"repeat","background-position":"center center","background-size":"auto","background-attachment":"scroll","background-type":"","background-media":"","overlay-type":"","overlay-color":"","overlay-opacity":"","overlay-gradient":""}},"footnotes":""},"class_list":["post-13062","page","type-page","status-publish","hentry"],"yoast_head":"<!-- This site is optimized with the Yoast SEO plugin v27.1.1 - https:\/\/yoast.com\/product\/yoast-seo-wordpress\/ -->\n<title>Erfolgsgeschichten mit dem Brainwave-System | Alphalearning<\/title>\n<meta name=\"description\" content=\"Erfahren Sie, wie Menschen, Familien, F\u00fchrungskr\u00e4fte und Sportler mit Alphalearnings Brainwave-System bahnbrechende Lernerfolge und mehr Wohlbefinden erzielen.\" \/>\n<meta name=\"robots\" content=\"index, follow, max-snippet:-1, max-image-preview:large, max-video-preview:-1\" \/>\n<link rel=\"canonical\" href=\"https:\/\/alphalearning.com\/de\/kommentare-von-alphalearning-klienten\/zitate-von-familien\/\" \/>\n<meta property=\"og:locale\" content=\"de_DE\" \/>\n<meta property=\"og:type\" content=\"article\" \/>\n<meta property=\"og:title\" content=\"Erfolgsgeschichten mit dem Brainwave-System | Alphalearning\" \/>\n<meta property=\"og:description\" content=\"Erfahren Sie, wie Menschen, Familien, F\u00fchrungskr\u00e4fte und Sportler mit Alphalearnings Brainwave-System bahnbrechende Lernerfolge und mehr Wohlbefinden erzielen.\" \/>\n<meta property=\"og:url\" content=\"https:\/\/alphalearning.com\/de\/kommentare-von-alphalearning-klienten\/zitate-von-familien\/\" \/>\n<meta property=\"og:site_name\" content=\"Alphalearning International\" \/>\n<meta property=\"article:modified_time\" content=\"2025-12-03T11:39:26+00:00\" \/>\n<meta property=\"og:image\" content=\"https:\/\/alphalearning.com\/wp-content\/uploads\/2024\/04\/alphalearning-logo_red_1200x675px.png\" \/>\n\t<meta property=\"og:image:width\" content=\"1200\" \/>\n\t<meta property=\"og:image:height\" content=\"675\" \/>\n\t<meta property=\"og:image:type\" content=\"image\/png\" \/>\n<meta name=\"twitter:card\" content=\"summary_large_image\" \/>\n<meta name=\"twitter:label1\" content=\"Est. reading time\" \/>\n\t<meta name=\"twitter:data1\" content=\"4 minutes\" \/>\n<!-- \/ Yoast SEO plugin. -->","yoast_head_json":{"title":"Erfolgsgeschichten mit dem Brainwave-System | Alphalearning","description":"Erfahren Sie, wie Menschen, Familien, F\u00fchrungskr\u00e4fte und Sportler mit Alphalearnings Brainwave-System bahnbrechende Lernerfolge und mehr Wohlbefinden erzielen.","robots":{"index":"index","follow":"follow","max-snippet":"max-snippet:-1","max-image-preview":"max-image-preview:large","max-video-preview":"max-video-preview:-1"},"canonical":"https:\/\/alphalearning.com\/de\/kommentare-von-alphalearning-klienten\/zitate-von-familien\/","og_locale":"de_DE","og_type":"article","og_title":"Erfolgsgeschichten mit dem Brainwave-System | Alphalearning","og_description":"Erfahren Sie, wie Menschen, Familien, F\u00fchrungskr\u00e4fte und Sportler mit Alphalearnings Brainwave-System bahnbrechende Lernerfolge und mehr Wohlbefinden erzielen.","og_url":"https:\/\/alphalearning.com\/de\/kommentare-von-alphalearning-klienten\/zitate-von-familien\/","og_site_name":"Alphalearning International","article_modified_time":"2025-12-03T11:39:26+00:00","og_image":[{"width":1200,"height":675,"url":"https:\/\/alphalearning.com\/wp-content\/uploads\/2024\/04\/alphalearning-logo_red_1200x675px.png","type":"image\/png"}],"twitter_card":"summary_large_image","twitter_misc":{"Est. reading time":"4 minutes"},"schema":{"@context":"https:\/\/schema.org","@graph":[{"@type":"WebPage","@id":"https:\/\/alphalearning.com\/de\/kommentare-von-alphalearning-klienten\/zitate-von-familien\/","url":"https:\/\/alphalearning.com\/de\/kommentare-von-alphalearning-klienten\/zitate-von-familien\/","name":"Erfolgsgeschichten mit dem Brainwave-System | Alphalearning","isPartOf":{"@id":"https:\/\/alphalearning.com\/de\/#website"},"datePublished":"2024-03-27T16:28:30+00:00","dateModified":"2025-12-03T11:39:26+00:00","description":"Erfahren Sie, wie Menschen, Familien, F\u00fchrungskr\u00e4fte und Sportler mit Alphalearnings Brainwave-System bahnbrechende Lernerfolge und mehr Wohlbefinden erzielen.","breadcrumb":{"@id":"https:\/\/alphalearning.com\/de\/kommentare-von-alphalearning-klienten\/zitate-von-familien\/#breadcrumb"},"inLanguage":"de","potentialAction":[{"@type":"ReadAction","target":["https:\/\/alphalearning.com\/de\/kommentare-von-alphalearning-klienten\/zitate-von-familien\/"]}]},{"@type":"BreadcrumbList","@id":"https:\/\/alphalearning.com\/de\/kommentare-von-alphalearning-klienten\/zitate-von-familien\/#breadcrumb","itemListElement":[{"@type":"ListItem","position":1,"name":"Home","item":"https:\/\/alphalearning.com\/de\/"},{"@type":"ListItem","position":2,"name":"Kommentare von Alphalearning-Klienten","item":"https:\/\/alphalearning.com\/de\/kommentare-von-alphalearning-klienten\/"},{"@type":"ListItem","position":3,"name":"Familien"}]},{"@type":"WebSite","@id":"https:\/\/alphalearning.com\/de\/#website","url":"https:\/\/alphalearning.com\/de\/","name":"Alphalearning International","description":"the brain training institute","publisher":{"@id":"https:\/\/alphalearning.com\/de\/#organization"},"potentialAction":[{"@type":"SearchAction","target":{"@type":"EntryPoint","urlTemplate":"https:\/\/alphalearning.com\/de\/?s={search_term_string}"},"query-input":{"@type":"PropertyValueSpecification","valueRequired":true,"valueName":"search_term_string"}}],"inLanguage":"de"},{"@type":"Organization","@id":"https:\/\/alphalearning.com\/de\/#organization","name":"Alphalearning International","url":"https:\/\/alphalearning.com\/de\/","logo":{"@type":"ImageObject","inLanguage":"de","@id":"https:\/\/alphalearning.com\/de\/#\/schema\/logo\/image\/","url":"https:\/\/alphalearning.com\/wp-content\/uploads\/2024\/03\/alphalearning_ico2_512px.png","contentUrl":"https:\/\/alphalearning.com\/wp-content\/uploads\/2024\/03\/alphalearning_ico2_512px.png","width":512,"height":512,"caption":"Alphalearning International"},"image":{"@id":"https:\/\/alphalearning.com\/de\/#\/schema\/logo\/image\/"}}]}},"uagb_featured_image_src":{"full":false,"thumbnail":false,"medium":false,"medium_large":false,"large":false,"1536x1536":false,"2048x2048":false,"gform-image-choice-sm":false,"gform-image-choice-md":false,"gform-image-choice-lg":false},"uagb_author_info":{"display_name":"Julio Machado","author_link":"https:\/\/alphalearning.com\/de\/author\/julio-machado\/"},"uagb_comment_info":0,"uagb_excerpt":"Was unsere Klienten \u00fcber Alphalearning berichten Ausf\u00fchrliche Kommentare sind auf den folgenden Seiten verf\u00fcgbar: Einige Erfahrungsberichte von Alphalearning\u2019s Firmenkunden in [&hellip;]","_links":{"self":[{"href":"https:\/\/alphalearning.com\/de\/wp-json\/wp\/v2\/pages\/13062","targetHints":{"allow":["GET"]}}],"collection":[{"href":"https:\/\/alphalearning.com\/de\/wp-json\/wp\/v2\/pages"}],"about":[{"href":"https:\/\/alphalearning.com\/de\/wp-json\/wp\/v2\/types\/page"}],"author":[{"embeddable":true,"href":"https:\/\/alphalearning.com\/de\/wp-json\/wp\/v2\/users\/2"}],"replies":[{"embeddable":true,"href":"https:\/\/alphalearning.com\/de\/wp-json\/wp\/v2\/comments?post=13062"}],"version-history":[{"count":6,"href":"https:\/\/alphalearning.com\/de\/wp-json\/wp\/v2\/pages\/13062\/revisions"}],"predecessor-version":[{"id":17226,"href":"https:\/\/alphalearning.com\/de\/wp-json\/wp\/v2\/pages\/13062\/revisions\/17226"}],"up":[{"embeddable":true,"href":"https:\/\/alphalearning.com\/de\/wp-json\/wp\/v2\/pages\/12978"}],"wp:attachment":[{"href":"https:\/\/alphalearning.com\/de\/wp-json\/wp\/v2\/media?parent=13062"}],"curies":[{"name":"wp","href":"https:\/\/api.w.org\/{rel}","templated":true}]}}