{"id":13055,"date":"2024-03-27T16:28:02","date_gmt":"2024-03-27T16:28:02","guid":{"rendered":"https:\/\/alphalearning.com\/kommentare-von-alphalearning-klienten\/zitate-von-unternehmensfuehrern\/raychem\/"},"modified":"2025-12-03T11:46:56","modified_gmt":"2025-12-03T11:46:56","slug":"raychem","status":"publish","type":"page","link":"https:\/\/alphalearning.com\/de\/kommentare-von-alphalearning-klienten\/zitate-von-unternehmensfuehrern\/raychem\/","title":{"rendered":"Raychem"},"content":{"rendered":"\n<div class=\"wp-block-uagb-advanced-heading uagb-block-62e91f9c\"><h1 class=\"uagb-heading-text\">Feedback von Raychem<\/h1><\/div>\n\n\n\n<p class=\"has-text-align-center\"><strong>Raychem GmbH \u2013 Deutschland<\/strong><\/p>\n\n\n\n<div class=\"wp-block-uagb-container uagb-block-7278a794 alignfull uagb-is-root-container\"><div class=\"uagb-container-inner-blocks-wrap\">\n<p>An Alphalearning.<\/p>\n\n\n\n<p>Wie angefordert erhalten Sie hier das Zitat von Raychem f\u00fcr den Artikel im Forbes-Magazin. Bitte lassen Sie mich wissen, falls Sie weiteres Material ben\u00f6tigen.<\/p>\n\n\n\n<p><em>\u201eSieben leitende Angestellte der Firma Raychem nahmen an einem Seminar mit dem Titel \u201aKurs Das Lernen Lernen\u2018 vom Alphalearning-Institut teil.<\/em><\/p>\n\n\n\n<p><em>Ein Teil des Seminars befasste sich mit dem Thema \u201aSchnelllesen\u2018, einer wichtigen F\u00e4higkeit zur Steigerung der Produktivit\u00e4t auf Managementebene \u2013 der Informationsflut in gedruckter Form Herr zu werden, ist sicherlich eine Herausforderung. Die Erfolge, die mit diesen \u00dcbungen erzielt wurden, sind tats\u00e4chlich sehr beeindruckend: Im Durchschnitt verdreifachte sich die Lesegeschwindigkeit der Teilnehmenden. Durch die Anwendung derselben Techniken konnten sie ihre Lesegeschwindigkeiten sogar noch weiter steigern, nachdem der Kurs beendet war.<\/em><\/p>\n\n\n\n<p><em>Ebenso beeindruckend ist die klare Struktur, die sich sowohl durch die \u00dcbungen als auch die Hilfsmittel zieht. Wichtig f\u00fcr das Schnelllesen sind: die richtige Sitzposition, die richtige Atmung, die Verwendung eines Filzstifts als Zeiger (w\u00e4hrend des Lesens) sowie die klare Unterscheidung zwischen dem Aufnehmen und dem Verarbeiten von Informationen. Konzentrations\u00fcbungen und ein Training der Augenmuskulatur waren weitere wichtige Voraussetzungen f\u00fcr diese \u00dcbung. Raychem begann das Seminar als Experiment. Abschlie\u00dfend war es ein sehr positives Experiment.\u201c<\/em><\/p>\n\n\n\n<p>Mit freundlichen Gr\u00fc\u00dfen,<\/p>\n\n\n\n<p><strong>Thomas Jahn \u2013 CEO<br>Raychem Deutschland<\/strong><\/p>\n<\/div><\/div>\n","protected":false},"excerpt":{"rendered":"<p>Feedback von Raychem Raychem GmbH \u2013 Deutschland An Alphalearning. Wie angefordert erhalten Sie hier das Zitat von Raychem f\u00fcr den [&hellip;]<\/p>\n","protected":false},"author":2,"featured_media":0,"parent":13017,"menu_order":0,"comment_status":"closed","ping_status":"closed","template":"","meta":{"_uag_custom_page_level_css":"","site-sidebar-layout":"default","site-content-layout":"","ast-site-content-layout":"default","site-content-style":"default","site-sidebar-style":"default","ast-global-header-display":"","ast-banner-title-visibility":"","ast-main-header-display":"","ast-hfb-above-header-display":"","ast-hfb-below-header-display":"","ast-hfb-mobile-header-display":"","site-post-title":"disabled","ast-breadcrumbs-content":"","ast-featured-img":"","footer-sml-layout":"","ast-disable-related-posts":"","theme-transparent-header-meta":"","adv-header-id-meta":"","stick-header-meta":"","header-above-stick-meta":"","header-main-stick-meta":"","header-below-stick-meta":"","astra-migrate-meta-layouts":"default","ast-page-background-enabled":"default","ast-page-background-meta":{"desktop":{"background-color":"var(--ast-global-color-4)","background-image":"","background-repeat":"repeat","background-position":"center center","background-size":"auto","background-attachment":"scroll","background-type":"","background-media":"","overlay-type":"","overlay-color":"","overlay-opacity":"","overlay-gradient":""},"tablet":{"background-color":"","background-image":"","background-repeat":"repeat","background-position":"center center","background-size":"auto","background-attachment":"scroll","background-type":"","background-media":"","overlay-type":"","overlay-color":"","overlay-opacity":"","overlay-gradient":""},"mobile":{"background-color":"","background-image":"","background-repeat":"repeat","background-position":"center center","background-size":"auto","background-attachment":"scroll","background-type":"","background-media":"","overlay-type":"","overlay-color":"","overlay-opacity":"","overlay-gradient":""}},"ast-content-background-meta":{"desktop":{"background-color":"var(--ast-global-color-5)","background-image":"","background-repeat":"repeat","background-position":"center center","background-size":"auto","background-attachment":"scroll","background-type":"","background-media":"","overlay-type":"","overlay-color":"","overlay-opacity":"","overlay-gradient":""},"tablet":{"background-color":"var(--ast-global-color-5)","background-image":"","background-repeat":"repeat","background-position":"center center","background-size":"auto","background-attachment":"scroll","background-type":"","background-media":"","overlay-type":"","overlay-color":"","overlay-opacity":"","overlay-gradient":""},"mobile":{"background-color":"var(--ast-global-color-5)","background-image":"","background-repeat":"repeat","background-position":"center center","background-size":"auto","background-attachment":"scroll","background-type":"","background-media":"","overlay-type":"","overlay-color":"","overlay-opacity":"","overlay-gradient":""}},"footnotes":""},"class_list":["post-13055","page","type-page","status-publish","hentry"],"yoast_head":"<!-- This site is optimized with the Yoast SEO plugin v27.1.1 - https:\/\/yoast.com\/product\/yoast-seo-wordpress\/ -->\n<title>Raychems Schnelllese-Erfolg mit Alphalearning<\/title>\n<meta name=\"description\" content=\"\u2026ein wichtiges Mittel zur Steigerung der Produktivit\u00e4t auf Managementebene. Die mit diesen \u00dcbungen erzielten Erfolge sind wirklich sehr beeindruckend.\" \/>\n<meta name=\"robots\" content=\"index, follow, max-snippet:-1, max-image-preview:large, max-video-preview:-1\" \/>\n<link rel=\"canonical\" href=\"https:\/\/alphalearning.com\/de\/kommentare-von-alphalearning-klienten\/zitate-von-unternehmensfuehrern\/raychem\/\" \/>\n<meta property=\"og:locale\" content=\"de_DE\" \/>\n<meta property=\"og:type\" content=\"article\" \/>\n<meta property=\"og:title\" content=\"Raychems Schnelllese-Erfolg mit Alphalearning\" \/>\n<meta property=\"og:description\" content=\"\u2026ein wichtiges Mittel zur Steigerung der Produktivit\u00e4t auf Managementebene. Die mit diesen \u00dcbungen erzielten Erfolge sind wirklich sehr beeindruckend.\" \/>\n<meta property=\"og:url\" content=\"https:\/\/alphalearning.com\/de\/kommentare-von-alphalearning-klienten\/zitate-von-unternehmensfuehrern\/raychem\/\" \/>\n<meta property=\"og:site_name\" content=\"Alphalearning International\" \/>\n<meta property=\"article:modified_time\" content=\"2025-12-03T11:46:56+00:00\" \/>\n<meta property=\"og:image\" content=\"https:\/\/alphalearning.com\/wp-content\/uploads\/2024\/04\/alphalearning-logo_red_1200x675px.png\" \/>\n\t<meta property=\"og:image:width\" content=\"1200\" \/>\n\t<meta property=\"og:image:height\" content=\"675\" \/>\n\t<meta property=\"og:image:type\" content=\"image\/png\" \/>\n<meta name=\"twitter:card\" content=\"summary_large_image\" \/>\n<meta name=\"twitter:label1\" content=\"Est. reading time\" \/>\n\t<meta name=\"twitter:data1\" content=\"1 minute\" \/>\n<!-- \/ Yoast SEO plugin. -->","yoast_head_json":{"title":"Raychems Schnelllese-Erfolg mit Alphalearning","description":"\u2026ein wichtiges Mittel zur Steigerung der Produktivit\u00e4t auf Managementebene. Die mit diesen \u00dcbungen erzielten Erfolge sind wirklich sehr beeindruckend.","robots":{"index":"index","follow":"follow","max-snippet":"max-snippet:-1","max-image-preview":"max-image-preview:large","max-video-preview":"max-video-preview:-1"},"canonical":"https:\/\/alphalearning.com\/de\/kommentare-von-alphalearning-klienten\/zitate-von-unternehmensfuehrern\/raychem\/","og_locale":"de_DE","og_type":"article","og_title":"Raychems Schnelllese-Erfolg mit Alphalearning","og_description":"\u2026ein wichtiges Mittel zur Steigerung der Produktivit\u00e4t auf Managementebene. Die mit diesen \u00dcbungen erzielten Erfolge sind wirklich sehr beeindruckend.","og_url":"https:\/\/alphalearning.com\/de\/kommentare-von-alphalearning-klienten\/zitate-von-unternehmensfuehrern\/raychem\/","og_site_name":"Alphalearning International","article_modified_time":"2025-12-03T11:46:56+00:00","og_image":[{"width":1200,"height":675,"url":"https:\/\/alphalearning.com\/wp-content\/uploads\/2024\/04\/alphalearning-logo_red_1200x675px.png","type":"image\/png"}],"twitter_card":"summary_large_image","twitter_misc":{"Est. reading time":"1 minute"},"schema":{"@context":"https:\/\/schema.org","@graph":[{"@type":"WebPage","@id":"https:\/\/alphalearning.com\/de\/kommentare-von-alphalearning-klienten\/zitate-von-unternehmensfuehrern\/raychem\/","url":"https:\/\/alphalearning.com\/de\/kommentare-von-alphalearning-klienten\/zitate-von-unternehmensfuehrern\/raychem\/","name":"Raychems Schnelllese-Erfolg mit Alphalearning","isPartOf":{"@id":"https:\/\/alphalearning.com\/de\/#website"},"datePublished":"2024-03-27T16:28:02+00:00","dateModified":"2025-12-03T11:46:56+00:00","description":"\u2026ein wichtiges Mittel zur Steigerung der Produktivit\u00e4t auf Managementebene. Die mit diesen \u00dcbungen erzielten Erfolge sind wirklich sehr beeindruckend.","breadcrumb":{"@id":"https:\/\/alphalearning.com\/de\/kommentare-von-alphalearning-klienten\/zitate-von-unternehmensfuehrern\/raychem\/#breadcrumb"},"inLanguage":"de","potentialAction":[{"@type":"ReadAction","target":["https:\/\/alphalearning.com\/de\/kommentare-von-alphalearning-klienten\/zitate-von-unternehmensfuehrern\/raychem\/"]}]},{"@type":"BreadcrumbList","@id":"https:\/\/alphalearning.com\/de\/kommentare-von-alphalearning-klienten\/zitate-von-unternehmensfuehrern\/raychem\/#breadcrumb","itemListElement":[{"@type":"ListItem","position":1,"name":"Home","item":"https:\/\/alphalearning.com\/de\/"},{"@type":"ListItem","position":2,"name":"Kommentare von Alphalearning-Klienten","item":"https:\/\/alphalearning.com\/de\/kommentare-von-alphalearning-klienten\/"},{"@type":"ListItem","position":3,"name":"Unternehmen","item":"https:\/\/alphalearning.com\/de\/kommentare-von-alphalearning-klienten\/zitate-von-unternehmensfuehrern\/"},{"@type":"ListItem","position":4,"name":"Raychem"}]},{"@type":"WebSite","@id":"https:\/\/alphalearning.com\/de\/#website","url":"https:\/\/alphalearning.com\/de\/","name":"Alphalearning International","description":"the brain training institute","publisher":{"@id":"https:\/\/alphalearning.com\/de\/#organization"},"potentialAction":[{"@type":"SearchAction","target":{"@type":"EntryPoint","urlTemplate":"https:\/\/alphalearning.com\/de\/?s={search_term_string}"},"query-input":{"@type":"PropertyValueSpecification","valueRequired":true,"valueName":"search_term_string"}}],"inLanguage":"de"},{"@type":"Organization","@id":"https:\/\/alphalearning.com\/de\/#organization","name":"Alphalearning International","url":"https:\/\/alphalearning.com\/de\/","logo":{"@type":"ImageObject","inLanguage":"de","@id":"https:\/\/alphalearning.com\/de\/#\/schema\/logo\/image\/","url":"https:\/\/alphalearning.com\/wp-content\/uploads\/2024\/03\/alphalearning_ico2_512px.png","contentUrl":"https:\/\/alphalearning.com\/wp-content\/uploads\/2024\/03\/alphalearning_ico2_512px.png","width":512,"height":512,"caption":"Alphalearning International"},"image":{"@id":"https:\/\/alphalearning.com\/de\/#\/schema\/logo\/image\/"}}]}},"uagb_featured_image_src":{"full":false,"thumbnail":false,"medium":false,"medium_large":false,"large":false,"1536x1536":false,"2048x2048":false,"gform-image-choice-sm":false,"gform-image-choice-md":false,"gform-image-choice-lg":false},"uagb_author_info":{"display_name":"Julio Machado","author_link":"https:\/\/alphalearning.com\/de\/author\/julio-machado\/"},"uagb_comment_info":0,"uagb_excerpt":"Feedback von Raychem Raychem GmbH \u2013 Deutschland An Alphalearning. Wie angefordert erhalten Sie hier das Zitat von Raychem f\u00fcr den [&hellip;]","_links":{"self":[{"href":"https:\/\/alphalearning.com\/de\/wp-json\/wp\/v2\/pages\/13055","targetHints":{"allow":["GET"]}}],"collection":[{"href":"https:\/\/alphalearning.com\/de\/wp-json\/wp\/v2\/pages"}],"about":[{"href":"https:\/\/alphalearning.com\/de\/wp-json\/wp\/v2\/types\/page"}],"author":[{"embeddable":true,"href":"https:\/\/alphalearning.com\/de\/wp-json\/wp\/v2\/users\/2"}],"replies":[{"embeddable":true,"href":"https:\/\/alphalearning.com\/de\/wp-json\/wp\/v2\/comments?post=13055"}],"version-history":[{"count":7,"href":"https:\/\/alphalearning.com\/de\/wp-json\/wp\/v2\/pages\/13055\/revisions"}],"predecessor-version":[{"id":17228,"href":"https:\/\/alphalearning.com\/de\/wp-json\/wp\/v2\/pages\/13055\/revisions\/17228"}],"up":[{"embeddable":true,"href":"https:\/\/alphalearning.com\/de\/wp-json\/wp\/v2\/pages\/13017"}],"wp:attachment":[{"href":"https:\/\/alphalearning.com\/de\/wp-json\/wp\/v2\/media?parent=13055"}],"curies":[{"name":"wp","href":"https:\/\/api.w.org\/{rel}","templated":true}]}}