{"id":13040,"date":"2024-03-27T16:27:25","date_gmt":"2024-03-27T16:27:25","guid":{"rendered":"https:\/\/alphalearning.com\/kommentare-von-alphalearning-klienten\/zitate-von-unternehmensfuehrern\/holland-parliament\/"},"modified":"2025-11-12T14:14:55","modified_gmt":"2025-11-12T14:14:55","slug":"niederlandisches-parlament","status":"publish","type":"page","link":"https:\/\/alphalearning.com\/de\/kommentare-von-alphalearning-klienten\/zitate-von-unternehmensfuehrern\/niederlandisches-parlament\/","title":{"rendered":"Niederl\u00e4ndisches Parlament"},"content":{"rendered":"\n<div class=\"wp-block-uagb-advanced-heading uagb-block-134b8a78\"><h1 class=\"uagb-heading-text\">Kommentare aus dem niederl\u00e4ndischen Parlament<\/h1><\/div>\n\n\n\n<p class=\"has-text-align-center\"><strong>Frau Monique Quint \u2013 Mitglied des Parlaments<br>Zweite Kammer der Generalstaaten<br>Niederlande<\/strong><\/p>\n\n\n\n<div class=\"wp-block-uagb-container uagb-block-8da828a7 alignfull uagb-is-root-container\"><div class=\"uagb-container-inner-blocks-wrap\">\n<p>An Alphalearning,<\/p>\n\n\n\n<p>Im Folgenden mein Vorschlag f\u00fcr einen Regierungsansatz, um aktives Interesse an Lernkompetenzen zu wecken.<\/p>\n\n\n\n<p><em>\u201eUm es direkt auf den Punkt zu bringen: Das Wissen und die Kompetenzen des Alphalearning-Instituts sind f\u00fcr unsere Gesellschaft von erheblicher Bedeutung und m\u00fcssen weithin bekannt sein.<\/em><\/p>\n\n\n\n<p><em>Die effektive Nutzung der eigenen Gehirnkapazit\u00e4t beim Lernen und Studieren ist jetzt dank der vom Institut entwickelten Methode f\u00fcr alle zug\u00e4nglich. Das Gehirn als zentrales Organ des K\u00f6rpers kann trainiert werden, um seine Leistung und Kapazit\u00e4t zu verbessern. Durch Gehirnwellentraining \u2013 f\u00fcr das das Institut Software und technische Ger\u00e4te entwickelt hat \u2013 k\u00f6nnen Menschen ihre Leistungsf\u00e4higkeit sowohl im Berufs- als auch im Privatleben steigern.<\/em><\/p>\n\n\n\n<p><em>W\u00e4hrend des Kurses wurde mir anhand einiger Beispiele mit Erwachsenen wie auch Kindern deutlich, in welchem Ausma\u00df dies m\u00f6glich ist. Das Lernpotenzial und die kommunikativen F\u00e4higkeiten k\u00f6nnen mit der Alphalearning-Methode sp\u00fcrbar beeinflusst werden. St\u00f6rungen, die durch Hirnsch\u00e4den verursacht werden (ebenso wie emotionale Blockaden, die zu schweren k\u00f6rperlichen Funktionsst\u00f6rungen f\u00fchren k\u00f6nnen), lassen sich mithilfe des Wissens und der technischen Ausstattung des Instituts sichtbar machen und kontrollieren. Auf diese Weise kann man lernen, k\u00f6rperliche Einschr\u00e4nkungen zu steuern, indem man das Gehirn trainiert und die entsprechenden Gehirnfunktionen gezielt einsetzt. Dadurch werden die \u00fcblichen Schmerzen und Leiden erheblich verringert.<\/em><\/p>\n\n\n\n<p><em>Wer Verantwortung f\u00fcr andere tr\u00e4gt, kann durch Kenntnisse \u00fcber den K\u00f6rper und das Gehirn als dessen zentrales Organ seine Leistungen verbessern. Kinder, deren Lernergebnisse zur\u00fcckbleiben, oder Kinder mit einer geistigen Behinderung k\u00f6nnen nun \u2013 dank des besonderen Fachwissens des Instituts \u2013 auf eine v\u00f6llig neue Art untersucht und diagnostiziert werden.<\/em><\/p>\n\n\n\n<p><em>Das Institut nutzt andere als die herk\u00f6mmlichen Behandlungs- und Diagnosemethoden \u2013 w\u00e4hrend des Kurses habe ich hierzu einige bemerkenswerte Beispiele erlebt. Besonders eindrucksvoll ist auch die Tatsache, dass Gehirnwellen sichtbar und sp\u00fcrbar gemacht werden k\u00f6nnen. Durch \u00dcbung und Training lernt der Teilnehmende, diese zu steuern.<\/em><\/p>\n\n\n\n<p><em>Die Frage, wie dieses Wissen bei Menschen eingesetzt werden kann, die unter den Folgen einer Hirnsch\u00e4digung leiden oder bei denen mit zunehmendem Alter geistige F\u00e4higkeiten nachlassen, ist l\u00e4ngst \u00fcberf\u00e4llig. Ich meine, es ist an der Zeit f\u00fcr eine gr\u00fcndliche Untersuchung dieser Thematik.<\/em><\/p>\n\n\n\n<p><em>Die fundierte Sichtweise des Instituts, dass sich das Gehirn wie jedes andere Organ im menschlichen K\u00f6rper trainieren und entwickeln l\u00e4sst, er\u00f6ffnet vielen von uns neue Perspektiven \u2013 vorausgesetzt, man trainiert effektiv. Die Auswirkungen, die eine neue Lernmethode auf das Bildungswesen und dessen Effizienz haben kann, sind enorm.<\/em><\/p>\n\n\n\n<p><em>Dank des Wissens des Instituts k\u00f6nnen sowohl Sch\u00fcler als auch Lehrer jetzt herausfinden, wie man am besten lernt, sich konzentriert und Wissen effektiv erfasst und beh\u00e4lt. Jeder, der im Bildungsbereich t\u00e4tig ist, sollte \u00fcber dieses Wissen verf\u00fcgen.\u201c<\/em><\/p>\n\n\n\n<p><strong>Monique Quint, Mitglied der Zweiten Kammer der Generalstaaten \u2013 Niederlande, i.R.<\/strong><\/p>\n<\/div><\/div>\n","protected":false},"excerpt":{"rendered":"<p>Kommentare aus dem niederl\u00e4ndischen Parlament Frau Monique Quint \u2013 Mitglied des ParlamentsZweite Kammer der GeneralstaatenNiederlande An Alphalearning, Im Folgenden mein [&hellip;]<\/p>\n","protected":false},"author":2,"featured_media":0,"parent":13017,"menu_order":0,"comment_status":"closed","ping_status":"closed","template":"","meta":{"_uag_custom_page_level_css":"","site-sidebar-layout":"default","site-content-layout":"","ast-site-content-layout":"default","site-content-style":"default","site-sidebar-style":"default","ast-global-header-display":"","ast-banner-title-visibility":"","ast-main-header-display":"","ast-hfb-above-header-display":"","ast-hfb-below-header-display":"","ast-hfb-mobile-header-display":"","site-post-title":"disabled","ast-breadcrumbs-content":"","ast-featured-img":"","footer-sml-layout":"","ast-disable-related-posts":"","theme-transparent-header-meta":"","adv-header-id-meta":"","stick-header-meta":"","header-above-stick-meta":"","header-main-stick-meta":"","header-below-stick-meta":"","astra-migrate-meta-layouts":"default","ast-page-background-enabled":"default","ast-page-background-meta":{"desktop":{"background-color":"var(--ast-global-color-4)","background-image":"","background-repeat":"repeat","background-position":"center center","background-size":"auto","background-attachment":"scroll","background-type":"","background-media":"","overlay-type":"","overlay-color":"","overlay-opacity":"","overlay-gradient":""},"tablet":{"background-color":"","background-image":"","background-repeat":"repeat","background-position":"center center","background-size":"auto","background-attachment":"scroll","background-type":"","background-media":"","overlay-type":"","overlay-color":"","overlay-opacity":"","overlay-gradient":""},"mobile":{"background-color":"","background-image":"","background-repeat":"repeat","background-position":"center center","background-size":"auto","background-attachment":"scroll","background-type":"","background-media":"","overlay-type":"","overlay-color":"","overlay-opacity":"","overlay-gradient":""}},"ast-content-background-meta":{"desktop":{"background-color":"var(--ast-global-color-5)","background-image":"","background-repeat":"repeat","background-position":"center center","background-size":"auto","background-attachment":"scroll","background-type":"","background-media":"","overlay-type":"","overlay-color":"","overlay-opacity":"","overlay-gradient":""},"tablet":{"background-color":"var(--ast-global-color-5)","background-image":"","background-repeat":"repeat","background-position":"center center","background-size":"auto","background-attachment":"scroll","background-type":"","background-media":"","overlay-type":"","overlay-color":"","overlay-opacity":"","overlay-gradient":""},"mobile":{"background-color":"var(--ast-global-color-5)","background-image":"","background-repeat":"repeat","background-position":"center center","background-size":"auto","background-attachment":"scroll","background-type":"","background-media":"","overlay-type":"","overlay-color":"","overlay-opacity":"","overlay-gradient":""}},"footnotes":""},"class_list":["post-13040","page","type-page","status-publish","hentry"],"yoast_head":"<!-- This site is optimized with the Yoast SEO plugin v27.1.1 - https:\/\/yoast.com\/product\/yoast-seo-wordpress\/ -->\n<title>Parlaments-Anerkennung NL | Alphalearning International<\/title>\n<meta name=\"description\" content=\"Um direkt zum Punkt zu kommen: Das Wissen und die Kompetenz von Alphalearning sind von erheblicher Bedeutung und m\u00fcssen weithin bekannt sein.\" \/>\n<meta name=\"robots\" content=\"index, follow, max-snippet:-1, max-image-preview:large, max-video-preview:-1\" \/>\n<link rel=\"canonical\" href=\"https:\/\/alphalearning.com\/de\/kommentare-von-alphalearning-klienten\/zitate-von-unternehmensfuehrern\/niederlandisches-parlament\/\" \/>\n<meta property=\"og:locale\" content=\"de_DE\" \/>\n<meta property=\"og:type\" content=\"article\" \/>\n<meta property=\"og:title\" content=\"Parlaments-Anerkennung NL | Alphalearning International\" \/>\n<meta property=\"og:description\" content=\"Um direkt zum Punkt zu kommen: Das Wissen und die Kompetenz von Alphalearning sind von erheblicher Bedeutung und m\u00fcssen weithin bekannt sein.\" \/>\n<meta property=\"og:url\" content=\"https:\/\/alphalearning.com\/de\/kommentare-von-alphalearning-klienten\/zitate-von-unternehmensfuehrern\/niederlandisches-parlament\/\" \/>\n<meta property=\"og:site_name\" content=\"Alphalearning International\" \/>\n<meta property=\"article:modified_time\" content=\"2025-11-12T14:14:55+00:00\" \/>\n<meta property=\"og:image\" content=\"https:\/\/alphalearning.com\/wp-content\/uploads\/2024\/04\/alphalearning-logo_red_1200x675px.png\" \/>\n\t<meta property=\"og:image:width\" content=\"1200\" \/>\n\t<meta property=\"og:image:height\" content=\"675\" \/>\n\t<meta property=\"og:image:type\" content=\"image\/png\" \/>\n<meta name=\"twitter:card\" content=\"summary_large_image\" \/>\n<meta name=\"twitter:label1\" content=\"Est. reading time\" \/>\n\t<meta name=\"twitter:data1\" content=\"2 minutes\" \/>\n<!-- \/ Yoast SEO plugin. -->","yoast_head_json":{"title":"Parlaments-Anerkennung NL | Alphalearning International","description":"Um direkt zum Punkt zu kommen: Das Wissen und die Kompetenz von Alphalearning sind von erheblicher Bedeutung und m\u00fcssen weithin bekannt sein.","robots":{"index":"index","follow":"follow","max-snippet":"max-snippet:-1","max-image-preview":"max-image-preview:large","max-video-preview":"max-video-preview:-1"},"canonical":"https:\/\/alphalearning.com\/de\/kommentare-von-alphalearning-klienten\/zitate-von-unternehmensfuehrern\/niederlandisches-parlament\/","og_locale":"de_DE","og_type":"article","og_title":"Parlaments-Anerkennung NL | Alphalearning International","og_description":"Um direkt zum Punkt zu kommen: Das Wissen und die Kompetenz von Alphalearning sind von erheblicher Bedeutung und m\u00fcssen weithin bekannt sein.","og_url":"https:\/\/alphalearning.com\/de\/kommentare-von-alphalearning-klienten\/zitate-von-unternehmensfuehrern\/niederlandisches-parlament\/","og_site_name":"Alphalearning International","article_modified_time":"2025-11-12T14:14:55+00:00","og_image":[{"width":1200,"height":675,"url":"https:\/\/alphalearning.com\/wp-content\/uploads\/2024\/04\/alphalearning-logo_red_1200x675px.png","type":"image\/png"}],"twitter_card":"summary_large_image","twitter_misc":{"Est. reading time":"2 minutes"},"schema":{"@context":"https:\/\/schema.org","@graph":[{"@type":"WebPage","@id":"https:\/\/alphalearning.com\/de\/kommentare-von-alphalearning-klienten\/zitate-von-unternehmensfuehrern\/niederlandisches-parlament\/","url":"https:\/\/alphalearning.com\/de\/kommentare-von-alphalearning-klienten\/zitate-von-unternehmensfuehrern\/niederlandisches-parlament\/","name":"Parlaments-Anerkennung NL | Alphalearning International","isPartOf":{"@id":"https:\/\/alphalearning.com\/de\/#website"},"datePublished":"2024-03-27T16:27:25+00:00","dateModified":"2025-11-12T14:14:55+00:00","description":"Um direkt zum Punkt zu kommen: Das Wissen und die Kompetenz von Alphalearning sind von erheblicher Bedeutung und m\u00fcssen weithin bekannt sein.","breadcrumb":{"@id":"https:\/\/alphalearning.com\/de\/kommentare-von-alphalearning-klienten\/zitate-von-unternehmensfuehrern\/niederlandisches-parlament\/#breadcrumb"},"inLanguage":"de","potentialAction":[{"@type":"ReadAction","target":["https:\/\/alphalearning.com\/de\/kommentare-von-alphalearning-klienten\/zitate-von-unternehmensfuehrern\/niederlandisches-parlament\/"]}]},{"@type":"BreadcrumbList","@id":"https:\/\/alphalearning.com\/de\/kommentare-von-alphalearning-klienten\/zitate-von-unternehmensfuehrern\/niederlandisches-parlament\/#breadcrumb","itemListElement":[{"@type":"ListItem","position":1,"name":"Home","item":"https:\/\/alphalearning.com\/de\/"},{"@type":"ListItem","position":2,"name":"Kommentare von Alphalearning-Klienten","item":"https:\/\/alphalearning.com\/de\/kommentare-von-alphalearning-klienten\/"},{"@type":"ListItem","position":3,"name":"Unternehmen","item":"https:\/\/alphalearning.com\/de\/kommentare-von-alphalearning-klienten\/zitate-von-unternehmensfuehrern\/"},{"@type":"ListItem","position":4,"name":"Niederl\u00e4ndisches Parlament"}]},{"@type":"WebSite","@id":"https:\/\/alphalearning.com\/de\/#website","url":"https:\/\/alphalearning.com\/de\/","name":"Alphalearning International","description":"the brain training institute","publisher":{"@id":"https:\/\/alphalearning.com\/de\/#organization"},"potentialAction":[{"@type":"SearchAction","target":{"@type":"EntryPoint","urlTemplate":"https:\/\/alphalearning.com\/de\/?s={search_term_string}"},"query-input":{"@type":"PropertyValueSpecification","valueRequired":true,"valueName":"search_term_string"}}],"inLanguage":"de"},{"@type":"Organization","@id":"https:\/\/alphalearning.com\/de\/#organization","name":"Alphalearning International","url":"https:\/\/alphalearning.com\/de\/","logo":{"@type":"ImageObject","inLanguage":"de","@id":"https:\/\/alphalearning.com\/de\/#\/schema\/logo\/image\/","url":"https:\/\/alphalearning.com\/wp-content\/uploads\/2024\/03\/alphalearning_ico2_512px.png","contentUrl":"https:\/\/alphalearning.com\/wp-content\/uploads\/2024\/03\/alphalearning_ico2_512px.png","width":512,"height":512,"caption":"Alphalearning International"},"image":{"@id":"https:\/\/alphalearning.com\/de\/#\/schema\/logo\/image\/"}}]}},"uagb_featured_image_src":{"full":false,"thumbnail":false,"medium":false,"medium_large":false,"large":false,"1536x1536":false,"2048x2048":false,"gform-image-choice-sm":false,"gform-image-choice-md":false,"gform-image-choice-lg":false},"uagb_author_info":{"display_name":"Julio Machado","author_link":"https:\/\/alphalearning.com\/de\/author\/julio-machado\/"},"uagb_comment_info":0,"uagb_excerpt":"Kommentare aus dem niederl\u00e4ndischen Parlament Frau Monique Quint \u2013 Mitglied des ParlamentsZweite Kammer der GeneralstaatenNiederlande An Alphalearning, Im Folgenden mein [&hellip;]","_links":{"self":[{"href":"https:\/\/alphalearning.com\/de\/wp-json\/wp\/v2\/pages\/13040","targetHints":{"allow":["GET"]}}],"collection":[{"href":"https:\/\/alphalearning.com\/de\/wp-json\/wp\/v2\/pages"}],"about":[{"href":"https:\/\/alphalearning.com\/de\/wp-json\/wp\/v2\/types\/page"}],"author":[{"embeddable":true,"href":"https:\/\/alphalearning.com\/de\/wp-json\/wp\/v2\/users\/2"}],"replies":[{"embeddable":true,"href":"https:\/\/alphalearning.com\/de\/wp-json\/wp\/v2\/comments?post=13040"}],"version-history":[{"count":4,"href":"https:\/\/alphalearning.com\/de\/wp-json\/wp\/v2\/pages\/13040\/revisions"}],"predecessor-version":[{"id":17203,"href":"https:\/\/alphalearning.com\/de\/wp-json\/wp\/v2\/pages\/13040\/revisions\/17203"}],"up":[{"embeddable":true,"href":"https:\/\/alphalearning.com\/de\/wp-json\/wp\/v2\/pages\/13017"}],"wp:attachment":[{"href":"https:\/\/alphalearning.com\/de\/wp-json\/wp\/v2\/media?parent=13040"}],"curies":[{"name":"wp","href":"https:\/\/api.w.org\/{rel}","templated":true}]}}