{"id":13033,"date":"2024-03-27T16:27:07","date_gmt":"2024-03-27T16:27:07","guid":{"rendered":"https:\/\/alphalearning.com\/kommentare-von-alphalearning-klienten\/zitate-von-unternehmensfuehrern\/henkel\/"},"modified":"2025-12-03T11:47:58","modified_gmt":"2025-12-03T11:47:58","slug":"henkel","status":"publish","type":"page","link":"https:\/\/alphalearning.com\/de\/kommentare-von-alphalearning-klienten\/zitate-von-unternehmensfuehrern\/henkel\/","title":{"rendered":"Henkel"},"content":{"rendered":"\n<div class=\"wp-block-uagb-advanced-heading uagb-block-837d31b9\"><h1 class=\"uagb-heading-text\">Feedback von Henkel<\/h1><\/div>\n\n\n\n<p class=\"has-text-align-center\"><strong>Henkel KGaA<\/strong><br><strong>Internationales Management-Training<\/strong><br><strong>Deutschland<\/strong><\/p>\n\n\n\n<div class=\"wp-block-uagb-container uagb-block-f0158ee3 alignfull uagb-is-root-container\"><div class=\"uagb-container-inner-blocks-wrap\">\n<p>An Alphalearning,<\/p>\n\n\n\n<p>Die folgende Stellungnahme wurde dem Forbes-Magazin f\u00fcr dessen kommenden Artikel \u00fcber das Alphalearning-Trainingssystem und unsere Erfahrungen hier bei Henkel \u00fcbermittelt.<\/p>\n\n\n\n<p>Ich hoffe, sie findet Ihre Zustimmung.<\/p>\n\n\n\n<p><em>\u201eWir haben das Alphalearning-Institut eingeladen, eine Demonstration ihrer Methode zu geben.<\/em><\/p>\n\n\n\n<p><em>Diese Einladung erfolgte auf Grundlage eines au\u00dferordentlich positiven Feedbacks von zwei Managern, die an ihrem Training teilgenommen haben.<\/em><\/p>\n\n\n\n<p><em>Wir hatten den Eindruck, dass wir es mit einer vielversprechenden Methode zu tun hatten, um die Lesegeschwindigkeit von Managern erheblich zu steigern.<\/em><\/p>\n\n\n\n<p><em>Auf diese Weise konnten wir zu einem besseren Zeitmanagement, einer Reduzierung von Stress und einer Steigerung der Effizienz beitragen.<\/em><\/p>\n\n\n\n<p><em>Vor diesem Hintergrund haben wir erfolgreich ein Pilotseminar und eine Reihe weiterer Seminare organisiert.<\/em><\/p>\n\n\n\n<p><em>Die Teilnehmenden konnten ihre Lesegeschwindigkeit steigern, teils erheblich, oft um 300 % oder mehr.<\/em><\/p>\n\n\n\n<p><em>Und dies war kein kurzfristiger Erfolg. Die Seminare werden fortgesetzt.\u201c<\/em><\/p>\n\n\n\n<p>Vielen Dank f\u00fcr Ihre bisherige Unterst\u00fctzung, und wir w\u00fcnschen Ihnen viel Erfolg mit dem Forbes-Artikel.<\/p>\n\n\n\n<p>Mit freundlichen Gr\u00fc\u00dfen,<\/p>\n\n\n\n<p><strong>Vijay Kothari \u2013 Direktor f\u00fcr Schulungen<\/strong><\/p>\n<\/div><\/div>\n","protected":false},"excerpt":{"rendered":"<p>Feedback von Henkel Henkel KGaAInternationales Management-TrainingDeutschland An Alphalearning, Die folgende Stellungnahme wurde dem Forbes-Magazin f\u00fcr dessen kommenden Artikel \u00fcber das [&hellip;]<\/p>\n","protected":false},"author":2,"featured_media":0,"parent":13017,"menu_order":0,"comment_status":"closed","ping_status":"closed","template":"","meta":{"_uag_custom_page_level_css":"","site-sidebar-layout":"default","site-content-layout":"","ast-site-content-layout":"default","site-content-style":"default","site-sidebar-style":"default","ast-global-header-display":"","ast-banner-title-visibility":"","ast-main-header-display":"","ast-hfb-above-header-display":"","ast-hfb-below-header-display":"","ast-hfb-mobile-header-display":"","site-post-title":"disabled","ast-breadcrumbs-content":"","ast-featured-img":"","footer-sml-layout":"","ast-disable-related-posts":"","theme-transparent-header-meta":"","adv-header-id-meta":"","stick-header-meta":"","header-above-stick-meta":"","header-main-stick-meta":"","header-below-stick-meta":"","astra-migrate-meta-layouts":"default","ast-page-background-enabled":"default","ast-page-background-meta":{"desktop":{"background-color":"var(--ast-global-color-4)","background-image":"","background-repeat":"repeat","background-position":"center center","background-size":"auto","background-attachment":"scroll","background-type":"","background-media":"","overlay-type":"","overlay-color":"","overlay-opacity":"","overlay-gradient":""},"tablet":{"background-color":"","background-image":"","background-repeat":"repeat","background-position":"center center","background-size":"auto","background-attachment":"scroll","background-type":"","background-media":"","overlay-type":"","overlay-color":"","overlay-opacity":"","overlay-gradient":""},"mobile":{"background-color":"","background-image":"","background-repeat":"repeat","background-position":"center center","background-size":"auto","background-attachment":"scroll","background-type":"","background-media":"","overlay-type":"","overlay-color":"","overlay-opacity":"","overlay-gradient":""}},"ast-content-background-meta":{"desktop":{"background-color":"var(--ast-global-color-5)","background-image":"","background-repeat":"repeat","background-position":"center center","background-size":"auto","background-attachment":"scroll","background-type":"","background-media":"","overlay-type":"","overlay-color":"","overlay-opacity":"","overlay-gradient":""},"tablet":{"background-color":"var(--ast-global-color-5)","background-image":"","background-repeat":"repeat","background-position":"center center","background-size":"auto","background-attachment":"scroll","background-type":"","background-media":"","overlay-type":"","overlay-color":"","overlay-opacity":"","overlay-gradient":""},"mobile":{"background-color":"var(--ast-global-color-5)","background-image":"","background-repeat":"repeat","background-position":"center center","background-size":"auto","background-attachment":"scroll","background-type":"","background-media":"","overlay-type":"","overlay-color":"","overlay-opacity":"","overlay-gradient":""}},"footnotes":""},"class_list":["post-13033","page","type-page","status-publish","hentry"],"yoast_head":"<!-- This site is optimized with the Yoast SEO plugin v27.1.1 - https:\/\/yoast.com\/product\/yoast-seo-wordpress\/ -->\n<title>Henkel lobt Alphalearning: 300 % schnelleres Lesen erreicht<\/title>\n<meta name=\"description\" content=\"Die Teilnehmenden konnten ihre Lesegeschwindigkeit steigern, oft um 300 % oder mehr. Dies war kein kurzfristiger Erfolg. Die Seminare werden fortgesetzt.\" \/>\n<meta name=\"robots\" content=\"index, follow, max-snippet:-1, max-image-preview:large, max-video-preview:-1\" \/>\n<link rel=\"canonical\" href=\"https:\/\/alphalearning.com\/de\/kommentare-von-alphalearning-klienten\/zitate-von-unternehmensfuehrern\/henkel\/\" \/>\n<meta property=\"og:locale\" content=\"de_DE\" \/>\n<meta property=\"og:type\" content=\"article\" \/>\n<meta property=\"og:title\" content=\"Henkel lobt Alphalearning: 300 % schnelleres Lesen erreicht\" \/>\n<meta property=\"og:description\" content=\"Die Teilnehmenden konnten ihre Lesegeschwindigkeit steigern, oft um 300 % oder mehr. Dies war kein kurzfristiger Erfolg. Die Seminare werden fortgesetzt.\" \/>\n<meta property=\"og:url\" content=\"https:\/\/alphalearning.com\/de\/kommentare-von-alphalearning-klienten\/zitate-von-unternehmensfuehrern\/henkel\/\" \/>\n<meta property=\"og:site_name\" content=\"Alphalearning International\" \/>\n<meta property=\"article:modified_time\" content=\"2025-12-03T11:47:58+00:00\" \/>\n<meta property=\"og:image\" content=\"https:\/\/alphalearning.com\/wp-content\/uploads\/2024\/04\/alphalearning-logo_red_1200x675px.png\" \/>\n\t<meta property=\"og:image:width\" content=\"1200\" \/>\n\t<meta property=\"og:image:height\" content=\"675\" \/>\n\t<meta property=\"og:image:type\" content=\"image\/png\" \/>\n<meta name=\"twitter:card\" content=\"summary_large_image\" \/>\n<!-- \/ Yoast SEO plugin. -->","yoast_head_json":{"title":"Henkel lobt Alphalearning: 300 % schnelleres Lesen erreicht","description":"Die Teilnehmenden konnten ihre Lesegeschwindigkeit steigern, oft um 300 % oder mehr. Dies war kein kurzfristiger Erfolg. Die Seminare werden fortgesetzt.","robots":{"index":"index","follow":"follow","max-snippet":"max-snippet:-1","max-image-preview":"max-image-preview:large","max-video-preview":"max-video-preview:-1"},"canonical":"https:\/\/alphalearning.com\/de\/kommentare-von-alphalearning-klienten\/zitate-von-unternehmensfuehrern\/henkel\/","og_locale":"de_DE","og_type":"article","og_title":"Henkel lobt Alphalearning: 300 % schnelleres Lesen erreicht","og_description":"Die Teilnehmenden konnten ihre Lesegeschwindigkeit steigern, oft um 300 % oder mehr. Dies war kein kurzfristiger Erfolg. Die Seminare werden fortgesetzt.","og_url":"https:\/\/alphalearning.com\/de\/kommentare-von-alphalearning-klienten\/zitate-von-unternehmensfuehrern\/henkel\/","og_site_name":"Alphalearning International","article_modified_time":"2025-12-03T11:47:58+00:00","og_image":[{"width":1200,"height":675,"url":"https:\/\/alphalearning.com\/wp-content\/uploads\/2024\/04\/alphalearning-logo_red_1200x675px.png","type":"image\/png"}],"twitter_card":"summary_large_image","schema":{"@context":"https:\/\/schema.org","@graph":[{"@type":"WebPage","@id":"https:\/\/alphalearning.com\/de\/kommentare-von-alphalearning-klienten\/zitate-von-unternehmensfuehrern\/henkel\/","url":"https:\/\/alphalearning.com\/de\/kommentare-von-alphalearning-klienten\/zitate-von-unternehmensfuehrern\/henkel\/","name":"Henkel lobt Alphalearning: 300 % schnelleres Lesen erreicht","isPartOf":{"@id":"https:\/\/alphalearning.com\/de\/#website"},"datePublished":"2024-03-27T16:27:07+00:00","dateModified":"2025-12-03T11:47:58+00:00","description":"Die Teilnehmenden konnten ihre Lesegeschwindigkeit steigern, oft um 300 % oder mehr. Dies war kein kurzfristiger Erfolg. Die Seminare werden fortgesetzt.","breadcrumb":{"@id":"https:\/\/alphalearning.com\/de\/kommentare-von-alphalearning-klienten\/zitate-von-unternehmensfuehrern\/henkel\/#breadcrumb"},"inLanguage":"de","potentialAction":[{"@type":"ReadAction","target":["https:\/\/alphalearning.com\/de\/kommentare-von-alphalearning-klienten\/zitate-von-unternehmensfuehrern\/henkel\/"]}]},{"@type":"BreadcrumbList","@id":"https:\/\/alphalearning.com\/de\/kommentare-von-alphalearning-klienten\/zitate-von-unternehmensfuehrern\/henkel\/#breadcrumb","itemListElement":[{"@type":"ListItem","position":1,"name":"Home","item":"https:\/\/alphalearning.com\/de\/"},{"@type":"ListItem","position":2,"name":"Kommentare von Alphalearning-Klienten","item":"https:\/\/alphalearning.com\/de\/kommentare-von-alphalearning-klienten\/"},{"@type":"ListItem","position":3,"name":"Unternehmen","item":"https:\/\/alphalearning.com\/de\/kommentare-von-alphalearning-klienten\/zitate-von-unternehmensfuehrern\/"},{"@type":"ListItem","position":4,"name":"Henkel"}]},{"@type":"WebSite","@id":"https:\/\/alphalearning.com\/de\/#website","url":"https:\/\/alphalearning.com\/de\/","name":"Alphalearning International","description":"the brain training institute","publisher":{"@id":"https:\/\/alphalearning.com\/de\/#organization"},"potentialAction":[{"@type":"SearchAction","target":{"@type":"EntryPoint","urlTemplate":"https:\/\/alphalearning.com\/de\/?s={search_term_string}"},"query-input":{"@type":"PropertyValueSpecification","valueRequired":true,"valueName":"search_term_string"}}],"inLanguage":"de"},{"@type":"Organization","@id":"https:\/\/alphalearning.com\/de\/#organization","name":"Alphalearning International","url":"https:\/\/alphalearning.com\/de\/","logo":{"@type":"ImageObject","inLanguage":"de","@id":"https:\/\/alphalearning.com\/de\/#\/schema\/logo\/image\/","url":"https:\/\/alphalearning.com\/wp-content\/uploads\/2024\/03\/alphalearning_ico2_512px.png","contentUrl":"https:\/\/alphalearning.com\/wp-content\/uploads\/2024\/03\/alphalearning_ico2_512px.png","width":512,"height":512,"caption":"Alphalearning International"},"image":{"@id":"https:\/\/alphalearning.com\/de\/#\/schema\/logo\/image\/"}}]}},"uagb_featured_image_src":{"full":false,"thumbnail":false,"medium":false,"medium_large":false,"large":false,"1536x1536":false,"2048x2048":false,"gform-image-choice-sm":false,"gform-image-choice-md":false,"gform-image-choice-lg":false},"uagb_author_info":{"display_name":"Julio Machado","author_link":"https:\/\/alphalearning.com\/de\/author\/julio-machado\/"},"uagb_comment_info":0,"uagb_excerpt":"Feedback von Henkel Henkel KGaAInternationales Management-TrainingDeutschland An Alphalearning, Die folgende Stellungnahme wurde dem Forbes-Magazin f\u00fcr dessen kommenden Artikel \u00fcber das [&hellip;]","_links":{"self":[{"href":"https:\/\/alphalearning.com\/de\/wp-json\/wp\/v2\/pages\/13033","targetHints":{"allow":["GET"]}}],"collection":[{"href":"https:\/\/alphalearning.com\/de\/wp-json\/wp\/v2\/pages"}],"about":[{"href":"https:\/\/alphalearning.com\/de\/wp-json\/wp\/v2\/types\/page"}],"author":[{"embeddable":true,"href":"https:\/\/alphalearning.com\/de\/wp-json\/wp\/v2\/users\/2"}],"replies":[{"embeddable":true,"href":"https:\/\/alphalearning.com\/de\/wp-json\/wp\/v2\/comments?post=13033"}],"version-history":[{"count":6,"href":"https:\/\/alphalearning.com\/de\/wp-json\/wp\/v2\/pages\/13033\/revisions"}],"predecessor-version":[{"id":17230,"href":"https:\/\/alphalearning.com\/de\/wp-json\/wp\/v2\/pages\/13033\/revisions\/17230"}],"up":[{"embeddable":true,"href":"https:\/\/alphalearning.com\/de\/wp-json\/wp\/v2\/pages\/13017"}],"wp:attachment":[{"href":"https:\/\/alphalearning.com\/de\/wp-json\/wp\/v2\/media?parent=13033"}],"curies":[{"name":"wp","href":"https:\/\/api.w.org\/{rel}","templated":true}]}}