{"id":13025,"date":"2024-03-27T16:26:51","date_gmt":"2024-03-27T16:26:51","guid":{"rendered":"https:\/\/alphalearning.com\/kommentare-von-alphalearning-klienten\/zitate-von-unternehmensfuehrern\/abp-pension-fund\/"},"modified":"2025-12-03T11:48:45","modified_gmt":"2025-12-03T11:48:45","slug":"abp-pensionsfonds","status":"publish","type":"page","link":"https:\/\/alphalearning.com\/de\/kommentare-von-alphalearning-klienten\/zitate-von-unternehmensfuehrern\/abp-pensionsfonds\/","title":{"rendered":"ABP Pensionfonds"},"content":{"rendered":"\n<div class=\"wp-block-uagb-advanced-heading uagb-block-2f65ddc0\"><h1 class=\"uagb-heading-text\">Kommentar vom ABP-Pensionsfonds<\/h1><\/div>\n\n\n\n<p class=\"has-text-align-center\"><strong>Algemeen Burgerijk Pensioenfonds<\/strong><br><strong>Die Niederlande<\/strong><\/p>\n\n\n\n<div class=\"wp-block-uagb-container uagb-block-9a87dc0b alignfull uagb-is-root-container\"><div class=\"uagb-container-inner-blocks-wrap\">\n<p>An Alphalearning,<\/p>\n\n\n\n<p>Hier ist der Text meines vorgeschlagenen Schreibens an die interessierten Parteien, um ein niederl\u00e4ndisches Trainingssystem f\u00fcr das Alphalearning-Institut zu entwickeln.<\/p>\n\n\n\n<p>Letztes Jahr wurde ich von einem meiner belgischen Kollegen zu einem Treffen der VOV (Fl\u00e4mische Gesellschaft f\u00fcr Ausbildungsspezialisten) in Gent \u00fcber Gehirnwellenkontrolle eingeladen. An diesem Tag gab das Alphalearning-Institut eine kurze Demonstration, wie Einzelpersonen tats\u00e4chlich ihre eigenen Gehirnwellen steuern k\u00f6nnen, um ihre Lernf\u00e4higkeit zu verbessern und die Informationsaufnahme erheblich zu steigern.<\/p>\n\n\n\n<p>Es war bemerkenswert zu sehen, wie einige Teilnehmende an ein Elektroenzephalograph (EEG) angeschlossen wurden, um ihre Gehirnwellen (\u00fcber einen PC auf eine Projektionsleinwand) zu projizieren und wie schnell sie mithilfe dieser \u201eProjektions-Feedback\u201c-Methode lernten, das Gleichgewicht zwischen der Aktivit\u00e4t ihrer linken und rechten Gehirnh\u00e4lfte zu steuern. Dann war es v\u00f6llig erstaunlich zu beobachten, wie die Teilnehmenden nicht nur an ein EEG, sondern gleichzeitig auch an eine \u201eGehirn-Maschine\u201c (audioakustischer Stimulator) angeschlossen wurden.<\/p>\n\n\n\n<p>W\u00e4hrend dieser Demonstration wurde die Gehirnwellenfrequenz von der \u201ewachsamen\u201c Beta-Ebene (14 Hz) auf die entspannte \u201eLern\u201c-Alpha-Ebene (7 Hz) und schlie\u00dflich auf die beruhigende, \u201ekreative\u201c Theta-Ebene (4 Hz) und die Delta-\u201eSchlaf\u201c-Ebene (2 Hz) gesenkt. Anschlie\u00dfend wurde die Frequenz wieder erh\u00f6ht, um die Testperson auf das Beta-Niveau zur\u00fcckzubringen. Die Demonstration wurde mit einer F\u00fclle aktueller wissenschaftlicher Forschungsdaten aus den Bereichen Gehirnphysiologie, Neurologie und Psychologie untermauert. All das war sehr beeindruckend und weckte meine Neugier \u2013 besonders, weil das Alphalearning-Institut garantierte, dass alle Teilnehmenden nach dem f\u00fcnft\u00e4gigen Kurs dauerhaft ihre Gehirnwellen kontrollieren k\u00f6nnen w\u00fcrde.<\/p>\n\n\n\n<p>Als ich sp\u00e4ter erfuhr, dass die Trainingsmethode au\u00dferdem auf den Erkenntnissen von Tony Buzan (\u201eUse your brain\u201c), Edward DeBono (\u201eThinking Laterally\u201c) und John Grinder (\u201eNeurolinguistisches Programmieren\u201c) beruht, wurde mein Interesse noch gr\u00f6\u00dfer. Mit viel Neugier, aber auch einer Portion Skepsis, besuchte ich in Maastricht den Alphalearning-Kurs \u201eDas Lernen Lernen\u201c.<\/p>\n\n\n\n<p>Der Kurs war spannend und interessant \u2013 daran besteht kein Zweifel. Mitunter war er verwirrend und \u00fcberraschend, aber es hat sich am Ende immer gelohnt. Jetzt, wo ich den Kurs besucht und \u201everdaut\u201c habe, bin ich fest davon \u00fcberzeugt, dass jede teilnehmende Person lernen kann:<\/p>\n\n\n\n<ul class=\"wp-block-list\">\n<li>Seine\/ihre Lesegeschwindigkeit dauerhaft um 300 % zu erh\u00f6hen,<\/li>\n\n\n\n<li>Seine\/ihre Gehirnwellen zu kontrollieren und zu regulieren,<\/li>\n\n\n\n<li>Schneller und effektiver Notizen zu machen (Mindmapping),<\/li>\n\n\n\n<li>Informationen schneller und effektiver aufzunehmen,<\/li>\n\n\n\n<li>Effizienter und kraftvoller zu kommunizieren.<\/li>\n<\/ul>\n\n\n\n<p>Kurz gesagt, jeder kann lernen, schneller zu lernen \u2013 auf eine flexiblere und weniger stressige Weise.<\/p>\n\n\n\n<p>Und das ist nicht einfach nur eine Modeerscheinung oder irgendein M\u00e4rchen eines Gurus. Der Ansatz beruht auf neuen wissenschaftlichen Erkenntnissen, die von den oben genannten, weltbekannten Wissenschaftlern ins Rampenlicht ger\u00fcckt wurden. Diese Herangehensweise kann als eine Art \u201ePhasen\u00fcbergang\u201c in der Entwicklung der Bildung und der Bildungspsychologie betrachtet werden. Nur eine Anmerkung h\u00e4tte ich noch: Alphalearning ist noch zu elit\u00e4r. Nur die \u201egl\u00fccklichen Wenigen\u201c k\u00f6nnen es sich leisten, an den Sitzungen teilzunehmen. Das muss sich \u00e4ndern. Durch eine Anpassung der Kursstruktur und der Marktstrategie sollte es m\u00f6glich sein, die Alphalearning-Methoden all jenen in den Niederlanden und im Ausland zug\u00e4nglich zu machen, die \u201elernen wollen, wie man lernt\u201c. Alphalearning muss eine Bewegung werden, es muss eine Schule werden.<\/p>\n\n\n\n<p>Vielen Dank nochmals f\u00fcr eine wundervolle Woche.<\/p>\n\n\n\n<p>Mit freundlichen Gr\u00fc\u00dfen,<\/p>\n\n\n\n<p><strong>Rene Broekmeulen<\/strong><\/p>\n<\/div><\/div>\n","protected":false},"excerpt":{"rendered":"<p>Kommentar vom ABP-Pensionsfonds Algemeen Burgerijk PensioenfondsDie Niederlande An Alphalearning, Hier ist der Text meines vorgeschlagenen Schreibens an die interessierten Parteien, [&hellip;]<\/p>\n","protected":false},"author":2,"featured_media":0,"parent":13017,"menu_order":0,"comment_status":"closed","ping_status":"closed","template":"","meta":{"_uag_custom_page_level_css":"","site-sidebar-layout":"default","site-content-layout":"","ast-site-content-layout":"default","site-content-style":"default","site-sidebar-style":"default","ast-global-header-display":"","ast-banner-title-visibility":"","ast-main-header-display":"","ast-hfb-above-header-display":"","ast-hfb-below-header-display":"","ast-hfb-mobile-header-display":"","site-post-title":"disabled","ast-breadcrumbs-content":"","ast-featured-img":"","footer-sml-layout":"","ast-disable-related-posts":"","theme-transparent-header-meta":"","adv-header-id-meta":"","stick-header-meta":"","header-above-stick-meta":"","header-main-stick-meta":"","header-below-stick-meta":"","astra-migrate-meta-layouts":"default","ast-page-background-enabled":"default","ast-page-background-meta":{"desktop":{"background-color":"var(--ast-global-color-4)","background-image":"","background-repeat":"repeat","background-position":"center center","background-size":"auto","background-attachment":"scroll","background-type":"","background-media":"","overlay-type":"","overlay-color":"","overlay-opacity":"","overlay-gradient":""},"tablet":{"background-color":"","background-image":"","background-repeat":"repeat","background-position":"center center","background-size":"auto","background-attachment":"scroll","background-type":"","background-media":"","overlay-type":"","overlay-color":"","overlay-opacity":"","overlay-gradient":""},"mobile":{"background-color":"","background-image":"","background-repeat":"repeat","background-position":"center center","background-size":"auto","background-attachment":"scroll","background-type":"","background-media":"","overlay-type":"","overlay-color":"","overlay-opacity":"","overlay-gradient":""}},"ast-content-background-meta":{"desktop":{"background-color":"var(--ast-global-color-5)","background-image":"","background-repeat":"repeat","background-position":"center center","background-size":"auto","background-attachment":"scroll","background-type":"","background-media":"","overlay-type":"","overlay-color":"","overlay-opacity":"","overlay-gradient":""},"tablet":{"background-color":"var(--ast-global-color-5)","background-image":"","background-repeat":"repeat","background-position":"center center","background-size":"auto","background-attachment":"scroll","background-type":"","background-media":"","overlay-type":"","overlay-color":"","overlay-opacity":"","overlay-gradient":""},"mobile":{"background-color":"var(--ast-global-color-5)","background-image":"","background-repeat":"repeat","background-position":"center center","background-size":"auto","background-attachment":"scroll","background-type":"","background-media":"","overlay-type":"","overlay-color":"","overlay-opacity":"","overlay-gradient":""}},"footnotes":""},"class_list":["post-13025","page","type-page","status-publish","hentry"],"yoast_head":"<!-- This site is optimized with the Yoast SEO plugin v27.1.1 - https:\/\/yoast.com\/product\/yoast-seo-wordpress\/ -->\n<title>Kommentare ABP-Pensionsfonds \u2013 Alphalearning International<\/title>\n<meta name=\"description\" content=\"Erfahren Sie, wie Tony Buzan, Edward de Bono und NLP den ABP-Pensionsfonds inspirierten, Alphalearning f\u00fcr effektives Hirnwellen-Training zu nutzen.\" \/>\n<meta name=\"robots\" content=\"index, follow, max-snippet:-1, max-image-preview:large, max-video-preview:-1\" \/>\n<link rel=\"canonical\" href=\"https:\/\/alphalearning.com\/de\/kommentare-von-alphalearning-klienten\/zitate-von-unternehmensfuehrern\/abp-pensionsfonds\/\" \/>\n<meta property=\"og:locale\" content=\"de_DE\" \/>\n<meta property=\"og:type\" content=\"article\" \/>\n<meta property=\"og:title\" content=\"Kommentare ABP-Pensionsfonds \u2013 Alphalearning International\" \/>\n<meta property=\"og:description\" content=\"Erfahren Sie, wie Tony Buzan, Edward de Bono und NLP den ABP-Pensionsfonds inspirierten, Alphalearning f\u00fcr effektives Hirnwellen-Training zu nutzen.\" \/>\n<meta property=\"og:url\" content=\"https:\/\/alphalearning.com\/de\/kommentare-von-alphalearning-klienten\/zitate-von-unternehmensfuehrern\/abp-pensionsfonds\/\" \/>\n<meta property=\"og:site_name\" content=\"Alphalearning International\" \/>\n<meta property=\"article:modified_time\" content=\"2025-12-03T11:48:45+00:00\" \/>\n<meta property=\"og:image\" content=\"https:\/\/alphalearning.com\/wp-content\/uploads\/2024\/04\/alphalearning-logo_red_1200x675px.png\" \/>\n\t<meta property=\"og:image:width\" content=\"1200\" \/>\n\t<meta property=\"og:image:height\" content=\"675\" \/>\n\t<meta property=\"og:image:type\" content=\"image\/png\" \/>\n<meta name=\"twitter:card\" content=\"summary_large_image\" \/>\n<meta name=\"twitter:label1\" content=\"Est. reading time\" \/>\n\t<meta name=\"twitter:data1\" content=\"3 minutes\" \/>\n<!-- \/ Yoast SEO plugin. -->","yoast_head_json":{"title":"Kommentare ABP-Pensionsfonds \u2013 Alphalearning International","description":"Erfahren Sie, wie Tony Buzan, Edward de Bono und NLP den ABP-Pensionsfonds inspirierten, Alphalearning f\u00fcr effektives Hirnwellen-Training zu nutzen.","robots":{"index":"index","follow":"follow","max-snippet":"max-snippet:-1","max-image-preview":"max-image-preview:large","max-video-preview":"max-video-preview:-1"},"canonical":"https:\/\/alphalearning.com\/de\/kommentare-von-alphalearning-klienten\/zitate-von-unternehmensfuehrern\/abp-pensionsfonds\/","og_locale":"de_DE","og_type":"article","og_title":"Kommentare ABP-Pensionsfonds \u2013 Alphalearning International","og_description":"Erfahren Sie, wie Tony Buzan, Edward de Bono und NLP den ABP-Pensionsfonds inspirierten, Alphalearning f\u00fcr effektives Hirnwellen-Training zu nutzen.","og_url":"https:\/\/alphalearning.com\/de\/kommentare-von-alphalearning-klienten\/zitate-von-unternehmensfuehrern\/abp-pensionsfonds\/","og_site_name":"Alphalearning International","article_modified_time":"2025-12-03T11:48:45+00:00","og_image":[{"width":1200,"height":675,"url":"https:\/\/alphalearning.com\/wp-content\/uploads\/2024\/04\/alphalearning-logo_red_1200x675px.png","type":"image\/png"}],"twitter_card":"summary_large_image","twitter_misc":{"Est. reading time":"3 minutes"},"schema":{"@context":"https:\/\/schema.org","@graph":[{"@type":"WebPage","@id":"https:\/\/alphalearning.com\/de\/kommentare-von-alphalearning-klienten\/zitate-von-unternehmensfuehrern\/abp-pensionsfonds\/","url":"https:\/\/alphalearning.com\/de\/kommentare-von-alphalearning-klienten\/zitate-von-unternehmensfuehrern\/abp-pensionsfonds\/","name":"Kommentare ABP-Pensionsfonds \u2013 Alphalearning International","isPartOf":{"@id":"https:\/\/alphalearning.com\/de\/#website"},"datePublished":"2024-03-27T16:26:51+00:00","dateModified":"2025-12-03T11:48:45+00:00","description":"Erfahren Sie, wie Tony Buzan, Edward de Bono und NLP den ABP-Pensionsfonds inspirierten, Alphalearning f\u00fcr effektives Hirnwellen-Training zu nutzen.","breadcrumb":{"@id":"https:\/\/alphalearning.com\/de\/kommentare-von-alphalearning-klienten\/zitate-von-unternehmensfuehrern\/abp-pensionsfonds\/#breadcrumb"},"inLanguage":"de","potentialAction":[{"@type":"ReadAction","target":["https:\/\/alphalearning.com\/de\/kommentare-von-alphalearning-klienten\/zitate-von-unternehmensfuehrern\/abp-pensionsfonds\/"]}]},{"@type":"BreadcrumbList","@id":"https:\/\/alphalearning.com\/de\/kommentare-von-alphalearning-klienten\/zitate-von-unternehmensfuehrern\/abp-pensionsfonds\/#breadcrumb","itemListElement":[{"@type":"ListItem","position":1,"name":"Home","item":"https:\/\/alphalearning.com\/de\/"},{"@type":"ListItem","position":2,"name":"Kommentare von Alphalearning-Klienten","item":"https:\/\/alphalearning.com\/de\/kommentare-von-alphalearning-klienten\/"},{"@type":"ListItem","position":3,"name":"Unternehmen","item":"https:\/\/alphalearning.com\/de\/kommentare-von-alphalearning-klienten\/zitate-von-unternehmensfuehrern\/"},{"@type":"ListItem","position":4,"name":"ABP Pensionfonds"}]},{"@type":"WebSite","@id":"https:\/\/alphalearning.com\/de\/#website","url":"https:\/\/alphalearning.com\/de\/","name":"Alphalearning International","description":"the brain training institute","publisher":{"@id":"https:\/\/alphalearning.com\/de\/#organization"},"potentialAction":[{"@type":"SearchAction","target":{"@type":"EntryPoint","urlTemplate":"https:\/\/alphalearning.com\/de\/?s={search_term_string}"},"query-input":{"@type":"PropertyValueSpecification","valueRequired":true,"valueName":"search_term_string"}}],"inLanguage":"de"},{"@type":"Organization","@id":"https:\/\/alphalearning.com\/de\/#organization","name":"Alphalearning International","url":"https:\/\/alphalearning.com\/de\/","logo":{"@type":"ImageObject","inLanguage":"de","@id":"https:\/\/alphalearning.com\/de\/#\/schema\/logo\/image\/","url":"https:\/\/alphalearning.com\/wp-content\/uploads\/2024\/03\/alphalearning_ico2_512px.png","contentUrl":"https:\/\/alphalearning.com\/wp-content\/uploads\/2024\/03\/alphalearning_ico2_512px.png","width":512,"height":512,"caption":"Alphalearning International"},"image":{"@id":"https:\/\/alphalearning.com\/de\/#\/schema\/logo\/image\/"}}]}},"uagb_featured_image_src":{"full":false,"thumbnail":false,"medium":false,"medium_large":false,"large":false,"1536x1536":false,"2048x2048":false,"gform-image-choice-sm":false,"gform-image-choice-md":false,"gform-image-choice-lg":false},"uagb_author_info":{"display_name":"Julio Machado","author_link":"https:\/\/alphalearning.com\/de\/author\/julio-machado\/"},"uagb_comment_info":0,"uagb_excerpt":"Kommentar vom ABP-Pensionsfonds Algemeen Burgerijk PensioenfondsDie Niederlande An Alphalearning, Hier ist der Text meines vorgeschlagenen Schreibens an die interessierten Parteien, [&hellip;]","_links":{"self":[{"href":"https:\/\/alphalearning.com\/de\/wp-json\/wp\/v2\/pages\/13025","targetHints":{"allow":["GET"]}}],"collection":[{"href":"https:\/\/alphalearning.com\/de\/wp-json\/wp\/v2\/pages"}],"about":[{"href":"https:\/\/alphalearning.com\/de\/wp-json\/wp\/v2\/types\/page"}],"author":[{"embeddable":true,"href":"https:\/\/alphalearning.com\/de\/wp-json\/wp\/v2\/users\/2"}],"replies":[{"embeddable":true,"href":"https:\/\/alphalearning.com\/de\/wp-json\/wp\/v2\/comments?post=13025"}],"version-history":[{"count":9,"href":"https:\/\/alphalearning.com\/de\/wp-json\/wp\/v2\/pages\/13025\/revisions"}],"predecessor-version":[{"id":17231,"href":"https:\/\/alphalearning.com\/de\/wp-json\/wp\/v2\/pages\/13025\/revisions\/17231"}],"up":[{"embeddable":true,"href":"https:\/\/alphalearning.com\/de\/wp-json\/wp\/v2\/pages\/13017"}],"wp:attachment":[{"href":"https:\/\/alphalearning.com\/de\/wp-json\/wp\/v2\/media?parent=13025"}],"curies":[{"name":"wp","href":"https:\/\/api.w.org\/{rel}","templated":true}]}}