{"id":13017,"date":"2024-03-27T16:26:30","date_gmt":"2024-03-27T16:26:30","guid":{"rendered":"https:\/\/alphalearning.com\/kommentare-von-alphalearning-klienten\/quotes-from-corporate-executives\/"},"modified":"2025-11-12T12:48:46","modified_gmt":"2025-11-12T12:48:46","slug":"zitate-von-unternehmensfuehrern","status":"publish","type":"page","link":"https:\/\/alphalearning.com\/de\/kommentare-von-alphalearning-klienten\/zitate-von-unternehmensfuehrern\/","title":{"rendered":"Unternehmen"},"content":{"rendered":"\n<div class=\"wp-block-uagb-advanced-heading uagb-block-ba5b6fa0\"><h1 class=\"uagb-heading-text\">Erfahrungsberichte von Unternehmensf\u00fchrungen \u00fcber Alphalearning<\/h1><\/div>\n\n\n\n<div class=\"wp-block-uagb-container uagb-block-57137a1c alignfull uagb-is-root-container\"><div class=\"uagb-container-inner-blocks-wrap\">\n<p>Ausf\u00fchrliche Kommentare finden Sie auf den folgenden Seiten:<\/p>\n\n\n\n<ul class=\"wp-block-list\">\n<li><a href=\"https:\/\/alphalearning.com\/comments-from-alphalearning-clients\/quotes-from-corporate-executives\/icl-fujitsu\/\">ICL Fujitsu<\/a>\n<ul class=\"wp-block-list\">\n<li><em>\u201eWir planen, mit dieser radikal neuen Trainingsart weiterzumachen.\u201c<\/em><\/li>\n<\/ul>\n<\/li>\n\n\n\n<li><a href=\"https:\/\/alphalearning.com\/comments-from-alphalearning-clients\/quotes-from-corporate-executives\/henkel\/\">Henkel<\/a>\n<ul class=\"wp-block-list\">\n<li><em>\u201e(\u2026) Und dies war kein kurzfristiger Erfolg. Die Seminare werden fortgesetzt.\u201c<\/em><\/li>\n<\/ul>\n<\/li>\n\n\n\n<li><a href=\"https:\/\/alphalearning.com\/comments-from-alphalearning-clients\/quotes-from-corporate-executives\/raychem\/\">Raychem<\/a>\n<ul class=\"wp-block-list\">\n<li><em>\u201eRaychem begann das Seminar als ein Experiment. Nach ihren Erfahrungen wurde es zu einem sehr positiven Experiment.\u201c<\/em><\/li>\n<\/ul>\n<\/li>\n\n\n\n<li><a href=\"https:\/\/alphalearning.com\/comments-from-alphalearning-clients\/quotes-from-corporate-executives\/holland-parliament\/\">Holland Parliament<\/a>\n<ul class=\"wp-block-list\">\n<li><em>\u201eUm es auf den Punkt zu bringen: Das Wissen und die Kompetenz des Alphalearning-Instituts sind von erheblicher Bedeutung f\u00fcr unsere Gesellschaft und m\u00fcssen weithin bekannt sein.\u201c<\/em><\/li>\n<\/ul>\n<\/li>\n<\/ul>\n\n\n\n<p class=\"has-text-align-right\"><a href=\"https:\/\/alphalearning.com\/comments-from-alphalearning-clients\/quotes-from-families\/\">Einige Testimonials von Alphalearning-Klienten<\/a><\/p>\n\n\n\n<p class=\"has-text-align-right\"><a href=\"https:\/\/alphalearning.com\/de\/kommentare-von-alphalearning-klienten\/zitate-von-leistungssportlern\/\">Testimonials von Athleten, die das Brainwave-System nutzen<\/a><\/p>\n\n\n\n<p class=\"has-text-align-center\"><strong>Eine Liste der Unternehmenskunden wird am Ende der nachstehenden Zitate pr\u00e4sentiert.<\/strong><\/p>\n\n\n\n<p>\u201eDanke f\u00fcr eine wirklich energetische Sitzung.\u201c<\/p>\n\n\n\n<p>\u201eIch fand das Thema so interessant, dass ich schon auf den n\u00e4chsten Punkt gespannt war.\u201c<\/p>\n\n\n\n<p>\u201eUmwerfend!\u201c<\/p>\n\n\n\n<p>\u201eWirklich wundervolle Erfahrung.\u201c<\/p>\n\n\n\n<p>\u201eViele Einblicke in das Verhalten des Gehirns.\u201c<\/p>\n\n\n\n<p>\u201eIch hoffe, Ihre Arbeit weiterhin zu verfolgen.\u201c<\/p>\n\n\n\n<p>\u201ePositive Ergebnisse.\u201c<\/p>\n\n\n\n<p>\u201e\u00d6ffnete unseren Geist f\u00fcr Verbesserungen in uns selbst, an denen wir zuvor vielleicht gezweifelt haben.\u201c<\/p>\n\n\n\n<p>\u201eErfahrungsm\u00e4\u00dfig gut.\u201c<\/p>\n\n\n\n<p>\u201eEine Auffrischungsimpfung f\u00fcr das Selbstvertrauen, wenn man sich der F\u00e4higkeit bewusst wird, seine Denkweise zu \u00e4ndern.\u201c<\/p>\n\n\n\n<p>\u201eEffektiv vermittelt.\u201c<\/p>\n\n\n\n<p>\u201eInsgesamt ausgezeichnet.\u201c<\/p>\n\n\n\n<p>\u201eK\u00f6nnte die Anwendung auf Trainingsmethoden ausweiten.\u201c<\/p>\n\n\n\n<p>\u201eHat meine Lesegeschwindigkeit innerhalb von Minuten um 100 % gesteigert. Hervorragend!\u201c<\/p>\n\n\n\n<p>\u201eAusgezeichnet. Wunderbarer Inhalt.\u201c<\/p>\n\n\n\n<p>\u201eIch habe mich eindeutig mit Ihrem Stil angefreundet.\u201c<\/p>\n\n\n\n<p>\u201eViele neue Perspektiven er\u00f6ffnet.\u201c<\/p>\n\n\n\n<p>\u201eDas Thema fasziniert und stimuliert mich.\u201c<\/p>\n\n\n\n<p>\u201eSehr gut und interaktiv.\u201c<\/p>\n\n\n\n<p>\u201eFesselnd \u2013 auch lustig.\u201c<\/p>\n\n\n\n<p>\u201eEine echte Reise ins Unbekannte.\u201c<\/p>\n\n\n\n<p>\u201eUnterhaltsam, n\u00fctzlich und faszinierend.\u201c<\/p>\n\n\n\n<p>\u201eFaszinierend.\u201c<\/p>\n\n\n\n<p>\u201eAngenehm und am\u00fcsant.\u201c<\/p>\n\n\n\n<p>\u201eUnglaublich inspirierend.\u201c<\/p>\n\n\n\n<p>\u201eSehr interessant.\u201c<\/p>\n\n\n\n<p>\u201eAusgezeichnet, sehr direkte und klare Pr\u00e4sentation.\u201c<\/p>\n\n\n\n<p>\u201eGut pr\u00e4sentiert und angenehm zuzuh\u00f6ren.\u201c<\/p>\n\n\n\n<p>\u201eSehr partizipativ.\u201c<\/p>\n\n\n\n<p>\u201e\u00c4u\u00dferst hilfreich.\u201c<\/p>\n\n\n\n<p>\u201eSolide und klar.\u201c<\/p>\n\n\n\n<p>\u201eIch h\u00e4tte problemlos noch viel l\u00e4nger zuh\u00f6ren und es genie\u00dfen k\u00f6nnen.\u201c<\/p>\n\n\n\n<p>\u201eSehr dankbar f\u00fcr seine Hinweise und Methoden, schneller zu lesen und Daten aufzuschl\u00fcsseln.\u201c<\/p>\n\n\n\n<p>\u201eSehr gut darin, das Publikum f\u00fcr sich zu gewinnen.\u201c<\/p>\n\n\n\n<p>\u201eAusgezeichnete Pr\u00e4sentation.\u201c<\/p>\n\n\n\n<p>\u201eWertvolles Trainingssystem.\u201c<\/p>\n\n\n\n<p>\u201eUnmittelbarer Nutzen f\u00fcr das Personal.\u201c<\/p>\n\n\n\n<p>\u201eW\u00e4re an weiteren Gespr\u00e4chen interessiert.\u201c<\/p>\n\n\n\n<p>\u201eIch werde den Alpha-Zustand auf jeden Fall nutzen.\u201c<\/p>\n\n\n\n<p>\u201eGott sei Dank!\u201c<\/p>\n\n\n\n<p class=\"has-text-align-center\">\u2013<br><strong>Einige der Unternehmen, die an Alphalearning-Programmen teilgenommen haben, sind<\/strong><\/p>\n\n\n\n<p>ABB ASEA BROWN BOVERI LTD.<\/p>\n\n\n\n<p>ABB TRANSPORTATION GMBH<\/p>\n\n\n\n<p>ABBEY LIFE ASSURANCE IRELAND<\/p>\n\n\n\n<p>ABBEY NAT \u2018L PLC<\/p>\n\n\n\n<p>AER LINGUS<\/p>\n\n\n\n<p>AIB ALLIED IRISH BANK PLS<\/p>\n\n\n\n<p>AMDAHL UK LTD.<\/p>\n\n\n\n<p>APOTEKSBOLAGET AB<\/p>\n\n\n\n<p>APPLE EUROPE<\/p>\n\n\n\n<p>ARCS ASTRA RESEARCH CENTRE<\/p>\n\n\n\n<p>ASCOM HASLER<\/p>\n\n\n\n<p>AVANT<\/p>\n\n\n\n<p>AZZAWIYA OIL REFINING CO.<\/p>\n\n\n\n<p>BALTICA<\/p>\n\n\n\n<p>BANCA D\u2019AMERICA E D\u2019ITALIA<\/p>\n\n\n\n<p>BANCO SANTANDER<\/p>\n\n\n\n<p>BANK OF IRELAND<\/p>\n\n\n\n<p>BAC GASES<\/p>\n\n\n\n<p>BOFORS ELECTRONICS<\/p>\n\n\n\n<p>BRISTOL MYERS SQUIBB<\/p>\n\n\n\n<p>BRISTOL MYERS SQUIBB SPA<\/p>\n\n\n\n<p>BRITISH AIRWAYS<\/p>\n\n\n\n<p>BRITISH TELECOM INT\u2019 L<\/p>\n\n\n\n<p>BUSINESS COACHING EUROPE NV<\/p>\n\n\n\n<p>CAJA DE PENSIONES LA CAIXA<\/p>\n\n\n\n<p>CAPITAL HOUSE INVESTMENT MGMT.<\/p>\n\n\n\n<p>CATERPILLAR OVERSEAS SA<\/p>\n\n\n\n<p>CHRISTIANA BANK OG<\/p>\n\n\n\n<p>CIN MANAGEMENT LTD.<\/p>\n\n\n\n<p>CRH SA<\/p>\n\n\n\n<p>DANMARKS APOTEKERFORENING<\/p>\n\n\n\n<p>DE BAAK<\/p>\n\n\n\n<p>DEN DANSKE BANK<\/p>\n\n\n\n<p>DIGITAL EQUIPMENT CORP AG<\/p>\n\n\n\n<p>DOVEUROPE<\/p>\n\n\n\n<p>DOW EUROPE SA<\/p>\n\n\n\n<p>D.H.L. HEADQUARTERS<\/p>\n\n\n\n<p>EAGLE STAR<\/p>\n\n\n\n<p>EDF<\/p>\n\n\n\n<p>EIB-BEI EUROPEAN INVESTM. BANK<\/p>\n\n\n\n<p>EISAI EUROPE LTD.<\/p>\n\n\n\n<p>EMPREENDIMENTO AMOREIRAS<\/p>\n\n\n\n<p>ESA-ESRIN<\/p>\n\n\n\n<p>ESOC-EUROPEAN SPACE AGENCY<\/p>\n\n\n\n<p>ESTEC<\/p>\n\n\n\n<p>EUROPEAN PARLIMENT<\/p>\n\n\n\n<p>EVC INTERNATIONAL<\/p>\n\n\n\n<p>F. HOFFMANN-LA ROCHE LTD.<\/p>\n\n\n\n<p>FEDERAL EXPRESS<\/p>\n\n\n\n<p>FINNBOARD<\/p>\n\n\n\n<p>FIRST SAVINGS BANK<\/p>\n\n\n\n<p>FISONS PLC<\/p>\n\n\n\n<p>FORD MOTOR COMPANY<\/p>\n\n\n\n<p>FORD WERKE AG<\/p>\n\n\n\n<p>GENERAL MOTORS ESPANA<\/p>\n\n\n\n<p>GENERALE BANK<\/p>\n\n\n\n<p>GKN AUTOMOTIVE<\/p>\n\n\n\n<p>GLAXO GROUP RESEARCH LTD.<\/p>\n\n\n\n<p>GLAXO HOLDINGS PLC<\/p>\n\n\n\n<p>GRUPPO SYSTEMI SPAZIALI<\/p>\n\n\n\n<p>HARRISONS &amp; CROSFIELD PLC<\/p>\n\n\n\n<p>HAY MANAGEMENT CONSULTANTS<\/p>\n\n\n\n<p>HENKEL<\/p>\n\n\n\n<p>HONEYWELL EUROPE S A<\/p>\n\n\n\n<p>IBM NEDERLAND SA<\/p>\n\n\n\n<p>ICI FIBRES<\/p>\n\n\n\n<p>ICL<\/p>\n\n\n\n<p>IHG KG KHALID NATL GUARD HOSP<\/p>\n\n\n\n<p>INTERNATIONAL STOCK EXCHANGE<\/p>\n\n\n\n<p>INTL MOTORS LTD<\/p>\n\n\n\n<p>INTERMEDICS<\/p>\n\n\n\n<p>IRISH PEAT BOARD<\/p>\n\n\n\n<p>JOHNSON WAX SA<\/p>\n\n\n\n<p>KLM ROYAL DUTCH AIRLINES<\/p>\n\n\n\n<p>KPMG PEAT MARWICK MCLINTOCK<\/p>\n\n\n\n<p>KRAFT EUROPE GMBH<\/p>\n\n\n\n<p>LABORATOIRES SANDOZ SARL<\/p>\n\n\n\n<p>LEICA PLC<\/p>\n\n\n\n<p>LHOIST<\/p>\n\n\n\n<p>MANAGEMENT + RESOURCES<\/p>\n\n\n\n<p>MOBIL OIL AG<\/p>\n\n\n\n<p>MONSANTO EUROPE SA<\/p>\n\n\n\n<p>MONSANTO SERVICES INT L SA<\/p>\n\n\n\n<p>MOTOROLA INC<\/p>\n\n\n\n<p>MOTOROLA SA<\/p>\n\n\n\n<p>NATL WESTMINSTER BANK PLC<\/p>\n\n\n\n<p>NESTE CHEMICALS INT L<\/p>\n\n\n\n<p>NESTE CHEMICALS NV<\/p>\n\n\n\n<p>NESTLE SA<\/p>\n\n\n\n<p>NOFO<\/p>\n\n\n\n<p>NORSK HYDRO A S<\/p>\n\n\n\n<p>NORSKE SHELL<\/p>\n\n\n\n<p>NOVO-NORDISK A S<\/p>\n\n\n\n<p>NV SIDAL<\/p>\n\n\n\n<p>OCE NEDERLAND BV<\/p>\n\n\n\n<p>OEMV AKTIENGESELLSCHAFT<\/p>\n\n\n\n<p>OLIVETTI INT L EDUCATION CTR<\/p>\n\n\n\n<p>OSCO GROUP<\/p>\n\n\n\n<p>OWENS CORNING FIBERGLAS<\/p>\n\n\n\n<p>OXFORD MEDICAL LTD<\/p>\n\n\n\n<p>PA HARTMARK-IRAS<\/p>\n\n\n\n<p>PARTEK CORPORATION<\/p>\n\n\n\n<p>PHILIP MORRIS GMBH<\/p>\n\n\n\n<p>PHILIPS<\/p>\n\n\n\n<p>POHJOLA GROUP, THE<\/p>\n\n\n\n<p>PRICE WATERHOUSE<\/p>\n\n\n\n<p>PRICE WATERHOUSE EUROPE<\/p>\n\n\n\n<p>RAUFOSS A S<\/p>\n\n\n\n<p>RAYCHEM<\/p>\n\n\n\n<p>SANDOZ-WANDER PHARMA LTD<\/p>\n\n\n\n<p>SANOMA CORPORATION<\/p>\n\n\n\n<p>SCHLUMBERGER INDUSTRIES<\/p>\n\n\n\n<p>SIDAL NV<\/p>\n\n\n\n<p>SIFCO TURBINE COMPONENTS LTD<\/p>\n\n\n\n<p>SKOPBANK<\/p>\n\n\n\n<p>SMEETS<\/p>\n\n\n\n<p>SOGENAL<\/p>\n\n\n\n<p>STERLING-WINTHROP GROUP LGD<\/p>\n\n\n\n<p>STS BANK<\/p>\n\n\n\n<p>SWIFT SC<\/p>\n\n\n\n<p>TELERATE<\/p>\n\n\n\n<p>TETRA PAK INT L SA<\/p>\n\n\n\n<p>TEXAS INSTRUMENTS<\/p>\n\n\n\n<p>TEXAS INSTRUMENTS FRANCE<\/p>\n\n\n\n<p>TRUSTHOUSE FORTE CATERING<\/p>\n\n\n\n<p>UNION CARBIDE COATINGS<\/p>\n\n\n\n<p>UNITED DISTILLERS<\/p>\n\n\n\n<p>W H SMITH INC<\/p>\n\n\n\n<p>WELLCOME<\/p>\n\n\n\n<p>WOOLWORTHS PLC<\/p>\n<\/div><\/div>\n","protected":false},"excerpt":{"rendered":"<p>Erfahrungsberichte von Unternehmensf\u00fchrungen \u00fcber Alphalearning Ausf\u00fchrliche Kommentare finden Sie auf den folgenden Seiten: Einige Testimonials von Alphalearning-Klienten Testimonials von Athleten, [&hellip;]<\/p>\n","protected":false},"author":2,"featured_media":0,"parent":12978,"menu_order":220,"comment_status":"closed","ping_status":"closed","template":"","meta":{"_uag_custom_page_level_css":"","site-sidebar-layout":"default","site-content-layout":"","ast-site-content-layout":"default","site-content-style":"default","site-sidebar-style":"default","ast-global-header-display":"","ast-banner-title-visibility":"","ast-main-header-display":"","ast-hfb-above-header-display":"","ast-hfb-below-header-display":"","ast-hfb-mobile-header-display":"","site-post-title":"disabled","ast-breadcrumbs-content":"","ast-featured-img":"","footer-sml-layout":"","ast-disable-related-posts":"","theme-transparent-header-meta":"","adv-header-id-meta":"","stick-header-meta":"","header-above-stick-meta":"","header-main-stick-meta":"","header-below-stick-meta":"","astra-migrate-meta-layouts":"default","ast-page-background-enabled":"default","ast-page-background-meta":{"desktop":{"background-color":"var(--ast-global-color-4)","background-image":"","background-repeat":"repeat","background-position":"center center","background-size":"auto","background-attachment":"scroll","background-type":"","background-media":"","overlay-type":"","overlay-color":"","overlay-opacity":"","overlay-gradient":""},"tablet":{"background-color":"","background-image":"","background-repeat":"repeat","background-position":"center center","background-size":"auto","background-attachment":"scroll","background-type":"","background-media":"","overlay-type":"","overlay-color":"","overlay-opacity":"","overlay-gradient":""},"mobile":{"background-color":"","background-image":"","background-repeat":"repeat","background-position":"center center","background-size":"auto","background-attachment":"scroll","background-type":"","background-media":"","overlay-type":"","overlay-color":"","overlay-opacity":"","overlay-gradient":""}},"ast-content-background-meta":{"desktop":{"background-color":"var(--ast-global-color-5)","background-image":"","background-repeat":"repeat","background-position":"center center","background-size":"auto","background-attachment":"scroll","background-type":"","background-media":"","overlay-type":"","overlay-color":"","overlay-opacity":"","overlay-gradient":""},"tablet":{"background-color":"var(--ast-global-color-5)","background-image":"","background-repeat":"repeat","background-position":"center center","background-size":"auto","background-attachment":"scroll","background-type":"","background-media":"","overlay-type":"","overlay-color":"","overlay-opacity":"","overlay-gradient":""},"mobile":{"background-color":"var(--ast-global-color-5)","background-image":"","background-repeat":"repeat","background-position":"center center","background-size":"auto","background-attachment":"scroll","background-type":"","background-media":"","overlay-type":"","overlay-color":"","overlay-opacity":"","overlay-gradient":""}},"footnotes":""},"class_list":["post-13017","page","type-page","status-publish","hentry"],"yoast_head":"<!-- This site is optimized with the Yoast SEO plugin v27.1.1 - https:\/\/yoast.com\/product\/yoast-seo-wordpress\/ -->\n<title>F\u00fchrungskr\u00e4fte loben Alphalearning: Tempo &amp; Gehirnleistung<\/title>\n<meta name=\"description\" content=\"Erfahren Sie, wie F\u00fchrungskr\u00e4fte mit Alphalearnings Gehirntraining ihr Lesetempo und Selbstvertrauen steigern \u2013 f\u00fcr tiefere Einblicke und bessere Leistung.\" \/>\n<meta name=\"robots\" content=\"index, follow, max-snippet:-1, max-image-preview:large, max-video-preview:-1\" \/>\n<link rel=\"canonical\" href=\"https:\/\/alphalearning.com\/de\/kommentare-von-alphalearning-klienten\/zitate-von-unternehmensfuehrern\/\" \/>\n<meta property=\"og:locale\" content=\"de_DE\" \/>\n<meta property=\"og:type\" content=\"article\" \/>\n<meta property=\"og:title\" content=\"F\u00fchrungskr\u00e4fte loben Alphalearning: Tempo &amp; Gehirnleistung\" \/>\n<meta property=\"og:description\" content=\"Erfahren Sie, wie F\u00fchrungskr\u00e4fte mit Alphalearnings Gehirntraining ihr Lesetempo und Selbstvertrauen steigern \u2013 f\u00fcr tiefere Einblicke und bessere Leistung.\" \/>\n<meta property=\"og:url\" content=\"https:\/\/alphalearning.com\/de\/kommentare-von-alphalearning-klienten\/zitate-von-unternehmensfuehrern\/\" \/>\n<meta property=\"og:site_name\" content=\"Alphalearning International\" \/>\n<meta property=\"article:modified_time\" content=\"2025-11-12T12:48:46+00:00\" \/>\n<meta property=\"og:image\" content=\"https:\/\/alphalearning.com\/wp-content\/uploads\/2024\/04\/alphalearning-logo_red_1200x675px.png\" \/>\n\t<meta property=\"og:image:width\" content=\"1200\" \/>\n\t<meta property=\"og:image:height\" content=\"675\" \/>\n\t<meta property=\"og:image:type\" content=\"image\/png\" \/>\n<meta name=\"twitter:card\" content=\"summary_large_image\" \/>\n<meta name=\"twitter:label1\" content=\"Est. reading time\" \/>\n\t<meta name=\"twitter:data1\" content=\"3 minutes\" \/>\n<!-- \/ Yoast SEO plugin. -->","yoast_head_json":{"title":"F\u00fchrungskr\u00e4fte loben Alphalearning: Tempo & Gehirnleistung","description":"Erfahren Sie, wie F\u00fchrungskr\u00e4fte mit Alphalearnings Gehirntraining ihr Lesetempo und Selbstvertrauen steigern \u2013 f\u00fcr tiefere Einblicke und bessere Leistung.","robots":{"index":"index","follow":"follow","max-snippet":"max-snippet:-1","max-image-preview":"max-image-preview:large","max-video-preview":"max-video-preview:-1"},"canonical":"https:\/\/alphalearning.com\/de\/kommentare-von-alphalearning-klienten\/zitate-von-unternehmensfuehrern\/","og_locale":"de_DE","og_type":"article","og_title":"F\u00fchrungskr\u00e4fte loben Alphalearning: Tempo & Gehirnleistung","og_description":"Erfahren Sie, wie F\u00fchrungskr\u00e4fte mit Alphalearnings Gehirntraining ihr Lesetempo und Selbstvertrauen steigern \u2013 f\u00fcr tiefere Einblicke und bessere Leistung.","og_url":"https:\/\/alphalearning.com\/de\/kommentare-von-alphalearning-klienten\/zitate-von-unternehmensfuehrern\/","og_site_name":"Alphalearning International","article_modified_time":"2025-11-12T12:48:46+00:00","og_image":[{"width":1200,"height":675,"url":"https:\/\/alphalearning.com\/wp-content\/uploads\/2024\/04\/alphalearning-logo_red_1200x675px.png","type":"image\/png"}],"twitter_card":"summary_large_image","twitter_misc":{"Est. reading time":"3 minutes"},"schema":{"@context":"https:\/\/schema.org","@graph":[{"@type":"WebPage","@id":"https:\/\/alphalearning.com\/de\/kommentare-von-alphalearning-klienten\/zitate-von-unternehmensfuehrern\/","url":"https:\/\/alphalearning.com\/de\/kommentare-von-alphalearning-klienten\/zitate-von-unternehmensfuehrern\/","name":"F\u00fchrungskr\u00e4fte loben Alphalearning: Tempo & Gehirnleistung","isPartOf":{"@id":"https:\/\/alphalearning.com\/de\/#website"},"datePublished":"2024-03-27T16:26:30+00:00","dateModified":"2025-11-12T12:48:46+00:00","description":"Erfahren Sie, wie F\u00fchrungskr\u00e4fte mit Alphalearnings Gehirntraining ihr Lesetempo und Selbstvertrauen steigern \u2013 f\u00fcr tiefere Einblicke und bessere Leistung.","breadcrumb":{"@id":"https:\/\/alphalearning.com\/de\/kommentare-von-alphalearning-klienten\/zitate-von-unternehmensfuehrern\/#breadcrumb"},"inLanguage":"de","potentialAction":[{"@type":"ReadAction","target":["https:\/\/alphalearning.com\/de\/kommentare-von-alphalearning-klienten\/zitate-von-unternehmensfuehrern\/"]}]},{"@type":"BreadcrumbList","@id":"https:\/\/alphalearning.com\/de\/kommentare-von-alphalearning-klienten\/zitate-von-unternehmensfuehrern\/#breadcrumb","itemListElement":[{"@type":"ListItem","position":1,"name":"Home","item":"https:\/\/alphalearning.com\/de\/"},{"@type":"ListItem","position":2,"name":"Kommentare von Alphalearning-Klienten","item":"https:\/\/alphalearning.com\/de\/kommentare-von-alphalearning-klienten\/"},{"@type":"ListItem","position":3,"name":"Unternehmen"}]},{"@type":"WebSite","@id":"https:\/\/alphalearning.com\/de\/#website","url":"https:\/\/alphalearning.com\/de\/","name":"Alphalearning International","description":"the brain training institute","publisher":{"@id":"https:\/\/alphalearning.com\/de\/#organization"},"potentialAction":[{"@type":"SearchAction","target":{"@type":"EntryPoint","urlTemplate":"https:\/\/alphalearning.com\/de\/?s={search_term_string}"},"query-input":{"@type":"PropertyValueSpecification","valueRequired":true,"valueName":"search_term_string"}}],"inLanguage":"de"},{"@type":"Organization","@id":"https:\/\/alphalearning.com\/de\/#organization","name":"Alphalearning International","url":"https:\/\/alphalearning.com\/de\/","logo":{"@type":"ImageObject","inLanguage":"de","@id":"https:\/\/alphalearning.com\/de\/#\/schema\/logo\/image\/","url":"https:\/\/alphalearning.com\/wp-content\/uploads\/2024\/03\/alphalearning_ico2_512px.png","contentUrl":"https:\/\/alphalearning.com\/wp-content\/uploads\/2024\/03\/alphalearning_ico2_512px.png","width":512,"height":512,"caption":"Alphalearning International"},"image":{"@id":"https:\/\/alphalearning.com\/de\/#\/schema\/logo\/image\/"}}]}},"uagb_featured_image_src":{"full":false,"thumbnail":false,"medium":false,"medium_large":false,"large":false,"1536x1536":false,"2048x2048":false,"gform-image-choice-sm":false,"gform-image-choice-md":false,"gform-image-choice-lg":false},"uagb_author_info":{"display_name":"Julio Machado","author_link":"https:\/\/alphalearning.com\/de\/author\/julio-machado\/"},"uagb_comment_info":0,"uagb_excerpt":"Erfahrungsberichte von Unternehmensf\u00fchrungen \u00fcber Alphalearning Ausf\u00fchrliche Kommentare finden Sie auf den folgenden Seiten: Einige Testimonials von Alphalearning-Klienten Testimonials von Athleten, [&hellip;]","_links":{"self":[{"href":"https:\/\/alphalearning.com\/de\/wp-json\/wp\/v2\/pages\/13017","targetHints":{"allow":["GET"]}}],"collection":[{"href":"https:\/\/alphalearning.com\/de\/wp-json\/wp\/v2\/pages"}],"about":[{"href":"https:\/\/alphalearning.com\/de\/wp-json\/wp\/v2\/types\/page"}],"author":[{"embeddable":true,"href":"https:\/\/alphalearning.com\/de\/wp-json\/wp\/v2\/users\/2"}],"replies":[{"embeddable":true,"href":"https:\/\/alphalearning.com\/de\/wp-json\/wp\/v2\/comments?post=13017"}],"version-history":[{"count":6,"href":"https:\/\/alphalearning.com\/de\/wp-json\/wp\/v2\/pages\/13017\/revisions"}],"predecessor-version":[{"id":17147,"href":"https:\/\/alphalearning.com\/de\/wp-json\/wp\/v2\/pages\/13017\/revisions\/17147"}],"up":[{"embeddable":true,"href":"https:\/\/alphalearning.com\/de\/wp-json\/wp\/v2\/pages\/12978"}],"wp:attachment":[{"href":"https:\/\/alphalearning.com\/de\/wp-json\/wp\/v2\/media?parent=13017"}],"curies":[{"name":"wp","href":"https:\/\/api.w.org\/{rel}","templated":true}]}}