{"id":13010,"date":"2024-03-27T16:25:51","date_gmt":"2024-03-27T16:25:51","guid":{"rendered":"https:\/\/alphalearning.com\/kommentare-von-alphalearning-klienten\/zitate-von-leistungssportlern\/paul-verfaellie\/"},"modified":"2025-11-11T15:54:49","modified_gmt":"2025-11-11T15:54:49","slug":"paul-verfaellie","status":"publish","type":"page","link":"https:\/\/alphalearning.com\/de\/kommentare-von-alphalearning-klienten\/zitate-von-leistungssportlern\/paul-verfaellie\/","title":{"rendered":"Paul Verfaellie"},"content":{"rendered":"\n<div class=\"wp-block-uagb-advanced-heading uagb-block-ca975fe0\"><h1 class=\"uagb-heading-text\"> Erfahrungsbericht: Paul Verfaellie \u00fcber Alphalearning<\/h1><\/div>\n\n\n\n<div class=\"wp-block-uagb-container uagb-block-48248b9d alignfull uagb-is-root-container\"><div class=\"uagb-container-inner-blocks-wrap\">\n<p>An Alphalearning<\/p>\n\n\n\n<p>Vielen Dank f\u00fcr den wunderbaren Kurs &#8220;Das Lernen Lernen&#8221;, er hat mein Golfvergn\u00fcgen enorm gesteigert.<\/p>\n\n\n\n<p>Golf ist meine Entspannung. Je besser ich spielen kann, desto besser kann ich mich konzentrieren und dabei mehr Spa\u00df haben.<\/p>\n\n\n\n<p>Oft vermassle ich ein Loch \u2013 ein Schlag ins Aus, ein verh\u00e4ngter Schlag, ein miserabler Putt \u2013 und dieses Loch, kaum zu \u00fcbersehen, wird zum Desaster.<\/p>\n\n\n\n<p>Ergebnis: Auch die n\u00e4chsten Schl\u00e4ge sind dann schlecht. Es braucht ein paar L\u00f6cher, um wieder zur\u00fcckzufinden.<\/p>\n\n\n\n<p>Wenn so ein Missgeschick gleich zu Beginn des Turniers passiert, k\u00f6nnen Sie sich das Ergebnis vorstellen: der Anfang einer schlechten Score-Karte. Meine Motivation und mein Interesse sind dann dahin. L\u00e4uft die Runde hingegen gut und ich spiele ordentlich, steigt der Stress, weil ich wei\u00df, dass das Desaster-Loch noch kommen wird. Und tats\u00e4chlich passiert es dann auch.<\/p>\n\n\n\n<p>Alphalearning hat meinen Schwung nicht ver\u00e4ndert. Es hat mich nicht weiter schlagen lassen. Aber es hat mir beigebracht, positiv zu denken \u2013 Ball ins Loch! Au\u00dferdem f\u00fchrte eine gesteigerte Konzentration w\u00e4hrend des gesamten Turniers zu einer Verbesserung. Die wirklich positive Erfahrung liegt jedoch woanders: \u201edem Schlag dahinter\u201c. Mein Desaster-Loch existiert zwar noch, aber ich erkenne, dass ich, nur indem ich die Augen schlie\u00dfe, meinen idealen Schwung vor mir sehen kann. Der n\u00e4chste Schlag ist dann wie ein v\u00f6llig neuer Schlag, mit allen Chancen auf Erfolg und einem positiven Gedanken \u2013 und einem positiven Ergebnis.<\/p>\n\n\n\n<p>Alphalearning verbessert mein Ergebnis, und das Beste daran ist, dass es mein Golfspiel wirklich \u201egenie\u00dfbar\u201c macht!<\/p>\n\n\n\n<p>Paul Verfaellie, Belgien<\/p>\n<\/div><\/div>\n","protected":false},"excerpt":{"rendered":"<p>Erfahrungsbericht: Paul Verfaellie \u00fcber Alphalearning An Alphalearning Vielen Dank f\u00fcr den wunderbaren Kurs &#8220;Das Lernen Lernen&#8221;, er hat mein Golfvergn\u00fcgen [&hellip;]<\/p>\n","protected":false},"author":2,"featured_media":0,"parent":12996,"menu_order":0,"comment_status":"closed","ping_status":"closed","template":"","meta":{"_uag_custom_page_level_css":"","site-sidebar-layout":"default","site-content-layout":"","ast-site-content-layout":"default","site-content-style":"default","site-sidebar-style":"default","ast-global-header-display":"","ast-banner-title-visibility":"","ast-main-header-display":"","ast-hfb-above-header-display":"","ast-hfb-below-header-display":"","ast-hfb-mobile-header-display":"","site-post-title":"disabled","ast-breadcrumbs-content":"","ast-featured-img":"","footer-sml-layout":"","ast-disable-related-posts":"","theme-transparent-header-meta":"","adv-header-id-meta":"","stick-header-meta":"","header-above-stick-meta":"","header-main-stick-meta":"","header-below-stick-meta":"","astra-migrate-meta-layouts":"default","ast-page-background-enabled":"default","ast-page-background-meta":{"desktop":{"background-color":"var(--ast-global-color-4)","background-image":"","background-repeat":"repeat","background-position":"center center","background-size":"auto","background-attachment":"scroll","background-type":"","background-media":"","overlay-type":"","overlay-color":"","overlay-opacity":"","overlay-gradient":""},"tablet":{"background-color":"","background-image":"","background-repeat":"repeat","background-position":"center center","background-size":"auto","background-attachment":"scroll","background-type":"","background-media":"","overlay-type":"","overlay-color":"","overlay-opacity":"","overlay-gradient":""},"mobile":{"background-color":"","background-image":"","background-repeat":"repeat","background-position":"center center","background-size":"auto","background-attachment":"scroll","background-type":"","background-media":"","overlay-type":"","overlay-color":"","overlay-opacity":"","overlay-gradient":""}},"ast-content-background-meta":{"desktop":{"background-color":"var(--ast-global-color-5)","background-image":"","background-repeat":"repeat","background-position":"center center","background-size":"auto","background-attachment":"scroll","background-type":"","background-media":"","overlay-type":"","overlay-color":"","overlay-opacity":"","overlay-gradient":""},"tablet":{"background-color":"var(--ast-global-color-5)","background-image":"","background-repeat":"repeat","background-position":"center center","background-size":"auto","background-attachment":"scroll","background-type":"","background-media":"","overlay-type":"","overlay-color":"","overlay-opacity":"","overlay-gradient":""},"mobile":{"background-color":"var(--ast-global-color-5)","background-image":"","background-repeat":"repeat","background-position":"center center","background-size":"auto","background-attachment":"scroll","background-type":"","background-media":"","overlay-type":"","overlay-color":"","overlay-opacity":"","overlay-gradient":""}},"footnotes":""},"class_list":["post-13010","page","type-page","status-publish","hentry"],"yoast_head":"<!-- This site is optimized with the Yoast SEO plugin v27.1.1 - https:\/\/yoast.com\/product\/yoast-seo-wordpress\/ -->\n<title>Golf-Erfolg mit Alphalearning: Paul Verfaellies Bericht<\/title>\n<meta name=\"description\" content=\"Erfahren Sie, wie der Kurs Lernen zu Lernen von Alphalearning Paul Verfaellie half, sein Golfspiel zu verbessern und mehr Freude auf dem Platz zu haben.\" \/>\n<meta name=\"robots\" content=\"index, follow, max-snippet:-1, max-image-preview:large, max-video-preview:-1\" \/>\n<link rel=\"canonical\" href=\"https:\/\/alphalearning.com\/de\/kommentare-von-alphalearning-klienten\/zitate-von-leistungssportlern\/paul-verfaellie\/\" \/>\n<meta property=\"og:locale\" content=\"de_DE\" \/>\n<meta property=\"og:type\" content=\"article\" \/>\n<meta property=\"og:title\" content=\"Golf-Erfolg mit Alphalearning: Paul Verfaellies Bericht\" \/>\n<meta property=\"og:description\" content=\"Erfahren Sie, wie der Kurs Lernen zu Lernen von Alphalearning Paul Verfaellie half, sein Golfspiel zu verbessern und mehr Freude auf dem Platz zu haben.\" \/>\n<meta property=\"og:url\" content=\"https:\/\/alphalearning.com\/de\/kommentare-von-alphalearning-klienten\/zitate-von-leistungssportlern\/paul-verfaellie\/\" \/>\n<meta property=\"og:site_name\" content=\"Alphalearning International\" \/>\n<meta property=\"article:modified_time\" content=\"2025-11-11T15:54:49+00:00\" \/>\n<meta property=\"og:image\" content=\"https:\/\/alphalearning.com\/wp-content\/uploads\/2024\/04\/alphalearning-logo_red_1200x675px.png\" \/>\n\t<meta property=\"og:image:width\" content=\"1200\" \/>\n\t<meta property=\"og:image:height\" content=\"675\" \/>\n\t<meta property=\"og:image:type\" content=\"image\/png\" \/>\n<meta name=\"twitter:card\" content=\"summary_large_image\" \/>\n<meta name=\"twitter:label1\" content=\"Est. reading time\" \/>\n\t<meta name=\"twitter:data1\" content=\"2 minutes\" \/>\n<!-- \/ Yoast SEO plugin. -->","yoast_head_json":{"title":"Golf-Erfolg mit Alphalearning: Paul Verfaellies Bericht","description":"Erfahren Sie, wie der Kurs Lernen zu Lernen von Alphalearning Paul Verfaellie half, sein Golfspiel zu verbessern und mehr Freude auf dem Platz zu haben.","robots":{"index":"index","follow":"follow","max-snippet":"max-snippet:-1","max-image-preview":"max-image-preview:large","max-video-preview":"max-video-preview:-1"},"canonical":"https:\/\/alphalearning.com\/de\/kommentare-von-alphalearning-klienten\/zitate-von-leistungssportlern\/paul-verfaellie\/","og_locale":"de_DE","og_type":"article","og_title":"Golf-Erfolg mit Alphalearning: Paul Verfaellies Bericht","og_description":"Erfahren Sie, wie der Kurs Lernen zu Lernen von Alphalearning Paul Verfaellie half, sein Golfspiel zu verbessern und mehr Freude auf dem Platz zu haben.","og_url":"https:\/\/alphalearning.com\/de\/kommentare-von-alphalearning-klienten\/zitate-von-leistungssportlern\/paul-verfaellie\/","og_site_name":"Alphalearning International","article_modified_time":"2025-11-11T15:54:49+00:00","og_image":[{"width":1200,"height":675,"url":"https:\/\/alphalearning.com\/wp-content\/uploads\/2024\/04\/alphalearning-logo_red_1200x675px.png","type":"image\/png"}],"twitter_card":"summary_large_image","twitter_misc":{"Est. reading time":"2 minutes"},"schema":{"@context":"https:\/\/schema.org","@graph":[{"@type":"WebPage","@id":"https:\/\/alphalearning.com\/de\/kommentare-von-alphalearning-klienten\/zitate-von-leistungssportlern\/paul-verfaellie\/","url":"https:\/\/alphalearning.com\/de\/kommentare-von-alphalearning-klienten\/zitate-von-leistungssportlern\/paul-verfaellie\/","name":"Golf-Erfolg mit Alphalearning: Paul Verfaellies Bericht","isPartOf":{"@id":"https:\/\/alphalearning.com\/de\/#website"},"datePublished":"2024-03-27T16:25:51+00:00","dateModified":"2025-11-11T15:54:49+00:00","description":"Erfahren Sie, wie der Kurs Lernen zu Lernen von Alphalearning Paul Verfaellie half, sein Golfspiel zu verbessern und mehr Freude auf dem Platz zu haben.","breadcrumb":{"@id":"https:\/\/alphalearning.com\/de\/kommentare-von-alphalearning-klienten\/zitate-von-leistungssportlern\/paul-verfaellie\/#breadcrumb"},"inLanguage":"de","potentialAction":[{"@type":"ReadAction","target":["https:\/\/alphalearning.com\/de\/kommentare-von-alphalearning-klienten\/zitate-von-leistungssportlern\/paul-verfaellie\/"]}]},{"@type":"BreadcrumbList","@id":"https:\/\/alphalearning.com\/de\/kommentare-von-alphalearning-klienten\/zitate-von-leistungssportlern\/paul-verfaellie\/#breadcrumb","itemListElement":[{"@type":"ListItem","position":1,"name":"Home","item":"https:\/\/alphalearning.com\/de\/"},{"@type":"ListItem","position":2,"name":"Kommentare von Alphalearning-Klienten","item":"https:\/\/alphalearning.com\/de\/kommentare-von-alphalearning-klienten\/"},{"@type":"ListItem","position":3,"name":"Leistungsportler","item":"https:\/\/alphalearning.com\/de\/kommentare-von-alphalearning-klienten\/zitate-von-leistungssportlern\/"},{"@type":"ListItem","position":4,"name":"Paul Verfaellie"}]},{"@type":"WebSite","@id":"https:\/\/alphalearning.com\/de\/#website","url":"https:\/\/alphalearning.com\/de\/","name":"Alphalearning International","description":"the brain training institute","publisher":{"@id":"https:\/\/alphalearning.com\/de\/#organization"},"potentialAction":[{"@type":"SearchAction","target":{"@type":"EntryPoint","urlTemplate":"https:\/\/alphalearning.com\/de\/?s={search_term_string}"},"query-input":{"@type":"PropertyValueSpecification","valueRequired":true,"valueName":"search_term_string"}}],"inLanguage":"de"},{"@type":"Organization","@id":"https:\/\/alphalearning.com\/de\/#organization","name":"Alphalearning International","url":"https:\/\/alphalearning.com\/de\/","logo":{"@type":"ImageObject","inLanguage":"de","@id":"https:\/\/alphalearning.com\/de\/#\/schema\/logo\/image\/","url":"https:\/\/alphalearning.com\/wp-content\/uploads\/2024\/03\/alphalearning_ico2_512px.png","contentUrl":"https:\/\/alphalearning.com\/wp-content\/uploads\/2024\/03\/alphalearning_ico2_512px.png","width":512,"height":512,"caption":"Alphalearning International"},"image":{"@id":"https:\/\/alphalearning.com\/de\/#\/schema\/logo\/image\/"}}]}},"uagb_featured_image_src":{"full":false,"thumbnail":false,"medium":false,"medium_large":false,"large":false,"1536x1536":false,"2048x2048":false,"gform-image-choice-sm":false,"gform-image-choice-md":false,"gform-image-choice-lg":false},"uagb_author_info":{"display_name":"Julio Machado","author_link":"https:\/\/alphalearning.com\/de\/author\/julio-machado\/"},"uagb_comment_info":0,"uagb_excerpt":"Erfahrungsbericht: Paul Verfaellie \u00fcber Alphalearning An Alphalearning Vielen Dank f\u00fcr den wunderbaren Kurs &#8220;Das Lernen Lernen&#8221;, er hat mein Golfvergn\u00fcgen [&hellip;]","_links":{"self":[{"href":"https:\/\/alphalearning.com\/de\/wp-json\/wp\/v2\/pages\/13010","targetHints":{"allow":["GET"]}}],"collection":[{"href":"https:\/\/alphalearning.com\/de\/wp-json\/wp\/v2\/pages"}],"about":[{"href":"https:\/\/alphalearning.com\/de\/wp-json\/wp\/v2\/types\/page"}],"author":[{"embeddable":true,"href":"https:\/\/alphalearning.com\/de\/wp-json\/wp\/v2\/users\/2"}],"replies":[{"embeddable":true,"href":"https:\/\/alphalearning.com\/de\/wp-json\/wp\/v2\/comments?post=13010"}],"version-history":[{"count":5,"href":"https:\/\/alphalearning.com\/de\/wp-json\/wp\/v2\/pages\/13010\/revisions"}],"predecessor-version":[{"id":17140,"href":"https:\/\/alphalearning.com\/de\/wp-json\/wp\/v2\/pages\/13010\/revisions\/17140"}],"up":[{"embeddable":true,"href":"https:\/\/alphalearning.com\/de\/wp-json\/wp\/v2\/pages\/12996"}],"wp:attachment":[{"href":"https:\/\/alphalearning.com\/de\/wp-json\/wp\/v2\/media?parent=13010"}],"curies":[{"name":"wp","href":"https:\/\/api.w.org\/{rel}","templated":true}]}}