{"id":13003,"date":"2024-03-27T16:25:35","date_gmt":"2024-03-27T16:25:35","guid":{"rendered":"https:\/\/alphalearning.com\/kommentare-von-alphalearning-klienten\/zitate-von-leistungssportlern\/jan-verfaellie\/"},"modified":"2025-11-11T15:55:32","modified_gmt":"2025-11-11T15:55:32","slug":"jan-verfaellie","status":"publish","type":"page","link":"https:\/\/alphalearning.com\/de\/kommentare-von-alphalearning-klienten\/zitate-von-leistungssportlern\/jan-verfaellie\/","title":{"rendered":"Jan Verfaellie"},"content":{"rendered":"\n<div class=\"wp-block-uagb-advanced-heading uagb-block-372334f6\"><h1 class=\"uagb-heading-text\">Erfahrungsbericht: Jan Verfaellie \u00fcber Alphalearning<\/h1><\/div>\n\n\n\n<div class=\"wp-block-uagb-container uagb-block-3a017e33 alignfull uagb-is-root-container\"><div class=\"uagb-container-inner-blocks-wrap\">\n<p>An Alphalearning<\/p>\n\n\n\n<p>Der folgende Text ist f\u00fcr einen Artikel im &#8220;Belgian Golf&#8221; Magazin. Bitte kommentieren Sie ihn nach Belieben.<\/p>\n\n\n\n<p>Das Alphalearning-System funktioniert bei allem, was Menschen im Leben tun.<\/p>\n\n\n\n<p>Ich bin 18 Jahre alt und mein Hobby ist Golf. Dank des Alphalearning-Systems hat sich mein Golfspiel schnell verbessert.<\/p>\n\n\n\n<p>Vor dem Alphalearning-Kurs lag mein Handicap bei 14,2. Jetzt ist es bei 7 und sinkt weiter, nachdem ich drei Monate mit den Techniken des Alphalearning-Instituts ge\u00fcbt habe. Ein Golfer wei\u00df, dass das gar nicht so schlecht ist. Das Alphalearning-System hat mir keinen besseren Schwung beigebracht, sondern gezeigt, wie ich die Lektionen meines Golflehrers besser lerne. Es lehrte mich, mich selbst besser unter Kontrolle zu halten.<\/p>\n\n\n\n<p>Alphalearning hat mich gelehrt, dass das Gehirn nur zwei Dinge gleichzeitig tun kann. Was passiert normalerweise in einer Golfstunde? Der Pro beobachtet Ihren Schwung, nennt die Fehler und korrigiert sie. Es k\u00f6nnen leicht mehrere Fehler im Schwung sein. Zum Beispiel soll man: die Beine weiter spreizen, nicht zu fest greifen, die H\u00e4nde \u00fcber die Knie bewegen. In den ersten Tagen nach der Stunde spielen Sie vielleicht besser, und danach vergisst man die Lektion und kehrt zum alten Schwung zur\u00fcck. Das einzige Resultat sind verlorenes Geld und verlorene Zeit. Ich glaube nicht, dass das der Sinn einer Golfstunde ist.<\/p>\n\n\n\n<p>Was ich also mache, wenn ich eine Golfstunde nehme: Ich konzentriere mich auf zwei wichtige Fehler in meinem Schwung und programmiere mich darauf, sie nicht mehr zu machen. Anschlie\u00dfend \u00fcbe ich meinen Schwung, bis ich diese Fehler nie wieder begehe. Erst dann nehme ich eine neue Lektion.<\/p>\n\n\n\n<p>Ein weiterer positiver Aspekt f\u00fcr Golf ist: Wie spielt man unter seinem Handicap mit Schl\u00e4gen, mit denen man normalerweise nicht zufrieden w\u00e4re? Ich habe gelernt, mich nach einem schlechten Schlag oder Loch zu entspannen. Zum Beispiel, als in diesem Jahr die Clubmeisterschaft anstand, war mein Ziel, Clubmeister zu werden. Alle hielten mich f\u00fcr ein bisschen verr\u00fcckt. Was sollte ich schon mit meinem Handicap von 14 gegen all die anderen Spieler mit Handicaps von 4 bis 5 in meinem Club ausrichten? Sogar mein Vater lachte, als ich ihm sagte, ich w\u00fcrde Meister werden. Ich lie\u00df sie lachen, weil ich etwas hatte, was sie nicht hatten: Ich war Alpha-trainiert.<\/p>\n\n\n\n<p>Als die Meisterschaft stattfand, spielte ich meine ersten 18 L\u00f6cher schlecht. Ich lag 14 \u00fcber Par. Ich spielte mit zwei guten Freunden, wir lachten und hatten Spa\u00df. Ich denke, das war der Grund, warum ich schlecht spielte, und ich wei\u00df, dass ein guter Golfer in der Lage sein muss, sich selbst zu kontrollieren. Genau das tat ich dann bei den n\u00e4chsten 18 L\u00f6chern. Ich sagte mir, ich w\u00fcrde gewinnen, obwohl ich wusste, dass ich 6 Schl\u00e4ge hinter dem F\u00fchrenden lag. Meine zweiten 18 L\u00f6cher waren gro\u00dfartig: Ich spielte 4 \u00fcber Par, und wegen des schlechten Wetters, des Regens und der schlechten Platzbedingungen wurde der SSS auf 74 angesetzt. So gesehen spielte ich tats\u00e4chlich Scratch, was 11 Schl\u00e4ge unter meinem Handicap lag. Nun stellt sich die Frage: Wie habe ich das gemacht?<\/p>\n\n\n\n<p>Nun, ich habe eine Woche lang f\u00fcnfmal am Tag die 18 L\u00f6cher des Platzes in meinem Kopf durchgespielt. So habe ich in 15 Minuten praktisch 20 Stunden Golf gespielt. Ich stellte mir vor, dass jeder Schlag perfekt war, jedes Eisen auf dem Gr\u00fcn landete und jeder Putt ins Loch ging.<\/p>\n\n\n\n<p>Ich bin sicher, dass ich dank dieser \u00dcbung gewonnen habe. Durch diese kleine \u00dcbung war ich mir so sicher, dass ich gewinnen musste!<\/p>\n\n\n\n<p>Mein Vater sagte mir hinterher, dass er nie gedacht h\u00e4tte, dass ich mit 17 Jahren und so wenig Golferfahrung gewinnen k\u00f6nnte. Er sagte auch, ich solle besser das Alphalearning-Institut anrufen und mich bei ihnen bedanken.<\/p>\n\n\n\n<p>Eine weitere Verbesserung im Golf durch Alphalearning ist das Matchplay. Dieses Jahr war ich Teil eines Teams unseres Clubs, das gegen andere Clubs im Matchplay antreten musste. Insgesamt habe ich viermal gespielt, manchmal gegen Spieler mit mehr Erfahrung und besseren Handicaps. Und trotzdem habe ich alle Matches gewonnen, nur weil ich ruhig und gelassen bleiben kann. Fr\u00fcher, wenn ich ein schlechtes Loch oder einen schlechten Schlag hatte, bestand eine 90%ige Chance, dass meine gesamte Runde schlecht ausfiel. Jetzt passiert das nicht mehr.<\/p>\n\n\n\n<p>Erinnern Sie sich an die Clubmeisterschaft? Ich begann mit einer 7 auf einem Par 4, also 3 \u00fcber, und beendete die 18 L\u00f6cher mit 2 \u00fcber. Das hei\u00dft, \u00fcber 17 L\u00f6cher spielte ich 1 unter Par. Ich bin sicher, dass das ohne Alphalearning nicht passiert w\u00e4re.<\/p>\n\n\n\n<p>Ein paar Tage vor dem Matchplay rief ich bei Alphalearning an und fragte, ob ich die Gehirnwellen meines Gegners erh\u00f6hen k\u00f6nnte, damit er weniger entspannt w\u00e4re und ich ihn leichter schlagen k\u00f6nnte. Sie erz\u00e4hlten mir vom Rad des Karmas. Das bedeutet, dass alles, was Sie einem anderen antun, auf Sie selbst zur\u00fcckf\u00e4llt.<\/p>\n\n\n\n<p>Ein Beispiel: Vor Kurzem spielte ich ein gro\u00dfes Turnier in den Niederlanden namens Tonandria. Ich spielte Matchplay gegen einen anderen Spieler. Ich hatte das Gef\u00fchl, dass er wollte, dass ich den Ball ins Aus schlage. Ich konnte es sp\u00fcren. Also tat ich nichts dagegen. Am 6. Loch waren wir gleichauf. In dem Moment, in dem er seinen Abschwung beginnt, springt ein riesiger Rasenm\u00e4her auf dem benachbarten Loch an. Er ist abgelenkt, verfehlt seinen Schlag und verliert sogar das Loch im Match. Vielleicht denken Sie, das sei Zufall, aber ich versichere Ihnen: Wenn Sie darauf achten, werden Sie sehen, dass es oft passiert.<\/p>\n\n\n\n<p>Was mir au\u00dferdem aufgefallen ist: Mittlerweile bin ich \u00fcber alle 18 L\u00f6cher konzentriert. Fr\u00fcher passierte es oft, dass ich ein paar L\u00f6cher vermasselte, sobald ich unter meinem Handicap spielte. Jetzt, da ich diese Vorteile kenne, bin ich sicher, dass das Alphalearning-System auch im Golf funktioniert. Ich bin mir sicher, dass niemand gern an jedem Abschlag im Wettkampf wartet, weil andere zu langsam spielen. Ich mag das ebenfalls nicht, aber jetzt spiele ich in Gedanken schnell 18 L\u00f6cher durch. Auf diese Weise bin ich mir meiner Sache noch sicherer, weil es sich anf\u00fchlt, als h\u00e4tte ich die L\u00f6cher erst vor ein paar Minuten gespielt, was zus\u00e4tzlich entspannt.<\/p>\n\n\n\n<p>Eine Sache d\u00fcrfen Sie nicht vergessen: Ich kann Ihnen nicht versprechen, dass Sie jeden Tag gut spielen werden. Mir passiert das auch. Ich denke, es geht jedem so, selbst Faldo spielt nicht jeden Tag gut. Was ich Ihnen aber versprechen kann, ist, dass Sie erstaunt sein werden, wenn Sie Ihren Durchschnittsscore vor einem Alphalearning-Training mit Ihrem Durchschnittsscore nach dem Training vergleichen.<\/p>\n\n\n\n<p>Jan Verfaellie, Belgien<\/p>\n<\/div><\/div>\n","protected":false},"excerpt":{"rendered":"<p>Erfahrungsbericht: Jan Verfaellie \u00fcber Alphalearning An Alphalearning Der folgende Text ist f\u00fcr einen Artikel im &#8220;Belgian Golf&#8221; Magazin. Bitte kommentieren [&hellip;]<\/p>\n","protected":false},"author":2,"featured_media":0,"parent":12996,"menu_order":0,"comment_status":"closed","ping_status":"closed","template":"","meta":{"_uag_custom_page_level_css":"","site-sidebar-layout":"default","site-content-layout":"","ast-site-content-layout":"default","site-content-style":"default","site-sidebar-style":"default","ast-global-header-display":"","ast-banner-title-visibility":"","ast-main-header-display":"","ast-hfb-above-header-display":"","ast-hfb-below-header-display":"","ast-hfb-mobile-header-display":"","site-post-title":"disabled","ast-breadcrumbs-content":"","ast-featured-img":"","footer-sml-layout":"","ast-disable-related-posts":"","theme-transparent-header-meta":"","adv-header-id-meta":"","stick-header-meta":"","header-above-stick-meta":"","header-main-stick-meta":"","header-below-stick-meta":"","astra-migrate-meta-layouts":"default","ast-page-background-enabled":"default","ast-page-background-meta":{"desktop":{"background-color":"var(--ast-global-color-4)","background-image":"","background-repeat":"repeat","background-position":"center center","background-size":"auto","background-attachment":"scroll","background-type":"","background-media":"","overlay-type":"","overlay-color":"","overlay-opacity":"","overlay-gradient":""},"tablet":{"background-color":"","background-image":"","background-repeat":"repeat","background-position":"center center","background-size":"auto","background-attachment":"scroll","background-type":"","background-media":"","overlay-type":"","overlay-color":"","overlay-opacity":"","overlay-gradient":""},"mobile":{"background-color":"","background-image":"","background-repeat":"repeat","background-position":"center center","background-size":"auto","background-attachment":"scroll","background-type":"","background-media":"","overlay-type":"","overlay-color":"","overlay-opacity":"","overlay-gradient":""}},"ast-content-background-meta":{"desktop":{"background-color":"var(--ast-global-color-5)","background-image":"","background-repeat":"repeat","background-position":"center center","background-size":"auto","background-attachment":"scroll","background-type":"","background-media":"","overlay-type":"","overlay-color":"","overlay-opacity":"","overlay-gradient":""},"tablet":{"background-color":"var(--ast-global-color-5)","background-image":"","background-repeat":"repeat","background-position":"center center","background-size":"auto","background-attachment":"scroll","background-type":"","background-media":"","overlay-type":"","overlay-color":"","overlay-opacity":"","overlay-gradient":""},"mobile":{"background-color":"var(--ast-global-color-5)","background-image":"","background-repeat":"repeat","background-position":"center center","background-size":"auto","background-attachment":"scroll","background-type":"","background-media":"","overlay-type":"","overlay-color":"","overlay-opacity":"","overlay-gradient":""}},"footnotes":""},"class_list":["post-13003","page","type-page","status-publish","hentry"],"yoast_head":"<!-- This site is optimized with the Yoast SEO plugin v27.1.1 - https:\/\/yoast.com\/product\/yoast-seo-wordpress\/ -->\n<title>Golf-Handicap verbessern: Jans Alphalearning Erfolg<\/title>\n<meta name=\"description\" content=\"Erfahren Sie, wie Jan sein Golf-Handicap in nur drei Monaten von 14,2 auf 7 verbesserte \u2013 dank Alphalearning und mentalem Training.\" \/>\n<meta name=\"robots\" content=\"index, follow, max-snippet:-1, max-image-preview:large, max-video-preview:-1\" \/>\n<link rel=\"canonical\" href=\"https:\/\/alphalearning.com\/de\/kommentare-von-alphalearning-klienten\/zitate-von-leistungssportlern\/jan-verfaellie\/\" \/>\n<meta property=\"og:locale\" content=\"de_DE\" \/>\n<meta property=\"og:type\" content=\"article\" \/>\n<meta property=\"og:title\" content=\"Golf-Handicap verbessern: Jans Alphalearning Erfolg\" \/>\n<meta property=\"og:description\" content=\"Erfahren Sie, wie Jan sein Golf-Handicap in nur drei Monaten von 14,2 auf 7 verbesserte \u2013 dank Alphalearning und mentalem Training.\" \/>\n<meta property=\"og:url\" content=\"https:\/\/alphalearning.com\/de\/kommentare-von-alphalearning-klienten\/zitate-von-leistungssportlern\/jan-verfaellie\/\" \/>\n<meta property=\"og:site_name\" content=\"Alphalearning International\" \/>\n<meta property=\"article:modified_time\" content=\"2025-11-11T15:55:32+00:00\" \/>\n<meta property=\"og:image\" content=\"https:\/\/alphalearning.com\/wp-content\/uploads\/2024\/04\/alphalearning-logo_red_1200x675px.png\" \/>\n\t<meta property=\"og:image:width\" content=\"1200\" \/>\n\t<meta property=\"og:image:height\" content=\"675\" \/>\n\t<meta property=\"og:image:type\" content=\"image\/png\" \/>\n<meta name=\"twitter:card\" content=\"summary_large_image\" \/>\n<meta name=\"twitter:label1\" content=\"Est. reading time\" \/>\n\t<meta name=\"twitter:data1\" content=\"5 minutes\" \/>\n<!-- \/ Yoast SEO plugin. -->","yoast_head_json":{"title":"Golf-Handicap verbessern: Jans Alphalearning Erfolg","description":"Erfahren Sie, wie Jan sein Golf-Handicap in nur drei Monaten von 14,2 auf 7 verbesserte \u2013 dank Alphalearning und mentalem Training.","robots":{"index":"index","follow":"follow","max-snippet":"max-snippet:-1","max-image-preview":"max-image-preview:large","max-video-preview":"max-video-preview:-1"},"canonical":"https:\/\/alphalearning.com\/de\/kommentare-von-alphalearning-klienten\/zitate-von-leistungssportlern\/jan-verfaellie\/","og_locale":"de_DE","og_type":"article","og_title":"Golf-Handicap verbessern: Jans Alphalearning Erfolg","og_description":"Erfahren Sie, wie Jan sein Golf-Handicap in nur drei Monaten von 14,2 auf 7 verbesserte \u2013 dank Alphalearning und mentalem Training.","og_url":"https:\/\/alphalearning.com\/de\/kommentare-von-alphalearning-klienten\/zitate-von-leistungssportlern\/jan-verfaellie\/","og_site_name":"Alphalearning International","article_modified_time":"2025-11-11T15:55:32+00:00","og_image":[{"width":1200,"height":675,"url":"https:\/\/alphalearning.com\/wp-content\/uploads\/2024\/04\/alphalearning-logo_red_1200x675px.png","type":"image\/png"}],"twitter_card":"summary_large_image","twitter_misc":{"Est. reading time":"5 minutes"},"schema":{"@context":"https:\/\/schema.org","@graph":[{"@type":"WebPage","@id":"https:\/\/alphalearning.com\/de\/kommentare-von-alphalearning-klienten\/zitate-von-leistungssportlern\/jan-verfaellie\/","url":"https:\/\/alphalearning.com\/de\/kommentare-von-alphalearning-klienten\/zitate-von-leistungssportlern\/jan-verfaellie\/","name":"Golf-Handicap verbessern: Jans Alphalearning Erfolg","isPartOf":{"@id":"https:\/\/alphalearning.com\/de\/#website"},"datePublished":"2024-03-27T16:25:35+00:00","dateModified":"2025-11-11T15:55:32+00:00","description":"Erfahren Sie, wie Jan sein Golf-Handicap in nur drei Monaten von 14,2 auf 7 verbesserte \u2013 dank Alphalearning und mentalem Training.","breadcrumb":{"@id":"https:\/\/alphalearning.com\/de\/kommentare-von-alphalearning-klienten\/zitate-von-leistungssportlern\/jan-verfaellie\/#breadcrumb"},"inLanguage":"de","potentialAction":[{"@type":"ReadAction","target":["https:\/\/alphalearning.com\/de\/kommentare-von-alphalearning-klienten\/zitate-von-leistungssportlern\/jan-verfaellie\/"]}]},{"@type":"BreadcrumbList","@id":"https:\/\/alphalearning.com\/de\/kommentare-von-alphalearning-klienten\/zitate-von-leistungssportlern\/jan-verfaellie\/#breadcrumb","itemListElement":[{"@type":"ListItem","position":1,"name":"Home","item":"https:\/\/alphalearning.com\/de\/"},{"@type":"ListItem","position":2,"name":"Kommentare von Alphalearning-Klienten","item":"https:\/\/alphalearning.com\/de\/kommentare-von-alphalearning-klienten\/"},{"@type":"ListItem","position":3,"name":"Leistungsportler","item":"https:\/\/alphalearning.com\/de\/kommentare-von-alphalearning-klienten\/zitate-von-leistungssportlern\/"},{"@type":"ListItem","position":4,"name":"Jan Verfaellie"}]},{"@type":"WebSite","@id":"https:\/\/alphalearning.com\/de\/#website","url":"https:\/\/alphalearning.com\/de\/","name":"Alphalearning International","description":"the brain training institute","publisher":{"@id":"https:\/\/alphalearning.com\/de\/#organization"},"potentialAction":[{"@type":"SearchAction","target":{"@type":"EntryPoint","urlTemplate":"https:\/\/alphalearning.com\/de\/?s={search_term_string}"},"query-input":{"@type":"PropertyValueSpecification","valueRequired":true,"valueName":"search_term_string"}}],"inLanguage":"de"},{"@type":"Organization","@id":"https:\/\/alphalearning.com\/de\/#organization","name":"Alphalearning International","url":"https:\/\/alphalearning.com\/de\/","logo":{"@type":"ImageObject","inLanguage":"de","@id":"https:\/\/alphalearning.com\/de\/#\/schema\/logo\/image\/","url":"https:\/\/alphalearning.com\/wp-content\/uploads\/2024\/03\/alphalearning_ico2_512px.png","contentUrl":"https:\/\/alphalearning.com\/wp-content\/uploads\/2024\/03\/alphalearning_ico2_512px.png","width":512,"height":512,"caption":"Alphalearning International"},"image":{"@id":"https:\/\/alphalearning.com\/de\/#\/schema\/logo\/image\/"}}]}},"uagb_featured_image_src":{"full":false,"thumbnail":false,"medium":false,"medium_large":false,"large":false,"1536x1536":false,"2048x2048":false,"gform-image-choice-sm":false,"gform-image-choice-md":false,"gform-image-choice-lg":false},"uagb_author_info":{"display_name":"Julio Machado","author_link":"https:\/\/alphalearning.com\/de\/author\/julio-machado\/"},"uagb_comment_info":0,"uagb_excerpt":"Erfahrungsbericht: Jan Verfaellie \u00fcber Alphalearning An Alphalearning Der folgende Text ist f\u00fcr einen Artikel im &#8220;Belgian Golf&#8221; Magazin. Bitte kommentieren [&hellip;]","_links":{"self":[{"href":"https:\/\/alphalearning.com\/de\/wp-json\/wp\/v2\/pages\/13003","targetHints":{"allow":["GET"]}}],"collection":[{"href":"https:\/\/alphalearning.com\/de\/wp-json\/wp\/v2\/pages"}],"about":[{"href":"https:\/\/alphalearning.com\/de\/wp-json\/wp\/v2\/types\/page"}],"author":[{"embeddable":true,"href":"https:\/\/alphalearning.com\/de\/wp-json\/wp\/v2\/users\/2"}],"replies":[{"embeddable":true,"href":"https:\/\/alphalearning.com\/de\/wp-json\/wp\/v2\/comments?post=13003"}],"version-history":[{"count":6,"href":"https:\/\/alphalearning.com\/de\/wp-json\/wp\/v2\/pages\/13003\/revisions"}],"predecessor-version":[{"id":17141,"href":"https:\/\/alphalearning.com\/de\/wp-json\/wp\/v2\/pages\/13003\/revisions\/17141"}],"up":[{"embeddable":true,"href":"https:\/\/alphalearning.com\/de\/wp-json\/wp\/v2\/pages\/12996"}],"wp:attachment":[{"href":"https:\/\/alphalearning.com\/de\/wp-json\/wp\/v2\/media?parent=13003"}],"curies":[{"name":"wp","href":"https:\/\/api.w.org\/{rel}","templated":true}]}}