{"id":12996,"date":"2024-03-27T16:25:19","date_gmt":"2024-03-27T16:25:19","guid":{"rendered":"https:\/\/alphalearning.com\/kommentare-von-alphalearning-klienten\/quotes-from-athletes\/"},"modified":"2025-11-11T15:33:30","modified_gmt":"2025-11-11T15:33:30","slug":"zitate-von-leistungssportlern","status":"publish","type":"page","link":"https:\/\/alphalearning.com\/de\/kommentare-von-alphalearning-klienten\/zitate-von-leistungssportlern\/","title":{"rendered":"Leistungsportler"},"content":{"rendered":"\n<div class=\"wp-block-uagb-advanced-heading uagb-block-73e390ad\"><h1 class=\"uagb-heading-text\">Erfahrungsberichte von Athleten, die das Brainwave-System verwenden<\/h1><\/div>\n\n\n\n<div class=\"wp-block-uagb-container uagb-block-ebba9b0a alignfull uagb-is-root-container\"><div class=\"uagb-container-inner-blocks-wrap\">\n<p><em>London, 24. Oktober 2000:<\/em><\/p>\n\n\n\n<p><strong>Der erste Olympiasieger, der zugibt, das Brainwave-Training des Alphalearning-Instituts genutzt zu haben. <\/strong><\/p>\n\n\n\n<p><a href=\"https:\/\/de.wikipedia.org\/wiki\/Richard_Faulds\" target=\"_blank\" rel=\"noreferrer noopener\">Richard Faulds<\/a> sagt: \u201eAlphalearning machte den entscheidenden Unterschied zwischen der Gold- und der Silbermedaille in Sydney. Die F\u00e4higkeit, fokussiert zu bleiben, sich zu konzentrieren und unter Druck einen k\u00fchlen Kopf zu bewahren \u2013 das sind die Schl\u00fcssel zu H\u00f6chstleistungen.\u201c Einige Wochen vor Sydney lie\u00df sich Richard Faulds sein Gehirn elektronisch trainieren, um augenblicklich von Erregung auf Konzentration und anschlie\u00dfend auf Entspannung umzuschalten. Funktionierte es? Er meint: \u201e<a href=\"https:\/\/alphalearning.com\/brainwave\/\">Brainwave-Technologie<\/a> ist die Zukunft f\u00fcr den Leistungssport.\u201c<\/p>\n\n\n\n<p>Weitere Anwendungen fanden bereits im <strong>Formel-1<\/strong>-Rennsport (<a href=\"https:\/\/de.wikipedia.org\/wiki\/David_Coulthard\" target=\"_blank\" rel=\"noreferrer noopener\">David Coulthard<\/a>), beim Ballonrennen (<a href=\"https:\/\/de.wikipedia.org\/wiki\/Richard_Branson\" target=\"_blank\" rel=\"noreferrer noopener\">Sir Richard Branson<\/a>) und bei Jetpiloten statt.<\/p>\n\n\n\n<p>Henry Hopking, der leitende Sporttrainer des Alphalearning-Instituts, hat k\u00fcrzlich auch den Wurfscheibensch\u00fctzen <strong>Ben Brunton<\/strong> trainiert, der sagt: \u201eAlphalearning hat mir beigebracht, mich unter Druck zu fokussieren und zu konzentrieren. Ohne Zweifel <strong>hat es mir geholfen, der j\u00fcngste FITASC-Weltmeister aller Zeiten zu werden.<\/strong>\u201c<\/p>\n\n\n\n<p><strong><a href=\"https:\/\/alphalearning.com\/comments-from-alphalearning-clients\/quotes-from-athletes\/jan-verfaellie\/\">Jan Verfaellie<\/a><\/strong><br>Belgischer Junioren-Golfmeister: \u201eMit <a href=\"https:\/\/alphalearning.com\/brainwave\/\">Brainwave<\/a> I-Training kann ich in meinem Kopf 20 Stunden Golf in nur 15 Minuten spielen \u2013 und zwar perfekt.\u201c<\/p>\n\n\n\n<p><strong><a href=\"https:\/\/alphalearning.com\/comments-from-alphalearning-clients\/quotes-from-athletes\/paul-verfaellie\/\">Paul Verfaellie<\/a><\/strong><br>\u201eAlphalearning verbessert mein Ergebnis und das Beste daran ist, dass Golf f\u00fcr mich umso mehr Spa\u00df macht!\u201c<\/p>\n\n\n\n<p><strong>Curt Selestam, Oslo, Norwegen<\/strong><br>\u201eAlpha hilft wirklich beim Golf. <br>Wenn ich gestresst bin, kann ich mich jetzt beruhigen und entspannen.\u201c<\/p>\n\n\n\n<p><strong>Bert Talhoo, Utrecht, Niederlande<\/strong><br>\u201eMein Golfschwung klappt, Alpha gibt mir ein entspanntes Bewusstsein \u2013 es ist nicht mehr so laut in meinem Kopf.\u201c<\/p>\n\n\n\n<p><strong>Cris van Aeken, London, England<\/strong><br>\u201eVor Alpha konnte ich beim R\u00fcckschwung meinen linken Arm nicht gerade halten. <br>\u2013 Jetzt kann ich ihn nicht mehr beugen. Fantastisch.\u201c<\/p>\n\n\n\n<p><strong>Doug Ewing, L\u00f6wen, Belgien<\/strong><br>\u201eIch habe eine Woche nach dem Kurs beim Clubturnier den ersten Preis gewonnen \u2013 mit dem Alpha-System. <br>Den Ball ins Loch \u2013 es funktioniert!\u201c<\/p>\n<\/div><\/div>\n","protected":false},"excerpt":{"rendered":"<p>Erfahrungsberichte von Athleten, die das Brainwave-System verwenden London, 24. Oktober 2000: Der erste Olympiasieger, der zugibt, das Brainwave-Training des Alphalearning-Instituts [&hellip;]<\/p>\n","protected":false},"author":2,"featured_media":0,"parent":12978,"menu_order":210,"comment_status":"closed","ping_status":"closed","template":"","meta":{"_uag_custom_page_level_css":"","site-sidebar-layout":"default","site-content-layout":"","ast-site-content-layout":"default","site-content-style":"default","site-sidebar-style":"default","ast-global-header-display":"","ast-banner-title-visibility":"","ast-main-header-display":"","ast-hfb-above-header-display":"","ast-hfb-below-header-display":"","ast-hfb-mobile-header-display":"","site-post-title":"disabled","ast-breadcrumbs-content":"","ast-featured-img":"","footer-sml-layout":"","ast-disable-related-posts":"","theme-transparent-header-meta":"","adv-header-id-meta":"","stick-header-meta":"","header-above-stick-meta":"","header-main-stick-meta":"","header-below-stick-meta":"","astra-migrate-meta-layouts":"default","ast-page-background-enabled":"default","ast-page-background-meta":{"desktop":{"background-color":"var(--ast-global-color-4)","background-image":"","background-repeat":"repeat","background-position":"center center","background-size":"auto","background-attachment":"scroll","background-type":"","background-media":"","overlay-type":"","overlay-color":"","overlay-opacity":"","overlay-gradient":""},"tablet":{"background-color":"","background-image":"","background-repeat":"repeat","background-position":"center center","background-size":"auto","background-attachment":"scroll","background-type":"","background-media":"","overlay-type":"","overlay-color":"","overlay-opacity":"","overlay-gradient":""},"mobile":{"background-color":"","background-image":"","background-repeat":"repeat","background-position":"center center","background-size":"auto","background-attachment":"scroll","background-type":"","background-media":"","overlay-type":"","overlay-color":"","overlay-opacity":"","overlay-gradient":""}},"ast-content-background-meta":{"desktop":{"background-color":"var(--ast-global-color-5)","background-image":"","background-repeat":"repeat","background-position":"center center","background-size":"auto","background-attachment":"scroll","background-type":"","background-media":"","overlay-type":"","overlay-color":"","overlay-opacity":"","overlay-gradient":""},"tablet":{"background-color":"var(--ast-global-color-5)","background-image":"","background-repeat":"repeat","background-position":"center center","background-size":"auto","background-attachment":"scroll","background-type":"","background-media":"","overlay-type":"","overlay-color":"","overlay-opacity":"","overlay-gradient":""},"mobile":{"background-color":"var(--ast-global-color-5)","background-image":"","background-repeat":"repeat","background-position":"center center","background-size":"auto","background-attachment":"scroll","background-type":"","background-media":"","overlay-type":"","overlay-color":"","overlay-opacity":"","overlay-gradient":""}},"footnotes":""},"class_list":["post-12996","page","type-page","status-publish","hentry"],"yoast_head":"<!-- This site is optimized with the Yoast SEO plugin v27.1.1 - https:\/\/yoast.com\/product\/yoast-seo-wordpress\/ -->\n<title>Athleten \u00fcber Alphalearning<\/title>\n<meta name=\"description\" content=\"Erfahren Sie, wie Olympiasieger und Weltmeister das Alphalearning Brainwave System f\u00fcr H\u00f6chstleistung, Fokus und Gelassenheit nutzen.\" \/>\n<meta name=\"robots\" content=\"index, follow, max-snippet:-1, max-image-preview:large, max-video-preview:-1\" \/>\n<link rel=\"canonical\" href=\"https:\/\/alphalearning.com\/de\/kommentare-von-alphalearning-klienten\/zitate-von-leistungssportlern\/\" \/>\n<meta property=\"og:locale\" content=\"de_DE\" \/>\n<meta property=\"og:type\" content=\"article\" \/>\n<meta property=\"og:title\" content=\"Athleten \u00fcber Alphalearning\" \/>\n<meta property=\"og:description\" content=\"Erfahren Sie, wie Olympiasieger und Weltmeister das Alphalearning Brainwave System f\u00fcr H\u00f6chstleistung, Fokus und Gelassenheit nutzen.\" \/>\n<meta property=\"og:url\" content=\"https:\/\/alphalearning.com\/de\/kommentare-von-alphalearning-klienten\/zitate-von-leistungssportlern\/\" \/>\n<meta property=\"og:site_name\" content=\"Alphalearning International\" \/>\n<meta property=\"article:modified_time\" content=\"2025-11-11T15:33:30+00:00\" \/>\n<meta property=\"og:image\" content=\"https:\/\/alphalearning.com\/wp-content\/uploads\/2024\/04\/alphalearning-logo_red_1200x675px.png\" \/>\n\t<meta property=\"og:image:width\" content=\"1200\" \/>\n\t<meta property=\"og:image:height\" content=\"675\" \/>\n\t<meta property=\"og:image:type\" content=\"image\/png\" \/>\n<meta name=\"twitter:card\" content=\"summary_large_image\" \/>\n<meta name=\"twitter:label1\" content=\"Est. reading time\" \/>\n\t<meta name=\"twitter:data1\" content=\"2 minutes\" \/>\n<!-- \/ Yoast SEO plugin. -->","yoast_head_json":{"title":"Athleten \u00fcber Alphalearning","description":"Erfahren Sie, wie Olympiasieger und Weltmeister das Alphalearning Brainwave System f\u00fcr H\u00f6chstleistung, Fokus und Gelassenheit nutzen.","robots":{"index":"index","follow":"follow","max-snippet":"max-snippet:-1","max-image-preview":"max-image-preview:large","max-video-preview":"max-video-preview:-1"},"canonical":"https:\/\/alphalearning.com\/de\/kommentare-von-alphalearning-klienten\/zitate-von-leistungssportlern\/","og_locale":"de_DE","og_type":"article","og_title":"Athleten \u00fcber Alphalearning","og_description":"Erfahren Sie, wie Olympiasieger und Weltmeister das Alphalearning Brainwave System f\u00fcr H\u00f6chstleistung, Fokus und Gelassenheit nutzen.","og_url":"https:\/\/alphalearning.com\/de\/kommentare-von-alphalearning-klienten\/zitate-von-leistungssportlern\/","og_site_name":"Alphalearning International","article_modified_time":"2025-11-11T15:33:30+00:00","og_image":[{"width":1200,"height":675,"url":"https:\/\/alphalearning.com\/wp-content\/uploads\/2024\/04\/alphalearning-logo_red_1200x675px.png","type":"image\/png"}],"twitter_card":"summary_large_image","twitter_misc":{"Est. reading time":"2 minutes"},"schema":{"@context":"https:\/\/schema.org","@graph":[{"@type":"WebPage","@id":"https:\/\/alphalearning.com\/de\/kommentare-von-alphalearning-klienten\/zitate-von-leistungssportlern\/","url":"https:\/\/alphalearning.com\/de\/kommentare-von-alphalearning-klienten\/zitate-von-leistungssportlern\/","name":"Athleten \u00fcber Alphalearning","isPartOf":{"@id":"https:\/\/alphalearning.com\/de\/#website"},"datePublished":"2024-03-27T16:25:19+00:00","dateModified":"2025-11-11T15:33:30+00:00","description":"Erfahren Sie, wie Olympiasieger und Weltmeister das Alphalearning Brainwave System f\u00fcr H\u00f6chstleistung, Fokus und Gelassenheit nutzen.","breadcrumb":{"@id":"https:\/\/alphalearning.com\/de\/kommentare-von-alphalearning-klienten\/zitate-von-leistungssportlern\/#breadcrumb"},"inLanguage":"de","potentialAction":[{"@type":"ReadAction","target":["https:\/\/alphalearning.com\/de\/kommentare-von-alphalearning-klienten\/zitate-von-leistungssportlern\/"]}]},{"@type":"BreadcrumbList","@id":"https:\/\/alphalearning.com\/de\/kommentare-von-alphalearning-klienten\/zitate-von-leistungssportlern\/#breadcrumb","itemListElement":[{"@type":"ListItem","position":1,"name":"Home","item":"https:\/\/alphalearning.com\/de\/"},{"@type":"ListItem","position":2,"name":"Kommentare von Alphalearning-Klienten","item":"https:\/\/alphalearning.com\/de\/kommentare-von-alphalearning-klienten\/"},{"@type":"ListItem","position":3,"name":"Leistungsportler"}]},{"@type":"WebSite","@id":"https:\/\/alphalearning.com\/de\/#website","url":"https:\/\/alphalearning.com\/de\/","name":"Alphalearning International","description":"the brain training institute","publisher":{"@id":"https:\/\/alphalearning.com\/de\/#organization"},"potentialAction":[{"@type":"SearchAction","target":{"@type":"EntryPoint","urlTemplate":"https:\/\/alphalearning.com\/de\/?s={search_term_string}"},"query-input":{"@type":"PropertyValueSpecification","valueRequired":true,"valueName":"search_term_string"}}],"inLanguage":"de"},{"@type":"Organization","@id":"https:\/\/alphalearning.com\/de\/#organization","name":"Alphalearning International","url":"https:\/\/alphalearning.com\/de\/","logo":{"@type":"ImageObject","inLanguage":"de","@id":"https:\/\/alphalearning.com\/de\/#\/schema\/logo\/image\/","url":"https:\/\/alphalearning.com\/wp-content\/uploads\/2024\/03\/alphalearning_ico2_512px.png","contentUrl":"https:\/\/alphalearning.com\/wp-content\/uploads\/2024\/03\/alphalearning_ico2_512px.png","width":512,"height":512,"caption":"Alphalearning International"},"image":{"@id":"https:\/\/alphalearning.com\/de\/#\/schema\/logo\/image\/"}}]}},"uagb_featured_image_src":{"full":false,"thumbnail":false,"medium":false,"medium_large":false,"large":false,"1536x1536":false,"2048x2048":false,"gform-image-choice-sm":false,"gform-image-choice-md":false,"gform-image-choice-lg":false},"uagb_author_info":{"display_name":"Julio Machado","author_link":"https:\/\/alphalearning.com\/de\/author\/julio-machado\/"},"uagb_comment_info":0,"uagb_excerpt":"Erfahrungsberichte von Athleten, die das Brainwave-System verwenden London, 24. Oktober 2000: Der erste Olympiasieger, der zugibt, das Brainwave-Training des Alphalearning-Instituts [&hellip;]","_links":{"self":[{"href":"https:\/\/alphalearning.com\/de\/wp-json\/wp\/v2\/pages\/12996","targetHints":{"allow":["GET"]}}],"collection":[{"href":"https:\/\/alphalearning.com\/de\/wp-json\/wp\/v2\/pages"}],"about":[{"href":"https:\/\/alphalearning.com\/de\/wp-json\/wp\/v2\/types\/page"}],"author":[{"embeddable":true,"href":"https:\/\/alphalearning.com\/de\/wp-json\/wp\/v2\/users\/2"}],"replies":[{"embeddable":true,"href":"https:\/\/alphalearning.com\/de\/wp-json\/wp\/v2\/comments?post=12996"}],"version-history":[{"count":5,"href":"https:\/\/alphalearning.com\/de\/wp-json\/wp\/v2\/pages\/12996\/revisions"}],"predecessor-version":[{"id":17131,"href":"https:\/\/alphalearning.com\/de\/wp-json\/wp\/v2\/pages\/12996\/revisions\/17131"}],"up":[{"embeddable":true,"href":"https:\/\/alphalearning.com\/de\/wp-json\/wp\/v2\/pages\/12978"}],"wp:attachment":[{"href":"https:\/\/alphalearning.com\/de\/wp-json\/wp\/v2\/media?parent=12996"}],"curies":[{"name":"wp","href":"https:\/\/api.w.org\/{rel}","templated":true}]}}