{"id":12940,"date":"2024-03-27T16:49:44","date_gmt":"2024-03-27T16:49:44","guid":{"rendered":"https:\/\/alphalearning.com\/weltpresse\/how-to-pass-exams\/"},"modified":"2025-12-03T13:22:05","modified_gmt":"2025-12-03T13:22:05","slug":"how-to-pass-exams","status":"publish","type":"page","link":"https:\/\/alphalearning.com\/de\/weltpresse\/how-to-pass-exams\/","title":{"rendered":"How to pass exams"},"content":{"rendered":"\n<div class=\"wp-block-uagb-advanced-heading uagb-block-5806e594\"><h1 class=\"uagb-heading-text\">Alphalearning in &#8220;How to Pass Exams&#8221;<\/h1><\/div>\n\n\n\n<div class=\"wp-block-uagb-container uagb-block-ae15e6f3 alignfull uagb-is-root-container\"><div class=\"uagb-container-inner-blocks-wrap\">\n<p class=\"has-text-align-center\"><strong>\u201cHOW TO PASS EXAMS\u201d<\/strong><\/p>\n\n\n\n<p class=\"has-text-align-center\"><strong>von <a href=\"https:\/\/de.wikipedia.org\/wiki\/Dominic_O%E2%80%99Brien\" target=\"_blank\" rel=\"noreferrer noopener\">Dominic O\u2019Brien<\/a> (Ged\u00e4chtnisweltmeister)<br>Absolvent des Alphalearning-Instituts<\/strong><\/p>\n\n\n\n<p class=\"has-text-align-center\"><strong>Copyright 1995 Dominic O\u2019Brien<\/strong><\/p>\n\n\n\n<p class=\"has-text-align-center\"><strong>Erstver\u00f6ffentlichung 1995 bei HEADLINE BOOK PUBLISHING<\/strong><\/p>\n\n\n\n<div class=\"wp-block-uagb-advanced-heading uagb-block-8942d832\"><h2 class=\"uagb-heading-text\">Die aufregende Arbeit des Alphalearning-Instituts<\/h2><\/div>\n\n\n\n<p>Die Auswirkungen der in der Schweiz vom Alphalearning-Institut entwickelten Technologie sind enorm.<\/p>\n\n\n\n<p>Ich halte ihre Arbeit f\u00fcr einen bedeutenden Durchbruch in der Entwicklung der menschlichen Intelligenz. Und ich sage voraus, dass bis zur Jahrhundertwende jede Schule, Hochschule und Universit\u00e4t in der entwickelten Welt Zugang zu dieser Technologie haben wird und dass die Industrie von ihrer Belegschaft die Nutzung verlangen wird.<\/p>\n\n\n\n<div class=\"wp-block-uagb-advanced-heading uagb-block-1ae9bcc8\"><h2 class=\"uagb-heading-text\">Der Rasenm\u00e4hermann kommt<\/h2><\/div>\n\n\n\n<p>Wer den Film \u201eDer Rasenm\u00e4hermann\u201c (Originaltitel: The Lawnmower Man) als reine Science-Fiction-Fantasie abtut, sollte vorsichtig sein. Darin wird ein junger Mann mit Lernschwierigkeiten zum Gegenstand eines Experiments, das mithilfe einer virtuellen Realit\u00e4tsmaschine seine Intelligenz steigern soll. Diese Technologie ist so effektiv, dass der Mann, dessen einziges Talent zuvor nur das Rasenm\u00e4hen war, so intelligent wird, dass er sich zu einer Art Halbgott entwickelt und weltweit Chaos anrichtet.<\/p>\n\n\n\n<p>W\u00e4hrend Kinobesucher noch die Premiere des Films genossen, nahmen die Ausbilder des Alphalearning-Instituts bereits die letzten Feinabstimmungen an Brainwave I vor, das auch als \u201eMind Machine\u201c bezeichnet wird. Es besteht aus einer schwarzen Box, die an einen PC angeschlossen ist und \u00fcber eine LED-Brille und Kopfh\u00f6rer Licht- und Tonimpulse abgibt, welche die Versuchsperson tr\u00e4gt. Zus\u00e4tzlich wird ein spezielles Elektroenzephalogramm (EEG) eingesetzt, um die individuellen Gehirnwellen auszulesen. Mithilfe eines eigens entwickelten Computerprogramms wird das Gehirn anschlie\u00dfend auf den Zustand tiefer Entspannung eingestimmt, der zum Lernen erforderlich ist.<\/p>\n\n\n\n<p>Die aus den Daten von \u00fcber 500 Teilnehmenden zusammengestellten Ergebnisse sind verbl\u00fcffend\u2026<\/p>\n\n\n\n<ol class=\"wp-block-list\">\n<li>Die Lerngeschwindigkeit steigt um 300 %\u2013 in jedem Fach.<\/li>\n\n\n\n<li>Das Ged\u00e4chtnis verbessert sich um 300 % \u2013 z. B. beim Sprachenlernen.<\/li>\n\n\n\n<li>Stress wird reduziert, Blutdruck sinkt.<\/li>\n\n\n\n<li>Der IQ erh\u00f6ht sich um 10 bis 30 %.<\/li>\n\n\n\n<li>Die Lesegeschwindigkeit steigt von 250 auf 750 W\u00f6rter pro Minute.<\/li>\n\n\n\n<li>Die Pr\u00fcfungsnoten der Studierenden verbessern sich um zwei Stufen, z. B. von C auf A.<\/li>\n<\/ol>\n\n\n\n<p>Das Institut bietet au\u00dferdem einen \u201eGehirntraining\u201c-Kurs an, in dem den Teilnehmenden vermittelt wird, wie sie sich auf die Alpha- und Theta-Wellen des Gehirns einstimmen k\u00f6nnen \u2013 die idealen Frequenzen f\u00fcr das Lernen.<\/p>\n\n\n\n<p>Normalerweise w\u00fcrde das Erreichen einer Alpha-Frequenz von neun Hertz zwei bis f\u00fcnf Jahre Meditationserfahrung erfordern. Das Erreichen von sieben Hertz kann bis zu zwanzig Jahre \u00dcbung ben\u00f6tigen. Mit Brainwave I jedoch kann eine Lernender bereits in nur zw\u00f6lf Minuten eine Frequenz von neun Hertz oder weniger erreichen und in f\u00fcnf bis zehn Stunden sogar sieben Hertz. Wie man es beim Alphalearning formuliert: \u201eSie m\u00fcssen sich nicht mehr die Haare lang wachsen lassen, Roben tragen, auf harten Felsen sitzen oder einen Guru engagieren; der Computer ist der neue Guru.\u201c Am bemerkenswertesten ist, dass alle Absolvent:innen bei einer Nachuntersuchung ein Jahr sp\u00e4ter ihre Gehirnkontrolle nicht nur beibehalten, sondern in den meisten F\u00e4llen sogar noch verbessert haben.<\/p>\n\n\n\n<p>Brainwave I wurde als das ultimative, hochmoderne Trainings- und \u00dcbungsger\u00e4t f\u00fcr das Gehirn beschrieben, auch als \u201eNeurochirurgie mit Licht- und Schallwellen\u201c. Allerdings ist es keine Erfindung, die \u00fcber Nacht entstand. Neunzehn Jahre Forschungsarbeit und 5 Millionen US-Dollar Investitionen waren n\u00f6tig, um herauszufinden, dass Menschen tats\u00e4chlich dazu ausgebildet werden k\u00f6nnen, ihre eigenen Gehirnwellen zu kontrollieren. Weitere vier Jahre waren erforderlich, um die Trainingssoftware so zu verfeinern, dass Menschen diese Kontrolle schnell erlangen k\u00f6nnen.<\/p>\n\n\n\n<p>Abgesehen von den offensichtlichen Vorteilen, die diese Technologie in puncto gesteigerter Lernf\u00e4higkeit bietet, zeigte sich auch eine unerwartet beeindruckende Wirkung bei einer Reihe von Menschen mit Hirnsch\u00e4digungen. Obwohl es noch zu fr\u00fch ist zu behaupten, Brainwave I k\u00f6nnte ein universelles Allheilmittel sein, gibt es verbl\u00fcffende Hinweise darauf, dass damit offenbar selbst das, was zuvor als dauerhafte Hirnsch\u00e4digung galt, r\u00fcckg\u00e4ngig gemacht werden kann. <a href=\"https:\/\/alphalearning.com\/de\/weltpresse\/synapsia\/\">Nehmen wir zum Beispiel den Fall von Sofie<\/a>: Zwei Tage nach ihrer Geburt erlitt sie einen Lungenkollaps und einen Sauerstoffmangel im rechten Gehirn. Dies f\u00fchrte zu einer L\u00e4hmung ihrer linken K\u00f6rperseite und zu Kr\u00e4mpfen im linken Arm. Sechzehn Jahre lang war sie an den Rollstuhl gebunden. Als ihr Vater von der Alphalearning-Behandlung bei Pyotr h\u00f6rte, beschloss er, Brainwave I bei Sofie anzuwenden.<\/p>\n\n\n\n<p>Nach der ersten Zw\u00f6lf-Minuten-Sitzung waren ihre Krampfanf\u00e4lle unter Kontrolle. Innerhalb eines Monats konnte sie schon zeitweise ohne Rollstuhl auskommen und sich zum ersten Mal in ihrem Leben selbst\u00e4ndig zur Toilette begeben. Ein Jahr sp\u00e4ter macht sie immer noch Fortschritte. <a href=\"https:\/\/alphalearning.com\/de\/weltpresse\/synapsia\/\">Erstaunlicherweise verbessert sich nicht nur ihre k\u00f6rperliche St\u00e4rke; ihr IQ ist von 85 auf 135 gestiegen!<\/a><\/p>\n<\/div><\/div>\n\n\n\n<p><\/p>\n","protected":false},"excerpt":{"rendered":"<p>Alphalearning in &#8220;How to Pass Exams&#8221; \u201cHOW TO PASS EXAMS\u201d von Dominic O\u2019Brien (Ged\u00e4chtnisweltmeister)Absolvent des Alphalearning-Instituts Copyright 1995 Dominic O\u2019Brien [&hellip;]<\/p>\n","protected":false},"author":2,"featured_media":0,"parent":12856,"menu_order":130,"comment_status":"closed","ping_status":"closed","template":"","meta":{"_uag_custom_page_level_css":"","site-sidebar-layout":"default","site-content-layout":"","ast-site-content-layout":"default","site-content-style":"default","site-sidebar-style":"default","ast-global-header-display":"","ast-banner-title-visibility":"","ast-main-header-display":"","ast-hfb-above-header-display":"","ast-hfb-below-header-display":"","ast-hfb-mobile-header-display":"","site-post-title":"disabled","ast-breadcrumbs-content":"","ast-featured-img":"","footer-sml-layout":"","ast-disable-related-posts":"","theme-transparent-header-meta":"","adv-header-id-meta":"","stick-header-meta":"","header-above-stick-meta":"","header-main-stick-meta":"","header-below-stick-meta":"","astra-migrate-meta-layouts":"default","ast-page-background-enabled":"default","ast-page-background-meta":{"desktop":{"background-color":"var(--ast-global-color-4)","background-image":"","background-repeat":"repeat","background-position":"center center","background-size":"auto","background-attachment":"scroll","background-type":"","background-media":"","overlay-type":"","overlay-color":"","overlay-opacity":"","overlay-gradient":""},"tablet":{"background-color":"","background-image":"","background-repeat":"repeat","background-position":"center center","background-size":"auto","background-attachment":"scroll","background-type":"","background-media":"","overlay-type":"","overlay-color":"","overlay-opacity":"","overlay-gradient":""},"mobile":{"background-color":"","background-image":"","background-repeat":"repeat","background-position":"center center","background-size":"auto","background-attachment":"scroll","background-type":"","background-media":"","overlay-type":"","overlay-color":"","overlay-opacity":"","overlay-gradient":""}},"ast-content-background-meta":{"desktop":{"background-color":"var(--ast-global-color-5)","background-image":"","background-repeat":"repeat","background-position":"center center","background-size":"auto","background-attachment":"scroll","background-type":"","background-media":"","overlay-type":"","overlay-color":"","overlay-opacity":"","overlay-gradient":""},"tablet":{"background-color":"var(--ast-global-color-5)","background-image":"","background-repeat":"repeat","background-position":"center center","background-size":"auto","background-attachment":"scroll","background-type":"","background-media":"","overlay-type":"","overlay-color":"","overlay-opacity":"","overlay-gradient":""},"mobile":{"background-color":"var(--ast-global-color-5)","background-image":"","background-repeat":"repeat","background-position":"center center","background-size":"auto","background-attachment":"scroll","background-type":"","background-media":"","overlay-type":"","overlay-color":"","overlay-opacity":"","overlay-gradient":""}},"footnotes":""},"class_list":["post-12940","page","type-page","status-publish","hentry"],"yoast_head":"<!-- This site is optimized with the Yoast SEO plugin v27.1.1 - https:\/\/yoast.com\/product\/yoast-seo-wordpress\/ -->\n<title>Alphalearning &amp; O\u2019Brien: Brainwave f\u00fcr Pr\u00fcfungserfolg<\/title>\n<meta name=\"description\" content=\"Entdecken Sie Dominic O\u2019Briens Pr\u00fcfungstipps und Alphalearnings Brainwave-Durchbruch f\u00fcr schnelleres, stressfreies Lernen.\" \/>\n<meta name=\"robots\" content=\"index, follow, max-snippet:-1, max-image-preview:large, max-video-preview:-1\" \/>\n<link rel=\"canonical\" href=\"https:\/\/alphalearning.com\/de\/weltpresse\/how-to-pass-exams\/\" \/>\n<meta property=\"og:locale\" content=\"de_DE\" \/>\n<meta property=\"og:type\" content=\"article\" \/>\n<meta property=\"og:title\" content=\"Alphalearning &amp; O\u2019Brien: Brainwave f\u00fcr Pr\u00fcfungserfolg\" \/>\n<meta property=\"og:description\" content=\"Entdecken Sie Dominic O\u2019Briens Pr\u00fcfungstipps und Alphalearnings Brainwave-Durchbruch f\u00fcr schnelleres, stressfreies Lernen.\" \/>\n<meta property=\"og:url\" content=\"https:\/\/alphalearning.com\/de\/weltpresse\/how-to-pass-exams\/\" \/>\n<meta property=\"og:site_name\" content=\"Alphalearning International\" \/>\n<meta property=\"article:modified_time\" content=\"2025-12-03T13:22:05+00:00\" \/>\n<meta property=\"og:image\" content=\"https:\/\/alphalearning.com\/wp-content\/uploads\/2024\/04\/alphalearning-logo_red_1200x675px.png\" \/>\n\t<meta property=\"og:image:width\" content=\"1200\" \/>\n\t<meta property=\"og:image:height\" content=\"675\" \/>\n\t<meta property=\"og:image:type\" content=\"image\/png\" \/>\n<meta name=\"twitter:card\" content=\"summary_large_image\" \/>\n<meta name=\"twitter:label1\" content=\"Est. reading time\" \/>\n\t<meta name=\"twitter:data1\" content=\"4 minutes\" \/>\n<!-- \/ Yoast SEO plugin. -->","yoast_head_json":{"title":"Alphalearning & O\u2019Brien: Brainwave f\u00fcr Pr\u00fcfungserfolg","description":"Entdecken Sie Dominic O\u2019Briens Pr\u00fcfungstipps und Alphalearnings Brainwave-Durchbruch f\u00fcr schnelleres, stressfreies Lernen.","robots":{"index":"index","follow":"follow","max-snippet":"max-snippet:-1","max-image-preview":"max-image-preview:large","max-video-preview":"max-video-preview:-1"},"canonical":"https:\/\/alphalearning.com\/de\/weltpresse\/how-to-pass-exams\/","og_locale":"de_DE","og_type":"article","og_title":"Alphalearning & O\u2019Brien: Brainwave f\u00fcr Pr\u00fcfungserfolg","og_description":"Entdecken Sie Dominic O\u2019Briens Pr\u00fcfungstipps und Alphalearnings Brainwave-Durchbruch f\u00fcr schnelleres, stressfreies Lernen.","og_url":"https:\/\/alphalearning.com\/de\/weltpresse\/how-to-pass-exams\/","og_site_name":"Alphalearning International","article_modified_time":"2025-12-03T13:22:05+00:00","og_image":[{"width":1200,"height":675,"url":"https:\/\/alphalearning.com\/wp-content\/uploads\/2024\/04\/alphalearning-logo_red_1200x675px.png","type":"image\/png"}],"twitter_card":"summary_large_image","twitter_misc":{"Est. reading time":"4 minutes"},"schema":{"@context":"https:\/\/schema.org","@graph":[{"@type":"WebPage","@id":"https:\/\/alphalearning.com\/de\/weltpresse\/how-to-pass-exams\/","url":"https:\/\/alphalearning.com\/de\/weltpresse\/how-to-pass-exams\/","name":"Alphalearning & O\u2019Brien: Brainwave f\u00fcr Pr\u00fcfungserfolg","isPartOf":{"@id":"https:\/\/alphalearning.com\/de\/#website"},"datePublished":"2024-03-27T16:49:44+00:00","dateModified":"2025-12-03T13:22:05+00:00","description":"Entdecken Sie Dominic O\u2019Briens Pr\u00fcfungstipps und Alphalearnings Brainwave-Durchbruch f\u00fcr schnelleres, stressfreies Lernen.","breadcrumb":{"@id":"https:\/\/alphalearning.com\/de\/weltpresse\/how-to-pass-exams\/#breadcrumb"},"inLanguage":"de","potentialAction":[{"@type":"ReadAction","target":["https:\/\/alphalearning.com\/de\/weltpresse\/how-to-pass-exams\/"]}]},{"@type":"BreadcrumbList","@id":"https:\/\/alphalearning.com\/de\/weltpresse\/how-to-pass-exams\/#breadcrumb","itemListElement":[{"@type":"ListItem","position":1,"name":"Home","item":"https:\/\/alphalearning.com\/de\/"},{"@type":"ListItem","position":2,"name":"Weltpresse","item":"https:\/\/alphalearning.com\/de\/weltpresse\/"},{"@type":"ListItem","position":3,"name":"How to pass exams"}]},{"@type":"WebSite","@id":"https:\/\/alphalearning.com\/de\/#website","url":"https:\/\/alphalearning.com\/de\/","name":"Alphalearning International","description":"the brain training institute","publisher":{"@id":"https:\/\/alphalearning.com\/de\/#organization"},"potentialAction":[{"@type":"SearchAction","target":{"@type":"EntryPoint","urlTemplate":"https:\/\/alphalearning.com\/de\/?s={search_term_string}"},"query-input":{"@type":"PropertyValueSpecification","valueRequired":true,"valueName":"search_term_string"}}],"inLanguage":"de"},{"@type":"Organization","@id":"https:\/\/alphalearning.com\/de\/#organization","name":"Alphalearning International","url":"https:\/\/alphalearning.com\/de\/","logo":{"@type":"ImageObject","inLanguage":"de","@id":"https:\/\/alphalearning.com\/de\/#\/schema\/logo\/image\/","url":"https:\/\/alphalearning.com\/wp-content\/uploads\/2024\/03\/alphalearning_ico2_512px.png","contentUrl":"https:\/\/alphalearning.com\/wp-content\/uploads\/2024\/03\/alphalearning_ico2_512px.png","width":512,"height":512,"caption":"Alphalearning International"},"image":{"@id":"https:\/\/alphalearning.com\/de\/#\/schema\/logo\/image\/"}}]}},"uagb_featured_image_src":{"full":false,"thumbnail":false,"medium":false,"medium_large":false,"large":false,"1536x1536":false,"2048x2048":false,"gform-image-choice-sm":false,"gform-image-choice-md":false,"gform-image-choice-lg":false},"uagb_author_info":{"display_name":"Julio Machado","author_link":"https:\/\/alphalearning.com\/de\/author\/julio-machado\/"},"uagb_comment_info":0,"uagb_excerpt":"Alphalearning in &#8220;How to Pass Exams&#8221; \u201cHOW TO PASS EXAMS\u201d von Dominic O\u2019Brien (Ged\u00e4chtnisweltmeister)Absolvent des Alphalearning-Instituts Copyright 1995 Dominic O\u2019Brien [&hellip;]","_links":{"self":[{"href":"https:\/\/alphalearning.com\/de\/wp-json\/wp\/v2\/pages\/12940","targetHints":{"allow":["GET"]}}],"collection":[{"href":"https:\/\/alphalearning.com\/de\/wp-json\/wp\/v2\/pages"}],"about":[{"href":"https:\/\/alphalearning.com\/de\/wp-json\/wp\/v2\/types\/page"}],"author":[{"embeddable":true,"href":"https:\/\/alphalearning.com\/de\/wp-json\/wp\/v2\/users\/2"}],"replies":[{"embeddable":true,"href":"https:\/\/alphalearning.com\/de\/wp-json\/wp\/v2\/comments?post=12940"}],"version-history":[{"count":12,"href":"https:\/\/alphalearning.com\/de\/wp-json\/wp\/v2\/pages\/12940\/revisions"}],"predecessor-version":[{"id":17291,"href":"https:\/\/alphalearning.com\/de\/wp-json\/wp\/v2\/pages\/12940\/revisions\/17291"}],"up":[{"embeddable":true,"href":"https:\/\/alphalearning.com\/de\/wp-json\/wp\/v2\/pages\/12856"}],"wp:attachment":[{"href":"https:\/\/alphalearning.com\/de\/wp-json\/wp\/v2\/media?parent=12940"}],"curies":[{"name":"wp","href":"https:\/\/api.w.org\/{rel}","templated":true}]}}