{"id":12919,"date":"2024-03-27T16:48:58","date_gmt":"2024-03-27T16:48:58","guid":{"rendered":"https:\/\/alphalearning.com\/weltpresse\/ego-2000\/"},"modified":"2025-12-03T13:00:53","modified_gmt":"2025-12-03T13:00:53","slug":"ego-2000","status":"publish","type":"page","link":"https:\/\/alphalearning.com\/de\/weltpresse\/ego-2000\/","title":{"rendered":"EGO 2000"},"content":{"rendered":"\n<div class=\"wp-block-uagb-advanced-heading uagb-block-d17a94a3\"><h1 class=\"uagb-heading-text\">Alphalearning in EGO 2000<\/h1><\/div>\n\n\n\n<div class=\"wp-block-uagb-container uagb-block-fde1c1e7 alignfull uagb-is-root-container\"><div class=\"uagb-container-inner-blocks-wrap\">\n<p class=\"has-text-align-center\"><strong>EGO 2000<\/strong><\/p>\n\n\n\n<p class=\"has-text-align-center\"><strong>(Die f\u00fchrende neurowissenschaftliche Zeitschrift der Niederlande)<\/strong><\/p>\n\n\n\n<p class=\"has-text-align-center\"><strong>Spitzenleistungen durch Alpha-Gehirnwellen<\/strong><\/p>\n\n\n\n<p class=\"has-text-align-center\"><strong>Verbesserte Konzentration und Ged\u00e4chtnisleistung durch den Einsatz einer Gehirnmaschine<\/strong><\/p>\n\n\n\n<p>Durch die Kombination einer Gehirnmaschine mit Bio-Feedback lassen sich \u00fcberraschende Ergebnisse erzielen. Das Brainwave I ist ein Ger\u00e4t, das in Verbindung mit einem PC arbeitet. Es wurde vom Alphalearning-Institut entwickelt, das seinen Forschungssitz in der Schweiz hat. Das Institut organisiert Kurse und stellt au\u00dferdem Unternehmen und Schulen die entsprechende Ausr\u00fcstung zur Verf\u00fcgung. Ergebnisse dieser Technologie ist ein h\u00f6heres Konzentrationsniveau, ein verbesserter IQ und bessere sportliche Leistungen. Das Institut behauptet sogar, Gehirnsch\u00e4den beheben zu k\u00f6nnen.<\/p>\n\n\n\n<div class=\"wp-block-uagb-advanced-heading uagb-block-0c5594a1\"><h2 class=\"uagb-heading-text\">Das Lernen Lernen<\/h2><\/div>\n\n\n\n<p>Das Motto des Alphalearning-Instituts lautet \u201eDas Lernen Lernen\u201c \u2013 eine F\u00e4higkeit, die nach Ansicht des Instituts in unserer Gesellschaft stark untersch\u00e4tzt wird. \u201eIn Schulen und Universit\u00e4ten nehmen wir Unmengen an Informationen auf, aber niemand bringt uns wirklich bei, wie wir am effektivsten lernen \u2013 geschweige denn, wie wir unsere \u201amentalen F\u00e4higkeiten\u2018 entwickeln k\u00f6nnen.\u201c<\/p>\n\n\n\n<p>Teilnehmende der Seminare des Alphalearning-Instituts verbessern nicht nur ihr Ged\u00e4chtnis und ihre Konzentrationsf\u00e4higkeit \u2013 durchschnittlich steigert sich ihre Lesegeschwindigkeit um 300 % \u2013 sondern auch ihre mentale Flexibilit\u00e4t. Daher ist \u201eDas Lernen Lernen\u201c nicht nur f\u00fcr Studierende interessant; die meisten Teilnehmerinnen und Teilnehmer kommen aus der Wirtschaft. Viele gro\u00dfe Unternehmen investieren gerne in diese Seminare, um die Leistungsf\u00e4higkeit ihrer Entscheidungstr\u00e4ger zu steigern.<\/p>\n\n\n\n<p>Schnelles Lesen, ohne den Lernstoff zu vergessen, gilt in vielen Gesch\u00e4ftsbereichen als Vorteil. Au\u00dferdem verzeichnen die Kursteilnehmenden h\u00e4ufig einen IQ-Zuwachs von 10 bis 30 % sowie einen sp\u00fcrbare Reduzierung des mentalen Stresses.<\/p>\n\n\n\n<div class=\"wp-block-uagb-advanced-heading uagb-block-f84d29f2\"><h2 class=\"uagb-heading-text\">Meditation<\/h2><\/div>\n\n\n\n<p>Ein bemerkenswertes Ger\u00e4t, dieses Brainwave I. Die Mischung macht&#8217;s: Zuerst werden die Gehirnwellen mithilfe eines Elektroenzephalographen gemessen, dann erfolgt die Gehirnstimulation durch das Brainwave I. Diese Herangehensweise ist pr\u00e4ziser, als es mit den derzeit erh\u00e4ltlichen, konventionellen Gehirnmaschinen m\u00f6glich ist, die auf Standardprogramme setzen.<\/p>\n\n\n\n<p>Bereits durch den Einsatz von Gehirnmaschinen und\/oder Bio-Feedback wurden spektakul\u00e4re Ergebnisse erzielt (z. B. bei der Behandlung von Alkoholismus, der Verbesserung des Ged\u00e4chtnisses oder der Schmerzlinderung). Und genau durch die Kombination von Gehirnmaschine und Bio-Feedback scheint das Brainwave I den Prozess der Gehirnkontrolle und die Harmonisierung der beiden Gehirnh\u00e4lften zu beschleunigen.<\/p>\n\n\n\n<p>Im Kern vieler Methoden zur Selbstverbesserung, Meditation und kontrollierten Entspannung steht der Alpha-Zustand. Nutzerinnen und Nutzer von Hirntechnologien sind mit diesem Begriff vertraut \u2013 er beschreibt den mentalen Zustand, in dem der K\u00f6rper entspannt ist, w\u00e4hrend der Geist weiterhin wach bleibt. Werden die Gehirnwellen einer Person in diesem meditativen, aber dennoch fokussierten Zustand gemessen, zeigt der Monitor die relativ langsam schwingenden Alpha-Gehirnwellen.<\/p>\n\n\n\n<div class=\"wp-block-uagb-advanced-heading uagb-block-c4f69fe1\"><h2 class=\"uagb-heading-text\">Alpha<\/h2><\/div>\n\n\n\n<p>Mit dem Alpha-Zustand werden bereits seit geraumer Zeit eine verbesserte Konzentrationsf\u00e4higkeit, gesteigerte Lernfertigkeiten und eine h\u00f6here Stressresistenz in Verbindung gebracht. In den Sechziger- und Siebzigerjahren \u2013 der goldenen \u00c4ra der Gehirnwellenforschung \u2013 entdeckte man die Vorteile, regelm\u00e4\u00dfig Alpha-Wellen zu erzeugen. Schlechte Gewohnheiten loszulassen und neue anzunehmen f\u00e4llt im Alpha-Zustand leichter als unter normalen Bedingungen.<\/p>\n\n\n\n<p>Dar\u00fcber hinaus erholt sich das Gehirn schneller von Erm\u00fcdung und Sch\u00e4den, die durch mentalen Stress oder den Konsum von Alkohol oder Drogen verursacht werden. Der Alpha-Zustand tr\u00e4gt zudem zu einer erh\u00f6hten Widerstandsf\u00e4higkeit und einem gr\u00f6\u00dferen Einfallsreichtum bei. Menschen, die regelm\u00e4\u00dfig meditieren, k\u00f6nnen diese Alpha-Wellen recht m\u00fchelos selbst erzeugen. Dies f\u00fchrte zu der Erkenntnis, dass die Vorteile der Meditation eng mit dem Alpha-Zustand verkn\u00fcpft sind.<\/p>\n\n\n\n<div class=\"wp-block-uagb-advanced-heading uagb-block-626ef020\"><h2 class=\"uagb-heading-text\">Synchronit\u00e4t<\/h2><\/div>\n\n\n\n<p>Abgesehen vom Alpha-Zustand spielt auch die Synchronisierung des Gehirns eine Schl\u00fcsselrolle. Die Aktivit\u00e4ten in der linken und rechten Gehirnh\u00e4lfte sind selten identisch. Dies deutet meist darauf hin, dass die beiden Hauptbereiche des Gehirns \u2013 einer f\u00fcr Sprache und Logik, der andere f\u00fcr Intuition und Emotionen \u2013 nicht richtig miteinander verbunden sind. Werden jedoch die beiden Gehirnh\u00e4lften durch die richtige Art von Stimulation harmonisiert, f\u00fchrt dies zu einer verbesserten Synchronit\u00e4t, sodass sich die Gehirnwellen in beiden H\u00e4lften entsprechen. Das Gehirn funktioniert dann als eine Einheit, statt als zwei separate Teile. Dies ist eine ideale Voraussetzung f\u00fcr Spitzenleistungen, selbst im Sport.<\/p>\n\n\n\n<p>Neben der Unterscheidung in linke und rechte Abschnitte kann man das Gehirn auch in vordere und hintere Bereiche unterteilen. Der hintere Bereich ist f\u00fcr die visuelle Wahrnehmung (Erkennen von Formen, Dimensionen und Bewegungen) zust\u00e4ndig, w\u00e4hrend der vordere Bereich die anderen Sinne (Geh\u00f6rsinn, Geschmack usw.) verarbeitet. Auch diese beiden Bereiche k\u00f6nnen \u201eaus dem Takt\u201c geraten, was in diesem Fall zu einem gest\u00f6rten Gleichgewichtssinn und einer eingeschr\u00e4nkten k\u00f6rperlichen Koordination f\u00fchrt \u2013 ein Zustand, der nur durch die richtige Form optisch-akustischer elektronischer Stimulation behoben werden kann.<\/p>\n\n\n\n<div class=\"wp-block-uagb-advanced-heading uagb-block-10bb9224\"><h2 class=\"uagb-heading-text\">Wunderheilung<\/h2><\/div>\n\n\n\n<p>Neben dem \u201ementalen Bodybuilding\u201c f\u00fcr Manager wird das Brainwave-System zunehmend in Krankenh\u00e4usern zur Behandlung von Hirnsch\u00e4den eingesetzt. Bis zu einem gewissen Grad leidet praktisch jeder an Hirnsch\u00e4den, die etwa durch Sauerstoffmangel oder einen Schlag auf den Kopf verursacht werden k\u00f6nnen. Besonders in jungen Jahren kann dies gravierende Folgen f\u00fcr das Lernen, Lesen oder die Aufrechterhaltung des Gleichgewichts haben. Mit der richtigen Stimulation \u2013 die erst nach einer sorgf\u00e4ltigen Analyse der individuellen Gehirn-Bildgebung m\u00f6glich ist \u2013 k\u00f6nnen diese Beeintr\u00e4chtigungen behoben werden, manchmal sogar schon nach einer einzigen Sitzung.<\/p>\n\n\n\n<p>Die Geschichten der Teilnehmenden dieser Trainings k\u00f6nnten leicht mit Berichten \u00fcber Wunderheilungen, wie man sie von Jomanda kennt, verwechselt werden.<\/p>\n\n\n\n<p>Allerdings gibt es hier einen entscheidenden Unterschied: Die Methode von Alphalearning hat nichts mit Wundern zu tun, sondern basiert auf soliden wissenschaftlichen Erkenntnissen.<\/p>\n\n\n\n<p>Das Alphalearning-Institut bezeichnet dieses Verfahren als eine neue Form der Gehirnchirurgie. In F\u00e4llen, in denen Medikamente oder operative Eingriffe die einzigen L\u00f6sungen waren, kann nun Brainwave I eingesetzt werden \u2013 eine sauberere und vermutlich auch ges\u00fcndere Alternative.<\/p>\n\n\n\n<p>Die Zukunft in diesem Bereich sieht \u00e4u\u00dferst vielversprechend aus. \u00dcber den Einsatz einer Kombination aus Bio-Feedback und Gehirnmaschinen wird schon lange nachgedacht, doch erst durch die Aktivit\u00e4ten des Alphalearning-Instituts wurde dieser Ansatz nun best\u00e4tigt.<\/p>\n\n\n\n<p>Es ist erfreulich zu sehen, dass nicht allein das elektronische Ger\u00e4t den Unterschied macht, sondern dessen sorgf\u00e4ltige Anwendung durch gut geschultes Personal. Denn die von der Gehirnmaschine erzeugte Stimulation wird genau an die jeweilige Gehirnaktivit\u00e4t angepasst. Die Gehirnmaschine ist dabei lediglich das \u201eWerkzeug\u201c, das von den Anwenderinnen und Anwendern bedient wird.<\/p>\n<\/div><\/div>\n","protected":false},"excerpt":{"rendered":"<p>Alphalearning in EGO 2000 EGO 2000 (Die f\u00fchrende neurowissenschaftliche Zeitschrift der Niederlande) Spitzenleistungen durch Alpha-Gehirnwellen Verbesserte Konzentration und Ged\u00e4chtnisleistung durch [&hellip;]<\/p>\n","protected":false},"author":2,"featured_media":0,"parent":12856,"menu_order":115,"comment_status":"closed","ping_status":"closed","template":"","meta":{"_uag_custom_page_level_css":"","site-sidebar-layout":"default","site-content-layout":"","ast-site-content-layout":"default","site-content-style":"default","site-sidebar-style":"default","ast-global-header-display":"","ast-banner-title-visibility":"","ast-main-header-display":"","ast-hfb-above-header-display":"","ast-hfb-below-header-display":"","ast-hfb-mobile-header-display":"","site-post-title":"disabled","ast-breadcrumbs-content":"","ast-featured-img":"","footer-sml-layout":"","ast-disable-related-posts":"","theme-transparent-header-meta":"","adv-header-id-meta":"","stick-header-meta":"","header-above-stick-meta":"","header-main-stick-meta":"","header-below-stick-meta":"","astra-migrate-meta-layouts":"default","ast-page-background-enabled":"default","ast-page-background-meta":{"desktop":{"background-color":"var(--ast-global-color-4)","background-image":"","background-repeat":"repeat","background-position":"center center","background-size":"auto","background-attachment":"scroll","background-type":"","background-media":"","overlay-type":"","overlay-color":"","overlay-opacity":"","overlay-gradient":""},"tablet":{"background-color":"","background-image":"","background-repeat":"repeat","background-position":"center center","background-size":"auto","background-attachment":"scroll","background-type":"","background-media":"","overlay-type":"","overlay-color":"","overlay-opacity":"","overlay-gradient":""},"mobile":{"background-color":"","background-image":"","background-repeat":"repeat","background-position":"center center","background-size":"auto","background-attachment":"scroll","background-type":"","background-media":"","overlay-type":"","overlay-color":"","overlay-opacity":"","overlay-gradient":""}},"ast-content-background-meta":{"desktop":{"background-color":"var(--ast-global-color-5)","background-image":"","background-repeat":"repeat","background-position":"center center","background-size":"auto","background-attachment":"scroll","background-type":"","background-media":"","overlay-type":"","overlay-color":"","overlay-opacity":"","overlay-gradient":""},"tablet":{"background-color":"var(--ast-global-color-5)","background-image":"","background-repeat":"repeat","background-position":"center center","background-size":"auto","background-attachment":"scroll","background-type":"","background-media":"","overlay-type":"","overlay-color":"","overlay-opacity":"","overlay-gradient":""},"mobile":{"background-color":"var(--ast-global-color-5)","background-image":"","background-repeat":"repeat","background-position":"center center","background-size":"auto","background-attachment":"scroll","background-type":"","background-media":"","overlay-type":"","overlay-color":"","overlay-opacity":"","overlay-gradient":""}},"footnotes":""},"class_list":["post-12919","page","type-page","status-publish","hentry"],"yoast_head":"<!-- This site is optimized with the Yoast SEO plugin v27.1.1 - https:\/\/yoast.com\/product\/yoast-seo-wordpress\/ -->\n<title>Alphalearning in EGO 2000 \u2013 f\u00fchrendes Gehirnjournal der Niederlande<\/title>\n<meta name=\"description\" content=\"Spitzenleistungen durch Alpha-Gehirnwellen. Verbesserte Konzentration und Ged\u00e4chtnis dank der Anwendung einer Gehirnmaschine namens Brainwave System.\" \/>\n<meta name=\"robots\" content=\"index, follow, max-snippet:-1, max-image-preview:large, max-video-preview:-1\" \/>\n<link rel=\"canonical\" href=\"https:\/\/alphalearning.com\/de\/weltpresse\/ego-2000\/\" \/>\n<meta property=\"og:locale\" content=\"de_DE\" \/>\n<meta property=\"og:type\" content=\"article\" \/>\n<meta property=\"og:title\" content=\"Alphalearning in EGO 2000 \u2013 f\u00fchrendes Gehirnjournal der Niederlande\" \/>\n<meta property=\"og:description\" content=\"Spitzenleistungen durch Alpha-Gehirnwellen. Verbesserte Konzentration und Ged\u00e4chtnis dank der Anwendung einer Gehirnmaschine namens Brainwave System.\" \/>\n<meta property=\"og:url\" content=\"https:\/\/alphalearning.com\/de\/weltpresse\/ego-2000\/\" \/>\n<meta property=\"og:site_name\" content=\"Alphalearning International\" \/>\n<meta property=\"article:modified_time\" content=\"2025-12-03T13:00:53+00:00\" \/>\n<meta property=\"og:image\" content=\"https:\/\/alphalearning.com\/wp-content\/uploads\/2024\/04\/alphalearning-logo_red_1200x675px.png\" \/>\n\t<meta property=\"og:image:width\" content=\"1200\" \/>\n\t<meta property=\"og:image:height\" content=\"675\" \/>\n\t<meta property=\"og:image:type\" content=\"image\/png\" \/>\n<meta name=\"twitter:card\" content=\"summary_large_image\" \/>\n<meta name=\"twitter:label1\" content=\"Est. reading time\" \/>\n\t<meta name=\"twitter:data1\" content=\"5 minutes\" \/>\n<!-- \/ Yoast SEO plugin. -->","yoast_head_json":{"title":"Alphalearning in EGO 2000 \u2013 f\u00fchrendes Gehirnjournal der Niederlande","description":"Spitzenleistungen durch Alpha-Gehirnwellen. Verbesserte Konzentration und Ged\u00e4chtnis dank der Anwendung einer Gehirnmaschine namens Brainwave System.","robots":{"index":"index","follow":"follow","max-snippet":"max-snippet:-1","max-image-preview":"max-image-preview:large","max-video-preview":"max-video-preview:-1"},"canonical":"https:\/\/alphalearning.com\/de\/weltpresse\/ego-2000\/","og_locale":"de_DE","og_type":"article","og_title":"Alphalearning in EGO 2000 \u2013 f\u00fchrendes Gehirnjournal der Niederlande","og_description":"Spitzenleistungen durch Alpha-Gehirnwellen. Verbesserte Konzentration und Ged\u00e4chtnis dank der Anwendung einer Gehirnmaschine namens Brainwave System.","og_url":"https:\/\/alphalearning.com\/de\/weltpresse\/ego-2000\/","og_site_name":"Alphalearning International","article_modified_time":"2025-12-03T13:00:53+00:00","og_image":[{"width":1200,"height":675,"url":"https:\/\/alphalearning.com\/wp-content\/uploads\/2024\/04\/alphalearning-logo_red_1200x675px.png","type":"image\/png"}],"twitter_card":"summary_large_image","twitter_misc":{"Est. reading time":"5 minutes"},"schema":{"@context":"https:\/\/schema.org","@graph":[{"@type":"WebPage","@id":"https:\/\/alphalearning.com\/de\/weltpresse\/ego-2000\/","url":"https:\/\/alphalearning.com\/de\/weltpresse\/ego-2000\/","name":"Alphalearning in EGO 2000 \u2013 f\u00fchrendes Gehirnjournal der Niederlande","isPartOf":{"@id":"https:\/\/alphalearning.com\/de\/#website"},"datePublished":"2024-03-27T16:48:58+00:00","dateModified":"2025-12-03T13:00:53+00:00","description":"Spitzenleistungen durch Alpha-Gehirnwellen. Verbesserte Konzentration und Ged\u00e4chtnis dank der Anwendung einer Gehirnmaschine namens Brainwave System.","breadcrumb":{"@id":"https:\/\/alphalearning.com\/de\/weltpresse\/ego-2000\/#breadcrumb"},"inLanguage":"de","potentialAction":[{"@type":"ReadAction","target":["https:\/\/alphalearning.com\/de\/weltpresse\/ego-2000\/"]}]},{"@type":"BreadcrumbList","@id":"https:\/\/alphalearning.com\/de\/weltpresse\/ego-2000\/#breadcrumb","itemListElement":[{"@type":"ListItem","position":1,"name":"Home","item":"https:\/\/alphalearning.com\/de\/"},{"@type":"ListItem","position":2,"name":"Weltpresse","item":"https:\/\/alphalearning.com\/de\/weltpresse\/"},{"@type":"ListItem","position":3,"name":"EGO 2000"}]},{"@type":"WebSite","@id":"https:\/\/alphalearning.com\/de\/#website","url":"https:\/\/alphalearning.com\/de\/","name":"Alphalearning International","description":"the brain training institute","publisher":{"@id":"https:\/\/alphalearning.com\/de\/#organization"},"potentialAction":[{"@type":"SearchAction","target":{"@type":"EntryPoint","urlTemplate":"https:\/\/alphalearning.com\/de\/?s={search_term_string}"},"query-input":{"@type":"PropertyValueSpecification","valueRequired":true,"valueName":"search_term_string"}}],"inLanguage":"de"},{"@type":"Organization","@id":"https:\/\/alphalearning.com\/de\/#organization","name":"Alphalearning International","url":"https:\/\/alphalearning.com\/de\/","logo":{"@type":"ImageObject","inLanguage":"de","@id":"https:\/\/alphalearning.com\/de\/#\/schema\/logo\/image\/","url":"https:\/\/alphalearning.com\/wp-content\/uploads\/2024\/03\/alphalearning_ico2_512px.png","contentUrl":"https:\/\/alphalearning.com\/wp-content\/uploads\/2024\/03\/alphalearning_ico2_512px.png","width":512,"height":512,"caption":"Alphalearning International"},"image":{"@id":"https:\/\/alphalearning.com\/de\/#\/schema\/logo\/image\/"}}]}},"uagb_featured_image_src":{"full":false,"thumbnail":false,"medium":false,"medium_large":false,"large":false,"1536x1536":false,"2048x2048":false,"gform-image-choice-sm":false,"gform-image-choice-md":false,"gform-image-choice-lg":false},"uagb_author_info":{"display_name":"Julio Machado","author_link":"https:\/\/alphalearning.com\/de\/author\/julio-machado\/"},"uagb_comment_info":0,"uagb_excerpt":"Alphalearning in EGO 2000 EGO 2000 (Die f\u00fchrende neurowissenschaftliche Zeitschrift der Niederlande) Spitzenleistungen durch Alpha-Gehirnwellen Verbesserte Konzentration und Ged\u00e4chtnisleistung durch [&hellip;]","_links":{"self":[{"href":"https:\/\/alphalearning.com\/de\/wp-json\/wp\/v2\/pages\/12919","targetHints":{"allow":["GET"]}}],"collection":[{"href":"https:\/\/alphalearning.com\/de\/wp-json\/wp\/v2\/pages"}],"about":[{"href":"https:\/\/alphalearning.com\/de\/wp-json\/wp\/v2\/types\/page"}],"author":[{"embeddable":true,"href":"https:\/\/alphalearning.com\/de\/wp-json\/wp\/v2\/users\/2"}],"replies":[{"embeddable":true,"href":"https:\/\/alphalearning.com\/de\/wp-json\/wp\/v2\/comments?post=12919"}],"version-history":[{"count":11,"href":"https:\/\/alphalearning.com\/de\/wp-json\/wp\/v2\/pages\/12919\/revisions"}],"predecessor-version":[{"id":17277,"href":"https:\/\/alphalearning.com\/de\/wp-json\/wp\/v2\/pages\/12919\/revisions\/17277"}],"up":[{"embeddable":true,"href":"https:\/\/alphalearning.com\/de\/wp-json\/wp\/v2\/pages\/12856"}],"wp:attachment":[{"href":"https:\/\/alphalearning.com\/de\/wp-json\/wp\/v2\/media?parent=12919"}],"curies":[{"name":"wp","href":"https:\/\/api.w.org\/{rel}","templated":true}]}}