{"id":12838,"date":"2024-03-27T16:20:48","date_gmt":"2024-03-27T16:20:48","guid":{"rendered":"https:\/\/alphalearning.com\/autismus-spektrum-stoerung\/long-term-effects-of-neurofeedback-treatment-in-autism\/"},"modified":"2025-08-04T14:57:59","modified_gmt":"2025-08-04T13:57:59","slug":"langzeitwirkungen-der-neurofeedback-behandlung-bei-autismus","status":"publish","type":"page","link":"https:\/\/alphalearning.com\/de\/autismus-spektrum-stoerung\/langzeitwirkungen-der-neurofeedback-behandlung-bei-autismus\/","title":{"rendered":"Langzeitwirkungen der Neurofeedback Behandlung bei Autismus"},"content":{"rendered":"\n<div class=\"wp-block-uagb-advanced-heading uagb-block-27def308\"><h1 class=\"uagb-heading-text\">Langzeitwirkungen der Neurofeedback Behandlung bei Autismus<\/h1><\/div>\n\n\n\n<p>Zusammenfassung.<\/p>\n\n\n\n<p>Zuvor konnten wir in einer nicht-randomisierten Wartelisten-Kontrollgruppendesign-Studie signifikante Verbesserungen der exekutiven Funktionen und des sozialen Verhaltens bei Kindern mit Autismus-Spektrum-St\u00f6rungen (ASS) feststellen, die mit 40 Sitzungen EEG-Neurofeedback behandelt wurden. In dieser Ver\u00f6ffentlichung erweitern wir diese Erkenntnisse, indem wir \u00fcber die Langzeitergebnisse der Neurofeedback-Behandlung bei derselben Gruppe von Kindern mit ASS nach zw\u00f6lf Monaten berichten. Die vorliegende Studie zeigt, dass die Verbesserungen der exekutiven Funktionen und des sozialen Verhaltens nach zw\u00f6lf Monaten im Vergleich zu den unmittelbaren Ergebnissen erhalten bleiben. Die durch Neurofeedback vermittelte Suppression der Theta-Aktivit\u00e4t soll eine flexiblere Funktionsweise des Gehirns f\u00f6rdern, indem sie die Aktivierung im medialen pr\u00e4frontalen Kortex steigert und die Flexibilit\u00e4t der Aktivierung im Default-Mode-Netzwerk verbessert. Dies unterst\u00fctzt wiederum die Verbesserung der exekutiven Funktionen und der Theory of Mind bei ASS.<\/p>\n\n\n\n<p><a href=\"https:\/\/alphalearning.com\/de\/autismus-spektrum-stoerung\/#NeurofeedbackTraining\">Erfahren Sie, wie Sie diese Ergebnisse durch den Kurs von Alphalearning International erzielen k\u00f6nnen<\/a>.<\/p>\n\n\n\n<p class=\"has-text-align-right\"><a href=\"https:\/\/alphalearning.com\/servepdf.php?year=2024&amp;month=03&amp;file=alphalearning-long-term-effects-of-neurofeedback-treatment-in-autism.pdf\" target=\"_blank\" rel=\"noreferrer noopener nofollow\">Laden Sie den vollst\u00e4ndigen Artikel im PDF-Format herunter.<\/a><\/p>\n","protected":false},"excerpt":{"rendered":"<p>Langzeitwirkungen der Neurofeedback Behandlung bei Autismus Zusammenfassung. Zuvor konnten wir in einer nicht-randomisierten Wartelisten-Kontrollgruppendesign-Studie signifikante Verbesserungen der exekutiven Funktionen und [&hellip;]<\/p>\n","protected":false},"author":2,"featured_media":0,"parent":12774,"menu_order":314,"comment_status":"closed","ping_status":"closed","template":"","meta":{"_uag_custom_page_level_css":"","site-sidebar-layout":"default","site-content-layout":"","ast-site-content-layout":"default","site-content-style":"default","site-sidebar-style":"default","ast-global-header-display":"","ast-banner-title-visibility":"","ast-main-header-display":"","ast-hfb-above-header-display":"","ast-hfb-below-header-display":"","ast-hfb-mobile-header-display":"","site-post-title":"disabled","ast-breadcrumbs-content":"","ast-featured-img":"","footer-sml-layout":"","ast-disable-related-posts":"","theme-transparent-header-meta":"","adv-header-id-meta":"","stick-header-meta":"","header-above-stick-meta":"","header-main-stick-meta":"","header-below-stick-meta":"","astra-migrate-meta-layouts":"default","ast-page-background-enabled":"default","ast-page-background-meta":{"desktop":{"background-color":"var(--ast-global-color-4)","background-image":"","background-repeat":"repeat","background-position":"center center","background-size":"auto","background-attachment":"scroll","background-type":"","background-media":"","overlay-type":"","overlay-color":"","overlay-opacity":"","overlay-gradient":""},"tablet":{"background-color":"","background-image":"","background-repeat":"repeat","background-position":"center center","background-size":"auto","background-attachment":"scroll","background-type":"","background-media":"","overlay-type":"","overlay-color":"","overlay-opacity":"","overlay-gradient":""},"mobile":{"background-color":"","background-image":"","background-repeat":"repeat","background-position":"center center","background-size":"auto","background-attachment":"scroll","background-type":"","background-media":"","overlay-type":"","overlay-color":"","overlay-opacity":"","overlay-gradient":""}},"ast-content-background-meta":{"desktop":{"background-color":"var(--ast-global-color-5)","background-image":"","background-repeat":"repeat","background-position":"center center","background-size":"auto","background-attachment":"scroll","background-type":"","background-media":"","overlay-type":"","overlay-color":"","overlay-opacity":"","overlay-gradient":""},"tablet":{"background-color":"var(--ast-global-color-5)","background-image":"","background-repeat":"repeat","background-position":"center center","background-size":"auto","background-attachment":"scroll","background-type":"","background-media":"","overlay-type":"","overlay-color":"","overlay-opacity":"","overlay-gradient":""},"mobile":{"background-color":"var(--ast-global-color-5)","background-image":"","background-repeat":"repeat","background-position":"center center","background-size":"auto","background-attachment":"scroll","background-type":"","background-media":"","overlay-type":"","overlay-color":"","overlay-opacity":"","overlay-gradient":""}},"footnotes":""},"class_list":["post-12838","page","type-page","status-publish","hentry"],"yoast_head":"<!-- This site is optimized with the Yoast SEO plugin v27.1.1 - https:\/\/yoast.com\/product\/yoast-seo-wordpress\/ -->\n<title>Neurofeedback bei Autismus: Langzeiterfolge | Alphalearning<\/title>\n<meta name=\"description\" content=\"Entdecken Sie, wie Neurofeedback-Therapie exekutive Funktionen und soziales Verhalten bei Autismus verbessert \u2013 mit Ergebnissen, die 12 Monate bestehen.\" \/>\n<meta name=\"robots\" content=\"index, follow, max-snippet:-1, max-image-preview:large, max-video-preview:-1\" \/>\n<link rel=\"canonical\" href=\"https:\/\/alphalearning.com\/de\/autismus-spektrum-stoerung\/langzeitwirkungen-der-neurofeedback-behandlung-bei-autismus\/\" \/>\n<meta property=\"og:locale\" content=\"de_DE\" \/>\n<meta property=\"og:type\" content=\"article\" \/>\n<meta property=\"og:title\" content=\"Neurofeedback bei Autismus: Langzeiterfolge | Alphalearning\" \/>\n<meta property=\"og:description\" content=\"Entdecken Sie, wie Neurofeedback-Therapie exekutive Funktionen und soziales Verhalten bei Autismus verbessert \u2013 mit Ergebnissen, die 12 Monate bestehen.\" \/>\n<meta property=\"og:url\" content=\"https:\/\/alphalearning.com\/de\/autismus-spektrum-stoerung\/langzeitwirkungen-der-neurofeedback-behandlung-bei-autismus\/\" \/>\n<meta property=\"og:site_name\" content=\"Alphalearning International\" \/>\n<meta property=\"article:modified_time\" content=\"2025-08-04T13:57:59+00:00\" \/>\n<meta property=\"og:image\" content=\"https:\/\/alphalearning.com\/wp-content\/uploads\/2024\/04\/alphalearning-logo_red_1200x675px.png\" \/>\n\t<meta property=\"og:image:width\" content=\"1200\" \/>\n\t<meta property=\"og:image:height\" content=\"675\" \/>\n\t<meta property=\"og:image:type\" content=\"image\/png\" \/>\n<meta name=\"twitter:card\" content=\"summary_large_image\" \/>\n<meta name=\"twitter:label1\" content=\"Est. reading time\" \/>\n\t<meta name=\"twitter:data1\" content=\"1 minute\" \/>\n<!-- \/ Yoast SEO plugin. -->","yoast_head_json":{"title":"Neurofeedback bei Autismus: Langzeiterfolge | Alphalearning","description":"Entdecken Sie, wie Neurofeedback-Therapie exekutive Funktionen und soziales Verhalten bei Autismus verbessert \u2013 mit Ergebnissen, die 12 Monate bestehen.","robots":{"index":"index","follow":"follow","max-snippet":"max-snippet:-1","max-image-preview":"max-image-preview:large","max-video-preview":"max-video-preview:-1"},"canonical":"https:\/\/alphalearning.com\/de\/autismus-spektrum-stoerung\/langzeitwirkungen-der-neurofeedback-behandlung-bei-autismus\/","og_locale":"de_DE","og_type":"article","og_title":"Neurofeedback bei Autismus: Langzeiterfolge | Alphalearning","og_description":"Entdecken Sie, wie Neurofeedback-Therapie exekutive Funktionen und soziales Verhalten bei Autismus verbessert \u2013 mit Ergebnissen, die 12 Monate bestehen.","og_url":"https:\/\/alphalearning.com\/de\/autismus-spektrum-stoerung\/langzeitwirkungen-der-neurofeedback-behandlung-bei-autismus\/","og_site_name":"Alphalearning International","article_modified_time":"2025-08-04T13:57:59+00:00","og_image":[{"width":1200,"height":675,"url":"https:\/\/alphalearning.com\/wp-content\/uploads\/2024\/04\/alphalearning-logo_red_1200x675px.png","type":"image\/png"}],"twitter_card":"summary_large_image","twitter_misc":{"Est. reading time":"1 minute"},"schema":{"@context":"https:\/\/schema.org","@graph":[{"@type":"WebPage","@id":"https:\/\/alphalearning.com\/de\/autismus-spektrum-stoerung\/langzeitwirkungen-der-neurofeedback-behandlung-bei-autismus\/","url":"https:\/\/alphalearning.com\/de\/autismus-spektrum-stoerung\/langzeitwirkungen-der-neurofeedback-behandlung-bei-autismus\/","name":"Neurofeedback bei Autismus: Langzeiterfolge | Alphalearning","isPartOf":{"@id":"https:\/\/alphalearning.com\/de\/#website"},"datePublished":"2024-03-27T16:20:48+00:00","dateModified":"2025-08-04T13:57:59+00:00","description":"Entdecken Sie, wie Neurofeedback-Therapie exekutive Funktionen und soziales Verhalten bei Autismus verbessert \u2013 mit Ergebnissen, die 12 Monate bestehen.","breadcrumb":{"@id":"https:\/\/alphalearning.com\/de\/autismus-spektrum-stoerung\/langzeitwirkungen-der-neurofeedback-behandlung-bei-autismus\/#breadcrumb"},"inLanguage":"de","potentialAction":[{"@type":"ReadAction","target":["https:\/\/alphalearning.com\/de\/autismus-spektrum-stoerung\/langzeitwirkungen-der-neurofeedback-behandlung-bei-autismus\/"]}]},{"@type":"BreadcrumbList","@id":"https:\/\/alphalearning.com\/de\/autismus-spektrum-stoerung\/langzeitwirkungen-der-neurofeedback-behandlung-bei-autismus\/#breadcrumb","itemListElement":[{"@type":"ListItem","position":1,"name":"Home","item":"https:\/\/alphalearning.com\/de\/"},{"@type":"ListItem","position":2,"name":"Autismus-Spektrum-St\u00f6rung","item":"https:\/\/alphalearning.com\/de\/autismus-spektrum-stoerung\/"},{"@type":"ListItem","position":3,"name":"Langzeitwirkungen der Neurofeedback Behandlung bei Autismus"}]},{"@type":"WebSite","@id":"https:\/\/alphalearning.com\/de\/#website","url":"https:\/\/alphalearning.com\/de\/","name":"Alphalearning International","description":"the brain training institute","publisher":{"@id":"https:\/\/alphalearning.com\/de\/#organization"},"potentialAction":[{"@type":"SearchAction","target":{"@type":"EntryPoint","urlTemplate":"https:\/\/alphalearning.com\/de\/?s={search_term_string}"},"query-input":{"@type":"PropertyValueSpecification","valueRequired":true,"valueName":"search_term_string"}}],"inLanguage":"de"},{"@type":"Organization","@id":"https:\/\/alphalearning.com\/de\/#organization","name":"Alphalearning International","url":"https:\/\/alphalearning.com\/de\/","logo":{"@type":"ImageObject","inLanguage":"de","@id":"https:\/\/alphalearning.com\/de\/#\/schema\/logo\/image\/","url":"https:\/\/alphalearning.com\/wp-content\/uploads\/2024\/03\/alphalearning_ico2_512px.png","contentUrl":"https:\/\/alphalearning.com\/wp-content\/uploads\/2024\/03\/alphalearning_ico2_512px.png","width":512,"height":512,"caption":"Alphalearning International"},"image":{"@id":"https:\/\/alphalearning.com\/de\/#\/schema\/logo\/image\/"}}]}},"uagb_featured_image_src":{"full":false,"thumbnail":false,"medium":false,"medium_large":false,"large":false,"1536x1536":false,"2048x2048":false,"gform-image-choice-sm":false,"gform-image-choice-md":false,"gform-image-choice-lg":false},"uagb_author_info":{"display_name":"Julio Machado","author_link":"https:\/\/alphalearning.com\/de\/author\/julio-machado\/"},"uagb_comment_info":0,"uagb_excerpt":"Langzeitwirkungen der Neurofeedback Behandlung bei Autismus Zusammenfassung. Zuvor konnten wir in einer nicht-randomisierten Wartelisten-Kontrollgruppendesign-Studie signifikante Verbesserungen der exekutiven Funktionen und [&hellip;]","_links":{"self":[{"href":"https:\/\/alphalearning.com\/de\/wp-json\/wp\/v2\/pages\/12838","targetHints":{"allow":["GET"]}}],"collection":[{"href":"https:\/\/alphalearning.com\/de\/wp-json\/wp\/v2\/pages"}],"about":[{"href":"https:\/\/alphalearning.com\/de\/wp-json\/wp\/v2\/types\/page"}],"author":[{"embeddable":true,"href":"https:\/\/alphalearning.com\/de\/wp-json\/wp\/v2\/users\/2"}],"replies":[{"embeddable":true,"href":"https:\/\/alphalearning.com\/de\/wp-json\/wp\/v2\/comments?post=12838"}],"version-history":[{"count":3,"href":"https:\/\/alphalearning.com\/de\/wp-json\/wp\/v2\/pages\/12838\/revisions"}],"predecessor-version":[{"id":16808,"href":"https:\/\/alphalearning.com\/de\/wp-json\/wp\/v2\/pages\/12838\/revisions\/16808"}],"up":[{"embeddable":true,"href":"https:\/\/alphalearning.com\/de\/wp-json\/wp\/v2\/pages\/12774"}],"wp:attachment":[{"href":"https:\/\/alphalearning.com\/de\/wp-json\/wp\/v2\/media?parent=12838"}],"curies":[{"name":"wp","href":"https:\/\/api.w.org\/{rel}","templated":true}]}}