{"id":12829,"date":"2024-03-27T16:20:25","date_gmt":"2024-03-27T16:20:25","guid":{"rendered":"https:\/\/alphalearning.com\/autismus-spektrum-stoerung\/application-of-neurofeedback-for-autism-spectrum\/"},"modified":"2025-08-04T14:49:22","modified_gmt":"2025-08-04T13:49:22","slug":"anwendung-von-neurofeedback-bei-autismus-spektrum-stoerungen","status":"publish","type":"page","link":"https:\/\/alphalearning.com\/de\/autismus-spektrum-stoerung\/anwendung-von-neurofeedback-bei-autismus-spektrum-stoerungen\/","title":{"rendered":"Anwendung von Neurofeedback bei Autismus-Spektrum-St\u00f6rungen"},"content":{"rendered":"\n<div class=\"wp-block-uagb-advanced-heading uagb-block-5d5307e5\"><h1 class=\"uagb-heading-text\">Anwendung von Neurofeedback f\u00fcr das Autismus-Spektrum<\/h1><\/div>\n\n\n\n<div class=\"wp-block-uagb-advanced-heading uagb-block-8de368b3\"><h3 class=\"uagb-heading-text\">Assessment-gest\u00fctztes Neurofeedback bei Autismus-Spektrum-St\u00f6rungen (ASS)<\/h3><\/div>\n\n\n\n<p>Eine Forschungsarbeit zur \u00dcberpr\u00fcfung der Epidemiologie von Autismus (Medical Research Council, 2001) ergab, dass bei etwa 60 von 10.000 Kindern (1\/166) eine Autismus-Spektrum-St\u00f6rung (ASS) diagnostiziert wird. Jarusiewicz (2002) ver\u00f6ffentlichte die einzige kontrollierte Studie, in der anhand eines Ergebnisparameters die Wirksamkeit von Neurofeedback bei Autismus nachgewiesen wurde. Die vorliegende Studie baute auf diesen Erkenntnissen auf und erweiterte sie durch eine gr\u00f6\u00dfere Stichprobengr\u00f6\u00dfe, ein breiteres Spektrum an Bewertungskriterien sowie physiologische Messungen der Gehirnaktivit\u00e4t.<\/p>\n\n\n\n<div class=\"wp-block-uagb-container uagb-block-669697d5 alignfull uagb-is-root-container\"><div class=\"uagb-container-inner-blocks-wrap\">\n<div class=\"wp-block-uagb-container uagb-block-2ed806c5\">\n<table id=\"tablepress-40\" class=\"tablepress tablepress-id-40\">\n<thead>\n<tr class=\"row-1\">\n\t<th class=\"column-1\">Behandlungen<\/th><th class=\"column-2\">Verh\u00e4ltnisse<\/th>\n<\/tr>\n<\/thead>\n<tbody class=\"row-striping row-hover\">\n<tr class=\"row-2\">\n\t<td class=\"column-1\">Neurofeedback<\/td><td class=\"column-2\">89:1<\/td>\n<\/tr>\n<tr class=\"row-3\">\n\t<td class=\"column-1\">Chelat-Therapie<\/td><td class=\"column-2\">35:1<\/td>\n<\/tr>\n<tr class=\"row-4\">\n\t<td class=\"column-1\">Gluten-\/Kasein-freie Di\u00e4t<\/td><td class=\"column-2\">20:1<\/td>\n<\/tr>\n<tr class=\"row-5\">\n\t<td class=\"column-1\">Verdauungsenzyme<\/td><td class=\"column-2\">20:1<\/td>\n<\/tr>\n<tr class=\"row-6\">\n\t<td class=\"column-1\">B6 mit Magnesium <\/td><td class=\"column-2\">10:1<\/td>\n<\/tr>\n<tr class=\"row-7\">\n\t<td class=\"column-1\">Intraven\u00f6ses Sekretin <\/td><td class=\"column-2\">6.7:1<\/td>\n<\/tr>\n<tr class=\"row-8\">\n\t<td class=\"column-1\">Risperidal<\/td><td class=\"column-2\">3.0:1<\/td>\n<\/tr>\n<tr class=\"row-9\">\n\t<td class=\"column-1\">Haldol<\/td><td class=\"column-2\">0.9:1<\/td>\n<\/tr>\n<tr class=\"row-10\">\n\t<td class=\"column-1\">Ritalin<\/td><td class=\"column-2\">0.7:1<\/td>\n<\/tr>\n<tr class=\"row-11\">\n\t<td class=\"column-1\">Thorazine<\/td><td class=\"column-2\">0.7:1<\/td>\n<\/tr>\n<\/tbody>\n<tfoot>\n<tr class=\"row-12\">\n\t<th colspan=\"2\" class=\"column-1\">Die Nutzen-Schaden-Verh\u00e4ltnisse stammen von Rimland (2005) und aus dieser Studie.<\/th>\n<\/tr>\n<\/tfoot>\n<\/table>\n<!-- #tablepress-40 from cache --><\/div>\n\n\n\n<div class=\"wp-block-uagb-container uagb-block-aa063186\">\n<p>Zu den wichtigsten Ergebnissen dieser Studie geh\u00f6rte eine Erfolgsquote von 89 % mit einer Verringerung der Kernsymptome von ASS um 40 % als Ergebnis von assessment-gest\u00fctztem Neurofeedback-Training \u00fcber 20 Sitzungen. Bei der experimentellen Gruppe wurden deutliche Verbesserungen in Bezug auf Aufmerksamkeit, exekutive Funktionen sowie visuell-perzeptive und sprachliche F\u00e4higkeiten festgestellt. Infrarotaufnahmen (IR) best\u00e4tigten bereits in der ersten Behandlungssitzung eine gesteigerte Stoffwechselaktivit\u00e4t. Eine nachhaltige Ver\u00e4nderung zeigte sich in einer erh\u00f6hten Stoffwechselaktivit\u00e4t, einer regulierten Aktivit\u00e4tsabgabe sowie in der Aufrechterhaltung der Ver\u00e4nderungen innerhalb der 20. Sitzung und dar\u00fcber hinaus. Das Nutzen-Schaden-Verh\u00e4ltnis von 89:1 \u00fcberstieg alle aktuellen Behandlungen f\u00fcr ASS, wie von Rimland (2005) dokumentiert. Bei 76 % der Teilnehmenden in der experimentellen Gruppe kam es zu einer Abnahme von Hyperkonnektivit\u00e4tsmustern. Sowohl die verringerte Hyperkonnektivit\u00e4t als auch die anhaltenden Ver\u00e4nderungen der Stoffwechselaktivit\u00e4t best\u00e4tigten neurophysiologische Ver\u00e4nderungen infolge des Neurofeedback-Trainings.<\/p>\n\n\n\n<p>Belege aus mehreren Messverfahren zeigen, dass Neurofeedback eine wirksame Behandlungsmethode bei ASS sein kann. Bei dieser Population k\u00f6nnte ein entscheidender Faktor f\u00fcr die verbesserten klinischen Ergebnisse in der Versuchsgruppe die Verwendung von assessment-gest\u00fctztem Neurofeedback zur Verringerung zerebraler Hyperkonnektivit\u00e4t sein. Die Auswirkungen dieser Ergebnisse werden er\u00f6rtert.<\/p>\n\n\n\n<p><a href=\"https:\/\/alphalearning.com\/de\/autismus-spektrum-stoerung\/#NeurofeedbackTraining\">Erfahren Sie, wie Sie diese Ergebnisse durch den Alphalearning International-Kurs erreichen k\u00f6nnen<\/a><\/p>\n\n\n\n<p class=\"has-text-align-right\"><a href=\"https:\/\/alphalearning.com\/servepdf.php?year=2024&amp;month=03&amp;file=alphalearning-assessment-guided_neurofeedback_autism_journal_neuropathy.pdf\" target=\"_blank\" rel=\"noreferrer noopener nofollow\">Laden Sie den vollst\u00e4ndigen Artikel als PDF herunter.<\/a><\/p>\n<\/div>\n<\/div><\/div>\n","protected":false},"excerpt":{"rendered":"<p>Anwendung von Neurofeedback f\u00fcr das Autismus-Spektrum Assessment-gest\u00fctztes Neurofeedback bei Autismus-Spektrum-St\u00f6rungen (ASS) Eine Forschungsarbeit zur \u00dcberpr\u00fcfung der Epidemiologie von Autismus (Medical [&hellip;]<\/p>\n","protected":false},"author":2,"featured_media":0,"parent":12774,"menu_order":312,"comment_status":"closed","ping_status":"closed","template":"","meta":{"_uag_custom_page_level_css":"","site-sidebar-layout":"default","site-content-layout":"","ast-site-content-layout":"default","site-content-style":"default","site-sidebar-style":"default","ast-global-header-display":"","ast-banner-title-visibility":"","ast-main-header-display":"","ast-hfb-above-header-display":"","ast-hfb-below-header-display":"","ast-hfb-mobile-header-display":"","site-post-title":"disabled","ast-breadcrumbs-content":"","ast-featured-img":"","footer-sml-layout":"","ast-disable-related-posts":"","theme-transparent-header-meta":"","adv-header-id-meta":"","stick-header-meta":"","header-above-stick-meta":"","header-main-stick-meta":"","header-below-stick-meta":"","astra-migrate-meta-layouts":"default","ast-page-background-enabled":"default","ast-page-background-meta":{"desktop":{"background-color":"var(--ast-global-color-4)","background-image":"","background-repeat":"repeat","background-position":"center center","background-size":"auto","background-attachment":"scroll","background-type":"","background-media":"","overlay-type":"","overlay-color":"","overlay-opacity":"","overlay-gradient":""},"tablet":{"background-color":"","background-image":"","background-repeat":"repeat","background-position":"center center","background-size":"auto","background-attachment":"scroll","background-type":"","background-media":"","overlay-type":"","overlay-color":"","overlay-opacity":"","overlay-gradient":""},"mobile":{"background-color":"","background-image":"","background-repeat":"repeat","background-position":"center center","background-size":"auto","background-attachment":"scroll","background-type":"","background-media":"","overlay-type":"","overlay-color":"","overlay-opacity":"","overlay-gradient":""}},"ast-content-background-meta":{"desktop":{"background-color":"var(--ast-global-color-5)","background-image":"","background-repeat":"repeat","background-position":"center center","background-size":"auto","background-attachment":"scroll","background-type":"","background-media":"","overlay-type":"","overlay-color":"","overlay-opacity":"","overlay-gradient":""},"tablet":{"background-color":"var(--ast-global-color-5)","background-image":"","background-repeat":"repeat","background-position":"center center","background-size":"auto","background-attachment":"scroll","background-type":"","background-media":"","overlay-type":"","overlay-color":"","overlay-opacity":"","overlay-gradient":""},"mobile":{"background-color":"var(--ast-global-color-5)","background-image":"","background-repeat":"repeat","background-position":"center center","background-size":"auto","background-attachment":"scroll","background-type":"","background-media":"","overlay-type":"","overlay-color":"","overlay-opacity":"","overlay-gradient":""}},"footnotes":""},"class_list":["post-12829","page","type-page","status-publish","hentry"],"yoast_head":"<!-- This site is optimized with the Yoast SEO plugin v27.1.1 - https:\/\/yoast.com\/product\/yoast-seo-wordpress\/ -->\n<title>Neurofeedback Autismus: 89:1 Nutzen\u2013Schaden | Alphalearning<\/title>\n<meta name=\"description\" content=\"Assessment-gest\u00fctztes Neurofeedback zeigt eine 40%ige Symptomreduktion und ein 89:1 Nutzen\u2013Schaden-Verh\u00e4ltnis, das alle Autismusbehandlungen \u00fcbertrifft.\" \/>\n<meta name=\"robots\" content=\"index, follow, max-snippet:-1, max-image-preview:large, max-video-preview:-1\" \/>\n<link rel=\"canonical\" href=\"https:\/\/alphalearning.com\/de\/autismus-spektrum-stoerung\/anwendung-von-neurofeedback-bei-autismus-spektrum-stoerungen\/\" \/>\n<meta property=\"og:locale\" content=\"de_DE\" \/>\n<meta property=\"og:type\" content=\"article\" \/>\n<meta property=\"og:title\" content=\"Neurofeedback Autismus: 89:1 Nutzen\u2013Schaden | Alphalearning\" \/>\n<meta property=\"og:description\" content=\"Assessment-gest\u00fctztes Neurofeedback zeigt eine 40%ige Symptomreduktion und ein 89:1 Nutzen\u2013Schaden-Verh\u00e4ltnis, das alle Autismusbehandlungen \u00fcbertrifft.\" \/>\n<meta property=\"og:url\" content=\"https:\/\/alphalearning.com\/de\/autismus-spektrum-stoerung\/anwendung-von-neurofeedback-bei-autismus-spektrum-stoerungen\/\" \/>\n<meta property=\"og:site_name\" content=\"Alphalearning International\" \/>\n<meta property=\"article:modified_time\" content=\"2025-08-04T13:49:22+00:00\" \/>\n<meta property=\"og:image\" content=\"https:\/\/alphalearning.com\/wp-content\/uploads\/2024\/04\/alphalearning-logo_red_1200x675px.png\" \/>\n\t<meta property=\"og:image:width\" content=\"1200\" \/>\n\t<meta property=\"og:image:height\" content=\"675\" \/>\n\t<meta property=\"og:image:type\" content=\"image\/png\" \/>\n<meta name=\"twitter:card\" content=\"summary_large_image\" \/>\n<meta name=\"twitter:label1\" content=\"Est. reading time\" \/>\n\t<meta name=\"twitter:data1\" content=\"2 minutes\" \/>\n<!-- \/ Yoast SEO plugin. -->","yoast_head_json":{"title":"Neurofeedback Autismus: 89:1 Nutzen\u2013Schaden | Alphalearning","description":"Assessment-gest\u00fctztes Neurofeedback zeigt eine 40%ige Symptomreduktion und ein 89:1 Nutzen\u2013Schaden-Verh\u00e4ltnis, das alle Autismusbehandlungen \u00fcbertrifft.","robots":{"index":"index","follow":"follow","max-snippet":"max-snippet:-1","max-image-preview":"max-image-preview:large","max-video-preview":"max-video-preview:-1"},"canonical":"https:\/\/alphalearning.com\/de\/autismus-spektrum-stoerung\/anwendung-von-neurofeedback-bei-autismus-spektrum-stoerungen\/","og_locale":"de_DE","og_type":"article","og_title":"Neurofeedback Autismus: 89:1 Nutzen\u2013Schaden | Alphalearning","og_description":"Assessment-gest\u00fctztes Neurofeedback zeigt eine 40%ige Symptomreduktion und ein 89:1 Nutzen\u2013Schaden-Verh\u00e4ltnis, das alle Autismusbehandlungen \u00fcbertrifft.","og_url":"https:\/\/alphalearning.com\/de\/autismus-spektrum-stoerung\/anwendung-von-neurofeedback-bei-autismus-spektrum-stoerungen\/","og_site_name":"Alphalearning International","article_modified_time":"2025-08-04T13:49:22+00:00","og_image":[{"width":1200,"height":675,"url":"https:\/\/alphalearning.com\/wp-content\/uploads\/2024\/04\/alphalearning-logo_red_1200x675px.png","type":"image\/png"}],"twitter_card":"summary_large_image","twitter_misc":{"Est. reading time":"2 minutes"},"schema":{"@context":"https:\/\/schema.org","@graph":[{"@type":"WebPage","@id":"https:\/\/alphalearning.com\/de\/autismus-spektrum-stoerung\/anwendung-von-neurofeedback-bei-autismus-spektrum-stoerungen\/","url":"https:\/\/alphalearning.com\/de\/autismus-spektrum-stoerung\/anwendung-von-neurofeedback-bei-autismus-spektrum-stoerungen\/","name":"Neurofeedback Autismus: 89:1 Nutzen\u2013Schaden | Alphalearning","isPartOf":{"@id":"https:\/\/alphalearning.com\/de\/#website"},"datePublished":"2024-03-27T16:20:25+00:00","dateModified":"2025-08-04T13:49:22+00:00","description":"Assessment-gest\u00fctztes Neurofeedback zeigt eine 40%ige Symptomreduktion und ein 89:1 Nutzen\u2013Schaden-Verh\u00e4ltnis, das alle Autismusbehandlungen \u00fcbertrifft.","breadcrumb":{"@id":"https:\/\/alphalearning.com\/de\/autismus-spektrum-stoerung\/anwendung-von-neurofeedback-bei-autismus-spektrum-stoerungen\/#breadcrumb"},"inLanguage":"de","potentialAction":[{"@type":"ReadAction","target":["https:\/\/alphalearning.com\/de\/autismus-spektrum-stoerung\/anwendung-von-neurofeedback-bei-autismus-spektrum-stoerungen\/"]}]},{"@type":"BreadcrumbList","@id":"https:\/\/alphalearning.com\/de\/autismus-spektrum-stoerung\/anwendung-von-neurofeedback-bei-autismus-spektrum-stoerungen\/#breadcrumb","itemListElement":[{"@type":"ListItem","position":1,"name":"Home","item":"https:\/\/alphalearning.com\/de\/"},{"@type":"ListItem","position":2,"name":"Autismus-Spektrum-St\u00f6rung","item":"https:\/\/alphalearning.com\/de\/autismus-spektrum-stoerung\/"},{"@type":"ListItem","position":3,"name":"Anwendung von Neurofeedback bei Autismus-Spektrum-St\u00f6rungen"}]},{"@type":"WebSite","@id":"https:\/\/alphalearning.com\/de\/#website","url":"https:\/\/alphalearning.com\/de\/","name":"Alphalearning International","description":"the brain training institute","publisher":{"@id":"https:\/\/alphalearning.com\/de\/#organization"},"potentialAction":[{"@type":"SearchAction","target":{"@type":"EntryPoint","urlTemplate":"https:\/\/alphalearning.com\/de\/?s={search_term_string}"},"query-input":{"@type":"PropertyValueSpecification","valueRequired":true,"valueName":"search_term_string"}}],"inLanguage":"de"},{"@type":"Organization","@id":"https:\/\/alphalearning.com\/de\/#organization","name":"Alphalearning International","url":"https:\/\/alphalearning.com\/de\/","logo":{"@type":"ImageObject","inLanguage":"de","@id":"https:\/\/alphalearning.com\/de\/#\/schema\/logo\/image\/","url":"https:\/\/alphalearning.com\/wp-content\/uploads\/2024\/03\/alphalearning_ico2_512px.png","contentUrl":"https:\/\/alphalearning.com\/wp-content\/uploads\/2024\/03\/alphalearning_ico2_512px.png","width":512,"height":512,"caption":"Alphalearning International"},"image":{"@id":"https:\/\/alphalearning.com\/de\/#\/schema\/logo\/image\/"}}]}},"uagb_featured_image_src":{"full":false,"thumbnail":false,"medium":false,"medium_large":false,"large":false,"1536x1536":false,"2048x2048":false,"gform-image-choice-sm":false,"gform-image-choice-md":false,"gform-image-choice-lg":false},"uagb_author_info":{"display_name":"Julio Machado","author_link":"https:\/\/alphalearning.com\/de\/author\/julio-machado\/"},"uagb_comment_info":0,"uagb_excerpt":"Anwendung von Neurofeedback f\u00fcr das Autismus-Spektrum Assessment-gest\u00fctztes Neurofeedback bei Autismus-Spektrum-St\u00f6rungen (ASS) Eine Forschungsarbeit zur \u00dcberpr\u00fcfung der Epidemiologie von Autismus (Medical [&hellip;]","_links":{"self":[{"href":"https:\/\/alphalearning.com\/de\/wp-json\/wp\/v2\/pages\/12829","targetHints":{"allow":["GET"]}}],"collection":[{"href":"https:\/\/alphalearning.com\/de\/wp-json\/wp\/v2\/pages"}],"about":[{"href":"https:\/\/alphalearning.com\/de\/wp-json\/wp\/v2\/types\/page"}],"author":[{"embeddable":true,"href":"https:\/\/alphalearning.com\/de\/wp-json\/wp\/v2\/users\/2"}],"replies":[{"embeddable":true,"href":"https:\/\/alphalearning.com\/de\/wp-json\/wp\/v2\/comments?post=12829"}],"version-history":[{"count":2,"href":"https:\/\/alphalearning.com\/de\/wp-json\/wp\/v2\/pages\/12829\/revisions"}],"predecessor-version":[{"id":15993,"href":"https:\/\/alphalearning.com\/de\/wp-json\/wp\/v2\/pages\/12829\/revisions\/15993"}],"up":[{"embeddable":true,"href":"https:\/\/alphalearning.com\/de\/wp-json\/wp\/v2\/pages\/12774"}],"wp:attachment":[{"href":"https:\/\/alphalearning.com\/de\/wp-json\/wp\/v2\/media?parent=12829"}],"curies":[{"name":"wp","href":"https:\/\/api.w.org\/{rel}","templated":true}]}}