{"id":12684,"date":"2024-03-27T16:23:09","date_gmt":"2024-03-27T16:23:09","guid":{"rendered":"https:\/\/alphalearning.com\/ist-legasthenie-heilbar\/dyslexia-case-study\/"},"modified":"2025-05-17T11:04:43","modified_gmt":"2025-05-17T10:04:43","slug":"legasthenie-fallstudie","status":"publish","type":"page","link":"https:\/\/alphalearning.com\/de\/ist-legasthenie-heilbar\/legasthenie-fallstudie\/","title":{"rendered":"Legasthenie &#8211; Fallstudie"},"content":{"rendered":"\n<div class=\"wp-block-uagb-advanced-heading uagb-block-ef06fcf6\"><h1 class=\"uagb-heading-text\">Fallstudie zu Legasthenie<\/h1><\/div>\n\n\n\n<p><strong>V.A.E. Fr\u00fchjahr 2001<\/strong><\/p>\n\n\n\n<p>Eine Fallstudie zu Legasthenie wurde mit einer Gruppe von 17 Jungen im Alter von 14 bis 16 Jahren durchgef\u00fchrt, die f\u00fcr die Teilnahme am f\u00fcnft\u00e4gigen Alphalearning-Kurs zu Gehirntraining, Lerntechniken und Neurofeedback ausgew\u00e4hlt wurden. Sie wurden aufmerksam von ihren regul\u00e4ren Lehrkr\u00e4ften betreut, w\u00e4hrend der Kurs gleichzeitig in Englisch und Arabisch durchgef\u00fchrt wurde.<\/p>\n\n\n\n<p>Die Gruppe erreichte eine durchschnittliche Verbesserung der Lesegeschwindigkeit um 563 %. Das durchschnittliche Leseverst\u00e4ndnis stieg um 385 %. Die Ergebnisse sind unten dargestellt.<\/p>\n\n\n\n<div class=\"wp-block-uagb-container uagb-block-287649df alignfull uagb-is-root-container\"><div class=\"uagb-container-inner-blocks-wrap\">\n<div class=\"wp-block-uagb-container uagb-block-26f09f6c\"><\/div>\n\n\n\n<div class=\"wp-block-uagb-container uagb-block-f372ec8d\">\n<table id=\"tablepress-48\" class=\"tablepress tablepress-id-48\">\n<thead>\n<tr class=\"row-1\">\n\t<td class=\"column-1\"><\/td><th class=\"column-2\"><strong>Lesegeschwindigkeit<\/strong><\/th><td class=\"column-3\"><\/td><th class=\"column-4\"><strong>Augenbewegungsgeschwindigkeit<\/strong><\/th><td class=\"column-5\"><\/td><th class=\"column-6\"><strong>Leseverst\u00e4ndnis<\/strong><\/th><td class=\"column-7\"><\/td>\n<\/tr>\n<\/thead>\n<tbody class=\"row-striping row-hover\">\n<tr class=\"row-2\">\n\t<td class=\"column-1\"><\/td><td class=\"column-2\">Vorher<\/td><td class=\"column-3\">Nachher<\/td><td class=\"column-4\">Vorher<\/td><td class=\"column-5\">Nachher<\/td><td class=\"column-6\">Vorher<\/td><td class=\"column-7\">Nachher<\/td>\n<\/tr>\n<tr class=\"row-3\">\n\t<td class=\"column-1\"><strong>1. Kurs<\/strong><\/td><td class=\"column-2\"><\/td><td class=\"column-3\"><\/td><td class=\"column-4\"><\/td><td class=\"column-5\"><\/td><td class=\"column-6\"><\/td><td class=\"column-7\"><\/td>\n<\/tr>\n<tr class=\"row-4\">\n\t<td class=\"column-1\">Jaber<\/td><td class=\"column-2\">50<\/td><td class=\"column-3\">224<\/td><td class=\"column-4\">840<\/td><td class=\"column-5\">1112<\/td><td class=\"column-6\">30<\/td><td class=\"column-7\">90<\/td>\n<\/tr>\n<tr class=\"row-5\">\n\t<td class=\"column-1\">Fiasal<\/td><td class=\"column-2\">138<\/td><td class=\"column-3\">1053<\/td><td class=\"column-4\">780<\/td><td class=\"column-5\">1012<\/td><td class=\"column-6\">30<\/td><td class=\"column-7\">80<\/td>\n<\/tr>\n<tr class=\"row-6\">\n\t<td class=\"column-1\">Tariq<\/td><td class=\"column-2\">109<\/td><td class=\"column-3\">1181<\/td><td class=\"column-4\">840<\/td><td class=\"column-5\">1600<\/td><td class=\"column-6\">45<\/td><td class=\"column-7\">80<\/td>\n<\/tr>\n<tr class=\"row-7\">\n\t<td class=\"column-1\">Sultan<\/td><td class=\"column-2\">45<\/td><td class=\"column-3\">1022<\/td><td class=\"column-4\">900<\/td><td class=\"column-5\">1680<\/td><td class=\"column-6\">25<\/td><td class=\"column-7\">75<\/td>\n<\/tr>\n<tr class=\"row-8\">\n\t<td class=\"column-1\">Aziz<\/td><td class=\"column-2\">52<\/td><td class=\"column-3\">184<\/td><td class=\"column-4\">800<\/td><td class=\"column-5\">1000<\/td><td class=\"column-6\">7<\/td><td class=\"column-7\">70<\/td>\n<\/tr>\n<tr class=\"row-9\">\n\t<td class=\"column-1\">Khaled<\/td><td class=\"column-2\">84<\/td><td class=\"column-3\">188<\/td><td class=\"column-4\">720<\/td><td class=\"column-5\">760<\/td><td class=\"column-6\">7<\/td><td class=\"column-7\">65<\/td>\n<\/tr>\n<tr class=\"row-10\">\n\t<td class=\"column-1\">Mohammed<\/td><td class=\"column-2\">137<\/td><td class=\"column-3\">240<\/td><td class=\"column-4\">1440<\/td><td class=\"column-5\">1600<\/td><td class=\"column-6\">15<\/td><td class=\"column-7\">65<\/td>\n<\/tr>\n<tr class=\"row-11\">\n\t<td class=\"column-1\"><\/td><td class=\"column-2\"><\/td><td class=\"column-3\"><\/td><td class=\"column-4\"><\/td><td class=\"column-5\"><\/td><td class=\"column-6\"><\/td><td class=\"column-7\"><\/td>\n<\/tr>\n<tr class=\"row-12\">\n\t<td class=\"column-1\"><strong>2. Kurs<\/strong><\/td><td class=\"column-2\"><\/td><td class=\"column-3\"><\/td><td class=\"column-4\"><\/td><td class=\"column-5\"><\/td><td class=\"column-6\"><\/td><td class=\"column-7\"><\/td>\n<\/tr>\n<tr class=\"row-13\">\n\t<td class=\"column-1\">Mohammed Nooman<\/td><td class=\"column-2\">64<\/td><td class=\"column-3\">960<\/td><td class=\"column-4\">1008<\/td><td class=\"column-5\">1430<\/td><td class=\"column-6\">30<\/td><td class=\"column-7\">75<\/td>\n<\/tr>\n<tr class=\"row-14\">\n\t<td class=\"column-1\">Hassan<\/td><td class=\"column-2\">52<\/td><td class=\"column-3\">784<\/td><td class=\"column-4\">920<\/td><td class=\"column-5\">1112<\/td><td class=\"column-6\">30<\/td><td class=\"column-7\">85<\/td>\n<\/tr>\n<tr class=\"row-15\">\n\t<td class=\"column-1\">Mahfooz<\/td><td class=\"column-2\">80<\/td><td class=\"column-3\">186<\/td><td class=\"column-4\">960<\/td><td class=\"column-5\">1116<\/td><td class=\"column-6\">35<\/td><td class=\"column-7\">80<\/td>\n<\/tr>\n<tr class=\"row-16\">\n\t<td class=\"column-1\">Khalifa<\/td><td class=\"column-2\">161<\/td><td class=\"column-3\">300<\/td><td class=\"column-4\">800<\/td><td class=\"column-5\">1116<\/td><td class=\"column-6\">50<\/td><td class=\"column-7\">90<\/td>\n<\/tr>\n<tr class=\"row-17\">\n\t<td class=\"column-1\">Yesser<\/td><td class=\"column-2\">183<\/td><td class=\"column-3\">778<\/td><td class=\"column-4\">920<\/td><td class=\"column-5\">1112<\/td><td class=\"column-6\">10<\/td><td class=\"column-7\">90<\/td>\n<\/tr>\n<tr class=\"row-18\">\n\t<td class=\"column-1\"><\/td><td class=\"column-2\"><\/td><td class=\"column-3\"><\/td><td class=\"column-4\"><\/td><td class=\"column-5\"><\/td><td class=\"column-6\"><\/td><td class=\"column-7\"><\/td>\n<\/tr>\n<tr class=\"row-19\">\n\t<td class=\"column-1\"><strong>3. Kurs<\/strong><\/td><td class=\"column-2\"><\/td><td class=\"column-3\"><\/td><td class=\"column-4\"><\/td><td class=\"column-5\"><\/td><td class=\"column-6\"><\/td><td class=\"column-7\"><\/td>\n<\/tr>\n<tr class=\"row-20\">\n\t<td class=\"column-1\">Dahi<\/td><td class=\"column-2\">102<\/td><td class=\"column-3\">385<\/td><td class=\"column-4\">1380<\/td><td class=\"column-5\">1320<\/td><td class=\"column-6\">9<\/td><td class=\"column-7\">75<\/td>\n<\/tr>\n<tr class=\"row-21\">\n\t<td class=\"column-1\">Saeed<\/td><td class=\"column-2\">76<\/td><td class=\"column-3\">700<\/td><td class=\"column-4\">1000<\/td><td class=\"column-5\">1116<\/td><td class=\"column-6\">7<\/td><td class=\"column-7\">75<\/td>\n<\/tr>\n<tr class=\"row-22\">\n\t<td class=\"column-1\">Mahdi<\/td><td class=\"column-2\">128<\/td><td class=\"column-3\">585<\/td><td class=\"column-4\">920<\/td><td class=\"column-5\">1116<\/td><td class=\"column-6\">0<\/td><td class=\"column-7\">70<\/td>\n<\/tr>\n<tr class=\"row-23\">\n\t<td class=\"column-1\">Hamdan<\/td><td class=\"column-2\">142<\/td><td class=\"column-3\">341<\/td><td class=\"column-4\">1008<\/td><td class=\"column-5\">1380<\/td><td class=\"column-6\">10<\/td><td class=\"column-7\">80<\/td>\n<\/tr>\n<tr class=\"row-24\">\n\t<td class=\"column-1\">Ali<\/td><td class=\"column-2\">64<\/td><td class=\"column-3\">282<\/td><td class=\"column-4\">1008<\/td><td class=\"column-5\">1320<\/td><td class=\"column-6\">0<\/td><td class=\"column-7\">65<\/td>\n<\/tr>\n<tr class=\"row-25\">\n\t<td class=\"column-1\"><\/td><td class=\"column-2\"><\/td><td class=\"column-3\"><\/td><td class=\"column-4\"><\/td><td class=\"column-5\"><\/td><td class=\"column-6\"><\/td><td class=\"column-7\"><\/td>\n<\/tr>\n<tr class=\"row-26\">\n\t<td class=\"column-1\"><strong>Summe<\/strong><\/td><td class=\"column-2\">1667<\/td><td class=\"column-3\">9393<\/td><td class=\"column-4\">16244<\/td><td class=\"column-5\">20902<\/td><td class=\"column-6\">340<\/td><td class=\"column-7\">1310<\/td>\n<\/tr>\n<tr class=\"row-27\">\n\t<td class=\"column-1\"><strong>Sch\u00fcler<\/strong><\/td><td class=\"column-2\">17<\/td><td class=\"column-3\">17<\/td><td class=\"column-4\">17<\/td><td class=\"column-5\">17<\/td><td class=\"column-6\">17<\/td><td class=\"column-7\">17<\/td>\n<\/tr>\n<tr class=\"row-28\">\n\t<td class=\"column-1\"><\/td><td class=\"column-2\"><\/td><td class=\"column-3\"><\/td><td class=\"column-4\"><\/td><td class=\"column-5\"><\/td><td class=\"column-6\"><\/td><td class=\"column-7\"><\/td>\n<\/tr>\n<tr class=\"row-29\">\n\t<td class=\"column-1\"><strong>Durchschnitte<\/strong><\/td><td class=\"column-2\">98<\/td><td class=\"column-3\">553<\/td><td class=\"column-4\">956<\/td><td class=\"column-5\">1230<\/td><td class=\"column-6\">20<\/td><td class=\"column-7\">77<\/td>\n<\/tr>\n<tr class=\"row-30\">\n\t<td class=\"column-1\"><\/td><td class=\"column-2\"><\/td><td class=\"column-3\"><\/td><td class=\"column-4\"><\/td><td class=\"column-5\"><\/td><td class=\"column-6\"><\/td><td class=\"column-7\"><\/td>\n<\/tr>\n<tr class=\"row-31\">\n\t<td class=\"column-1\"><strong>% Ver\u00e4nderung<\/strong><\/td><td class=\"column-2\"><\/td><td class=\"column-3\">563%<\/td><td class=\"column-4\"><\/td><td class=\"column-5\">129%<\/td><td class=\"column-6\"><\/td><td class=\"column-7\">385%<\/td>\n<\/tr>\n<\/tbody>\n<\/table>\n<!-- #tablepress-48 from cache --><\/div>\n\n\n\n<div class=\"wp-block-uagb-container uagb-block-37b8c05d\"><\/div>\n<\/div><\/div>\n\n\n\n<p class=\"has-text-align-right\"><a href=\"https:\/\/alphalearning.com\/can-dyslexia-be-cured\/neurofeedback-and-dyslexia\/\">Neurofeedback und Legasthenie \u2013 Der Tagesablauf eines Kurses<\/a><br><a href=\"https:\/\/alphalearning.com\/can-dyslexia-be-cured\/dyslexia-double-blind-study\/\">Doppelblindstudie<\/a><br><a href=\"https:\/\/alphalearning.com\/comments-from-alphalearning-clients\/quotes-from-families\/julia-lowes\/\">Julia Lowes \u2013 Die Geschichte einer Legasthenikerin<\/a><br><a href=\"https:\/\/alphalearning.com\/comments-from-alphalearning-clients\/quotes-from-families\/james-douglas\/\">James Douglas<\/a><br><a href=\"https:\/\/alphalearning.com\/comments-from-alphalearning-clients\/quotes-from-families\/dr-h-j-h-richards\/\">Dr. H. J. H. Richards<\/a><br><a href=\"https:\/\/alphalearning.com\/de\/ist-legasthenie-heilbar\/\">Kann Legasthenie geheilt werden?<\/a><\/p>\n","protected":false},"excerpt":{"rendered":"<p>Fallstudie zu Legasthenie V.A.E. Fr\u00fchjahr 2001 Eine Fallstudie zu Legasthenie wurde mit einer Gruppe von 17 Jungen im Alter von [&hellip;]<\/p>\n","protected":false},"author":2,"featured_media":0,"parent":12678,"menu_order":332,"comment_status":"closed","ping_status":"closed","template":"","meta":{"_uag_custom_page_level_css":"","site-sidebar-layout":"default","site-content-layout":"","ast-site-content-layout":"default","site-content-style":"default","site-sidebar-style":"default","ast-global-header-display":"","ast-banner-title-visibility":"","ast-main-header-display":"","ast-hfb-above-header-display":"","ast-hfb-below-header-display":"","ast-hfb-mobile-header-display":"","site-post-title":"disabled","ast-breadcrumbs-content":"","ast-featured-img":"","footer-sml-layout":"","ast-disable-related-posts":"","theme-transparent-header-meta":"","adv-header-id-meta":"","stick-header-meta":"","header-above-stick-meta":"","header-main-stick-meta":"","header-below-stick-meta":"","astra-migrate-meta-layouts":"default","ast-page-background-enabled":"default","ast-page-background-meta":{"desktop":{"background-color":"var(--ast-global-color-4)","background-image":"","background-repeat":"repeat","background-position":"center center","background-size":"auto","background-attachment":"scroll","background-type":"","background-media":"","overlay-type":"","overlay-color":"","overlay-opacity":"","overlay-gradient":""},"tablet":{"background-color":"","background-image":"","background-repeat":"repeat","background-position":"center center","background-size":"auto","background-attachment":"scroll","background-type":"","background-media":"","overlay-type":"","overlay-color":"","overlay-opacity":"","overlay-gradient":""},"mobile":{"background-color":"","background-image":"","background-repeat":"repeat","background-position":"center center","background-size":"auto","background-attachment":"scroll","background-type":"","background-media":"","overlay-type":"","overlay-color":"","overlay-opacity":"","overlay-gradient":""}},"ast-content-background-meta":{"desktop":{"background-color":"var(--ast-global-color-5)","background-image":"","background-repeat":"repeat","background-position":"center center","background-size":"auto","background-attachment":"scroll","background-type":"","background-media":"","overlay-type":"","overlay-color":"","overlay-opacity":"","overlay-gradient":""},"tablet":{"background-color":"var(--ast-global-color-5)","background-image":"","background-repeat":"repeat","background-position":"center center","background-size":"auto","background-attachment":"scroll","background-type":"","background-media":"","overlay-type":"","overlay-color":"","overlay-opacity":"","overlay-gradient":""},"mobile":{"background-color":"var(--ast-global-color-5)","background-image":"","background-repeat":"repeat","background-position":"center center","background-size":"auto","background-attachment":"scroll","background-type":"","background-media":"","overlay-type":"","overlay-color":"","overlay-opacity":"","overlay-gradient":""}},"footnotes":""},"class_list":["post-12684","page","type-page","status-publish","hentry"],"yoast_head":"<!-- This site is optimized with the Yoast SEO plugin v27.1.1 - https:\/\/yoast.com\/product\/yoast-seo-wordpress\/ -->\n<title>Legasthenie-Fallstudie: 563 % schnelleres Lesen mit Alphalearning<\/title>\n<meta name=\"description\" content=\"Erfahren Sie, wie 17 Teenager in dieser Alphalearning-Legasthenie-Studie mithilfe von Gehirntraining und Neurofeedback die Lesegeschwindigkeit um 563 % steigerten.\" \/>\n<meta name=\"robots\" content=\"index, follow, max-snippet:-1, max-image-preview:large, max-video-preview:-1\" \/>\n<link rel=\"canonical\" href=\"https:\/\/alphalearning.com\/de\/ist-legasthenie-heilbar\/legasthenie-fallstudie\/\" \/>\n<meta property=\"og:locale\" content=\"de_DE\" \/>\n<meta property=\"og:type\" content=\"article\" \/>\n<meta property=\"og:title\" content=\"Legasthenie-Fallstudie: 563 % schnelleres Lesen mit Alphalearning\" \/>\n<meta property=\"og:description\" content=\"Erfahren Sie, wie 17 Teenager in dieser Alphalearning-Legasthenie-Studie mithilfe von Gehirntraining und Neurofeedback die Lesegeschwindigkeit um 563 % steigerten.\" \/>\n<meta property=\"og:url\" content=\"https:\/\/alphalearning.com\/de\/ist-legasthenie-heilbar\/legasthenie-fallstudie\/\" \/>\n<meta property=\"og:site_name\" content=\"Alphalearning International\" \/>\n<meta property=\"article:modified_time\" content=\"2025-05-17T10:04:43+00:00\" \/>\n<meta property=\"og:image\" content=\"https:\/\/alphalearning.com\/wp-content\/uploads\/2024\/04\/alphalearning-logo_red_1200x675px.png\" \/>\n\t<meta property=\"og:image:width\" content=\"1200\" \/>\n\t<meta property=\"og:image:height\" content=\"675\" \/>\n\t<meta property=\"og:image:type\" content=\"image\/png\" \/>\n<meta name=\"twitter:card\" content=\"summary_large_image\" \/>\n<meta name=\"twitter:label1\" content=\"Est. reading time\" \/>\n\t<meta name=\"twitter:data1\" content=\"1 minute\" \/>\n<!-- \/ Yoast SEO plugin. -->","yoast_head_json":{"title":"Legasthenie-Fallstudie: 563 % schnelleres Lesen mit Alphalearning","description":"Erfahren Sie, wie 17 Teenager in dieser Alphalearning-Legasthenie-Studie mithilfe von Gehirntraining und Neurofeedback die Lesegeschwindigkeit um 563 % steigerten.","robots":{"index":"index","follow":"follow","max-snippet":"max-snippet:-1","max-image-preview":"max-image-preview:large","max-video-preview":"max-video-preview:-1"},"canonical":"https:\/\/alphalearning.com\/de\/ist-legasthenie-heilbar\/legasthenie-fallstudie\/","og_locale":"de_DE","og_type":"article","og_title":"Legasthenie-Fallstudie: 563 % schnelleres Lesen mit Alphalearning","og_description":"Erfahren Sie, wie 17 Teenager in dieser Alphalearning-Legasthenie-Studie mithilfe von Gehirntraining und Neurofeedback die Lesegeschwindigkeit um 563 % steigerten.","og_url":"https:\/\/alphalearning.com\/de\/ist-legasthenie-heilbar\/legasthenie-fallstudie\/","og_site_name":"Alphalearning International","article_modified_time":"2025-05-17T10:04:43+00:00","og_image":[{"width":1200,"height":675,"url":"https:\/\/alphalearning.com\/wp-content\/uploads\/2024\/04\/alphalearning-logo_red_1200x675px.png","type":"image\/png"}],"twitter_card":"summary_large_image","twitter_misc":{"Est. reading time":"1 minute"},"schema":{"@context":"https:\/\/schema.org","@graph":[{"@type":"WebPage","@id":"https:\/\/alphalearning.com\/de\/ist-legasthenie-heilbar\/legasthenie-fallstudie\/","url":"https:\/\/alphalearning.com\/de\/ist-legasthenie-heilbar\/legasthenie-fallstudie\/","name":"Legasthenie-Fallstudie: 563 % schnelleres Lesen mit Alphalearning","isPartOf":{"@id":"https:\/\/alphalearning.com\/de\/#website"},"datePublished":"2024-03-27T16:23:09+00:00","dateModified":"2025-05-17T10:04:43+00:00","description":"Erfahren Sie, wie 17 Teenager in dieser Alphalearning-Legasthenie-Studie mithilfe von Gehirntraining und Neurofeedback die Lesegeschwindigkeit um 563 % steigerten.","breadcrumb":{"@id":"https:\/\/alphalearning.com\/de\/ist-legasthenie-heilbar\/legasthenie-fallstudie\/#breadcrumb"},"inLanguage":"de","potentialAction":[{"@type":"ReadAction","target":["https:\/\/alphalearning.com\/de\/ist-legasthenie-heilbar\/legasthenie-fallstudie\/"]}]},{"@type":"BreadcrumbList","@id":"https:\/\/alphalearning.com\/de\/ist-legasthenie-heilbar\/legasthenie-fallstudie\/#breadcrumb","itemListElement":[{"@type":"ListItem","position":1,"name":"Home","item":"https:\/\/alphalearning.com\/de\/"},{"@type":"ListItem","position":2,"name":"\u00dcber Legasthenie","item":"https:\/\/alphalearning.com\/de\/ist-legasthenie-heilbar\/"},{"@type":"ListItem","position":3,"name":"Legasthenie &#8211; Fallstudie"}]},{"@type":"WebSite","@id":"https:\/\/alphalearning.com\/de\/#website","url":"https:\/\/alphalearning.com\/de\/","name":"Alphalearning International","description":"the brain training institute","publisher":{"@id":"https:\/\/alphalearning.com\/de\/#organization"},"potentialAction":[{"@type":"SearchAction","target":{"@type":"EntryPoint","urlTemplate":"https:\/\/alphalearning.com\/de\/?s={search_term_string}"},"query-input":{"@type":"PropertyValueSpecification","valueRequired":true,"valueName":"search_term_string"}}],"inLanguage":"de"},{"@type":"Organization","@id":"https:\/\/alphalearning.com\/de\/#organization","name":"Alphalearning International","url":"https:\/\/alphalearning.com\/de\/","logo":{"@type":"ImageObject","inLanguage":"de","@id":"https:\/\/alphalearning.com\/de\/#\/schema\/logo\/image\/","url":"https:\/\/alphalearning.com\/wp-content\/uploads\/2024\/03\/alphalearning_ico2_512px.png","contentUrl":"https:\/\/alphalearning.com\/wp-content\/uploads\/2024\/03\/alphalearning_ico2_512px.png","width":512,"height":512,"caption":"Alphalearning International"},"image":{"@id":"https:\/\/alphalearning.com\/de\/#\/schema\/logo\/image\/"}}]}},"uagb_featured_image_src":{"full":false,"thumbnail":false,"medium":false,"medium_large":false,"large":false,"1536x1536":false,"2048x2048":false,"gform-image-choice-sm":false,"gform-image-choice-md":false,"gform-image-choice-lg":false},"uagb_author_info":{"display_name":"Julio Machado","author_link":"https:\/\/alphalearning.com\/de\/author\/julio-machado\/"},"uagb_comment_info":0,"uagb_excerpt":"Fallstudie zu Legasthenie V.A.E. Fr\u00fchjahr 2001 Eine Fallstudie zu Legasthenie wurde mit einer Gruppe von 17 Jungen im Alter von [&hellip;]","_links":{"self":[{"href":"https:\/\/alphalearning.com\/de\/wp-json\/wp\/v2\/pages\/12684","targetHints":{"allow":["GET"]}}],"collection":[{"href":"https:\/\/alphalearning.com\/de\/wp-json\/wp\/v2\/pages"}],"about":[{"href":"https:\/\/alphalearning.com\/de\/wp-json\/wp\/v2\/types\/page"}],"author":[{"embeddable":true,"href":"https:\/\/alphalearning.com\/de\/wp-json\/wp\/v2\/users\/2"}],"replies":[{"embeddable":true,"href":"https:\/\/alphalearning.com\/de\/wp-json\/wp\/v2\/comments?post=12684"}],"version-history":[{"count":3,"href":"https:\/\/alphalearning.com\/de\/wp-json\/wp\/v2\/pages\/12684\/revisions"}],"predecessor-version":[{"id":16474,"href":"https:\/\/alphalearning.com\/de\/wp-json\/wp\/v2\/pages\/12684\/revisions\/16474"}],"up":[{"embeddable":true,"href":"https:\/\/alphalearning.com\/de\/wp-json\/wp\/v2\/pages\/12678"}],"wp:attachment":[{"href":"https:\/\/alphalearning.com\/de\/wp-json\/wp\/v2\/media?parent=12684"}],"curies":[{"name":"wp","href":"https:\/\/api.w.org\/{rel}","templated":true}]}}