{"id":12678,"date":"2024-03-27T16:22:52","date_gmt":"2024-03-27T16:22:52","guid":{"rendered":"https:\/\/alphalearning.com\/can-dyslexia-be-cured\/"},"modified":"2025-11-07T15:11:13","modified_gmt":"2025-11-07T15:11:13","slug":"ist-legasthenie-heilbar","status":"publish","type":"page","link":"https:\/\/alphalearning.com\/de\/ist-legasthenie-heilbar\/","title":{"rendered":"\u00dcber Legasthenie"},"content":{"rendered":"\n<div class=\"wp-block-uagb-advanced-heading uagb-block-e58a12a6\"><h1 class=\"uagb-heading-text\">Ist Legasthenie heilbar?<\/h1><\/div>\n\n\n\n<p>Dieser Auszug stammt aus dem Artikel \u201eAlphalearning Revolution\u201c von Jules Marshall, der auf drei Jahren Kundeninterviews bei Alphalearning basiert.<\/p>\n\n\n\n<p><em>\u201e(\u2026) Als immer deutlicher wurde, dass das, was urspr\u00fcnglich nur als eine Methode gedacht war, F\u00fchrungskr\u00e4ften schnelleres Lesen beizubringen, sich zu einer ausgewachsenen medizinischen Revolution entwickelte, musste Alphalearning entscheiden, worin sein Unternehmenszweck bestand. &#8220;Allein in den USA arbeiten 200.000 Menschen im Bereich Legasthenie&#8221; , hei\u00dft es. \u201eWas werden diese Leute sagen, wenn wir ihnen mitteilen, dass es Legasthenie gar nicht gibt?\u201c Nachdem sie 1990 auf einer geschlossenen Sitzung von Trance-Psychologen in Amerika erstmals einen Teil ihrer Erkenntnisse pr\u00e4sentiert hatten, wurde ihnen mitgeteilt, dass sie ihre Behauptungen beweisen m\u00fcssten, bevor sie sie \u00f6ffentlich machten, \u201eoder gekreuzigt werden\u201c.\u201c<\/em><\/p>\n\n\n\n<p>Alphalearning versprach, das System an \u00fcber 500 Versuchspersonen mit mindestens 1.000 EEG-Messungen zu erproben, bevor sie sich \u00f6ffentlich \u00e4u\u00dferten. Die 500. Versuchsperson wurde im Sommer 1995 getestet, kurz bevor Alphalearning \u201ean die \u00d6ffentlichkeit\u201c ging.<\/p>\n\n\n\n<p>1996, als Alphalearning auf der &#8220;International Conference for EEG and Neurofeedback&#8221; einen Vortrag hielt, wurde ein schl\u00fcssiger Beweis daf\u00fcr pr\u00e4sentiert, dass Legasthenie in 10 bis 30 Trainingsstunden geheilt werden kann.<\/p>\n\n\n\n<p>\u00dcber die unten aufgef\u00fchrten Links k\u00f6nnen Sie sich informieren und nachvollziehen, wie und warum unser Ansatz Menschen mit Legasthenie oft schon nach wenigen Tagen, ohne jegliche Medikamente, zu positiven Ver\u00e4nderungen verhilft.<\/p>\n\n\n\n<ul class=\"wp-block-list\">\n<li><a href=\"https:\/\/alphalearning.com\/can-dyslexia-be-cured\/neurofeedback-and-dyslexia\/\">Neurofeedback und Legasthenie \u2013 Tag f\u00fcr Tag eines Kurses<\/a><\/li>\n\n\n\n<li><a href=\"https:\/\/alphalearning.com\/can-dyslexia-be-cured\/dyslexia-double-blind-study\/\">Doppelblindstudie<\/a><\/li>\n\n\n\n<li><a href=\"https:\/\/alphalearning.com\/can-dyslexia-be-cured\/dyslexia-case-study\/\">Fallstudie<\/a><\/li>\n\n\n\n<li><a href=\"https:\/\/alphalearning.com\/comments-from-alphalearning-clients\/quotes-from-families\/julia-lowes\/\">Julia Lowes<\/a><\/li>\n\n\n\n<li><a href=\"https:\/\/alphalearning.com\/comments-from-alphalearning-clients\/quotes-from-families\/james-douglas\/\">James Douglas<\/a><\/li>\n\n\n\n<li><a href=\"https:\/\/alphalearning.com\/comments-from-alphalearning-clients\/quotes-from-families\/dr-h-j-h-richards\/\">Dr. H. J. H. Richards<\/a><\/li>\n<\/ul>\n\n\n\n<p>Wenn Sie Fragen zu Ihrem spezifischen Fall haben, <a href=\"https:\/\/alphalearning.com\/contact\/\">kontaktieren Sie<\/a> uns bitte.<\/p>\n","protected":false},"excerpt":{"rendered":"<p>Ist Legasthenie heilbar? Dieser Auszug stammt aus dem Artikel \u201eAlphalearning Revolution\u201c von Jules Marshall, der auf drei Jahren Kundeninterviews bei [&hellip;]<\/p>\n","protected":false},"author":2,"featured_media":0,"parent":0,"menu_order":330,"comment_status":"closed","ping_status":"closed","template":"","meta":{"_uag_custom_page_level_css":"","site-sidebar-layout":"default","site-content-layout":"","ast-site-content-layout":"default","site-content-style":"default","site-sidebar-style":"default","ast-global-header-display":"","ast-banner-title-visibility":"","ast-main-header-display":"","ast-hfb-above-header-display":"","ast-hfb-below-header-display":"","ast-hfb-mobile-header-display":"","site-post-title":"disabled","ast-breadcrumbs-content":"","ast-featured-img":"","footer-sml-layout":"","ast-disable-related-posts":"","theme-transparent-header-meta":"","adv-header-id-meta":"","stick-header-meta":"","header-above-stick-meta":"","header-main-stick-meta":"","header-below-stick-meta":"","astra-migrate-meta-layouts":"default","ast-page-background-enabled":"default","ast-page-background-meta":{"desktop":{"background-color":"var(--ast-global-color-4)","background-image":"","background-repeat":"repeat","background-position":"center center","background-size":"auto","background-attachment":"scroll","background-type":"","background-media":"","overlay-type":"","overlay-color":"","overlay-opacity":"","overlay-gradient":""},"tablet":{"background-color":"","background-image":"","background-repeat":"repeat","background-position":"center center","background-size":"auto","background-attachment":"scroll","background-type":"","background-media":"","overlay-type":"","overlay-color":"","overlay-opacity":"","overlay-gradient":""},"mobile":{"background-color":"","background-image":"","background-repeat":"repeat","background-position":"center center","background-size":"auto","background-attachment":"scroll","background-type":"","background-media":"","overlay-type":"","overlay-color":"","overlay-opacity":"","overlay-gradient":""}},"ast-content-background-meta":{"desktop":{"background-color":"var(--ast-global-color-5)","background-image":"","background-repeat":"repeat","background-position":"center center","background-size":"auto","background-attachment":"scroll","background-type":"","background-media":"","overlay-type":"","overlay-color":"","overlay-opacity":"","overlay-gradient":""},"tablet":{"background-color":"var(--ast-global-color-5)","background-image":"","background-repeat":"repeat","background-position":"center center","background-size":"auto","background-attachment":"scroll","background-type":"","background-media":"","overlay-type":"","overlay-color":"","overlay-opacity":"","overlay-gradient":""},"mobile":{"background-color":"var(--ast-global-color-5)","background-image":"","background-repeat":"repeat","background-position":"center center","background-size":"auto","background-attachment":"scroll","background-type":"","background-media":"","overlay-type":"","overlay-color":"","overlay-opacity":"","overlay-gradient":""}},"footnotes":""},"class_list":["post-12678","page","type-page","status-publish","hentry"],"yoast_head":"<!-- This site is optimized with the Yoast SEO plugin v27.1.1 - https:\/\/yoast.com\/product\/yoast-seo-wordpress\/ -->\n<title>Legasthenie kann geheilt werden: Beweis in 10\u201330 Stunden<\/title>\n<meta name=\"description\" content=\"Erfahren Sie, wie Alphalearning auf der Int. EEG &amp; Neurofeedback-Konferenz bewies, dass Legasthenie in 10\u201330 Stunden ohne Medikamente geheilt werden kann.\" \/>\n<meta name=\"robots\" content=\"index, follow, max-snippet:-1, max-image-preview:large, max-video-preview:-1\" \/>\n<link rel=\"canonical\" href=\"https:\/\/alphalearning.com\/de\/ist-legasthenie-heilbar\/\" \/>\n<meta property=\"og:locale\" content=\"de_DE\" \/>\n<meta property=\"og:type\" content=\"article\" \/>\n<meta property=\"og:title\" content=\"Legasthenie kann geheilt werden: Beweis in 10\u201330 Stunden\" \/>\n<meta property=\"og:description\" content=\"Erfahren Sie, wie Alphalearning auf der Int. EEG &amp; Neurofeedback-Konferenz bewies, dass Legasthenie in 10\u201330 Stunden ohne Medikamente geheilt werden kann.\" \/>\n<meta property=\"og:url\" content=\"https:\/\/alphalearning.com\/de\/ist-legasthenie-heilbar\/\" \/>\n<meta property=\"og:site_name\" content=\"Alphalearning International\" \/>\n<meta property=\"article:modified_time\" content=\"2025-11-07T15:11:13+00:00\" \/>\n<meta property=\"og:image\" content=\"https:\/\/alphalearning.com\/wp-content\/uploads\/2024\/04\/alphalearning-logo_red_1200x675px.png\" \/>\n\t<meta property=\"og:image:width\" content=\"1200\" \/>\n\t<meta property=\"og:image:height\" content=\"675\" \/>\n\t<meta property=\"og:image:type\" content=\"image\/png\" \/>\n<meta name=\"twitter:card\" content=\"summary_large_image\" \/>\n<meta name=\"twitter:label1\" content=\"Est. reading time\" \/>\n\t<meta name=\"twitter:data1\" content=\"2 minutes\" \/>\n<!-- \/ Yoast SEO plugin. -->","yoast_head_json":{"title":"Legasthenie kann geheilt werden: Beweis in 10\u201330 Stunden","description":"Erfahren Sie, wie Alphalearning auf der Int. EEG & Neurofeedback-Konferenz bewies, dass Legasthenie in 10\u201330 Stunden ohne Medikamente geheilt werden kann.","robots":{"index":"index","follow":"follow","max-snippet":"max-snippet:-1","max-image-preview":"max-image-preview:large","max-video-preview":"max-video-preview:-1"},"canonical":"https:\/\/alphalearning.com\/de\/ist-legasthenie-heilbar\/","og_locale":"de_DE","og_type":"article","og_title":"Legasthenie kann geheilt werden: Beweis in 10\u201330 Stunden","og_description":"Erfahren Sie, wie Alphalearning auf der Int. EEG & Neurofeedback-Konferenz bewies, dass Legasthenie in 10\u201330 Stunden ohne Medikamente geheilt werden kann.","og_url":"https:\/\/alphalearning.com\/de\/ist-legasthenie-heilbar\/","og_site_name":"Alphalearning International","article_modified_time":"2025-11-07T15:11:13+00:00","og_image":[{"width":1200,"height":675,"url":"https:\/\/alphalearning.com\/wp-content\/uploads\/2024\/04\/alphalearning-logo_red_1200x675px.png","type":"image\/png"}],"twitter_card":"summary_large_image","twitter_misc":{"Est. reading time":"2 minutes"},"schema":{"@context":"https:\/\/schema.org","@graph":[{"@type":"WebPage","@id":"https:\/\/alphalearning.com\/de\/ist-legasthenie-heilbar\/","url":"https:\/\/alphalearning.com\/de\/ist-legasthenie-heilbar\/","name":"Legasthenie kann geheilt werden: Beweis in 10\u201330 Stunden","isPartOf":{"@id":"https:\/\/alphalearning.com\/de\/#website"},"datePublished":"2024-03-27T16:22:52+00:00","dateModified":"2025-11-07T15:11:13+00:00","description":"Erfahren Sie, wie Alphalearning auf der Int. EEG & Neurofeedback-Konferenz bewies, dass Legasthenie in 10\u201330 Stunden ohne Medikamente geheilt werden kann.","breadcrumb":{"@id":"https:\/\/alphalearning.com\/de\/ist-legasthenie-heilbar\/#breadcrumb"},"inLanguage":"de","potentialAction":[{"@type":"ReadAction","target":["https:\/\/alphalearning.com\/de\/ist-legasthenie-heilbar\/"]}]},{"@type":"BreadcrumbList","@id":"https:\/\/alphalearning.com\/de\/ist-legasthenie-heilbar\/#breadcrumb","itemListElement":[{"@type":"ListItem","position":1,"name":"Home","item":"https:\/\/alphalearning.com\/de\/"},{"@type":"ListItem","position":2,"name":"\u00dcber Legasthenie"}]},{"@type":"WebSite","@id":"https:\/\/alphalearning.com\/de\/#website","url":"https:\/\/alphalearning.com\/de\/","name":"Alphalearning International","description":"the brain training institute","publisher":{"@id":"https:\/\/alphalearning.com\/de\/#organization"},"potentialAction":[{"@type":"SearchAction","target":{"@type":"EntryPoint","urlTemplate":"https:\/\/alphalearning.com\/de\/?s={search_term_string}"},"query-input":{"@type":"PropertyValueSpecification","valueRequired":true,"valueName":"search_term_string"}}],"inLanguage":"de"},{"@type":"Organization","@id":"https:\/\/alphalearning.com\/de\/#organization","name":"Alphalearning International","url":"https:\/\/alphalearning.com\/de\/","logo":{"@type":"ImageObject","inLanguage":"de","@id":"https:\/\/alphalearning.com\/de\/#\/schema\/logo\/image\/","url":"https:\/\/alphalearning.com\/wp-content\/uploads\/2024\/03\/alphalearning_ico2_512px.png","contentUrl":"https:\/\/alphalearning.com\/wp-content\/uploads\/2024\/03\/alphalearning_ico2_512px.png","width":512,"height":512,"caption":"Alphalearning International"},"image":{"@id":"https:\/\/alphalearning.com\/de\/#\/schema\/logo\/image\/"}}]}},"uagb_featured_image_src":{"full":false,"thumbnail":false,"medium":false,"medium_large":false,"large":false,"1536x1536":false,"2048x2048":false,"gform-image-choice-sm":false,"gform-image-choice-md":false,"gform-image-choice-lg":false},"uagb_author_info":{"display_name":"Julio Machado","author_link":"https:\/\/alphalearning.com\/de\/author\/julio-machado\/"},"uagb_comment_info":0,"uagb_excerpt":"Ist Legasthenie heilbar? Dieser Auszug stammt aus dem Artikel \u201eAlphalearning Revolution\u201c von Jules Marshall, der auf drei Jahren Kundeninterviews bei [&hellip;]","_links":{"self":[{"href":"https:\/\/alphalearning.com\/de\/wp-json\/wp\/v2\/pages\/12678","targetHints":{"allow":["GET"]}}],"collection":[{"href":"https:\/\/alphalearning.com\/de\/wp-json\/wp\/v2\/pages"}],"about":[{"href":"https:\/\/alphalearning.com\/de\/wp-json\/wp\/v2\/types\/page"}],"author":[{"embeddable":true,"href":"https:\/\/alphalearning.com\/de\/wp-json\/wp\/v2\/users\/2"}],"replies":[{"embeddable":true,"href":"https:\/\/alphalearning.com\/de\/wp-json\/wp\/v2\/comments?post=12678"}],"version-history":[{"count":5,"href":"https:\/\/alphalearning.com\/de\/wp-json\/wp\/v2\/pages\/12678\/revisions"}],"predecessor-version":[{"id":17035,"href":"https:\/\/alphalearning.com\/de\/wp-json\/wp\/v2\/pages\/12678\/revisions\/17035"}],"wp:attachment":[{"href":"https:\/\/alphalearning.com\/de\/wp-json\/wp\/v2\/media?parent=12678"}],"curies":[{"name":"wp","href":"https:\/\/api.w.org\/{rel}","templated":true}]}}