{"id":12672,"date":"2024-03-27T16:19:14","date_gmt":"2024-03-27T16:19:14","guid":{"rendered":"https:\/\/alphalearning.com\/about\/"},"modified":"2025-11-12T14:20:55","modified_gmt":"2025-11-12T14:20:55","slug":"info","status":"publish","type":"page","link":"https:\/\/alphalearning.com\/de\/info\/","title":{"rendered":"Info"},"content":{"rendered":"\n<div class=\"wp-block-uagb-container uagb-block-aaf393b5 alignfull uagb-is-root-container\"><div class=\"uagb-container-inner-blocks-wrap\">\n<div class=\"wp-block-uagb-container uagb-block-eb10d365\"><\/div>\n\n\n\n<div class=\"wp-block-uagb-container uagb-block-504b4bc0\">\n<div class=\"wp-block-uagb-advanced-heading uagb-block-30b4c75d\"><h1 class=\"uagb-heading-text\">Alphalearning International Geschichte<\/h1><\/div>\n<\/div>\n<\/div><\/div>\n\n\n\n<div class=\"wp-block-uagb-container uagb-block-13fbed97 alignfull uagb-is-root-container\"><div class=\"uagb-container-inner-blocks-wrap\">\n<div class=\"wp-block-uagb-container uagb-block-3182611c\">\n<div class=\"wp-block-uagb-advanced-heading uagb-block-c6fa4740\"><h3 class=\"uagb-heading-text\">Alphalearning in der Weltpresse<\/h3><\/div>\n\n\n\n<ul class=\"wp-block-list\">\n<li><a href=\"https:\/\/alphalearning.com\/world-press\/alphalearning-revolution\/\">Alphalearning Revolution<\/a>, von Jules Marshall. Verfasst nach dreij\u00e4hrigen Interviews mit F\u00fchrungskr\u00e4ften, Wissenschaftlern und Familien, die am Kurs teilgenommen haben.<\/li>\n\n\n\n<li><a href=\"https:\/\/alphalearning.com\/world-press\/alphalearning-revolution-ii\/\">Alphalearning Revolution II<\/a>, von Jules Marshall. Zweite Ausgabe nach zehn Jahren Forschung und Interviews.<\/li>\n\n\n\n<li><a href=\"https:\/\/alphalearning.com\/world-press\/synapsia\/\">Synapsia<\/a> \u2013 \u201e\u2026 Neurochirurgie mit Licht- und Schallwellen ist jetzt Realit\u00e4t.\u201c<\/li>\n\n\n\n<li><a href=\"https:\/\/alphalearning.com\/world-press\/forbes\/\">Forbes<\/a> \u2013 \u201eWer Gelesenes nicht behalten kann, liest umsonst. Beim Schnelllesen ist daher Ged\u00e4chtnisleistung entscheidend.\u201c<\/li>\n\n\n\n<li><a href=\"https:\/\/alphalearning.com\/world-press\/ego-2000\/\">Ego 2000<\/a> \u2013 \u201eDurch diese Technologie werden Konzentration, IQ und sportliche Leistungen gesteigert.\u201c<\/li>\n\n\n\n<li><a href=\"https:\/\/alphalearning.com\/world-press\/how-to-pass-exams\/\">How to pass exams<\/a>, von Dominic O\u2019Brien \u2013 \u201eIch glaube, ihre Arbeit ist ein bedeutender Durchbruch in der Entwicklung menschlicher Intelligenz.\u201c<\/li>\n\n\n\n<li><a href=\"https:\/\/alphalearning.com\/world-press\/\">Zitate aus der Weltpresse \u2013 vollst\u00e4ndige Liste<\/a><\/li>\n<\/ul>\n\n\n\n<div class=\"wp-block-uagb-advanced-heading uagb-block-3c9cef1e\"><h3 class=\"uagb-heading-text\">Kommentare von Teilnehmenden des Kurses <br>Das Lernen Lernen<\/h3><\/div>\n\n\n\n<ul class=\"wp-block-list\">\n<li><a href=\"https:\/\/alphalearning.com\/comments-from-alphalearning-clients\/\">Kundenliste<\/a><\/li>\n\n\n\n<li><a href=\"https:\/\/alphalearning.com\/comments-from-alphalearning-clients\/quotes-from-corporate-executives\/\">Unternehmen<\/a><\/li>\n\n\n\n<li><a href=\"https:\/\/alphalearning.com\/comments-from-alphalearning-clients\/quotes-from-families\/\">Familien<\/a><\/li>\n\n\n\n<li><a href=\"https:\/\/alphalearning.com\/comments-from-alphalearning-clients\/quotes-from-athletes\/\">Sport und Athletik<\/a><\/li>\n<\/ul>\n<\/div>\n\n\n\n<div class=\"wp-block-uagb-container uagb-block-cd0bd388\">\n<div class=\"wp-block-uagb-advanced-heading uagb-block-4a95acd0\"><h2 class=\"uagb-heading-text\">Vom Alphalearning-Institut zu Alphalearning International<\/h2><\/div>\n\n\n\n<p>Alphalearning International ist das Ergebnis jahrzehntelanger Forschung und Praxis im Bereich des Gehirntrainings. Aus dieser Forschung entstand das Konzept der Kontrolle von Gehirnfrequenzen f\u00fcr eine Vielzahl von Anwendungen, darunter die Verbesserung des Lernens und die Behandlung von St\u00f6rungen wie ADHS und Legasthenie. Wir haben die urspr\u00fcngliche Technologie weiterentwickelt, indem wir neue Elektroenzephalographen- und Neurofeedback-Software sowie entsprechende Ausr\u00fcstung eingef\u00fchrt und die Herstellung des Optischen Akustischen Neuronen Synergizers optimiert haben. Dadurch entstand das Brainwave-III-System.<\/p>\n\n\n\n<p>Der Kurs Das Lernen Lernen wurde urspr\u00fcnglich f\u00fcr eine bestimmte kulturelle Gruppe (europ\u00e4ische Unternehmer der 90er Jahre) entwickelt. Daher war er in seiner Ausrichtung sehr selektiv und hatte ein sehr begrenztes Zielpublikum. Da wir uns der erheblichen Ver\u00e4nderungen der Welt und der technologischen Entwicklungen in den letzten zwei Jahrzehnten bewusst sind, musste sich der Kurs weiterentwickeln. Eine neue internationale und interkulturelle Vision erm\u00f6glichte diese Entwicklung und f\u00fchrte schlie\u00dflich zur Gr\u00fcndung von Alphalearning International.<\/p>\n\n\n\n<p>Diese Modernisierung ist noch im Gange und wird kontinuierlich fortgesetzt, da wir die neuesten Technologien und die F\u00fclle neuer Situationen, die unsere Kunden in jeden Kurs einbringen, stets im Blick behalten. Sowohl in technologischer Hinsicht als auch in den Methoden der pers\u00f6nlichen Kommunikation werden wir weiterhin mit f\u00fchrenden Unternehmen und Forschern zusammenarbeiten, um den Erfolg jedes Kurses sicherzustellen.<\/p>\n\n\n\n<div class=\"wp-block-uagb-advanced-heading uagb-block-a574bd91\"><h2 class=\"uagb-heading-text\">Alphalearning-Instruktoren<\/h2><\/div>\n\n\n\n<p>Die Instruktoren von Alphalearning International haben 2010 ihren Abschluss am Alphalearning-Institut in Schottland gemacht und in den darauffolgenden Jahren eine intensive Ausbildung durchlaufen. Sie begannen, Daten zur Anwendung der Kontrolle von Gehirnfrequenzen in unterschiedlichen Bereichen zu sammeln, f\u00fchrten eigene Studien und Forschungsarbeiten durch und entwickelten ein spezielles System f\u00fcr musikalische Darbietungen. Parallel dazu gaben sie zahlreiche Trainingskurse, Evaluierungssitzungen und individuelle Beratungen.<\/p>\n\n\n\n<p>Als Mitglieder hoch angesehener Hochbegabtenvereinigungen wie Mensa, Triple Nine, Prometheus und Olympiq Societies sind die Instruktoren von Alphalearning International in der Lage, \u00e4u\u00dferste Objektivit\u00e4t mit der n\u00f6tigen Intuition zu verbinden, um Kunden bei der Entwicklung der wesentlichen F\u00e4higkeiten f\u00fcr das Erreichen ihrer Ziele zu unterst\u00fctzen. So vielf\u00e4ltige Kompetenzen wie hohe akademische und k\u00fcnstlerische Leistungsf\u00e4higkeit, Meditationsmethoden, das Beherrschen ver\u00e4nderter Bewusstseinszust\u00e4nde, Strategien und automatisierte Systeme f\u00fcr Investitionen an internationalen Finanzm\u00e4rkten sowie zwischenmenschliche Beziehungen (innerhalb und au\u00dferhalb des Gesch\u00e4ftsbereichs) sind nur einige Beispiele f\u00fcr das Know-how, das die Instruktoren von Alphalearning International beherrschen und unseren Kunden anbieten k\u00f6nnen.<\/p>\n\n\n\n<p>In Kombination mit einer umfassenden Ausbildung und Erfahrung im Bereich Gehirn-\/Neurofeedbacktraining und den verschiedenen von den Instruktoren entwickelten F\u00e4higkeiten \u2013 beides essenziell f\u00fcr die Herangehensweise von Alphalearning International \u2013 treffen Sie auf Menschen mit einem weitreichenden und facettenreichen kulturellen Hintergrund. Diese Erfahrung wurde durch direkten Kontakt mit L\u00e4ndern und Kulturen des Ostens wie China, Japan, Indien, Nepal, Thailand und Kambodscha, der muslimischen Welt wie \u00c4gypten, Jordanien, der T\u00fcrkei und Malaysia sowie weiten Teilen Europas, der Vereinigten Staaten und S\u00fcdamerikas erworben.<\/p>\n\n\n\n<p>Alphalearning International bietet Ihnen die Sicherheit, in den H\u00e4nden vollst\u00e4ndig qualifizierter, engagierter Instruktoren zu sein, die das richtige Gesp\u00fcr mitbringen und sich flexibel anpassen k\u00f6nnen, um Ihnen einen professionellen und individuell zugeschnittenen Kurs zu erm\u00f6glichen.<\/p>\n<\/div>\n<\/div><\/div>\n","protected":false},"excerpt":{"rendered":"<p>Alphalearning International Geschichte Alphalearning in der Weltpresse Kommentare von Teilnehmenden des Kurses Das Lernen Lernen Vom Alphalearning-Institut zu Alphalearning International [&hellip;]<\/p>\n","protected":false},"author":2,"featured_media":0,"parent":0,"menu_order":700,"comment_status":"closed","ping_status":"closed","template":"","meta":{"_uag_custom_page_level_css":"","site-sidebar-layout":"default","site-content-layout":"","ast-site-content-layout":"default","site-content-style":"default","site-sidebar-style":"default","ast-global-header-display":"","ast-banner-title-visibility":"","ast-main-header-display":"","ast-hfb-above-header-display":"","ast-hfb-below-header-display":"","ast-hfb-mobile-header-display":"","site-post-title":"disabled","ast-breadcrumbs-content":"","ast-featured-img":"","footer-sml-layout":"","ast-disable-related-posts":"","theme-transparent-header-meta":"","adv-header-id-meta":"","stick-header-meta":"","header-above-stick-meta":"","header-main-stick-meta":"","header-below-stick-meta":"","astra-migrate-meta-layouts":"default","ast-page-background-enabled":"default","ast-page-background-meta":{"desktop":{"background-color":"var(--ast-global-color-4)","background-image":"","background-repeat":"repeat","background-position":"center center","background-size":"auto","background-attachment":"scroll","background-type":"","background-media":"","overlay-type":"","overlay-color":"","overlay-opacity":"","overlay-gradient":""},"tablet":{"background-color":"","background-image":"","background-repeat":"repeat","background-position":"center center","background-size":"auto","background-attachment":"scroll","background-type":"","background-media":"","overlay-type":"","overlay-color":"","overlay-opacity":"","overlay-gradient":""},"mobile":{"background-color":"","background-image":"","background-repeat":"repeat","background-position":"center center","background-size":"auto","background-attachment":"scroll","background-type":"","background-media":"","overlay-type":"","overlay-color":"","overlay-opacity":"","overlay-gradient":""}},"ast-content-background-meta":{"desktop":{"background-color":"var(--ast-global-color-5)","background-image":"","background-repeat":"repeat","background-position":"center center","background-size":"auto","background-attachment":"scroll","background-type":"","background-media":"","overlay-type":"","overlay-color":"","overlay-opacity":"","overlay-gradient":""},"tablet":{"background-color":"var(--ast-global-color-5)","background-image":"","background-repeat":"repeat","background-position":"center center","background-size":"auto","background-attachment":"scroll","background-type":"","background-media":"","overlay-type":"","overlay-color":"","overlay-opacity":"","overlay-gradient":""},"mobile":{"background-color":"var(--ast-global-color-5)","background-image":"","background-repeat":"repeat","background-position":"center center","background-size":"auto","background-attachment":"scroll","background-type":"","background-media":"","overlay-type":"","overlay-color":"","overlay-opacity":"","overlay-gradient":""}},"footnotes":""},"class_list":["post-12672","page","type-page","status-publish","hentry"],"yoast_head":"<!-- This site is optimized with the Yoast SEO plugin v27.1.1 - https:\/\/yoast.com\/product\/yoast-seo-wordpress\/ -->\n<title>Alphalearning International: 35+ Jahre Gehirntraining<\/title>\n<meta name=\"description\" content=\"Entdecken Sie jahrzehntelange Expertise in Gehirnfrequenzkontrolle und Neurofeedback bei Alphalearning International. Erreichen Sie H\u00f6chstleistungen.\" \/>\n<meta name=\"robots\" content=\"index, follow, max-snippet:-1, max-image-preview:large, max-video-preview:-1\" \/>\n<link rel=\"canonical\" href=\"https:\/\/alphalearning.com\/de\/info\/\" \/>\n<meta property=\"og:locale\" content=\"de_DE\" \/>\n<meta property=\"og:type\" content=\"article\" \/>\n<meta property=\"og:title\" content=\"Alphalearning International: 35+ Jahre Gehirntraining\" \/>\n<meta property=\"og:description\" content=\"Entdecken Sie jahrzehntelange Expertise in Gehirnfrequenzkontrolle und Neurofeedback bei Alphalearning International. Erreichen Sie H\u00f6chstleistungen.\" \/>\n<meta property=\"og:url\" content=\"https:\/\/alphalearning.com\/de\/info\/\" \/>\n<meta property=\"og:site_name\" content=\"Alphalearning International\" \/>\n<meta property=\"article:modified_time\" content=\"2025-11-12T14:20:55+00:00\" \/>\n<meta property=\"og:image\" content=\"https:\/\/alphalearning.com\/wp-content\/uploads\/2024\/04\/alphalearning-logo_red_1200x675px.png\" \/>\n\t<meta property=\"og:image:width\" content=\"1200\" \/>\n\t<meta property=\"og:image:height\" content=\"675\" \/>\n\t<meta property=\"og:image:type\" content=\"image\/png\" \/>\n<meta name=\"twitter:card\" content=\"summary_large_image\" \/>\n<meta name=\"twitter:label1\" content=\"Est. reading time\" \/>\n\t<meta name=\"twitter:data1\" content=\"3 minutes\" \/>\n<!-- \/ Yoast SEO plugin. -->","yoast_head_json":{"title":"Alphalearning International: 35+ Jahre Gehirntraining","description":"Entdecken Sie jahrzehntelange Expertise in Gehirnfrequenzkontrolle und Neurofeedback bei Alphalearning International. Erreichen Sie H\u00f6chstleistungen.","robots":{"index":"index","follow":"follow","max-snippet":"max-snippet:-1","max-image-preview":"max-image-preview:large","max-video-preview":"max-video-preview:-1"},"canonical":"https:\/\/alphalearning.com\/de\/info\/","og_locale":"de_DE","og_type":"article","og_title":"Alphalearning International: 35+ Jahre Gehirntraining","og_description":"Entdecken Sie jahrzehntelange Expertise in Gehirnfrequenzkontrolle und Neurofeedback bei Alphalearning International. Erreichen Sie H\u00f6chstleistungen.","og_url":"https:\/\/alphalearning.com\/de\/info\/","og_site_name":"Alphalearning International","article_modified_time":"2025-11-12T14:20:55+00:00","og_image":[{"width":1200,"height":675,"url":"https:\/\/alphalearning.com\/wp-content\/uploads\/2024\/04\/alphalearning-logo_red_1200x675px.png","type":"image\/png"}],"twitter_card":"summary_large_image","twitter_misc":{"Est. reading time":"3 minutes"},"schema":{"@context":"https:\/\/schema.org","@graph":[{"@type":"WebPage","@id":"https:\/\/alphalearning.com\/de\/info\/","url":"https:\/\/alphalearning.com\/de\/info\/","name":"Alphalearning International: 35+ Jahre Gehirntraining","isPartOf":{"@id":"https:\/\/alphalearning.com\/de\/#website"},"datePublished":"2024-03-27T16:19:14+00:00","dateModified":"2025-11-12T14:20:55+00:00","description":"Entdecken Sie jahrzehntelange Expertise in Gehirnfrequenzkontrolle und Neurofeedback bei Alphalearning International. Erreichen Sie H\u00f6chstleistungen.","breadcrumb":{"@id":"https:\/\/alphalearning.com\/de\/info\/#breadcrumb"},"inLanguage":"de","potentialAction":[{"@type":"ReadAction","target":["https:\/\/alphalearning.com\/de\/info\/"]}]},{"@type":"BreadcrumbList","@id":"https:\/\/alphalearning.com\/de\/info\/#breadcrumb","itemListElement":[{"@type":"ListItem","position":1,"name":"Home","item":"https:\/\/alphalearning.com\/de\/"},{"@type":"ListItem","position":2,"name":"Info"}]},{"@type":"WebSite","@id":"https:\/\/alphalearning.com\/de\/#website","url":"https:\/\/alphalearning.com\/de\/","name":"Alphalearning International","description":"the brain training institute","publisher":{"@id":"https:\/\/alphalearning.com\/de\/#organization"},"potentialAction":[{"@type":"SearchAction","target":{"@type":"EntryPoint","urlTemplate":"https:\/\/alphalearning.com\/de\/?s={search_term_string}"},"query-input":{"@type":"PropertyValueSpecification","valueRequired":true,"valueName":"search_term_string"}}],"inLanguage":"de"},{"@type":"Organization","@id":"https:\/\/alphalearning.com\/de\/#organization","name":"Alphalearning International","url":"https:\/\/alphalearning.com\/de\/","logo":{"@type":"ImageObject","inLanguage":"de","@id":"https:\/\/alphalearning.com\/de\/#\/schema\/logo\/image\/","url":"https:\/\/alphalearning.com\/wp-content\/uploads\/2024\/03\/alphalearning_ico2_512px.png","contentUrl":"https:\/\/alphalearning.com\/wp-content\/uploads\/2024\/03\/alphalearning_ico2_512px.png","width":512,"height":512,"caption":"Alphalearning International"},"image":{"@id":"https:\/\/alphalearning.com\/de\/#\/schema\/logo\/image\/"}}]}},"uagb_featured_image_src":{"full":false,"thumbnail":false,"medium":false,"medium_large":false,"large":false,"1536x1536":false,"2048x2048":false,"gform-image-choice-sm":false,"gform-image-choice-md":false,"gform-image-choice-lg":false},"uagb_author_info":{"display_name":"Julio Machado","author_link":"https:\/\/alphalearning.com\/de\/author\/julio-machado\/"},"uagb_comment_info":0,"uagb_excerpt":"Alphalearning International Geschichte Alphalearning in der Weltpresse Kommentare von Teilnehmenden des Kurses Das Lernen Lernen Vom Alphalearning-Institut zu Alphalearning International [&hellip;]","_links":{"self":[{"href":"https:\/\/alphalearning.com\/de\/wp-json\/wp\/v2\/pages\/12672","targetHints":{"allow":["GET"]}}],"collection":[{"href":"https:\/\/alphalearning.com\/de\/wp-json\/wp\/v2\/pages"}],"about":[{"href":"https:\/\/alphalearning.com\/de\/wp-json\/wp\/v2\/types\/page"}],"author":[{"embeddable":true,"href":"https:\/\/alphalearning.com\/de\/wp-json\/wp\/v2\/users\/2"}],"replies":[{"embeddable":true,"href":"https:\/\/alphalearning.com\/de\/wp-json\/wp\/v2\/comments?post=12672"}],"version-history":[{"count":8,"href":"https:\/\/alphalearning.com\/de\/wp-json\/wp\/v2\/pages\/12672\/revisions"}],"predecessor-version":[{"id":17218,"href":"https:\/\/alphalearning.com\/de\/wp-json\/wp\/v2\/pages\/12672\/revisions\/17218"}],"wp:attachment":[{"href":"https:\/\/alphalearning.com\/de\/wp-json\/wp\/v2\/media?parent=12672"}],"curies":[{"name":"wp","href":"https:\/\/api.w.org\/{rel}","templated":true}]}}